{"id":38582,"date":"2026-03-10T10:30:00","date_gmt":"2026-03-10T09:30:00","guid":{"rendered":"https:\/\/www.etrix.ch\/?post_type=product&#038;p=38582"},"modified":"2026-03-10T15:09:18","modified_gmt":"2026-03-10T14:09:18","slug":"parabrezza-silence-s02-kopie","status":"publish","type":"product","link":"https:\/\/www.etrix.ch\/it\/prodotto\/parabrezza-silence-s02-kopie\/","title":{"rendered":"Parabrezza - Zero LS1"},"content":{"rendered":"<p data-start=\"83\" data-end=\"132\"><strong data-start=\"83\" data-end=\"132\">Parabrezza LS1 - Pi\u00f9 comfort in ogni viaggio<\/strong><\/p>\n<p data-start=\"134\" data-end=\"332\">Con il parabrezza LS1, potr\u00e0 godere di una guida pi\u00f9 silenziosa e confortevole. Realizzato in PMMA (plexiglas) di alta qualit\u00e0, con uno spessore di 4 mm, combina un&#8217;elevata stabilit\u00e0 con una visione chiara e non distorta. <\/p>\n<p data-start=\"334\" data-end=\"583\">Con un&#8217;altezza di circa <strong data-start=\"358\" data-end=\"367\">33 cm<\/strong> e una larghezza di <strong data-start=\"389\" data-end=\"398\">31 cm<\/strong>, il parabrezza protegge efficacemente dal vento e dalla sporcizia della strada e aiuta a ridurre l&#8217;affaticamento nei viaggi pi\u00f9 lunghi - senza compromettere il design moderno dello scooter.<\/p>\n<p data-start=\"585\" data-end=\"736\">I robusti bracci di montaggio neri sono fissati direttamente ai morsetti dello specchietto retrovisore dello scooter e garantiscono un&#8217;integrazione sicura e pulita.<\/p>\n<p data-start=\"738\" data-end=\"883\">Che si tratti del tragitto quotidiano verso il lavoro o di una corsa rilassata, il parabrezza LS1 offre <strong data-start=\"839\" data-end=\"882\">maggiore comfort e protezione in ogni corsa<\/strong>.<\/p>\n<p data-start=\"885\" data-end=\"903\"><strong data-start=\"885\" data-end=\"903\">Dettagli del prodotto<\/strong><\/p>\n<ul data-start=\"905\" data-end=\"1123\">\n<li data-section-id=\"webvtw\" data-start=\"905\" data-end=\"931\">\n<p data-start=\"907\" data-end=\"931\">Adatto per: Zero LS1<\/p>\n<\/li>\n<li data-section-id=\"15nnogc\" data-start=\"932\" data-end=\"967\">\n<p data-start=\"934\" data-end=\"967\">Materiale: 4 mm PMMA (plexiglas)<\/p>\n<\/li>\n<li data-section-id=\"n3pq67\" data-start=\"968\" data-end=\"988\">\n<p data-start=\"970\" data-end=\"988\">Altezza: circa 33 cm<\/p>\n<\/li>\n<li data-section-id=\"1swhna7\" data-start=\"989\" data-end=\"1010\">\n<p data-start=\"991\" data-end=\"1010\">Larghezza: circa 31 cm<\/p>\n<\/li>\n<li data-section-id=\"16lae5t\" data-start=\"1011\" data-end=\"1032\">\n<p data-start=\"1013\" data-end=\"1032\">Finitura: trasparente<\/p>\n<\/li>\n<li data-section-id=\"1lr8ogq\" data-start=\"1033\" data-end=\"1084\">\n<p data-start=\"1035\" data-end=\"1084\">Montaggio: fissaggio ai morsetti degli specchietti retrovisori<\/p>\n<\/li>\n<li data-section-id=\"1w0dhv4\" data-start=\"1085\" data-end=\"1123\">\n<p data-start=\"1087\" data-end=\"1123\">Robusti bracci di supporto neri inclusi<\/p>\n<\/li>\n<\/ul>\n&#13;\n<p>\u00a0<\/p>&#13;\n","protected":false},"excerpt":{"rendered":"<p>Parabrezza - Zero LS1<\/p>\n","protected":false},"featured_media":38645,"template":"","meta":{"_acf_changed":false},"product_brand":[],"product_cat":[2168,1644,1667],"product_tag":[],"class_list":{"0":"post-38582","1":"product","2":"type-product","3":"status-publish","4":"has-post-thumbnail","6":"product_cat-accessori-per-moto-elettriche","7":"product_cat-accessoristica","8":"product_cat-monopattini-elettrici","9":"pa_marke-zero-it","10":"sales-flash-overlay","11":"woocommerce-text-align-left","12":"woocommerce-image-align-center","13":"do-quantity-buttons","15":"first","16":"instock","17":"taxable","18":"shipping-taxable","19":"purchasable","20":"product-type-simple"},"acf":[],"yoast_head":"<!-- This site is optimized with the Yoast SEO Premium plugin v26.9 (Yoast SEO v27.6) - https:\/\/yoast.com\/product\/yoast-seo-premium-wordpress\/ -->\n<title>Parabrezza - Zero LS1 - ETRIX Elektroroller<\/title>\n<meta name=\"description\" content=\"Parabrezza LS1 in PMMA da 4 mm per un maggiore comfort di guida. Protegge dal vento e dallo sporco della strada e si monta in modo sicuro sui morsetti dello specchietto retrovisore.\" \/>\n<meta name=\"robots\" content=\"index, follow, max-snippet:-1, max-image-preview:large, max-video-preview:-1\" \/>\n<link rel=\"canonical\" href=\"https:\/\/www.etrix.ch\/it\/prodotto\/parabrezza-silence-s02-kopie\/\" \/>\n<meta property=\"og:locale\" content=\"it_IT\" \/>\n<meta property=\"og:type\" content=\"article\" \/>\n<meta property=\"og:title\" content=\"Parabrezza - Zero LS1\" \/>\n<meta property=\"og:description\" content=\"Parabrezza LS1 in PMMA da 4 mm per un maggiore comfort di guida. Protegge dal vento e dallo sporco della strada e si monta in modo sicuro sui morsetti dello specchietto retrovisore.\" \/>\n<meta property=\"og:url\" content=\"https:\/\/www.etrix.ch\/it\/prodotto\/parabrezza-silence-s02-kopie\/\" \/>\n<meta property=\"og:site_name\" content=\"ETRIX Elektroroller\" \/>\n<meta property=\"article:publisher\" content=\"https:\/\/m.facebook.com\/etrix.emotos\/\" \/>\n<meta property=\"article:modified_time\" content=\"2026-03-10T14:09:18+00:00\" \/>\n<meta property=\"og:image\" content=\"https:\/\/www.etrix.ch\/media\/2026\/03\/LS1-Windscreen.jpeg\" \/>\n\t<meta property=\"og:image:width\" content=\"1024\" \/>\n\t<meta property=\"og:image:height\" content=\"1024\" \/>\n\t<meta property=\"og:image:type\" content=\"image\/jpeg\" \/>\n<meta name=\"twitter:card\" content=\"summary_large_image\" \/>\n<meta name=\"twitter:site\" content=\"@etrixag\" \/>\n<meta name=\"twitter:label1\" content=\"Prezzo\" \/>\n\t<meta name=\"twitter:data1\" content=\"&#067;&#072;&#070;&nbsp;99.00 inkl. MwSt.\" \/>\n\t<meta name=\"twitter:label2\" content=\"Disponibilit\u00e0\" \/>\n\t<meta name=\"twitter:data2\" content=\"In stock\" \/>\n<script type=\"application\/ld+json\" class=\"yoast-schema-graph\">{\"@context\":\"https:\\\/\\\/schema.org\",\"@graph\":[{\"@type\":\"WebPage\",\"@id\":\"https:\\\/\\\/www.etrix.ch\\\/it\\\/prodotto\\\/parabrezza-silence-s02-kopie\\\/\",\"url\":\"https:\\\/\\\/www.etrix.ch\\\/it\\\/prodotto\\\/parabrezza-silence-s02-kopie\\\/\",\"name\":\"Parabrezza - Zero LS1 - ETRIX Elektroroller\",\"isPartOf\":{\"@id\":\"https:\\\/\\\/www.etrix.ch\\\/it\\\/#website\"},\"primaryImageOfPage\":{\"@id\":\"https:\\\/\\\/www.etrix.ch\\\/it\\\/prodotto\\\/parabrezza-silence-s02-kopie\\\/#primaryimage\"},\"image\":{\"@id\":\"https:\\\/\\\/www.etrix.ch\\\/it\\\/prodotto\\\/parabrezza-silence-s02-kopie\\\/#primaryimage\"},\"thumbnailUrl\":\"https:\\\/\\\/www.etrix.ch\\\/media\\\/2026\\\/03\\\/LS1-Windscreen.jpeg\",\"datePublished\":\"2026-03-10T09:30:00+00:00\",\"dateModified\":\"2026-03-10T14:09:18+00:00\",\"description\":\"Parabrezza LS1 in PMMA da 4 mm per un maggiore comfort di guida. Protegge dal vento e dallo sporco della strada e si monta in modo sicuro sui morsetti dello specchietto retrovisore.\",\"breadcrumb\":{\"@id\":\"https:\\\/\\\/www.etrix.ch\\\/it\\\/prodotto\\\/parabrezza-silence-s02-kopie\\\/#breadcrumb\"},\"inLanguage\":\"it-IT\",\"potentialAction\":[{\"@type\":\"ReadAction\",\"target\":[\"https:\\\/\\\/www.etrix.ch\\\/it\\\/prodotto\\\/parabrezza-silence-s02-kopie\\\/\"]}]},{\"@type\":\"ImageObject\",\"inLanguage\":\"it-IT\",\"@id\":\"https:\\\/\\\/www.etrix.ch\\\/it\\\/prodotto\\\/parabrezza-silence-s02-kopie\\\/#primaryimage\",\"url\":\"https:\\\/\\\/www.etrix.ch\\\/media\\\/2026\\\/03\\\/LS1-Windscreen.jpeg\",\"contentUrl\":\"https:\\\/\\\/www.etrix.ch\\\/media\\\/2026\\\/03\\\/LS1-Windscreen.jpeg\",\"width\":1024,\"height\":1024,\"caption\":\"Parabrezza Ls1\"},{\"@type\":\"BreadcrumbList\",\"@id\":\"https:\\\/\\\/www.etrix.ch\\\/it\\\/prodotto\\\/parabrezza-silence-s02-kopie\\\/#breadcrumb\",\"itemListElement\":[{\"@type\":\"ListItem\",\"position\":1,\"name\":\"Casa\",\"item\":\"https:\\\/\\\/www.etrix.ch\\\/it\\\/\"},{\"@type\":\"ListItem\",\"position\":2,\"name\":\"Negozio\",\"item\":\"https:\\\/\\\/www.etrix.ch\\\/it\\\/negozio\\\/\"},{\"@type\":\"ListItem\",\"position\":3,\"name\":\"Parabrezza - Zero LS1\"}]},{\"@type\":\"WebSite\",\"@id\":\"https:\\\/\\\/www.etrix.ch\\\/it\\\/#website\",\"url\":\"https:\\\/\\\/www.etrix.ch\\\/it\\\/\",\"name\":\"ETRIX Elektroroller\",\"description\":\"E-Motos\",\"publisher\":{\"@id\":\"https:\\\/\\\/www.etrix.ch\\\/it\\\/#organization\"},\"potentialAction\":[{\"@type\":\"SearchAction\",\"target\":{\"@type\":\"EntryPoint\",\"urlTemplate\":\"https:\\\/\\\/www.etrix.ch\\\/it\\\/?s={search_term_string}\"},\"query-input\":{\"@type\":\"PropertyValueSpecification\",\"valueRequired\":true,\"valueName\":\"search_term_string\"}}],\"inLanguage\":\"it-IT\"},{\"@type\":[\"Organization\",\"Place\",\"MotorcycleDealer\"],\"@id\":\"https:\\\/\\\/www.etrix.ch\\\/it\\\/#organization\",\"name\":\"ETRIX E-Motos\",\"url\":\"https:\\\/\\\/www.etrix.ch\\\/it\\\/\",\"logo\":{\"@id\":\"https:\\\/\\\/www.etrix.ch\\\/it\\\/prodotto\\\/parabrezza-silence-s02-kopie\\\/#local-main-organization-logo\"},\"image\":{\"@id\":\"https:\\\/\\\/www.etrix.ch\\\/it\\\/prodotto\\\/parabrezza-silence-s02-kopie\\\/#local-main-organization-logo\"},\"sameAs\":[\"https:\\\/\\\/m.facebook.com\\\/etrix.emotos\\\/\",\"https:\\\/\\\/x.com\\\/etrixag\",\"https:\\\/\\\/www.instagram.com\\\/etrix_emotos\\\/p\\\/BtVW6bXHtNv\\\/\",\"https:\\\/\\\/www.linkedin.com\\\/company\\\/etrix-ag\",\"https:\\\/\\\/www.youtube.com\\\/channel\\\/UCSd-hJdu5u8xPUEY60jexOw\"],\"address\":{\"@id\":\"https:\\\/\\\/www.etrix.ch\\\/it\\\/prodotto\\\/parabrezza-silence-s02-kopie\\\/#local-main-place-address\"},\"geo\":{\"@type\":\"GeoCoordinates\",\"latitude\":\"47.43839497999372\",\"longitude\":\"8.465227605227366\"},\"telephone\":[\"043 931 00 45\"],\"openingHoursSpecification\":[{\"@type\":\"OpeningHoursSpecification\",\"dayOfWeek\":[\"Monday\",\"Sunday\"],\"opens\":\"00:00\",\"closes\":\"00:00\"},{\"@type\":\"OpeningHoursSpecification\",\"dayOfWeek\":[\"Tuesday\",\"Wednesday\",\"Thursday\",\"Friday\"],\"opens\":\"10:00\",\"closes\":\"18:00\"},{\"@type\":\"OpeningHoursSpecification\",\"dayOfWeek\":[\"Saturday\"],\"opens\":\"10:00\",\"closes\":\"15:00\"}]},{\"@type\":\"PostalAddress\",\"@id\":\"https:\\\/\\\/www.etrix.ch\\\/it\\\/prodotto\\\/parabrezza-silence-s02-kopie\\\/#local-main-place-address\",\"streetAddress\":\"Riedthofstrasse 122\",\"addressLocality\":\"Regensdorf\",\"postalCode\":\"8105\",\"addressRegion\":\"Z\u00fcrich\",\"addressCountry\":\"CH\"},{\"@type\":\"ImageObject\",\"inLanguage\":\"it-IT\",\"@id\":\"https:\\\/\\\/www.etrix.ch\\\/it\\\/prodotto\\\/parabrezza-silence-s02-kopie\\\/#local-main-organization-logo\",\"url\":\"https:\\\/\\\/www.etrix.ch\\\/media\\\/2021\\\/05\\\/ETRIX-logo.png\",\"contentUrl\":\"https:\\\/\\\/www.etrix.ch\\\/media\\\/2021\\\/05\\\/ETRIX-logo.png\",\"width\":470,\"height\":85,\"caption\":\"ETRIX E-Motos\"}]}<\/script>\n<meta property=\"product:brand\" content=\"Zero\" \/>\n<meta property=\"product:price:amount\" content=\"99.00\" \/>\n<meta property=\"product:price:currency\" content=\"CHF\" \/>\n<meta property=\"og:availability\" content=\"instock\" \/>\n<meta property=\"product:availability\" content=\"instock\" \/>\n<meta property=\"product:retailer_item_id\" content=\"RW202160\" \/>\n<meta property=\"product:condition\" content=\"new\" \/>\n<meta name=\"geo.placename\" content=\"Regensdorf\" \/>\n<meta name=\"geo.position\" content=\"47.43839497999372;8.465227605227366\" \/>\n<meta name=\"geo.region\" content=\"Svizzera\" \/>\n<!-- \/ Yoast SEO Premium plugin. -->","yoast_head_json":{"title":"Parabrezza - Zero LS1 - ETRIX Elektroroller","description":"Parabrezza LS1 in PMMA da 4 mm per un maggiore comfort di guida. Protegge dal vento e dallo sporco della strada e si monta in modo sicuro sui morsetti dello specchietto retrovisore.","robots":{"index":"index","follow":"follow","max-snippet":"max-snippet:-1","max-image-preview":"max-image-preview:large","max-video-preview":"max-video-preview:-1"},"canonical":"https:\/\/www.etrix.ch\/it\/prodotto\/parabrezza-silence-s02-kopie\/","og_locale":"it_IT","og_type":"article","og_title":"Parabrezza - Zero LS1","og_description":"Parabrezza LS1 in PMMA da 4 mm per un maggiore comfort di guida. Protegge dal vento e dallo sporco della strada e si monta in modo sicuro sui morsetti dello specchietto retrovisore.","og_url":"https:\/\/www.etrix.ch\/it\/prodotto\/parabrezza-silence-s02-kopie\/","og_site_name":"ETRIX Elektroroller","article_publisher":"https:\/\/m.facebook.com\/etrix.emotos\/","article_modified_time":"2026-03-10T14:09:18+00:00","og_image":[{"width":1024,"height":1024,"url":"https:\/\/www.etrix.ch\/media\/2026\/03\/LS1-Windscreen.jpeg","type":"image\/jpeg"}],"twitter_card":"summary_large_image","twitter_site":"@etrixag","twitter_misc":{"Prezzo":"&#67;&#72;&#70;&nbsp;99.00 inkl. MwSt.","Disponibilit\u00e0":"In stock"},"schema":{"@context":"https:\/\/schema.org","@graph":[{"@type":"WebPage","@id":"https:\/\/www.etrix.ch\/it\/prodotto\/parabrezza-silence-s02-kopie\/","url":"https:\/\/www.etrix.ch\/it\/prodotto\/parabrezza-silence-s02-kopie\/","name":"Parabrezza - Zero LS1 - ETRIX Elektroroller","isPartOf":{"@id":"https:\/\/www.etrix.ch\/it\/#website"},"primaryImageOfPage":{"@id":"https:\/\/www.etrix.ch\/it\/prodotto\/parabrezza-silence-s02-kopie\/#primaryimage"},"image":{"@id":"https:\/\/www.etrix.ch\/it\/prodotto\/parabrezza-silence-s02-kopie\/#primaryimage"},"thumbnailUrl":"https:\/\/www.etrix.ch\/media\/2026\/03\/LS1-Windscreen.jpeg","datePublished":"2026-03-10T09:30:00+00:00","dateModified":"2026-03-10T14:09:18+00:00","description":"Parabrezza LS1 in PMMA da 4 mm per un maggiore comfort di guida. Protegge dal vento e dallo sporco della strada e si monta in modo sicuro sui morsetti dello specchietto retrovisore.","breadcrumb":{"@id":"https:\/\/www.etrix.ch\/it\/prodotto\/parabrezza-silence-s02-kopie\/#breadcrumb"},"inLanguage":"it-IT","potentialAction":[{"@type":"ReadAction","target":["https:\/\/www.etrix.ch\/it\/prodotto\/parabrezza-silence-s02-kopie\/"]}]},{"@type":"ImageObject","inLanguage":"it-IT","@id":"https:\/\/www.etrix.ch\/it\/prodotto\/parabrezza-silence-s02-kopie\/#primaryimage","url":"https:\/\/www.etrix.ch\/media\/2026\/03\/LS1-Windscreen.jpeg","contentUrl":"https:\/\/www.etrix.ch\/media\/2026\/03\/LS1-Windscreen.jpeg","width":1024,"height":1024,"caption":"Parabrezza Ls1"},{"@type":"BreadcrumbList","@id":"https:\/\/www.etrix.ch\/it\/prodotto\/parabrezza-silence-s02-kopie\/#breadcrumb","itemListElement":[{"@type":"ListItem","position":1,"name":"Casa","item":"https:\/\/www.etrix.ch\/it\/"},{"@type":"ListItem","position":2,"name":"Negozio","item":"https:\/\/www.etrix.ch\/it\/negozio\/"},{"@type":"ListItem","position":3,"name":"Parabrezza - Zero LS1"}]},{"@type":"WebSite","@id":"https:\/\/www.etrix.ch\/it\/#website","url":"https:\/\/www.etrix.ch\/it\/","name":"ETRIX Elektroroller","description":"E-Motos","publisher":{"@id":"https:\/\/www.etrix.ch\/it\/#organization"},"potentialAction":[{"@type":"SearchAction","target":{"@type":"EntryPoint","urlTemplate":"https:\/\/www.etrix.ch\/it\/?s={search_term_string}"},"query-input":{"@type":"PropertyValueSpecification","valueRequired":true,"valueName":"search_term_string"}}],"inLanguage":"it-IT"},{"@type":["Organization","Place","MotorcycleDealer"],"@id":"https:\/\/www.etrix.ch\/it\/#organization","name":"ETRIX E-Motos","url":"https:\/\/www.etrix.ch\/it\/","logo":{"@id":"https:\/\/www.etrix.ch\/it\/prodotto\/parabrezza-silence-s02-kopie\/#local-main-organization-logo"},"image":{"@id":"https:\/\/www.etrix.ch\/it\/prodotto\/parabrezza-silence-s02-kopie\/#local-main-organization-logo"},"sameAs":["https:\/\/m.facebook.com\/etrix.emotos\/","https:\/\/x.com\/etrixag","https:\/\/www.instagram.com\/etrix_emotos\/p\/BtVW6bXHtNv\/","https:\/\/www.linkedin.com\/company\/etrix-ag","https:\/\/www.youtube.com\/channel\/UCSd-hJdu5u8xPUEY60jexOw"],"address":{"@id":"https:\/\/www.etrix.ch\/it\/prodotto\/parabrezza-silence-s02-kopie\/#local-main-place-address"},"geo":{"@type":"GeoCoordinates","latitude":"47.43839497999372","longitude":"8.465227605227366"},"telephone":["043 931 00 45"],"openingHoursSpecification":[{"@type":"OpeningHoursSpecification","dayOfWeek":["Monday","Sunday"],"opens":"00:00","closes":"00:00"},{"@type":"OpeningHoursSpecification","dayOfWeek":["Tuesday","Wednesday","Thursday","Friday"],"opens":"10:00","closes":"18:00"},{"@type":"OpeningHoursSpecification","dayOfWeek":["Saturday"],"opens":"10:00","closes":"15:00"}]},{"@type":"PostalAddress","@id":"https:\/\/www.etrix.ch\/it\/prodotto\/parabrezza-silence-s02-kopie\/#local-main-place-address","streetAddress":"Riedthofstrasse 122","addressLocality":"Regensdorf","postalCode":"8105","addressRegion":"Z\u00fcrich","addressCountry":"CH"},{"@type":"ImageObject","inLanguage":"it-IT","@id":"https:\/\/www.etrix.ch\/it\/prodotto\/parabrezza-silence-s02-kopie\/#local-main-organization-logo","url":"https:\/\/www.etrix.ch\/media\/2021\/05\/ETRIX-logo.png","contentUrl":"https:\/\/www.etrix.ch\/media\/2021\/05\/ETRIX-logo.png","width":470,"height":85,"caption":"ETRIX E-Motos"}]},"product_brand":"Zero","product_price_amount":"99.00","product_price_currency":"CHF","og_availability":"instock","product_availability":"instock","product_retailer_item_id":"RW202160","product_condition":"new","geo.placename":"Regensdorf","geo.position":{"lat":"47.43839497999372","long":"8.465227605227366"},"geo.region":"Svizzera"},"_links":{"self":[{"href":"https:\/\/www.etrix.ch\/it\/wp-json\/wp\/v2\/product\/38582","targetHints":{"allow":["GET"]}}],"collection":[{"href":"https:\/\/www.etrix.ch\/it\/wp-json\/wp\/v2\/product"}],"about":[{"href":"https:\/\/www.etrix.ch\/it\/wp-json\/wp\/v2\/types\/product"}],"wp:featuredmedia":[{"embeddable":true,"href":"https:\/\/www.etrix.ch\/it\/wp-json\/wp\/v2\/media\/38645"}],"wp:attachment":[{"href":"https:\/\/www.etrix.ch\/it\/wp-json\/wp\/v2\/media?parent=38582"}],"wp:term":[{"taxonomy":"product_brand","embeddable":true,"href":"https:\/\/www.etrix.ch\/it\/wp-json\/wp\/v2\/product_brand?post=38582"},{"taxonomy":"product_cat","embeddable":true,"href":"https:\/\/www.etrix.ch\/it\/wp-json\/wp\/v2\/product_cat?post=38582"},{"taxonomy":"product_tag","embeddable":true,"href":"https:\/\/www.etrix.ch\/it\/wp-json\/wp\/v2\/product_tag?post=38582"}],"curies":[{"name":"wp","href":"https:\/\/api.w.org\/{rel}","templated":true}]}}