{"id":36540,"date":"2025-09-23T16:26:57","date_gmt":"2025-09-23T14:26:57","guid":{"rendered":"https:\/\/www.etrix.ch\/?post_type=product&#038;p=36540"},"modified":"2026-03-30T17:27:47","modified_gmt":"2026-03-30T15:27:47","slug":"rack-per-bauletto-ecooter-e2-city-sport-kopie","status":"publish","type":"product","link":"https:\/\/www.etrix.ch\/it\/prodotto\/rack-per-bauletto-ecooter-e2-city-sport-kopie\/","title":{"rendered":"Portapacchi per sedili lunghi - Ecooter E2 Urban, City e Sport"},"content":{"rendered":"&#13;\n<p data-start=\"265\" data-end=\"606\">Il <strong data-start=\"269\" data-end=\"299\">portapacchi per sedile lungo<\/strong> \u00e8 l&#8217;estensione ideale per chi desidera utilizzare il proprio <strong data-start=\"347\" data-end=\"361\">Ecooter E2<\/strong> - <strong data-start=\"372\" data-end=\"381\">Urban<\/strong>, <strong data-start=\"383\" data-end=\"391\">City<\/strong> o <strong data-start=\"397\" data-end=\"406\">Sport<\/strong> - come veicolo per le consegne. Sviluppato appositamente per la <strong data-start=\"461\" data-end=\"481\">versione Longseat<\/strong>, questo robusto sistema di portapacchi offre un modo stabile e sicuro di trasportare un carico aggiuntivo.   <\/p>&#13;\n<ul>&#13;\n<li data-start=\"608\" data-end=\"709\"><strong>Perfekt f\u00fcr Lieferdienste <\/strong>\u2013 Das Rack l\u00e4sst sich durch l\u00f6sen des Sicherheitsb\u00fcgels einfach vor- oder zur\u00fccksetzen.<\/li>&#13;\n<li data-start=\"712\" data-end=\"816\"><strong data-start=\"712\" data-end=\"734\">Passgenaues Design<\/strong> \u2013 perfekt abgestimmt auf die E2-Modelle Urban, City und Sport mit Langsitzbank.<\/li>&#13;\n<li data-start=\"712\" data-end=\"816\"><strong style=\"font-size: inherit; font-family: -apple-system, system-ui, BlinkMacSystemFont, 'Segoe UI', Helvetica, Arial, sans-serif, 'Apple Color Emoji', 'Segoe UI Emoji', 'Segoe UI Symbol';\" data-start=\"819\" data-end=\"843\">Stabile Konstruktion<\/strong><span style=\"font-size: inherit; font-family: -apple-system, system-ui, BlinkMacSystemFont, 'Segoe UI', Helvetica, Arial, sans-serif, 'Apple Color Emoji', 'Segoe UI Emoji', 'Segoe UI Symbol';\"> \u2013 aus hochwertigem, witterungsbest\u00e4ndigem Material gefertigt, um auch bei h\u00e4ufigem Einsatz zuverl\u00e4ssig zu bleiben.<\/span><\/li>&#13;\n<li data-start=\"963\" data-end=\"1056\"><strong data-start=\"963\" data-end=\"983\">Einfache Montage<\/strong> \u2013 schnell angebracht, ohne dass grosse Umbauten am Fahrzeug n\u00f6tig sind.<\/li>&#13;\n<li data-start=\"963\" data-end=\"1056\"><strong data-start=\"1059\" data-end=\"1082\">Vielseitige Nutzung<\/strong> \u2013 ideal f\u00fcr Lieferboxen oder Taschen oder Topcases.<\/li>&#13;\n<\/ul>&#13;\n","protected":false},"excerpt":{"rendered":"<p>Rastrelliera per le consegne per agganciare varie scatole, borse o bauletti per le consegne.<\/p>\n","protected":false},"featured_media":36556,"template":"","meta":{"_acf_changed":false},"product_brand":[],"product_cat":[1614,1644,1668,1667],"product_tag":[1871],"class_list":{"0":"post-36540","1":"product","2":"type-product","3":"status-publish","4":"has-post-thumbnail","6":"product_cat-accessori-ecooter","7":"product_cat-accessoristica","8":"product_cat-ecooter-it","9":"product_cat-monopattini-elettrici","10":"product_tag-box-it","11":"pa_marke-ecooter-it","12":"sales-flash-overlay","13":"woocommerce-text-align-left","14":"woocommerce-image-align-center","15":"do-quantity-buttons","16":"wc-has-gallery","18":"first","19":"outofstock","20":"taxable","21":"shipping-taxable","22":"purchasable","23":"product-type-simple"},"acf":[],"yoast_head":"<!-- This site is optimized with the Yoast SEO Premium plugin v26.9 (Yoast SEO v27.4) - https:\/\/yoast.com\/product\/yoast-seo-premium-wordpress\/ -->\n<title>Portapacchi per sedili lunghi - Ecooter E2 Urban, City e Sport - ETRIX Elektroroller<\/title>\n<meta name=\"description\" content=\"Portapacchi per Longseat - Ecooter E2 Urban, City e Sport \u2713 Ideale per scatole di spedizione, borse, bauletti \u2713 Facile installazione\" \/>\n<meta name=\"robots\" content=\"index, follow, max-snippet:-1, max-image-preview:large, max-video-preview:-1\" \/>\n<link rel=\"canonical\" href=\"https:\/\/www.etrix.ch\/it\/prodotto\/rack-per-bauletto-ecooter-e2-city-sport-kopie\/\" \/>\n<meta property=\"og:locale\" content=\"it_IT\" \/>\n<meta property=\"og:type\" content=\"article\" \/>\n<meta property=\"og:title\" content=\"Portapacchi per sedili lunghi - Ecooter E2 Urban, City e Sport\" \/>\n<meta property=\"og:description\" content=\"Portapacchi per Longseat - Ecooter E2 Urban, City e Sport \u2713 Ideale per scatole di spedizione, borse, bauletti \u2713 Facile installazione\" \/>\n<meta property=\"og:url\" content=\"https:\/\/www.etrix.ch\/it\/prodotto\/rack-per-bauletto-ecooter-e2-city-sport-kopie\/\" \/>\n<meta property=\"og:site_name\" content=\"ETRIX Elektroroller\" \/>\n<meta property=\"article:publisher\" content=\"https:\/\/m.facebook.com\/etrix.emotos\/\" \/>\n<meta property=\"article:modified_time\" content=\"2026-03-30T15:27:47+00:00\" \/>\n<meta property=\"og:image\" content=\"https:\/\/www.etrix.ch\/media\/2025\/09\/Ecooter_Rack_Longseat_freigestellt.jpg\" \/>\n\t<meta property=\"og:image:width\" content=\"2000\" \/>\n\t<meta property=\"og:image:height\" content=\"2000\" \/>\n\t<meta property=\"og:image:type\" content=\"image\/jpeg\" \/>\n<meta name=\"twitter:card\" content=\"summary_large_image\" \/>\n<meta name=\"twitter:site\" content=\"@etrixag\" \/>\n<meta name=\"twitter:label1\" content=\"Prezzo\" \/>\n\t<meta name=\"twitter:data1\" content=\"&#067;&#072;&#070;&nbsp;245.00 inkl. MwSt.\" \/>\n\t<meta name=\"twitter:label2\" content=\"Disponibilit\u00e0\" \/>\n\t<meta name=\"twitter:data2\" content=\"Esaurito\" \/>\n<script type=\"application\/ld+json\" class=\"yoast-schema-graph\">{\"@context\":\"https:\\\/\\\/schema.org\",\"@graph\":[{\"@type\":\"WebPage\",\"@id\":\"https:\\\/\\\/www.etrix.ch\\\/it\\\/prodotto\\\/rack-per-bauletto-ecooter-e2-city-sport-kopie\\\/\",\"url\":\"https:\\\/\\\/www.etrix.ch\\\/it\\\/prodotto\\\/rack-per-bauletto-ecooter-e2-city-sport-kopie\\\/\",\"name\":\"Portapacchi per sedili lunghi - Ecooter E2 Urban, City e Sport - ETRIX Elektroroller\",\"isPartOf\":{\"@id\":\"https:\\\/\\\/www.etrix.ch\\\/it\\\/#website\"},\"primaryImageOfPage\":{\"@id\":\"https:\\\/\\\/www.etrix.ch\\\/it\\\/prodotto\\\/rack-per-bauletto-ecooter-e2-city-sport-kopie\\\/#primaryimage\"},\"image\":{\"@id\":\"https:\\\/\\\/www.etrix.ch\\\/it\\\/prodotto\\\/rack-per-bauletto-ecooter-e2-city-sport-kopie\\\/#primaryimage\"},\"thumbnailUrl\":\"https:\\\/\\\/www.etrix.ch\\\/media\\\/2025\\\/09\\\/Ecooter_Rack_Longseat_freigestellt.jpg\",\"datePublished\":\"2025-09-23T14:26:57+00:00\",\"dateModified\":\"2026-03-30T15:27:47+00:00\",\"description\":\"Portapacchi per Longseat - Ecooter E2 Urban, City e Sport \u2713 Ideale per scatole di spedizione, borse, bauletti \u2713 Facile installazione\",\"breadcrumb\":{\"@id\":\"https:\\\/\\\/www.etrix.ch\\\/it\\\/prodotto\\\/rack-per-bauletto-ecooter-e2-city-sport-kopie\\\/#breadcrumb\"},\"inLanguage\":\"it-IT\",\"potentialAction\":[{\"@type\":\"ReadAction\",\"target\":[\"https:\\\/\\\/www.etrix.ch\\\/it\\\/prodotto\\\/rack-per-bauletto-ecooter-e2-city-sport-kopie\\\/\"]}]},{\"@type\":\"ImageObject\",\"inLanguage\":\"it-IT\",\"@id\":\"https:\\\/\\\/www.etrix.ch\\\/it\\\/prodotto\\\/rack-per-bauletto-ecooter-e2-city-sport-kopie\\\/#primaryimage\",\"url\":\"https:\\\/\\\/www.etrix.ch\\\/media\\\/2025\\\/09\\\/Ecooter_Rack_Longseat_freigestellt.jpg\",\"contentUrl\":\"https:\\\/\\\/www.etrix.ch\\\/media\\\/2025\\\/09\\\/Ecooter_Rack_Longseat_freigestellt.jpg\",\"width\":2000,\"height\":2000,\"caption\":\"Ecooter Rack Longseat E2 Etrix\"},{\"@type\":\"BreadcrumbList\",\"@id\":\"https:\\\/\\\/www.etrix.ch\\\/it\\\/prodotto\\\/rack-per-bauletto-ecooter-e2-city-sport-kopie\\\/#breadcrumb\",\"itemListElement\":[{\"@type\":\"ListItem\",\"position\":1,\"name\":\"Casa\",\"item\":\"https:\\\/\\\/www.etrix.ch\\\/it\\\/etrix-e-motos\\\/\"},{\"@type\":\"ListItem\",\"position\":2,\"name\":\"Negozio\",\"item\":\"https:\\\/\\\/www.etrix.ch\\\/it\\\/negozio\\\/\"},{\"@type\":\"ListItem\",\"position\":3,\"name\":\"Portapacchi per sedili lunghi - Ecooter E2 Urban, City e Sport\"}]},{\"@type\":\"WebSite\",\"@id\":\"https:\\\/\\\/www.etrix.ch\\\/it\\\/#website\",\"url\":\"https:\\\/\\\/www.etrix.ch\\\/it\\\/\",\"name\":\"ETRIX Elektroroller\",\"description\":\"E-Motos\",\"publisher\":{\"@id\":\"https:\\\/\\\/www.etrix.ch\\\/it\\\/#organization\"},\"potentialAction\":[{\"@type\":\"SearchAction\",\"target\":{\"@type\":\"EntryPoint\",\"urlTemplate\":\"https:\\\/\\\/www.etrix.ch\\\/it\\\/?s={search_term_string}\"},\"query-input\":{\"@type\":\"PropertyValueSpecification\",\"valueRequired\":true,\"valueName\":\"search_term_string\"}}],\"inLanguage\":\"it-IT\"},{\"@type\":[\"Organization\",\"Place\",\"MotorcycleDealer\"],\"@id\":\"https:\\\/\\\/www.etrix.ch\\\/it\\\/#organization\",\"name\":\"ETRIX E-Motos\",\"url\":\"https:\\\/\\\/www.etrix.ch\\\/it\\\/\",\"logo\":{\"@id\":\"https:\\\/\\\/www.etrix.ch\\\/it\\\/prodotto\\\/rack-per-bauletto-ecooter-e2-city-sport-kopie\\\/#local-main-organization-logo\"},\"image\":{\"@id\":\"https:\\\/\\\/www.etrix.ch\\\/it\\\/prodotto\\\/rack-per-bauletto-ecooter-e2-city-sport-kopie\\\/#local-main-organization-logo\"},\"sameAs\":[\"https:\\\/\\\/m.facebook.com\\\/etrix.emotos\\\/\",\"https:\\\/\\\/x.com\\\/etrixag\",\"https:\\\/\\\/www.instagram.com\\\/etrix_emotos\\\/p\\\/BtVW6bXHtNv\\\/\",\"https:\\\/\\\/www.linkedin.com\\\/company\\\/etrix-ag\",\"https:\\\/\\\/www.youtube.com\\\/channel\\\/UCSd-hJdu5u8xPUEY60jexOw\"],\"address\":{\"@id\":\"https:\\\/\\\/www.etrix.ch\\\/it\\\/prodotto\\\/rack-per-bauletto-ecooter-e2-city-sport-kopie\\\/#local-main-place-address\"},\"geo\":{\"@type\":\"GeoCoordinates\",\"latitude\":\"47.43839497999372\",\"longitude\":\"8.465227605227366\"},\"telephone\":[\"043 931 00 45\"],\"openingHoursSpecification\":[{\"@type\":\"OpeningHoursSpecification\",\"dayOfWeek\":[\"Monday\",\"Sunday\"],\"opens\":\"00:00\",\"closes\":\"00:00\"},{\"@type\":\"OpeningHoursSpecification\",\"dayOfWeek\":[\"Tuesday\",\"Wednesday\",\"Thursday\",\"Friday\"],\"opens\":\"10:00\",\"closes\":\"18:00\"},{\"@type\":\"OpeningHoursSpecification\",\"dayOfWeek\":[\"Saturday\"],\"opens\":\"10:00\",\"closes\":\"15:00\"}]},{\"@type\":\"PostalAddress\",\"@id\":\"https:\\\/\\\/www.etrix.ch\\\/it\\\/prodotto\\\/rack-per-bauletto-ecooter-e2-city-sport-kopie\\\/#local-main-place-address\",\"streetAddress\":\"Riedthofstrasse 122\",\"addressLocality\":\"Regensdorf\",\"postalCode\":\"8105\",\"addressRegion\":\"Z\u00fcrich\",\"addressCountry\":\"CH\"},{\"@type\":\"ImageObject\",\"inLanguage\":\"it-IT\",\"@id\":\"https:\\\/\\\/www.etrix.ch\\\/it\\\/prodotto\\\/rack-per-bauletto-ecooter-e2-city-sport-kopie\\\/#local-main-organization-logo\",\"url\":\"https:\\\/\\\/www.etrix.ch\\\/media\\\/2021\\\/05\\\/ETRIX-logo.png\",\"contentUrl\":\"https:\\\/\\\/www.etrix.ch\\\/media\\\/2021\\\/05\\\/ETRIX-logo.png\",\"width\":470,\"height\":85,\"caption\":\"ETRIX E-Motos\"}]}<\/script>\n<meta property=\"product:brand\" content=\"Ecooter\" \/>\n<meta property=\"product:price:amount\" content=\"245.00\" \/>\n<meta property=\"product:price:currency\" content=\"CHF\" \/>\n<meta property=\"og:availability\" content=\"out of stock\" \/>\n<meta property=\"product:availability\" content=\"out of stock\" \/>\n<meta property=\"product:retailer_item_id\" content=\"RW201981\" \/>\n<meta property=\"product:condition\" content=\"new\" \/>\n<meta name=\"geo.placename\" content=\"Regensdorf\" \/>\n<meta name=\"geo.position\" content=\"47.43839497999372;8.465227605227366\" \/>\n<meta name=\"geo.region\" content=\"Svizzera\" \/>\n<!-- \/ Yoast SEO Premium plugin. -->","yoast_head_json":{"title":"Portapacchi per sedili lunghi - Ecooter E2 Urban, City e Sport - ETRIX Elektroroller","description":"Portapacchi per Longseat - Ecooter E2 Urban, City e Sport \u2713 Ideale per scatole di spedizione, borse, bauletti \u2713 Facile installazione","robots":{"index":"index","follow":"follow","max-snippet":"max-snippet:-1","max-image-preview":"max-image-preview:large","max-video-preview":"max-video-preview:-1"},"canonical":"https:\/\/www.etrix.ch\/it\/prodotto\/rack-per-bauletto-ecooter-e2-city-sport-kopie\/","og_locale":"it_IT","og_type":"article","og_title":"Portapacchi per sedili lunghi - Ecooter E2 Urban, City e Sport","og_description":"Portapacchi per Longseat - Ecooter E2 Urban, City e Sport \u2713 Ideale per scatole di spedizione, borse, bauletti \u2713 Facile installazione","og_url":"https:\/\/www.etrix.ch\/it\/prodotto\/rack-per-bauletto-ecooter-e2-city-sport-kopie\/","og_site_name":"ETRIX Elektroroller","article_publisher":"https:\/\/m.facebook.com\/etrix.emotos\/","article_modified_time":"2026-03-30T15:27:47+00:00","og_image":[{"width":2000,"height":2000,"url":"https:\/\/www.etrix.ch\/media\/2025\/09\/Ecooter_Rack_Longseat_freigestellt.jpg","type":"image\/jpeg"}],"twitter_card":"summary_large_image","twitter_site":"@etrixag","twitter_misc":{"Prezzo":"&#67;&#72;&#70;&nbsp;245.00 inkl. MwSt.","Disponibilit\u00e0":"Esaurito"},"schema":{"@context":"https:\/\/schema.org","@graph":[{"@type":"WebPage","@id":"https:\/\/www.etrix.ch\/it\/prodotto\/rack-per-bauletto-ecooter-e2-city-sport-kopie\/","url":"https:\/\/www.etrix.ch\/it\/prodotto\/rack-per-bauletto-ecooter-e2-city-sport-kopie\/","name":"Portapacchi per sedili lunghi - Ecooter E2 Urban, City e Sport - ETRIX Elektroroller","isPartOf":{"@id":"https:\/\/www.etrix.ch\/it\/#website"},"primaryImageOfPage":{"@id":"https:\/\/www.etrix.ch\/it\/prodotto\/rack-per-bauletto-ecooter-e2-city-sport-kopie\/#primaryimage"},"image":{"@id":"https:\/\/www.etrix.ch\/it\/prodotto\/rack-per-bauletto-ecooter-e2-city-sport-kopie\/#primaryimage"},"thumbnailUrl":"https:\/\/www.etrix.ch\/media\/2025\/09\/Ecooter_Rack_Longseat_freigestellt.jpg","datePublished":"2025-09-23T14:26:57+00:00","dateModified":"2026-03-30T15:27:47+00:00","description":"Portapacchi per Longseat - Ecooter E2 Urban, City e Sport \u2713 Ideale per scatole di spedizione, borse, bauletti \u2713 Facile installazione","breadcrumb":{"@id":"https:\/\/www.etrix.ch\/it\/prodotto\/rack-per-bauletto-ecooter-e2-city-sport-kopie\/#breadcrumb"},"inLanguage":"it-IT","potentialAction":[{"@type":"ReadAction","target":["https:\/\/www.etrix.ch\/it\/prodotto\/rack-per-bauletto-ecooter-e2-city-sport-kopie\/"]}]},{"@type":"ImageObject","inLanguage":"it-IT","@id":"https:\/\/www.etrix.ch\/it\/prodotto\/rack-per-bauletto-ecooter-e2-city-sport-kopie\/#primaryimage","url":"https:\/\/www.etrix.ch\/media\/2025\/09\/Ecooter_Rack_Longseat_freigestellt.jpg","contentUrl":"https:\/\/www.etrix.ch\/media\/2025\/09\/Ecooter_Rack_Longseat_freigestellt.jpg","width":2000,"height":2000,"caption":"Ecooter Rack Longseat E2 Etrix"},{"@type":"BreadcrumbList","@id":"https:\/\/www.etrix.ch\/it\/prodotto\/rack-per-bauletto-ecooter-e2-city-sport-kopie\/#breadcrumb","itemListElement":[{"@type":"ListItem","position":1,"name":"Casa","item":"https:\/\/www.etrix.ch\/it\/etrix-e-motos\/"},{"@type":"ListItem","position":2,"name":"Negozio","item":"https:\/\/www.etrix.ch\/it\/negozio\/"},{"@type":"ListItem","position":3,"name":"Portapacchi per sedili lunghi - Ecooter E2 Urban, City e Sport"}]},{"@type":"WebSite","@id":"https:\/\/www.etrix.ch\/it\/#website","url":"https:\/\/www.etrix.ch\/it\/","name":"ETRIX Elektroroller","description":"E-Motos","publisher":{"@id":"https:\/\/www.etrix.ch\/it\/#organization"},"potentialAction":[{"@type":"SearchAction","target":{"@type":"EntryPoint","urlTemplate":"https:\/\/www.etrix.ch\/it\/?s={search_term_string}"},"query-input":{"@type":"PropertyValueSpecification","valueRequired":true,"valueName":"search_term_string"}}],"inLanguage":"it-IT"},{"@type":["Organization","Place","MotorcycleDealer"],"@id":"https:\/\/www.etrix.ch\/it\/#organization","name":"ETRIX E-Motos","url":"https:\/\/www.etrix.ch\/it\/","logo":{"@id":"https:\/\/www.etrix.ch\/it\/prodotto\/rack-per-bauletto-ecooter-e2-city-sport-kopie\/#local-main-organization-logo"},"image":{"@id":"https:\/\/www.etrix.ch\/it\/prodotto\/rack-per-bauletto-ecooter-e2-city-sport-kopie\/#local-main-organization-logo"},"sameAs":["https:\/\/m.facebook.com\/etrix.emotos\/","https:\/\/x.com\/etrixag","https:\/\/www.instagram.com\/etrix_emotos\/p\/BtVW6bXHtNv\/","https:\/\/www.linkedin.com\/company\/etrix-ag","https:\/\/www.youtube.com\/channel\/UCSd-hJdu5u8xPUEY60jexOw"],"address":{"@id":"https:\/\/www.etrix.ch\/it\/prodotto\/rack-per-bauletto-ecooter-e2-city-sport-kopie\/#local-main-place-address"},"geo":{"@type":"GeoCoordinates","latitude":"47.43839497999372","longitude":"8.465227605227366"},"telephone":["043 931 00 45"],"openingHoursSpecification":[{"@type":"OpeningHoursSpecification","dayOfWeek":["Monday","Sunday"],"opens":"00:00","closes":"00:00"},{"@type":"OpeningHoursSpecification","dayOfWeek":["Tuesday","Wednesday","Thursday","Friday"],"opens":"10:00","closes":"18:00"},{"@type":"OpeningHoursSpecification","dayOfWeek":["Saturday"],"opens":"10:00","closes":"15:00"}]},{"@type":"PostalAddress","@id":"https:\/\/www.etrix.ch\/it\/prodotto\/rack-per-bauletto-ecooter-e2-city-sport-kopie\/#local-main-place-address","streetAddress":"Riedthofstrasse 122","addressLocality":"Regensdorf","postalCode":"8105","addressRegion":"Z\u00fcrich","addressCountry":"CH"},{"@type":"ImageObject","inLanguage":"it-IT","@id":"https:\/\/www.etrix.ch\/it\/prodotto\/rack-per-bauletto-ecooter-e2-city-sport-kopie\/#local-main-organization-logo","url":"https:\/\/www.etrix.ch\/media\/2021\/05\/ETRIX-logo.png","contentUrl":"https:\/\/www.etrix.ch\/media\/2021\/05\/ETRIX-logo.png","width":470,"height":85,"caption":"ETRIX E-Motos"}]},"product_brand":"Ecooter","product_price_amount":"245.00","product_price_currency":"CHF","og_availability":"out of stock","product_availability":"out of stock","product_retailer_item_id":"RW201981","product_condition":"new","geo.placename":"Regensdorf","geo.position":{"lat":"47.43839497999372","long":"8.465227605227366"},"geo.region":"Svizzera"},"_links":{"self":[{"href":"https:\/\/www.etrix.ch\/it\/wp-json\/wp\/v2\/product\/36540","targetHints":{"allow":["GET"]}}],"collection":[{"href":"https:\/\/www.etrix.ch\/it\/wp-json\/wp\/v2\/product"}],"about":[{"href":"https:\/\/www.etrix.ch\/it\/wp-json\/wp\/v2\/types\/product"}],"wp:featuredmedia":[{"embeddable":true,"href":"https:\/\/www.etrix.ch\/it\/wp-json\/wp\/v2\/media\/36556"}],"wp:attachment":[{"href":"https:\/\/www.etrix.ch\/it\/wp-json\/wp\/v2\/media?parent=36540"}],"wp:term":[{"taxonomy":"product_brand","embeddable":true,"href":"https:\/\/www.etrix.ch\/it\/wp-json\/wp\/v2\/product_brand?post=36540"},{"taxonomy":"product_cat","embeddable":true,"href":"https:\/\/www.etrix.ch\/it\/wp-json\/wp\/v2\/product_cat?post=36540"},{"taxonomy":"product_tag","embeddable":true,"href":"https:\/\/www.etrix.ch\/it\/wp-json\/wp\/v2\/product_tag?post=36540"}],"curies":[{"name":"wp","href":"https:\/\/api.w.org\/{rel}","templated":true}]}}