{"id":35664,"date":"2025-07-15T12:12:02","date_gmt":"2025-07-15T10:12:02","guid":{"rendered":"https:\/\/www.etrix.ch\/?post_type=product&#038;p=35664"},"modified":"2026-02-02T09:54:43","modified_gmt":"2026-02-02T08:54:43","slug":"casco-aperto-nolan-n21-visiera-06-classic-10-nero-opaco-kopie","status":"publish","type":"product","link":"https:\/\/www.etrix.ch\/it\/prodotto\/casco-aperto-nolan-n21-visiera-06-classic-10-nero-opaco-kopie\/","title":{"rendered":"Casco Jet Eteres Mono Uni nero opaco"},"content":{"rendered":"<p><strong>Il nuovo casco jet AGV Eteres - aperto, sicuro, confortevole<\/strong><\/p>\n<p>Eteres \u00e8 un casco aperto con la pi\u00f9 recente omologazione ECE 22.06, ideale per il traffico cittadino. \u00c8 stato sviluppato per combinare protezione, comfort e piacere di guida, per ogni avventura urbana. <\/p>\n<p>Grazie al suo design chiaro e moderno e alla visiera pi\u00f9 lunga, protegge in modo affidabile il viso. Se preferisce guidare con un parasole, pu\u00f2 anche utilizzare il casco senza visiera. <\/p>\n<p>Gli interni personalizzabili assicurano una calzata confortevole: i guanciali sono disponibili in diversi spessori e possono essere sostituiti per qualsiasi taglia di casco - creando fino a 24 calzate possibili. La forma speciale nella zona delle tempie rende il casco particolarmente adatto agli occhiali. <\/p>\n<p>L&#8217;Eteres convince anche in termini di ventilazione - con una presa d&#8217;aria regolabile per tutte le condizioni atmosferiche. La fodera interna e la mentoniera sono completamente rimovibili e lavabili. <\/p>\n<p>L&#8217;EPS a densit\u00e0 multipla offre una protezione ottimale per tutte le aree della testa. Ci sono anche pratici extra per l&#8217;uso quotidiano: una chiusura micrometrica sicura, un anello antifurto integrato e la predisposizione per i moderni sistemi di comunicazione. <\/p>\n<p>Eteres - il compagno ideale per chi vuole spostarsi in citt\u00e0 con stile e sicurezza.<\/p>\n","protected":false},"excerpt":{"rendered":"<p>Casco Jet Eteres Mono Uni Nero Opaco<\/p>\n","protected":false},"featured_media":35712,"template":"","meta":{"_acf_changed":false},"product_brand":[],"product_cat":[1647],"product_tag":[1851],"class_list":{"0":"post-35664","1":"product","2":"type-product","3":"status-publish","4":"has-post-thumbnail","6":"product_cat-caschi-abbigliamento","7":"product_tag-caschi","8":"pa_marke-eteres-it","9":"sales-flash-overlay","10":"woocommerce-text-align-left","11":"woocommerce-image-align-center","12":"do-quantity-buttons","13":"wc-has-gallery","15":"first","16":"outofstock","17":"taxable","18":"shipping-taxable","19":"purchasable","20":"product-type-variable","21":"has-default-attributes"},"acf":[],"yoast_head":"<!-- This site is optimized with the Yoast SEO Premium plugin v26.9 (Yoast SEO v27.4) - https:\/\/yoast.com\/product\/yoast-seo-premium-wordpress\/ -->\n<title>Casco Jet Eteres Mono Uni nero opaco - ETRIX Elektroroller<\/title>\n<meta name=\"description\" content=\"Casco Jet Eteres Mono Uni \u2713 Nero opaco \u2713 Chiusura con doppio anello a D \u2713 Fodera interna rimovibile \u2713 Adatto a chi porta gli occhiali\" \/>\n<meta name=\"robots\" content=\"index, follow, max-snippet:-1, max-image-preview:large, max-video-preview:-1\" \/>\n<link rel=\"canonical\" href=\"https:\/\/www.etrix.ch\/it\/prodotto\/casco-aperto-nolan-n21-visiera-06-classic-10-nero-opaco-kopie\/\" \/>\n<meta property=\"og:locale\" content=\"it_IT\" \/>\n<meta property=\"og:type\" content=\"article\" \/>\n<meta property=\"og:title\" content=\"Casco Jet Eteres Mono Uni nero opaco\" \/>\n<meta property=\"og:description\" content=\"Casco Jet Eteres Mono Uni \u2713 Nero opaco \u2713 Chiusura con doppio anello a D \u2713 Fodera interna rimovibile \u2713 Adatto a chi porta gli occhiali\" \/>\n<meta property=\"og:url\" content=\"https:\/\/www.etrix.ch\/it\/prodotto\/casco-aperto-nolan-n21-visiera-06-classic-10-nero-opaco-kopie\/\" \/>\n<meta property=\"og:site_name\" content=\"ETRIX Elektroroller\" \/>\n<meta property=\"article:publisher\" content=\"https:\/\/m.facebook.com\/etrix.emotos\/\" \/>\n<meta property=\"article:modified_time\" content=\"2026-02-02T08:54:43+00:00\" \/>\n<meta property=\"og:image\" content=\"https:\/\/www.etrix.ch\/media\/2025\/07\/Jethelm-Eteres-Mono-Uni-black-matt-side.jpg\" \/>\n\t<meta property=\"og:image:width\" content=\"1000\" \/>\n\t<meta property=\"og:image:height\" content=\"1000\" \/>\n\t<meta property=\"og:image:type\" content=\"image\/jpeg\" \/>\n<meta name=\"twitter:card\" content=\"summary_large_image\" \/>\n<meta name=\"twitter:site\" content=\"@etrixag\" \/>\n<meta name=\"twitter:label1\" content=\"Disponibilit\u00e0\" \/>\n\t<meta name=\"twitter:data1\" content=\"Esaurito\" \/>\n<script type=\"application\/ld+json\" class=\"yoast-schema-graph\">{\"@context\":\"https:\\\/\\\/schema.org\",\"@graph\":[{\"@type\":\"WebPage\",\"@id\":\"https:\\\/\\\/www.etrix.ch\\\/it\\\/prodotto\\\/casco-aperto-nolan-n21-visiera-06-classic-10-nero-opaco-kopie\\\/\",\"url\":\"https:\\\/\\\/www.etrix.ch\\\/it\\\/prodotto\\\/casco-aperto-nolan-n21-visiera-06-classic-10-nero-opaco-kopie\\\/\",\"name\":\"Casco Jet Eteres Mono Uni nero opaco - ETRIX Elektroroller\",\"isPartOf\":{\"@id\":\"https:\\\/\\\/www.etrix.ch\\\/it\\\/#website\"},\"primaryImageOfPage\":{\"@id\":\"https:\\\/\\\/www.etrix.ch\\\/it\\\/prodotto\\\/casco-aperto-nolan-n21-visiera-06-classic-10-nero-opaco-kopie\\\/#primaryimage\"},\"image\":{\"@id\":\"https:\\\/\\\/www.etrix.ch\\\/it\\\/prodotto\\\/casco-aperto-nolan-n21-visiera-06-classic-10-nero-opaco-kopie\\\/#primaryimage\"},\"thumbnailUrl\":\"https:\\\/\\\/www.etrix.ch\\\/media\\\/2025\\\/07\\\/Jethelm-Eteres-Mono-Uni-black-matt-side.jpg\",\"datePublished\":\"2025-07-15T10:12:02+00:00\",\"dateModified\":\"2026-02-02T08:54:43+00:00\",\"description\":\"Casco Jet Eteres Mono Uni \u2713 Nero opaco \u2713 Chiusura con doppio anello a D \u2713 Fodera interna rimovibile \u2713 Adatto a chi porta gli occhiali\",\"breadcrumb\":{\"@id\":\"https:\\\/\\\/www.etrix.ch\\\/it\\\/prodotto\\\/casco-aperto-nolan-n21-visiera-06-classic-10-nero-opaco-kopie\\\/#breadcrumb\"},\"inLanguage\":\"it-IT\",\"potentialAction\":[{\"@type\":\"ReadAction\",\"target\":[\"https:\\\/\\\/www.etrix.ch\\\/it\\\/prodotto\\\/casco-aperto-nolan-n21-visiera-06-classic-10-nero-opaco-kopie\\\/\"]}]},{\"@type\":\"ImageObject\",\"inLanguage\":\"it-IT\",\"@id\":\"https:\\\/\\\/www.etrix.ch\\\/it\\\/prodotto\\\/casco-aperto-nolan-n21-visiera-06-classic-10-nero-opaco-kopie\\\/#primaryimage\",\"url\":\"https:\\\/\\\/www.etrix.ch\\\/media\\\/2025\\\/07\\\/Jethelm-Eteres-Mono-Uni-black-matt-side.jpg\",\"contentUrl\":\"https:\\\/\\\/www.etrix.ch\\\/media\\\/2025\\\/07\\\/Jethelm-Eteres-Mono-Uni-black-matt-side.jpg\",\"width\":1000,\"height\":1000,\"caption\":\"Casco Jet Eteres Mono Uni Nero Lato Opaco\"},{\"@type\":\"BreadcrumbList\",\"@id\":\"https:\\\/\\\/www.etrix.ch\\\/it\\\/prodotto\\\/casco-aperto-nolan-n21-visiera-06-classic-10-nero-opaco-kopie\\\/#breadcrumb\",\"itemListElement\":[{\"@type\":\"ListItem\",\"position\":1,\"name\":\"Casa\",\"item\":\"https:\\\/\\\/www.etrix.ch\\\/it\\\/etrix-e-motos\\\/\"},{\"@type\":\"ListItem\",\"position\":2,\"name\":\"Negozio\",\"item\":\"https:\\\/\\\/www.etrix.ch\\\/it\\\/negozio\\\/\"},{\"@type\":\"ListItem\",\"position\":3,\"name\":\"Casco Jet Eteres Mono Uni nero opaco\"}]},{\"@type\":\"WebSite\",\"@id\":\"https:\\\/\\\/www.etrix.ch\\\/it\\\/#website\",\"url\":\"https:\\\/\\\/www.etrix.ch\\\/it\\\/\",\"name\":\"ETRIX Elektroroller\",\"description\":\"E-Motos\",\"publisher\":{\"@id\":\"https:\\\/\\\/www.etrix.ch\\\/it\\\/#organization\"},\"potentialAction\":[{\"@type\":\"SearchAction\",\"target\":{\"@type\":\"EntryPoint\",\"urlTemplate\":\"https:\\\/\\\/www.etrix.ch\\\/it\\\/?s={search_term_string}\"},\"query-input\":{\"@type\":\"PropertyValueSpecification\",\"valueRequired\":true,\"valueName\":\"search_term_string\"}}],\"inLanguage\":\"it-IT\"},{\"@type\":[\"Organization\",\"Place\",\"MotorcycleDealer\"],\"@id\":\"https:\\\/\\\/www.etrix.ch\\\/it\\\/#organization\",\"name\":\"ETRIX E-Motos\",\"url\":\"https:\\\/\\\/www.etrix.ch\\\/it\\\/\",\"logo\":{\"@id\":\"https:\\\/\\\/www.etrix.ch\\\/it\\\/prodotto\\\/casco-aperto-nolan-n21-visiera-06-classic-10-nero-opaco-kopie\\\/#local-main-organization-logo\"},\"image\":{\"@id\":\"https:\\\/\\\/www.etrix.ch\\\/it\\\/prodotto\\\/casco-aperto-nolan-n21-visiera-06-classic-10-nero-opaco-kopie\\\/#local-main-organization-logo\"},\"sameAs\":[\"https:\\\/\\\/m.facebook.com\\\/etrix.emotos\\\/\",\"https:\\\/\\\/x.com\\\/etrixag\",\"https:\\\/\\\/www.instagram.com\\\/etrix_emotos\\\/p\\\/BtVW6bXHtNv\\\/\",\"https:\\\/\\\/www.linkedin.com\\\/company\\\/etrix-ag\",\"https:\\\/\\\/www.youtube.com\\\/channel\\\/UCSd-hJdu5u8xPUEY60jexOw\"],\"address\":{\"@id\":\"https:\\\/\\\/www.etrix.ch\\\/it\\\/prodotto\\\/casco-aperto-nolan-n21-visiera-06-classic-10-nero-opaco-kopie\\\/#local-main-place-address\"},\"geo\":{\"@type\":\"GeoCoordinates\",\"latitude\":\"47.43839497999372\",\"longitude\":\"8.465227605227366\"},\"telephone\":[\"043 931 00 45\"],\"openingHoursSpecification\":[{\"@type\":\"OpeningHoursSpecification\",\"dayOfWeek\":[\"Monday\",\"Sunday\"],\"opens\":\"00:00\",\"closes\":\"00:00\"},{\"@type\":\"OpeningHoursSpecification\",\"dayOfWeek\":[\"Tuesday\",\"Wednesday\",\"Thursday\",\"Friday\"],\"opens\":\"10:00\",\"closes\":\"18:00\"},{\"@type\":\"OpeningHoursSpecification\",\"dayOfWeek\":[\"Saturday\"],\"opens\":\"10:00\",\"closes\":\"15:00\"}]},{\"@type\":\"PostalAddress\",\"@id\":\"https:\\\/\\\/www.etrix.ch\\\/it\\\/prodotto\\\/casco-aperto-nolan-n21-visiera-06-classic-10-nero-opaco-kopie\\\/#local-main-place-address\",\"streetAddress\":\"Riedthofstrasse 122\",\"addressLocality\":\"Regensdorf\",\"postalCode\":\"8105\",\"addressRegion\":\"Z\u00fcrich\",\"addressCountry\":\"CH\"},{\"@type\":\"ImageObject\",\"inLanguage\":\"it-IT\",\"@id\":\"https:\\\/\\\/www.etrix.ch\\\/it\\\/prodotto\\\/casco-aperto-nolan-n21-visiera-06-classic-10-nero-opaco-kopie\\\/#local-main-organization-logo\",\"url\":\"https:\\\/\\\/www.etrix.ch\\\/media\\\/2021\\\/05\\\/ETRIX-logo.png\",\"contentUrl\":\"https:\\\/\\\/www.etrix.ch\\\/media\\\/2021\\\/05\\\/ETRIX-logo.png\",\"width\":470,\"height\":85,\"caption\":\"ETRIX E-Motos\"}]}<\/script>\n<meta property=\"product:brand\" content=\"Eteres\" \/>\n<meta property=\"og:availability\" content=\"out of stock\" \/>\n<meta property=\"product:availability\" content=\"out of stock\" \/>\n<meta property=\"product:retailer_item_id\" content=\"RW202027\" \/>\n<meta property=\"product:condition\" content=\"new\" \/>\n<meta name=\"geo.placename\" content=\"Regensdorf\" \/>\n<meta name=\"geo.position\" content=\"47.43839497999372;8.465227605227366\" \/>\n<meta name=\"geo.region\" content=\"Svizzera\" \/>\n<!-- \/ Yoast SEO Premium plugin. -->","yoast_head_json":{"title":"Casco Jet Eteres Mono Uni nero opaco - ETRIX Elektroroller","description":"Casco Jet Eteres Mono Uni \u2713 Nero opaco \u2713 Chiusura con doppio anello a D \u2713 Fodera interna rimovibile \u2713 Adatto a chi porta gli occhiali","robots":{"index":"index","follow":"follow","max-snippet":"max-snippet:-1","max-image-preview":"max-image-preview:large","max-video-preview":"max-video-preview:-1"},"canonical":"https:\/\/www.etrix.ch\/it\/prodotto\/casco-aperto-nolan-n21-visiera-06-classic-10-nero-opaco-kopie\/","og_locale":"it_IT","og_type":"article","og_title":"Casco Jet Eteres Mono Uni nero opaco","og_description":"Casco Jet Eteres Mono Uni \u2713 Nero opaco \u2713 Chiusura con doppio anello a D \u2713 Fodera interna rimovibile \u2713 Adatto a chi porta gli occhiali","og_url":"https:\/\/www.etrix.ch\/it\/prodotto\/casco-aperto-nolan-n21-visiera-06-classic-10-nero-opaco-kopie\/","og_site_name":"ETRIX Elektroroller","article_publisher":"https:\/\/m.facebook.com\/etrix.emotos\/","article_modified_time":"2026-02-02T08:54:43+00:00","og_image":[{"width":1000,"height":1000,"url":"https:\/\/www.etrix.ch\/media\/2025\/07\/Jethelm-Eteres-Mono-Uni-black-matt-side.jpg","type":"image\/jpeg"}],"twitter_card":"summary_large_image","twitter_site":"@etrixag","twitter_misc":{"Disponibilit\u00e0":"Esaurito"},"schema":{"@context":"https:\/\/schema.org","@graph":[{"@type":"WebPage","@id":"https:\/\/www.etrix.ch\/it\/prodotto\/casco-aperto-nolan-n21-visiera-06-classic-10-nero-opaco-kopie\/","url":"https:\/\/www.etrix.ch\/it\/prodotto\/casco-aperto-nolan-n21-visiera-06-classic-10-nero-opaco-kopie\/","name":"Casco Jet Eteres Mono Uni nero opaco - ETRIX Elektroroller","isPartOf":{"@id":"https:\/\/www.etrix.ch\/it\/#website"},"primaryImageOfPage":{"@id":"https:\/\/www.etrix.ch\/it\/prodotto\/casco-aperto-nolan-n21-visiera-06-classic-10-nero-opaco-kopie\/#primaryimage"},"image":{"@id":"https:\/\/www.etrix.ch\/it\/prodotto\/casco-aperto-nolan-n21-visiera-06-classic-10-nero-opaco-kopie\/#primaryimage"},"thumbnailUrl":"https:\/\/www.etrix.ch\/media\/2025\/07\/Jethelm-Eteres-Mono-Uni-black-matt-side.jpg","datePublished":"2025-07-15T10:12:02+00:00","dateModified":"2026-02-02T08:54:43+00:00","description":"Casco Jet Eteres Mono Uni \u2713 Nero opaco \u2713 Chiusura con doppio anello a D \u2713 Fodera interna rimovibile \u2713 Adatto a chi porta gli occhiali","breadcrumb":{"@id":"https:\/\/www.etrix.ch\/it\/prodotto\/casco-aperto-nolan-n21-visiera-06-classic-10-nero-opaco-kopie\/#breadcrumb"},"inLanguage":"it-IT","potentialAction":[{"@type":"ReadAction","target":["https:\/\/www.etrix.ch\/it\/prodotto\/casco-aperto-nolan-n21-visiera-06-classic-10-nero-opaco-kopie\/"]}]},{"@type":"ImageObject","inLanguage":"it-IT","@id":"https:\/\/www.etrix.ch\/it\/prodotto\/casco-aperto-nolan-n21-visiera-06-classic-10-nero-opaco-kopie\/#primaryimage","url":"https:\/\/www.etrix.ch\/media\/2025\/07\/Jethelm-Eteres-Mono-Uni-black-matt-side.jpg","contentUrl":"https:\/\/www.etrix.ch\/media\/2025\/07\/Jethelm-Eteres-Mono-Uni-black-matt-side.jpg","width":1000,"height":1000,"caption":"Casco Jet Eteres Mono Uni Nero Lato Opaco"},{"@type":"BreadcrumbList","@id":"https:\/\/www.etrix.ch\/it\/prodotto\/casco-aperto-nolan-n21-visiera-06-classic-10-nero-opaco-kopie\/#breadcrumb","itemListElement":[{"@type":"ListItem","position":1,"name":"Casa","item":"https:\/\/www.etrix.ch\/it\/etrix-e-motos\/"},{"@type":"ListItem","position":2,"name":"Negozio","item":"https:\/\/www.etrix.ch\/it\/negozio\/"},{"@type":"ListItem","position":3,"name":"Casco Jet Eteres Mono Uni nero opaco"}]},{"@type":"WebSite","@id":"https:\/\/www.etrix.ch\/it\/#website","url":"https:\/\/www.etrix.ch\/it\/","name":"ETRIX Elektroroller","description":"E-Motos","publisher":{"@id":"https:\/\/www.etrix.ch\/it\/#organization"},"potentialAction":[{"@type":"SearchAction","target":{"@type":"EntryPoint","urlTemplate":"https:\/\/www.etrix.ch\/it\/?s={search_term_string}"},"query-input":{"@type":"PropertyValueSpecification","valueRequired":true,"valueName":"search_term_string"}}],"inLanguage":"it-IT"},{"@type":["Organization","Place","MotorcycleDealer"],"@id":"https:\/\/www.etrix.ch\/it\/#organization","name":"ETRIX E-Motos","url":"https:\/\/www.etrix.ch\/it\/","logo":{"@id":"https:\/\/www.etrix.ch\/it\/prodotto\/casco-aperto-nolan-n21-visiera-06-classic-10-nero-opaco-kopie\/#local-main-organization-logo"},"image":{"@id":"https:\/\/www.etrix.ch\/it\/prodotto\/casco-aperto-nolan-n21-visiera-06-classic-10-nero-opaco-kopie\/#local-main-organization-logo"},"sameAs":["https:\/\/m.facebook.com\/etrix.emotos\/","https:\/\/x.com\/etrixag","https:\/\/www.instagram.com\/etrix_emotos\/p\/BtVW6bXHtNv\/","https:\/\/www.linkedin.com\/company\/etrix-ag","https:\/\/www.youtube.com\/channel\/UCSd-hJdu5u8xPUEY60jexOw"],"address":{"@id":"https:\/\/www.etrix.ch\/it\/prodotto\/casco-aperto-nolan-n21-visiera-06-classic-10-nero-opaco-kopie\/#local-main-place-address"},"geo":{"@type":"GeoCoordinates","latitude":"47.43839497999372","longitude":"8.465227605227366"},"telephone":["043 931 00 45"],"openingHoursSpecification":[{"@type":"OpeningHoursSpecification","dayOfWeek":["Monday","Sunday"],"opens":"00:00","closes":"00:00"},{"@type":"OpeningHoursSpecification","dayOfWeek":["Tuesday","Wednesday","Thursday","Friday"],"opens":"10:00","closes":"18:00"},{"@type":"OpeningHoursSpecification","dayOfWeek":["Saturday"],"opens":"10:00","closes":"15:00"}]},{"@type":"PostalAddress","@id":"https:\/\/www.etrix.ch\/it\/prodotto\/casco-aperto-nolan-n21-visiera-06-classic-10-nero-opaco-kopie\/#local-main-place-address","streetAddress":"Riedthofstrasse 122","addressLocality":"Regensdorf","postalCode":"8105","addressRegion":"Z\u00fcrich","addressCountry":"CH"},{"@type":"ImageObject","inLanguage":"it-IT","@id":"https:\/\/www.etrix.ch\/it\/prodotto\/casco-aperto-nolan-n21-visiera-06-classic-10-nero-opaco-kopie\/#local-main-organization-logo","url":"https:\/\/www.etrix.ch\/media\/2021\/05\/ETRIX-logo.png","contentUrl":"https:\/\/www.etrix.ch\/media\/2021\/05\/ETRIX-logo.png","width":470,"height":85,"caption":"ETRIX E-Motos"}]},"product_brand":"Eteres","og_availability":"out of stock","product_availability":"out of stock","product_retailer_item_id":"RW202027","product_condition":"new","geo.placename":"Regensdorf","geo.position":{"lat":"47.43839497999372","long":"8.465227605227366"},"geo.region":"Svizzera"},"_links":{"self":[{"href":"https:\/\/www.etrix.ch\/it\/wp-json\/wp\/v2\/product\/35664","targetHints":{"allow":["GET"]}}],"collection":[{"href":"https:\/\/www.etrix.ch\/it\/wp-json\/wp\/v2\/product"}],"about":[{"href":"https:\/\/www.etrix.ch\/it\/wp-json\/wp\/v2\/types\/product"}],"wp:featuredmedia":[{"embeddable":true,"href":"https:\/\/www.etrix.ch\/it\/wp-json\/wp\/v2\/media\/35712"}],"wp:attachment":[{"href":"https:\/\/www.etrix.ch\/it\/wp-json\/wp\/v2\/media?parent=35664"}],"wp:term":[{"taxonomy":"product_brand","embeddable":true,"href":"https:\/\/www.etrix.ch\/it\/wp-json\/wp\/v2\/product_brand?post=35664"},{"taxonomy":"product_cat","embeddable":true,"href":"https:\/\/www.etrix.ch\/it\/wp-json\/wp\/v2\/product_cat?post=35664"},{"taxonomy":"product_tag","embeddable":true,"href":"https:\/\/www.etrix.ch\/it\/wp-json\/wp\/v2\/product_tag?post=35664"}],"curies":[{"name":"wp","href":"https:\/\/api.w.org\/{rel}","templated":true}]}}