{"id":31909,"date":"2024-10-24T10:50:07","date_gmt":"2024-10-24T08:50:07","guid":{"rendered":"https:\/\/www.etrix.ch\/produkt\/vmax-vx-4\/"},"modified":"2025-12-08T00:42:02","modified_gmt":"2025-12-07T23:42:02","slug":"vmax-vx-4","status":"publish","type":"product","link":"https:\/\/www.etrix.ch\/it\/prodotto\/vmax-vx-4\/","title":{"rendered":"VMAX VX 4 GT"},"content":{"rendered":"<p>VMAX VX4 GT \u00e8 il modello di punta degli e-scooter VMAX con omologazione stradale. Questo scooter combina una tecnologia all\u2019avanguardia con le ultime innovazioni e padroneggia un\u2019ampia variet\u00e0 di terreni e lunghe distanze con il massimo livello di sicurezza e comfort. Il motore da 500 watt con sistema a 48 volt e una potenza di picco di 1550 watt assicura un\u2019esperienza di guida impressionante e supera pendenze fino al 33%. Il VX4 \u00e8 attualmente l\u2019e-scooter pi\u00f9 potente che pu\u00f2 essere guidato legalmente sulle strade svizzere.   <\/p>\n<p><strong>Modello VMAX E-Scooter VX4 GT (100 km):  <\/strong><\/p>\n<ul>\n<li>Velocit\u00e0: 20 km\/h<\/li>\n<li>Tipo di batteria: 48 V \/ 23,2 Ah<\/li>\n<li>Tempo di ricarica: circa 12 ore<\/li>\n<li>Raggio d\u2019azione: 100 km<\/li>\n<li>Dimensioni della ruota: 10\u2033.<\/li>\n<li>Pneumatici: pneumatici tubeless<\/li>\n<li>Freni: freno a recupero elettronico al posteriore e freno a tamburo all\u2019anteriore<\/li>\n<li>Illuminazione: luce anteriore multizona \/ luce posteriore, compresa la luce dei freni <\/li>\n<li>Dimensioni una volta allestito: (L x P x A): 130,7 x 58,4 x 122 cm<\/li>\n<li>Dimensioni da chiuso: (L x P x A): 57 x 58,4 x 122 cm<\/li>\n<li>Carico massimo: 150 kg. Carico: 150 kg <\/li>\n<li>Peso: 28,8 kg<\/li>\n<li>Omologazione stradale CH<\/li>\n<li>Garanzia: 2 anni<\/li>\n<\/ul>\n<div class=\"spalten-3\">\n<div class=\"spalte-1\">\n<p><img decoding=\"async\" class=\"alignnone size-medium wp-image-31886\" src=\"https:\/\/www.etrix.ch\/media\/2024\/10\/service-garantie-scooter-etrix-300x227.png\" alt=\"Servizio Garanzia Scooter Etrix\" width=\"300\" height=\"227\" srcset=\"https:\/\/www.etrix.ch\/media\/2024\/10\/service-garantie-scooter-etrix-300x227.png 300w, https:\/\/www.etrix.ch\/media\/2024\/10\/service-garantie-scooter-etrix.png 500w\" sizes=\"(max-width: 300px) 100vw, 300px\"><\/p>\n<p><strong>Soddisfazione<\/strong><\/p>\n<p>Se non sei soddisfatto del tuo e-scooter, puoi restituirlo facilmente entro 14 giorni e con un chilometraggio fino a 20 km.<\/p>\n<\/div>\n<div class=\"spalte-2\">\n<p><img decoding=\"async\" class=\"alignnone size-medium wp-image-31890\" src=\"https:\/\/www.etrix.ch\/media\/2024\/10\/mobilit-ts-garantie-scooter-etrix-300x227.png\" alt=\"Mobilit Ts Garanzia Scooter Etrix\" width=\"300\" height=\"227\" srcset=\"https:\/\/www.etrix.ch\/media\/2024\/10\/mobilit-ts-garantie-scooter-etrix-300x227.png 300w, https:\/\/www.etrix.ch\/media\/2024\/10\/mobilit-ts-garantie-scooter-etrix.png 500w\" sizes=\"(max-width: 300px) 100vw, 300px\"><\/p>\n<p><strong>Garanzia<\/strong><\/p>\n<p> di mobilit\u00e0Se il tuo veicolo \u00e8 difettoso o revisionato entro i primi 24 mesi, i membri TCS possono richiedere gratuitamente un dispositivo sostitutivo per tutta la durata della riparazione o della manutenzione.<\/p>\n<\/div>\n<div class=\"spalte-3\">\n<p><img decoding=\"async\" class=\"alignnone size-medium wp-image-31894\" src=\"https:\/\/www.etrix.ch\/media\/2024\/10\/zufriedenheits-garantie-scooter-etrix-300x227.png\" alt=\"Garanzia di soddisfazione Scooter Etrix\" width=\"300\" height=\"227\" srcset=\"https:\/\/www.etrix.ch\/media\/2024\/10\/zufriedenheits-garantie-scooter-etrix-300x227.png 300w, https:\/\/www.etrix.ch\/media\/2024\/10\/zufriedenheits-garantie-scooter-etrix.png 500w\" sizes=\"(max-width: 300px) 100vw, 300px\"><\/p>\n<p><strong>Garanzia<\/strong><\/p>\n<p> di servizioGarantiamo la disponibilit\u00e0 di pezzi di ricambio e un\u2019opzione di riparazione affidabile per il tuo e-scooter.<\/p>\n<\/div>\n<\/div>\n<p>\u00a0<\/p>\n","protected":false},"excerpt":{"rendered":"<p>Il VMAX VX4 GT \u00e8 l&#8217;e-scooter omologato su strada pi\u00f9 potente della Svizzera. Con 500 watt e 1.550 watt di potenza di picco, pu\u00f2 superare pendenze fino al 33%. <\/p>\n","protected":false},"featured_media":35500,"template":"","meta":{"_acf_changed":false},"product_brand":[],"product_cat":[2440],"product_tag":[],"class_list":{"0":"post-31909","1":"product","2":"type-product","3":"status-publish","4":"has-post-thumbnail","6":"product_cat-monopattini-elettrici-it","7":"product_shipping_class-merci-ingombranti","8":"pa_marke-vmax-it","9":"sales-flash-overlay","10":"woocommerce-text-align-left","11":"woocommerce-image-align-center","12":"do-quantity-buttons","13":"wc-has-gallery","15":"first","16":"instock","17":"taxable","18":"shipping-taxable","19":"purchasable","20":"product-type-simple"},"acf":[],"yoast_head":"<!-- This site is optimized with the Yoast SEO Premium plugin v26.9 (Yoast SEO v27.4) - https:\/\/yoast.com\/product\/yoast-seo-premium-wordpress\/ -->\n<title>VMAX VX 4 GT - ETRIX Elektroroller<\/title>\n<meta name=\"robots\" content=\"index, follow, max-snippet:-1, max-image-preview:large, max-video-preview:-1\" \/>\n<link rel=\"canonical\" href=\"https:\/\/www.etrix.ch\/it\/prodotto\/vmax-vx-4\/\" \/>\n<meta property=\"og:locale\" content=\"it_IT\" \/>\n<meta property=\"og:type\" content=\"article\" \/>\n<meta property=\"og:title\" content=\"VMAX VX 4 GT\" \/>\n<meta property=\"og:description\" content=\"Il VMAX VX4 GT \u00e8 l&#039;e-scooter omologato su strada pi\u00f9 potente della Svizzera. Con 500 watt e 1.550 watt di potenza di picco, pu\u00f2 superare pendenze fino al 33%.\" \/>\n<meta property=\"og:url\" content=\"https:\/\/www.etrix.ch\/it\/prodotto\/vmax-vx-4\/\" \/>\n<meta property=\"og:site_name\" content=\"ETRIX Elektroroller\" \/>\n<meta property=\"article:publisher\" content=\"https:\/\/m.facebook.com\/etrix.emotos\/\" \/>\n<meta property=\"article:modified_time\" content=\"2025-12-07T23:42:02+00:00\" \/>\n<meta property=\"og:image\" content=\"https:\/\/www.etrix.ch\/media\/2024\/10\/VMAX-E-Scooter-VX4-LT-45-km-1.jpg\" \/>\n\t<meta property=\"og:image:width\" content=\"1200\" \/>\n\t<meta property=\"og:image:height\" content=\"1200\" \/>\n\t<meta property=\"og:image:type\" content=\"image\/jpeg\" \/>\n<meta name=\"twitter:card\" content=\"summary_large_image\" \/>\n<meta name=\"twitter:site\" content=\"@etrixag\" \/>\n<meta name=\"twitter:label1\" content=\"Prezzo\" \/>\n\t<meta name=\"twitter:data1\" content=\"&#067;&#072;&#070;&nbsp;1&#039;299.00 inkl. MwSt.\" \/>\n\t<meta name=\"twitter:label2\" content=\"Disponibilit\u00e0\" \/>\n\t<meta name=\"twitter:data2\" content=\"In stock\" \/>\n<script type=\"application\/ld+json\" class=\"yoast-schema-graph\">{\"@context\":\"https:\\\/\\\/schema.org\",\"@graph\":[{\"@type\":\"WebPage\",\"@id\":\"https:\\\/\\\/www.etrix.ch\\\/it\\\/prodotto\\\/vmax-vx-4\\\/\",\"url\":\"https:\\\/\\\/www.etrix.ch\\\/it\\\/prodotto\\\/vmax-vx-4\\\/\",\"name\":\"VMAX VX 4 GT - ETRIX Elektroroller\",\"isPartOf\":{\"@id\":\"https:\\\/\\\/www.etrix.ch\\\/it\\\/#website\"},\"primaryImageOfPage\":{\"@id\":\"https:\\\/\\\/www.etrix.ch\\\/it\\\/prodotto\\\/vmax-vx-4\\\/#primaryimage\"},\"image\":{\"@id\":\"https:\\\/\\\/www.etrix.ch\\\/it\\\/prodotto\\\/vmax-vx-4\\\/#primaryimage\"},\"thumbnailUrl\":\"https:\\\/\\\/www.etrix.ch\\\/media\\\/2024\\\/10\\\/VMAX-E-Scooter-VX4-LT-45-km-1.jpg\",\"datePublished\":\"2024-10-24T08:50:07+00:00\",\"dateModified\":\"2025-12-07T23:42:02+00:00\",\"breadcrumb\":{\"@id\":\"https:\\\/\\\/www.etrix.ch\\\/it\\\/prodotto\\\/vmax-vx-4\\\/#breadcrumb\"},\"inLanguage\":\"it-IT\",\"potentialAction\":[{\"@type\":\"ReadAction\",\"target\":[\"https:\\\/\\\/www.etrix.ch\\\/it\\\/prodotto\\\/vmax-vx-4\\\/\"]}]},{\"@type\":\"ImageObject\",\"inLanguage\":\"it-IT\",\"@id\":\"https:\\\/\\\/www.etrix.ch\\\/it\\\/prodotto\\\/vmax-vx-4\\\/#primaryimage\",\"url\":\"https:\\\/\\\/www.etrix.ch\\\/media\\\/2024\\\/10\\\/VMAX-E-Scooter-VX4-LT-45-km-1.jpg\",\"contentUrl\":\"https:\\\/\\\/www.etrix.ch\\\/media\\\/2024\\\/10\\\/VMAX-E-Scooter-VX4-LT-45-km-1.jpg\",\"width\":1200,\"height\":1200,\"caption\":\"Scooter Vmax E Vx4 Lt (45 Km) 1\"},{\"@type\":\"BreadcrumbList\",\"@id\":\"https:\\\/\\\/www.etrix.ch\\\/it\\\/prodotto\\\/vmax-vx-4\\\/#breadcrumb\",\"itemListElement\":[{\"@type\":\"ListItem\",\"position\":1,\"name\":\"Casa\",\"item\":\"https:\\\/\\\/www.etrix.ch\\\/it\\\/\"},{\"@type\":\"ListItem\",\"position\":2,\"name\":\"Negozio\",\"item\":\"https:\\\/\\\/www.etrix.ch\\\/it\\\/negozio\\\/\"},{\"@type\":\"ListItem\",\"position\":3,\"name\":\"VMAX VX 4 GT\"}]},{\"@type\":\"WebSite\",\"@id\":\"https:\\\/\\\/www.etrix.ch\\\/it\\\/#website\",\"url\":\"https:\\\/\\\/www.etrix.ch\\\/it\\\/\",\"name\":\"ETRIX Elektroroller\",\"description\":\"E-Motos\",\"publisher\":{\"@id\":\"https:\\\/\\\/www.etrix.ch\\\/it\\\/#organization\"},\"potentialAction\":[{\"@type\":\"SearchAction\",\"target\":{\"@type\":\"EntryPoint\",\"urlTemplate\":\"https:\\\/\\\/www.etrix.ch\\\/it\\\/?s={search_term_string}\"},\"query-input\":{\"@type\":\"PropertyValueSpecification\",\"valueRequired\":true,\"valueName\":\"search_term_string\"}}],\"inLanguage\":\"it-IT\"},{\"@type\":[\"Organization\",\"Place\",\"MotorcycleDealer\"],\"@id\":\"https:\\\/\\\/www.etrix.ch\\\/it\\\/#organization\",\"name\":\"ETRIX E-Motos\",\"url\":\"https:\\\/\\\/www.etrix.ch\\\/it\\\/\",\"logo\":{\"@id\":\"https:\\\/\\\/www.etrix.ch\\\/it\\\/prodotto\\\/vmax-vx-4\\\/#local-main-organization-logo\"},\"image\":{\"@id\":\"https:\\\/\\\/www.etrix.ch\\\/it\\\/prodotto\\\/vmax-vx-4\\\/#local-main-organization-logo\"},\"sameAs\":[\"https:\\\/\\\/m.facebook.com\\\/etrix.emotos\\\/\",\"https:\\\/\\\/x.com\\\/etrixag\",\"https:\\\/\\\/www.instagram.com\\\/etrix_emotos\\\/p\\\/BtVW6bXHtNv\\\/\",\"https:\\\/\\\/www.linkedin.com\\\/company\\\/etrix-ag\",\"https:\\\/\\\/www.youtube.com\\\/channel\\\/UCSd-hJdu5u8xPUEY60jexOw\"],\"address\":{\"@id\":\"https:\\\/\\\/www.etrix.ch\\\/it\\\/prodotto\\\/vmax-vx-4\\\/#local-main-place-address\"},\"geo\":{\"@type\":\"GeoCoordinates\",\"latitude\":\"47.43839497999372\",\"longitude\":\"8.465227605227366\"},\"telephone\":[\"043 931 00 45\"],\"openingHoursSpecification\":[{\"@type\":\"OpeningHoursSpecification\",\"dayOfWeek\":[\"Monday\",\"Sunday\"],\"opens\":\"00:00\",\"closes\":\"00:00\"},{\"@type\":\"OpeningHoursSpecification\",\"dayOfWeek\":[\"Tuesday\",\"Wednesday\",\"Thursday\",\"Friday\"],\"opens\":\"10:00\",\"closes\":\"18:00\"},{\"@type\":\"OpeningHoursSpecification\",\"dayOfWeek\":[\"Saturday\"],\"opens\":\"10:00\",\"closes\":\"15:00\"}]},{\"@type\":\"PostalAddress\",\"@id\":\"https:\\\/\\\/www.etrix.ch\\\/it\\\/prodotto\\\/vmax-vx-4\\\/#local-main-place-address\",\"streetAddress\":\"Riedthofstrasse 122\",\"addressLocality\":\"Regensdorf\",\"postalCode\":\"8105\",\"addressRegion\":\"Z\u00fcrich\",\"addressCountry\":\"CH\"},{\"@type\":\"ImageObject\",\"inLanguage\":\"it-IT\",\"@id\":\"https:\\\/\\\/www.etrix.ch\\\/it\\\/prodotto\\\/vmax-vx-4\\\/#local-main-organization-logo\",\"url\":\"https:\\\/\\\/www.etrix.ch\\\/media\\\/2021\\\/05\\\/ETRIX-logo.png\",\"contentUrl\":\"https:\\\/\\\/www.etrix.ch\\\/media\\\/2021\\\/05\\\/ETRIX-logo.png\",\"width\":470,\"height\":85,\"caption\":\"ETRIX E-Motos\"}]}<\/script>\n<meta property=\"product:brand\" content=\"VMAX\" \/>\n<meta property=\"product:price:amount\" content=\"1299.00\" \/>\n<meta property=\"product:price:currency\" content=\"CHF\" \/>\n<meta property=\"og:availability\" content=\"instock\" \/>\n<meta property=\"product:availability\" content=\"instock\" \/>\n<meta property=\"product:retailer_item_id\" content=\"VMAX-VX-4\" \/>\n<meta property=\"product:condition\" content=\"new\" \/>\n<meta name=\"geo.placename\" content=\"Regensdorf\" \/>\n<meta name=\"geo.position\" content=\"47.43839497999372;8.465227605227366\" \/>\n<meta name=\"geo.region\" content=\"Svizzera\" \/>\n<!-- \/ Yoast SEO Premium plugin. -->","yoast_head_json":{"title":"VMAX VX 4 GT - ETRIX Elektroroller","robots":{"index":"index","follow":"follow","max-snippet":"max-snippet:-1","max-image-preview":"max-image-preview:large","max-video-preview":"max-video-preview:-1"},"canonical":"https:\/\/www.etrix.ch\/it\/prodotto\/vmax-vx-4\/","og_locale":"it_IT","og_type":"article","og_title":"VMAX VX 4 GT","og_description":"Il VMAX VX4 GT \u00e8 l'e-scooter omologato su strada pi\u00f9 potente della Svizzera. Con 500 watt e 1.550 watt di potenza di picco, pu\u00f2 superare pendenze fino al 33%.","og_url":"https:\/\/www.etrix.ch\/it\/prodotto\/vmax-vx-4\/","og_site_name":"ETRIX Elektroroller","article_publisher":"https:\/\/m.facebook.com\/etrix.emotos\/","article_modified_time":"2025-12-07T23:42:02+00:00","og_image":[{"width":1200,"height":1200,"url":"https:\/\/www.etrix.ch\/media\/2024\/10\/VMAX-E-Scooter-VX4-LT-45-km-1.jpg","type":"image\/jpeg"}],"twitter_card":"summary_large_image","twitter_site":"@etrixag","twitter_misc":{"Prezzo":"&#67;&#72;&#70;&nbsp;1'299.00 inkl. MwSt.","Disponibilit\u00e0":"In stock"},"schema":{"@context":"https:\/\/schema.org","@graph":[{"@type":"WebPage","@id":"https:\/\/www.etrix.ch\/it\/prodotto\/vmax-vx-4\/","url":"https:\/\/www.etrix.ch\/it\/prodotto\/vmax-vx-4\/","name":"VMAX VX 4 GT - ETRIX Elektroroller","isPartOf":{"@id":"https:\/\/www.etrix.ch\/it\/#website"},"primaryImageOfPage":{"@id":"https:\/\/www.etrix.ch\/it\/prodotto\/vmax-vx-4\/#primaryimage"},"image":{"@id":"https:\/\/www.etrix.ch\/it\/prodotto\/vmax-vx-4\/#primaryimage"},"thumbnailUrl":"https:\/\/www.etrix.ch\/media\/2024\/10\/VMAX-E-Scooter-VX4-LT-45-km-1.jpg","datePublished":"2024-10-24T08:50:07+00:00","dateModified":"2025-12-07T23:42:02+00:00","breadcrumb":{"@id":"https:\/\/www.etrix.ch\/it\/prodotto\/vmax-vx-4\/#breadcrumb"},"inLanguage":"it-IT","potentialAction":[{"@type":"ReadAction","target":["https:\/\/www.etrix.ch\/it\/prodotto\/vmax-vx-4\/"]}]},{"@type":"ImageObject","inLanguage":"it-IT","@id":"https:\/\/www.etrix.ch\/it\/prodotto\/vmax-vx-4\/#primaryimage","url":"https:\/\/www.etrix.ch\/media\/2024\/10\/VMAX-E-Scooter-VX4-LT-45-km-1.jpg","contentUrl":"https:\/\/www.etrix.ch\/media\/2024\/10\/VMAX-E-Scooter-VX4-LT-45-km-1.jpg","width":1200,"height":1200,"caption":"Scooter Vmax E Vx4 Lt (45 Km) 1"},{"@type":"BreadcrumbList","@id":"https:\/\/www.etrix.ch\/it\/prodotto\/vmax-vx-4\/#breadcrumb","itemListElement":[{"@type":"ListItem","position":1,"name":"Casa","item":"https:\/\/www.etrix.ch\/it\/"},{"@type":"ListItem","position":2,"name":"Negozio","item":"https:\/\/www.etrix.ch\/it\/negozio\/"},{"@type":"ListItem","position":3,"name":"VMAX VX 4 GT"}]},{"@type":"WebSite","@id":"https:\/\/www.etrix.ch\/it\/#website","url":"https:\/\/www.etrix.ch\/it\/","name":"ETRIX Elektroroller","description":"E-Motos","publisher":{"@id":"https:\/\/www.etrix.ch\/it\/#organization"},"potentialAction":[{"@type":"SearchAction","target":{"@type":"EntryPoint","urlTemplate":"https:\/\/www.etrix.ch\/it\/?s={search_term_string}"},"query-input":{"@type":"PropertyValueSpecification","valueRequired":true,"valueName":"search_term_string"}}],"inLanguage":"it-IT"},{"@type":["Organization","Place","MotorcycleDealer"],"@id":"https:\/\/www.etrix.ch\/it\/#organization","name":"ETRIX E-Motos","url":"https:\/\/www.etrix.ch\/it\/","logo":{"@id":"https:\/\/www.etrix.ch\/it\/prodotto\/vmax-vx-4\/#local-main-organization-logo"},"image":{"@id":"https:\/\/www.etrix.ch\/it\/prodotto\/vmax-vx-4\/#local-main-organization-logo"},"sameAs":["https:\/\/m.facebook.com\/etrix.emotos\/","https:\/\/x.com\/etrixag","https:\/\/www.instagram.com\/etrix_emotos\/p\/BtVW6bXHtNv\/","https:\/\/www.linkedin.com\/company\/etrix-ag","https:\/\/www.youtube.com\/channel\/UCSd-hJdu5u8xPUEY60jexOw"],"address":{"@id":"https:\/\/www.etrix.ch\/it\/prodotto\/vmax-vx-4\/#local-main-place-address"},"geo":{"@type":"GeoCoordinates","latitude":"47.43839497999372","longitude":"8.465227605227366"},"telephone":["043 931 00 45"],"openingHoursSpecification":[{"@type":"OpeningHoursSpecification","dayOfWeek":["Monday","Sunday"],"opens":"00:00","closes":"00:00"},{"@type":"OpeningHoursSpecification","dayOfWeek":["Tuesday","Wednesday","Thursday","Friday"],"opens":"10:00","closes":"18:00"},{"@type":"OpeningHoursSpecification","dayOfWeek":["Saturday"],"opens":"10:00","closes":"15:00"}]},{"@type":"PostalAddress","@id":"https:\/\/www.etrix.ch\/it\/prodotto\/vmax-vx-4\/#local-main-place-address","streetAddress":"Riedthofstrasse 122","addressLocality":"Regensdorf","postalCode":"8105","addressRegion":"Z\u00fcrich","addressCountry":"CH"},{"@type":"ImageObject","inLanguage":"it-IT","@id":"https:\/\/www.etrix.ch\/it\/prodotto\/vmax-vx-4\/#local-main-organization-logo","url":"https:\/\/www.etrix.ch\/media\/2021\/05\/ETRIX-logo.png","contentUrl":"https:\/\/www.etrix.ch\/media\/2021\/05\/ETRIX-logo.png","width":470,"height":85,"caption":"ETRIX E-Motos"}]},"product_brand":"VMAX","product_price_amount":"1299.00","product_price_currency":"CHF","og_availability":"instock","product_availability":"instock","product_retailer_item_id":"VMAX-VX-4","product_condition":"new","geo.placename":"Regensdorf","geo.position":{"lat":"47.43839497999372","long":"8.465227605227366"},"geo.region":"Svizzera"},"_links":{"self":[{"href":"https:\/\/www.etrix.ch\/it\/wp-json\/wp\/v2\/product\/31909","targetHints":{"allow":["GET"]}}],"collection":[{"href":"https:\/\/www.etrix.ch\/it\/wp-json\/wp\/v2\/product"}],"about":[{"href":"https:\/\/www.etrix.ch\/it\/wp-json\/wp\/v2\/types\/product"}],"wp:featuredmedia":[{"embeddable":true,"href":"https:\/\/www.etrix.ch\/it\/wp-json\/wp\/v2\/media\/35500"}],"wp:attachment":[{"href":"https:\/\/www.etrix.ch\/it\/wp-json\/wp\/v2\/media?parent=31909"}],"wp:term":[{"taxonomy":"product_brand","embeddable":true,"href":"https:\/\/www.etrix.ch\/it\/wp-json\/wp\/v2\/product_brand?post=31909"},{"taxonomy":"product_cat","embeddable":true,"href":"https:\/\/www.etrix.ch\/it\/wp-json\/wp\/v2\/product_cat?post=31909"},{"taxonomy":"product_tag","embeddable":true,"href":"https:\/\/www.etrix.ch\/it\/wp-json\/wp\/v2\/product_tag?post=31909"}],"curies":[{"name":"wp","href":"https:\/\/api.w.org\/{rel}","templated":true}]}}