{"id":28643,"date":"2024-05-27T00:45:29","date_gmt":"2024-05-26T22:45:29","guid":{"rendered":"https:\/\/www.etrix.ch\/produkt\/portapacchi-laterale-shad-sh36-zero\/"},"modified":"2024-11-21T10:13:27","modified_gmt":"2024-11-21T09:13:27","slug":"portapacchi-laterale-shad-sh36-zero","status":"publish","type":"product","link":"https:\/\/www.etrix.ch\/it\/prodotto\/portapacchi-laterale-shad-sh36-zero\/","title":{"rendered":"Portapacchi Laterale Shad Sh36 - Zero"},"content":{"rendered":"<p>Le valigie laterali SHAD SH36 offrono un comodo aggancio e sgancio per le vostre esigenze di stoccaggio sull&#8217;SR\/S. Chiudibile a chiave ma accessibile senza bisogno di chiave. Queste valigie laterali possono contenere facilmente un casco integrale XXL. Le valigie SHAD SH36 hanno una capacit\u00e0 di stoccaggio combinata di 72 litri con una capacit\u00e0 di carico massima di 10,8 kg per cassa. L&#8217;attacco per portapacchi laterale \u00e8 disponibile in acciaio verniciato a polvere nero o insieme alle valigie laterali SHAD SH36.<\/p>\n","protected":false},"excerpt":{"rendered":"<p>Le valigie laterali SHAD SH36 &#8230; <a title=\"Portapacchi Laterale Shad Sh36 - Zero\" class=\"read-more\" href=\"https:\/\/www.etrix.ch\/it\/prodotto\/portapacchi-laterale-shad-sh36-zero\/\" aria-label=\"Per saperne di pi\u00f9 su Portapacchi Laterale Shad Sh36 - Zero\">&gt;  Leggi di pi\u00f9<\/a><\/p>\n","protected":false},"featured_media":27812,"template":"","meta":{"_acf_changed":false},"product_brand":[],"product_cat":[2168,1644,2167,2273],"product_tag":[],"class_list":{"0":"post-28643","1":"product","2":"type-product","3":"status-publish","4":"has-post-thumbnail","6":"product_cat-accessori-per-moto-elettriche","7":"product_cat-accessoristica","8":"product_cat-e-motocicletta","9":"product_cat-immagazzinamento","10":"product_shipping_class-spedizione-zero","11":"pa_marke-zero-it","12":"sales-flash-overlay","13":"woocommerce-text-align-left","14":"woocommerce-image-align-center","15":"do-quantity-buttons","16":"wc-has-gallery","18":"first","19":"instock","20":"taxable","21":"shipping-taxable","22":"purchasable","23":"product-type-variable"},"acf":[],"yoast_head":"<!-- This site is optimized with the Yoast SEO Premium plugin v26.9 (Yoast SEO v27.4) - https:\/\/yoast.com\/product\/yoast-seo-premium-wordpress\/ -->\n<title>Portapacchi Laterale Shad Sh36 - Zero - ETRIX Elektroroller<\/title>\n<meta name=\"robots\" content=\"index, follow, max-snippet:-1, max-image-preview:large, max-video-preview:-1\" \/>\n<link rel=\"canonical\" href=\"https:\/\/www.etrix.ch\/it\/prodotto\/portapacchi-laterale-shad-sh36-zero\/\" \/>\n<meta property=\"og:locale\" content=\"it_IT\" \/>\n<meta property=\"og:type\" content=\"article\" \/>\n<meta property=\"og:title\" content=\"Portapacchi Laterale Shad Sh36 - Zero\" \/>\n<meta property=\"og:description\" content=\"Le valigie laterali SHAD SH36 ... &gt; Leggi di pi\u00f9\" \/>\n<meta property=\"og:url\" content=\"https:\/\/www.etrix.ch\/it\/prodotto\/portapacchi-laterale-shad-sh36-zero\/\" \/>\n<meta property=\"og:site_name\" content=\"ETRIX Elektroroller\" \/>\n<meta property=\"article:publisher\" content=\"https:\/\/m.facebook.com\/etrix.emotos\/\" \/>\n<meta property=\"article:modified_time\" content=\"2024-11-21T09:13:27+00:00\" \/>\n<meta property=\"og:image\" content=\"https:\/\/www.etrix.ch\/media\/2024\/05\/file_e72ee073-aa4e-4583-b600-b1f90629fc9d_1024x1024.png\" \/>\n\t<meta property=\"og:image:width\" content=\"1024\" \/>\n\t<meta property=\"og:image:height\" content=\"819\" \/>\n\t<meta property=\"og:image:type\" content=\"image\/png\" \/>\n<meta name=\"twitter:card\" content=\"summary_large_image\" \/>\n<meta name=\"twitter:site\" content=\"@etrixag\" \/>\n<meta name=\"twitter:label1\" content=\"Disponibilit\u00e0\" \/>\n\t<meta name=\"twitter:data1\" content=\"In stock\" \/>\n<script type=\"application\/ld+json\" class=\"yoast-schema-graph\">{\"@context\":\"https:\\\/\\\/schema.org\",\"@graph\":[{\"@type\":\"WebPage\",\"@id\":\"https:\\\/\\\/www.etrix.ch\\\/it\\\/prodotto\\\/portapacchi-laterale-shad-sh36-zero\\\/\",\"url\":\"https:\\\/\\\/www.etrix.ch\\\/it\\\/prodotto\\\/portapacchi-laterale-shad-sh36-zero\\\/\",\"name\":\"Portapacchi Laterale Shad Sh36 - Zero - ETRIX Elektroroller\",\"isPartOf\":{\"@id\":\"https:\\\/\\\/www.etrix.ch\\\/it\\\/#website\"},\"primaryImageOfPage\":{\"@id\":\"https:\\\/\\\/www.etrix.ch\\\/it\\\/prodotto\\\/portapacchi-laterale-shad-sh36-zero\\\/#primaryimage\"},\"image\":{\"@id\":\"https:\\\/\\\/www.etrix.ch\\\/it\\\/prodotto\\\/portapacchi-laterale-shad-sh36-zero\\\/#primaryimage\"},\"thumbnailUrl\":\"https:\\\/\\\/www.etrix.ch\\\/media\\\/2024\\\/05\\\/file_e72ee073-aa4e-4583-b600-b1f90629fc9d_1024x1024.png\",\"datePublished\":\"2024-05-26T22:45:29+00:00\",\"dateModified\":\"2024-11-21T09:13:27+00:00\",\"breadcrumb\":{\"@id\":\"https:\\\/\\\/www.etrix.ch\\\/it\\\/prodotto\\\/portapacchi-laterale-shad-sh36-zero\\\/#breadcrumb\"},\"inLanguage\":\"it-IT\",\"potentialAction\":[{\"@type\":\"ReadAction\",\"target\":[\"https:\\\/\\\/www.etrix.ch\\\/it\\\/prodotto\\\/portapacchi-laterale-shad-sh36-zero\\\/\"]}]},{\"@type\":\"ImageObject\",\"inLanguage\":\"it-IT\",\"@id\":\"https:\\\/\\\/www.etrix.ch\\\/it\\\/prodotto\\\/portapacchi-laterale-shad-sh36-zero\\\/#primaryimage\",\"url\":\"https:\\\/\\\/www.etrix.ch\\\/media\\\/2024\\\/05\\\/file_e72ee073-aa4e-4583-b600-b1f90629fc9d_1024x1024.png\",\"contentUrl\":\"https:\\\/\\\/www.etrix.ch\\\/media\\\/2024\\\/05\\\/file_e72ee073-aa4e-4583-b600-b1f90629fc9d_1024x1024.png\",\"width\":1024,\"height\":819},{\"@type\":\"BreadcrumbList\",\"@id\":\"https:\\\/\\\/www.etrix.ch\\\/it\\\/prodotto\\\/portapacchi-laterale-shad-sh36-zero\\\/#breadcrumb\",\"itemListElement\":[{\"@type\":\"ListItem\",\"position\":1,\"name\":\"Casa\",\"item\":\"https:\\\/\\\/www.etrix.ch\\\/it\\\/\"},{\"@type\":\"ListItem\",\"position\":2,\"name\":\"Negozio\",\"item\":\"https:\\\/\\\/www.etrix.ch\\\/it\\\/negozio\\\/\"},{\"@type\":\"ListItem\",\"position\":3,\"name\":\"Portapacchi Laterale Shad Sh36 &#8211; Zero\"}]},{\"@type\":\"WebSite\",\"@id\":\"https:\\\/\\\/www.etrix.ch\\\/it\\\/#website\",\"url\":\"https:\\\/\\\/www.etrix.ch\\\/it\\\/\",\"name\":\"ETRIX Elektroroller\",\"description\":\"E-Motos\",\"publisher\":{\"@id\":\"https:\\\/\\\/www.etrix.ch\\\/it\\\/#organization\"},\"potentialAction\":[{\"@type\":\"SearchAction\",\"target\":{\"@type\":\"EntryPoint\",\"urlTemplate\":\"https:\\\/\\\/www.etrix.ch\\\/it\\\/?s={search_term_string}\"},\"query-input\":{\"@type\":\"PropertyValueSpecification\",\"valueRequired\":true,\"valueName\":\"search_term_string\"}}],\"inLanguage\":\"it-IT\"},{\"@type\":[\"Organization\",\"Place\",\"MotorcycleDealer\"],\"@id\":\"https:\\\/\\\/www.etrix.ch\\\/it\\\/#organization\",\"name\":\"ETRIX E-Motos\",\"url\":\"https:\\\/\\\/www.etrix.ch\\\/it\\\/\",\"logo\":{\"@id\":\"https:\\\/\\\/www.etrix.ch\\\/it\\\/prodotto\\\/portapacchi-laterale-shad-sh36-zero\\\/#local-main-organization-logo\"},\"image\":{\"@id\":\"https:\\\/\\\/www.etrix.ch\\\/it\\\/prodotto\\\/portapacchi-laterale-shad-sh36-zero\\\/#local-main-organization-logo\"},\"sameAs\":[\"https:\\\/\\\/m.facebook.com\\\/etrix.emotos\\\/\",\"https:\\\/\\\/x.com\\\/etrixag\",\"https:\\\/\\\/www.instagram.com\\\/etrix_emotos\\\/p\\\/BtVW6bXHtNv\\\/\",\"https:\\\/\\\/www.linkedin.com\\\/company\\\/etrix-ag\",\"https:\\\/\\\/www.youtube.com\\\/channel\\\/UCSd-hJdu5u8xPUEY60jexOw\"],\"address\":{\"@id\":\"https:\\\/\\\/www.etrix.ch\\\/it\\\/prodotto\\\/portapacchi-laterale-shad-sh36-zero\\\/#local-main-place-address\"},\"geo\":{\"@type\":\"GeoCoordinates\",\"latitude\":\"47.43839497999372\",\"longitude\":\"8.465227605227366\"},\"telephone\":[\"043 931 00 45\"],\"openingHoursSpecification\":[{\"@type\":\"OpeningHoursSpecification\",\"dayOfWeek\":[\"Monday\",\"Sunday\"],\"opens\":\"00:00\",\"closes\":\"00:00\"},{\"@type\":\"OpeningHoursSpecification\",\"dayOfWeek\":[\"Tuesday\",\"Wednesday\",\"Thursday\",\"Friday\"],\"opens\":\"10:00\",\"closes\":\"18:00\"},{\"@type\":\"OpeningHoursSpecification\",\"dayOfWeek\":[\"Saturday\"],\"opens\":\"10:00\",\"closes\":\"15:00\"}]},{\"@type\":\"PostalAddress\",\"@id\":\"https:\\\/\\\/www.etrix.ch\\\/it\\\/prodotto\\\/portapacchi-laterale-shad-sh36-zero\\\/#local-main-place-address\",\"streetAddress\":\"Riedthofstrasse 122\",\"addressLocality\":\"Regensdorf\",\"postalCode\":\"8105\",\"addressRegion\":\"Z\u00fcrich\",\"addressCountry\":\"CH\"},{\"@type\":\"ImageObject\",\"inLanguage\":\"it-IT\",\"@id\":\"https:\\\/\\\/www.etrix.ch\\\/it\\\/prodotto\\\/portapacchi-laterale-shad-sh36-zero\\\/#local-main-organization-logo\",\"url\":\"https:\\\/\\\/www.etrix.ch\\\/media\\\/2021\\\/05\\\/ETRIX-logo.png\",\"contentUrl\":\"https:\\\/\\\/www.etrix.ch\\\/media\\\/2021\\\/05\\\/ETRIX-logo.png\",\"width\":470,\"height\":85,\"caption\":\"ETRIX E-Motos\"}]}<\/script>\n<meta property=\"product:brand\" content=\"Zero\" \/>\n<meta property=\"og:availability\" content=\"instock\" \/>\n<meta property=\"product:availability\" content=\"instock\" \/>\n<meta property=\"product:retailer_item_id\" content=\"24-08532\" \/>\n<meta property=\"product:condition\" content=\"new\" \/>\n<meta name=\"geo.placename\" content=\"Regensdorf\" \/>\n<meta name=\"geo.position\" content=\"47.43839497999372;8.465227605227366\" \/>\n<meta name=\"geo.region\" content=\"Svizzera\" \/>\n<!-- \/ Yoast SEO Premium plugin. -->","yoast_head_json":{"title":"Portapacchi Laterale Shad Sh36 - Zero - ETRIX Elektroroller","robots":{"index":"index","follow":"follow","max-snippet":"max-snippet:-1","max-image-preview":"max-image-preview:large","max-video-preview":"max-video-preview:-1"},"canonical":"https:\/\/www.etrix.ch\/it\/prodotto\/portapacchi-laterale-shad-sh36-zero\/","og_locale":"it_IT","og_type":"article","og_title":"Portapacchi Laterale Shad Sh36 - Zero","og_description":"Le valigie laterali SHAD SH36 ... &gt; Leggi di pi\u00f9","og_url":"https:\/\/www.etrix.ch\/it\/prodotto\/portapacchi-laterale-shad-sh36-zero\/","og_site_name":"ETRIX Elektroroller","article_publisher":"https:\/\/m.facebook.com\/etrix.emotos\/","article_modified_time":"2024-11-21T09:13:27+00:00","og_image":[{"width":1024,"height":819,"url":"https:\/\/www.etrix.ch\/media\/2024\/05\/file_e72ee073-aa4e-4583-b600-b1f90629fc9d_1024x1024.png","type":"image\/png"}],"twitter_card":"summary_large_image","twitter_site":"@etrixag","twitter_misc":{"Disponibilit\u00e0":"In stock"},"schema":{"@context":"https:\/\/schema.org","@graph":[{"@type":"WebPage","@id":"https:\/\/www.etrix.ch\/it\/prodotto\/portapacchi-laterale-shad-sh36-zero\/","url":"https:\/\/www.etrix.ch\/it\/prodotto\/portapacchi-laterale-shad-sh36-zero\/","name":"Portapacchi Laterale Shad Sh36 - Zero - ETRIX Elektroroller","isPartOf":{"@id":"https:\/\/www.etrix.ch\/it\/#website"},"primaryImageOfPage":{"@id":"https:\/\/www.etrix.ch\/it\/prodotto\/portapacchi-laterale-shad-sh36-zero\/#primaryimage"},"image":{"@id":"https:\/\/www.etrix.ch\/it\/prodotto\/portapacchi-laterale-shad-sh36-zero\/#primaryimage"},"thumbnailUrl":"https:\/\/www.etrix.ch\/media\/2024\/05\/file_e72ee073-aa4e-4583-b600-b1f90629fc9d_1024x1024.png","datePublished":"2024-05-26T22:45:29+00:00","dateModified":"2024-11-21T09:13:27+00:00","breadcrumb":{"@id":"https:\/\/www.etrix.ch\/it\/prodotto\/portapacchi-laterale-shad-sh36-zero\/#breadcrumb"},"inLanguage":"it-IT","potentialAction":[{"@type":"ReadAction","target":["https:\/\/www.etrix.ch\/it\/prodotto\/portapacchi-laterale-shad-sh36-zero\/"]}]},{"@type":"ImageObject","inLanguage":"it-IT","@id":"https:\/\/www.etrix.ch\/it\/prodotto\/portapacchi-laterale-shad-sh36-zero\/#primaryimage","url":"https:\/\/www.etrix.ch\/media\/2024\/05\/file_e72ee073-aa4e-4583-b600-b1f90629fc9d_1024x1024.png","contentUrl":"https:\/\/www.etrix.ch\/media\/2024\/05\/file_e72ee073-aa4e-4583-b600-b1f90629fc9d_1024x1024.png","width":1024,"height":819},{"@type":"BreadcrumbList","@id":"https:\/\/www.etrix.ch\/it\/prodotto\/portapacchi-laterale-shad-sh36-zero\/#breadcrumb","itemListElement":[{"@type":"ListItem","position":1,"name":"Casa","item":"https:\/\/www.etrix.ch\/it\/"},{"@type":"ListItem","position":2,"name":"Negozio","item":"https:\/\/www.etrix.ch\/it\/negozio\/"},{"@type":"ListItem","position":3,"name":"Portapacchi Laterale Shad Sh36 &#8211; Zero"}]},{"@type":"WebSite","@id":"https:\/\/www.etrix.ch\/it\/#website","url":"https:\/\/www.etrix.ch\/it\/","name":"ETRIX Elektroroller","description":"E-Motos","publisher":{"@id":"https:\/\/www.etrix.ch\/it\/#organization"},"potentialAction":[{"@type":"SearchAction","target":{"@type":"EntryPoint","urlTemplate":"https:\/\/www.etrix.ch\/it\/?s={search_term_string}"},"query-input":{"@type":"PropertyValueSpecification","valueRequired":true,"valueName":"search_term_string"}}],"inLanguage":"it-IT"},{"@type":["Organization","Place","MotorcycleDealer"],"@id":"https:\/\/www.etrix.ch\/it\/#organization","name":"ETRIX E-Motos","url":"https:\/\/www.etrix.ch\/it\/","logo":{"@id":"https:\/\/www.etrix.ch\/it\/prodotto\/portapacchi-laterale-shad-sh36-zero\/#local-main-organization-logo"},"image":{"@id":"https:\/\/www.etrix.ch\/it\/prodotto\/portapacchi-laterale-shad-sh36-zero\/#local-main-organization-logo"},"sameAs":["https:\/\/m.facebook.com\/etrix.emotos\/","https:\/\/x.com\/etrixag","https:\/\/www.instagram.com\/etrix_emotos\/p\/BtVW6bXHtNv\/","https:\/\/www.linkedin.com\/company\/etrix-ag","https:\/\/www.youtube.com\/channel\/UCSd-hJdu5u8xPUEY60jexOw"],"address":{"@id":"https:\/\/www.etrix.ch\/it\/prodotto\/portapacchi-laterale-shad-sh36-zero\/#local-main-place-address"},"geo":{"@type":"GeoCoordinates","latitude":"47.43839497999372","longitude":"8.465227605227366"},"telephone":["043 931 00 45"],"openingHoursSpecification":[{"@type":"OpeningHoursSpecification","dayOfWeek":["Monday","Sunday"],"opens":"00:00","closes":"00:00"},{"@type":"OpeningHoursSpecification","dayOfWeek":["Tuesday","Wednesday","Thursday","Friday"],"opens":"10:00","closes":"18:00"},{"@type":"OpeningHoursSpecification","dayOfWeek":["Saturday"],"opens":"10:00","closes":"15:00"}]},{"@type":"PostalAddress","@id":"https:\/\/www.etrix.ch\/it\/prodotto\/portapacchi-laterale-shad-sh36-zero\/#local-main-place-address","streetAddress":"Riedthofstrasse 122","addressLocality":"Regensdorf","postalCode":"8105","addressRegion":"Z\u00fcrich","addressCountry":"CH"},{"@type":"ImageObject","inLanguage":"it-IT","@id":"https:\/\/www.etrix.ch\/it\/prodotto\/portapacchi-laterale-shad-sh36-zero\/#local-main-organization-logo","url":"https:\/\/www.etrix.ch\/media\/2021\/05\/ETRIX-logo.png","contentUrl":"https:\/\/www.etrix.ch\/media\/2021\/05\/ETRIX-logo.png","width":470,"height":85,"caption":"ETRIX E-Motos"}]},"product_brand":"Zero","og_availability":"instock","product_availability":"instock","product_retailer_item_id":"24-08532","product_condition":"new","geo.placename":"Regensdorf","geo.position":{"lat":"47.43839497999372","long":"8.465227605227366"},"geo.region":"Svizzera"},"_links":{"self":[{"href":"https:\/\/www.etrix.ch\/it\/wp-json\/wp\/v2\/product\/28643","targetHints":{"allow":["GET"]}}],"collection":[{"href":"https:\/\/www.etrix.ch\/it\/wp-json\/wp\/v2\/product"}],"about":[{"href":"https:\/\/www.etrix.ch\/it\/wp-json\/wp\/v2\/types\/product"}],"wp:featuredmedia":[{"embeddable":true,"href":"https:\/\/www.etrix.ch\/it\/wp-json\/wp\/v2\/media\/27812"}],"wp:attachment":[{"href":"https:\/\/www.etrix.ch\/it\/wp-json\/wp\/v2\/media?parent=28643"}],"wp:term":[{"taxonomy":"product_brand","embeddable":true,"href":"https:\/\/www.etrix.ch\/it\/wp-json\/wp\/v2\/product_brand?post=28643"},{"taxonomy":"product_cat","embeddable":true,"href":"https:\/\/www.etrix.ch\/it\/wp-json\/wp\/v2\/product_cat?post=28643"},{"taxonomy":"product_tag","embeddable":true,"href":"https:\/\/www.etrix.ch\/it\/wp-json\/wp\/v2\/product_tag?post=28643"}],"curies":[{"name":"wp","href":"https:\/\/api.w.org\/{rel}","templated":true}]}}