{"id":22618,"date":"2020-04-02T20:28:41","date_gmt":"2020-04-02T18:28:41","guid":{"rendered":"https:\/\/www.etrix.ch\/produkt\/zaino-da-trasporto-enviado-espandibile-42l-80l-nero-modello-2020\/"},"modified":"2024-08-29T10:54:59","modified_gmt":"2024-08-29T08:54:59","slug":"enviado-trasporto-zaino-espandibile-nero-modello-2020","status":"publish","type":"product","link":"https:\/\/www.etrix.ch\/it\/prodotto\/enviado-trasporto-zaino-espandibile-nero-modello-2020\/","title":{"rendered":"zaino da trasporto enviado espandibile 42L\/80L \u2013 nero (modello 2020)"},"content":{"rendered":"<p><strong>Zaino da corriere molto leggero e comodo!<\/strong> Zaino&nbsp; da trasporto di altissima qualit\u00e0: esattamente lo stesso modello utilizzato dai servizi di consegna globali dal 2018. Lo zaino \u00e8 realizzato in telone nero impermeabile&nbsp;ed \u00e8 dotato di isolamento in schiuma ad alta densit\u00e0&nbsp;. All&#8217;interno, un rivestimento convesso in alluminio garantisce una dissipazione minima del calore. Questo mantiene il cibo nello zaino caldo. Le borse laterali, cos\u00ec come la sezione posteriore, sono realizzate in materiale riflettente, in modo da poter vedere bene i piloti anche al buio.  <\/p>\n<ul>\n<li>Zaino standard globale di molti servizi di consegna dal 2018<\/li>\n<li>Dimensioni interne 43 x 44 x 22 cm o estese 43 x 44 x 42 cm<\/li>\n<li>Volume: 42 litri \u2013 80 litri<\/li>\n<li>Peso 2,5 kg<\/li>\n<li>Tasche laterali e sezione posteriore in materiale riflettente<\/li>\n<li>Lo zaino di consegna pu\u00f2 essere facilmente coperto con pellicole pubblicitarie<\/li>\n<\/ul>\n","protected":false},"excerpt":{"rendered":"<p>Zaino da trasporto di altissima qualit\u00e0! Espandibile da 22 cm a 42 cm.<\/p>\n","protected":false},"featured_media":22621,"template":"","meta":{"_acf_changed":false},"product_brand":[],"product_cat":[1855,1644,1635,1859],"product_tag":[1856],"class_list":{"0":"post-22618","1":"product","2":"type-product","3":"status-publish","4":"has-post-thumbnail","6":"product_cat-accessori-per-la-consegna","7":"product_cat-accessoristica","8":"product_cat-e-bike-it","9":"product_cat-enviado-accessori","10":"product_tag-accessori-per-la-consegna","11":"pa_marke-enviado-it","12":"sales-flash-overlay","13":"woocommerce-text-align-left","14":"woocommerce-image-align-center","15":"do-quantity-buttons","16":"wc-has-gallery","18":"first","19":"instock","20":"taxable","21":"shipping-taxable","22":"purchasable","23":"product-type-simple"},"acf":[],"yoast_head":"<!-- This site is optimized with the Yoast SEO Premium plugin v26.9 (Yoast SEO v27.5) - https:\/\/yoast.com\/product\/yoast-seo-premium-wordpress\/ -->\n<title>zaino da trasporto enviado espandibile 42L\/80L \u2013 nero (modello 2020) -<\/title>\n<meta name=\"description\" content=\"Zaino da trasporto di altissima qualit\u00e0. Lo zaino \u00e8 realizzato in impermeabile, telone ed \u00e8 coperto da un denso isolamento in schiuma\" \/>\n<meta name=\"robots\" content=\"index, follow, max-snippet:-1, max-image-preview:large, max-video-preview:-1\" \/>\n<link rel=\"canonical\" href=\"https:\/\/www.etrix.ch\/it\/prodotto\/enviado-trasporto-zaino-espandibile-nero-modello-2020\/\" \/>\n<meta property=\"og:locale\" content=\"it_IT\" \/>\n<meta property=\"og:type\" content=\"article\" \/>\n<meta property=\"og:title\" content=\"zaino da trasporto enviado espandibile 42L\/80L \u2013 nero (modello 2020)\" \/>\n<meta property=\"og:description\" content=\"Zaino da trasporto di altissima qualit\u00e0. Lo zaino \u00e8 realizzato in impermeabile, telone ed \u00e8 coperto da un denso isolamento in schiuma\" \/>\n<meta property=\"og:url\" content=\"https:\/\/www.etrix.ch\/it\/prodotto\/enviado-trasporto-zaino-espandibile-nero-modello-2020\/\" \/>\n<meta property=\"og:site_name\" content=\"ETRIX Elektroroller\" \/>\n<meta property=\"article:publisher\" content=\"https:\/\/m.facebook.com\/etrix.emotos\/\" \/>\n<meta property=\"article:modified_time\" content=\"2024-08-29T08:54:59+00:00\" \/>\n<meta property=\"og:image\" content=\"https:\/\/www.etrix.ch\/media\/2021\/05\/IMG-2068.jpg\" \/>\n\t<meta property=\"og:image:width\" content=\"2048\" \/>\n\t<meta property=\"og:image:height\" content=\"2048\" \/>\n\t<meta property=\"og:image:type\" content=\"image\/jpeg\" \/>\n<meta name=\"twitter:card\" content=\"summary_large_image\" \/>\n<meta name=\"twitter:site\" content=\"@etrixag\" \/>\n<meta name=\"twitter:label1\" content=\"Prezzo\" \/>\n\t<meta name=\"twitter:data1\" content=\"&#067;&#072;&#070;&nbsp;181.00 inkl. MwSt.\" \/>\n\t<meta name=\"twitter:label2\" content=\"Disponibilit\u00e0\" \/>\n\t<meta name=\"twitter:data2\" content=\"In stock\" \/>\n<script type=\"application\/ld+json\" class=\"yoast-schema-graph\">{\"@context\":\"https:\\\/\\\/schema.org\",\"@graph\":[{\"@type\":\"WebPage\",\"@id\":\"https:\\\/\\\/www.etrix.ch\\\/it\\\/prodotto\\\/enviado-trasporto-zaino-espandibile-nero-modello-2020\\\/\",\"url\":\"https:\\\/\\\/www.etrix.ch\\\/it\\\/prodotto\\\/enviado-trasporto-zaino-espandibile-nero-modello-2020\\\/\",\"name\":\"zaino da trasporto enviado espandibile 42L\\\/80L \u2013 nero (modello 2020) -\",\"isPartOf\":{\"@id\":\"https:\\\/\\\/www.etrix.ch\\\/it\\\/#website\"},\"primaryImageOfPage\":{\"@id\":\"https:\\\/\\\/www.etrix.ch\\\/it\\\/prodotto\\\/enviado-trasporto-zaino-espandibile-nero-modello-2020\\\/#primaryimage\"},\"image\":{\"@id\":\"https:\\\/\\\/www.etrix.ch\\\/it\\\/prodotto\\\/enviado-trasporto-zaino-espandibile-nero-modello-2020\\\/#primaryimage\"},\"thumbnailUrl\":\"https:\\\/\\\/www.etrix.ch\\\/media\\\/2021\\\/05\\\/IMG-2068.jpg\",\"datePublished\":\"2020-04-02T18:28:41+00:00\",\"dateModified\":\"2024-08-29T08:54:59+00:00\",\"description\":\"Zaino da trasporto di altissima qualit\u00e0. Lo zaino \u00e8 realizzato in impermeabile, telone ed \u00e8 coperto da un denso isolamento in schiuma\",\"breadcrumb\":{\"@id\":\"https:\\\/\\\/www.etrix.ch\\\/it\\\/prodotto\\\/enviado-trasporto-zaino-espandibile-nero-modello-2020\\\/#breadcrumb\"},\"inLanguage\":\"it-IT\",\"potentialAction\":[{\"@type\":\"ReadAction\",\"target\":[\"https:\\\/\\\/www.etrix.ch\\\/it\\\/prodotto\\\/enviado-trasporto-zaino-espandibile-nero-modello-2020\\\/\"]}]},{\"@type\":\"ImageObject\",\"inLanguage\":\"it-IT\",\"@id\":\"https:\\\/\\\/www.etrix.ch\\\/it\\\/prodotto\\\/enviado-trasporto-zaino-espandibile-nero-modello-2020\\\/#primaryimage\",\"url\":\"https:\\\/\\\/www.etrix.ch\\\/media\\\/2021\\\/05\\\/IMG-2068.jpg\",\"contentUrl\":\"https:\\\/\\\/www.etrix.ch\\\/media\\\/2021\\\/05\\\/IMG-2068.jpg\",\"width\":2048,\"height\":2048,\"caption\":\"enviado Zaino da trasporto Consegna Zaino Consegna Scooter elettrico per bici\"},{\"@type\":\"BreadcrumbList\",\"@id\":\"https:\\\/\\\/www.etrix.ch\\\/it\\\/prodotto\\\/enviado-trasporto-zaino-espandibile-nero-modello-2020\\\/#breadcrumb\",\"itemListElement\":[{\"@type\":\"ListItem\",\"position\":1,\"name\":\"Casa\",\"item\":\"https:\\\/\\\/www.etrix.ch\\\/it\\\/\"},{\"@type\":\"ListItem\",\"position\":2,\"name\":\"Negozio\",\"item\":\"https:\\\/\\\/www.etrix.ch\\\/it\\\/negozio\\\/\"},{\"@type\":\"ListItem\",\"position\":3,\"name\":\"zaino da trasporto enviado espandibile 42L\\\/80L \u2013 nero (modello 2020)\"}]},{\"@type\":\"WebSite\",\"@id\":\"https:\\\/\\\/www.etrix.ch\\\/it\\\/#website\",\"url\":\"https:\\\/\\\/www.etrix.ch\\\/it\\\/\",\"name\":\"ETRIX Elektroroller\",\"description\":\"E-Motos\",\"publisher\":{\"@id\":\"https:\\\/\\\/www.etrix.ch\\\/it\\\/#organization\"},\"potentialAction\":[{\"@type\":\"SearchAction\",\"target\":{\"@type\":\"EntryPoint\",\"urlTemplate\":\"https:\\\/\\\/www.etrix.ch\\\/it\\\/?s={search_term_string}\"},\"query-input\":{\"@type\":\"PropertyValueSpecification\",\"valueRequired\":true,\"valueName\":\"search_term_string\"}}],\"inLanguage\":\"it-IT\"},{\"@type\":[\"Organization\",\"Place\",\"MotorcycleDealer\"],\"@id\":\"https:\\\/\\\/www.etrix.ch\\\/it\\\/#organization\",\"name\":\"ETRIX E-Motos\",\"url\":\"https:\\\/\\\/www.etrix.ch\\\/it\\\/\",\"logo\":{\"@id\":\"https:\\\/\\\/www.etrix.ch\\\/it\\\/prodotto\\\/enviado-trasporto-zaino-espandibile-nero-modello-2020\\\/#local-main-organization-logo\"},\"image\":{\"@id\":\"https:\\\/\\\/www.etrix.ch\\\/it\\\/prodotto\\\/enviado-trasporto-zaino-espandibile-nero-modello-2020\\\/#local-main-organization-logo\"},\"sameAs\":[\"https:\\\/\\\/m.facebook.com\\\/etrix.emotos\\\/\",\"https:\\\/\\\/x.com\\\/etrixag\",\"https:\\\/\\\/www.instagram.com\\\/etrix_emotos\\\/p\\\/BtVW6bXHtNv\\\/\",\"https:\\\/\\\/www.linkedin.com\\\/company\\\/etrix-ag\",\"https:\\\/\\\/www.youtube.com\\\/channel\\\/UCSd-hJdu5u8xPUEY60jexOw\"],\"address\":{\"@id\":\"https:\\\/\\\/www.etrix.ch\\\/it\\\/prodotto\\\/enviado-trasporto-zaino-espandibile-nero-modello-2020\\\/#local-main-place-address\"},\"geo\":{\"@type\":\"GeoCoordinates\",\"latitude\":\"47.43839497999372\",\"longitude\":\"8.465227605227366\"},\"telephone\":[\"043 931 00 45\"],\"openingHoursSpecification\":[{\"@type\":\"OpeningHoursSpecification\",\"dayOfWeek\":[\"Monday\",\"Sunday\"],\"opens\":\"00:00\",\"closes\":\"00:00\"},{\"@type\":\"OpeningHoursSpecification\",\"dayOfWeek\":[\"Tuesday\",\"Wednesday\",\"Thursday\",\"Friday\"],\"opens\":\"10:00\",\"closes\":\"18:00\"},{\"@type\":\"OpeningHoursSpecification\",\"dayOfWeek\":[\"Saturday\"],\"opens\":\"10:00\",\"closes\":\"15:00\"}]},{\"@type\":\"PostalAddress\",\"@id\":\"https:\\\/\\\/www.etrix.ch\\\/it\\\/prodotto\\\/enviado-trasporto-zaino-espandibile-nero-modello-2020\\\/#local-main-place-address\",\"streetAddress\":\"Riedthofstrasse 122\",\"addressLocality\":\"Regensdorf\",\"postalCode\":\"8105\",\"addressRegion\":\"Z\u00fcrich\",\"addressCountry\":\"CH\"},{\"@type\":\"ImageObject\",\"inLanguage\":\"it-IT\",\"@id\":\"https:\\\/\\\/www.etrix.ch\\\/it\\\/prodotto\\\/enviado-trasporto-zaino-espandibile-nero-modello-2020\\\/#local-main-organization-logo\",\"url\":\"https:\\\/\\\/www.etrix.ch\\\/media\\\/2021\\\/05\\\/ETRIX-logo.png\",\"contentUrl\":\"https:\\\/\\\/www.etrix.ch\\\/media\\\/2021\\\/05\\\/ETRIX-logo.png\",\"width\":470,\"height\":85,\"caption\":\"ETRIX E-Motos\"}]}<\/script>\n<meta property=\"product:brand\" content=\"Enviado\" \/>\n<meta property=\"product:price:amount\" content=\"181.00\" \/>\n<meta property=\"product:price:currency\" content=\"CHF\" \/>\n<meta property=\"og:availability\" content=\"instock\" \/>\n<meta property=\"product:availability\" content=\"instock\" \/>\n<meta property=\"product:retailer_item_id\" content=\"AC600247\" \/>\n<meta property=\"product:condition\" content=\"new\" \/>\n<meta name=\"geo.placename\" content=\"Regensdorf\" \/>\n<meta name=\"geo.position\" content=\"47.43839497999372;8.465227605227366\" \/>\n<meta name=\"geo.region\" content=\"Svizzera\" \/>\n<!-- \/ Yoast SEO Premium plugin. -->","yoast_head_json":{"title":"zaino da trasporto enviado espandibile 42L\/80L \u2013 nero (modello 2020) -","description":"Zaino da trasporto di altissima qualit\u00e0. Lo zaino \u00e8 realizzato in impermeabile, telone ed \u00e8 coperto da un denso isolamento in schiuma","robots":{"index":"index","follow":"follow","max-snippet":"max-snippet:-1","max-image-preview":"max-image-preview:large","max-video-preview":"max-video-preview:-1"},"canonical":"https:\/\/www.etrix.ch\/it\/prodotto\/enviado-trasporto-zaino-espandibile-nero-modello-2020\/","og_locale":"it_IT","og_type":"article","og_title":"zaino da trasporto enviado espandibile 42L\/80L \u2013 nero (modello 2020)","og_description":"Zaino da trasporto di altissima qualit\u00e0. Lo zaino \u00e8 realizzato in impermeabile, telone ed \u00e8 coperto da un denso isolamento in schiuma","og_url":"https:\/\/www.etrix.ch\/it\/prodotto\/enviado-trasporto-zaino-espandibile-nero-modello-2020\/","og_site_name":"ETRIX Elektroroller","article_publisher":"https:\/\/m.facebook.com\/etrix.emotos\/","article_modified_time":"2024-08-29T08:54:59+00:00","og_image":[{"width":2048,"height":2048,"url":"https:\/\/www.etrix.ch\/media\/2021\/05\/IMG-2068.jpg","type":"image\/jpeg"}],"twitter_card":"summary_large_image","twitter_site":"@etrixag","twitter_misc":{"Prezzo":"&#67;&#72;&#70;&nbsp;181.00 inkl. MwSt.","Disponibilit\u00e0":"In stock"},"schema":{"@context":"https:\/\/schema.org","@graph":[{"@type":"WebPage","@id":"https:\/\/www.etrix.ch\/it\/prodotto\/enviado-trasporto-zaino-espandibile-nero-modello-2020\/","url":"https:\/\/www.etrix.ch\/it\/prodotto\/enviado-trasporto-zaino-espandibile-nero-modello-2020\/","name":"zaino da trasporto enviado espandibile 42L\/80L \u2013 nero (modello 2020) -","isPartOf":{"@id":"https:\/\/www.etrix.ch\/it\/#website"},"primaryImageOfPage":{"@id":"https:\/\/www.etrix.ch\/it\/prodotto\/enviado-trasporto-zaino-espandibile-nero-modello-2020\/#primaryimage"},"image":{"@id":"https:\/\/www.etrix.ch\/it\/prodotto\/enviado-trasporto-zaino-espandibile-nero-modello-2020\/#primaryimage"},"thumbnailUrl":"https:\/\/www.etrix.ch\/media\/2021\/05\/IMG-2068.jpg","datePublished":"2020-04-02T18:28:41+00:00","dateModified":"2024-08-29T08:54:59+00:00","description":"Zaino da trasporto di altissima qualit\u00e0. Lo zaino \u00e8 realizzato in impermeabile, telone ed \u00e8 coperto da un denso isolamento in schiuma","breadcrumb":{"@id":"https:\/\/www.etrix.ch\/it\/prodotto\/enviado-trasporto-zaino-espandibile-nero-modello-2020\/#breadcrumb"},"inLanguage":"it-IT","potentialAction":[{"@type":"ReadAction","target":["https:\/\/www.etrix.ch\/it\/prodotto\/enviado-trasporto-zaino-espandibile-nero-modello-2020\/"]}]},{"@type":"ImageObject","inLanguage":"it-IT","@id":"https:\/\/www.etrix.ch\/it\/prodotto\/enviado-trasporto-zaino-espandibile-nero-modello-2020\/#primaryimage","url":"https:\/\/www.etrix.ch\/media\/2021\/05\/IMG-2068.jpg","contentUrl":"https:\/\/www.etrix.ch\/media\/2021\/05\/IMG-2068.jpg","width":2048,"height":2048,"caption":"enviado Zaino da trasporto Consegna Zaino Consegna Scooter elettrico per bici"},{"@type":"BreadcrumbList","@id":"https:\/\/www.etrix.ch\/it\/prodotto\/enviado-trasporto-zaino-espandibile-nero-modello-2020\/#breadcrumb","itemListElement":[{"@type":"ListItem","position":1,"name":"Casa","item":"https:\/\/www.etrix.ch\/it\/"},{"@type":"ListItem","position":2,"name":"Negozio","item":"https:\/\/www.etrix.ch\/it\/negozio\/"},{"@type":"ListItem","position":3,"name":"zaino da trasporto enviado espandibile 42L\/80L \u2013 nero (modello 2020)"}]},{"@type":"WebSite","@id":"https:\/\/www.etrix.ch\/it\/#website","url":"https:\/\/www.etrix.ch\/it\/","name":"ETRIX Elektroroller","description":"E-Motos","publisher":{"@id":"https:\/\/www.etrix.ch\/it\/#organization"},"potentialAction":[{"@type":"SearchAction","target":{"@type":"EntryPoint","urlTemplate":"https:\/\/www.etrix.ch\/it\/?s={search_term_string}"},"query-input":{"@type":"PropertyValueSpecification","valueRequired":true,"valueName":"search_term_string"}}],"inLanguage":"it-IT"},{"@type":["Organization","Place","MotorcycleDealer"],"@id":"https:\/\/www.etrix.ch\/it\/#organization","name":"ETRIX E-Motos","url":"https:\/\/www.etrix.ch\/it\/","logo":{"@id":"https:\/\/www.etrix.ch\/it\/prodotto\/enviado-trasporto-zaino-espandibile-nero-modello-2020\/#local-main-organization-logo"},"image":{"@id":"https:\/\/www.etrix.ch\/it\/prodotto\/enviado-trasporto-zaino-espandibile-nero-modello-2020\/#local-main-organization-logo"},"sameAs":["https:\/\/m.facebook.com\/etrix.emotos\/","https:\/\/x.com\/etrixag","https:\/\/www.instagram.com\/etrix_emotos\/p\/BtVW6bXHtNv\/","https:\/\/www.linkedin.com\/company\/etrix-ag","https:\/\/www.youtube.com\/channel\/UCSd-hJdu5u8xPUEY60jexOw"],"address":{"@id":"https:\/\/www.etrix.ch\/it\/prodotto\/enviado-trasporto-zaino-espandibile-nero-modello-2020\/#local-main-place-address"},"geo":{"@type":"GeoCoordinates","latitude":"47.43839497999372","longitude":"8.465227605227366"},"telephone":["043 931 00 45"],"openingHoursSpecification":[{"@type":"OpeningHoursSpecification","dayOfWeek":["Monday","Sunday"],"opens":"00:00","closes":"00:00"},{"@type":"OpeningHoursSpecification","dayOfWeek":["Tuesday","Wednesday","Thursday","Friday"],"opens":"10:00","closes":"18:00"},{"@type":"OpeningHoursSpecification","dayOfWeek":["Saturday"],"opens":"10:00","closes":"15:00"}]},{"@type":"PostalAddress","@id":"https:\/\/www.etrix.ch\/it\/prodotto\/enviado-trasporto-zaino-espandibile-nero-modello-2020\/#local-main-place-address","streetAddress":"Riedthofstrasse 122","addressLocality":"Regensdorf","postalCode":"8105","addressRegion":"Z\u00fcrich","addressCountry":"CH"},{"@type":"ImageObject","inLanguage":"it-IT","@id":"https:\/\/www.etrix.ch\/it\/prodotto\/enviado-trasporto-zaino-espandibile-nero-modello-2020\/#local-main-organization-logo","url":"https:\/\/www.etrix.ch\/media\/2021\/05\/ETRIX-logo.png","contentUrl":"https:\/\/www.etrix.ch\/media\/2021\/05\/ETRIX-logo.png","width":470,"height":85,"caption":"ETRIX E-Motos"}]},"product_brand":"Enviado","product_price_amount":"181.00","product_price_currency":"CHF","og_availability":"instock","product_availability":"instock","product_retailer_item_id":"AC600247","product_condition":"new","geo.placename":"Regensdorf","geo.position":{"lat":"47.43839497999372","long":"8.465227605227366"},"geo.region":"Svizzera"},"_links":{"self":[{"href":"https:\/\/www.etrix.ch\/it\/wp-json\/wp\/v2\/product\/22618","targetHints":{"allow":["GET"]}}],"collection":[{"href":"https:\/\/www.etrix.ch\/it\/wp-json\/wp\/v2\/product"}],"about":[{"href":"https:\/\/www.etrix.ch\/it\/wp-json\/wp\/v2\/types\/product"}],"wp:featuredmedia":[{"embeddable":true,"href":"https:\/\/www.etrix.ch\/it\/wp-json\/wp\/v2\/media\/22621"}],"wp:attachment":[{"href":"https:\/\/www.etrix.ch\/it\/wp-json\/wp\/v2\/media?parent=22618"}],"wp:term":[{"taxonomy":"product_brand","embeddable":true,"href":"https:\/\/www.etrix.ch\/it\/wp-json\/wp\/v2\/product_brand?post=22618"},{"taxonomy":"product_cat","embeddable":true,"href":"https:\/\/www.etrix.ch\/it\/wp-json\/wp\/v2\/product_cat?post=22618"},{"taxonomy":"product_tag","embeddable":true,"href":"https:\/\/www.etrix.ch\/it\/wp-json\/wp\/v2\/product_tag?post=22618"}],"curies":[{"name":"wp","href":"https:\/\/api.w.org\/{rel}","templated":true}]}}