{"id":22593,"date":"2020-03-23T00:47:36","date_gmt":"2020-03-22T23:47:36","guid":{"rendered":"https:\/\/www.etrix.ch\/produkt\/heiz-box-56l-silenzio-s02\/"},"modified":"2025-04-07T13:10:32","modified_gmt":"2025-04-07T11:10:32","slug":"riscaldamento-box-56l-silenzio-s02","status":"publish","type":"product","link":"https:\/\/www.etrix.ch\/it\/prodotto\/riscaldamento-box-56l-silenzio-s02\/","title":{"rendered":"Heiz Box 56L \u2013 Silenzio S02"},"content":{"rendered":"<p>Esperienza di consegna ecologica al 100%!<\/p>\n<p>Velocit\u00e0 e mobilit\u00e0 sono i punti forti di questo forno!<\/p>\n<p>Consigliato per consegne in citt\u00e0 con elevati volumi di traffico.<\/p>\n<p>La tecnologia del forno comprende elementi riscaldanti in silicio ad alta temperatura controllati digitalmente, tecnologia a doppia camera e sistemi di flusso d&#8217;aria. Il forno assicura che ogni tipo di cibo rimanga caldo e con il giusto grado di umidit\u00e0 e croccantezza, indipendentemente dal tipo di cucina che l&#8217;azienda offre.<\/p>\n<p>Il forno di mandata \u00e8 completamente elettrico e pu\u00f2 essere installato sul Silence S02, ed \u00e8 alimentato dalla batteria al litio agli ioni 60V.<\/p>\n<ul>\n<li>Volume: 56 litri<\/li>\n<li>Alimentazione: tramite batteria<\/li>\n<li>Preriscaldamento: tramite caricabatterie<\/li>\n<li>Peso: 11 kg<\/li>\n<li>Temperature di esercizio: riscaldabile fino a 120\u00b0C (regolabile)<\/li>\n<li>Dimensioni Esterne: 523 x 479 x 465 mm<\/li>\n<li>Capacit\u00e0: 8-9 pizze 30 \u00d7 30 cm o 6-7 pizze 40 \u00d7 40 cm<\/li>\n<li>Materiali utilizzati: acciaio inox + EPP<\/li>\n<li>Controllo digitale: S\u00ec<\/li>\n<\/ul>\n","protected":false},"excerpt":{"rendered":"<p>Esperienza di consegna ecologica al 100%!<\/p>\n","protected":false},"featured_media":22594,"template":"","meta":{"_acf_changed":false},"product_brand":[],"product_cat":[1855,1644,1635,1859],"product_tag":[1856],"class_list":{"0":"post-22593","1":"product","2":"type-product","3":"status-publish","4":"has-post-thumbnail","6":"product_cat-accessori-per-la-consegna","7":"product_cat-accessoristica","8":"product_cat-e-bike-it","9":"product_cat-enviado-accessori","10":"product_tag-accessori-per-la-consegna","11":"pa_marke-silenzio","12":"sales-flash-overlay","13":"woocommerce-text-align-left","14":"woocommerce-image-align-center","15":"do-quantity-buttons","16":"wc-has-gallery","18":"first","19":"instock","20":"taxable","21":"shipping-taxable","22":"purchasable","23":"product-type-simple"},"acf":[],"yoast_head":"<!-- This site is optimized with the Yoast SEO Premium plugin v26.9 (Yoast SEO v27.5) - https:\/\/yoast.com\/product\/yoast-seo-premium-wordpress\/ -->\n<title>Heiz Box 56L \u2013 Silenzio S02 - ETRIX Elektroroller Forno per pizza a rulli<\/title>\n<meta name=\"description\" content=\"Il forno assicura che ogni tipo di cibo rimanga caldo, mantenga il giusto livello di umidit\u00e0 e croccantezza\" \/>\n<meta name=\"robots\" content=\"index, follow, max-snippet:-1, max-image-preview:large, max-video-preview:-1\" \/>\n<link rel=\"canonical\" href=\"https:\/\/www.etrix.ch\/it\/prodotto\/riscaldamento-box-56l-silenzio-s02\/\" \/>\n<meta property=\"og:locale\" content=\"it_IT\" \/>\n<meta property=\"og:type\" content=\"article\" \/>\n<meta property=\"og:title\" content=\"Heiz Box 56L \u2013 Silenzio S02\" \/>\n<meta property=\"og:description\" content=\"Il forno assicura che ogni tipo di cibo rimanga caldo, mantenga il giusto livello di umidit\u00e0 e croccantezza\" \/>\n<meta property=\"og:url\" content=\"https:\/\/www.etrix.ch\/it\/prodotto\/riscaldamento-box-56l-silenzio-s02\/\" \/>\n<meta property=\"og:site_name\" content=\"ETRIX Elektroroller\" \/>\n<meta property=\"article:publisher\" content=\"https:\/\/m.facebook.com\/etrix.emotos\/\" \/>\n<meta property=\"article:modified_time\" content=\"2025-04-07T11:10:32+00:00\" \/>\n<meta property=\"og:image\" content=\"https:\/\/www.etrix.ch\/media\/2021\/05\/Oven_front_01.jpg\" \/>\n\t<meta property=\"og:image:width\" content=\"1080\" \/>\n\t<meta property=\"og:image:height\" content=\"1080\" \/>\n\t<meta property=\"og:image:type\" content=\"image\/jpeg\" \/>\n<meta name=\"twitter:card\" content=\"summary_large_image\" \/>\n<meta name=\"twitter:site\" content=\"@etrixag\" \/>\n<meta name=\"twitter:label1\" content=\"Prezzo\" \/>\n\t<meta name=\"twitter:data1\" content=\"&#067;&#072;&#070;&nbsp;2&#039;357.00 inkl. MwSt.\" \/>\n\t<meta name=\"twitter:label2\" content=\"Disponibilit\u00e0\" \/>\n\t<meta name=\"twitter:data2\" content=\"In stock\" \/>\n<script type=\"application\/ld+json\" class=\"yoast-schema-graph\">{\"@context\":\"https:\\\/\\\/schema.org\",\"@graph\":[{\"@type\":\"WebPage\",\"@id\":\"https:\\\/\\\/www.etrix.ch\\\/it\\\/prodotto\\\/riscaldamento-box-56l-silenzio-s02\\\/\",\"url\":\"https:\\\/\\\/www.etrix.ch\\\/it\\\/prodotto\\\/riscaldamento-box-56l-silenzio-s02\\\/\",\"name\":\"Heiz Box 56L \u2013 Silenzio S02 - ETRIX Elektroroller Forno per pizza a rulli\",\"isPartOf\":{\"@id\":\"https:\\\/\\\/www.etrix.ch\\\/it\\\/#website\"},\"primaryImageOfPage\":{\"@id\":\"https:\\\/\\\/www.etrix.ch\\\/it\\\/prodotto\\\/riscaldamento-box-56l-silenzio-s02\\\/#primaryimage\"},\"image\":{\"@id\":\"https:\\\/\\\/www.etrix.ch\\\/it\\\/prodotto\\\/riscaldamento-box-56l-silenzio-s02\\\/#primaryimage\"},\"thumbnailUrl\":\"https:\\\/\\\/www.etrix.ch\\\/media\\\/2021\\\/05\\\/Oven_front_01.jpg\",\"datePublished\":\"2020-03-22T23:47:36+00:00\",\"dateModified\":\"2025-04-07T11:10:32+00:00\",\"description\":\"Il forno assicura che ogni tipo di cibo rimanga caldo, mantenga il giusto livello di umidit\u00e0 e croccantezza\",\"breadcrumb\":{\"@id\":\"https:\\\/\\\/www.etrix.ch\\\/it\\\/prodotto\\\/riscaldamento-box-56l-silenzio-s02\\\/#breadcrumb\"},\"inLanguage\":\"it-IT\",\"potentialAction\":[{\"@type\":\"ReadAction\",\"target\":[\"https:\\\/\\\/www.etrix.ch\\\/it\\\/prodotto\\\/riscaldamento-box-56l-silenzio-s02\\\/\"]}]},{\"@type\":\"ImageObject\",\"inLanguage\":\"it-IT\",\"@id\":\"https:\\\/\\\/www.etrix.ch\\\/it\\\/prodotto\\\/riscaldamento-box-56l-silenzio-s02\\\/#primaryimage\",\"url\":\"https:\\\/\\\/www.etrix.ch\\\/media\\\/2021\\\/05\\\/Oven_front_01.jpg\",\"contentUrl\":\"https:\\\/\\\/www.etrix.ch\\\/media\\\/2021\\\/05\\\/Oven_front_01.jpg\",\"width\":1080,\"height\":1080,\"caption\":\"Scatola di riscaldamento 56L \u2013 Silent S02 Forno Monopattino Elettrico\"},{\"@type\":\"BreadcrumbList\",\"@id\":\"https:\\\/\\\/www.etrix.ch\\\/it\\\/prodotto\\\/riscaldamento-box-56l-silenzio-s02\\\/#breadcrumb\",\"itemListElement\":[{\"@type\":\"ListItem\",\"position\":1,\"name\":\"Casa\",\"item\":\"https:\\\/\\\/www.etrix.ch\\\/it\\\/\"},{\"@type\":\"ListItem\",\"position\":2,\"name\":\"Negozio\",\"item\":\"https:\\\/\\\/www.etrix.ch\\\/it\\\/negozio\\\/\"},{\"@type\":\"ListItem\",\"position\":3,\"name\":\"Heiz Box 56L \u2013 Silenzio S02\"}]},{\"@type\":\"WebSite\",\"@id\":\"https:\\\/\\\/www.etrix.ch\\\/it\\\/#website\",\"url\":\"https:\\\/\\\/www.etrix.ch\\\/it\\\/\",\"name\":\"ETRIX Elektroroller\",\"description\":\"E-Motos\",\"publisher\":{\"@id\":\"https:\\\/\\\/www.etrix.ch\\\/it\\\/#organization\"},\"potentialAction\":[{\"@type\":\"SearchAction\",\"target\":{\"@type\":\"EntryPoint\",\"urlTemplate\":\"https:\\\/\\\/www.etrix.ch\\\/it\\\/?s={search_term_string}\"},\"query-input\":{\"@type\":\"PropertyValueSpecification\",\"valueRequired\":true,\"valueName\":\"search_term_string\"}}],\"inLanguage\":\"it-IT\"},{\"@type\":[\"Organization\",\"Place\",\"MotorcycleDealer\"],\"@id\":\"https:\\\/\\\/www.etrix.ch\\\/it\\\/#organization\",\"name\":\"ETRIX E-Motos\",\"url\":\"https:\\\/\\\/www.etrix.ch\\\/it\\\/\",\"logo\":{\"@id\":\"https:\\\/\\\/www.etrix.ch\\\/it\\\/prodotto\\\/riscaldamento-box-56l-silenzio-s02\\\/#local-main-organization-logo\"},\"image\":{\"@id\":\"https:\\\/\\\/www.etrix.ch\\\/it\\\/prodotto\\\/riscaldamento-box-56l-silenzio-s02\\\/#local-main-organization-logo\"},\"sameAs\":[\"https:\\\/\\\/m.facebook.com\\\/etrix.emotos\\\/\",\"https:\\\/\\\/x.com\\\/etrixag\",\"https:\\\/\\\/www.instagram.com\\\/etrix_emotos\\\/p\\\/BtVW6bXHtNv\\\/\",\"https:\\\/\\\/www.linkedin.com\\\/company\\\/etrix-ag\",\"https:\\\/\\\/www.youtube.com\\\/channel\\\/UCSd-hJdu5u8xPUEY60jexOw\"],\"address\":{\"@id\":\"https:\\\/\\\/www.etrix.ch\\\/it\\\/prodotto\\\/riscaldamento-box-56l-silenzio-s02\\\/#local-main-place-address\"},\"geo\":{\"@type\":\"GeoCoordinates\",\"latitude\":\"47.43839497999372\",\"longitude\":\"8.465227605227366\"},\"telephone\":[\"043 931 00 45\"],\"openingHoursSpecification\":[{\"@type\":\"OpeningHoursSpecification\",\"dayOfWeek\":[\"Monday\",\"Sunday\"],\"opens\":\"00:00\",\"closes\":\"00:00\"},{\"@type\":\"OpeningHoursSpecification\",\"dayOfWeek\":[\"Tuesday\",\"Wednesday\",\"Thursday\",\"Friday\"],\"opens\":\"10:00\",\"closes\":\"18:00\"},{\"@type\":\"OpeningHoursSpecification\",\"dayOfWeek\":[\"Saturday\"],\"opens\":\"10:00\",\"closes\":\"15:00\"}]},{\"@type\":\"PostalAddress\",\"@id\":\"https:\\\/\\\/www.etrix.ch\\\/it\\\/prodotto\\\/riscaldamento-box-56l-silenzio-s02\\\/#local-main-place-address\",\"streetAddress\":\"Riedthofstrasse 122\",\"addressLocality\":\"Regensdorf\",\"postalCode\":\"8105\",\"addressRegion\":\"Z\u00fcrich\",\"addressCountry\":\"CH\"},{\"@type\":\"ImageObject\",\"inLanguage\":\"it-IT\",\"@id\":\"https:\\\/\\\/www.etrix.ch\\\/it\\\/prodotto\\\/riscaldamento-box-56l-silenzio-s02\\\/#local-main-organization-logo\",\"url\":\"https:\\\/\\\/www.etrix.ch\\\/media\\\/2021\\\/05\\\/ETRIX-logo.png\",\"contentUrl\":\"https:\\\/\\\/www.etrix.ch\\\/media\\\/2021\\\/05\\\/ETRIX-logo.png\",\"width\":470,\"height\":85,\"caption\":\"ETRIX E-Motos\"}]}<\/script>\n<meta property=\"product:brand\" content=\"Silenzio\" \/>\n<meta property=\"product:price:amount\" content=\"2357.00\" \/>\n<meta property=\"product:price:currency\" content=\"CHF\" \/>\n<meta property=\"og:availability\" content=\"instock\" \/>\n<meta property=\"product:availability\" content=\"instock\" \/>\n<meta property=\"product:retailer_item_id\" content=\"AC600019\" \/>\n<meta property=\"product:condition\" content=\"new\" \/>\n<meta name=\"geo.placename\" content=\"Regensdorf\" \/>\n<meta name=\"geo.position\" content=\"47.43839497999372;8.465227605227366\" \/>\n<meta name=\"geo.region\" content=\"Svizzera\" \/>\n<!-- \/ Yoast SEO Premium plugin. -->","yoast_head_json":{"title":"Heiz Box 56L \u2013 Silenzio S02 - ETRIX Elektroroller Forno per pizza a rulli","description":"Il forno assicura che ogni tipo di cibo rimanga caldo, mantenga il giusto livello di umidit\u00e0 e croccantezza","robots":{"index":"index","follow":"follow","max-snippet":"max-snippet:-1","max-image-preview":"max-image-preview:large","max-video-preview":"max-video-preview:-1"},"canonical":"https:\/\/www.etrix.ch\/it\/prodotto\/riscaldamento-box-56l-silenzio-s02\/","og_locale":"it_IT","og_type":"article","og_title":"Heiz Box 56L \u2013 Silenzio S02","og_description":"Il forno assicura che ogni tipo di cibo rimanga caldo, mantenga il giusto livello di umidit\u00e0 e croccantezza","og_url":"https:\/\/www.etrix.ch\/it\/prodotto\/riscaldamento-box-56l-silenzio-s02\/","og_site_name":"ETRIX Elektroroller","article_publisher":"https:\/\/m.facebook.com\/etrix.emotos\/","article_modified_time":"2025-04-07T11:10:32+00:00","og_image":[{"width":1080,"height":1080,"url":"https:\/\/www.etrix.ch\/media\/2021\/05\/Oven_front_01.jpg","type":"image\/jpeg"}],"twitter_card":"summary_large_image","twitter_site":"@etrixag","twitter_misc":{"Prezzo":"&#67;&#72;&#70;&nbsp;2'357.00 inkl. MwSt.","Disponibilit\u00e0":"In stock"},"schema":{"@context":"https:\/\/schema.org","@graph":[{"@type":"WebPage","@id":"https:\/\/www.etrix.ch\/it\/prodotto\/riscaldamento-box-56l-silenzio-s02\/","url":"https:\/\/www.etrix.ch\/it\/prodotto\/riscaldamento-box-56l-silenzio-s02\/","name":"Heiz Box 56L \u2013 Silenzio S02 - ETRIX Elektroroller Forno per pizza a rulli","isPartOf":{"@id":"https:\/\/www.etrix.ch\/it\/#website"},"primaryImageOfPage":{"@id":"https:\/\/www.etrix.ch\/it\/prodotto\/riscaldamento-box-56l-silenzio-s02\/#primaryimage"},"image":{"@id":"https:\/\/www.etrix.ch\/it\/prodotto\/riscaldamento-box-56l-silenzio-s02\/#primaryimage"},"thumbnailUrl":"https:\/\/www.etrix.ch\/media\/2021\/05\/Oven_front_01.jpg","datePublished":"2020-03-22T23:47:36+00:00","dateModified":"2025-04-07T11:10:32+00:00","description":"Il forno assicura che ogni tipo di cibo rimanga caldo, mantenga il giusto livello di umidit\u00e0 e croccantezza","breadcrumb":{"@id":"https:\/\/www.etrix.ch\/it\/prodotto\/riscaldamento-box-56l-silenzio-s02\/#breadcrumb"},"inLanguage":"it-IT","potentialAction":[{"@type":"ReadAction","target":["https:\/\/www.etrix.ch\/it\/prodotto\/riscaldamento-box-56l-silenzio-s02\/"]}]},{"@type":"ImageObject","inLanguage":"it-IT","@id":"https:\/\/www.etrix.ch\/it\/prodotto\/riscaldamento-box-56l-silenzio-s02\/#primaryimage","url":"https:\/\/www.etrix.ch\/media\/2021\/05\/Oven_front_01.jpg","contentUrl":"https:\/\/www.etrix.ch\/media\/2021\/05\/Oven_front_01.jpg","width":1080,"height":1080,"caption":"Scatola di riscaldamento 56L \u2013 Silent S02 Forno Monopattino Elettrico"},{"@type":"BreadcrumbList","@id":"https:\/\/www.etrix.ch\/it\/prodotto\/riscaldamento-box-56l-silenzio-s02\/#breadcrumb","itemListElement":[{"@type":"ListItem","position":1,"name":"Casa","item":"https:\/\/www.etrix.ch\/it\/"},{"@type":"ListItem","position":2,"name":"Negozio","item":"https:\/\/www.etrix.ch\/it\/negozio\/"},{"@type":"ListItem","position":3,"name":"Heiz Box 56L \u2013 Silenzio S02"}]},{"@type":"WebSite","@id":"https:\/\/www.etrix.ch\/it\/#website","url":"https:\/\/www.etrix.ch\/it\/","name":"ETRIX Elektroroller","description":"E-Motos","publisher":{"@id":"https:\/\/www.etrix.ch\/it\/#organization"},"potentialAction":[{"@type":"SearchAction","target":{"@type":"EntryPoint","urlTemplate":"https:\/\/www.etrix.ch\/it\/?s={search_term_string}"},"query-input":{"@type":"PropertyValueSpecification","valueRequired":true,"valueName":"search_term_string"}}],"inLanguage":"it-IT"},{"@type":["Organization","Place","MotorcycleDealer"],"@id":"https:\/\/www.etrix.ch\/it\/#organization","name":"ETRIX E-Motos","url":"https:\/\/www.etrix.ch\/it\/","logo":{"@id":"https:\/\/www.etrix.ch\/it\/prodotto\/riscaldamento-box-56l-silenzio-s02\/#local-main-organization-logo"},"image":{"@id":"https:\/\/www.etrix.ch\/it\/prodotto\/riscaldamento-box-56l-silenzio-s02\/#local-main-organization-logo"},"sameAs":["https:\/\/m.facebook.com\/etrix.emotos\/","https:\/\/x.com\/etrixag","https:\/\/www.instagram.com\/etrix_emotos\/p\/BtVW6bXHtNv\/","https:\/\/www.linkedin.com\/company\/etrix-ag","https:\/\/www.youtube.com\/channel\/UCSd-hJdu5u8xPUEY60jexOw"],"address":{"@id":"https:\/\/www.etrix.ch\/it\/prodotto\/riscaldamento-box-56l-silenzio-s02\/#local-main-place-address"},"geo":{"@type":"GeoCoordinates","latitude":"47.43839497999372","longitude":"8.465227605227366"},"telephone":["043 931 00 45"],"openingHoursSpecification":[{"@type":"OpeningHoursSpecification","dayOfWeek":["Monday","Sunday"],"opens":"00:00","closes":"00:00"},{"@type":"OpeningHoursSpecification","dayOfWeek":["Tuesday","Wednesday","Thursday","Friday"],"opens":"10:00","closes":"18:00"},{"@type":"OpeningHoursSpecification","dayOfWeek":["Saturday"],"opens":"10:00","closes":"15:00"}]},{"@type":"PostalAddress","@id":"https:\/\/www.etrix.ch\/it\/prodotto\/riscaldamento-box-56l-silenzio-s02\/#local-main-place-address","streetAddress":"Riedthofstrasse 122","addressLocality":"Regensdorf","postalCode":"8105","addressRegion":"Z\u00fcrich","addressCountry":"CH"},{"@type":"ImageObject","inLanguage":"it-IT","@id":"https:\/\/www.etrix.ch\/it\/prodotto\/riscaldamento-box-56l-silenzio-s02\/#local-main-organization-logo","url":"https:\/\/www.etrix.ch\/media\/2021\/05\/ETRIX-logo.png","contentUrl":"https:\/\/www.etrix.ch\/media\/2021\/05\/ETRIX-logo.png","width":470,"height":85,"caption":"ETRIX E-Motos"}]},"product_brand":"Silenzio","product_price_amount":"2357.00","product_price_currency":"CHF","og_availability":"instock","product_availability":"instock","product_retailer_item_id":"AC600019","product_condition":"new","geo.placename":"Regensdorf","geo.position":{"lat":"47.43839497999372","long":"8.465227605227366"},"geo.region":"Svizzera"},"_links":{"self":[{"href":"https:\/\/www.etrix.ch\/it\/wp-json\/wp\/v2\/product\/22593","targetHints":{"allow":["GET"]}}],"collection":[{"href":"https:\/\/www.etrix.ch\/it\/wp-json\/wp\/v2\/product"}],"about":[{"href":"https:\/\/www.etrix.ch\/it\/wp-json\/wp\/v2\/types\/product"}],"wp:featuredmedia":[{"embeddable":true,"href":"https:\/\/www.etrix.ch\/it\/wp-json\/wp\/v2\/media\/22594"}],"wp:attachment":[{"href":"https:\/\/www.etrix.ch\/it\/wp-json\/wp\/v2\/media?parent=22593"}],"wp:term":[{"taxonomy":"product_brand","embeddable":true,"href":"https:\/\/www.etrix.ch\/it\/wp-json\/wp\/v2\/product_brand?post=22593"},{"taxonomy":"product_cat","embeddable":true,"href":"https:\/\/www.etrix.ch\/it\/wp-json\/wp\/v2\/product_cat?post=22593"},{"taxonomy":"product_tag","embeddable":true,"href":"https:\/\/www.etrix.ch\/it\/wp-json\/wp\/v2\/product_tag?post=22593"}],"curies":[{"name":"wp","href":"https:\/\/api.w.org\/{rel}","templated":true}]}}