{"id":22514,"date":"2024-08-06T22:56:15","date_gmt":"2024-08-06T20:56:15","guid":{"rendered":"https:\/\/www.etrix.ch\/produkt\/pneumatico-anteriore-posteriore-silence-s02-pneumatico-anteriore-silence-s02b-heidenau\/"},"modified":"2024-08-29T10:56:14","modified_gmt":"2024-08-29T08:56:14","slug":"pneumatico-anteriore-posteriore-silenzio-s02-pneumatico-anteriore-silenzio-s02b-heidneau","status":"publish","type":"product","link":"https:\/\/www.etrix.ch\/it\/prodotto\/pneumatico-anteriore-posteriore-silenzio-s02-pneumatico-anteriore-silenzio-s02b-heidneau\/","title":{"rendered":"Pneumatico anteriore\/posteriore \u2013 Silence S02 \/ Pneumatico anteriore \u2013 Silence S02B (Heidenau)"},"content":{"rendered":"<div class=\"page\" title=\"Pagina 1\">\n<div class=\"layoutArea\">\n<div class=\"column\">  Heidenau Pneumatico K62  <\/p>\n<p class=\"p1\"><span class=\"s1\">Inverno\/Tutte le stagioni  <\/span><\/p>\n<p>  M\/C 53P TL K62 M+S Snowtex  <\/p>\n<p class=\"p1\"><span class=\"s1\">Dimensione: 120\/70-13  <\/span><\/p>\n<p class=\"p1\">L&#8217;Heidenau K62 Snowtex \u00e8 uno pneumatico invernale che si adatta a scooter di grandi dimensioni. Questo Snowtex \u00e8 uno pneumatico unico che \u00e8 modellato da una mescola di gomma morbida ed \u00e8 perfetto in condizioni invernali. Sebbene possa essere guidato anche su strade asciutte, c&#8217;\u00e8 un&#8217;alta probabilit\u00e0 di aumento dell&#8217;abrasione del battistrada durante tali viaggi. La costruzione pi\u00f9 robusta protegge il pneumatico da danni esterni e mantiene la sua resistenza. Il disegno del battistrada tecnicamente sviluppato con blocchi indipendenti forma un contatto uniforme con la superficie stradale e garantisce una scorrevolezza fluida. La speciale mescola di gomma migliora il chilometraggio aumentando la trazione e l&#8217;aderenza.<\/p>\n<\/div>\n<\/div>\n<\/div>\n","protected":false},"excerpt":{"rendered":"<p>Heidenau Pneumatico K62 <span class=\"s1\">Inverno\/Per Tutte le Stagioni <\/span><span class=\"s1\">120\/70-13 <\/span> <\/p>\n","protected":false},"featured_media":22177,"template":"","meta":{"_acf_changed":false},"product_brand":[],"product_cat":[1650,1644,1667,1727],"product_tag":[1850],"class_list":{"0":"post-22514","1":"product","2":"type-product","3":"status-publish","4":"has-post-thumbnail","6":"product_cat-accessori-silence","7":"product_cat-accessoristica","8":"product_cat-monopattini-elettrici","9":"product_cat-silenzio","10":"product_tag-pneumatico","11":"pa_marke-heidenau-it","12":"sales-flash-overlay","13":"woocommerce-text-align-left","14":"woocommerce-image-align-center","15":"do-quantity-buttons","17":"first","18":"onbackorder","19":"taxable","20":"shipping-taxable","21":"purchasable","22":"product-type-simple"},"acf":[],"yoast_head":"<!-- This site is optimized with the Yoast SEO Premium plugin v26.9 (Yoast SEO v27.5) - https:\/\/yoast.com\/product\/yoast-seo-premium-wordpress\/ -->\n<title>Pneumatico anteriore\/posteriore \u2013 Silence S02 \/ Pneumatico anteriore \u2013 Silence S02B (Heidenau) - ETRIX Elektroroller Sicurezza invernale<\/title>\n<meta name=\"description\" content=\"Il pneumatico invernale Heidenau si adatta a scooter di grandi dimensioni. Questo pneumatico \u00e8 modellato da una mescola di gomma morbida e perfetto per l&#039;inverno\" \/>\n<meta name=\"robots\" content=\"index, follow, max-snippet:-1, max-image-preview:large, max-video-preview:-1\" \/>\n<link rel=\"canonical\" href=\"https:\/\/www.etrix.ch\/it\/prodotto\/pneumatico-anteriore-posteriore-silenzio-s02-pneumatico-anteriore-silenzio-s02b-heidneau\/\" \/>\n<meta property=\"og:locale\" content=\"it_IT\" \/>\n<meta property=\"og:type\" content=\"article\" \/>\n<meta property=\"og:title\" content=\"Pneumatico anteriore\/posteriore \u2013 Silence S02 \/ Pneumatico anteriore \u2013 Silence S02B (Heidenau)\" \/>\n<meta property=\"og:description\" content=\"Il pneumatico invernale Heidenau si adatta a scooter di grandi dimensioni. Questo pneumatico \u00e8 modellato da una mescola di gomma morbida e perfetto per l&#039;inverno\" \/>\n<meta property=\"og:url\" content=\"https:\/\/www.etrix.ch\/it\/prodotto\/pneumatico-anteriore-posteriore-silenzio-s02-pneumatico-anteriore-silenzio-s02b-heidneau\/\" \/>\n<meta property=\"og:site_name\" content=\"ETRIX Elektroroller\" \/>\n<meta property=\"article:publisher\" content=\"https:\/\/m.facebook.com\/etrix.emotos\/\" \/>\n<meta property=\"article:modified_time\" content=\"2024-08-29T08:56:14+00:00\" \/>\n<meta property=\"og:image\" content=\"https:\/\/www.etrix.ch\/media\/2021\/05\/pneu-heidnau.jpg\" \/>\n\t<meta property=\"og:image:width\" content=\"949\" \/>\n\t<meta property=\"og:image:height\" content=\"948\" \/>\n\t<meta property=\"og:image:type\" content=\"image\/jpeg\" \/>\n<meta name=\"twitter:card\" content=\"summary_large_image\" \/>\n<meta name=\"twitter:site\" content=\"@etrixag\" \/>\n<meta name=\"twitter:label1\" content=\"Prezzo\" \/>\n\t<meta name=\"twitter:data1\" content=\"&#067;&#072;&#070;&nbsp;107.00 inkl. MwSt.\" \/>\n\t<meta name=\"twitter:label2\" content=\"Disponibilit\u00e0\" \/>\n\t<meta name=\"twitter:data2\" content=\"Su ordinazione\" \/>\n<script type=\"application\/ld+json\" class=\"yoast-schema-graph\">{\"@context\":\"https:\\\/\\\/schema.org\",\"@graph\":[{\"@type\":\"WebPage\",\"@id\":\"https:\\\/\\\/www.etrix.ch\\\/it\\\/prodotto\\\/pneumatico-anteriore-posteriore-silenzio-s02-pneumatico-anteriore-silenzio-s02b-heidneau\\\/\",\"url\":\"https:\\\/\\\/www.etrix.ch\\\/it\\\/prodotto\\\/pneumatico-anteriore-posteriore-silenzio-s02-pneumatico-anteriore-silenzio-s02b-heidneau\\\/\",\"name\":\"Pneumatico anteriore\\\/posteriore \u2013 Silence S02 \\\/ Pneumatico anteriore \u2013 Silence S02B (Heidenau) - ETRIX Elektroroller Sicurezza invernale\",\"isPartOf\":{\"@id\":\"https:\\\/\\\/www.etrix.ch\\\/it\\\/#website\"},\"primaryImageOfPage\":{\"@id\":\"https:\\\/\\\/www.etrix.ch\\\/it\\\/prodotto\\\/pneumatico-anteriore-posteriore-silenzio-s02-pneumatico-anteriore-silenzio-s02b-heidneau\\\/#primaryimage\"},\"image\":{\"@id\":\"https:\\\/\\\/www.etrix.ch\\\/it\\\/prodotto\\\/pneumatico-anteriore-posteriore-silenzio-s02-pneumatico-anteriore-silenzio-s02b-heidneau\\\/#primaryimage\"},\"thumbnailUrl\":\"https:\\\/\\\/www.etrix.ch\\\/media\\\/2021\\\/05\\\/pneu-heidnau.jpg\",\"datePublished\":\"2024-08-06T20:56:15+00:00\",\"dateModified\":\"2024-08-29T08:56:14+00:00\",\"description\":\"Il pneumatico invernale Heidenau si adatta a scooter di grandi dimensioni. Questo pneumatico \u00e8 modellato da una mescola di gomma morbida e perfetto per l'inverno\",\"breadcrumb\":{\"@id\":\"https:\\\/\\\/www.etrix.ch\\\/it\\\/prodotto\\\/pneumatico-anteriore-posteriore-silenzio-s02-pneumatico-anteriore-silenzio-s02b-heidneau\\\/#breadcrumb\"},\"inLanguage\":\"it-IT\",\"potentialAction\":[{\"@type\":\"ReadAction\",\"target\":[\"https:\\\/\\\/www.etrix.ch\\\/it\\\/prodotto\\\/pneumatico-anteriore-posteriore-silenzio-s02-pneumatico-anteriore-silenzio-s02b-heidneau\\\/\"]}]},{\"@type\":\"ImageObject\",\"inLanguage\":\"it-IT\",\"@id\":\"https:\\\/\\\/www.etrix.ch\\\/it\\\/prodotto\\\/pneumatico-anteriore-posteriore-silenzio-s02-pneumatico-anteriore-silenzio-s02b-heidneau\\\/#primaryimage\",\"url\":\"https:\\\/\\\/www.etrix.ch\\\/media\\\/2021\\\/05\\\/pneu-heidnau.jpg\",\"contentUrl\":\"https:\\\/\\\/www.etrix.ch\\\/media\\\/2021\\\/05\\\/pneu-heidnau.jpg\",\"width\":949,\"height\":948,\"caption\":\"Pneu Heidenau Ecooter Scooter elettrico\"},{\"@type\":\"BreadcrumbList\",\"@id\":\"https:\\\/\\\/www.etrix.ch\\\/it\\\/prodotto\\\/pneumatico-anteriore-posteriore-silenzio-s02-pneumatico-anteriore-silenzio-s02b-heidneau\\\/#breadcrumb\",\"itemListElement\":[{\"@type\":\"ListItem\",\"position\":1,\"name\":\"Casa\",\"item\":\"https:\\\/\\\/www.etrix.ch\\\/it\\\/\"},{\"@type\":\"ListItem\",\"position\":2,\"name\":\"Negozio\",\"item\":\"https:\\\/\\\/www.etrix.ch\\\/it\\\/negozio\\\/\"},{\"@type\":\"ListItem\",\"position\":3,\"name\":\"Pneumatico anteriore\\\/posteriore \u2013 Silence S02 \\\/ Pneumatico anteriore \u2013 Silence S02B (Heidenau)\"}]},{\"@type\":\"WebSite\",\"@id\":\"https:\\\/\\\/www.etrix.ch\\\/it\\\/#website\",\"url\":\"https:\\\/\\\/www.etrix.ch\\\/it\\\/\",\"name\":\"ETRIX Elektroroller\",\"description\":\"E-Motos\",\"publisher\":{\"@id\":\"https:\\\/\\\/www.etrix.ch\\\/it\\\/#organization\"},\"potentialAction\":[{\"@type\":\"SearchAction\",\"target\":{\"@type\":\"EntryPoint\",\"urlTemplate\":\"https:\\\/\\\/www.etrix.ch\\\/it\\\/?s={search_term_string}\"},\"query-input\":{\"@type\":\"PropertyValueSpecification\",\"valueRequired\":true,\"valueName\":\"search_term_string\"}}],\"inLanguage\":\"it-IT\"},{\"@type\":[\"Organization\",\"Place\",\"MotorcycleDealer\"],\"@id\":\"https:\\\/\\\/www.etrix.ch\\\/it\\\/#organization\",\"name\":\"ETRIX E-Motos\",\"url\":\"https:\\\/\\\/www.etrix.ch\\\/it\\\/\",\"logo\":{\"@id\":\"https:\\\/\\\/www.etrix.ch\\\/it\\\/prodotto\\\/pneumatico-anteriore-posteriore-silenzio-s02-pneumatico-anteriore-silenzio-s02b-heidneau\\\/#local-main-organization-logo\"},\"image\":{\"@id\":\"https:\\\/\\\/www.etrix.ch\\\/it\\\/prodotto\\\/pneumatico-anteriore-posteriore-silenzio-s02-pneumatico-anteriore-silenzio-s02b-heidneau\\\/#local-main-organization-logo\"},\"sameAs\":[\"https:\\\/\\\/m.facebook.com\\\/etrix.emotos\\\/\",\"https:\\\/\\\/x.com\\\/etrixag\",\"https:\\\/\\\/www.instagram.com\\\/etrix_emotos\\\/p\\\/BtVW6bXHtNv\\\/\",\"https:\\\/\\\/www.linkedin.com\\\/company\\\/etrix-ag\",\"https:\\\/\\\/www.youtube.com\\\/channel\\\/UCSd-hJdu5u8xPUEY60jexOw\"],\"address\":{\"@id\":\"https:\\\/\\\/www.etrix.ch\\\/it\\\/prodotto\\\/pneumatico-anteriore-posteriore-silenzio-s02-pneumatico-anteriore-silenzio-s02b-heidneau\\\/#local-main-place-address\"},\"geo\":{\"@type\":\"GeoCoordinates\",\"latitude\":\"47.43839497999372\",\"longitude\":\"8.465227605227366\"},\"telephone\":[\"043 931 00 45\"],\"openingHoursSpecification\":[{\"@type\":\"OpeningHoursSpecification\",\"dayOfWeek\":[\"Monday\",\"Sunday\"],\"opens\":\"00:00\",\"closes\":\"00:00\"},{\"@type\":\"OpeningHoursSpecification\",\"dayOfWeek\":[\"Tuesday\",\"Wednesday\",\"Thursday\",\"Friday\"],\"opens\":\"10:00\",\"closes\":\"18:00\"},{\"@type\":\"OpeningHoursSpecification\",\"dayOfWeek\":[\"Saturday\"],\"opens\":\"10:00\",\"closes\":\"15:00\"}]},{\"@type\":\"PostalAddress\",\"@id\":\"https:\\\/\\\/www.etrix.ch\\\/it\\\/prodotto\\\/pneumatico-anteriore-posteriore-silenzio-s02-pneumatico-anteriore-silenzio-s02b-heidneau\\\/#local-main-place-address\",\"streetAddress\":\"Riedthofstrasse 122\",\"addressLocality\":\"Regensdorf\",\"postalCode\":\"8105\",\"addressRegion\":\"Z\u00fcrich\",\"addressCountry\":\"CH\"},{\"@type\":\"ImageObject\",\"inLanguage\":\"it-IT\",\"@id\":\"https:\\\/\\\/www.etrix.ch\\\/it\\\/prodotto\\\/pneumatico-anteriore-posteriore-silenzio-s02-pneumatico-anteriore-silenzio-s02b-heidneau\\\/#local-main-organization-logo\",\"url\":\"https:\\\/\\\/www.etrix.ch\\\/media\\\/2021\\\/05\\\/ETRIX-logo.png\",\"contentUrl\":\"https:\\\/\\\/www.etrix.ch\\\/media\\\/2021\\\/05\\\/ETRIX-logo.png\",\"width\":470,\"height\":85,\"caption\":\"ETRIX E-Motos\"}]}<\/script>\n<meta property=\"product:brand\" content=\"Heidenau\" \/>\n<meta property=\"product:price:amount\" content=\"107.00\" \/>\n<meta property=\"product:price:currency\" content=\"CHF\" \/>\n<meta property=\"og:availability\" content=\"backorder\" \/>\n<meta property=\"product:availability\" content=\"available for order\" \/>\n<meta property=\"product:retailer_item_id\" content=\"CO500246\" \/>\n<meta property=\"product:condition\" content=\"new\" \/>\n<meta name=\"geo.placename\" content=\"Regensdorf\" \/>\n<meta name=\"geo.position\" content=\"47.43839497999372;8.465227605227366\" \/>\n<meta name=\"geo.region\" content=\"Svizzera\" \/>\n<!-- \/ Yoast SEO Premium plugin. -->","yoast_head_json":{"title":"Pneumatico anteriore\/posteriore \u2013 Silence S02 \/ Pneumatico anteriore \u2013 Silence S02B (Heidenau) - ETRIX Elektroroller Sicurezza invernale","description":"Il pneumatico invernale Heidenau si adatta a scooter di grandi dimensioni. Questo pneumatico \u00e8 modellato da una mescola di gomma morbida e perfetto per l'inverno","robots":{"index":"index","follow":"follow","max-snippet":"max-snippet:-1","max-image-preview":"max-image-preview:large","max-video-preview":"max-video-preview:-1"},"canonical":"https:\/\/www.etrix.ch\/it\/prodotto\/pneumatico-anteriore-posteriore-silenzio-s02-pneumatico-anteriore-silenzio-s02b-heidneau\/","og_locale":"it_IT","og_type":"article","og_title":"Pneumatico anteriore\/posteriore \u2013 Silence S02 \/ Pneumatico anteriore \u2013 Silence S02B (Heidenau)","og_description":"Il pneumatico invernale Heidenau si adatta a scooter di grandi dimensioni. Questo pneumatico \u00e8 modellato da una mescola di gomma morbida e perfetto per l'inverno","og_url":"https:\/\/www.etrix.ch\/it\/prodotto\/pneumatico-anteriore-posteriore-silenzio-s02-pneumatico-anteriore-silenzio-s02b-heidneau\/","og_site_name":"ETRIX Elektroroller","article_publisher":"https:\/\/m.facebook.com\/etrix.emotos\/","article_modified_time":"2024-08-29T08:56:14+00:00","og_image":[{"width":949,"height":948,"url":"https:\/\/www.etrix.ch\/media\/2021\/05\/pneu-heidnau.jpg","type":"image\/jpeg"}],"twitter_card":"summary_large_image","twitter_site":"@etrixag","twitter_misc":{"Prezzo":"&#67;&#72;&#70;&nbsp;107.00 inkl. MwSt.","Disponibilit\u00e0":"Su ordinazione"},"schema":{"@context":"https:\/\/schema.org","@graph":[{"@type":"WebPage","@id":"https:\/\/www.etrix.ch\/it\/prodotto\/pneumatico-anteriore-posteriore-silenzio-s02-pneumatico-anteriore-silenzio-s02b-heidneau\/","url":"https:\/\/www.etrix.ch\/it\/prodotto\/pneumatico-anteriore-posteriore-silenzio-s02-pneumatico-anteriore-silenzio-s02b-heidneau\/","name":"Pneumatico anteriore\/posteriore \u2013 Silence S02 \/ Pneumatico anteriore \u2013 Silence S02B (Heidenau) - ETRIX Elektroroller Sicurezza invernale","isPartOf":{"@id":"https:\/\/www.etrix.ch\/it\/#website"},"primaryImageOfPage":{"@id":"https:\/\/www.etrix.ch\/it\/prodotto\/pneumatico-anteriore-posteriore-silenzio-s02-pneumatico-anteriore-silenzio-s02b-heidneau\/#primaryimage"},"image":{"@id":"https:\/\/www.etrix.ch\/it\/prodotto\/pneumatico-anteriore-posteriore-silenzio-s02-pneumatico-anteriore-silenzio-s02b-heidneau\/#primaryimage"},"thumbnailUrl":"https:\/\/www.etrix.ch\/media\/2021\/05\/pneu-heidnau.jpg","datePublished":"2024-08-06T20:56:15+00:00","dateModified":"2024-08-29T08:56:14+00:00","description":"Il pneumatico invernale Heidenau si adatta a scooter di grandi dimensioni. Questo pneumatico \u00e8 modellato da una mescola di gomma morbida e perfetto per l'inverno","breadcrumb":{"@id":"https:\/\/www.etrix.ch\/it\/prodotto\/pneumatico-anteriore-posteriore-silenzio-s02-pneumatico-anteriore-silenzio-s02b-heidneau\/#breadcrumb"},"inLanguage":"it-IT","potentialAction":[{"@type":"ReadAction","target":["https:\/\/www.etrix.ch\/it\/prodotto\/pneumatico-anteriore-posteriore-silenzio-s02-pneumatico-anteriore-silenzio-s02b-heidneau\/"]}]},{"@type":"ImageObject","inLanguage":"it-IT","@id":"https:\/\/www.etrix.ch\/it\/prodotto\/pneumatico-anteriore-posteriore-silenzio-s02-pneumatico-anteriore-silenzio-s02b-heidneau\/#primaryimage","url":"https:\/\/www.etrix.ch\/media\/2021\/05\/pneu-heidnau.jpg","contentUrl":"https:\/\/www.etrix.ch\/media\/2021\/05\/pneu-heidnau.jpg","width":949,"height":948,"caption":"Pneu Heidenau Ecooter Scooter elettrico"},{"@type":"BreadcrumbList","@id":"https:\/\/www.etrix.ch\/it\/prodotto\/pneumatico-anteriore-posteriore-silenzio-s02-pneumatico-anteriore-silenzio-s02b-heidneau\/#breadcrumb","itemListElement":[{"@type":"ListItem","position":1,"name":"Casa","item":"https:\/\/www.etrix.ch\/it\/"},{"@type":"ListItem","position":2,"name":"Negozio","item":"https:\/\/www.etrix.ch\/it\/negozio\/"},{"@type":"ListItem","position":3,"name":"Pneumatico anteriore\/posteriore \u2013 Silence S02 \/ Pneumatico anteriore \u2013 Silence S02B (Heidenau)"}]},{"@type":"WebSite","@id":"https:\/\/www.etrix.ch\/it\/#website","url":"https:\/\/www.etrix.ch\/it\/","name":"ETRIX Elektroroller","description":"E-Motos","publisher":{"@id":"https:\/\/www.etrix.ch\/it\/#organization"},"potentialAction":[{"@type":"SearchAction","target":{"@type":"EntryPoint","urlTemplate":"https:\/\/www.etrix.ch\/it\/?s={search_term_string}"},"query-input":{"@type":"PropertyValueSpecification","valueRequired":true,"valueName":"search_term_string"}}],"inLanguage":"it-IT"},{"@type":["Organization","Place","MotorcycleDealer"],"@id":"https:\/\/www.etrix.ch\/it\/#organization","name":"ETRIX E-Motos","url":"https:\/\/www.etrix.ch\/it\/","logo":{"@id":"https:\/\/www.etrix.ch\/it\/prodotto\/pneumatico-anteriore-posteriore-silenzio-s02-pneumatico-anteriore-silenzio-s02b-heidneau\/#local-main-organization-logo"},"image":{"@id":"https:\/\/www.etrix.ch\/it\/prodotto\/pneumatico-anteriore-posteriore-silenzio-s02-pneumatico-anteriore-silenzio-s02b-heidneau\/#local-main-organization-logo"},"sameAs":["https:\/\/m.facebook.com\/etrix.emotos\/","https:\/\/x.com\/etrixag","https:\/\/www.instagram.com\/etrix_emotos\/p\/BtVW6bXHtNv\/","https:\/\/www.linkedin.com\/company\/etrix-ag","https:\/\/www.youtube.com\/channel\/UCSd-hJdu5u8xPUEY60jexOw"],"address":{"@id":"https:\/\/www.etrix.ch\/it\/prodotto\/pneumatico-anteriore-posteriore-silenzio-s02-pneumatico-anteriore-silenzio-s02b-heidneau\/#local-main-place-address"},"geo":{"@type":"GeoCoordinates","latitude":"47.43839497999372","longitude":"8.465227605227366"},"telephone":["043 931 00 45"],"openingHoursSpecification":[{"@type":"OpeningHoursSpecification","dayOfWeek":["Monday","Sunday"],"opens":"00:00","closes":"00:00"},{"@type":"OpeningHoursSpecification","dayOfWeek":["Tuesday","Wednesday","Thursday","Friday"],"opens":"10:00","closes":"18:00"},{"@type":"OpeningHoursSpecification","dayOfWeek":["Saturday"],"opens":"10:00","closes":"15:00"}]},{"@type":"PostalAddress","@id":"https:\/\/www.etrix.ch\/it\/prodotto\/pneumatico-anteriore-posteriore-silenzio-s02-pneumatico-anteriore-silenzio-s02b-heidneau\/#local-main-place-address","streetAddress":"Riedthofstrasse 122","addressLocality":"Regensdorf","postalCode":"8105","addressRegion":"Z\u00fcrich","addressCountry":"CH"},{"@type":"ImageObject","inLanguage":"it-IT","@id":"https:\/\/www.etrix.ch\/it\/prodotto\/pneumatico-anteriore-posteriore-silenzio-s02-pneumatico-anteriore-silenzio-s02b-heidneau\/#local-main-organization-logo","url":"https:\/\/www.etrix.ch\/media\/2021\/05\/ETRIX-logo.png","contentUrl":"https:\/\/www.etrix.ch\/media\/2021\/05\/ETRIX-logo.png","width":470,"height":85,"caption":"ETRIX E-Motos"}]},"product_brand":"Heidenau","product_price_amount":"107.00","product_price_currency":"CHF","og_availability":"backorder","product_availability":"available for order","product_retailer_item_id":"CO500246","product_condition":"new","geo.placename":"Regensdorf","geo.position":{"lat":"47.43839497999372","long":"8.465227605227366"},"geo.region":"Svizzera"},"_links":{"self":[{"href":"https:\/\/www.etrix.ch\/it\/wp-json\/wp\/v2\/product\/22514","targetHints":{"allow":["GET"]}}],"collection":[{"href":"https:\/\/www.etrix.ch\/it\/wp-json\/wp\/v2\/product"}],"about":[{"href":"https:\/\/www.etrix.ch\/it\/wp-json\/wp\/v2\/types\/product"}],"wp:featuredmedia":[{"embeddable":true,"href":"https:\/\/www.etrix.ch\/it\/wp-json\/wp\/v2\/media\/22177"}],"wp:attachment":[{"href":"https:\/\/www.etrix.ch\/it\/wp-json\/wp\/v2\/media?parent=22514"}],"wp:term":[{"taxonomy":"product_brand","embeddable":true,"href":"https:\/\/www.etrix.ch\/it\/wp-json\/wp\/v2\/product_brand?post=22514"},{"taxonomy":"product_cat","embeddable":true,"href":"https:\/\/www.etrix.ch\/it\/wp-json\/wp\/v2\/product_cat?post=22514"},{"taxonomy":"product_tag","embeddable":true,"href":"https:\/\/www.etrix.ch\/it\/wp-json\/wp\/v2\/product_tag?post=22514"}],"curies":[{"name":"wp","href":"https:\/\/api.w.org\/{rel}","templated":true}]}}