{"id":22500,"date":"2020-04-21T15:47:02","date_gmt":"2020-04-21T13:47:02","guid":{"rendered":"https:\/\/www.etrix.ch\/produkt\/maschere-igieniche-3-strati-maschere-protettive-1000-pezzi-chf-0-56-pz-iva-esclusa\/"},"modified":"2020-04-21T15:47:02","modified_gmt":"2020-04-21T13:47:02","slug":"maschere-igieniche-maschere-protettive-a-3-strati","status":"publish","type":"product","link":"https:\/\/www.etrix.ch\/it\/prodotto\/maschere-igieniche-maschere-protettive-a-3-strati\/","title":{"rendered":"Maschere igieniche, 3 strati, maschere protettive (1000 pezzi - CHF 0.56\/pz IVA esclusa)"},"content":{"rendered":"<p>Questa \u00e8 una maschera leggera che pu\u00f2 essere utilizzata come visiera. \u00c8 molto comodo da indossare. L&#8217;area a 3 strati pu\u00f2 essere arcuata senza sforzo, creando pi\u00f9 spazio per il naso e il mento. Questa maschera igienica \u00e8 rettangolare. \u00c8 fissato dietro le orecchie con elastici. circa 175 x 95 mm<br \/>\nDettagli:<\/p>\n<ul>\n<li>Monouso (usa e getta)<\/li>\n<li>Una semplice protezione contro polvere, goccioline e polline<\/li>\n<li>Efficiente filtrazione a 3 strati<\/li>\n<li>Comodo da indossare, inodore<\/li>\n<li>Secondo EN149:2001+A1:2009<\/li>\n<li>Marcatura<\/li>\n<\/ul>\n","protected":false},"excerpt":{"rendered":"<p>Questa \u00e8 una maschera leggera che pu\u00f2 essere utilizzata come visiera. \u00c8 molto comodo da indossare.<\/p>\n","protected":false},"featured_media":22501,"template":"","meta":{"_acf_changed":false},"product_brand":[],"product_cat":[1870],"product_tag":[],"class_list":{"0":"post-22500","1":"product","2":"type-product","3":"status-publish","4":"has-post-thumbnail","6":"product_cat-unkategorisiert-it","7":"sales-flash-overlay","8":"woocommerce-text-align-left","9":"woocommerce-image-align-center","10":"do-quantity-buttons","11":"wc-has-gallery","13":"first","14":"outofstock","15":"taxable","16":"shipping-taxable","17":"purchasable","18":"product-type-simple"},"acf":[],"yoast_head":"<!-- This site is optimized with the Yoast SEO Premium plugin v26.9 (Yoast SEO v27.6) - https:\/\/yoast.com\/product\/yoast-seo-premium-wordpress\/ -->\n<title>Maschere igieniche, 3 strati, maschere protettive (1000 pezzi - CHF 0.56\/pz IVA esclusa) - ETRIX Elektroroller<\/title>\n<meta name=\"description\" content=\"Maschere igieniche \u2713 monouso \u2713 Protezione contro polvere, goccioline e polline \u2713 Filtrazione a 3 strati \u2713Comodo da indossare \u2713 inodore\" \/>\n<meta name=\"robots\" content=\"index, follow, max-snippet:-1, max-image-preview:large, max-video-preview:-1\" \/>\n<link rel=\"canonical\" href=\"https:\/\/www.etrix.ch\/it\/prodotto\/maschere-igieniche-maschere-protettive-a-3-strati\/\" \/>\n<meta property=\"og:locale\" content=\"it_IT\" \/>\n<meta property=\"og:type\" content=\"article\" \/>\n<meta property=\"og:title\" content=\"Maschere igieniche, 3 strati, maschere protettive (1000 pezzi - CHF 0.56\/pz IVA esclusa)\" \/>\n<meta property=\"og:description\" content=\"Maschere igieniche \u2713 monouso \u2713 Protezione contro polvere, goccioline e polline \u2713 Filtrazione a 3 strati \u2713Comodo da indossare \u2713 inodore\" \/>\n<meta property=\"og:url\" content=\"https:\/\/www.etrix.ch\/it\/prodotto\/maschere-igieniche-maschere-protettive-a-3-strati\/\" \/>\n<meta property=\"og:site_name\" content=\"ETRIX Elektroroller\" \/>\n<meta property=\"article:publisher\" content=\"https:\/\/m.facebook.com\/etrix.emotos\/\" \/>\n<meta property=\"og:image\" content=\"https:\/\/www.etrix.ch\/media\/2021\/05\/BildHygienemaske50erPackung_c4501d90-92a8-4405-9877-dc5a2ceadbb5_1400x.jpg\" \/>\n\t<meta property=\"og:image:width\" content=\"726\" \/>\n\t<meta property=\"og:image:height\" content=\"732\" \/>\n\t<meta property=\"og:image:type\" content=\"image\/jpeg\" \/>\n<meta name=\"twitter:card\" content=\"summary_large_image\" \/>\n<meta name=\"twitter:site\" content=\"@etrixag\" \/>\n<meta name=\"twitter:label1\" content=\"Prezzo\" \/>\n\t<meta name=\"twitter:data1\" content=\"&#067;&#072;&#070;&nbsp;600.00 inkl. MwSt.\" \/>\n\t<meta name=\"twitter:label2\" content=\"Disponibilit\u00e0\" \/>\n\t<meta name=\"twitter:data2\" content=\"Esaurito\" \/>\n<script type=\"application\/ld+json\" class=\"yoast-schema-graph\">{\"@context\":\"https:\\\/\\\/schema.org\",\"@graph\":[{\"@type\":\"WebPage\",\"@id\":\"https:\\\/\\\/www.etrix.ch\\\/it\\\/prodotto\\\/maschere-igieniche-maschere-protettive-a-3-strati\\\/\",\"url\":\"https:\\\/\\\/www.etrix.ch\\\/it\\\/prodotto\\\/maschere-igieniche-maschere-protettive-a-3-strati\\\/\",\"name\":\"Maschere igieniche, 3 strati, maschere protettive (1000 pezzi - CHF 0.56\\\/pz IVA esclusa) - ETRIX Elektroroller\",\"isPartOf\":{\"@id\":\"https:\\\/\\\/www.etrix.ch\\\/it\\\/#website\"},\"primaryImageOfPage\":{\"@id\":\"https:\\\/\\\/www.etrix.ch\\\/it\\\/prodotto\\\/maschere-igieniche-maschere-protettive-a-3-strati\\\/#primaryimage\"},\"image\":{\"@id\":\"https:\\\/\\\/www.etrix.ch\\\/it\\\/prodotto\\\/maschere-igieniche-maschere-protettive-a-3-strati\\\/#primaryimage\"},\"thumbnailUrl\":\"https:\\\/\\\/www.etrix.ch\\\/media\\\/2021\\\/05\\\/BildHygienemaske50erPackung_c4501d90-92a8-4405-9877-dc5a2ceadbb5_1400x.jpg\",\"datePublished\":\"2020-04-21T13:47:02+00:00\",\"description\":\"Maschere igieniche \u2713 monouso \u2713 Protezione contro polvere, goccioline e polline \u2713 Filtrazione a 3 strati \u2713Comodo da indossare \u2713 inodore\",\"breadcrumb\":{\"@id\":\"https:\\\/\\\/www.etrix.ch\\\/it\\\/prodotto\\\/maschere-igieniche-maschere-protettive-a-3-strati\\\/#breadcrumb\"},\"inLanguage\":\"it-IT\",\"potentialAction\":[{\"@type\":\"ReadAction\",\"target\":[\"https:\\\/\\\/www.etrix.ch\\\/it\\\/prodotto\\\/maschere-igieniche-maschere-protettive-a-3-strati\\\/\"]}]},{\"@type\":\"ImageObject\",\"inLanguage\":\"it-IT\",\"@id\":\"https:\\\/\\\/www.etrix.ch\\\/it\\\/prodotto\\\/maschere-igieniche-maschere-protettive-a-3-strati\\\/#primaryimage\",\"url\":\"https:\\\/\\\/www.etrix.ch\\\/media\\\/2021\\\/05\\\/BildHygienemaske50erPackung_c4501d90-92a8-4405-9877-dc5a2ceadbb5_1400x.jpg\",\"contentUrl\":\"https:\\\/\\\/www.etrix.ch\\\/media\\\/2021\\\/05\\\/BildHygienemaske50erPackung_c4501d90-92a8-4405-9877-dc5a2ceadbb5_1400x.jpg\",\"width\":726,\"height\":732},{\"@type\":\"BreadcrumbList\",\"@id\":\"https:\\\/\\\/www.etrix.ch\\\/it\\\/prodotto\\\/maschere-igieniche-maschere-protettive-a-3-strati\\\/#breadcrumb\",\"itemListElement\":[{\"@type\":\"ListItem\",\"position\":1,\"name\":\"Casa\",\"item\":\"https:\\\/\\\/www.etrix.ch\\\/it\\\/\"},{\"@type\":\"ListItem\",\"position\":2,\"name\":\"Negozio\",\"item\":\"https:\\\/\\\/www.etrix.ch\\\/it\\\/negozio\\\/\"},{\"@type\":\"ListItem\",\"position\":3,\"name\":\"Maschere igieniche, 3 strati, maschere protettive (1000 pezzi &#8211; CHF 0.56\\\/pz IVA esclusa)\"}]},{\"@type\":\"WebSite\",\"@id\":\"https:\\\/\\\/www.etrix.ch\\\/it\\\/#website\",\"url\":\"https:\\\/\\\/www.etrix.ch\\\/it\\\/\",\"name\":\"ETRIX Elektroroller\",\"description\":\"E-Motos\",\"publisher\":{\"@id\":\"https:\\\/\\\/www.etrix.ch\\\/it\\\/#organization\"},\"potentialAction\":[{\"@type\":\"SearchAction\",\"target\":{\"@type\":\"EntryPoint\",\"urlTemplate\":\"https:\\\/\\\/www.etrix.ch\\\/it\\\/?s={search_term_string}\"},\"query-input\":{\"@type\":\"PropertyValueSpecification\",\"valueRequired\":true,\"valueName\":\"search_term_string\"}}],\"inLanguage\":\"it-IT\"},{\"@type\":[\"Organization\",\"Place\",\"MotorcycleDealer\"],\"@id\":\"https:\\\/\\\/www.etrix.ch\\\/it\\\/#organization\",\"name\":\"ETRIX E-Motos\",\"url\":\"https:\\\/\\\/www.etrix.ch\\\/it\\\/\",\"logo\":{\"@id\":\"https:\\\/\\\/www.etrix.ch\\\/it\\\/prodotto\\\/maschere-igieniche-maschere-protettive-a-3-strati\\\/#local-main-organization-logo\"},\"image\":{\"@id\":\"https:\\\/\\\/www.etrix.ch\\\/it\\\/prodotto\\\/maschere-igieniche-maschere-protettive-a-3-strati\\\/#local-main-organization-logo\"},\"sameAs\":[\"https:\\\/\\\/m.facebook.com\\\/etrix.emotos\\\/\",\"https:\\\/\\\/x.com\\\/etrixag\",\"https:\\\/\\\/www.instagram.com\\\/etrix_emotos\\\/p\\\/BtVW6bXHtNv\\\/\",\"https:\\\/\\\/www.linkedin.com\\\/company\\\/etrix-ag\",\"https:\\\/\\\/www.youtube.com\\\/channel\\\/UCSd-hJdu5u8xPUEY60jexOw\"],\"address\":{\"@id\":\"https:\\\/\\\/www.etrix.ch\\\/it\\\/prodotto\\\/maschere-igieniche-maschere-protettive-a-3-strati\\\/#local-main-place-address\"},\"geo\":{\"@type\":\"GeoCoordinates\",\"latitude\":\"47.43839497999372\",\"longitude\":\"8.465227605227366\"},\"telephone\":[\"043 931 00 45\"],\"openingHoursSpecification\":[{\"@type\":\"OpeningHoursSpecification\",\"dayOfWeek\":[\"Monday\",\"Sunday\"],\"opens\":\"00:00\",\"closes\":\"00:00\"},{\"@type\":\"OpeningHoursSpecification\",\"dayOfWeek\":[\"Tuesday\",\"Wednesday\",\"Thursday\",\"Friday\"],\"opens\":\"10:00\",\"closes\":\"18:00\"},{\"@type\":\"OpeningHoursSpecification\",\"dayOfWeek\":[\"Saturday\"],\"opens\":\"10:00\",\"closes\":\"15:00\"}]},{\"@type\":\"PostalAddress\",\"@id\":\"https:\\\/\\\/www.etrix.ch\\\/it\\\/prodotto\\\/maschere-igieniche-maschere-protettive-a-3-strati\\\/#local-main-place-address\",\"streetAddress\":\"Riedthofstrasse 122\",\"addressLocality\":\"Regensdorf\",\"postalCode\":\"8105\",\"addressRegion\":\"Z\u00fcrich\",\"addressCountry\":\"CH\"},{\"@type\":\"ImageObject\",\"inLanguage\":\"it-IT\",\"@id\":\"https:\\\/\\\/www.etrix.ch\\\/it\\\/prodotto\\\/maschere-igieniche-maschere-protettive-a-3-strati\\\/#local-main-organization-logo\",\"url\":\"https:\\\/\\\/www.etrix.ch\\\/media\\\/2021\\\/05\\\/ETRIX-logo.png\",\"contentUrl\":\"https:\\\/\\\/www.etrix.ch\\\/media\\\/2021\\\/05\\\/ETRIX-logo.png\",\"width\":470,\"height\":85,\"caption\":\"ETRIX E-Motos\"}]}<\/script>\n<meta property=\"product:price:amount\" content=\"600.00\" \/>\n<meta property=\"product:price:currency\" content=\"CHF\" \/>\n<meta property=\"og:availability\" content=\"out of stock\" \/>\n<meta property=\"product:availability\" content=\"out of stock\" \/>\n<meta property=\"product:retailer_item_id\" content=\"AC600244\" \/>\n<meta property=\"product:condition\" content=\"new\" \/>\n<meta name=\"geo.placename\" content=\"Regensdorf\" \/>\n<meta name=\"geo.position\" content=\"47.43839497999372;8.465227605227366\" \/>\n<meta name=\"geo.region\" content=\"Svizzera\" \/>\n<!-- \/ Yoast SEO Premium plugin. -->","yoast_head_json":{"title":"Maschere igieniche, 3 strati, maschere protettive (1000 pezzi - CHF 0.56\/pz IVA esclusa) - ETRIX Elektroroller","description":"Maschere igieniche \u2713 monouso \u2713 Protezione contro polvere, goccioline e polline \u2713 Filtrazione a 3 strati \u2713Comodo da indossare \u2713 inodore","robots":{"index":"index","follow":"follow","max-snippet":"max-snippet:-1","max-image-preview":"max-image-preview:large","max-video-preview":"max-video-preview:-1"},"canonical":"https:\/\/www.etrix.ch\/it\/prodotto\/maschere-igieniche-maschere-protettive-a-3-strati\/","og_locale":"it_IT","og_type":"article","og_title":"Maschere igieniche, 3 strati, maschere protettive (1000 pezzi - CHF 0.56\/pz IVA esclusa)","og_description":"Maschere igieniche \u2713 monouso \u2713 Protezione contro polvere, goccioline e polline \u2713 Filtrazione a 3 strati \u2713Comodo da indossare \u2713 inodore","og_url":"https:\/\/www.etrix.ch\/it\/prodotto\/maschere-igieniche-maschere-protettive-a-3-strati\/","og_site_name":"ETRIX Elektroroller","article_publisher":"https:\/\/m.facebook.com\/etrix.emotos\/","og_image":[{"width":726,"height":732,"url":"https:\/\/www.etrix.ch\/media\/2021\/05\/BildHygienemaske50erPackung_c4501d90-92a8-4405-9877-dc5a2ceadbb5_1400x.jpg","type":"image\/jpeg"}],"twitter_card":"summary_large_image","twitter_site":"@etrixag","twitter_misc":{"Prezzo":"&#67;&#72;&#70;&nbsp;600.00 inkl. MwSt.","Disponibilit\u00e0":"Esaurito"},"schema":{"@context":"https:\/\/schema.org","@graph":[{"@type":"WebPage","@id":"https:\/\/www.etrix.ch\/it\/prodotto\/maschere-igieniche-maschere-protettive-a-3-strati\/","url":"https:\/\/www.etrix.ch\/it\/prodotto\/maschere-igieniche-maschere-protettive-a-3-strati\/","name":"Maschere igieniche, 3 strati, maschere protettive (1000 pezzi - CHF 0.56\/pz IVA esclusa) - ETRIX Elektroroller","isPartOf":{"@id":"https:\/\/www.etrix.ch\/it\/#website"},"primaryImageOfPage":{"@id":"https:\/\/www.etrix.ch\/it\/prodotto\/maschere-igieniche-maschere-protettive-a-3-strati\/#primaryimage"},"image":{"@id":"https:\/\/www.etrix.ch\/it\/prodotto\/maschere-igieniche-maschere-protettive-a-3-strati\/#primaryimage"},"thumbnailUrl":"https:\/\/www.etrix.ch\/media\/2021\/05\/BildHygienemaske50erPackung_c4501d90-92a8-4405-9877-dc5a2ceadbb5_1400x.jpg","datePublished":"2020-04-21T13:47:02+00:00","description":"Maschere igieniche \u2713 monouso \u2713 Protezione contro polvere, goccioline e polline \u2713 Filtrazione a 3 strati \u2713Comodo da indossare \u2713 inodore","breadcrumb":{"@id":"https:\/\/www.etrix.ch\/it\/prodotto\/maschere-igieniche-maschere-protettive-a-3-strati\/#breadcrumb"},"inLanguage":"it-IT","potentialAction":[{"@type":"ReadAction","target":["https:\/\/www.etrix.ch\/it\/prodotto\/maschere-igieniche-maschere-protettive-a-3-strati\/"]}]},{"@type":"ImageObject","inLanguage":"it-IT","@id":"https:\/\/www.etrix.ch\/it\/prodotto\/maschere-igieniche-maschere-protettive-a-3-strati\/#primaryimage","url":"https:\/\/www.etrix.ch\/media\/2021\/05\/BildHygienemaske50erPackung_c4501d90-92a8-4405-9877-dc5a2ceadbb5_1400x.jpg","contentUrl":"https:\/\/www.etrix.ch\/media\/2021\/05\/BildHygienemaske50erPackung_c4501d90-92a8-4405-9877-dc5a2ceadbb5_1400x.jpg","width":726,"height":732},{"@type":"BreadcrumbList","@id":"https:\/\/www.etrix.ch\/it\/prodotto\/maschere-igieniche-maschere-protettive-a-3-strati\/#breadcrumb","itemListElement":[{"@type":"ListItem","position":1,"name":"Casa","item":"https:\/\/www.etrix.ch\/it\/"},{"@type":"ListItem","position":2,"name":"Negozio","item":"https:\/\/www.etrix.ch\/it\/negozio\/"},{"@type":"ListItem","position":3,"name":"Maschere igieniche, 3 strati, maschere protettive (1000 pezzi &#8211; CHF 0.56\/pz IVA esclusa)"}]},{"@type":"WebSite","@id":"https:\/\/www.etrix.ch\/it\/#website","url":"https:\/\/www.etrix.ch\/it\/","name":"ETRIX Elektroroller","description":"E-Motos","publisher":{"@id":"https:\/\/www.etrix.ch\/it\/#organization"},"potentialAction":[{"@type":"SearchAction","target":{"@type":"EntryPoint","urlTemplate":"https:\/\/www.etrix.ch\/it\/?s={search_term_string}"},"query-input":{"@type":"PropertyValueSpecification","valueRequired":true,"valueName":"search_term_string"}}],"inLanguage":"it-IT"},{"@type":["Organization","Place","MotorcycleDealer"],"@id":"https:\/\/www.etrix.ch\/it\/#organization","name":"ETRIX E-Motos","url":"https:\/\/www.etrix.ch\/it\/","logo":{"@id":"https:\/\/www.etrix.ch\/it\/prodotto\/maschere-igieniche-maschere-protettive-a-3-strati\/#local-main-organization-logo"},"image":{"@id":"https:\/\/www.etrix.ch\/it\/prodotto\/maschere-igieniche-maschere-protettive-a-3-strati\/#local-main-organization-logo"},"sameAs":["https:\/\/m.facebook.com\/etrix.emotos\/","https:\/\/x.com\/etrixag","https:\/\/www.instagram.com\/etrix_emotos\/p\/BtVW6bXHtNv\/","https:\/\/www.linkedin.com\/company\/etrix-ag","https:\/\/www.youtube.com\/channel\/UCSd-hJdu5u8xPUEY60jexOw"],"address":{"@id":"https:\/\/www.etrix.ch\/it\/prodotto\/maschere-igieniche-maschere-protettive-a-3-strati\/#local-main-place-address"},"geo":{"@type":"GeoCoordinates","latitude":"47.43839497999372","longitude":"8.465227605227366"},"telephone":["043 931 00 45"],"openingHoursSpecification":[{"@type":"OpeningHoursSpecification","dayOfWeek":["Monday","Sunday"],"opens":"00:00","closes":"00:00"},{"@type":"OpeningHoursSpecification","dayOfWeek":["Tuesday","Wednesday","Thursday","Friday"],"opens":"10:00","closes":"18:00"},{"@type":"OpeningHoursSpecification","dayOfWeek":["Saturday"],"opens":"10:00","closes":"15:00"}]},{"@type":"PostalAddress","@id":"https:\/\/www.etrix.ch\/it\/prodotto\/maschere-igieniche-maschere-protettive-a-3-strati\/#local-main-place-address","streetAddress":"Riedthofstrasse 122","addressLocality":"Regensdorf","postalCode":"8105","addressRegion":"Z\u00fcrich","addressCountry":"CH"},{"@type":"ImageObject","inLanguage":"it-IT","@id":"https:\/\/www.etrix.ch\/it\/prodotto\/maschere-igieniche-maschere-protettive-a-3-strati\/#local-main-organization-logo","url":"https:\/\/www.etrix.ch\/media\/2021\/05\/ETRIX-logo.png","contentUrl":"https:\/\/www.etrix.ch\/media\/2021\/05\/ETRIX-logo.png","width":470,"height":85,"caption":"ETRIX E-Motos"}]},"product_price_amount":"600.00","product_price_currency":"CHF","og_availability":"out of stock","product_availability":"out of stock","product_retailer_item_id":"AC600244","product_condition":"new","geo.placename":"Regensdorf","geo.position":{"lat":"47.43839497999372","long":"8.465227605227366"},"geo.region":"Svizzera"},"_links":{"self":[{"href":"https:\/\/www.etrix.ch\/it\/wp-json\/wp\/v2\/product\/22500","targetHints":{"allow":["GET"]}}],"collection":[{"href":"https:\/\/www.etrix.ch\/it\/wp-json\/wp\/v2\/product"}],"about":[{"href":"https:\/\/www.etrix.ch\/it\/wp-json\/wp\/v2\/types\/product"}],"wp:featuredmedia":[{"embeddable":true,"href":"https:\/\/www.etrix.ch\/it\/wp-json\/wp\/v2\/media\/22501"}],"wp:attachment":[{"href":"https:\/\/www.etrix.ch\/it\/wp-json\/wp\/v2\/media?parent=22500"}],"wp:term":[{"taxonomy":"product_brand","embeddable":true,"href":"https:\/\/www.etrix.ch\/it\/wp-json\/wp\/v2\/product_brand?post=22500"},{"taxonomy":"product_cat","embeddable":true,"href":"https:\/\/www.etrix.ch\/it\/wp-json\/wp\/v2\/product_cat?post=22500"},{"taxonomy":"product_tag","embeddable":true,"href":"https:\/\/www.etrix.ch\/it\/wp-json\/wp\/v2\/product_tag?post=22500"}],"curies":[{"name":"wp","href":"https:\/\/api.w.org\/{rel}","templated":true}]}}