{"id":22331,"date":"2022-03-04T11:54:21","date_gmt":"2022-03-04T10:54:21","guid":{"rendered":"https:\/\/www.etrix.ch\/produkt\/frigo-box-95l\/"},"modified":"2024-08-29T10:55:04","modified_gmt":"2024-08-29T08:55:04","slug":"frigobox-95-litri","status":"publish","type":"product","link":"https:\/\/www.etrix.ch\/it\/prodotto\/frigobox-95-litri\/","title":{"rendered":"Frigo box 95L"},"content":{"rendered":"<p class=\"x_MsoNormal\"><b>Sushi box molto leggero e infrangibile, isola straordinariamente bene.<\/b><\/p>\n<p>  Sushi box di alta qualit\u00e0 in EPP (materiale proveniente dal settore automobilistico). A causa del materiale lavorato, la scatola \u00e8 molto leggera e isola molto bene. Tuttavia, il materiale \u00e8 molto pi\u00f9 resistente alla rottura rispetto al polistirolo. Frigorifera di alta qualit\u00e0 realizzata in EPP (materiale del settore automobilistico). Grazie al materiale utilizzato, la scatola \u00e8 molto leggera e isola straordinariamente bene.  <\/p>\n<ul>\n<li>Dispositivo per il raffreddamento della batteria<\/li>\n<li>Dimensioni interne 49 x 48 x 40 cm<\/li>\n<li>Volume: 95 litri<\/li>\n<li>I cartelloni pubblicitari possono essere cambiati senza attrezzi<\/li>\n<li>Peso 7 kg<\/li>\n<li>Bordi interni ruotati \u2013 soddisfa le linee guida igieniche del settore della ristorazione<\/li>\n<li>Adatto per scooter di consegna ETRIX ed e-bike di consegna<\/li>\n<li>Un pavimento divisorio incluso<\/li>\n<li>Chiudibile<\/li>\n<li style=\"list-style-type: none\">\n<\/li>\n<\/ul>\n<p class=\"x_MsoNormal\">Nota: la scatola viene fornita senza cartelloni pubblicitari, piastra di montaggio e batteria di raffreddamento<\/p>\n","protected":false},"excerpt":{"rendered":"<p>Sushi box molto leggero e infrangibile, isola straordinariamente bene.<\/p>\n","protected":false},"featured_media":22337,"template":"","meta":{"_acf_changed":false},"product_brand":[],"product_cat":[1855,1644,1635,1859],"product_tag":[1856],"class_list":{"0":"post-22331","1":"product","2":"type-product","3":"status-publish","4":"has-post-thumbnail","6":"product_cat-accessori-per-la-consegna","7":"product_cat-accessoristica","8":"product_cat-e-bike-it","9":"product_cat-enviado-accessori","10":"product_tag-accessori-per-la-consegna","11":"pa_marke-enviado-it","12":"sales-flash-overlay","13":"woocommerce-text-align-left","14":"woocommerce-image-align-center","15":"do-quantity-buttons","16":"wc-has-gallery","18":"first","19":"onbackorder","20":"taxable","21":"shipping-taxable","22":"purchasable","23":"product-type-simple"},"acf":[],"yoast_head":"<!-- This site is optimized with the Yoast SEO Premium plugin v26.9 (Yoast SEO v27.4) - https:\/\/yoast.com\/product\/yoast-seo-premium-wordpress\/ -->\n<title>Frigo box 95L for delivery scooter - delivery box ETRIX Elektroroller Delivery Box<\/title>\n<meta name=\"description\" content=\"La scatola \u00e8 molto leggera e isola molto bene. Tuttavia, il materiale \u00e8 molto pi\u00f9 resistente alla rottura rispetto al polistirolo\" \/>\n<meta name=\"robots\" content=\"index, follow, max-snippet:-1, max-image-preview:large, max-video-preview:-1\" \/>\n<link rel=\"canonical\" href=\"https:\/\/www.etrix.ch\/it\/prodotto\/frigobox-95-litri\/\" \/>\n<meta property=\"og:locale\" content=\"it_IT\" \/>\n<meta property=\"og:type\" content=\"article\" \/>\n<meta property=\"og:title\" content=\"Frigo box 95L\" \/>\n<meta property=\"og:description\" content=\"La scatola \u00e8 molto leggera e isola molto bene. Tuttavia, il materiale \u00e8 molto pi\u00f9 resistente alla rottura rispetto al polistirolo\" \/>\n<meta property=\"og:url\" content=\"https:\/\/www.etrix.ch\/it\/prodotto\/frigobox-95-litri\/\" \/>\n<meta property=\"og:site_name\" content=\"ETRIX Elektroroller\" \/>\n<meta property=\"article:publisher\" content=\"https:\/\/m.facebook.com\/etrix.emotos\/\" \/>\n<meta property=\"article:modified_time\" content=\"2024-08-29T08:55:04+00:00\" \/>\n<meta property=\"og:image\" content=\"https:\/\/www.etrix.ch\/media\/2022\/03\/Enviado_Cool_Box_03.jpg\" \/>\n\t<meta property=\"og:image:width\" content=\"1000\" \/>\n\t<meta property=\"og:image:height\" content=\"1000\" \/>\n\t<meta property=\"og:image:type\" content=\"image\/jpeg\" \/>\n<meta name=\"twitter:card\" content=\"summary_large_image\" \/>\n<meta name=\"twitter:site\" content=\"@etrixag\" \/>\n<meta name=\"twitter:label1\" content=\"Prezzo\" \/>\n\t<meta name=\"twitter:data1\" content=\"&#067;&#072;&#070;&nbsp;695.00 inkl. MwSt.\" \/>\n\t<meta name=\"twitter:label2\" content=\"Disponibilit\u00e0\" \/>\n\t<meta name=\"twitter:data2\" content=\"Su ordinazione\" \/>\n<script type=\"application\/ld+json\" class=\"yoast-schema-graph\">{\"@context\":\"https:\\\/\\\/schema.org\",\"@graph\":[{\"@type\":\"WebPage\",\"@id\":\"https:\\\/\\\/www.etrix.ch\\\/it\\\/prodotto\\\/frigobox-95-litri\\\/\",\"url\":\"https:\\\/\\\/www.etrix.ch\\\/it\\\/prodotto\\\/frigobox-95-litri\\\/\",\"name\":\"Frigo box 95L for delivery scooter - delivery box ETRIX Elektroroller Delivery Box\",\"isPartOf\":{\"@id\":\"https:\\\/\\\/www.etrix.ch\\\/it\\\/#website\"},\"primaryImageOfPage\":{\"@id\":\"https:\\\/\\\/www.etrix.ch\\\/it\\\/prodotto\\\/frigobox-95-litri\\\/#primaryimage\"},\"image\":{\"@id\":\"https:\\\/\\\/www.etrix.ch\\\/it\\\/prodotto\\\/frigobox-95-litri\\\/#primaryimage\"},\"thumbnailUrl\":\"https:\\\/\\\/www.etrix.ch\\\/media\\\/2022\\\/03\\\/Enviado_Cool_Box_03.jpg\",\"datePublished\":\"2022-03-04T10:54:21+00:00\",\"dateModified\":\"2024-08-29T08:55:04+00:00\",\"description\":\"La scatola \u00e8 molto leggera e isola molto bene. Tuttavia, il materiale \u00e8 molto pi\u00f9 resistente alla rottura rispetto al polistirolo\",\"breadcrumb\":{\"@id\":\"https:\\\/\\\/www.etrix.ch\\\/it\\\/prodotto\\\/frigobox-95-litri\\\/#breadcrumb\"},\"inLanguage\":\"it-IT\",\"potentialAction\":[{\"@type\":\"ReadAction\",\"target\":[\"https:\\\/\\\/www.etrix.ch\\\/it\\\/prodotto\\\/frigobox-95-litri\\\/\"]}]},{\"@type\":\"ImageObject\",\"inLanguage\":\"it-IT\",\"@id\":\"https:\\\/\\\/www.etrix.ch\\\/it\\\/prodotto\\\/frigobox-95-litri\\\/#primaryimage\",\"url\":\"https:\\\/\\\/www.etrix.ch\\\/media\\\/2022\\\/03\\\/Enviado_Cool_Box_03.jpg\",\"contentUrl\":\"https:\\\/\\\/www.etrix.ch\\\/media\\\/2022\\\/03\\\/Enviado_Cool_Box_03.jpg\",\"width\":1000,\"height\":1000,\"caption\":\"Cooler Box 95 Litri Consegna Scooter Scooter Elettrico\"},{\"@type\":\"BreadcrumbList\",\"@id\":\"https:\\\/\\\/www.etrix.ch\\\/it\\\/prodotto\\\/frigobox-95-litri\\\/#breadcrumb\",\"itemListElement\":[{\"@type\":\"ListItem\",\"position\":1,\"name\":\"Casa\",\"item\":\"https:\\\/\\\/www.etrix.ch\\\/it\\\/\"},{\"@type\":\"ListItem\",\"position\":2,\"name\":\"Negozio\",\"item\":\"https:\\\/\\\/www.etrix.ch\\\/it\\\/negozio\\\/\"},{\"@type\":\"ListItem\",\"position\":3,\"name\":\"Frigo box 95L\"}]},{\"@type\":\"WebSite\",\"@id\":\"https:\\\/\\\/www.etrix.ch\\\/it\\\/#website\",\"url\":\"https:\\\/\\\/www.etrix.ch\\\/it\\\/\",\"name\":\"ETRIX Elektroroller\",\"description\":\"E-Motos\",\"publisher\":{\"@id\":\"https:\\\/\\\/www.etrix.ch\\\/it\\\/#organization\"},\"potentialAction\":[{\"@type\":\"SearchAction\",\"target\":{\"@type\":\"EntryPoint\",\"urlTemplate\":\"https:\\\/\\\/www.etrix.ch\\\/it\\\/?s={search_term_string}\"},\"query-input\":{\"@type\":\"PropertyValueSpecification\",\"valueRequired\":true,\"valueName\":\"search_term_string\"}}],\"inLanguage\":\"it-IT\"},{\"@type\":[\"Organization\",\"Place\",\"MotorcycleDealer\"],\"@id\":\"https:\\\/\\\/www.etrix.ch\\\/it\\\/#organization\",\"name\":\"ETRIX E-Motos\",\"url\":\"https:\\\/\\\/www.etrix.ch\\\/it\\\/\",\"logo\":{\"@id\":\"https:\\\/\\\/www.etrix.ch\\\/it\\\/prodotto\\\/frigobox-95-litri\\\/#local-main-organization-logo\"},\"image\":{\"@id\":\"https:\\\/\\\/www.etrix.ch\\\/it\\\/prodotto\\\/frigobox-95-litri\\\/#local-main-organization-logo\"},\"sameAs\":[\"https:\\\/\\\/m.facebook.com\\\/etrix.emotos\\\/\",\"https:\\\/\\\/x.com\\\/etrixag\",\"https:\\\/\\\/www.instagram.com\\\/etrix_emotos\\\/p\\\/BtVW6bXHtNv\\\/\",\"https:\\\/\\\/www.linkedin.com\\\/company\\\/etrix-ag\",\"https:\\\/\\\/www.youtube.com\\\/channel\\\/UCSd-hJdu5u8xPUEY60jexOw\"],\"address\":{\"@id\":\"https:\\\/\\\/www.etrix.ch\\\/it\\\/prodotto\\\/frigobox-95-litri\\\/#local-main-place-address\"},\"geo\":{\"@type\":\"GeoCoordinates\",\"latitude\":\"47.43839497999372\",\"longitude\":\"8.465227605227366\"},\"telephone\":[\"043 931 00 45\"],\"openingHoursSpecification\":[{\"@type\":\"OpeningHoursSpecification\",\"dayOfWeek\":[\"Monday\",\"Sunday\"],\"opens\":\"00:00\",\"closes\":\"00:00\"},{\"@type\":\"OpeningHoursSpecification\",\"dayOfWeek\":[\"Tuesday\",\"Wednesday\",\"Thursday\",\"Friday\"],\"opens\":\"10:00\",\"closes\":\"18:00\"},{\"@type\":\"OpeningHoursSpecification\",\"dayOfWeek\":[\"Saturday\"],\"opens\":\"10:00\",\"closes\":\"15:00\"}]},{\"@type\":\"PostalAddress\",\"@id\":\"https:\\\/\\\/www.etrix.ch\\\/it\\\/prodotto\\\/frigobox-95-litri\\\/#local-main-place-address\",\"streetAddress\":\"Riedthofstrasse 122\",\"addressLocality\":\"Regensdorf\",\"postalCode\":\"8105\",\"addressRegion\":\"Z\u00fcrich\",\"addressCountry\":\"CH\"},{\"@type\":\"ImageObject\",\"inLanguage\":\"it-IT\",\"@id\":\"https:\\\/\\\/www.etrix.ch\\\/it\\\/prodotto\\\/frigobox-95-litri\\\/#local-main-organization-logo\",\"url\":\"https:\\\/\\\/www.etrix.ch\\\/media\\\/2021\\\/05\\\/ETRIX-logo.png\",\"contentUrl\":\"https:\\\/\\\/www.etrix.ch\\\/media\\\/2021\\\/05\\\/ETRIX-logo.png\",\"width\":470,\"height\":85,\"caption\":\"ETRIX E-Motos\"}]}<\/script>\n<meta property=\"product:brand\" content=\"Enviado\" \/>\n<meta property=\"product:price:amount\" content=\"695.00\" \/>\n<meta property=\"product:price:currency\" content=\"CHF\" \/>\n<meta property=\"og:availability\" content=\"backorder\" \/>\n<meta property=\"product:availability\" content=\"available for order\" \/>\n<meta property=\"product:retailer_item_id\" content=\"RW200600\" \/>\n<meta property=\"product:condition\" content=\"new\" \/>\n<meta name=\"geo.placename\" content=\"Regensdorf\" \/>\n<meta name=\"geo.position\" content=\"47.43839497999372;8.465227605227366\" \/>\n<meta name=\"geo.region\" content=\"Svizzera\" \/>\n<!-- \/ Yoast SEO Premium plugin. -->","yoast_head_json":{"title":"Frigo box 95L for delivery scooter - delivery box ETRIX Elektroroller Delivery Box","description":"La scatola \u00e8 molto leggera e isola molto bene. Tuttavia, il materiale \u00e8 molto pi\u00f9 resistente alla rottura rispetto al polistirolo","robots":{"index":"index","follow":"follow","max-snippet":"max-snippet:-1","max-image-preview":"max-image-preview:large","max-video-preview":"max-video-preview:-1"},"canonical":"https:\/\/www.etrix.ch\/it\/prodotto\/frigobox-95-litri\/","og_locale":"it_IT","og_type":"article","og_title":"Frigo box 95L","og_description":"La scatola \u00e8 molto leggera e isola molto bene. Tuttavia, il materiale \u00e8 molto pi\u00f9 resistente alla rottura rispetto al polistirolo","og_url":"https:\/\/www.etrix.ch\/it\/prodotto\/frigobox-95-litri\/","og_site_name":"ETRIX Elektroroller","article_publisher":"https:\/\/m.facebook.com\/etrix.emotos\/","article_modified_time":"2024-08-29T08:55:04+00:00","og_image":[{"width":1000,"height":1000,"url":"https:\/\/www.etrix.ch\/media\/2022\/03\/Enviado_Cool_Box_03.jpg","type":"image\/jpeg"}],"twitter_card":"summary_large_image","twitter_site":"@etrixag","twitter_misc":{"Prezzo":"&#67;&#72;&#70;&nbsp;695.00 inkl. MwSt.","Disponibilit\u00e0":"Su ordinazione"},"schema":{"@context":"https:\/\/schema.org","@graph":[{"@type":"WebPage","@id":"https:\/\/www.etrix.ch\/it\/prodotto\/frigobox-95-litri\/","url":"https:\/\/www.etrix.ch\/it\/prodotto\/frigobox-95-litri\/","name":"Frigo box 95L for delivery scooter - delivery box ETRIX Elektroroller Delivery Box","isPartOf":{"@id":"https:\/\/www.etrix.ch\/it\/#website"},"primaryImageOfPage":{"@id":"https:\/\/www.etrix.ch\/it\/prodotto\/frigobox-95-litri\/#primaryimage"},"image":{"@id":"https:\/\/www.etrix.ch\/it\/prodotto\/frigobox-95-litri\/#primaryimage"},"thumbnailUrl":"https:\/\/www.etrix.ch\/media\/2022\/03\/Enviado_Cool_Box_03.jpg","datePublished":"2022-03-04T10:54:21+00:00","dateModified":"2024-08-29T08:55:04+00:00","description":"La scatola \u00e8 molto leggera e isola molto bene. Tuttavia, il materiale \u00e8 molto pi\u00f9 resistente alla rottura rispetto al polistirolo","breadcrumb":{"@id":"https:\/\/www.etrix.ch\/it\/prodotto\/frigobox-95-litri\/#breadcrumb"},"inLanguage":"it-IT","potentialAction":[{"@type":"ReadAction","target":["https:\/\/www.etrix.ch\/it\/prodotto\/frigobox-95-litri\/"]}]},{"@type":"ImageObject","inLanguage":"it-IT","@id":"https:\/\/www.etrix.ch\/it\/prodotto\/frigobox-95-litri\/#primaryimage","url":"https:\/\/www.etrix.ch\/media\/2022\/03\/Enviado_Cool_Box_03.jpg","contentUrl":"https:\/\/www.etrix.ch\/media\/2022\/03\/Enviado_Cool_Box_03.jpg","width":1000,"height":1000,"caption":"Cooler Box 95 Litri Consegna Scooter Scooter Elettrico"},{"@type":"BreadcrumbList","@id":"https:\/\/www.etrix.ch\/it\/prodotto\/frigobox-95-litri\/#breadcrumb","itemListElement":[{"@type":"ListItem","position":1,"name":"Casa","item":"https:\/\/www.etrix.ch\/it\/"},{"@type":"ListItem","position":2,"name":"Negozio","item":"https:\/\/www.etrix.ch\/it\/negozio\/"},{"@type":"ListItem","position":3,"name":"Frigo box 95L"}]},{"@type":"WebSite","@id":"https:\/\/www.etrix.ch\/it\/#website","url":"https:\/\/www.etrix.ch\/it\/","name":"ETRIX Elektroroller","description":"E-Motos","publisher":{"@id":"https:\/\/www.etrix.ch\/it\/#organization"},"potentialAction":[{"@type":"SearchAction","target":{"@type":"EntryPoint","urlTemplate":"https:\/\/www.etrix.ch\/it\/?s={search_term_string}"},"query-input":{"@type":"PropertyValueSpecification","valueRequired":true,"valueName":"search_term_string"}}],"inLanguage":"it-IT"},{"@type":["Organization","Place","MotorcycleDealer"],"@id":"https:\/\/www.etrix.ch\/it\/#organization","name":"ETRIX E-Motos","url":"https:\/\/www.etrix.ch\/it\/","logo":{"@id":"https:\/\/www.etrix.ch\/it\/prodotto\/frigobox-95-litri\/#local-main-organization-logo"},"image":{"@id":"https:\/\/www.etrix.ch\/it\/prodotto\/frigobox-95-litri\/#local-main-organization-logo"},"sameAs":["https:\/\/m.facebook.com\/etrix.emotos\/","https:\/\/x.com\/etrixag","https:\/\/www.instagram.com\/etrix_emotos\/p\/BtVW6bXHtNv\/","https:\/\/www.linkedin.com\/company\/etrix-ag","https:\/\/www.youtube.com\/channel\/UCSd-hJdu5u8xPUEY60jexOw"],"address":{"@id":"https:\/\/www.etrix.ch\/it\/prodotto\/frigobox-95-litri\/#local-main-place-address"},"geo":{"@type":"GeoCoordinates","latitude":"47.43839497999372","longitude":"8.465227605227366"},"telephone":["043 931 00 45"],"openingHoursSpecification":[{"@type":"OpeningHoursSpecification","dayOfWeek":["Monday","Sunday"],"opens":"00:00","closes":"00:00"},{"@type":"OpeningHoursSpecification","dayOfWeek":["Tuesday","Wednesday","Thursday","Friday"],"opens":"10:00","closes":"18:00"},{"@type":"OpeningHoursSpecification","dayOfWeek":["Saturday"],"opens":"10:00","closes":"15:00"}]},{"@type":"PostalAddress","@id":"https:\/\/www.etrix.ch\/it\/prodotto\/frigobox-95-litri\/#local-main-place-address","streetAddress":"Riedthofstrasse 122","addressLocality":"Regensdorf","postalCode":"8105","addressRegion":"Z\u00fcrich","addressCountry":"CH"},{"@type":"ImageObject","inLanguage":"it-IT","@id":"https:\/\/www.etrix.ch\/it\/prodotto\/frigobox-95-litri\/#local-main-organization-logo","url":"https:\/\/www.etrix.ch\/media\/2021\/05\/ETRIX-logo.png","contentUrl":"https:\/\/www.etrix.ch\/media\/2021\/05\/ETRIX-logo.png","width":470,"height":85,"caption":"ETRIX E-Motos"}]},"product_brand":"Enviado","product_price_amount":"695.00","product_price_currency":"CHF","og_availability":"backorder","product_availability":"available for order","product_retailer_item_id":"RW200600","product_condition":"new","geo.placename":"Regensdorf","geo.position":{"lat":"47.43839497999372","long":"8.465227605227366"},"geo.region":"Svizzera"},"_links":{"self":[{"href":"https:\/\/www.etrix.ch\/it\/wp-json\/wp\/v2\/product\/22331","targetHints":{"allow":["GET"]}}],"collection":[{"href":"https:\/\/www.etrix.ch\/it\/wp-json\/wp\/v2\/product"}],"about":[{"href":"https:\/\/www.etrix.ch\/it\/wp-json\/wp\/v2\/types\/product"}],"wp:featuredmedia":[{"embeddable":true,"href":"https:\/\/www.etrix.ch\/it\/wp-json\/wp\/v2\/media\/22337"}],"wp:attachment":[{"href":"https:\/\/www.etrix.ch\/it\/wp-json\/wp\/v2\/media?parent=22331"}],"wp:term":[{"taxonomy":"product_brand","embeddable":true,"href":"https:\/\/www.etrix.ch\/it\/wp-json\/wp\/v2\/product_brand?post=22331"},{"taxonomy":"product_cat","embeddable":true,"href":"https:\/\/www.etrix.ch\/it\/wp-json\/wp\/v2\/product_cat?post=22331"},{"taxonomy":"product_tag","embeddable":true,"href":"https:\/\/www.etrix.ch\/it\/wp-json\/wp\/v2\/product_tag?post=22331"}],"curies":[{"name":"wp","href":"https:\/\/api.w.org\/{rel}","templated":true}]}}