{"id":22027,"date":"2023-01-25T11:57:07","date_gmt":"2023-01-25T10:57:07","guid":{"rendered":"https:\/\/www.etrix.ch\/produkt\/custodia-morbida-per-smartphone-con-visiera-parasole\/"},"modified":"2025-09-17T18:11:09","modified_gmt":"2025-09-17T16:11:09","slug":"custodia-morbida-per-smartphone-con-visiera-parasole","status":"publish","type":"product","link":"https:\/\/www.etrix.ch\/it\/prodotto\/custodia-morbida-per-smartphone-con-visiera-parasole\/","title":{"rendered":"Custodia morbida per smartphone con visiera parasole"},"content":{"rendered":"<p>La custodia Soft Case \u00e8 l&#8217;unico supporto per telefono da moto con visiera parasole che aumenta la leggibilit\u00e0 dello schermo del dispositivo nelle giornate di sole. Pu\u00f2 contenere telefoni cellulari con dimensioni massime di 170 mm di altezza e 85 mm di larghezza. Ha due adattatori di diversi spessori con esso per regolare meglio la profondit\u00e0 del dispositivo e far aderire meglio lo schermo al film plastico.  <\/p>\n<ul>\n<li>Resistente agli urti e all&#8217;acqua<\/li>\n<li>Pellicola frontale trasparente per utilizzare il touch screen sotto la pioggia<\/li>\n<li>Visiera parasole, per la protezione dai raggi solari<\/li>\n<li>  Foro per l&#8217;ingresso del cavo di ricarica<\/li>\n<li>Tre tasche sul retro per riporre piccoli oggetti come documenti o carte.<\/li>\n<li>Compatibile con tutti i modelli<\/li>\n<\/ul>\n","protected":false},"excerpt":{"rendered":"<p style=\"text-align: center\">Custodia morbida con visiera parasole<\/p>\n<p style=\"text-align: center\">Telefono cellulare fino a 170 x 85 mm<\/p>\n","protected":false},"featured_media":22040,"template":"","meta":{"_acf_changed":false},"product_brand":[],"product_cat":[1614,1650,1644,1667],"product_tag":[2942],"class_list":{"0":"post-22027","1":"product","2":"type-product","3":"status-publish","4":"has-post-thumbnail","6":"product_cat-accessori-ecooter","7":"product_cat-accessori-silence","8":"product_cat-accessoristica","9":"product_cat-monopattini-elettrici","10":"product_tag-accessori-per-il-telefono","11":"pa_marke-optiline-it","12":"sales-flash-overlay","13":"woocommerce-text-align-left","14":"woocommerce-image-align-center","15":"do-quantity-buttons","17":"first","18":"instock","19":"taxable","20":"shipping-taxable","21":"purchasable","22":"product-type-simple"},"acf":[],"yoast_head":"<!-- This site is optimized with the Yoast SEO Premium plugin v26.9 (Yoast SEO v27.4) - https:\/\/yoast.com\/product\/yoast-seo-premium-wordpress\/ -->\n<title>Custodia morbida per smartphone con visiera parasole - ETRIX Elektroroller<\/title>\n<meta name=\"description\" content=\"\u2713 Resistente agli urti e all&#039;acqua \u2713 Visiera parasole \u2713 Lamina frontale trasparente \u2713 Nero \u2713 Compatibile con tutti i modelli \u2713 Ingresso cavo di ricarica\" \/>\n<meta name=\"robots\" content=\"index, follow, max-snippet:-1, max-image-preview:large, max-video-preview:-1\" \/>\n<link rel=\"canonical\" href=\"https:\/\/www.etrix.ch\/it\/prodotto\/custodia-morbida-per-smartphone-con-visiera-parasole\/\" \/>\n<meta property=\"og:locale\" content=\"it_IT\" \/>\n<meta property=\"og:type\" content=\"article\" \/>\n<meta property=\"og:title\" content=\"Custodia morbida per smartphone con visiera parasole\" \/>\n<meta property=\"og:description\" content=\"\u2713 Resistente agli urti e all&#039;acqua \u2713 Visiera parasole \u2713 Lamina frontale trasparente \u2713 Nero \u2713 Compatibile con tutti i modelli \u2713 Ingresso cavo di ricarica\" \/>\n<meta property=\"og:url\" content=\"https:\/\/www.etrix.ch\/it\/prodotto\/custodia-morbida-per-smartphone-con-visiera-parasole\/\" \/>\n<meta property=\"og:site_name\" content=\"ETRIX Elektroroller\" \/>\n<meta property=\"article:publisher\" content=\"https:\/\/m.facebook.com\/etrix.emotos\/\" \/>\n<meta property=\"article:modified_time\" content=\"2025-09-17T16:11:09+00:00\" \/>\n<meta property=\"og:image\" content=\"https:\/\/www.etrix.ch\/media\/2023\/01\/Optiline-Soft-Case-Art.-90429.jpg\" \/>\n\t<meta property=\"og:image:width\" content=\"1000\" \/>\n\t<meta property=\"og:image:height\" content=\"1000\" \/>\n\t<meta property=\"og:image:type\" content=\"image\/jpeg\" \/>\n<meta name=\"twitter:card\" content=\"summary_large_image\" \/>\n<meta name=\"twitter:site\" content=\"@etrixag\" \/>\n<meta name=\"twitter:label1\" content=\"Prezzo\" \/>\n\t<meta name=\"twitter:data1\" content=\"&#067;&#072;&#070;&nbsp;27.00 inkl. MwSt.\" \/>\n\t<meta name=\"twitter:label2\" content=\"Disponibilit\u00e0\" \/>\n\t<meta name=\"twitter:data2\" content=\"In stock\" \/>\n<script type=\"application\/ld+json\" class=\"yoast-schema-graph\">{\"@context\":\"https:\\\/\\\/schema.org\",\"@graph\":[{\"@type\":\"WebPage\",\"@id\":\"https:\\\/\\\/www.etrix.ch\\\/it\\\/prodotto\\\/custodia-morbida-per-smartphone-con-visiera-parasole\\\/\",\"url\":\"https:\\\/\\\/www.etrix.ch\\\/it\\\/prodotto\\\/custodia-morbida-per-smartphone-con-visiera-parasole\\\/\",\"name\":\"Custodia morbida per smartphone con visiera parasole - ETRIX Elektroroller\",\"isPartOf\":{\"@id\":\"https:\\\/\\\/www.etrix.ch\\\/it\\\/#website\"},\"primaryImageOfPage\":{\"@id\":\"https:\\\/\\\/www.etrix.ch\\\/it\\\/prodotto\\\/custodia-morbida-per-smartphone-con-visiera-parasole\\\/#primaryimage\"},\"image\":{\"@id\":\"https:\\\/\\\/www.etrix.ch\\\/it\\\/prodotto\\\/custodia-morbida-per-smartphone-con-visiera-parasole\\\/#primaryimage\"},\"thumbnailUrl\":\"https:\\\/\\\/www.etrix.ch\\\/media\\\/2023\\\/01\\\/Optiline-Soft-Case-Art.-90429.jpg\",\"datePublished\":\"2023-01-25T10:57:07+00:00\",\"dateModified\":\"2025-09-17T16:11:09+00:00\",\"description\":\"\u2713 Resistente agli urti e all'acqua \u2713 Visiera parasole \u2713 Lamina frontale trasparente \u2713 Nero \u2713 Compatibile con tutti i modelli \u2713 Ingresso cavo di ricarica\",\"breadcrumb\":{\"@id\":\"https:\\\/\\\/www.etrix.ch\\\/it\\\/prodotto\\\/custodia-morbida-per-smartphone-con-visiera-parasole\\\/#breadcrumb\"},\"inLanguage\":\"it-IT\",\"potentialAction\":[{\"@type\":\"ReadAction\",\"target\":[\"https:\\\/\\\/www.etrix.ch\\\/it\\\/prodotto\\\/custodia-morbida-per-smartphone-con-visiera-parasole\\\/\"]}]},{\"@type\":\"ImageObject\",\"inLanguage\":\"it-IT\",\"@id\":\"https:\\\/\\\/www.etrix.ch\\\/it\\\/prodotto\\\/custodia-morbida-per-smartphone-con-visiera-parasole\\\/#primaryimage\",\"url\":\"https:\\\/\\\/www.etrix.ch\\\/media\\\/2023\\\/01\\\/Optiline-Soft-Case-Art.-90429.jpg\",\"contentUrl\":\"https:\\\/\\\/www.etrix.ch\\\/media\\\/2023\\\/01\\\/Optiline-Soft-Case-Art.-90429.jpg\",\"width\":1000,\"height\":1000,\"caption\":\"Custodia morbida Optiline Art. 90429\"},{\"@type\":\"BreadcrumbList\",\"@id\":\"https:\\\/\\\/www.etrix.ch\\\/it\\\/prodotto\\\/custodia-morbida-per-smartphone-con-visiera-parasole\\\/#breadcrumb\",\"itemListElement\":[{\"@type\":\"ListItem\",\"position\":1,\"name\":\"Casa\",\"item\":\"https:\\\/\\\/www.etrix.ch\\\/it\\\/\"},{\"@type\":\"ListItem\",\"position\":2,\"name\":\"Negozio\",\"item\":\"https:\\\/\\\/www.etrix.ch\\\/it\\\/negozio\\\/\"},{\"@type\":\"ListItem\",\"position\":3,\"name\":\"Custodia morbida per smartphone con visiera parasole\"}]},{\"@type\":\"WebSite\",\"@id\":\"https:\\\/\\\/www.etrix.ch\\\/it\\\/#website\",\"url\":\"https:\\\/\\\/www.etrix.ch\\\/it\\\/\",\"name\":\"ETRIX Elektroroller\",\"description\":\"E-Motos\",\"publisher\":{\"@id\":\"https:\\\/\\\/www.etrix.ch\\\/it\\\/#organization\"},\"potentialAction\":[{\"@type\":\"SearchAction\",\"target\":{\"@type\":\"EntryPoint\",\"urlTemplate\":\"https:\\\/\\\/www.etrix.ch\\\/it\\\/?s={search_term_string}\"},\"query-input\":{\"@type\":\"PropertyValueSpecification\",\"valueRequired\":true,\"valueName\":\"search_term_string\"}}],\"inLanguage\":\"it-IT\"},{\"@type\":[\"Organization\",\"Place\",\"MotorcycleDealer\"],\"@id\":\"https:\\\/\\\/www.etrix.ch\\\/it\\\/#organization\",\"name\":\"ETRIX E-Motos\",\"url\":\"https:\\\/\\\/www.etrix.ch\\\/it\\\/\",\"logo\":{\"@id\":\"https:\\\/\\\/www.etrix.ch\\\/it\\\/prodotto\\\/custodia-morbida-per-smartphone-con-visiera-parasole\\\/#local-main-organization-logo\"},\"image\":{\"@id\":\"https:\\\/\\\/www.etrix.ch\\\/it\\\/prodotto\\\/custodia-morbida-per-smartphone-con-visiera-parasole\\\/#local-main-organization-logo\"},\"sameAs\":[\"https:\\\/\\\/m.facebook.com\\\/etrix.emotos\\\/\",\"https:\\\/\\\/x.com\\\/etrixag\",\"https:\\\/\\\/www.instagram.com\\\/etrix_emotos\\\/p\\\/BtVW6bXHtNv\\\/\",\"https:\\\/\\\/www.linkedin.com\\\/company\\\/etrix-ag\",\"https:\\\/\\\/www.youtube.com\\\/channel\\\/UCSd-hJdu5u8xPUEY60jexOw\"],\"address\":{\"@id\":\"https:\\\/\\\/www.etrix.ch\\\/it\\\/prodotto\\\/custodia-morbida-per-smartphone-con-visiera-parasole\\\/#local-main-place-address\"},\"geo\":{\"@type\":\"GeoCoordinates\",\"latitude\":\"47.43839497999372\",\"longitude\":\"8.465227605227366\"},\"telephone\":[\"043 931 00 45\"],\"openingHoursSpecification\":[{\"@type\":\"OpeningHoursSpecification\",\"dayOfWeek\":[\"Monday\",\"Sunday\"],\"opens\":\"00:00\",\"closes\":\"00:00\"},{\"@type\":\"OpeningHoursSpecification\",\"dayOfWeek\":[\"Tuesday\",\"Wednesday\",\"Thursday\",\"Friday\"],\"opens\":\"10:00\",\"closes\":\"18:00\"},{\"@type\":\"OpeningHoursSpecification\",\"dayOfWeek\":[\"Saturday\"],\"opens\":\"10:00\",\"closes\":\"15:00\"}]},{\"@type\":\"PostalAddress\",\"@id\":\"https:\\\/\\\/www.etrix.ch\\\/it\\\/prodotto\\\/custodia-morbida-per-smartphone-con-visiera-parasole\\\/#local-main-place-address\",\"streetAddress\":\"Riedthofstrasse 122\",\"addressLocality\":\"Regensdorf\",\"postalCode\":\"8105\",\"addressRegion\":\"Z\u00fcrich\",\"addressCountry\":\"CH\"},{\"@type\":\"ImageObject\",\"inLanguage\":\"it-IT\",\"@id\":\"https:\\\/\\\/www.etrix.ch\\\/it\\\/prodotto\\\/custodia-morbida-per-smartphone-con-visiera-parasole\\\/#local-main-organization-logo\",\"url\":\"https:\\\/\\\/www.etrix.ch\\\/media\\\/2021\\\/05\\\/ETRIX-logo.png\",\"contentUrl\":\"https:\\\/\\\/www.etrix.ch\\\/media\\\/2021\\\/05\\\/ETRIX-logo.png\",\"width\":470,\"height\":85,\"caption\":\"ETRIX E-Motos\"}]}<\/script>\n<meta property=\"product:brand\" content=\"Optiline\" \/>\n<meta property=\"product:price:amount\" content=\"27.00\" \/>\n<meta property=\"product:price:currency\" content=\"CHF\" \/>\n<meta property=\"og:availability\" content=\"instock\" \/>\n<meta property=\"product:availability\" content=\"instock\" \/>\n<meta property=\"product:retailer_item_id\" content=\"RW200746\" \/>\n<meta property=\"product:condition\" content=\"new\" \/>\n<meta name=\"geo.placename\" content=\"Regensdorf\" \/>\n<meta name=\"geo.position\" content=\"47.43839497999372;8.465227605227366\" \/>\n<meta name=\"geo.region\" content=\"Svizzera\" \/>\n<!-- \/ Yoast SEO Premium plugin. -->","yoast_head_json":{"title":"Custodia morbida per smartphone con visiera parasole - ETRIX Elektroroller","description":"\u2713 Resistente agli urti e all'acqua \u2713 Visiera parasole \u2713 Lamina frontale trasparente \u2713 Nero \u2713 Compatibile con tutti i modelli \u2713 Ingresso cavo di ricarica","robots":{"index":"index","follow":"follow","max-snippet":"max-snippet:-1","max-image-preview":"max-image-preview:large","max-video-preview":"max-video-preview:-1"},"canonical":"https:\/\/www.etrix.ch\/it\/prodotto\/custodia-morbida-per-smartphone-con-visiera-parasole\/","og_locale":"it_IT","og_type":"article","og_title":"Custodia morbida per smartphone con visiera parasole","og_description":"\u2713 Resistente agli urti e all'acqua \u2713 Visiera parasole \u2713 Lamina frontale trasparente \u2713 Nero \u2713 Compatibile con tutti i modelli \u2713 Ingresso cavo di ricarica","og_url":"https:\/\/www.etrix.ch\/it\/prodotto\/custodia-morbida-per-smartphone-con-visiera-parasole\/","og_site_name":"ETRIX Elektroroller","article_publisher":"https:\/\/m.facebook.com\/etrix.emotos\/","article_modified_time":"2025-09-17T16:11:09+00:00","og_image":[{"width":1000,"height":1000,"url":"https:\/\/www.etrix.ch\/media\/2023\/01\/Optiline-Soft-Case-Art.-90429.jpg","type":"image\/jpeg"}],"twitter_card":"summary_large_image","twitter_site":"@etrixag","twitter_misc":{"Prezzo":"&#67;&#72;&#70;&nbsp;27.00 inkl. MwSt.","Disponibilit\u00e0":"In stock"},"schema":{"@context":"https:\/\/schema.org","@graph":[{"@type":"WebPage","@id":"https:\/\/www.etrix.ch\/it\/prodotto\/custodia-morbida-per-smartphone-con-visiera-parasole\/","url":"https:\/\/www.etrix.ch\/it\/prodotto\/custodia-morbida-per-smartphone-con-visiera-parasole\/","name":"Custodia morbida per smartphone con visiera parasole - ETRIX Elektroroller","isPartOf":{"@id":"https:\/\/www.etrix.ch\/it\/#website"},"primaryImageOfPage":{"@id":"https:\/\/www.etrix.ch\/it\/prodotto\/custodia-morbida-per-smartphone-con-visiera-parasole\/#primaryimage"},"image":{"@id":"https:\/\/www.etrix.ch\/it\/prodotto\/custodia-morbida-per-smartphone-con-visiera-parasole\/#primaryimage"},"thumbnailUrl":"https:\/\/www.etrix.ch\/media\/2023\/01\/Optiline-Soft-Case-Art.-90429.jpg","datePublished":"2023-01-25T10:57:07+00:00","dateModified":"2025-09-17T16:11:09+00:00","description":"\u2713 Resistente agli urti e all'acqua \u2713 Visiera parasole \u2713 Lamina frontale trasparente \u2713 Nero \u2713 Compatibile con tutti i modelli \u2713 Ingresso cavo di ricarica","breadcrumb":{"@id":"https:\/\/www.etrix.ch\/it\/prodotto\/custodia-morbida-per-smartphone-con-visiera-parasole\/#breadcrumb"},"inLanguage":"it-IT","potentialAction":[{"@type":"ReadAction","target":["https:\/\/www.etrix.ch\/it\/prodotto\/custodia-morbida-per-smartphone-con-visiera-parasole\/"]}]},{"@type":"ImageObject","inLanguage":"it-IT","@id":"https:\/\/www.etrix.ch\/it\/prodotto\/custodia-morbida-per-smartphone-con-visiera-parasole\/#primaryimage","url":"https:\/\/www.etrix.ch\/media\/2023\/01\/Optiline-Soft-Case-Art.-90429.jpg","contentUrl":"https:\/\/www.etrix.ch\/media\/2023\/01\/Optiline-Soft-Case-Art.-90429.jpg","width":1000,"height":1000,"caption":"Custodia morbida Optiline Art. 90429"},{"@type":"BreadcrumbList","@id":"https:\/\/www.etrix.ch\/it\/prodotto\/custodia-morbida-per-smartphone-con-visiera-parasole\/#breadcrumb","itemListElement":[{"@type":"ListItem","position":1,"name":"Casa","item":"https:\/\/www.etrix.ch\/it\/"},{"@type":"ListItem","position":2,"name":"Negozio","item":"https:\/\/www.etrix.ch\/it\/negozio\/"},{"@type":"ListItem","position":3,"name":"Custodia morbida per smartphone con visiera parasole"}]},{"@type":"WebSite","@id":"https:\/\/www.etrix.ch\/it\/#website","url":"https:\/\/www.etrix.ch\/it\/","name":"ETRIX Elektroroller","description":"E-Motos","publisher":{"@id":"https:\/\/www.etrix.ch\/it\/#organization"},"potentialAction":[{"@type":"SearchAction","target":{"@type":"EntryPoint","urlTemplate":"https:\/\/www.etrix.ch\/it\/?s={search_term_string}"},"query-input":{"@type":"PropertyValueSpecification","valueRequired":true,"valueName":"search_term_string"}}],"inLanguage":"it-IT"},{"@type":["Organization","Place","MotorcycleDealer"],"@id":"https:\/\/www.etrix.ch\/it\/#organization","name":"ETRIX E-Motos","url":"https:\/\/www.etrix.ch\/it\/","logo":{"@id":"https:\/\/www.etrix.ch\/it\/prodotto\/custodia-morbida-per-smartphone-con-visiera-parasole\/#local-main-organization-logo"},"image":{"@id":"https:\/\/www.etrix.ch\/it\/prodotto\/custodia-morbida-per-smartphone-con-visiera-parasole\/#local-main-organization-logo"},"sameAs":["https:\/\/m.facebook.com\/etrix.emotos\/","https:\/\/x.com\/etrixag","https:\/\/www.instagram.com\/etrix_emotos\/p\/BtVW6bXHtNv\/","https:\/\/www.linkedin.com\/company\/etrix-ag","https:\/\/www.youtube.com\/channel\/UCSd-hJdu5u8xPUEY60jexOw"],"address":{"@id":"https:\/\/www.etrix.ch\/it\/prodotto\/custodia-morbida-per-smartphone-con-visiera-parasole\/#local-main-place-address"},"geo":{"@type":"GeoCoordinates","latitude":"47.43839497999372","longitude":"8.465227605227366"},"telephone":["043 931 00 45"],"openingHoursSpecification":[{"@type":"OpeningHoursSpecification","dayOfWeek":["Monday","Sunday"],"opens":"00:00","closes":"00:00"},{"@type":"OpeningHoursSpecification","dayOfWeek":["Tuesday","Wednesday","Thursday","Friday"],"opens":"10:00","closes":"18:00"},{"@type":"OpeningHoursSpecification","dayOfWeek":["Saturday"],"opens":"10:00","closes":"15:00"}]},{"@type":"PostalAddress","@id":"https:\/\/www.etrix.ch\/it\/prodotto\/custodia-morbida-per-smartphone-con-visiera-parasole\/#local-main-place-address","streetAddress":"Riedthofstrasse 122","addressLocality":"Regensdorf","postalCode":"8105","addressRegion":"Z\u00fcrich","addressCountry":"CH"},{"@type":"ImageObject","inLanguage":"it-IT","@id":"https:\/\/www.etrix.ch\/it\/prodotto\/custodia-morbida-per-smartphone-con-visiera-parasole\/#local-main-organization-logo","url":"https:\/\/www.etrix.ch\/media\/2021\/05\/ETRIX-logo.png","contentUrl":"https:\/\/www.etrix.ch\/media\/2021\/05\/ETRIX-logo.png","width":470,"height":85,"caption":"ETRIX E-Motos"}]},"product_brand":"Optiline","product_price_amount":"27.00","product_price_currency":"CHF","og_availability":"instock","product_availability":"instock","product_retailer_item_id":"RW200746","product_condition":"new","geo.placename":"Regensdorf","geo.position":{"lat":"47.43839497999372","long":"8.465227605227366"},"geo.region":"Svizzera"},"_links":{"self":[{"href":"https:\/\/www.etrix.ch\/it\/wp-json\/wp\/v2\/product\/22027","targetHints":{"allow":["GET"]}}],"collection":[{"href":"https:\/\/www.etrix.ch\/it\/wp-json\/wp\/v2\/product"}],"about":[{"href":"https:\/\/www.etrix.ch\/it\/wp-json\/wp\/v2\/types\/product"}],"wp:featuredmedia":[{"embeddable":true,"href":"https:\/\/www.etrix.ch\/it\/wp-json\/wp\/v2\/media\/22040"}],"wp:attachment":[{"href":"https:\/\/www.etrix.ch\/it\/wp-json\/wp\/v2\/media?parent=22027"}],"wp:term":[{"taxonomy":"product_brand","embeddable":true,"href":"https:\/\/www.etrix.ch\/it\/wp-json\/wp\/v2\/product_brand?post=22027"},{"taxonomy":"product_cat","embeddable":true,"href":"https:\/\/www.etrix.ch\/it\/wp-json\/wp\/v2\/product_cat?post=22027"},{"taxonomy":"product_tag","embeddable":true,"href":"https:\/\/www.etrix.ch\/it\/wp-json\/wp\/v2\/product_tag?post=22027"}],"curies":[{"name":"wp","href":"https:\/\/api.w.org\/{rel}","templated":true}]}}