{"id":22341,"date":"2022-02-28T14:03:58","date_gmt":"2022-02-28T13:03:58","guid":{"rendered":"https:\/\/www.etrix.ch\/veicoli-di-consegna\/gestione-della-flotta\/"},"modified":"2025-06-26T17:18:26","modified_gmt":"2025-06-26T15:18:26","slug":"gestione-della-flotta","status":"publish","type":"page","link":"https:\/\/www.etrix.ch\/it\/veicoli-di-consegna\/gestione-della-flotta\/","title":{"rendered":"Gestione della flotta"},"content":{"rendered":"\n<div class=\"wp-block-columns alignfull is-style-spalte-top-bild is-layout-flex wp-container-core-columns-is-layout-9d6595d7 wp-block-columns-is-layout-flex\">\n<div class=\"wp-block-column is-style-top-bild-mask has-global-color-8-color has-text-color is-layout-flow wp-block-column-is-layout-flow\">\n<figure class=\"wp-block-image alignfull size-full\"><img decoding=\"async\" src=\"https:\/\/www.etrix.ch\/media\/2022\/02\/bus-S02-scaled-1.jpeg\" alt=\"Gestione Flotta Dieci Pizza\" class=\"wp-image-4084\"><\/figure>\n\n\n\n<div class=\"wp-block-group is-style-top-image-text\"><div class=\"wp-block-group__inner-container is-layout-flow wp-block-group-is-layout-flow\">\n<p class=\"is-style-default\">Flotte<br>Gestione <br><a href=\"#inhalt\">Scopra ora<\/a><\/p>\n<\/div><\/div>\n<\/div>\n<\/div>\n\n<div class=\"wp-block-columns alignfull is-style-einstiegstext is-layout-flex wp-container-core-columns-is-layout-9d6595d7 wp-block-columns-is-layout-flex\" id=\"inhalt\">\n<div class=\"wp-block-column is-layout-flow wp-block-column-is-layout-flow\"><h1 class=\"wp-block-post-title\">Gestione della flotta<\/h1>\n\n\n<p>ETRIX vanta oltre 10 anni di esperienza nella gestione delle flotte e le offre una soluzione completa end-to-end, appositamente studiata per le esigenze delle moderne flotte di consegna. Dal noleggio dei veicoli all\u2019assistenza tecnica, fino all\u2019amministrazione digitale tramite il nostro portale di gestione della flotta: ci occupiamo di tutto. <\/p>\n\n\n\n<p>Comprendiamo le sfide del lavoro quotidiano e ci assumiamo la responsabilit\u00e0 della sua flotta come se fosse la nostra. I suoi problemi sono i nostri compiti - e li risolviamo in modo rapido, efficiente e semplice. Cos\u00ec pu\u00f2 concentrarsi completamente sulla sua attivit\u00e0 principale, mentre noi ci assicuriamo che tutto fili liscio in background.  <\/p>\n\n\n\n<p>Ti mostreremo come farlo:<br><\/p>\n<\/div>\n\n\n\n<div class=\"wp-block-column is-style-default is-layout-flow wp-block-column-is-layout-flow\">\n<figure class=\"wp-block-image size-full\"><a href=\"https:\/\/www.etrix.ch\/it\/monopattino-elettrico\/silenzio-s01\/\"><img decoding=\"async\" src=\"https:\/\/www.etrix.ch\/media\/2020\/02\/Etrix_S01_black_04-scaled-scaled-1.jpg\" alt=\"Lo sportivo ed elegante S01\/S01+ del produttore spagnolo Silence Urban Ecomobility non \u00e8 stato solo il vincitore del test TCS, ma convince anche con molte altre grandi funzioni.  \" class=\"wp-image-991\"><\/a><figcaption class=\"wp-element-caption\">                                <\/figcaption><\/figure>\n<\/div>\n<\/div>\n\n<div class=\"wp-block-columns alignfull is-style-spalten-bild-links is-layout-flex wp-container-core-columns-is-layout-9d6595d7 wp-block-columns-is-layout-flex\">\n<div class=\"wp-block-column is-style-default is-layout-flow wp-block-column-is-layout-flow\">\n<figure class=\"wp-block-image size-full\"><img decoding=\"async\" width=\"758\" height=\"780\" src=\"https:\/\/www.etrix.ch\/media\/2022\/03\/flottenmanagment-bild-3.jpg\" alt=\"Gestione della flotta Gestione della flotta\" class=\"wp-image-5004\" srcset=\"https:\/\/www.etrix.ch\/media\/2022\/03\/flottenmanagment-bild-3.jpg 758w, https:\/\/www.etrix.ch\/media\/2022\/03\/flottenmanagment-bild-3-292x300.jpg 292w, https:\/\/www.etrix.ch\/media\/2022\/03\/flottenmanagment-bild-3-600x617.jpg 600w\" sizes=\"(max-width: 758px) 100vw, 758px\"><\/figure>\n<\/div>\n\n\n\n<div class=\"wp-block-column is-layout-flow wp-block-column-is-layout-flow\">\n<p class=\"is-style-text-ber-titel\" style=\"text-transform:uppercase\">TUTTO DA UN\u2019UNICA FONTE<\/p>\n\n\n\n<h2 class=\"wp-block-heading\" id=\"lorem-ipsum-dolor-sit-amet\">Gestione della flotta<\/h2>\n\n\n\n<ul class=\"wp-block-list\">\n<li>Consigli sul veicolo di consegna appropriato e sugli accessori per la consegna  <\/li>\n\n\n\n<li>Branding e design  <\/li>\n\n\n\n<li>Soluzione di finanziamento o noleggio  <\/li>\n\n\n\n<li>Assicurazione  <\/li>\n\n\n\n<li>Manutenzione e assistenza  <\/li>\n\n\n\n<li>Servizio recupero automezzi  <\/li>\n\n\n\n<li>Gestione degli incidenti  <\/li>\n\n\n\n<li>Soluzione di tracciamento  <\/li>\n\n\n\n<li>Formazione dei conducenti e attrezzature di sicurezza  <\/li>\n<\/ul>\n\n\n<div data-model-id=\"5006\" class=\"at-modal-btn at-btn-1\">Kontaktiere uns<\/div><\/div>\n<\/div>\n\n<div class=\"wp-block-columns alignfull is-style-spalten-bild-rechts is-layout-flex wp-container-core-columns-is-layout-9d6595d7 wp-block-columns-is-layout-flex\">\n<div class=\"wp-block-column is-style-bild-mask-1 is-layout-flow wp-block-column-is-layout-flow\">\n<figure class=\"wp-block-image size-full\"><img decoding=\"async\" width=\"1920\" height=\"1057\" src=\"https:\/\/www.etrix.ch\/media\/2022\/03\/flottenmanagment-bild-2.jpg\" alt=\"App di gestione della flotta\" class=\"wp-image-4994\" srcset=\"https:\/\/www.etrix.ch\/media\/2022\/03\/flottenmanagment-bild-2.jpg 1920w, https:\/\/www.etrix.ch\/media\/2022\/03\/flottenmanagment-bild-2-900x495.jpg 900w, https:\/\/www.etrix.ch\/media\/2022\/03\/flottenmanagment-bild-2-300x165.jpg 300w, https:\/\/www.etrix.ch\/media\/2022\/03\/flottenmanagment-bild-2-1024x564.jpg 1024w, https:\/\/www.etrix.ch\/media\/2022\/03\/flottenmanagment-bild-2-768x423.jpg 768w, https:\/\/www.etrix.ch\/media\/2022\/03\/flottenmanagment-bild-2-1536x846.jpg 1536w\" sizes=\"(max-width: 1920px) 100vw, 1920px\"><\/figure>\n<\/div>\n\n\n\n<div class=\"wp-block-column is-layout-flow wp-block-column-is-layout-flow\">\n<p class=\"is-style-text-ber-titel\" style=\"text-transform:uppercase\">DIGITALIZZAZIONE<\/p>\n\n\n\n<h2 class=\"wp-block-heading\" id=\"lorem-ipsum-dolor-sit-amet\">Tieni sotto controllo la flotta<\/h2>\n\n\n\n<p>Offriamo soluzioni IT di supporto in modo che tu possa mantenere rapidamente e facilmente il controllo della tua flotta. Sai sempre dove sono i tuoi veicoli e quali distanze vengono percorse. In caso di incidente, il conducente pu\u00f2 segnalarlo direttamente tramite un codice QR specifico per il veicolo e il nostro team di assistenza si occuper\u00e0 di tutto il resto.<\/p>\n\n\n\n<p>Ogni veicolo ha un track record, che pu\u00f2 aiutare a definire nuove soluzioni nelle future decisioni aziendali.  <\/p>\n\n\n<div data-model-id=\"5006\" class=\"at-modal-btn at-btn-\">kontaktiere uns<\/div><\/div>\n<\/div>\n\n<div class=\"wp-block-columns alignfull is-style-spalte-full-bild is-layout-flex wp-container-core-columns-is-layout-9d6595d7 wp-block-columns-is-layout-flex\">\n<div class=\"wp-block-column is-style-full-bild-mask-2 is-layout-flow wp-block-column-is-layout-flow\">\n<figure class=\"wp-block-image alignfull size-large\"><img decoding=\"async\" width=\"1024\" height=\"680\" src=\"https:\/\/www.etrix.ch\/media\/2022\/03\/dieci4-1024x680.jpg\" alt=\"Soluzioni di consegna per la gestione della flotta\" class=\"wp-image-4901\" srcset=\"https:\/\/www.etrix.ch\/media\/2022\/03\/dieci4-1024x680.jpg 1024w, https:\/\/www.etrix.ch\/media\/2022\/03\/dieci4-scaled-900x598.jpg 900w, https:\/\/www.etrix.ch\/media\/2022\/03\/dieci4-300x199.jpg 300w, https:\/\/www.etrix.ch\/media\/2022\/03\/dieci4-768x510.jpg 768w, https:\/\/www.etrix.ch\/media\/2022\/03\/dieci4-1536x1020.jpg 1536w, https:\/\/www.etrix.ch\/media\/2022\/03\/dieci4-scaled.jpg 2048w\" sizes=\"(max-width: 1024px) 100vw, 1024px\"><\/figure>\n\n\n\n<div class=\"wp-block-group is-style-top-image-text-weiss\"><div class=\"wp-block-group__inner-container is-layout-flow wp-block-group-is-layout-flow\">\n<h3 class=\"wp-block-heading\" id=\"lorem-ipsum\">Gestione della flotta<\/h3>\n\n\n\n<p class=\"is-style-default\">Ci assicuriamo che le consegne procedano senza intoppi e che tu possa concentrarti sul tuo core business. Chiamaci e ti mostreremo come raggiungere i tuoi obiettivi con le nostre soluzioni di consegna moderne e affidabili.<\/p>\n\n\n<div data-model-id=\"5006\" class=\"at-modal-btn at-btn-\">kontaktiere uns<\/div><\/div><\/div>\n<\/div>\n<\/div>\n","protected":false},"excerpt":{"rendered":"<p>FlotteGestione Scopra ora ETRIX vanta &#8230; <a title=\"Gestione della flotta\" class=\"read-more\" href=\"https:\/\/www.etrix.ch\/it\/veicoli-di-consegna\/gestione-della-flotta\/\" aria-label=\"Per saperne di pi\u00f9 su Gestione della flotta\">&gt;  Leggi di pi\u00f9<\/a><\/p>\n","protected":false},"author":1,"featured_media":22345,"parent":21829,"menu_order":154,"comment_status":"closed","ping_status":"closed","template":"","meta":{"_acf_changed":false,"footnotes":""},"class_list":["post-22341","page","type-page","status-publish","has-post-thumbnail"],"acf":[],"yoast_head":"<!-- This site is optimized with the Yoast SEO Premium plugin v26.9 (Yoast SEO v27.4) - https:\/\/yoast.com\/product\/yoast-seo-premium-wordpress\/ -->\n<title>Gestione della flotta Svizzera<\/title>\n<meta name=\"description\" content=\"ETRIX ha oltre 10 anni di esperienza nella gestione della flotta e vi offre una soluzione completa per la gestione della vostra flotta di consegna.\" \/>\n<meta name=\"robots\" content=\"index, follow, max-snippet:-1, max-image-preview:large, max-video-preview:-1\" \/>\n<link rel=\"canonical\" href=\"https:\/\/www.etrix.ch\/it\/veicoli-di-consegna\/gestione-della-flotta\/\" \/>\n<meta property=\"og:locale\" content=\"it_IT\" \/>\n<meta property=\"og:type\" content=\"article\" \/>\n<meta property=\"og:title\" content=\"Gestione della flotta\" \/>\n<meta property=\"og:description\" content=\"ETRIX ha oltre 10 anni di esperienza nella gestione della flotta e vi offre una soluzione completa per la gestione della vostra flotta di consegna.\" \/>\n<meta property=\"og:url\" content=\"https:\/\/www.etrix.ch\/it\/veicoli-di-consegna\/gestione-della-flotta\/\" \/>\n<meta property=\"og:site_name\" content=\"ETRIX Elektroroller\" \/>\n<meta property=\"article:publisher\" content=\"https:\/\/m.facebook.com\/etrix.emotos\/\" \/>\n<meta property=\"article:modified_time\" content=\"2025-06-26T15:18:26+00:00\" \/>\n<meta property=\"og:image\" content=\"https:\/\/www.etrix.ch\/media\/2022\/02\/bus-S02-scaled-1-scaled.jpeg\" \/>\n\t<meta property=\"og:image:width\" content=\"2048\" \/>\n\t<meta property=\"og:image:height\" content=\"1536\" \/>\n\t<meta property=\"og:image:type\" content=\"image\/jpeg\" \/>\n<meta name=\"twitter:card\" content=\"summary_large_image\" \/>\n<meta name=\"twitter:site\" content=\"@etrixag\" \/>\n<meta name=\"twitter:label1\" content=\"Tempo di lettura stimato\" \/>\n\t<meta name=\"twitter:data1\" content=\"1 minuto\" \/>\n<script type=\"application\/ld+json\" class=\"yoast-schema-graph\">{\"@context\":\"https:\\\/\\\/schema.org\",\"@graph\":[{\"@type\":\"WebPage\",\"@id\":\"https:\\\/\\\/www.etrix.ch\\\/it\\\/veicoli-di-consegna\\\/gestione-della-flotta\\\/\",\"url\":\"https:\\\/\\\/www.etrix.ch\\\/it\\\/veicoli-di-consegna\\\/gestione-della-flotta\\\/\",\"name\":\"Gestione della flotta Svizzera\",\"isPartOf\":{\"@id\":\"https:\\\/\\\/www.etrix.ch\\\/it\\\/#website\"},\"primaryImageOfPage\":{\"@id\":\"https:\\\/\\\/www.etrix.ch\\\/it\\\/veicoli-di-consegna\\\/gestione-della-flotta\\\/#primaryimage\"},\"image\":{\"@id\":\"https:\\\/\\\/www.etrix.ch\\\/it\\\/veicoli-di-consegna\\\/gestione-della-flotta\\\/#primaryimage\"},\"thumbnailUrl\":\"https:\\\/\\\/www.etrix.ch\\\/media\\\/2022\\\/02\\\/bus-S02-scaled-1-scaled.jpeg\",\"datePublished\":\"2022-02-28T13:03:58+00:00\",\"dateModified\":\"2025-06-26T15:18:26+00:00\",\"description\":\"ETRIX ha oltre 10 anni di esperienza nella gestione della flotta e vi offre una soluzione completa per la gestione della vostra flotta di consegna.\",\"breadcrumb\":{\"@id\":\"https:\\\/\\\/www.etrix.ch\\\/it\\\/veicoli-di-consegna\\\/gestione-della-flotta\\\/#breadcrumb\"},\"inLanguage\":\"it-IT\",\"potentialAction\":[{\"@type\":\"ReadAction\",\"target\":[\"https:\\\/\\\/www.etrix.ch\\\/it\\\/veicoli-di-consegna\\\/gestione-della-flotta\\\/\"]}]},{\"@type\":\"ImageObject\",\"inLanguage\":\"it-IT\",\"@id\":\"https:\\\/\\\/www.etrix.ch\\\/it\\\/veicoli-di-consegna\\\/gestione-della-flotta\\\/#primaryimage\",\"url\":\"https:\\\/\\\/www.etrix.ch\\\/media\\\/2022\\\/02\\\/bus-S02-scaled-1-scaled.jpeg\",\"contentUrl\":\"https:\\\/\\\/www.etrix.ch\\\/media\\\/2022\\\/02\\\/bus-S02-scaled-1-scaled.jpeg\",\"width\":2048,\"height\":1536},{\"@type\":\"BreadcrumbList\",\"@id\":\"https:\\\/\\\/www.etrix.ch\\\/it\\\/veicoli-di-consegna\\\/gestione-della-flotta\\\/#breadcrumb\",\"itemListElement\":[{\"@type\":\"ListItem\",\"position\":1,\"name\":\"Casa\",\"item\":\"https:\\\/\\\/www.etrix.ch\\\/it\\\/\"},{\"@type\":\"ListItem\",\"position\":2,\"name\":\"Veicoli di consegna\",\"item\":\"https:\\\/\\\/www.etrix.ch\\\/it\\\/veicoli-di-consegna\\\/\"},{\"@type\":\"ListItem\",\"position\":3,\"name\":\"Gestione della flotta\"}]},{\"@type\":\"WebSite\",\"@id\":\"https:\\\/\\\/www.etrix.ch\\\/it\\\/#website\",\"url\":\"https:\\\/\\\/www.etrix.ch\\\/it\\\/\",\"name\":\"ETRIX Elektroroller\",\"description\":\"E-Motos\",\"publisher\":{\"@id\":\"https:\\\/\\\/www.etrix.ch\\\/it\\\/#organization\"},\"potentialAction\":[{\"@type\":\"SearchAction\",\"target\":{\"@type\":\"EntryPoint\",\"urlTemplate\":\"https:\\\/\\\/www.etrix.ch\\\/it\\\/?s={search_term_string}\"},\"query-input\":{\"@type\":\"PropertyValueSpecification\",\"valueRequired\":true,\"valueName\":\"search_term_string\"}}],\"inLanguage\":\"it-IT\"},{\"@type\":[\"Organization\",\"Place\",\"MotorcycleDealer\"],\"@id\":\"https:\\\/\\\/www.etrix.ch\\\/it\\\/#organization\",\"name\":\"ETRIX E-Motos\",\"url\":\"https:\\\/\\\/www.etrix.ch\\\/it\\\/\",\"logo\":{\"@id\":\"https:\\\/\\\/www.etrix.ch\\\/it\\\/veicoli-di-consegna\\\/gestione-della-flotta\\\/#local-main-organization-logo\"},\"image\":{\"@id\":\"https:\\\/\\\/www.etrix.ch\\\/it\\\/veicoli-di-consegna\\\/gestione-della-flotta\\\/#local-main-organization-logo\"},\"sameAs\":[\"https:\\\/\\\/m.facebook.com\\\/etrix.emotos\\\/\",\"https:\\\/\\\/x.com\\\/etrixag\",\"https:\\\/\\\/www.instagram.com\\\/etrix_emotos\\\/p\\\/BtVW6bXHtNv\\\/\",\"https:\\\/\\\/www.linkedin.com\\\/company\\\/etrix-ag\",\"https:\\\/\\\/www.youtube.com\\\/channel\\\/UCSd-hJdu5u8xPUEY60jexOw\"],\"address\":{\"@id\":\"https:\\\/\\\/www.etrix.ch\\\/it\\\/veicoli-di-consegna\\\/gestione-della-flotta\\\/#local-main-place-address\"},\"geo\":{\"@type\":\"GeoCoordinates\",\"latitude\":\"47.43839497999372\",\"longitude\":\"8.465227605227366\"},\"telephone\":[\"043 931 00 45\"],\"openingHoursSpecification\":[{\"@type\":\"OpeningHoursSpecification\",\"dayOfWeek\":[\"Monday\",\"Sunday\"],\"opens\":\"00:00\",\"closes\":\"00:00\"},{\"@type\":\"OpeningHoursSpecification\",\"dayOfWeek\":[\"Tuesday\",\"Wednesday\",\"Thursday\",\"Friday\"],\"opens\":\"10:00\",\"closes\":\"18:00\"},{\"@type\":\"OpeningHoursSpecification\",\"dayOfWeek\":[\"Saturday\"],\"opens\":\"10:00\",\"closes\":\"15:00\"}]},{\"@type\":\"PostalAddress\",\"@id\":\"https:\\\/\\\/www.etrix.ch\\\/it\\\/veicoli-di-consegna\\\/gestione-della-flotta\\\/#local-main-place-address\",\"streetAddress\":\"Riedthofstrasse 122\",\"addressLocality\":\"Regensdorf\",\"postalCode\":\"8105\",\"addressRegion\":\"Z\u00fcrich\",\"addressCountry\":\"CH\"},{\"@type\":\"ImageObject\",\"inLanguage\":\"it-IT\",\"@id\":\"https:\\\/\\\/www.etrix.ch\\\/it\\\/veicoli-di-consegna\\\/gestione-della-flotta\\\/#local-main-organization-logo\",\"url\":\"https:\\\/\\\/www.etrix.ch\\\/media\\\/2021\\\/05\\\/ETRIX-logo.png\",\"contentUrl\":\"https:\\\/\\\/www.etrix.ch\\\/media\\\/2021\\\/05\\\/ETRIX-logo.png\",\"width\":470,\"height\":85,\"caption\":\"ETRIX E-Motos\"}]}<\/script>\n<meta name=\"geo.placename\" content=\"Regensdorf\" \/>\n<meta name=\"geo.position\" content=\"47.43839497999372;8.465227605227366\" \/>\n<meta name=\"geo.region\" content=\"Svizzera\" \/>\n<!-- \/ Yoast SEO Premium plugin. -->","yoast_head_json":{"title":"Gestione della flotta Svizzera","description":"ETRIX ha oltre 10 anni di esperienza nella gestione della flotta e vi offre una soluzione completa per la gestione della vostra flotta di consegna.","robots":{"index":"index","follow":"follow","max-snippet":"max-snippet:-1","max-image-preview":"max-image-preview:large","max-video-preview":"max-video-preview:-1"},"canonical":"https:\/\/www.etrix.ch\/it\/veicoli-di-consegna\/gestione-della-flotta\/","og_locale":"it_IT","og_type":"article","og_title":"Gestione della flotta","og_description":"ETRIX ha oltre 10 anni di esperienza nella gestione della flotta e vi offre una soluzione completa per la gestione della vostra flotta di consegna.","og_url":"https:\/\/www.etrix.ch\/it\/veicoli-di-consegna\/gestione-della-flotta\/","og_site_name":"ETRIX Elektroroller","article_publisher":"https:\/\/m.facebook.com\/etrix.emotos\/","article_modified_time":"2025-06-26T15:18:26+00:00","og_image":[{"width":2048,"height":1536,"url":"https:\/\/www.etrix.ch\/media\/2022\/02\/bus-S02-scaled-1-scaled.jpeg","type":"image\/jpeg"}],"twitter_card":"summary_large_image","twitter_site":"@etrixag","twitter_misc":{"Tempo di lettura stimato":"1 minuto"},"schema":{"@context":"https:\/\/schema.org","@graph":[{"@type":"WebPage","@id":"https:\/\/www.etrix.ch\/it\/veicoli-di-consegna\/gestione-della-flotta\/","url":"https:\/\/www.etrix.ch\/it\/veicoli-di-consegna\/gestione-della-flotta\/","name":"Gestione della flotta Svizzera","isPartOf":{"@id":"https:\/\/www.etrix.ch\/it\/#website"},"primaryImageOfPage":{"@id":"https:\/\/www.etrix.ch\/it\/veicoli-di-consegna\/gestione-della-flotta\/#primaryimage"},"image":{"@id":"https:\/\/www.etrix.ch\/it\/veicoli-di-consegna\/gestione-della-flotta\/#primaryimage"},"thumbnailUrl":"https:\/\/www.etrix.ch\/media\/2022\/02\/bus-S02-scaled-1-scaled.jpeg","datePublished":"2022-02-28T13:03:58+00:00","dateModified":"2025-06-26T15:18:26+00:00","description":"ETRIX ha oltre 10 anni di esperienza nella gestione della flotta e vi offre una soluzione completa per la gestione della vostra flotta di consegna.","breadcrumb":{"@id":"https:\/\/www.etrix.ch\/it\/veicoli-di-consegna\/gestione-della-flotta\/#breadcrumb"},"inLanguage":"it-IT","potentialAction":[{"@type":"ReadAction","target":["https:\/\/www.etrix.ch\/it\/veicoli-di-consegna\/gestione-della-flotta\/"]}]},{"@type":"ImageObject","inLanguage":"it-IT","@id":"https:\/\/www.etrix.ch\/it\/veicoli-di-consegna\/gestione-della-flotta\/#primaryimage","url":"https:\/\/www.etrix.ch\/media\/2022\/02\/bus-S02-scaled-1-scaled.jpeg","contentUrl":"https:\/\/www.etrix.ch\/media\/2022\/02\/bus-S02-scaled-1-scaled.jpeg","width":2048,"height":1536},{"@type":"BreadcrumbList","@id":"https:\/\/www.etrix.ch\/it\/veicoli-di-consegna\/gestione-della-flotta\/#breadcrumb","itemListElement":[{"@type":"ListItem","position":1,"name":"Casa","item":"https:\/\/www.etrix.ch\/it\/"},{"@type":"ListItem","position":2,"name":"Veicoli di consegna","item":"https:\/\/www.etrix.ch\/it\/veicoli-di-consegna\/"},{"@type":"ListItem","position":3,"name":"Gestione della flotta"}]},{"@type":"WebSite","@id":"https:\/\/www.etrix.ch\/it\/#website","url":"https:\/\/www.etrix.ch\/it\/","name":"ETRIX Elektroroller","description":"E-Motos","publisher":{"@id":"https:\/\/www.etrix.ch\/it\/#organization"},"potentialAction":[{"@type":"SearchAction","target":{"@type":"EntryPoint","urlTemplate":"https:\/\/www.etrix.ch\/it\/?s={search_term_string}"},"query-input":{"@type":"PropertyValueSpecification","valueRequired":true,"valueName":"search_term_string"}}],"inLanguage":"it-IT"},{"@type":["Organization","Place","MotorcycleDealer"],"@id":"https:\/\/www.etrix.ch\/it\/#organization","name":"ETRIX E-Motos","url":"https:\/\/www.etrix.ch\/it\/","logo":{"@id":"https:\/\/www.etrix.ch\/it\/veicoli-di-consegna\/gestione-della-flotta\/#local-main-organization-logo"},"image":{"@id":"https:\/\/www.etrix.ch\/it\/veicoli-di-consegna\/gestione-della-flotta\/#local-main-organization-logo"},"sameAs":["https:\/\/m.facebook.com\/etrix.emotos\/","https:\/\/x.com\/etrixag","https:\/\/www.instagram.com\/etrix_emotos\/p\/BtVW6bXHtNv\/","https:\/\/www.linkedin.com\/company\/etrix-ag","https:\/\/www.youtube.com\/channel\/UCSd-hJdu5u8xPUEY60jexOw"],"address":{"@id":"https:\/\/www.etrix.ch\/it\/veicoli-di-consegna\/gestione-della-flotta\/#local-main-place-address"},"geo":{"@type":"GeoCoordinates","latitude":"47.43839497999372","longitude":"8.465227605227366"},"telephone":["043 931 00 45"],"openingHoursSpecification":[{"@type":"OpeningHoursSpecification","dayOfWeek":["Monday","Sunday"],"opens":"00:00","closes":"00:00"},{"@type":"OpeningHoursSpecification","dayOfWeek":["Tuesday","Wednesday","Thursday","Friday"],"opens":"10:00","closes":"18:00"},{"@type":"OpeningHoursSpecification","dayOfWeek":["Saturday"],"opens":"10:00","closes":"15:00"}]},{"@type":"PostalAddress","@id":"https:\/\/www.etrix.ch\/it\/veicoli-di-consegna\/gestione-della-flotta\/#local-main-place-address","streetAddress":"Riedthofstrasse 122","addressLocality":"Regensdorf","postalCode":"8105","addressRegion":"Z\u00fcrich","addressCountry":"CH"},{"@type":"ImageObject","inLanguage":"it-IT","@id":"https:\/\/www.etrix.ch\/it\/veicoli-di-consegna\/gestione-della-flotta\/#local-main-organization-logo","url":"https:\/\/www.etrix.ch\/media\/2021\/05\/ETRIX-logo.png","contentUrl":"https:\/\/www.etrix.ch\/media\/2021\/05\/ETRIX-logo.png","width":470,"height":85,"caption":"ETRIX E-Motos"}]},"geo.placename":"Regensdorf","geo.position":{"lat":"47.43839497999372","long":"8.465227605227366"},"geo.region":"Svizzera"},"_links":{"self":[{"href":"https:\/\/www.etrix.ch\/it\/wp-json\/wp\/v2\/pages\/22341","targetHints":{"allow":["GET"]}}],"collection":[{"href":"https:\/\/www.etrix.ch\/it\/wp-json\/wp\/v2\/pages"}],"about":[{"href":"https:\/\/www.etrix.ch\/it\/wp-json\/wp\/v2\/types\/page"}],"author":[{"embeddable":true,"href":"https:\/\/www.etrix.ch\/it\/wp-json\/wp\/v2\/users\/1"}],"replies":[{"embeddable":true,"href":"https:\/\/www.etrix.ch\/it\/wp-json\/wp\/v2\/comments?post=22341"}],"version-history":[{"count":0,"href":"https:\/\/www.etrix.ch\/it\/wp-json\/wp\/v2\/pages\/22341\/revisions"}],"up":[{"embeddable":true,"href":"https:\/\/www.etrix.ch\/it\/wp-json\/wp\/v2\/pages\/21829"}],"wp:featuredmedia":[{"embeddable":true,"href":"https:\/\/www.etrix.ch\/it\/wp-json\/wp\/v2\/media\/22345"}],"wp:attachment":[{"href":"https:\/\/www.etrix.ch\/it\/wp-json\/wp\/v2\/media?parent=22341"}],"curies":[{"name":"wp","href":"https:\/\/api.w.org\/{rel}","templated":true}]}}