{"id":21889,"date":"2022-01-28T11:25:19","date_gmt":"2022-01-28T10:25:19","guid":{"rendered":"https:\/\/www.etrix.ch\/veicoli-di-consegna\/enviado-delivery-e-bike\/"},"modified":"2025-12-08T00:22:06","modified_gmt":"2025-12-07T23:22:06","slug":"enviado-delivery-e-bike","status":"publish","type":"page","link":"https:\/\/www.etrix.ch\/it\/veicoli-di-consegna\/enviado-delivery-e-bike\/","title":{"rendered":"Enviado Delivery E-Bike"},"content":{"rendered":"\n<div class=\"wp-block-columns alignfull is-style-spalte-top-bild is-layout-flex wp-container-core-columns-is-layout-9d6595d7 wp-block-columns-is-layout-flex\">\n<div class=\"wp-block-column is-style-top-bild-mask has-global-color-8-color has-text-color is-layout-flow wp-block-column-is-layout-flow\">\n<figure class=\"wp-block-image alignfull size-full\"><img decoding=\"async\" width=\"1000\" height=\"1000\" src=\"https:\/\/www.etrix.ch\/media\/2022\/01\/Pedale.jpg\" alt=\"Consegna Enviado Liefer E-Bike\" class=\"wp-image-3475\" srcset=\"https:\/\/www.etrix.ch\/media\/2022\/01\/Pedale.jpg 1000w, https:\/\/www.etrix.ch\/media\/2022\/01\/Pedale-600x600.jpg 600w, https:\/\/www.etrix.ch\/media\/2022\/01\/Pedale-100x100.jpg 100w, https:\/\/www.etrix.ch\/media\/2022\/01\/Pedale-900x900.jpg 900w, https:\/\/www.etrix.ch\/media\/2022\/01\/Pedale-300x300.jpg 300w, https:\/\/www.etrix.ch\/media\/2022\/01\/Pedale-150x150.jpg 150w, https:\/\/www.etrix.ch\/media\/2022\/01\/Pedale-768x768.jpg 768w, https:\/\/www.etrix.ch\/media\/2022\/01\/Pedale-450x450.jpg 450w, https:\/\/www.etrix.ch\/media\/2022\/01\/Pedale-460x460.jpg 460w\" sizes=\"(max-width: 1000px) 100vw, 1000px\"><\/figure>\n\n\n\n<div class=\"wp-block-group is-style-top-image-text\"><div class=\"wp-block-group__inner-container is-layout-flow wp-block-group-is-layout-flow\">\n<p class=\"is-style-default\">CONSEGNA <br>Consegna <br>E-BIKE<br><a href=\"#delivery-e-bike\">Scopra adesso<\/a><\/p>\n<\/div><\/div>\n<\/div>\n<\/div>\n\n<div class=\"wp-block-columns alignfull is-style-einstiegstext is-layout-flex wp-container-core-columns-is-layout-9d6595d7 wp-block-columns-is-layout-flex\" id=\"delivery-e-bike\">\n<div class=\"wp-block-column is-layout-flow wp-block-column-is-layout-flow\"><h1 class=\"wp-block-post-title\">Enviado Delivery E-Bike<\/h1>\n\n\n<p>La e-bike da consegna Enviado RYDER \u00e8 stata sviluppata appositamente per le elevate esigenze del servizio di consegna. La migliore qualit\u00e0 sul mercato e senza campane e fischietti inutili garantiscono assoluta affidabilit\u00e0.<\/p>\n\n\n\n<div class=\"wp-block-buttons is-layout-flex wp-block-buttons-is-layout-flex\">\n<div class=\"wp-block-button is-style-button-default\"><a class=\"wp-block-button__link wp-element-button\" href=\"https:\/\/www.etrix.ch\/produkt\/enviado-solid\/\">Configura la tua e-bike<\/a><\/div>\n<\/div>\n<\/div>\n\n\n\n<div class=\"wp-block-column is-style-default is-layout-flow wp-block-column-is-layout-flow\">\n<figure class=\"wp-block-image size-large\"><img decoding=\"async\" width=\"1024\" height=\"508\" src=\"https:\/\/www.etrix.ch\/media\/2025\/11\/ryder_seite_white-1024x508.png\" alt=\"Pagina Ryder Bianco\" class=\"wp-image-36764\" srcset=\"https:\/\/www.etrix.ch\/media\/2025\/11\/ryder_seite_white-1024x508.png 1024w, https:\/\/www.etrix.ch\/media\/2025\/11\/ryder_seite_white-300x149.png 300w, https:\/\/www.etrix.ch\/media\/2025\/11\/ryder_seite_white-768x381.png 768w, https:\/\/www.etrix.ch\/media\/2025\/11\/ryder_seite_white-1320x655.png 1320w, https:\/\/www.etrix.ch\/media\/2025\/11\/ryder_seite_white-900x447.png 900w, https:\/\/www.etrix.ch\/media\/2025\/11\/ryder_seite_white.png 1402w\" sizes=\"(max-width: 1024px) 100vw, 1024px\"><figcaption class=\"wp-element-caption\">                                <\/figcaption><\/figure>\n<\/div>\n<\/div>\n\n<div class=\"wp-block-columns alignfull is-style-spalten-bild-links is-layout-flex wp-container-core-columns-is-layout-9d6595d7 wp-block-columns-is-layout-flex\">\n<div class=\"wp-block-column is-style-bild-mask-2 is-layout-flow wp-block-column-is-layout-flow\">\n<figure class=\"wp-block-image size-full\"><img decoding=\"async\" width=\"1402\" height=\"696\" src=\"https:\/\/www.etrix.ch\/media\/2025\/11\/ryder_bremse.jpg\" alt=\"Freno Ryder\" class=\"wp-image-36757\" srcset=\"https:\/\/www.etrix.ch\/media\/2025\/11\/ryder_bremse.jpg 1402w, https:\/\/www.etrix.ch\/media\/2025\/11\/ryder_bremse-300x149.jpg 300w, https:\/\/www.etrix.ch\/media\/2025\/11\/ryder_bremse-1024x508.jpg 1024w, https:\/\/www.etrix.ch\/media\/2025\/11\/ryder_bremse-768x381.jpg 768w, https:\/\/www.etrix.ch\/media\/2025\/11\/ryder_bremse-1320x655.jpg 1320w, https:\/\/www.etrix.ch\/media\/2025\/11\/ryder_bremse-900x447.jpg 900w\" sizes=\"(max-width: 1402px) 100vw, 1402px\"><\/figure>\n<\/div>\n\n\n\n<div class=\"wp-block-column is-layout-flow wp-block-column-is-layout-flow\">\n<p class=\"is-style-text-ber-titel\">COMPLETAMENTE FACILE<\/p>\n\n\n\n<h2 class=\"wp-block-heading\" id=\"my-silence-app\">3, 2, 1, vai con l\u2019e-bike di consegna!<\/h2>\n\n\n\n<p>Basta premere un pulsante e il RYDER \u00e8 pronto a partire.<br>Salga e parta - non deve regolare nulla.<br><br>Il RYDER ha un\u2019autonomia di 70 km senza ricarica intermedia.<br>Pu\u00f2 ricaricare la batteria quando \u00e8 inserita<br>o estrarla verso la parte posteriore con un colpo di polso.<\/p>\n\n\n\n<p>Alla normale presa da 230 V, una batteria scarica \u00e8 di nuovo piena fino all\u2019orlo dopo circa 5 ore. Una chiave fissa la batteria del veicolo.<\/p>\n<\/div>\n<\/div>\n\n<div class=\"wp-block-columns alignfull is-style-spalten-bild-links is-layout-flex wp-container-core-columns-is-layout-9d6595d7 wp-block-columns-is-layout-flex\">\n<div class=\"wp-block-column is-style-bild-mask-3 is-layout-flow wp-block-column-is-layout-flow\">\n<figure class=\"wp-block-image size-large\"><img decoding=\"async\" width=\"1024\" height=\"508\" src=\"https:\/\/www.etrix.ch\/media\/2025\/11\/ryder_ruecklicht-1024x508.jpg\" alt=\"Luce posteriore Ryder\" class=\"wp-image-36761\" srcset=\"https:\/\/www.etrix.ch\/media\/2025\/11\/ryder_ruecklicht-1024x508.jpg 1024w, https:\/\/www.etrix.ch\/media\/2025\/11\/ryder_ruecklicht-300x149.jpg 300w, https:\/\/www.etrix.ch\/media\/2025\/11\/ryder_ruecklicht-768x381.jpg 768w, https:\/\/www.etrix.ch\/media\/2025\/11\/ryder_ruecklicht-1320x655.jpg 1320w, https:\/\/www.etrix.ch\/media\/2025\/11\/ryder_ruecklicht-900x447.jpg 900w, https:\/\/www.etrix.ch\/media\/2025\/11\/ryder_ruecklicht.jpg 1402w\" sizes=\"(max-width: 1024px) 100vw, 1024px\"><\/figure>\n<\/div>\n\n\n\n<div class=\"wp-block-column is-layout-flow wp-block-column-is-layout-flow\">\n<p class=\"is-style-text-ber-titel\">TUTTO A COLPO D\u2019OCCHIO<\/p>\n\n\n\n<h2 class=\"wp-block-heading\" id=\"my-silence-app\">Indicazioni<\/h2>\n\n\n\n<p><strong>Garanzia di 24 mesi<br><\/strong>Anche per uso commerciale. Questo \u00e8 possibile solo con le migliori attrezzature.<\/p>\n\n\n\n<h3 class=\"wp-block-heading\"><strong>Motore elettrico<\/strong><\/h3>\n\n\n\n<ul class=\"wp-block-list\">\n<li>Motore cargo del leader del mercato mondiale cinese BAFANG<\/li>\n\n\n\n<li>Batteria da 17 Ah (691Wh) con un\u2019autonomia di circa 70 km.<\/li>\n<\/ul>\n\n\n\n<div style=\"height:42px\" aria-hidden=\"true\" class=\"wp-block-spacer\"><\/div>\n\n\n\n<h3 class=\"wp-block-heading\"><strong>Attrezzatura<\/strong> Consegna e-bike<\/h3>\n\n\n\n<ul class=\"wp-block-list\">\n<li>mozzo affidabile SHIMANO a 1 velocit\u00e0 a velocit\u00e0 singola con freno a disco<\/li>\n\n\n\n<li>KMC X1 Catena anticorrosione<\/li>\n\n\n\n<li>Supporto Ergotec Doubleflex a doppia gamba<\/li>\n\n\n\n<li>Pneumatici Schwalbe Marathon Plus con protezione extra contro le forature<\/li>\n\n\n\n<li>Freno idraulico completo Tektro HD 350 (anteriore) e posteriore<\/li>\n\n\n\n<li>illuminazione automatica a LED<\/li>\n\n\n\n<li>Blocco del cerchio ABUS sulla ruota anteriore per un facile accesso<\/li>\n\n\n\n<li>enviado RYDER Telaio in acciaio ad alta lega CrMo<\/li>\n\n\n\n<li>Portapacchi integrato e antivibrante<\/li>\n<\/ul>\n<\/div>\n<\/div>\n\n<div class=\"wp-block-columns alignfull is-style-spalten-bild-links is-layout-flex wp-container-core-columns-is-layout-9d6595d7 wp-block-columns-is-layout-flex\">\n<div class=\"wp-block-column is-style-bild-mask-2 is-layout-flow wp-block-column-is-layout-flow\">\n<figure class=\"wp-block-image size-full\"><img decoding=\"async\" width=\"1402\" height=\"696\" src=\"https:\/\/www.etrix.ch\/media\/2025\/11\/ryder_seitlich.jpg\" alt=\"Ryder laterale\" class=\"wp-image-36765\" srcset=\"https:\/\/www.etrix.ch\/media\/2025\/11\/ryder_seitlich.jpg 1402w, https:\/\/www.etrix.ch\/media\/2025\/11\/ryder_seitlich-300x149.jpg 300w, https:\/\/www.etrix.ch\/media\/2025\/11\/ryder_seitlich-1024x508.jpg 1024w, https:\/\/www.etrix.ch\/media\/2025\/11\/ryder_seitlich-768x381.jpg 768w, https:\/\/www.etrix.ch\/media\/2025\/11\/ryder_seitlich-1320x655.jpg 1320w, https:\/\/www.etrix.ch\/media\/2025\/11\/ryder_seitlich-900x447.jpg 900w\" sizes=\"(max-width: 1402px) 100vw, 1402px\"><\/figure>\n<\/div>\n\n\n\n<div class=\"wp-block-column is-layout-flow wp-block-column-is-layout-flow\">\n<p class=\"is-style-text-ber-titel\">CALDO E FREDDO<\/p>\n\n\n\n<h2 class=\"wp-block-heading\" id=\"my-silence-app\">Scatole termiche, zaini e borse<\/h2>\n\n\n\n<p>L\u2019e-bike Enviado pu\u00f2 essere consegnata con diverse sovrastrutture. A seconda delle tue esigenze, puoi scegliere tra una borsa, un sacco o una scatola.<\/p>\n\n\n\n<div class=\"wp-block-buttons is-layout-flex wp-block-buttons-is-layout-flex\">\n<div class=\"wp-block-button\"><a class=\"wp-block-button__link wp-element-button\" href=\"https:\/\/www.etrix.ch\/produkt\/enviado-solid\/\">Configura la tua e-bike<\/a><\/div>\n<\/div>\n<\/div>\n<\/div>\n\n<div class=\"wp-block-columns alignfull is-style-spalte-full-bild is-layout-flex wp-container-core-columns-is-layout-9d6595d7 wp-block-columns-is-layout-flex\">\n<div class=\"wp-block-column is-style-full-bild-mask is-layout-flow wp-block-column-is-layout-flow\">\n<figure class=\"wp-block-image alignfull size-full\"><img decoding=\"async\" src=\"https:\/\/www.etrix.ch\/media\/2022\/03\/HG_Bild.jpg\" alt=\"Gestione e servizio di consegna della flotta di e-bike\" class=\"wp-image-4898\"><\/figure>\n\n\n\n<div class=\"wp-block-group is-style-top-image-text-weiss\"><div class=\"wp-block-group__inner-container is-layout-flow wp-block-group-is-layout-flow\">\n<h2 class=\"wp-block-heading\" id=\"heatpack\">Gestione e assistenza della flotta<\/h2>\n\n\n\n<p class=\"is-style-default\">Concentrati sul tuo core business, gestiamo la tua flotta.<\/p>\n\n\n\n<p class=\"is-style-default\">I portali moderni mostrano la posizione esatta, le condizioni e la disponibilit\u00e0 dei tuoi veicoli. Ci\u00f2 garantisce una visione d\u2019insieme in ogni momento.  <\/p>\n\n\n\n<p class=\"is-style-default\"><a href=\"https:\/\/www.etrix.ch\/lieferfahrzeuge\/flottenmanagment\/\">Gestione della flotta<\/a><\/p>\n<\/div><\/div>\n<\/div>\n<\/div>\n","protected":false},"excerpt":{"rendered":"<p>CONSEGNA Consegna E-BIKEScopra adesso La &#8230; <a title=\"Enviado Delivery E-Bike\" class=\"read-more\" href=\"https:\/\/www.etrix.ch\/it\/veicoli-di-consegna\/enviado-delivery-e-bike\/\" aria-label=\"Per saperne di pi\u00f9 su Enviado Delivery E-Bike\">&gt;  Leggi di pi\u00f9<\/a><\/p>\n","protected":false},"author":1,"featured_media":36770,"parent":21829,"menu_order":152,"comment_status":"closed","ping_status":"closed","template":"","meta":{"_acf_changed":false,"footnotes":""},"class_list":["post-21889","page","type-page","status-publish","has-post-thumbnail"],"acf":[],"yoast_head":"<!-- This site is optimized with the Yoast SEO Premium plugin v26.9 (Yoast SEO v27.4) - https:\/\/yoast.com\/product\/yoast-seo-premium-wordpress\/ -->\n<title>Consegna E-Bike Enviado RYDER - Consegna E-Bike Svizzera<\/title>\n<meta name=\"description\" content=\"La e-bike da consegna Enviado RYDER \u00e8 stata sviluppata appositamente per le elevate esigenze del servizio di consegna. La migliore qualit\u00e0 sul mercato.\" \/>\n<meta name=\"robots\" content=\"index, follow, max-snippet:-1, max-image-preview:large, max-video-preview:-1\" \/>\n<link rel=\"canonical\" href=\"https:\/\/www.etrix.ch\/it\/veicoli-di-consegna\/enviado-delivery-e-bike\/\" \/>\n<meta property=\"og:locale\" content=\"it_IT\" \/>\n<meta property=\"og:type\" content=\"article\" \/>\n<meta property=\"og:title\" content=\"Enviado Delivery E-Bike\" \/>\n<meta property=\"og:description\" content=\"La e-bike da consegna Enviado RYDER \u00e8 stata sviluppata appositamente per le elevate esigenze del servizio di consegna. La migliore qualit\u00e0 sul mercato.\" \/>\n<meta property=\"og:url\" content=\"https:\/\/www.etrix.ch\/it\/veicoli-di-consegna\/enviado-delivery-e-bike\/\" \/>\n<meta property=\"og:site_name\" content=\"ETRIX Elektroroller\" \/>\n<meta property=\"article:publisher\" content=\"https:\/\/m.facebook.com\/etrix.emotos\/\" \/>\n<meta property=\"article:modified_time\" content=\"2025-12-07T23:22:06+00:00\" \/>\n<meta property=\"og:image\" content=\"https:\/\/www.etrix.ch\/media\/2025\/11\/ryder_motor.jpg\" \/>\n\t<meta property=\"og:image:width\" content=\"1402\" \/>\n\t<meta property=\"og:image:height\" content=\"696\" \/>\n\t<meta property=\"og:image:type\" content=\"image\/jpeg\" \/>\n<meta name=\"twitter:card\" content=\"summary_large_image\" \/>\n<meta name=\"twitter:site\" content=\"@etrixag\" \/>\n<meta name=\"twitter:label1\" content=\"Tempo di lettura stimato\" \/>\n\t<meta name=\"twitter:data1\" content=\"1 minuto\" \/>\n<script type=\"application\/ld+json\" class=\"yoast-schema-graph\">{\"@context\":\"https:\\\/\\\/schema.org\",\"@graph\":[{\"@type\":\"WebPage\",\"@id\":\"https:\\\/\\\/www.etrix.ch\\\/it\\\/veicoli-di-consegna\\\/enviado-delivery-e-bike\\\/\",\"url\":\"https:\\\/\\\/www.etrix.ch\\\/it\\\/veicoli-di-consegna\\\/enviado-delivery-e-bike\\\/\",\"name\":\"Consegna E-Bike Enviado RYDER - Consegna E-Bike Svizzera\",\"isPartOf\":{\"@id\":\"https:\\\/\\\/www.etrix.ch\\\/it\\\/#website\"},\"primaryImageOfPage\":{\"@id\":\"https:\\\/\\\/www.etrix.ch\\\/it\\\/veicoli-di-consegna\\\/enviado-delivery-e-bike\\\/#primaryimage\"},\"image\":{\"@id\":\"https:\\\/\\\/www.etrix.ch\\\/it\\\/veicoli-di-consegna\\\/enviado-delivery-e-bike\\\/#primaryimage\"},\"thumbnailUrl\":\"https:\\\/\\\/www.etrix.ch\\\/media\\\/2025\\\/11\\\/ryder_motor.jpg\",\"datePublished\":\"2022-01-28T10:25:19+00:00\",\"dateModified\":\"2025-12-07T23:22:06+00:00\",\"description\":\"La e-bike da consegna Enviado RYDER \u00e8 stata sviluppata appositamente per le elevate esigenze del servizio di consegna. La migliore qualit\u00e0 sul mercato.\",\"breadcrumb\":{\"@id\":\"https:\\\/\\\/www.etrix.ch\\\/it\\\/veicoli-di-consegna\\\/enviado-delivery-e-bike\\\/#breadcrumb\"},\"inLanguage\":\"it-IT\",\"potentialAction\":[{\"@type\":\"ReadAction\",\"target\":[\"https:\\\/\\\/www.etrix.ch\\\/it\\\/veicoli-di-consegna\\\/enviado-delivery-e-bike\\\/\"]}]},{\"@type\":\"ImageObject\",\"inLanguage\":\"it-IT\",\"@id\":\"https:\\\/\\\/www.etrix.ch\\\/it\\\/veicoli-di-consegna\\\/enviado-delivery-e-bike\\\/#primaryimage\",\"url\":\"https:\\\/\\\/www.etrix.ch\\\/media\\\/2025\\\/11\\\/ryder_motor.jpg\",\"contentUrl\":\"https:\\\/\\\/www.etrix.ch\\\/media\\\/2025\\\/11\\\/ryder_motor.jpg\",\"width\":1402,\"height\":696,\"caption\":\"Ryder Motor\"},{\"@type\":\"BreadcrumbList\",\"@id\":\"https:\\\/\\\/www.etrix.ch\\\/it\\\/veicoli-di-consegna\\\/enviado-delivery-e-bike\\\/#breadcrumb\",\"itemListElement\":[{\"@type\":\"ListItem\",\"position\":1,\"name\":\"Casa\",\"item\":\"https:\\\/\\\/www.etrix.ch\\\/it\\\/\"},{\"@type\":\"ListItem\",\"position\":2,\"name\":\"Veicoli di consegna\",\"item\":\"https:\\\/\\\/www.etrix.ch\\\/it\\\/veicoli-di-consegna\\\/\"},{\"@type\":\"ListItem\",\"position\":3,\"name\":\"Enviado Delivery E-Bike\"}]},{\"@type\":\"WebSite\",\"@id\":\"https:\\\/\\\/www.etrix.ch\\\/it\\\/#website\",\"url\":\"https:\\\/\\\/www.etrix.ch\\\/it\\\/\",\"name\":\"ETRIX Elektroroller\",\"description\":\"E-Motos\",\"publisher\":{\"@id\":\"https:\\\/\\\/www.etrix.ch\\\/it\\\/#organization\"},\"potentialAction\":[{\"@type\":\"SearchAction\",\"target\":{\"@type\":\"EntryPoint\",\"urlTemplate\":\"https:\\\/\\\/www.etrix.ch\\\/it\\\/?s={search_term_string}\"},\"query-input\":{\"@type\":\"PropertyValueSpecification\",\"valueRequired\":true,\"valueName\":\"search_term_string\"}}],\"inLanguage\":\"it-IT\"},{\"@type\":[\"Organization\",\"Place\",\"MotorcycleDealer\"],\"@id\":\"https:\\\/\\\/www.etrix.ch\\\/it\\\/#organization\",\"name\":\"ETRIX E-Motos\",\"url\":\"https:\\\/\\\/www.etrix.ch\\\/it\\\/\",\"logo\":{\"@id\":\"https:\\\/\\\/www.etrix.ch\\\/it\\\/veicoli-di-consegna\\\/enviado-delivery-e-bike\\\/#local-main-organization-logo\"},\"image\":{\"@id\":\"https:\\\/\\\/www.etrix.ch\\\/it\\\/veicoli-di-consegna\\\/enviado-delivery-e-bike\\\/#local-main-organization-logo\"},\"sameAs\":[\"https:\\\/\\\/m.facebook.com\\\/etrix.emotos\\\/\",\"https:\\\/\\\/x.com\\\/etrixag\",\"https:\\\/\\\/www.instagram.com\\\/etrix_emotos\\\/p\\\/BtVW6bXHtNv\\\/\",\"https:\\\/\\\/www.linkedin.com\\\/company\\\/etrix-ag\",\"https:\\\/\\\/www.youtube.com\\\/channel\\\/UCSd-hJdu5u8xPUEY60jexOw\"],\"address\":{\"@id\":\"https:\\\/\\\/www.etrix.ch\\\/it\\\/veicoli-di-consegna\\\/enviado-delivery-e-bike\\\/#local-main-place-address\"},\"geo\":{\"@type\":\"GeoCoordinates\",\"latitude\":\"47.43839497999372\",\"longitude\":\"8.465227605227366\"},\"telephone\":[\"043 931 00 45\"],\"openingHoursSpecification\":[{\"@type\":\"OpeningHoursSpecification\",\"dayOfWeek\":[\"Monday\",\"Sunday\"],\"opens\":\"00:00\",\"closes\":\"00:00\"},{\"@type\":\"OpeningHoursSpecification\",\"dayOfWeek\":[\"Tuesday\",\"Wednesday\",\"Thursday\",\"Friday\"],\"opens\":\"10:00\",\"closes\":\"18:00\"},{\"@type\":\"OpeningHoursSpecification\",\"dayOfWeek\":[\"Saturday\"],\"opens\":\"10:00\",\"closes\":\"15:00\"}]},{\"@type\":\"PostalAddress\",\"@id\":\"https:\\\/\\\/www.etrix.ch\\\/it\\\/veicoli-di-consegna\\\/enviado-delivery-e-bike\\\/#local-main-place-address\",\"streetAddress\":\"Riedthofstrasse 122\",\"addressLocality\":\"Regensdorf\",\"postalCode\":\"8105\",\"addressRegion\":\"Z\u00fcrich\",\"addressCountry\":\"CH\"},{\"@type\":\"ImageObject\",\"inLanguage\":\"it-IT\",\"@id\":\"https:\\\/\\\/www.etrix.ch\\\/it\\\/veicoli-di-consegna\\\/enviado-delivery-e-bike\\\/#local-main-organization-logo\",\"url\":\"https:\\\/\\\/www.etrix.ch\\\/media\\\/2021\\\/05\\\/ETRIX-logo.png\",\"contentUrl\":\"https:\\\/\\\/www.etrix.ch\\\/media\\\/2021\\\/05\\\/ETRIX-logo.png\",\"width\":470,\"height\":85,\"caption\":\"ETRIX E-Motos\"}]}<\/script>\n<meta name=\"geo.placename\" content=\"Regensdorf\" \/>\n<meta name=\"geo.position\" content=\"47.43839497999372;8.465227605227366\" \/>\n<meta name=\"geo.region\" content=\"Svizzera\" \/>\n<!-- \/ Yoast SEO Premium plugin. -->","yoast_head_json":{"title":"Consegna E-Bike Enviado RYDER - Consegna E-Bike Svizzera","description":"La e-bike da consegna Enviado RYDER \u00e8 stata sviluppata appositamente per le elevate esigenze del servizio di consegna. La migliore qualit\u00e0 sul mercato.","robots":{"index":"index","follow":"follow","max-snippet":"max-snippet:-1","max-image-preview":"max-image-preview:large","max-video-preview":"max-video-preview:-1"},"canonical":"https:\/\/www.etrix.ch\/it\/veicoli-di-consegna\/enviado-delivery-e-bike\/","og_locale":"it_IT","og_type":"article","og_title":"Enviado Delivery E-Bike","og_description":"La e-bike da consegna Enviado RYDER \u00e8 stata sviluppata appositamente per le elevate esigenze del servizio di consegna. La migliore qualit\u00e0 sul mercato.","og_url":"https:\/\/www.etrix.ch\/it\/veicoli-di-consegna\/enviado-delivery-e-bike\/","og_site_name":"ETRIX Elektroroller","article_publisher":"https:\/\/m.facebook.com\/etrix.emotos\/","article_modified_time":"2025-12-07T23:22:06+00:00","og_image":[{"width":1402,"height":696,"url":"https:\/\/www.etrix.ch\/media\/2025\/11\/ryder_motor.jpg","type":"image\/jpeg"}],"twitter_card":"summary_large_image","twitter_site":"@etrixag","twitter_misc":{"Tempo di lettura stimato":"1 minuto"},"schema":{"@context":"https:\/\/schema.org","@graph":[{"@type":"WebPage","@id":"https:\/\/www.etrix.ch\/it\/veicoli-di-consegna\/enviado-delivery-e-bike\/","url":"https:\/\/www.etrix.ch\/it\/veicoli-di-consegna\/enviado-delivery-e-bike\/","name":"Consegna E-Bike Enviado RYDER - Consegna E-Bike Svizzera","isPartOf":{"@id":"https:\/\/www.etrix.ch\/it\/#website"},"primaryImageOfPage":{"@id":"https:\/\/www.etrix.ch\/it\/veicoli-di-consegna\/enviado-delivery-e-bike\/#primaryimage"},"image":{"@id":"https:\/\/www.etrix.ch\/it\/veicoli-di-consegna\/enviado-delivery-e-bike\/#primaryimage"},"thumbnailUrl":"https:\/\/www.etrix.ch\/media\/2025\/11\/ryder_motor.jpg","datePublished":"2022-01-28T10:25:19+00:00","dateModified":"2025-12-07T23:22:06+00:00","description":"La e-bike da consegna Enviado RYDER \u00e8 stata sviluppata appositamente per le elevate esigenze del servizio di consegna. La migliore qualit\u00e0 sul mercato.","breadcrumb":{"@id":"https:\/\/www.etrix.ch\/it\/veicoli-di-consegna\/enviado-delivery-e-bike\/#breadcrumb"},"inLanguage":"it-IT","potentialAction":[{"@type":"ReadAction","target":["https:\/\/www.etrix.ch\/it\/veicoli-di-consegna\/enviado-delivery-e-bike\/"]}]},{"@type":"ImageObject","inLanguage":"it-IT","@id":"https:\/\/www.etrix.ch\/it\/veicoli-di-consegna\/enviado-delivery-e-bike\/#primaryimage","url":"https:\/\/www.etrix.ch\/media\/2025\/11\/ryder_motor.jpg","contentUrl":"https:\/\/www.etrix.ch\/media\/2025\/11\/ryder_motor.jpg","width":1402,"height":696,"caption":"Ryder Motor"},{"@type":"BreadcrumbList","@id":"https:\/\/www.etrix.ch\/it\/veicoli-di-consegna\/enviado-delivery-e-bike\/#breadcrumb","itemListElement":[{"@type":"ListItem","position":1,"name":"Casa","item":"https:\/\/www.etrix.ch\/it\/"},{"@type":"ListItem","position":2,"name":"Veicoli di consegna","item":"https:\/\/www.etrix.ch\/it\/veicoli-di-consegna\/"},{"@type":"ListItem","position":3,"name":"Enviado Delivery E-Bike"}]},{"@type":"WebSite","@id":"https:\/\/www.etrix.ch\/it\/#website","url":"https:\/\/www.etrix.ch\/it\/","name":"ETRIX Elektroroller","description":"E-Motos","publisher":{"@id":"https:\/\/www.etrix.ch\/it\/#organization"},"potentialAction":[{"@type":"SearchAction","target":{"@type":"EntryPoint","urlTemplate":"https:\/\/www.etrix.ch\/it\/?s={search_term_string}"},"query-input":{"@type":"PropertyValueSpecification","valueRequired":true,"valueName":"search_term_string"}}],"inLanguage":"it-IT"},{"@type":["Organization","Place","MotorcycleDealer"],"@id":"https:\/\/www.etrix.ch\/it\/#organization","name":"ETRIX E-Motos","url":"https:\/\/www.etrix.ch\/it\/","logo":{"@id":"https:\/\/www.etrix.ch\/it\/veicoli-di-consegna\/enviado-delivery-e-bike\/#local-main-organization-logo"},"image":{"@id":"https:\/\/www.etrix.ch\/it\/veicoli-di-consegna\/enviado-delivery-e-bike\/#local-main-organization-logo"},"sameAs":["https:\/\/m.facebook.com\/etrix.emotos\/","https:\/\/x.com\/etrixag","https:\/\/www.instagram.com\/etrix_emotos\/p\/BtVW6bXHtNv\/","https:\/\/www.linkedin.com\/company\/etrix-ag","https:\/\/www.youtube.com\/channel\/UCSd-hJdu5u8xPUEY60jexOw"],"address":{"@id":"https:\/\/www.etrix.ch\/it\/veicoli-di-consegna\/enviado-delivery-e-bike\/#local-main-place-address"},"geo":{"@type":"GeoCoordinates","latitude":"47.43839497999372","longitude":"8.465227605227366"},"telephone":["043 931 00 45"],"openingHoursSpecification":[{"@type":"OpeningHoursSpecification","dayOfWeek":["Monday","Sunday"],"opens":"00:00","closes":"00:00"},{"@type":"OpeningHoursSpecification","dayOfWeek":["Tuesday","Wednesday","Thursday","Friday"],"opens":"10:00","closes":"18:00"},{"@type":"OpeningHoursSpecification","dayOfWeek":["Saturday"],"opens":"10:00","closes":"15:00"}]},{"@type":"PostalAddress","@id":"https:\/\/www.etrix.ch\/it\/veicoli-di-consegna\/enviado-delivery-e-bike\/#local-main-place-address","streetAddress":"Riedthofstrasse 122","addressLocality":"Regensdorf","postalCode":"8105","addressRegion":"Z\u00fcrich","addressCountry":"CH"},{"@type":"ImageObject","inLanguage":"it-IT","@id":"https:\/\/www.etrix.ch\/it\/veicoli-di-consegna\/enviado-delivery-e-bike\/#local-main-organization-logo","url":"https:\/\/www.etrix.ch\/media\/2021\/05\/ETRIX-logo.png","contentUrl":"https:\/\/www.etrix.ch\/media\/2021\/05\/ETRIX-logo.png","width":470,"height":85,"caption":"ETRIX E-Motos"}]},"geo.placename":"Regensdorf","geo.position":{"lat":"47.43839497999372","long":"8.465227605227366"},"geo.region":"Svizzera"},"_links":{"self":[{"href":"https:\/\/www.etrix.ch\/it\/wp-json\/wp\/v2\/pages\/21889","targetHints":{"allow":["GET"]}}],"collection":[{"href":"https:\/\/www.etrix.ch\/it\/wp-json\/wp\/v2\/pages"}],"about":[{"href":"https:\/\/www.etrix.ch\/it\/wp-json\/wp\/v2\/types\/page"}],"author":[{"embeddable":true,"href":"https:\/\/www.etrix.ch\/it\/wp-json\/wp\/v2\/users\/1"}],"replies":[{"embeddable":true,"href":"https:\/\/www.etrix.ch\/it\/wp-json\/wp\/v2\/comments?post=21889"}],"version-history":[{"count":2,"href":"https:\/\/www.etrix.ch\/it\/wp-json\/wp\/v2\/pages\/21889\/revisions"}],"predecessor-version":[{"id":37039,"href":"https:\/\/www.etrix.ch\/it\/wp-json\/wp\/v2\/pages\/21889\/revisions\/37039"}],"up":[{"embeddable":true,"href":"https:\/\/www.etrix.ch\/it\/wp-json\/wp\/v2\/pages\/21829"}],"wp:featuredmedia":[{"embeddable":true,"href":"https:\/\/www.etrix.ch\/it\/wp-json\/wp\/v2\/media\/36770"}],"wp:attachment":[{"href":"https:\/\/www.etrix.ch\/it\/wp-json\/wp\/v2\/media?parent=21889"}],"curies":[{"name":"wp","href":"https:\/\/api.w.org\/{rel}","templated":true}]}}