{"id":21550,"date":"2021-05-23T01:38:41","date_gmt":"2021-05-22T23:38:41","guid":{"rendered":"https:\/\/www.etrix.ch\/imprimere\/"},"modified":"2023-09-08T12:22:57","modified_gmt":"2023-09-08T10:22:57","slug":"imprimere","status":"publish","type":"page","link":"https:\/\/www.etrix.ch\/it\/imprimere\/","title":{"rendered":"Imprimere"},"content":{"rendered":"\n<h1 class=\"wp-block-heading\" id=\"headline-3-1222\">Imprimere<\/h1>\n\n<p>Gestore del sito web \/ indirizzo<\/p>\n\n<p><strong>ETRIX AG<br\/><\/strong>Riedthofstrasse 122<br\/>8105 Regensdorf<br\/>Telefono cellulare +41 43 931 00 45<br\/>E-mail: info@etrix.ch<\/p>\n\n<p><strong>Disconoscimento<\/strong><br\/>Le informazioni contenute in questo sito web sono state compilate con la dovuta cura. Sono aggiornati periodicamente. Tuttavia, il gestore del sito web non pu\u00f2 assumersi alcuna responsabilit\u00e0 o garanzia per l&#8217;attualit\u00e0, la correttezza e la completezza delle informazioni.<br\/>Tutti i diritti sui contenuti del sito web dell&#8217;operatore sono riservati. I collegamenti dal sito Web si riferiscono ad altri siti Web creati e gestiti da terze parti. Il gestore non \u00e8 responsabile delle informazioni ivi contenute e non si assume alcuna responsabilit\u00e0 per la loro accuratezza, completezza o tempestivit\u00e0. I diritti di utilizzo sono soggetti alle restrizioni e alle condizioni dei rispettivi gestori del sito web. L&#8217;uso delle informazioni su tale sito Web o del servizio ivi offerto \u00e8 a proprio rischio.<br\/>Si prega di notare i consueti rischi per la sicurezza durante la trasmissione di dati ed e-mail via Internet. L&#8217;operatore non pu\u00f2 essere ritenuto responsabile per danni derivanti dall&#8217;uso improprio dei dati personali. Non \u00e8 consentito fornire agli indirizzi e-mail pubblicati su questo sito Web pubblicit\u00e0 o altre e-mail non richieste senza autorizzazione. Il gestore di questo sito web si riserva espressamente il diritto di intraprendere azioni legali in caso di invio non richiesto di e-mail (SPAM).<br\/>Immagini<\/p>\n\n<p>Tutti i diritti appartengono ai rispettivi fotografi.<br\/>Diritto d\u2019autore<\/p>\n\n<p>Il trasferimento e l&#8217;utilizzo dei testi, delle illustrazioni e dei dati richiede il consenso di ETRIX AG.<\/p>\n","protected":false},"excerpt":{"rendered":"<p>Imprimere Gestore del sito web &#8230; <a title=\"Imprimere\" class=\"read-more\" href=\"https:\/\/www.etrix.ch\/it\/imprimere\/\" aria-label=\"Per saperne di pi\u00f9 su Imprimere\">&gt;  Leggi di pi\u00f9<\/a><\/p>\n","protected":false},"author":1,"featured_media":0,"parent":0,"menu_order":228,"comment_status":"closed","ping_status":"closed","template":"","meta":{"_acf_changed":false,"footnotes":""},"class_list":["post-21550","page","type-page","status-publish"],"acf":[],"yoast_head":"<!-- This site is optimized with the Yoast SEO Premium plugin v26.9 (Yoast SEO v27.4) - https:\/\/yoast.com\/product\/yoast-seo-premium-wordpress\/ -->\n<title>Imprimere - ETRIX Elektroroller<\/title>\n<meta name=\"description\" content=\"Le informazioni su ETRIX e sui suoi prodotti su questo sito web sono state compilate con la dovuta cura.\" \/>\n<meta name=\"robots\" content=\"index, follow, max-snippet:-1, max-image-preview:large, max-video-preview:-1\" \/>\n<link rel=\"canonical\" href=\"https:\/\/www.etrix.ch\/it\/imprimere\/\" \/>\n<meta property=\"og:locale\" content=\"it_IT\" \/>\n<meta property=\"og:type\" content=\"article\" \/>\n<meta property=\"og:title\" content=\"Imprimere\" \/>\n<meta property=\"og:description\" content=\"Le informazioni su ETRIX e sui suoi prodotti su questo sito web sono state compilate con la dovuta cura.\" \/>\n<meta property=\"og:url\" content=\"https:\/\/www.etrix.ch\/it\/imprimere\/\" \/>\n<meta property=\"og:site_name\" content=\"ETRIX Elektroroller\" \/>\n<meta property=\"article:publisher\" content=\"https:\/\/m.facebook.com\/etrix.emotos\/\" \/>\n<meta property=\"article:modified_time\" content=\"2023-09-08T10:22:57+00:00\" \/>\n<meta property=\"og:image\" content=\"https:\/\/www.etrix.ch\/media\/2021\/06\/PJAN0627-scaled.jpg\" \/>\n\t<meta property=\"og:image:width\" content=\"2048\" \/>\n\t<meta property=\"og:image:height\" content=\"1536\" \/>\n\t<meta property=\"og:image:type\" content=\"image\/jpeg\" \/>\n<meta name=\"twitter:card\" content=\"summary_large_image\" \/>\n<meta name=\"twitter:site\" content=\"@etrixag\" \/>\n<meta name=\"twitter:label1\" content=\"Tempo di lettura stimato\" \/>\n\t<meta name=\"twitter:data1\" content=\"1 minuto\" \/>\n<script type=\"application\/ld+json\" class=\"yoast-schema-graph\">{\"@context\":\"https:\\\/\\\/schema.org\",\"@graph\":[{\"@type\":\"WebPage\",\"@id\":\"https:\\\/\\\/www.etrix.ch\\\/it\\\/imprimere\\\/\",\"url\":\"https:\\\/\\\/www.etrix.ch\\\/it\\\/imprimere\\\/\",\"name\":\"Imprimere - ETRIX Elektroroller\",\"isPartOf\":{\"@id\":\"https:\\\/\\\/www.etrix.ch\\\/it\\\/#website\"},\"datePublished\":\"2021-05-22T23:38:41+00:00\",\"dateModified\":\"2023-09-08T10:22:57+00:00\",\"description\":\"Le informazioni su ETRIX e sui suoi prodotti su questo sito web sono state compilate con la dovuta cura.\",\"breadcrumb\":{\"@id\":\"https:\\\/\\\/www.etrix.ch\\\/it\\\/imprimere\\\/#breadcrumb\"},\"inLanguage\":\"it-IT\",\"potentialAction\":[{\"@type\":\"ReadAction\",\"target\":[\"https:\\\/\\\/www.etrix.ch\\\/it\\\/imprimere\\\/\"]}]},{\"@type\":\"BreadcrumbList\",\"@id\":\"https:\\\/\\\/www.etrix.ch\\\/it\\\/imprimere\\\/#breadcrumb\",\"itemListElement\":[{\"@type\":\"ListItem\",\"position\":1,\"name\":\"Casa\",\"item\":\"https:\\\/\\\/www.etrix.ch\\\/it\\\/etrix-e-motos\\\/\"},{\"@type\":\"ListItem\",\"position\":2,\"name\":\"Imprimere\"}]},{\"@type\":\"WebSite\",\"@id\":\"https:\\\/\\\/www.etrix.ch\\\/it\\\/#website\",\"url\":\"https:\\\/\\\/www.etrix.ch\\\/it\\\/\",\"name\":\"ETRIX Elektroroller\",\"description\":\"E-Motos\",\"publisher\":{\"@id\":\"https:\\\/\\\/www.etrix.ch\\\/it\\\/#organization\"},\"potentialAction\":[{\"@type\":\"SearchAction\",\"target\":{\"@type\":\"EntryPoint\",\"urlTemplate\":\"https:\\\/\\\/www.etrix.ch\\\/it\\\/?s={search_term_string}\"},\"query-input\":{\"@type\":\"PropertyValueSpecification\",\"valueRequired\":true,\"valueName\":\"search_term_string\"}}],\"inLanguage\":\"it-IT\"},{\"@type\":[\"Organization\",\"Place\",\"MotorcycleDealer\"],\"@id\":\"https:\\\/\\\/www.etrix.ch\\\/it\\\/#organization\",\"name\":\"ETRIX E-Motos\",\"url\":\"https:\\\/\\\/www.etrix.ch\\\/it\\\/\",\"logo\":{\"@id\":\"https:\\\/\\\/www.etrix.ch\\\/it\\\/imprimere\\\/#local-main-organization-logo\"},\"image\":{\"@id\":\"https:\\\/\\\/www.etrix.ch\\\/it\\\/imprimere\\\/#local-main-organization-logo\"},\"sameAs\":[\"https:\\\/\\\/m.facebook.com\\\/etrix.emotos\\\/\",\"https:\\\/\\\/x.com\\\/etrixag\",\"https:\\\/\\\/www.instagram.com\\\/etrix_emotos\\\/p\\\/BtVW6bXHtNv\\\/\",\"https:\\\/\\\/www.linkedin.com\\\/company\\\/etrix-ag\",\"https:\\\/\\\/www.youtube.com\\\/channel\\\/UCSd-hJdu5u8xPUEY60jexOw\"],\"address\":{\"@id\":\"https:\\\/\\\/www.etrix.ch\\\/it\\\/imprimere\\\/#local-main-place-address\"},\"geo\":{\"@type\":\"GeoCoordinates\",\"latitude\":\"47.43839497999372\",\"longitude\":\"8.465227605227366\"},\"telephone\":[\"043 931 00 45\"],\"openingHoursSpecification\":[{\"@type\":\"OpeningHoursSpecification\",\"dayOfWeek\":[\"Monday\",\"Sunday\"],\"opens\":\"00:00\",\"closes\":\"00:00\"},{\"@type\":\"OpeningHoursSpecification\",\"dayOfWeek\":[\"Tuesday\",\"Wednesday\",\"Thursday\",\"Friday\"],\"opens\":\"10:00\",\"closes\":\"18:00\"},{\"@type\":\"OpeningHoursSpecification\",\"dayOfWeek\":[\"Saturday\"],\"opens\":\"10:00\",\"closes\":\"15:00\"}]},{\"@type\":\"PostalAddress\",\"@id\":\"https:\\\/\\\/www.etrix.ch\\\/it\\\/imprimere\\\/#local-main-place-address\",\"streetAddress\":\"Riedthofstrasse 122\",\"addressLocality\":\"Regensdorf\",\"postalCode\":\"8105\",\"addressRegion\":\"Z\u00fcrich\",\"addressCountry\":\"CH\"},{\"@type\":\"ImageObject\",\"inLanguage\":\"it-IT\",\"@id\":\"https:\\\/\\\/www.etrix.ch\\\/it\\\/imprimere\\\/#local-main-organization-logo\",\"url\":\"https:\\\/\\\/www.etrix.ch\\\/media\\\/2021\\\/05\\\/ETRIX-logo.png\",\"contentUrl\":\"https:\\\/\\\/www.etrix.ch\\\/media\\\/2021\\\/05\\\/ETRIX-logo.png\",\"width\":470,\"height\":85,\"caption\":\"ETRIX E-Motos\"}]}<\/script>\n<meta name=\"geo.placename\" content=\"Regensdorf\" \/>\n<meta name=\"geo.position\" content=\"47.43839497999372;8.465227605227366\" \/>\n<meta name=\"geo.region\" content=\"Svizzera\" \/>\n<!-- \/ Yoast SEO Premium plugin. -->","yoast_head_json":{"title":"Imprimere - ETRIX Elektroroller","description":"Le informazioni su ETRIX e sui suoi prodotti su questo sito web sono state compilate con la dovuta cura.","robots":{"index":"index","follow":"follow","max-snippet":"max-snippet:-1","max-image-preview":"max-image-preview:large","max-video-preview":"max-video-preview:-1"},"canonical":"https:\/\/www.etrix.ch\/it\/imprimere\/","og_locale":"it_IT","og_type":"article","og_title":"Imprimere","og_description":"Le informazioni su ETRIX e sui suoi prodotti su questo sito web sono state compilate con la dovuta cura.","og_url":"https:\/\/www.etrix.ch\/it\/imprimere\/","og_site_name":"ETRIX Elektroroller","article_publisher":"https:\/\/m.facebook.com\/etrix.emotos\/","article_modified_time":"2023-09-08T10:22:57+00:00","og_image":[{"width":2048,"height":1536,"url":"https:\/\/www.etrix.ch\/media\/2021\/06\/PJAN0627-scaled.jpg","type":"image\/jpeg"}],"twitter_card":"summary_large_image","twitter_site":"@etrixag","twitter_misc":{"Tempo di lettura stimato":"1 minuto"},"schema":{"@context":"https:\/\/schema.org","@graph":[{"@type":"WebPage","@id":"https:\/\/www.etrix.ch\/it\/imprimere\/","url":"https:\/\/www.etrix.ch\/it\/imprimere\/","name":"Imprimere - ETRIX Elektroroller","isPartOf":{"@id":"https:\/\/www.etrix.ch\/it\/#website"},"datePublished":"2021-05-22T23:38:41+00:00","dateModified":"2023-09-08T10:22:57+00:00","description":"Le informazioni su ETRIX e sui suoi prodotti su questo sito web sono state compilate con la dovuta cura.","breadcrumb":{"@id":"https:\/\/www.etrix.ch\/it\/imprimere\/#breadcrumb"},"inLanguage":"it-IT","potentialAction":[{"@type":"ReadAction","target":["https:\/\/www.etrix.ch\/it\/imprimere\/"]}]},{"@type":"BreadcrumbList","@id":"https:\/\/www.etrix.ch\/it\/imprimere\/#breadcrumb","itemListElement":[{"@type":"ListItem","position":1,"name":"Casa","item":"https:\/\/www.etrix.ch\/it\/etrix-e-motos\/"},{"@type":"ListItem","position":2,"name":"Imprimere"}]},{"@type":"WebSite","@id":"https:\/\/www.etrix.ch\/it\/#website","url":"https:\/\/www.etrix.ch\/it\/","name":"ETRIX Elektroroller","description":"E-Motos","publisher":{"@id":"https:\/\/www.etrix.ch\/it\/#organization"},"potentialAction":[{"@type":"SearchAction","target":{"@type":"EntryPoint","urlTemplate":"https:\/\/www.etrix.ch\/it\/?s={search_term_string}"},"query-input":{"@type":"PropertyValueSpecification","valueRequired":true,"valueName":"search_term_string"}}],"inLanguage":"it-IT"},{"@type":["Organization","Place","MotorcycleDealer"],"@id":"https:\/\/www.etrix.ch\/it\/#organization","name":"ETRIX E-Motos","url":"https:\/\/www.etrix.ch\/it\/","logo":{"@id":"https:\/\/www.etrix.ch\/it\/imprimere\/#local-main-organization-logo"},"image":{"@id":"https:\/\/www.etrix.ch\/it\/imprimere\/#local-main-organization-logo"},"sameAs":["https:\/\/m.facebook.com\/etrix.emotos\/","https:\/\/x.com\/etrixag","https:\/\/www.instagram.com\/etrix_emotos\/p\/BtVW6bXHtNv\/","https:\/\/www.linkedin.com\/company\/etrix-ag","https:\/\/www.youtube.com\/channel\/UCSd-hJdu5u8xPUEY60jexOw"],"address":{"@id":"https:\/\/www.etrix.ch\/it\/imprimere\/#local-main-place-address"},"geo":{"@type":"GeoCoordinates","latitude":"47.43839497999372","longitude":"8.465227605227366"},"telephone":["043 931 00 45"],"openingHoursSpecification":[{"@type":"OpeningHoursSpecification","dayOfWeek":["Monday","Sunday"],"opens":"00:00","closes":"00:00"},{"@type":"OpeningHoursSpecification","dayOfWeek":["Tuesday","Wednesday","Thursday","Friday"],"opens":"10:00","closes":"18:00"},{"@type":"OpeningHoursSpecification","dayOfWeek":["Saturday"],"opens":"10:00","closes":"15:00"}]},{"@type":"PostalAddress","@id":"https:\/\/www.etrix.ch\/it\/imprimere\/#local-main-place-address","streetAddress":"Riedthofstrasse 122","addressLocality":"Regensdorf","postalCode":"8105","addressRegion":"Z\u00fcrich","addressCountry":"CH"},{"@type":"ImageObject","inLanguage":"it-IT","@id":"https:\/\/www.etrix.ch\/it\/imprimere\/#local-main-organization-logo","url":"https:\/\/www.etrix.ch\/media\/2021\/05\/ETRIX-logo.png","contentUrl":"https:\/\/www.etrix.ch\/media\/2021\/05\/ETRIX-logo.png","width":470,"height":85,"caption":"ETRIX E-Motos"}]},"geo.placename":"Regensdorf","geo.position":{"lat":"47.43839497999372","long":"8.465227605227366"},"geo.region":"Svizzera"},"_links":{"self":[{"href":"https:\/\/www.etrix.ch\/it\/wp-json\/wp\/v2\/pages\/21550","targetHints":{"allow":["GET"]}}],"collection":[{"href":"https:\/\/www.etrix.ch\/it\/wp-json\/wp\/v2\/pages"}],"about":[{"href":"https:\/\/www.etrix.ch\/it\/wp-json\/wp\/v2\/types\/page"}],"author":[{"embeddable":true,"href":"https:\/\/www.etrix.ch\/it\/wp-json\/wp\/v2\/users\/1"}],"replies":[{"embeddable":true,"href":"https:\/\/www.etrix.ch\/it\/wp-json\/wp\/v2\/comments?post=21550"}],"version-history":[{"count":0,"href":"https:\/\/www.etrix.ch\/it\/wp-json\/wp\/v2\/pages\/21550\/revisions"}],"wp:attachment":[{"href":"https:\/\/www.etrix.ch\/it\/wp-json\/wp\/v2\/media?parent=21550"}],"curies":[{"name":"wp","href":"https:\/\/api.w.org\/{rel}","templated":true}]}}