{"id":36231,"date":"2025-09-10T16:31:41","date_gmt":"2025-09-10T14:31:41","guid":{"rendered":"https:\/\/www.etrix.ch\/?post_type=product&#038;p=36231"},"modified":"2025-09-13T14:24:51","modified_gmt":"2025-09-13T12:24:51","slug":"reserver-zero-xb-kopie","status":"publish","type":"product","link":"https:\/\/www.etrix.ch\/fr\/produit\/reserver-zero-xb-kopie\/","title":{"rendered":"UBCO 2&#215;2"},"content":{"rendered":"","protected":false},"excerpt":{"rendered":"<p>Ce n&rsquo;est pas un v\u00e9lo \u00e9lectrique, ni un VTT, ni un dirt bike. C&rsquo;est quelque chose de tr\u00e8s particulier. <\/p>\n","protected":false},"featured_media":36258,"template":"","meta":{"_acf_changed":false},"product_brand":[],"product_cat":[1247],"product_tag":[],"class_list":{"0":"post-36231","1":"product","2":"type-product","3":"status-publish","4":"has-post-thumbnail","6":"product_cat-e-crossbike-fr","7":"product_shipping_class-expedition-de-scooters-1","8":"pa_geschwindigkeit-45-km-h-fr","9":"pa_marke-ubco","10":"sales-flash-overlay","11":"woocommerce-text-align-left","12":"woocommerce-image-align-center","13":"do-quantity-buttons","15":"first","16":"onbackorder","17":"taxable","18":"shipping-taxable","19":"purchasable","20":"product-type-variable","21":"has-default-attributes"},"acf":[],"yoast_head":"<!-- This site is optimized with the Yoast SEO Premium plugin v26.9 (Yoast SEO v27.4) - https:\/\/yoast.com\/product\/yoast-seo-premium-wordpress\/ -->\n<title>UBCO 2x2 %%page% - All-Wheel-Drive<\/title>\n<meta name=\"description\" content=\"La seule moto \u00e0 quatre roues motrices au monde.\" \/>\n<meta name=\"robots\" content=\"index, follow, max-snippet:-1, max-image-preview:large, max-video-preview:-1\" \/>\n<link rel=\"canonical\" href=\"https:\/\/www.etrix.ch\/fr\/produit\/reserver-zero-xb-kopie\/\" \/>\n<meta property=\"og:locale\" content=\"fr_FR\" \/>\n<meta property=\"og:type\" content=\"article\" \/>\n<meta property=\"og:title\" content=\"UBCO 2x2\" \/>\n<meta property=\"og:description\" content=\"La seule moto \u00e0 quatre roues motrices au monde.\" \/>\n<meta property=\"og:url\" content=\"https:\/\/www.etrix.ch\/fr\/produit\/reserver-zero-xb-kopie\/\" \/>\n<meta property=\"og:site_name\" content=\"ETRIX Elektroroller\" \/>\n<meta property=\"article:publisher\" content=\"https:\/\/m.facebook.com\/etrix.emotos\/\" \/>\n<meta property=\"article:modified_time\" content=\"2025-09-13T12:24:51+00:00\" \/>\n<meta property=\"og:image\" content=\"https:\/\/www.etrix.ch\/media\/2025\/09\/UBCO_ADV_White-3-4_2000x.webp\" \/>\n\t<meta property=\"og:image:width\" content=\"2000\" \/>\n\t<meta property=\"og:image:height\" content=\"1600\" \/>\n\t<meta property=\"og:image:type\" content=\"image\/webp\" \/>\n<meta name=\"twitter:card\" content=\"summary_large_image\" \/>\n<meta name=\"twitter:site\" content=\"@etrixag\" \/>\n<meta name=\"twitter:label1\" content=\"Disponibilit\u00e9\" \/>\n\t<meta name=\"twitter:data1\" content=\"En r\u00e9assort\" \/>\n<script type=\"application\/ld+json\" class=\"yoast-schema-graph\">{\"@context\":\"https:\\\/\\\/schema.org\",\"@graph\":[{\"@type\":\"WebPage\",\"@id\":\"https:\\\/\\\/www.etrix.ch\\\/fr\\\/produit\\\/reserver-zero-xb-kopie\\\/\",\"url\":\"https:\\\/\\\/www.etrix.ch\\\/fr\\\/produit\\\/reserver-zero-xb-kopie\\\/\",\"name\":\"UBCO 2x2 %%page% - All-Wheel-Drive\",\"isPartOf\":{\"@id\":\"https:\\\/\\\/www.etrix.ch\\\/fr\\\/#website\"},\"primaryImageOfPage\":{\"@id\":\"https:\\\/\\\/www.etrix.ch\\\/fr\\\/produit\\\/reserver-zero-xb-kopie\\\/#primaryimage\"},\"image\":{\"@id\":\"https:\\\/\\\/www.etrix.ch\\\/fr\\\/produit\\\/reserver-zero-xb-kopie\\\/#primaryimage\"},\"thumbnailUrl\":\"https:\\\/\\\/www.etrix.ch\\\/media\\\/2025\\\/09\\\/UBCO_ADV_White-3-4_2000x.webp\",\"datePublished\":\"2025-09-10T14:31:41+00:00\",\"dateModified\":\"2025-09-13T12:24:51+00:00\",\"description\":\"La seule moto \u00e0 quatre roues motrices au monde.\",\"breadcrumb\":{\"@id\":\"https:\\\/\\\/www.etrix.ch\\\/fr\\\/produit\\\/reserver-zero-xb-kopie\\\/#breadcrumb\"},\"inLanguage\":\"fr-FR\",\"potentialAction\":[{\"@type\":\"ReadAction\",\"target\":[\"https:\\\/\\\/www.etrix.ch\\\/fr\\\/produit\\\/reserver-zero-xb-kopie\\\/\"]}]},{\"@type\":\"ImageObject\",\"inLanguage\":\"fr-FR\",\"@id\":\"https:\\\/\\\/www.etrix.ch\\\/fr\\\/produit\\\/reserver-zero-xb-kopie\\\/#primaryimage\",\"url\":\"https:\\\/\\\/www.etrix.ch\\\/media\\\/2025\\\/09\\\/UBCO_ADV_White-3-4_2000x.webp\",\"contentUrl\":\"https:\\\/\\\/www.etrix.ch\\\/media\\\/2025\\\/09\\\/UBCO_ADV_White-3-4_2000x.webp\",\"width\":2000,\"height\":1600,\"caption\":\"Ubco Adv Blanc 3 4 2000x\"},{\"@type\":\"BreadcrumbList\",\"@id\":\"https:\\\/\\\/www.etrix.ch\\\/fr\\\/produit\\\/reserver-zero-xb-kopie\\\/#breadcrumb\",\"itemListElement\":[{\"@type\":\"ListItem\",\"position\":1,\"name\":\"Accueil\",\"item\":\"https:\\\/\\\/www.etrix.ch\\\/fr\\\/page-daccueil\\\/\"},{\"@type\":\"ListItem\",\"position\":2,\"name\":\"Boutique\",\"item\":\"https:\\\/\\\/www.etrix.ch\\\/fr\\\/boutique\\\/\"},{\"@type\":\"ListItem\",\"position\":3,\"name\":\"UBCO 2&#215;2\"}]},{\"@type\":\"WebSite\",\"@id\":\"https:\\\/\\\/www.etrix.ch\\\/fr\\\/#website\",\"url\":\"https:\\\/\\\/www.etrix.ch\\\/fr\\\/\",\"name\":\"ETRIX Elektroroller\",\"description\":\"E-Motos\",\"publisher\":{\"@id\":\"https:\\\/\\\/www.etrix.ch\\\/fr\\\/#organization\"},\"potentialAction\":[{\"@type\":\"SearchAction\",\"target\":{\"@type\":\"EntryPoint\",\"urlTemplate\":\"https:\\\/\\\/www.etrix.ch\\\/fr\\\/?s={search_term_string}\"},\"query-input\":{\"@type\":\"PropertyValueSpecification\",\"valueRequired\":true,\"valueName\":\"search_term_string\"}}],\"inLanguage\":\"fr-FR\"},{\"@type\":[\"Organization\",\"Place\",\"MotorcycleDealer\"],\"@id\":\"https:\\\/\\\/www.etrix.ch\\\/fr\\\/#organization\",\"name\":\"ETRIX E-Motos\",\"url\":\"https:\\\/\\\/www.etrix.ch\\\/fr\\\/\",\"logo\":{\"@id\":\"https:\\\/\\\/www.etrix.ch\\\/fr\\\/produit\\\/reserver-zero-xb-kopie\\\/#local-main-organization-logo\"},\"image\":{\"@id\":\"https:\\\/\\\/www.etrix.ch\\\/fr\\\/produit\\\/reserver-zero-xb-kopie\\\/#local-main-organization-logo\"},\"sameAs\":[\"https:\\\/\\\/m.facebook.com\\\/etrix.emotos\\\/\",\"https:\\\/\\\/x.com\\\/etrixag\",\"https:\\\/\\\/www.instagram.com\\\/etrix_emotos\\\/p\\\/BtVW6bXHtNv\\\/\",\"https:\\\/\\\/www.linkedin.com\\\/company\\\/etrix-ag\",\"https:\\\/\\\/www.youtube.com\\\/channel\\\/UCSd-hJdu5u8xPUEY60jexOw\"],\"address\":{\"@id\":\"https:\\\/\\\/www.etrix.ch\\\/fr\\\/produit\\\/reserver-zero-xb-kopie\\\/#local-main-place-address\"},\"geo\":{\"@type\":\"GeoCoordinates\",\"latitude\":\"47.43839497999372\",\"longitude\":\"8.465227605227366\"},\"telephone\":[\"043 931 00 45\"],\"openingHoursSpecification\":[{\"@type\":\"OpeningHoursSpecification\",\"dayOfWeek\":[\"Monday\",\"Sunday\"],\"opens\":\"00:00\",\"closes\":\"00:00\"},{\"@type\":\"OpeningHoursSpecification\",\"dayOfWeek\":[\"Tuesday\",\"Wednesday\",\"Thursday\",\"Friday\"],\"opens\":\"10:00\",\"closes\":\"18:00\"},{\"@type\":\"OpeningHoursSpecification\",\"dayOfWeek\":[\"Saturday\"],\"opens\":\"10:00\",\"closes\":\"15:00\"}]},{\"@type\":\"PostalAddress\",\"@id\":\"https:\\\/\\\/www.etrix.ch\\\/fr\\\/produit\\\/reserver-zero-xb-kopie\\\/#local-main-place-address\",\"streetAddress\":\"Riedthofstrasse 122\",\"addressLocality\":\"Regensdorf\",\"postalCode\":\"8105\",\"addressRegion\":\"Z\u00fcrich\",\"addressCountry\":\"CH\"},{\"@type\":\"ImageObject\",\"inLanguage\":\"fr-FR\",\"@id\":\"https:\\\/\\\/www.etrix.ch\\\/fr\\\/produit\\\/reserver-zero-xb-kopie\\\/#local-main-organization-logo\",\"url\":\"https:\\\/\\\/www.etrix.ch\\\/media\\\/2021\\\/05\\\/ETRIX-logo.png\",\"contentUrl\":\"https:\\\/\\\/www.etrix.ch\\\/media\\\/2021\\\/05\\\/ETRIX-logo.png\",\"width\":470,\"height\":85,\"caption\":\"ETRIX E-Motos\"}]}<\/script>\n<meta property=\"product:brand\" content=\"UBCO\" \/>\n<meta property=\"og:availability\" content=\"backorder\" \/>\n<meta property=\"product:availability\" content=\"available for order\" \/>\n<meta property=\"product:retailer_item_id\" content=\"UBCO\" \/>\n<meta property=\"product:condition\" content=\"new\" \/>\n<meta name=\"geo.placename\" content=\"Regensdorf\" \/>\n<meta name=\"geo.position\" content=\"47.43839497999372;8.465227605227366\" \/>\n<meta name=\"geo.region\" content=\"Suisse\" \/>\n<!-- \/ Yoast SEO Premium plugin. -->","yoast_head_json":{"title":"UBCO 2x2 %%page% - All-Wheel-Drive","description":"La seule moto \u00e0 quatre roues motrices au monde.","robots":{"index":"index","follow":"follow","max-snippet":"max-snippet:-1","max-image-preview":"max-image-preview:large","max-video-preview":"max-video-preview:-1"},"canonical":"https:\/\/www.etrix.ch\/fr\/produit\/reserver-zero-xb-kopie\/","og_locale":"fr_FR","og_type":"article","og_title":"UBCO 2x2","og_description":"La seule moto \u00e0 quatre roues motrices au monde.","og_url":"https:\/\/www.etrix.ch\/fr\/produit\/reserver-zero-xb-kopie\/","og_site_name":"ETRIX Elektroroller","article_publisher":"https:\/\/m.facebook.com\/etrix.emotos\/","article_modified_time":"2025-09-13T12:24:51+00:00","og_image":[{"width":2000,"height":1600,"url":"https:\/\/www.etrix.ch\/media\/2025\/09\/UBCO_ADV_White-3-4_2000x.webp","type":"image\/webp"}],"twitter_card":"summary_large_image","twitter_site":"@etrixag","twitter_misc":{"Disponibilit\u00e9":"En r\u00e9assort"},"schema":{"@context":"https:\/\/schema.org","@graph":[{"@type":"WebPage","@id":"https:\/\/www.etrix.ch\/fr\/produit\/reserver-zero-xb-kopie\/","url":"https:\/\/www.etrix.ch\/fr\/produit\/reserver-zero-xb-kopie\/","name":"UBCO 2x2 %%page% - All-Wheel-Drive","isPartOf":{"@id":"https:\/\/www.etrix.ch\/fr\/#website"},"primaryImageOfPage":{"@id":"https:\/\/www.etrix.ch\/fr\/produit\/reserver-zero-xb-kopie\/#primaryimage"},"image":{"@id":"https:\/\/www.etrix.ch\/fr\/produit\/reserver-zero-xb-kopie\/#primaryimage"},"thumbnailUrl":"https:\/\/www.etrix.ch\/media\/2025\/09\/UBCO_ADV_White-3-4_2000x.webp","datePublished":"2025-09-10T14:31:41+00:00","dateModified":"2025-09-13T12:24:51+00:00","description":"La seule moto \u00e0 quatre roues motrices au monde.","breadcrumb":{"@id":"https:\/\/www.etrix.ch\/fr\/produit\/reserver-zero-xb-kopie\/#breadcrumb"},"inLanguage":"fr-FR","potentialAction":[{"@type":"ReadAction","target":["https:\/\/www.etrix.ch\/fr\/produit\/reserver-zero-xb-kopie\/"]}]},{"@type":"ImageObject","inLanguage":"fr-FR","@id":"https:\/\/www.etrix.ch\/fr\/produit\/reserver-zero-xb-kopie\/#primaryimage","url":"https:\/\/www.etrix.ch\/media\/2025\/09\/UBCO_ADV_White-3-4_2000x.webp","contentUrl":"https:\/\/www.etrix.ch\/media\/2025\/09\/UBCO_ADV_White-3-4_2000x.webp","width":2000,"height":1600,"caption":"Ubco Adv Blanc 3 4 2000x"},{"@type":"BreadcrumbList","@id":"https:\/\/www.etrix.ch\/fr\/produit\/reserver-zero-xb-kopie\/#breadcrumb","itemListElement":[{"@type":"ListItem","position":1,"name":"Accueil","item":"https:\/\/www.etrix.ch\/fr\/page-daccueil\/"},{"@type":"ListItem","position":2,"name":"Boutique","item":"https:\/\/www.etrix.ch\/fr\/boutique\/"},{"@type":"ListItem","position":3,"name":"UBCO 2&#215;2"}]},{"@type":"WebSite","@id":"https:\/\/www.etrix.ch\/fr\/#website","url":"https:\/\/www.etrix.ch\/fr\/","name":"ETRIX Elektroroller","description":"E-Motos","publisher":{"@id":"https:\/\/www.etrix.ch\/fr\/#organization"},"potentialAction":[{"@type":"SearchAction","target":{"@type":"EntryPoint","urlTemplate":"https:\/\/www.etrix.ch\/fr\/?s={search_term_string}"},"query-input":{"@type":"PropertyValueSpecification","valueRequired":true,"valueName":"search_term_string"}}],"inLanguage":"fr-FR"},{"@type":["Organization","Place","MotorcycleDealer"],"@id":"https:\/\/www.etrix.ch\/fr\/#organization","name":"ETRIX E-Motos","url":"https:\/\/www.etrix.ch\/fr\/","logo":{"@id":"https:\/\/www.etrix.ch\/fr\/produit\/reserver-zero-xb-kopie\/#local-main-organization-logo"},"image":{"@id":"https:\/\/www.etrix.ch\/fr\/produit\/reserver-zero-xb-kopie\/#local-main-organization-logo"},"sameAs":["https:\/\/m.facebook.com\/etrix.emotos\/","https:\/\/x.com\/etrixag","https:\/\/www.instagram.com\/etrix_emotos\/p\/BtVW6bXHtNv\/","https:\/\/www.linkedin.com\/company\/etrix-ag","https:\/\/www.youtube.com\/channel\/UCSd-hJdu5u8xPUEY60jexOw"],"address":{"@id":"https:\/\/www.etrix.ch\/fr\/produit\/reserver-zero-xb-kopie\/#local-main-place-address"},"geo":{"@type":"GeoCoordinates","latitude":"47.43839497999372","longitude":"8.465227605227366"},"telephone":["043 931 00 45"],"openingHoursSpecification":[{"@type":"OpeningHoursSpecification","dayOfWeek":["Monday","Sunday"],"opens":"00:00","closes":"00:00"},{"@type":"OpeningHoursSpecification","dayOfWeek":["Tuesday","Wednesday","Thursday","Friday"],"opens":"10:00","closes":"18:00"},{"@type":"OpeningHoursSpecification","dayOfWeek":["Saturday"],"opens":"10:00","closes":"15:00"}]},{"@type":"PostalAddress","@id":"https:\/\/www.etrix.ch\/fr\/produit\/reserver-zero-xb-kopie\/#local-main-place-address","streetAddress":"Riedthofstrasse 122","addressLocality":"Regensdorf","postalCode":"8105","addressRegion":"Z\u00fcrich","addressCountry":"CH"},{"@type":"ImageObject","inLanguage":"fr-FR","@id":"https:\/\/www.etrix.ch\/fr\/produit\/reserver-zero-xb-kopie\/#local-main-organization-logo","url":"https:\/\/www.etrix.ch\/media\/2021\/05\/ETRIX-logo.png","contentUrl":"https:\/\/www.etrix.ch\/media\/2021\/05\/ETRIX-logo.png","width":470,"height":85,"caption":"ETRIX E-Motos"}]},"product_brand":"UBCO","og_availability":"backorder","product_availability":"available for order","product_retailer_item_id":"UBCO","product_condition":"new","geo.placename":"Regensdorf","geo.position":{"lat":"47.43839497999372","long":"8.465227605227366"},"geo.region":"Suisse"},"_links":{"self":[{"href":"https:\/\/www.etrix.ch\/fr\/wp-json\/wp\/v2\/product\/36231","targetHints":{"allow":["GET"]}}],"collection":[{"href":"https:\/\/www.etrix.ch\/fr\/wp-json\/wp\/v2\/product"}],"about":[{"href":"https:\/\/www.etrix.ch\/fr\/wp-json\/wp\/v2\/types\/product"}],"wp:featuredmedia":[{"embeddable":true,"href":"https:\/\/www.etrix.ch\/fr\/wp-json\/wp\/v2\/media\/36258"}],"wp:attachment":[{"href":"https:\/\/www.etrix.ch\/fr\/wp-json\/wp\/v2\/media?parent=36231"}],"wp:term":[{"taxonomy":"product_brand","embeddable":true,"href":"https:\/\/www.etrix.ch\/fr\/wp-json\/wp\/v2\/product_brand?post=36231"},{"taxonomy":"product_cat","embeddable":true,"href":"https:\/\/www.etrix.ch\/fr\/wp-json\/wp\/v2\/product_cat?post=36231"},{"taxonomy":"product_tag","embeddable":true,"href":"https:\/\/www.etrix.ch\/fr\/wp-json\/wp\/v2\/product_tag?post=36231"}],"curies":[{"name":"wp","href":"https:\/\/api.w.org\/{rel}","templated":true}]}}