{"id":35739,"date":"2025-07-15T12:30:08","date_gmt":"2025-07-15T10:30:08","guid":{"rendered":"https:\/\/www.etrix.ch\/?post_type=product&#038;p=35739"},"modified":"2026-02-02T09:52:52","modified_gmt":"2026-02-02T08:52:52","slug":"casque-jet-eteres-mono-uni-mat-noir-kopie","status":"publish","type":"product","link":"https:\/\/www.etrix.ch\/fr\/produit\/casque-jet-eteres-mono-uni-mat-noir-kopie\/","title":{"rendered":"Casque jet Eteres Mono Uni blanc"},"content":{"rendered":"<p data-start=\"87\" data-end=\"147\"><strong data-start=\"87\" data-end=\"147\">Le nouveau casque jet AGV Eteres - ouvert, s\u00fbr, confortable<\/strong><\/p>\n<p data-start=\"149\" data-end=\"340\">L&rsquo;Eteres est un casque ouvert avec la derni\u00e8re homologation ECE 22.06, id\u00e9al pour la circulation urbaine. Il a \u00e9t\u00e9 con\u00e7u pour allier protection, confort et plaisir de conduite - dans toutes les aventures urbaines. <\/p>\n<p data-start=\"342\" data-end=\"519\">Gr\u00e2ce \u00e0 son design clair et moderne et \u00e0 sa visi\u00e8re plus longue, il prot\u00e8ge efficacement le visage. Si vous pr\u00e9f\u00e9rez rouler avec l&rsquo;\u00e9cran solaire, vous pouvez \u00e9galement utiliser le casque sans la visi\u00e8re. <\/p>\n<p data-start=\"521\" data-end=\"834\">Les coussinets de joues sont disponibles en diff\u00e9rentes \u00e9paisseurs et peuvent \u00eatre \u00e9chang\u00e9s pour chaque taille de casque, ce qui permet d&rsquo;obtenir jusqu&rsquo;\u00e0 24 formes d&rsquo;ajustement diff\u00e9rentes. La forme sp\u00e9ciale au niveau des tempes rend le casque particuli\u00e8rement adapt\u00e9 aux lunettes. <\/p>\n<p data-start=\"836\" data-end=\"1008\">L&rsquo;Eteres est \u00e9galement convaincant en mati\u00e8re de ventilation - avec une entr\u00e9e d&rsquo;air r\u00e9glable pour toutes les conditions m\u00e9t\u00e9orologiques. La doublure et la mentonni\u00e8re sont enti\u00e8rement amovibles et lavables. <\/p>\n<p data-start=\"1010\" data-end=\"1265\">L&rsquo;EPS \u00e0 plusieurs densit\u00e9s offre une protection optimale pour toutes les zones de la t\u00eate. \u00c0 cela s&rsquo;ajoutent des extras pratiques pour la vie quotidienne : une fermeture microm\u00e9trique s\u00fbre, une bague antivol int\u00e9gr\u00e9e et une pr\u00e9paration pour les syst\u00e8mes de communication modernes. <\/p>\n<p data-start=\"1267\" data-end=\"1366\">Eteres - le compagnon id\u00e9al pour tous ceux qui veulent se d\u00e9placer en ville avec style et en toute s\u00e9curit\u00e9.<\/p>\n","protected":false},"excerpt":{"rendered":"<p>Casque jet Eteres Mono Uni Blanc<\/p>\n","protected":false},"featured_media":35767,"template":"","meta":{"_acf_changed":false},"product_brand":[],"product_cat":[625],"product_tag":[1411],"class_list":{"0":"post-35739","1":"product","2":"type-product","3":"status-publish","4":"has-post-thumbnail","6":"product_cat-casques-vetements","7":"product_tag-casques","8":"pa_marke-eteres-fr","9":"sales-flash-overlay","10":"woocommerce-text-align-left","11":"woocommerce-image-align-center","12":"do-quantity-buttons","13":"wc-has-gallery","15":"first","16":"instock","17":"taxable","18":"shipping-taxable","19":"purchasable","20":"product-type-variable","21":"has-default-attributes"},"acf":[],"yoast_head":"<!-- This site is optimized with the Yoast SEO Premium plugin v26.9 (Yoast SEO v27.4) - https:\/\/yoast.com\/product\/yoast-seo-premium-wordpress\/ -->\n<title>Casque jet Eteres Mono Uni blanc - ETRIX Elektroroller<\/title>\n<meta name=\"description\" content=\"Casque jet Eteres Mono Uni \u2713 Blanc \u2713 Fermeture double anneau en D \u2713 Doublure int\u00e9rieure amovible \u2713 Convient aux porteurs de lunettes \u2713 Anneau antivol int\u00e9gr\u00e9\" \/>\n<meta name=\"robots\" content=\"index, follow, max-snippet:-1, max-image-preview:large, max-video-preview:-1\" \/>\n<link rel=\"canonical\" href=\"https:\/\/www.etrix.ch\/fr\/produit\/casque-jet-eteres-mono-uni-mat-noir-kopie\/\" \/>\n<meta property=\"og:locale\" content=\"fr_FR\" \/>\n<meta property=\"og:type\" content=\"article\" \/>\n<meta property=\"og:title\" content=\"Casque jet Eteres Mono Uni blanc\" \/>\n<meta property=\"og:description\" content=\"Casque jet Eteres Mono Uni \u2713 Blanc \u2713 Fermeture double anneau en D \u2713 Doublure int\u00e9rieure amovible \u2713 Convient aux porteurs de lunettes \u2713 Anneau antivol int\u00e9gr\u00e9\" \/>\n<meta property=\"og:url\" content=\"https:\/\/www.etrix.ch\/fr\/produit\/casque-jet-eteres-mono-uni-mat-noir-kopie\/\" \/>\n<meta property=\"og:site_name\" content=\"ETRIX Elektroroller\" \/>\n<meta property=\"article:publisher\" content=\"https:\/\/m.facebook.com\/etrix.emotos\/\" \/>\n<meta property=\"article:modified_time\" content=\"2026-02-02T08:52:52+00:00\" \/>\n<meta property=\"og:image\" content=\"https:\/\/www.etrix.ch\/media\/2025\/07\/Jethelm-Eteres-Mono-Uni-white_side.jpg\" \/>\n\t<meta property=\"og:image:width\" content=\"1000\" \/>\n\t<meta property=\"og:image:height\" content=\"1000\" \/>\n\t<meta property=\"og:image:type\" content=\"image\/jpeg\" \/>\n<meta name=\"twitter:card\" content=\"summary_large_image\" \/>\n<meta name=\"twitter:site\" content=\"@etrixag\" \/>\n<meta name=\"twitter:label1\" content=\"Disponibilit\u00e9\" \/>\n\t<meta name=\"twitter:data1\" content=\"En stock\" \/>\n<script type=\"application\/ld+json\" class=\"yoast-schema-graph\">{\"@context\":\"https:\\\/\\\/schema.org\",\"@graph\":[{\"@type\":\"WebPage\",\"@id\":\"https:\\\/\\\/www.etrix.ch\\\/fr\\\/produit\\\/casque-jet-eteres-mono-uni-mat-noir-kopie\\\/\",\"url\":\"https:\\\/\\\/www.etrix.ch\\\/fr\\\/produit\\\/casque-jet-eteres-mono-uni-mat-noir-kopie\\\/\",\"name\":\"Casque jet Eteres Mono Uni blanc - ETRIX Elektroroller\",\"isPartOf\":{\"@id\":\"https:\\\/\\\/www.etrix.ch\\\/fr\\\/#website\"},\"primaryImageOfPage\":{\"@id\":\"https:\\\/\\\/www.etrix.ch\\\/fr\\\/produit\\\/casque-jet-eteres-mono-uni-mat-noir-kopie\\\/#primaryimage\"},\"image\":{\"@id\":\"https:\\\/\\\/www.etrix.ch\\\/fr\\\/produit\\\/casque-jet-eteres-mono-uni-mat-noir-kopie\\\/#primaryimage\"},\"thumbnailUrl\":\"https:\\\/\\\/www.etrix.ch\\\/media\\\/2025\\\/07\\\/Jethelm-Eteres-Mono-Uni-white_side.jpg\",\"datePublished\":\"2025-07-15T10:30:08+00:00\",\"dateModified\":\"2026-02-02T08:52:52+00:00\",\"description\":\"Casque jet Eteres Mono Uni \u2713 Blanc \u2713 Fermeture double anneau en D \u2713 Doublure int\u00e9rieure amovible \u2713 Convient aux porteurs de lunettes \u2713 Anneau antivol int\u00e9gr\u00e9\",\"breadcrumb\":{\"@id\":\"https:\\\/\\\/www.etrix.ch\\\/fr\\\/produit\\\/casque-jet-eteres-mono-uni-mat-noir-kopie\\\/#breadcrumb\"},\"inLanguage\":\"fr-FR\",\"potentialAction\":[{\"@type\":\"ReadAction\",\"target\":[\"https:\\\/\\\/www.etrix.ch\\\/fr\\\/produit\\\/casque-jet-eteres-mono-uni-mat-noir-kopie\\\/\"]}]},{\"@type\":\"ImageObject\",\"inLanguage\":\"fr-FR\",\"@id\":\"https:\\\/\\\/www.etrix.ch\\\/fr\\\/produit\\\/casque-jet-eteres-mono-uni-mat-noir-kopie\\\/#primaryimage\",\"url\":\"https:\\\/\\\/www.etrix.ch\\\/media\\\/2025\\\/07\\\/Jethelm-Eteres-Mono-Uni-white_side.jpg\",\"contentUrl\":\"https:\\\/\\\/www.etrix.ch\\\/media\\\/2025\\\/07\\\/Jethelm-Eteres-Mono-Uni-white_side.jpg\",\"width\":1000,\"height\":1000,\"caption\":\"Casque jet Eteres Mono Uni White Side\"},{\"@type\":\"BreadcrumbList\",\"@id\":\"https:\\\/\\\/www.etrix.ch\\\/fr\\\/produit\\\/casque-jet-eteres-mono-uni-mat-noir-kopie\\\/#breadcrumb\",\"itemListElement\":[{\"@type\":\"ListItem\",\"position\":1,\"name\":\"Accueil\",\"item\":\"https:\\\/\\\/www.etrix.ch\\\/fr\\\/page-daccueil\\\/\"},{\"@type\":\"ListItem\",\"position\":2,\"name\":\"Boutique\",\"item\":\"https:\\\/\\\/www.etrix.ch\\\/fr\\\/boutique\\\/\"},{\"@type\":\"ListItem\",\"position\":3,\"name\":\"Casque jet Eteres Mono Uni blanc\"}]},{\"@type\":\"WebSite\",\"@id\":\"https:\\\/\\\/www.etrix.ch\\\/fr\\\/#website\",\"url\":\"https:\\\/\\\/www.etrix.ch\\\/fr\\\/\",\"name\":\"ETRIX Elektroroller\",\"description\":\"E-Motos\",\"publisher\":{\"@id\":\"https:\\\/\\\/www.etrix.ch\\\/fr\\\/#organization\"},\"potentialAction\":[{\"@type\":\"SearchAction\",\"target\":{\"@type\":\"EntryPoint\",\"urlTemplate\":\"https:\\\/\\\/www.etrix.ch\\\/fr\\\/?s={search_term_string}\"},\"query-input\":{\"@type\":\"PropertyValueSpecification\",\"valueRequired\":true,\"valueName\":\"search_term_string\"}}],\"inLanguage\":\"fr-FR\"},{\"@type\":[\"Organization\",\"Place\",\"MotorcycleDealer\"],\"@id\":\"https:\\\/\\\/www.etrix.ch\\\/fr\\\/#organization\",\"name\":\"ETRIX E-Motos\",\"url\":\"https:\\\/\\\/www.etrix.ch\\\/fr\\\/\",\"logo\":{\"@id\":\"https:\\\/\\\/www.etrix.ch\\\/fr\\\/produit\\\/casque-jet-eteres-mono-uni-mat-noir-kopie\\\/#local-main-organization-logo\"},\"image\":{\"@id\":\"https:\\\/\\\/www.etrix.ch\\\/fr\\\/produit\\\/casque-jet-eteres-mono-uni-mat-noir-kopie\\\/#local-main-organization-logo\"},\"sameAs\":[\"https:\\\/\\\/m.facebook.com\\\/etrix.emotos\\\/\",\"https:\\\/\\\/x.com\\\/etrixag\",\"https:\\\/\\\/www.instagram.com\\\/etrix_emotos\\\/p\\\/BtVW6bXHtNv\\\/\",\"https:\\\/\\\/www.linkedin.com\\\/company\\\/etrix-ag\",\"https:\\\/\\\/www.youtube.com\\\/channel\\\/UCSd-hJdu5u8xPUEY60jexOw\"],\"address\":{\"@id\":\"https:\\\/\\\/www.etrix.ch\\\/fr\\\/produit\\\/casque-jet-eteres-mono-uni-mat-noir-kopie\\\/#local-main-place-address\"},\"geo\":{\"@type\":\"GeoCoordinates\",\"latitude\":\"47.43839497999372\",\"longitude\":\"8.465227605227366\"},\"telephone\":[\"043 931 00 45\"],\"openingHoursSpecification\":[{\"@type\":\"OpeningHoursSpecification\",\"dayOfWeek\":[\"Monday\",\"Sunday\"],\"opens\":\"00:00\",\"closes\":\"00:00\"},{\"@type\":\"OpeningHoursSpecification\",\"dayOfWeek\":[\"Tuesday\",\"Wednesday\",\"Thursday\",\"Friday\"],\"opens\":\"10:00\",\"closes\":\"18:00\"},{\"@type\":\"OpeningHoursSpecification\",\"dayOfWeek\":[\"Saturday\"],\"opens\":\"10:00\",\"closes\":\"15:00\"}]},{\"@type\":\"PostalAddress\",\"@id\":\"https:\\\/\\\/www.etrix.ch\\\/fr\\\/produit\\\/casque-jet-eteres-mono-uni-mat-noir-kopie\\\/#local-main-place-address\",\"streetAddress\":\"Riedthofstrasse 122\",\"addressLocality\":\"Regensdorf\",\"postalCode\":\"8105\",\"addressRegion\":\"Z\u00fcrich\",\"addressCountry\":\"CH\"},{\"@type\":\"ImageObject\",\"inLanguage\":\"fr-FR\",\"@id\":\"https:\\\/\\\/www.etrix.ch\\\/fr\\\/produit\\\/casque-jet-eteres-mono-uni-mat-noir-kopie\\\/#local-main-organization-logo\",\"url\":\"https:\\\/\\\/www.etrix.ch\\\/media\\\/2021\\\/05\\\/ETRIX-logo.png\",\"contentUrl\":\"https:\\\/\\\/www.etrix.ch\\\/media\\\/2021\\\/05\\\/ETRIX-logo.png\",\"width\":470,\"height\":85,\"caption\":\"ETRIX E-Motos\"}]}<\/script>\n<meta property=\"product:brand\" content=\"Eteres\" \/>\n<meta property=\"og:availability\" content=\"instock\" \/>\n<meta property=\"product:availability\" content=\"instock\" \/>\n<meta property=\"product:retailer_item_id\" content=\"RW202027-1\" \/>\n<meta property=\"product:condition\" content=\"new\" \/>\n<meta name=\"geo.placename\" content=\"Regensdorf\" \/>\n<meta name=\"geo.position\" content=\"47.43839497999372;8.465227605227366\" \/>\n<meta name=\"geo.region\" content=\"Suisse\" \/>\n<!-- \/ Yoast SEO Premium plugin. -->","yoast_head_json":{"title":"Casque jet Eteres Mono Uni blanc - ETRIX Elektroroller","description":"Casque jet Eteres Mono Uni \u2713 Blanc \u2713 Fermeture double anneau en D \u2713 Doublure int\u00e9rieure amovible \u2713 Convient aux porteurs de lunettes \u2713 Anneau antivol int\u00e9gr\u00e9","robots":{"index":"index","follow":"follow","max-snippet":"max-snippet:-1","max-image-preview":"max-image-preview:large","max-video-preview":"max-video-preview:-1"},"canonical":"https:\/\/www.etrix.ch\/fr\/produit\/casque-jet-eteres-mono-uni-mat-noir-kopie\/","og_locale":"fr_FR","og_type":"article","og_title":"Casque jet Eteres Mono Uni blanc","og_description":"Casque jet Eteres Mono Uni \u2713 Blanc \u2713 Fermeture double anneau en D \u2713 Doublure int\u00e9rieure amovible \u2713 Convient aux porteurs de lunettes \u2713 Anneau antivol int\u00e9gr\u00e9","og_url":"https:\/\/www.etrix.ch\/fr\/produit\/casque-jet-eteres-mono-uni-mat-noir-kopie\/","og_site_name":"ETRIX Elektroroller","article_publisher":"https:\/\/m.facebook.com\/etrix.emotos\/","article_modified_time":"2026-02-02T08:52:52+00:00","og_image":[{"width":1000,"height":1000,"url":"https:\/\/www.etrix.ch\/media\/2025\/07\/Jethelm-Eteres-Mono-Uni-white_side.jpg","type":"image\/jpeg"}],"twitter_card":"summary_large_image","twitter_site":"@etrixag","twitter_misc":{"Disponibilit\u00e9":"En stock"},"schema":{"@context":"https:\/\/schema.org","@graph":[{"@type":"WebPage","@id":"https:\/\/www.etrix.ch\/fr\/produit\/casque-jet-eteres-mono-uni-mat-noir-kopie\/","url":"https:\/\/www.etrix.ch\/fr\/produit\/casque-jet-eteres-mono-uni-mat-noir-kopie\/","name":"Casque jet Eteres Mono Uni blanc - ETRIX Elektroroller","isPartOf":{"@id":"https:\/\/www.etrix.ch\/fr\/#website"},"primaryImageOfPage":{"@id":"https:\/\/www.etrix.ch\/fr\/produit\/casque-jet-eteres-mono-uni-mat-noir-kopie\/#primaryimage"},"image":{"@id":"https:\/\/www.etrix.ch\/fr\/produit\/casque-jet-eteres-mono-uni-mat-noir-kopie\/#primaryimage"},"thumbnailUrl":"https:\/\/www.etrix.ch\/media\/2025\/07\/Jethelm-Eteres-Mono-Uni-white_side.jpg","datePublished":"2025-07-15T10:30:08+00:00","dateModified":"2026-02-02T08:52:52+00:00","description":"Casque jet Eteres Mono Uni \u2713 Blanc \u2713 Fermeture double anneau en D \u2713 Doublure int\u00e9rieure amovible \u2713 Convient aux porteurs de lunettes \u2713 Anneau antivol int\u00e9gr\u00e9","breadcrumb":{"@id":"https:\/\/www.etrix.ch\/fr\/produit\/casque-jet-eteres-mono-uni-mat-noir-kopie\/#breadcrumb"},"inLanguage":"fr-FR","potentialAction":[{"@type":"ReadAction","target":["https:\/\/www.etrix.ch\/fr\/produit\/casque-jet-eteres-mono-uni-mat-noir-kopie\/"]}]},{"@type":"ImageObject","inLanguage":"fr-FR","@id":"https:\/\/www.etrix.ch\/fr\/produit\/casque-jet-eteres-mono-uni-mat-noir-kopie\/#primaryimage","url":"https:\/\/www.etrix.ch\/media\/2025\/07\/Jethelm-Eteres-Mono-Uni-white_side.jpg","contentUrl":"https:\/\/www.etrix.ch\/media\/2025\/07\/Jethelm-Eteres-Mono-Uni-white_side.jpg","width":1000,"height":1000,"caption":"Casque jet Eteres Mono Uni White Side"},{"@type":"BreadcrumbList","@id":"https:\/\/www.etrix.ch\/fr\/produit\/casque-jet-eteres-mono-uni-mat-noir-kopie\/#breadcrumb","itemListElement":[{"@type":"ListItem","position":1,"name":"Accueil","item":"https:\/\/www.etrix.ch\/fr\/page-daccueil\/"},{"@type":"ListItem","position":2,"name":"Boutique","item":"https:\/\/www.etrix.ch\/fr\/boutique\/"},{"@type":"ListItem","position":3,"name":"Casque jet Eteres Mono Uni blanc"}]},{"@type":"WebSite","@id":"https:\/\/www.etrix.ch\/fr\/#website","url":"https:\/\/www.etrix.ch\/fr\/","name":"ETRIX Elektroroller","description":"E-Motos","publisher":{"@id":"https:\/\/www.etrix.ch\/fr\/#organization"},"potentialAction":[{"@type":"SearchAction","target":{"@type":"EntryPoint","urlTemplate":"https:\/\/www.etrix.ch\/fr\/?s={search_term_string}"},"query-input":{"@type":"PropertyValueSpecification","valueRequired":true,"valueName":"search_term_string"}}],"inLanguage":"fr-FR"},{"@type":["Organization","Place","MotorcycleDealer"],"@id":"https:\/\/www.etrix.ch\/fr\/#organization","name":"ETRIX E-Motos","url":"https:\/\/www.etrix.ch\/fr\/","logo":{"@id":"https:\/\/www.etrix.ch\/fr\/produit\/casque-jet-eteres-mono-uni-mat-noir-kopie\/#local-main-organization-logo"},"image":{"@id":"https:\/\/www.etrix.ch\/fr\/produit\/casque-jet-eteres-mono-uni-mat-noir-kopie\/#local-main-organization-logo"},"sameAs":["https:\/\/m.facebook.com\/etrix.emotos\/","https:\/\/x.com\/etrixag","https:\/\/www.instagram.com\/etrix_emotos\/p\/BtVW6bXHtNv\/","https:\/\/www.linkedin.com\/company\/etrix-ag","https:\/\/www.youtube.com\/channel\/UCSd-hJdu5u8xPUEY60jexOw"],"address":{"@id":"https:\/\/www.etrix.ch\/fr\/produit\/casque-jet-eteres-mono-uni-mat-noir-kopie\/#local-main-place-address"},"geo":{"@type":"GeoCoordinates","latitude":"47.43839497999372","longitude":"8.465227605227366"},"telephone":["043 931 00 45"],"openingHoursSpecification":[{"@type":"OpeningHoursSpecification","dayOfWeek":["Monday","Sunday"],"opens":"00:00","closes":"00:00"},{"@type":"OpeningHoursSpecification","dayOfWeek":["Tuesday","Wednesday","Thursday","Friday"],"opens":"10:00","closes":"18:00"},{"@type":"OpeningHoursSpecification","dayOfWeek":["Saturday"],"opens":"10:00","closes":"15:00"}]},{"@type":"PostalAddress","@id":"https:\/\/www.etrix.ch\/fr\/produit\/casque-jet-eteres-mono-uni-mat-noir-kopie\/#local-main-place-address","streetAddress":"Riedthofstrasse 122","addressLocality":"Regensdorf","postalCode":"8105","addressRegion":"Z\u00fcrich","addressCountry":"CH"},{"@type":"ImageObject","inLanguage":"fr-FR","@id":"https:\/\/www.etrix.ch\/fr\/produit\/casque-jet-eteres-mono-uni-mat-noir-kopie\/#local-main-organization-logo","url":"https:\/\/www.etrix.ch\/media\/2021\/05\/ETRIX-logo.png","contentUrl":"https:\/\/www.etrix.ch\/media\/2021\/05\/ETRIX-logo.png","width":470,"height":85,"caption":"ETRIX E-Motos"}]},"product_brand":"Eteres","og_availability":"instock","product_availability":"instock","product_retailer_item_id":"RW202027-1","product_condition":"new","geo.placename":"Regensdorf","geo.position":{"lat":"47.43839497999372","long":"8.465227605227366"},"geo.region":"Suisse"},"_links":{"self":[{"href":"https:\/\/www.etrix.ch\/fr\/wp-json\/wp\/v2\/product\/35739","targetHints":{"allow":["GET"]}}],"collection":[{"href":"https:\/\/www.etrix.ch\/fr\/wp-json\/wp\/v2\/product"}],"about":[{"href":"https:\/\/www.etrix.ch\/fr\/wp-json\/wp\/v2\/types\/product"}],"wp:featuredmedia":[{"embeddable":true,"href":"https:\/\/www.etrix.ch\/fr\/wp-json\/wp\/v2\/media\/35767"}],"wp:attachment":[{"href":"https:\/\/www.etrix.ch\/fr\/wp-json\/wp\/v2\/media?parent=35739"}],"wp:term":[{"taxonomy":"product_brand","embeddable":true,"href":"https:\/\/www.etrix.ch\/fr\/wp-json\/wp\/v2\/product_brand?post=35739"},{"taxonomy":"product_cat","embeddable":true,"href":"https:\/\/www.etrix.ch\/fr\/wp-json\/wp\/v2\/product_cat?post=35739"},{"taxonomy":"product_tag","embeddable":true,"href":"https:\/\/www.etrix.ch\/fr\/wp-json\/wp\/v2\/product_tag?post=35739"}],"curies":[{"name":"wp","href":"https:\/\/api.w.org\/{rel}","templated":true}]}}