{"id":31910,"date":"2024-10-24T10:50:07","date_gmt":"2024-10-24T08:50:07","guid":{"rendered":"https:\/\/www.etrix.ch\/produkt\/vmax-vx-4\/"},"modified":"2025-12-08T00:42:04","modified_gmt":"2025-12-07T23:42:04","slug":"vmax-vx-4","status":"publish","type":"product","link":"https:\/\/www.etrix.ch\/fr\/produit\/vmax-vx-4\/","title":{"rendered":"VMAX VX 4 GT"},"content":{"rendered":"<p>Le VMAX VX4 GT est le mod\u00e8le haut de gamme des scooters \u00e9lectriques VMAX homologu\u00e9s pour la route. Ce scooter combine une technologie de pointe avec les derni\u00e8res innovations et permet de parcourir diff\u00e9rents types de terrains ainsi que de longues distances avec le plus haut niveau de s\u00e9curit\u00e9 et de confort. Le moteur de 500 watts avec syst\u00e8me 48 volts et une puissance de pointe de 1550 watts offre une exp\u00e9rience de conduite impressionnante et permet de gravir des pentes allant jusqu\u2019\u00e0 33 %. Le VX4 est actuellement le scooter \u00e9lectrique le plus puissant autoris\u00e9 \u00e0 rouler l\u00e9galement sur les routes de Suisse.   <\/p>\n<p><strong>Mod\u00e8le VMAX E-Scooter VX4 GT (100 km) :  <\/strong><\/p>\n<ul>\n<li>Vitesse : 20 km\/h<\/li>\n<li>Type de batterie : 48 V \/ 23.2 Ah<\/li>\n<li>Temps de charge : environ 12 heures<\/li>\n<li>Port\u00e9e : 100 km<\/li>\n<li>Taille de la roue : 10<\/li>\n<li>Pneus : Pneus tubeless<\/li>\n<li>Freins : frein \u00e0 r\u00e9cup\u00e9ration \u00e9lectronique \u00e0 l\u2019arri\u00e8re &amp; frein \u00e0 tambour \u00e0 l\u2019avant<\/li>\n<li>\u00c9clairage : \u00e9clairage avant \/ arri\u00e8re multizone, y compris les feux de freinage <\/li>\n<li>Dimensions d\u00e9ploy\u00e9es : (L x l x H) : 130,7 x 58,4 x 122 cm<\/li>\n<li>Dimensions pli\u00e9es : (L x l x H) : 57 x 58,4 x 122 cm<\/li>\n<li>Max. Charge maximale : 150 kg <\/li>\n<li>Poids : 28.8 kg<\/li>\n<li>Homologation routi\u00e8re CH<\/li>\n<li>Garantie : 2 ans<\/li>\n<\/ul>\n<div class=\"spalten-3\">\n<div class=\"spalte-1\">\n<p><img decoding=\"async\" class=\"alignnone size-medium wp-image-31886\" src=\"https:\/\/www.etrix.ch\/media\/2024\/10\/service-garantie-scooter-etrix-300x227.png\" alt=\"Service Garantie Scooter Etrix\" width=\"300\" height=\"227\" srcset=\"https:\/\/www.etrix.ch\/media\/2024\/10\/service-garantie-scooter-etrix-300x227.png 300w, https:\/\/www.etrix.ch\/media\/2024\/10\/service-garantie-scooter-etrix.png 500w\" sizes=\"(max-width: 300px) 100vw, 300px\"><\/p>\n<p><strong>Satisfaction<\/strong><\/p>\n<p>Si vous n\u2019\u00eates pas satisfait de votre trottinette \u00e9lectrique, vous pouvez facilement la retourner dans les 14 jours et avec jusqu\u2019\u00e0 20 km de kilom\u00e9trage.<\/p>\n<\/div>\n<div class=\"spalte-2\">\n<p><img decoding=\"async\" class=\"alignnone size-medium wp-image-31890\" src=\"https:\/\/www.etrix.ch\/media\/2024\/10\/mobilit-ts-garantie-scooter-etrix-300x227.png\" alt=\"Garantie Mobilit Ts Scooter Etrix\" width=\"300\" height=\"227\" srcset=\"https:\/\/www.etrix.ch\/media\/2024\/10\/mobilit-ts-garantie-scooter-etrix-300x227.png 300w, https:\/\/www.etrix.ch\/media\/2024\/10\/mobilit-ts-garantie-scooter-etrix.png 500w\" sizes=\"(max-width: 300px) 100vw, 300px\"><\/p>\n<p><strong>Garantie<\/strong><\/p>\n<p> de mobilit\u00e9Si votre v\u00e9hicule est d\u00e9fectueux ou entretenu dans les 24 premiers mois, les membres du TCS peuvent demander un appareil de remplacement gratuitement pour la dur\u00e9e de la r\u00e9paration ou de l\u2019entretien.<\/p>\n<\/div>\n<div class=\"spalte-3\">\n<p><img decoding=\"async\" class=\"alignnone size-medium wp-image-31894\" src=\"https:\/\/www.etrix.ch\/media\/2024\/10\/zufriedenheits-garantie-scooter-etrix-300x227.png\" alt=\"Garantie de satisfaction Scooter Etrix\" width=\"300\" height=\"227\" srcset=\"https:\/\/www.etrix.ch\/media\/2024\/10\/zufriedenheits-garantie-scooter-etrix-300x227.png 300w, https:\/\/www.etrix.ch\/media\/2024\/10\/zufriedenheits-garantie-scooter-etrix.png 500w\" sizes=\"(max-width: 300px) 100vw, 300px\"><\/p>\n<p><strong>Garantie de<\/strong><\/p>\n<p> serviceNous garantissons la disponibilit\u00e9 des pi\u00e8ces de rechange et une option de r\u00e9paration fiable pour votre scooter \u00e9lectrique.<\/p>\n<\/div>\n<\/div>\n<p>\u00a0<\/p>\n","protected":false},"excerpt":{"rendered":"<p>Le VMAX VX4 GT est le plus puissant des scooters \u00e9lectriques homologu\u00e9s pour la route en Suisse. Avec 500 watts et 1.550 watts de puissance de cr\u00eate, il peut gravir des pentes jusqu&rsquo;\u00e0 33%. <\/p>\n","protected":false},"featured_media":35499,"template":"","meta":{"_acf_changed":false},"product_brand":[],"product_cat":[2442],"product_tag":[],"class_list":{"0":"post-31910","1":"product","2":"type-product","3":"status-publish","4":"has-post-thumbnail","6":"product_cat-trottinettes-electriques","7":"product_shipping_class-objets-encombrants","8":"pa_marke-vmax-fr","9":"sales-flash-overlay","10":"woocommerce-text-align-left","11":"woocommerce-image-align-center","12":"do-quantity-buttons","13":"wc-has-gallery","15":"first","16":"instock","17":"taxable","18":"shipping-taxable","19":"purchasable","20":"product-type-simple"},"acf":[],"yoast_head":"<!-- This site is optimized with the Yoast SEO Premium plugin v26.9 (Yoast SEO v27.5) - https:\/\/yoast.com\/product\/yoast-seo-premium-wordpress\/ -->\n<title>VMAX VX 4 GT - ETRIX Elektroroller<\/title>\n<meta name=\"robots\" content=\"index, follow, max-snippet:-1, max-image-preview:large, max-video-preview:-1\" \/>\n<link rel=\"canonical\" href=\"https:\/\/www.etrix.ch\/fr\/produit\/vmax-vx-4\/\" \/>\n<meta property=\"og:locale\" content=\"fr_FR\" \/>\n<meta property=\"og:type\" content=\"article\" \/>\n<meta property=\"og:title\" content=\"VMAX VX 4 GT\" \/>\n<meta property=\"og:description\" content=\"Le VMAX VX4 GT est le plus puissant des scooters \u00e9lectriques homologu\u00e9s pour la route en Suisse. Avec 500 watts et 1.550 watts de puissance de cr\u00eate, il peut gravir des pentes jusqu&#039;\u00e0 33%.\" \/>\n<meta property=\"og:url\" content=\"https:\/\/www.etrix.ch\/fr\/produit\/vmax-vx-4\/\" \/>\n<meta property=\"og:site_name\" content=\"ETRIX Elektroroller\" \/>\n<meta property=\"article:publisher\" content=\"https:\/\/m.facebook.com\/etrix.emotos\/\" \/>\n<meta property=\"article:modified_time\" content=\"2025-12-07T23:42:04+00:00\" \/>\n<meta property=\"og:image\" content=\"https:\/\/www.etrix.ch\/media\/2024\/10\/VMAX-E-Scooter-VX4-LT-45-km-1.jpg\" \/>\n\t<meta property=\"og:image:width\" content=\"1200\" \/>\n\t<meta property=\"og:image:height\" content=\"1200\" \/>\n\t<meta property=\"og:image:type\" content=\"image\/jpeg\" \/>\n<meta name=\"twitter:card\" content=\"summary_large_image\" \/>\n<meta name=\"twitter:site\" content=\"@etrixag\" \/>\n<meta name=\"twitter:label1\" content=\"Prix\" \/>\n\t<meta name=\"twitter:data1\" content=\"&#067;&#072;&#070;&nbsp;1&#039;299.00 inkl. MwSt.\" \/>\n\t<meta name=\"twitter:label2\" content=\"Disponibilit\u00e9\" \/>\n\t<meta name=\"twitter:data2\" content=\"En stock\" \/>\n<script type=\"application\/ld+json\" class=\"yoast-schema-graph\">{\"@context\":\"https:\\\/\\\/schema.org\",\"@graph\":[{\"@type\":\"WebPage\",\"@id\":\"https:\\\/\\\/www.etrix.ch\\\/fr\\\/produit\\\/vmax-vx-4\\\/\",\"url\":\"https:\\\/\\\/www.etrix.ch\\\/fr\\\/produit\\\/vmax-vx-4\\\/\",\"name\":\"VMAX VX 4 GT - ETRIX Elektroroller\",\"isPartOf\":{\"@id\":\"https:\\\/\\\/www.etrix.ch\\\/fr\\\/#website\"},\"primaryImageOfPage\":{\"@id\":\"https:\\\/\\\/www.etrix.ch\\\/fr\\\/produit\\\/vmax-vx-4\\\/#primaryimage\"},\"image\":{\"@id\":\"https:\\\/\\\/www.etrix.ch\\\/fr\\\/produit\\\/vmax-vx-4\\\/#primaryimage\"},\"thumbnailUrl\":\"https:\\\/\\\/www.etrix.ch\\\/media\\\/2024\\\/10\\\/VMAX-E-Scooter-VX4-LT-45-km-1.jpg\",\"datePublished\":\"2024-10-24T08:50:07+00:00\",\"dateModified\":\"2025-12-07T23:42:04+00:00\",\"breadcrumb\":{\"@id\":\"https:\\\/\\\/www.etrix.ch\\\/fr\\\/produit\\\/vmax-vx-4\\\/#breadcrumb\"},\"inLanguage\":\"fr-FR\",\"potentialAction\":[{\"@type\":\"ReadAction\",\"target\":[\"https:\\\/\\\/www.etrix.ch\\\/fr\\\/produit\\\/vmax-vx-4\\\/\"]}]},{\"@type\":\"ImageObject\",\"inLanguage\":\"fr-FR\",\"@id\":\"https:\\\/\\\/www.etrix.ch\\\/fr\\\/produit\\\/vmax-vx-4\\\/#primaryimage\",\"url\":\"https:\\\/\\\/www.etrix.ch\\\/media\\\/2024\\\/10\\\/VMAX-E-Scooter-VX4-LT-45-km-1.jpg\",\"contentUrl\":\"https:\\\/\\\/www.etrix.ch\\\/media\\\/2024\\\/10\\\/VMAX-E-Scooter-VX4-LT-45-km-1.jpg\",\"width\":1200,\"height\":1200,\"caption\":\"Vmax E Scooter Vx4 Lt (45 Km) 1\"},{\"@type\":\"BreadcrumbList\",\"@id\":\"https:\\\/\\\/www.etrix.ch\\\/fr\\\/produit\\\/vmax-vx-4\\\/#breadcrumb\",\"itemListElement\":[{\"@type\":\"ListItem\",\"position\":1,\"name\":\"Accueil\",\"item\":\"https:\\\/\\\/www.etrix.ch\\\/fr\\\/\"},{\"@type\":\"ListItem\",\"position\":2,\"name\":\"Boutique\",\"item\":\"https:\\\/\\\/www.etrix.ch\\\/fr\\\/boutique\\\/\"},{\"@type\":\"ListItem\",\"position\":3,\"name\":\"VMAX VX 4 GT\"}]},{\"@type\":\"WebSite\",\"@id\":\"https:\\\/\\\/www.etrix.ch\\\/fr\\\/#website\",\"url\":\"https:\\\/\\\/www.etrix.ch\\\/fr\\\/\",\"name\":\"ETRIX Elektroroller\",\"description\":\"E-Motos\",\"publisher\":{\"@id\":\"https:\\\/\\\/www.etrix.ch\\\/fr\\\/#organization\"},\"potentialAction\":[{\"@type\":\"SearchAction\",\"target\":{\"@type\":\"EntryPoint\",\"urlTemplate\":\"https:\\\/\\\/www.etrix.ch\\\/fr\\\/?s={search_term_string}\"},\"query-input\":{\"@type\":\"PropertyValueSpecification\",\"valueRequired\":true,\"valueName\":\"search_term_string\"}}],\"inLanguage\":\"fr-FR\"},{\"@type\":[\"Organization\",\"Place\",\"MotorcycleDealer\"],\"@id\":\"https:\\\/\\\/www.etrix.ch\\\/fr\\\/#organization\",\"name\":\"ETRIX E-Motos\",\"url\":\"https:\\\/\\\/www.etrix.ch\\\/fr\\\/\",\"logo\":{\"@id\":\"https:\\\/\\\/www.etrix.ch\\\/fr\\\/produit\\\/vmax-vx-4\\\/#local-main-organization-logo\"},\"image\":{\"@id\":\"https:\\\/\\\/www.etrix.ch\\\/fr\\\/produit\\\/vmax-vx-4\\\/#local-main-organization-logo\"},\"sameAs\":[\"https:\\\/\\\/m.facebook.com\\\/etrix.emotos\\\/\",\"https:\\\/\\\/x.com\\\/etrixag\",\"https:\\\/\\\/www.instagram.com\\\/etrix_emotos\\\/p\\\/BtVW6bXHtNv\\\/\",\"https:\\\/\\\/www.linkedin.com\\\/company\\\/etrix-ag\",\"https:\\\/\\\/www.youtube.com\\\/channel\\\/UCSd-hJdu5u8xPUEY60jexOw\"],\"address\":{\"@id\":\"https:\\\/\\\/www.etrix.ch\\\/fr\\\/produit\\\/vmax-vx-4\\\/#local-main-place-address\"},\"geo\":{\"@type\":\"GeoCoordinates\",\"latitude\":\"47.43839497999372\",\"longitude\":\"8.465227605227366\"},\"telephone\":[\"043 931 00 45\"],\"openingHoursSpecification\":[{\"@type\":\"OpeningHoursSpecification\",\"dayOfWeek\":[\"Monday\",\"Sunday\"],\"opens\":\"00:00\",\"closes\":\"00:00\"},{\"@type\":\"OpeningHoursSpecification\",\"dayOfWeek\":[\"Tuesday\",\"Wednesday\",\"Thursday\",\"Friday\"],\"opens\":\"10:00\",\"closes\":\"18:00\"},{\"@type\":\"OpeningHoursSpecification\",\"dayOfWeek\":[\"Saturday\"],\"opens\":\"10:00\",\"closes\":\"15:00\"}]},{\"@type\":\"PostalAddress\",\"@id\":\"https:\\\/\\\/www.etrix.ch\\\/fr\\\/produit\\\/vmax-vx-4\\\/#local-main-place-address\",\"streetAddress\":\"Riedthofstrasse 122\",\"addressLocality\":\"Regensdorf\",\"postalCode\":\"8105\",\"addressRegion\":\"Z\u00fcrich\",\"addressCountry\":\"CH\"},{\"@type\":\"ImageObject\",\"inLanguage\":\"fr-FR\",\"@id\":\"https:\\\/\\\/www.etrix.ch\\\/fr\\\/produit\\\/vmax-vx-4\\\/#local-main-organization-logo\",\"url\":\"https:\\\/\\\/www.etrix.ch\\\/media\\\/2021\\\/05\\\/ETRIX-logo.png\",\"contentUrl\":\"https:\\\/\\\/www.etrix.ch\\\/media\\\/2021\\\/05\\\/ETRIX-logo.png\",\"width\":470,\"height\":85,\"caption\":\"ETRIX E-Motos\"}]}<\/script>\n<meta property=\"product:brand\" content=\"VMAX\" \/>\n<meta property=\"product:price:amount\" content=\"1299.00\" \/>\n<meta property=\"product:price:currency\" content=\"CHF\" \/>\n<meta property=\"og:availability\" content=\"instock\" \/>\n<meta property=\"product:availability\" content=\"instock\" \/>\n<meta property=\"product:retailer_item_id\" content=\"VMAX-VX-4\" \/>\n<meta property=\"product:condition\" content=\"new\" \/>\n<meta name=\"geo.placename\" content=\"Regensdorf\" \/>\n<meta name=\"geo.position\" content=\"47.43839497999372;8.465227605227366\" \/>\n<meta name=\"geo.region\" content=\"Suisse\" \/>\n<!-- \/ Yoast SEO Premium plugin. -->","yoast_head_json":{"title":"VMAX VX 4 GT - ETRIX Elektroroller","robots":{"index":"index","follow":"follow","max-snippet":"max-snippet:-1","max-image-preview":"max-image-preview:large","max-video-preview":"max-video-preview:-1"},"canonical":"https:\/\/www.etrix.ch\/fr\/produit\/vmax-vx-4\/","og_locale":"fr_FR","og_type":"article","og_title":"VMAX VX 4 GT","og_description":"Le VMAX VX4 GT est le plus puissant des scooters \u00e9lectriques homologu\u00e9s pour la route en Suisse. Avec 500 watts et 1.550 watts de puissance de cr\u00eate, il peut gravir des pentes jusqu'\u00e0 33%.","og_url":"https:\/\/www.etrix.ch\/fr\/produit\/vmax-vx-4\/","og_site_name":"ETRIX Elektroroller","article_publisher":"https:\/\/m.facebook.com\/etrix.emotos\/","article_modified_time":"2025-12-07T23:42:04+00:00","og_image":[{"width":1200,"height":1200,"url":"https:\/\/www.etrix.ch\/media\/2024\/10\/VMAX-E-Scooter-VX4-LT-45-km-1.jpg","type":"image\/jpeg"}],"twitter_card":"summary_large_image","twitter_site":"@etrixag","twitter_misc":{"Prix":"&#67;&#72;&#70;&nbsp;1'299.00 inkl. MwSt.","Disponibilit\u00e9":"En stock"},"schema":{"@context":"https:\/\/schema.org","@graph":[{"@type":"WebPage","@id":"https:\/\/www.etrix.ch\/fr\/produit\/vmax-vx-4\/","url":"https:\/\/www.etrix.ch\/fr\/produit\/vmax-vx-4\/","name":"VMAX VX 4 GT - ETRIX Elektroroller","isPartOf":{"@id":"https:\/\/www.etrix.ch\/fr\/#website"},"primaryImageOfPage":{"@id":"https:\/\/www.etrix.ch\/fr\/produit\/vmax-vx-4\/#primaryimage"},"image":{"@id":"https:\/\/www.etrix.ch\/fr\/produit\/vmax-vx-4\/#primaryimage"},"thumbnailUrl":"https:\/\/www.etrix.ch\/media\/2024\/10\/VMAX-E-Scooter-VX4-LT-45-km-1.jpg","datePublished":"2024-10-24T08:50:07+00:00","dateModified":"2025-12-07T23:42:04+00:00","breadcrumb":{"@id":"https:\/\/www.etrix.ch\/fr\/produit\/vmax-vx-4\/#breadcrumb"},"inLanguage":"fr-FR","potentialAction":[{"@type":"ReadAction","target":["https:\/\/www.etrix.ch\/fr\/produit\/vmax-vx-4\/"]}]},{"@type":"ImageObject","inLanguage":"fr-FR","@id":"https:\/\/www.etrix.ch\/fr\/produit\/vmax-vx-4\/#primaryimage","url":"https:\/\/www.etrix.ch\/media\/2024\/10\/VMAX-E-Scooter-VX4-LT-45-km-1.jpg","contentUrl":"https:\/\/www.etrix.ch\/media\/2024\/10\/VMAX-E-Scooter-VX4-LT-45-km-1.jpg","width":1200,"height":1200,"caption":"Vmax E Scooter Vx4 Lt (45 Km) 1"},{"@type":"BreadcrumbList","@id":"https:\/\/www.etrix.ch\/fr\/produit\/vmax-vx-4\/#breadcrumb","itemListElement":[{"@type":"ListItem","position":1,"name":"Accueil","item":"https:\/\/www.etrix.ch\/fr\/"},{"@type":"ListItem","position":2,"name":"Boutique","item":"https:\/\/www.etrix.ch\/fr\/boutique\/"},{"@type":"ListItem","position":3,"name":"VMAX VX 4 GT"}]},{"@type":"WebSite","@id":"https:\/\/www.etrix.ch\/fr\/#website","url":"https:\/\/www.etrix.ch\/fr\/","name":"ETRIX Elektroroller","description":"E-Motos","publisher":{"@id":"https:\/\/www.etrix.ch\/fr\/#organization"},"potentialAction":[{"@type":"SearchAction","target":{"@type":"EntryPoint","urlTemplate":"https:\/\/www.etrix.ch\/fr\/?s={search_term_string}"},"query-input":{"@type":"PropertyValueSpecification","valueRequired":true,"valueName":"search_term_string"}}],"inLanguage":"fr-FR"},{"@type":["Organization","Place","MotorcycleDealer"],"@id":"https:\/\/www.etrix.ch\/fr\/#organization","name":"ETRIX E-Motos","url":"https:\/\/www.etrix.ch\/fr\/","logo":{"@id":"https:\/\/www.etrix.ch\/fr\/produit\/vmax-vx-4\/#local-main-organization-logo"},"image":{"@id":"https:\/\/www.etrix.ch\/fr\/produit\/vmax-vx-4\/#local-main-organization-logo"},"sameAs":["https:\/\/m.facebook.com\/etrix.emotos\/","https:\/\/x.com\/etrixag","https:\/\/www.instagram.com\/etrix_emotos\/p\/BtVW6bXHtNv\/","https:\/\/www.linkedin.com\/company\/etrix-ag","https:\/\/www.youtube.com\/channel\/UCSd-hJdu5u8xPUEY60jexOw"],"address":{"@id":"https:\/\/www.etrix.ch\/fr\/produit\/vmax-vx-4\/#local-main-place-address"},"geo":{"@type":"GeoCoordinates","latitude":"47.43839497999372","longitude":"8.465227605227366"},"telephone":["043 931 00 45"],"openingHoursSpecification":[{"@type":"OpeningHoursSpecification","dayOfWeek":["Monday","Sunday"],"opens":"00:00","closes":"00:00"},{"@type":"OpeningHoursSpecification","dayOfWeek":["Tuesday","Wednesday","Thursday","Friday"],"opens":"10:00","closes":"18:00"},{"@type":"OpeningHoursSpecification","dayOfWeek":["Saturday"],"opens":"10:00","closes":"15:00"}]},{"@type":"PostalAddress","@id":"https:\/\/www.etrix.ch\/fr\/produit\/vmax-vx-4\/#local-main-place-address","streetAddress":"Riedthofstrasse 122","addressLocality":"Regensdorf","postalCode":"8105","addressRegion":"Z\u00fcrich","addressCountry":"CH"},{"@type":"ImageObject","inLanguage":"fr-FR","@id":"https:\/\/www.etrix.ch\/fr\/produit\/vmax-vx-4\/#local-main-organization-logo","url":"https:\/\/www.etrix.ch\/media\/2021\/05\/ETRIX-logo.png","contentUrl":"https:\/\/www.etrix.ch\/media\/2021\/05\/ETRIX-logo.png","width":470,"height":85,"caption":"ETRIX E-Motos"}]},"product_brand":"VMAX","product_price_amount":"1299.00","product_price_currency":"CHF","og_availability":"instock","product_availability":"instock","product_retailer_item_id":"VMAX-VX-4","product_condition":"new","geo.placename":"Regensdorf","geo.position":{"lat":"47.43839497999372","long":"8.465227605227366"},"geo.region":"Suisse"},"_links":{"self":[{"href":"https:\/\/www.etrix.ch\/fr\/wp-json\/wp\/v2\/product\/31910","targetHints":{"allow":["GET"]}}],"collection":[{"href":"https:\/\/www.etrix.ch\/fr\/wp-json\/wp\/v2\/product"}],"about":[{"href":"https:\/\/www.etrix.ch\/fr\/wp-json\/wp\/v2\/types\/product"}],"wp:featuredmedia":[{"embeddable":true,"href":"https:\/\/www.etrix.ch\/fr\/wp-json\/wp\/v2\/media\/35499"}],"wp:attachment":[{"href":"https:\/\/www.etrix.ch\/fr\/wp-json\/wp\/v2\/media?parent=31910"}],"wp:term":[{"taxonomy":"product_brand","embeddable":true,"href":"https:\/\/www.etrix.ch\/fr\/wp-json\/wp\/v2\/product_brand?post=31910"},{"taxonomy":"product_cat","embeddable":true,"href":"https:\/\/www.etrix.ch\/fr\/wp-json\/wp\/v2\/product_cat?post=31910"},{"taxonomy":"product_tag","embeddable":true,"href":"https:\/\/www.etrix.ch\/fr\/wp-json\/wp\/v2\/product_tag?post=31910"}],"curies":[{"name":"wp","href":"https:\/\/api.w.org\/{rel}","templated":true}]}}