{"id":31712,"date":"2024-10-01T09:52:13","date_gmt":"2024-10-01T07:52:13","guid":{"rendered":"https:\/\/www.etrix.ch\/?post_type=product&#038;p=31712"},"modified":"2026-01-13T10:10:51","modified_gmt":"2026-01-13T09:10:51","slug":"protection-thermique-des-mains-tucano-r334-pro","status":"publish","type":"product","link":"https:\/\/www.etrix.ch\/fr\/produit\/protection-thermique-des-mains-tucano-r334-pro\/","title":{"rendered":"Protection thermique des mains Tucano R334 Pro"},"content":{"rendered":"<p>Gants universels en nylon avec doublure thermique et impression r\u00e9fl\u00e9chissante.  <b>Sp\u00e9cialement con\u00e7u pour les motos et les scooters avec r\u00e9troviseur.<\/b><\/p>\n<ul>\n<li>Fen\u00eatre transparente pour une meilleure visibilit\u00e9 de la surface de contr\u00f4le<\/li>\n<li>Nylon enduit imperm\u00e9able<\/li>\n<li>Face avant renforc\u00e9e<\/li>\n<li>Anneau m\u00e9tallique antivol sur les mod\u00e8les sans visserie<\/li>\n<li>Pour guidons avec ou sans poids de guidon<\/li>\n<\/ul>\n","protected":false},"excerpt":{"rendered":"<p>Gants universels en nylon avec &#8230; <a title=\"Protection thermique des mains Tucano R334 Pro\" class=\"read-more\" href=\"https:\/\/www.etrix.ch\/fr\/produit\/protection-thermique-des-mains-tucano-r334-pro\/\" aria-label=\"En savoir plus sur Protection thermique des mains Tucano R334 Pro\">&gt;  En savoir plus<\/a><\/p>\n","protected":false},"featured_media":18153,"template":"","meta":{"_acf_changed":false},"product_brand":[],"product_cat":[582,625,647],"product_tag":[],"class_list":{"0":"post-31712","1":"product","2":"type-product","3":"status-publish","4":"has-post-thumbnail","6":"product_cat-accessoires","7":"product_cat-casques-vetements","8":"product_cat-protection-contre-les-intemperies","9":"pa_marke-tucano-fr","10":"sales-flash-overlay","11":"woocommerce-text-align-left","12":"woocommerce-image-align-center","13":"do-quantity-buttons","15":"first","16":"instock","17":"taxable","18":"shipping-taxable","19":"purchasable","20":"product-type-simple"},"acf":[],"yoast_head":"<!-- This site is optimized with the Yoast SEO Premium plugin v26.9 (Yoast SEO v27.4) - https:\/\/yoast.com\/product\/yoast-seo-premium-wordpress\/ -->\n<title>Protection thermique des mains Tucano R334 Pro - ETRIX Elektroroller<\/title>\n<meta name=\"description\" content=\"Protections thermiques pour mains Tucano R334 Pro \u2713 Elles ont \u00e9t\u00e9 sp\u00e9cialement con\u00e7ues pour les scooters \u2713 Fen\u00eatre transparente pour une meilleure visibilit\u00e9 de la surface de contr\u00f4le\" \/>\n<meta name=\"robots\" content=\"index, follow, max-snippet:-1, max-image-preview:large, max-video-preview:-1\" \/>\n<link rel=\"canonical\" href=\"https:\/\/www.etrix.ch\/fr\/produit\/protection-thermique-des-mains-tucano-r334-pro\/\" \/>\n<meta property=\"og:locale\" content=\"fr_FR\" \/>\n<meta property=\"og:type\" content=\"article\" \/>\n<meta property=\"og:title\" content=\"Protection thermique des mains Tucano R334 Pro\" \/>\n<meta property=\"og:description\" content=\"Protections thermiques pour mains Tucano R334 Pro \u2713 Elles ont \u00e9t\u00e9 sp\u00e9cialement con\u00e7ues pour les scooters \u2713 Fen\u00eatre transparente pour une meilleure visibilit\u00e9 de la surface de contr\u00f4le\" \/>\n<meta property=\"og:url\" content=\"https:\/\/www.etrix.ch\/fr\/produit\/protection-thermique-des-mains-tucano-r334-pro\/\" \/>\n<meta property=\"og:site_name\" content=\"ETRIX Elektroroller\" \/>\n<meta property=\"article:publisher\" content=\"https:\/\/m.facebook.com\/etrix.emotos\/\" \/>\n<meta property=\"article:modified_time\" content=\"2026-01-13T09:10:51+00:00\" \/>\n<meta property=\"og:image\" content=\"https:\/\/www.etrix.ch\/media\/2022\/11\/tucano-thermohandschutz.jpg\" \/>\n\t<meta property=\"og:image:width\" content=\"798\" \/>\n\t<meta property=\"og:image:height\" content=\"1080\" \/>\n\t<meta property=\"og:image:type\" content=\"image\/jpeg\" \/>\n<meta name=\"twitter:card\" content=\"summary_large_image\" \/>\n<meta name=\"twitter:site\" content=\"@etrixag\" \/>\n<meta name=\"twitter:label1\" content=\"Prix\" \/>\n\t<meta name=\"twitter:data1\" content=\"&#067;&#072;&#070;&nbsp;95.00 inkl. MwSt.\" \/>\n\t<meta name=\"twitter:label2\" content=\"Disponibilit\u00e9\" \/>\n\t<meta name=\"twitter:data2\" content=\"En stock\" \/>\n<script type=\"application\/ld+json\" class=\"yoast-schema-graph\">{\"@context\":\"https:\\\/\\\/schema.org\",\"@graph\":[{\"@type\":\"WebPage\",\"@id\":\"https:\\\/\\\/www.etrix.ch\\\/fr\\\/produit\\\/protection-thermique-des-mains-tucano-r334-pro\\\/\",\"url\":\"https:\\\/\\\/www.etrix.ch\\\/fr\\\/produit\\\/protection-thermique-des-mains-tucano-r334-pro\\\/\",\"name\":\"Protection thermique des mains Tucano R334 Pro - ETRIX Elektroroller\",\"isPartOf\":{\"@id\":\"https:\\\/\\\/www.etrix.ch\\\/fr\\\/#website\"},\"primaryImageOfPage\":{\"@id\":\"https:\\\/\\\/www.etrix.ch\\\/fr\\\/produit\\\/protection-thermique-des-mains-tucano-r334-pro\\\/#primaryimage\"},\"image\":{\"@id\":\"https:\\\/\\\/www.etrix.ch\\\/fr\\\/produit\\\/protection-thermique-des-mains-tucano-r334-pro\\\/#primaryimage\"},\"thumbnailUrl\":\"https:\\\/\\\/www.etrix.ch\\\/media\\\/2022\\\/11\\\/tucano-thermohandschutz.jpg\",\"datePublished\":\"2024-10-01T07:52:13+00:00\",\"dateModified\":\"2026-01-13T09:10:51+00:00\",\"description\":\"Protections thermiques pour mains Tucano R334 Pro \u2713 Elles ont \u00e9t\u00e9 sp\u00e9cialement con\u00e7ues pour les scooters \u2713 Fen\u00eatre transparente pour une meilleure visibilit\u00e9 de la surface de contr\u00f4le\",\"breadcrumb\":{\"@id\":\"https:\\\/\\\/www.etrix.ch\\\/fr\\\/produit\\\/protection-thermique-des-mains-tucano-r334-pro\\\/#breadcrumb\"},\"inLanguage\":\"fr-FR\",\"potentialAction\":[{\"@type\":\"ReadAction\",\"target\":[\"https:\\\/\\\/www.etrix.ch\\\/fr\\\/produit\\\/protection-thermique-des-mains-tucano-r334-pro\\\/\"]}]},{\"@type\":\"ImageObject\",\"inLanguage\":\"fr-FR\",\"@id\":\"https:\\\/\\\/www.etrix.ch\\\/fr\\\/produit\\\/protection-thermique-des-mains-tucano-r334-pro\\\/#primaryimage\",\"url\":\"https:\\\/\\\/www.etrix.ch\\\/media\\\/2022\\\/11\\\/tucano-thermohandschutz.jpg\",\"contentUrl\":\"https:\\\/\\\/www.etrix.ch\\\/media\\\/2022\\\/11\\\/tucano-thermohandschutz.jpg\",\"width\":798,\"height\":1080,\"caption\":\"Protection thermique des mains Tucano\"},{\"@type\":\"BreadcrumbList\",\"@id\":\"https:\\\/\\\/www.etrix.ch\\\/fr\\\/produit\\\/protection-thermique-des-mains-tucano-r334-pro\\\/#breadcrumb\",\"itemListElement\":[{\"@type\":\"ListItem\",\"position\":1,\"name\":\"Accueil\",\"item\":\"https:\\\/\\\/www.etrix.ch\\\/fr\\\/page-daccueil\\\/\"},{\"@type\":\"ListItem\",\"position\":2,\"name\":\"Boutique\",\"item\":\"https:\\\/\\\/www.etrix.ch\\\/fr\\\/boutique\\\/\"},{\"@type\":\"ListItem\",\"position\":3,\"name\":\"Protection thermique des mains Tucano R334 Pro\"}]},{\"@type\":\"WebSite\",\"@id\":\"https:\\\/\\\/www.etrix.ch\\\/fr\\\/#website\",\"url\":\"https:\\\/\\\/www.etrix.ch\\\/fr\\\/\",\"name\":\"ETRIX Elektroroller\",\"description\":\"E-Motos\",\"publisher\":{\"@id\":\"https:\\\/\\\/www.etrix.ch\\\/fr\\\/#organization\"},\"potentialAction\":[{\"@type\":\"SearchAction\",\"target\":{\"@type\":\"EntryPoint\",\"urlTemplate\":\"https:\\\/\\\/www.etrix.ch\\\/fr\\\/?s={search_term_string}\"},\"query-input\":{\"@type\":\"PropertyValueSpecification\",\"valueRequired\":true,\"valueName\":\"search_term_string\"}}],\"inLanguage\":\"fr-FR\"},{\"@type\":[\"Organization\",\"Place\",\"MotorcycleDealer\"],\"@id\":\"https:\\\/\\\/www.etrix.ch\\\/fr\\\/#organization\",\"name\":\"ETRIX E-Motos\",\"url\":\"https:\\\/\\\/www.etrix.ch\\\/fr\\\/\",\"logo\":{\"@id\":\"https:\\\/\\\/www.etrix.ch\\\/fr\\\/produit\\\/protection-thermique-des-mains-tucano-r334-pro\\\/#local-main-organization-logo\"},\"image\":{\"@id\":\"https:\\\/\\\/www.etrix.ch\\\/fr\\\/produit\\\/protection-thermique-des-mains-tucano-r334-pro\\\/#local-main-organization-logo\"},\"sameAs\":[\"https:\\\/\\\/m.facebook.com\\\/etrix.emotos\\\/\",\"https:\\\/\\\/x.com\\\/etrixag\",\"https:\\\/\\\/www.instagram.com\\\/etrix_emotos\\\/p\\\/BtVW6bXHtNv\\\/\",\"https:\\\/\\\/www.linkedin.com\\\/company\\\/etrix-ag\",\"https:\\\/\\\/www.youtube.com\\\/channel\\\/UCSd-hJdu5u8xPUEY60jexOw\"],\"address\":{\"@id\":\"https:\\\/\\\/www.etrix.ch\\\/fr\\\/produit\\\/protection-thermique-des-mains-tucano-r334-pro\\\/#local-main-place-address\"},\"geo\":{\"@type\":\"GeoCoordinates\",\"latitude\":\"47.43839497999372\",\"longitude\":\"8.465227605227366\"},\"telephone\":[\"043 931 00 45\"],\"openingHoursSpecification\":[{\"@type\":\"OpeningHoursSpecification\",\"dayOfWeek\":[\"Monday\",\"Sunday\"],\"opens\":\"00:00\",\"closes\":\"00:00\"},{\"@type\":\"OpeningHoursSpecification\",\"dayOfWeek\":[\"Tuesday\",\"Wednesday\",\"Thursday\",\"Friday\"],\"opens\":\"10:00\",\"closes\":\"18:00\"},{\"@type\":\"OpeningHoursSpecification\",\"dayOfWeek\":[\"Saturday\"],\"opens\":\"10:00\",\"closes\":\"15:00\"}]},{\"@type\":\"PostalAddress\",\"@id\":\"https:\\\/\\\/www.etrix.ch\\\/fr\\\/produit\\\/protection-thermique-des-mains-tucano-r334-pro\\\/#local-main-place-address\",\"streetAddress\":\"Riedthofstrasse 122\",\"addressLocality\":\"Regensdorf\",\"postalCode\":\"8105\",\"addressRegion\":\"Z\u00fcrich\",\"addressCountry\":\"CH\"},{\"@type\":\"ImageObject\",\"inLanguage\":\"fr-FR\",\"@id\":\"https:\\\/\\\/www.etrix.ch\\\/fr\\\/produit\\\/protection-thermique-des-mains-tucano-r334-pro\\\/#local-main-organization-logo\",\"url\":\"https:\\\/\\\/www.etrix.ch\\\/media\\\/2021\\\/05\\\/ETRIX-logo.png\",\"contentUrl\":\"https:\\\/\\\/www.etrix.ch\\\/media\\\/2021\\\/05\\\/ETRIX-logo.png\",\"width\":470,\"height\":85,\"caption\":\"ETRIX E-Motos\"}]}<\/script>\n<meta property=\"product:brand\" content=\"Tucano\" \/>\n<meta property=\"product:price:amount\" content=\"95.00\" \/>\n<meta property=\"product:price:currency\" content=\"CHF\" \/>\n<meta property=\"og:availability\" content=\"instock\" \/>\n<meta property=\"product:availability\" content=\"instock\" \/>\n<meta property=\"product:retailer_item_id\" content=\"RW200727\" \/>\n<meta property=\"product:condition\" content=\"new\" \/>\n<meta name=\"geo.placename\" content=\"Regensdorf\" \/>\n<meta name=\"geo.position\" content=\"47.43839497999372;8.465227605227366\" \/>\n<meta name=\"geo.region\" content=\"Suisse\" \/>\n<!-- \/ Yoast SEO Premium plugin. -->","yoast_head_json":{"title":"Protection thermique des mains Tucano R334 Pro - ETRIX Elektroroller","description":"Protections thermiques pour mains Tucano R334 Pro \u2713 Elles ont \u00e9t\u00e9 sp\u00e9cialement con\u00e7ues pour les scooters \u2713 Fen\u00eatre transparente pour une meilleure visibilit\u00e9 de la surface de contr\u00f4le","robots":{"index":"index","follow":"follow","max-snippet":"max-snippet:-1","max-image-preview":"max-image-preview:large","max-video-preview":"max-video-preview:-1"},"canonical":"https:\/\/www.etrix.ch\/fr\/produit\/protection-thermique-des-mains-tucano-r334-pro\/","og_locale":"fr_FR","og_type":"article","og_title":"Protection thermique des mains Tucano R334 Pro","og_description":"Protections thermiques pour mains Tucano R334 Pro \u2713 Elles ont \u00e9t\u00e9 sp\u00e9cialement con\u00e7ues pour les scooters \u2713 Fen\u00eatre transparente pour une meilleure visibilit\u00e9 de la surface de contr\u00f4le","og_url":"https:\/\/www.etrix.ch\/fr\/produit\/protection-thermique-des-mains-tucano-r334-pro\/","og_site_name":"ETRIX Elektroroller","article_publisher":"https:\/\/m.facebook.com\/etrix.emotos\/","article_modified_time":"2026-01-13T09:10:51+00:00","og_image":[{"width":798,"height":1080,"url":"https:\/\/www.etrix.ch\/media\/2022\/11\/tucano-thermohandschutz.jpg","type":"image\/jpeg"}],"twitter_card":"summary_large_image","twitter_site":"@etrixag","twitter_misc":{"Prix":"&#67;&#72;&#70;&nbsp;95.00 inkl. MwSt.","Disponibilit\u00e9":"En stock"},"schema":{"@context":"https:\/\/schema.org","@graph":[{"@type":"WebPage","@id":"https:\/\/www.etrix.ch\/fr\/produit\/protection-thermique-des-mains-tucano-r334-pro\/","url":"https:\/\/www.etrix.ch\/fr\/produit\/protection-thermique-des-mains-tucano-r334-pro\/","name":"Protection thermique des mains Tucano R334 Pro - ETRIX Elektroroller","isPartOf":{"@id":"https:\/\/www.etrix.ch\/fr\/#website"},"primaryImageOfPage":{"@id":"https:\/\/www.etrix.ch\/fr\/produit\/protection-thermique-des-mains-tucano-r334-pro\/#primaryimage"},"image":{"@id":"https:\/\/www.etrix.ch\/fr\/produit\/protection-thermique-des-mains-tucano-r334-pro\/#primaryimage"},"thumbnailUrl":"https:\/\/www.etrix.ch\/media\/2022\/11\/tucano-thermohandschutz.jpg","datePublished":"2024-10-01T07:52:13+00:00","dateModified":"2026-01-13T09:10:51+00:00","description":"Protections thermiques pour mains Tucano R334 Pro \u2713 Elles ont \u00e9t\u00e9 sp\u00e9cialement con\u00e7ues pour les scooters \u2713 Fen\u00eatre transparente pour une meilleure visibilit\u00e9 de la surface de contr\u00f4le","breadcrumb":{"@id":"https:\/\/www.etrix.ch\/fr\/produit\/protection-thermique-des-mains-tucano-r334-pro\/#breadcrumb"},"inLanguage":"fr-FR","potentialAction":[{"@type":"ReadAction","target":["https:\/\/www.etrix.ch\/fr\/produit\/protection-thermique-des-mains-tucano-r334-pro\/"]}]},{"@type":"ImageObject","inLanguage":"fr-FR","@id":"https:\/\/www.etrix.ch\/fr\/produit\/protection-thermique-des-mains-tucano-r334-pro\/#primaryimage","url":"https:\/\/www.etrix.ch\/media\/2022\/11\/tucano-thermohandschutz.jpg","contentUrl":"https:\/\/www.etrix.ch\/media\/2022\/11\/tucano-thermohandschutz.jpg","width":798,"height":1080,"caption":"Protection thermique des mains Tucano"},{"@type":"BreadcrumbList","@id":"https:\/\/www.etrix.ch\/fr\/produit\/protection-thermique-des-mains-tucano-r334-pro\/#breadcrumb","itemListElement":[{"@type":"ListItem","position":1,"name":"Accueil","item":"https:\/\/www.etrix.ch\/fr\/page-daccueil\/"},{"@type":"ListItem","position":2,"name":"Boutique","item":"https:\/\/www.etrix.ch\/fr\/boutique\/"},{"@type":"ListItem","position":3,"name":"Protection thermique des mains Tucano R334 Pro"}]},{"@type":"WebSite","@id":"https:\/\/www.etrix.ch\/fr\/#website","url":"https:\/\/www.etrix.ch\/fr\/","name":"ETRIX Elektroroller","description":"E-Motos","publisher":{"@id":"https:\/\/www.etrix.ch\/fr\/#organization"},"potentialAction":[{"@type":"SearchAction","target":{"@type":"EntryPoint","urlTemplate":"https:\/\/www.etrix.ch\/fr\/?s={search_term_string}"},"query-input":{"@type":"PropertyValueSpecification","valueRequired":true,"valueName":"search_term_string"}}],"inLanguage":"fr-FR"},{"@type":["Organization","Place","MotorcycleDealer"],"@id":"https:\/\/www.etrix.ch\/fr\/#organization","name":"ETRIX E-Motos","url":"https:\/\/www.etrix.ch\/fr\/","logo":{"@id":"https:\/\/www.etrix.ch\/fr\/produit\/protection-thermique-des-mains-tucano-r334-pro\/#local-main-organization-logo"},"image":{"@id":"https:\/\/www.etrix.ch\/fr\/produit\/protection-thermique-des-mains-tucano-r334-pro\/#local-main-organization-logo"},"sameAs":["https:\/\/m.facebook.com\/etrix.emotos\/","https:\/\/x.com\/etrixag","https:\/\/www.instagram.com\/etrix_emotos\/p\/BtVW6bXHtNv\/","https:\/\/www.linkedin.com\/company\/etrix-ag","https:\/\/www.youtube.com\/channel\/UCSd-hJdu5u8xPUEY60jexOw"],"address":{"@id":"https:\/\/www.etrix.ch\/fr\/produit\/protection-thermique-des-mains-tucano-r334-pro\/#local-main-place-address"},"geo":{"@type":"GeoCoordinates","latitude":"47.43839497999372","longitude":"8.465227605227366"},"telephone":["043 931 00 45"],"openingHoursSpecification":[{"@type":"OpeningHoursSpecification","dayOfWeek":["Monday","Sunday"],"opens":"00:00","closes":"00:00"},{"@type":"OpeningHoursSpecification","dayOfWeek":["Tuesday","Wednesday","Thursday","Friday"],"opens":"10:00","closes":"18:00"},{"@type":"OpeningHoursSpecification","dayOfWeek":["Saturday"],"opens":"10:00","closes":"15:00"}]},{"@type":"PostalAddress","@id":"https:\/\/www.etrix.ch\/fr\/produit\/protection-thermique-des-mains-tucano-r334-pro\/#local-main-place-address","streetAddress":"Riedthofstrasse 122","addressLocality":"Regensdorf","postalCode":"8105","addressRegion":"Z\u00fcrich","addressCountry":"CH"},{"@type":"ImageObject","inLanguage":"fr-FR","@id":"https:\/\/www.etrix.ch\/fr\/produit\/protection-thermique-des-mains-tucano-r334-pro\/#local-main-organization-logo","url":"https:\/\/www.etrix.ch\/media\/2021\/05\/ETRIX-logo.png","contentUrl":"https:\/\/www.etrix.ch\/media\/2021\/05\/ETRIX-logo.png","width":470,"height":85,"caption":"ETRIX E-Motos"}]},"product_brand":"Tucano","product_price_amount":"95.00","product_price_currency":"CHF","og_availability":"instock","product_availability":"instock","product_retailer_item_id":"RW200727","product_condition":"new","geo.placename":"Regensdorf","geo.position":{"lat":"47.43839497999372","long":"8.465227605227366"},"geo.region":"Suisse"},"_links":{"self":[{"href":"https:\/\/www.etrix.ch\/fr\/wp-json\/wp\/v2\/product\/31712","targetHints":{"allow":["GET"]}}],"collection":[{"href":"https:\/\/www.etrix.ch\/fr\/wp-json\/wp\/v2\/product"}],"about":[{"href":"https:\/\/www.etrix.ch\/fr\/wp-json\/wp\/v2\/types\/product"}],"wp:featuredmedia":[{"embeddable":true,"href":"https:\/\/www.etrix.ch\/fr\/wp-json\/wp\/v2\/media\/18153"}],"wp:attachment":[{"href":"https:\/\/www.etrix.ch\/fr\/wp-json\/wp\/v2\/media?parent=31712"}],"wp:term":[{"taxonomy":"product_brand","embeddable":true,"href":"https:\/\/www.etrix.ch\/fr\/wp-json\/wp\/v2\/product_brand?post=31712"},{"taxonomy":"product_cat","embeddable":true,"href":"https:\/\/www.etrix.ch\/fr\/wp-json\/wp\/v2\/product_cat?post=31712"},{"taxonomy":"product_tag","embeddable":true,"href":"https:\/\/www.etrix.ch\/fr\/wp-json\/wp\/v2\/product_tag?post=31712"}],"curies":[{"name":"wp","href":"https:\/\/api.w.org\/{rel}","templated":true}]}}