{"id":30189,"date":"2024-08-13T13:35:27","date_gmt":"2024-08-13T11:35:27","guid":{"rendered":"https:\/\/www.etrix.ch\/?post_type=product&#038;p=30189"},"modified":"2025-01-10T19:58:08","modified_gmt":"2025-01-10T18:58:08","slug":"enviado-panneaux-publicitaires-imprimes-pour-des-motifs-sombres","status":"publish","type":"product","link":"https:\/\/www.etrix.ch\/fr\/produit\/enviado-panneaux-publicitaires-imprimes-pour-des-motifs-sombres\/","title":{"rendered":"enviado Panneaux d\u2019affichage \u2013 imprim\u00e9s pour des motifs sombres"},"content":{"rendered":"<div id=\"details-1763\" class=\"tab-pane active overflow-auto\" role=\"tabpanel\">\n<div class=\"my-4\">\n<p>Avec les panneaux d\u2019affichage d\u2019Enviado, vous avez la possibilit\u00e9 de faire de la publicit\u00e9 pour votre entreprise lors de la livraison. L\u2019emballage contient quatre panneaux composites en aluminium robustes (c\u00f4t\u00e9s, dessus, dos) d\u2019une \u00e9paisseur de 2 mm, qui sont particuli\u00e8rement adapt\u00e9s aux sujets sombres. Nous imprimons les planches selon vos souhaits.  <\/p>\n<\/div>\n<\/div>\n&#13;\n<p>\u00a0<\/p>&#13;\n","protected":false},"excerpt":{"rendered":"<p>Panneaux d\u2019affichage avec vos logos publicitaires compos\u00e9s de quatre panneaux composites en aluminium solides<\/p>\n","protected":false},"featured_media":30193,"template":"","meta":{"_acf_changed":false},"product_brand":[],"product_cat":[582,644,648,591],"product_tag":[1404],"class_list":{"0":"post-30189","1":"product","2":"type-product","3":"status-publish","4":"has-post-thumbnail","6":"product_cat-accessoires","7":"product_cat-accessoires-de-livraison","8":"product_cat-enviado-accessoires","9":"product_cat-velo-electrique","10":"product_tag-accessoires-de-livraison","11":"pa_marke-enviado-fr","12":"sales-flash-overlay","13":"woocommerce-text-align-left","14":"woocommerce-image-align-center","15":"do-quantity-buttons","17":"first","18":"instock","19":"taxable","20":"shipping-taxable","21":"purchasable","22":"product-type-simple"},"acf":[],"yoast_head":"<!-- This site is optimized with the Yoast SEO Premium plugin v26.9 (Yoast SEO v27.5) - https:\/\/yoast.com\/product\/yoast-seo-premium-wordpress\/ -->\n<title>enviado Panneaux d\u2019affichage \u2013 imprim\u00e9s pour des motifs sombres - Rouleau de livraison Nom du ETRIX Elektroroller de livraison<\/title>\n<meta name=\"description\" content=\"Le panneau d\u2019affichage vous offre la possibilit\u00e9 de faire de la publicit\u00e9 pour votre entreprise lors de la livraison. Le paquet se compose de quatre panneaux d\u2019affichage\" \/>\n<meta name=\"robots\" content=\"index, follow, max-snippet:-1, max-image-preview:large, max-video-preview:-1\" \/>\n<link rel=\"canonical\" href=\"https:\/\/www.etrix.ch\/fr\/produit\/enviado-panneaux-publicitaires-imprimes-pour-des-motifs-sombres\/\" \/>\n<meta property=\"og:locale\" content=\"fr_FR\" \/>\n<meta property=\"og:type\" content=\"article\" \/>\n<meta property=\"og:title\" content=\"enviado Panneaux d\u2019affichage \u2013 imprim\u00e9s pour des motifs sombres\" \/>\n<meta property=\"og:description\" content=\"Le panneau d\u2019affichage vous offre la possibilit\u00e9 de faire de la publicit\u00e9 pour votre entreprise lors de la livraison. Le paquet se compose de quatre panneaux d\u2019affichage\" \/>\n<meta property=\"og:url\" content=\"https:\/\/www.etrix.ch\/fr\/produit\/enviado-panneaux-publicitaires-imprimes-pour-des-motifs-sombres\/\" \/>\n<meta property=\"og:site_name\" content=\"ETRIX Elektroroller\" \/>\n<meta property=\"article:publisher\" content=\"https:\/\/m.facebook.com\/etrix.emotos\/\" \/>\n<meta property=\"article:modified_time\" content=\"2025-01-10T18:58:08+00:00\" \/>\n<meta property=\"og:image\" content=\"https:\/\/www.etrix.ch\/media\/2024\/08\/enviado-Thermobox-Werbetafel_bedruckt_dunkel.jpg\" \/>\n\t<meta property=\"og:image:width\" content=\"960\" \/>\n\t<meta property=\"og:image:height\" content=\"960\" \/>\n\t<meta property=\"og:image:type\" content=\"image\/jpeg\" \/>\n<meta name=\"twitter:card\" content=\"summary_large_image\" \/>\n<meta name=\"twitter:site\" content=\"@etrixag\" \/>\n<meta name=\"twitter:label1\" content=\"Prix\" \/>\n\t<meta name=\"twitter:data1\" content=\"&#067;&#072;&#070;&nbsp;345.00 inkl. MwSt.\" \/>\n\t<meta name=\"twitter:label2\" content=\"Disponibilit\u00e9\" \/>\n\t<meta name=\"twitter:data2\" content=\"En stock\" \/>\n<script type=\"application\/ld+json\" class=\"yoast-schema-graph\">{\"@context\":\"https:\\\/\\\/schema.org\",\"@graph\":[{\"@type\":\"WebPage\",\"@id\":\"https:\\\/\\\/www.etrix.ch\\\/fr\\\/produit\\\/enviado-panneaux-publicitaires-imprimes-pour-des-motifs-sombres\\\/\",\"url\":\"https:\\\/\\\/www.etrix.ch\\\/fr\\\/produit\\\/enviado-panneaux-publicitaires-imprimes-pour-des-motifs-sombres\\\/\",\"name\":\"enviado Panneaux d\u2019affichage \u2013 imprim\u00e9s pour des motifs sombres - Rouleau de livraison Nom du ETRIX Elektroroller de livraison\",\"isPartOf\":{\"@id\":\"https:\\\/\\\/www.etrix.ch\\\/fr\\\/#website\"},\"primaryImageOfPage\":{\"@id\":\"https:\\\/\\\/www.etrix.ch\\\/fr\\\/produit\\\/enviado-panneaux-publicitaires-imprimes-pour-des-motifs-sombres\\\/#primaryimage\"},\"image\":{\"@id\":\"https:\\\/\\\/www.etrix.ch\\\/fr\\\/produit\\\/enviado-panneaux-publicitaires-imprimes-pour-des-motifs-sombres\\\/#primaryimage\"},\"thumbnailUrl\":\"https:\\\/\\\/www.etrix.ch\\\/media\\\/2024\\\/08\\\/enviado-Thermobox-Werbetafel_bedruckt_dunkel.jpg\",\"datePublished\":\"2024-08-13T11:35:27+00:00\",\"dateModified\":\"2025-01-10T18:58:08+00:00\",\"description\":\"Le panneau d\u2019affichage vous offre la possibilit\u00e9 de faire de la publicit\u00e9 pour votre entreprise lors de la livraison. Le paquet se compose de quatre panneaux d\u2019affichage\",\"breadcrumb\":{\"@id\":\"https:\\\/\\\/www.etrix.ch\\\/fr\\\/produit\\\/enviado-panneaux-publicitaires-imprimes-pour-des-motifs-sombres\\\/#breadcrumb\"},\"inLanguage\":\"fr-FR\",\"potentialAction\":[{\"@type\":\"ReadAction\",\"target\":[\"https:\\\/\\\/www.etrix.ch\\\/fr\\\/produit\\\/enviado-panneaux-publicitaires-imprimes-pour-des-motifs-sombres\\\/\"]}]},{\"@type\":\"ImageObject\",\"inLanguage\":\"fr-FR\",\"@id\":\"https:\\\/\\\/www.etrix.ch\\\/fr\\\/produit\\\/enviado-panneaux-publicitaires-imprimes-pour-des-motifs-sombres\\\/#primaryimage\",\"url\":\"https:\\\/\\\/www.etrix.ch\\\/media\\\/2024\\\/08\\\/enviado-Thermobox-Werbetafel_bedruckt_dunkel.jpg\",\"contentUrl\":\"https:\\\/\\\/www.etrix.ch\\\/media\\\/2024\\\/08\\\/enviado-Thermobox-Werbetafel_bedruckt_dunkel.jpg\",\"width\":960,\"height\":960,\"caption\":\"Panneau publicitaire Enviado Thermobox imprim\u00e9 fonc\u00e9\"},{\"@type\":\"BreadcrumbList\",\"@id\":\"https:\\\/\\\/www.etrix.ch\\\/fr\\\/produit\\\/enviado-panneaux-publicitaires-imprimes-pour-des-motifs-sombres\\\/#breadcrumb\",\"itemListElement\":[{\"@type\":\"ListItem\",\"position\":1,\"name\":\"Accueil\",\"item\":\"https:\\\/\\\/www.etrix.ch\\\/fr\\\/\"},{\"@type\":\"ListItem\",\"position\":2,\"name\":\"Boutique\",\"item\":\"https:\\\/\\\/www.etrix.ch\\\/fr\\\/boutique\\\/\"},{\"@type\":\"ListItem\",\"position\":3,\"name\":\"enviado Panneaux d\u2019affichage \u2013 imprim\u00e9s pour des motifs sombres\"}]},{\"@type\":\"WebSite\",\"@id\":\"https:\\\/\\\/www.etrix.ch\\\/fr\\\/#website\",\"url\":\"https:\\\/\\\/www.etrix.ch\\\/fr\\\/\",\"name\":\"ETRIX Elektroroller\",\"description\":\"E-Motos\",\"publisher\":{\"@id\":\"https:\\\/\\\/www.etrix.ch\\\/fr\\\/#organization\"},\"potentialAction\":[{\"@type\":\"SearchAction\",\"target\":{\"@type\":\"EntryPoint\",\"urlTemplate\":\"https:\\\/\\\/www.etrix.ch\\\/fr\\\/?s={search_term_string}\"},\"query-input\":{\"@type\":\"PropertyValueSpecification\",\"valueRequired\":true,\"valueName\":\"search_term_string\"}}],\"inLanguage\":\"fr-FR\"},{\"@type\":[\"Organization\",\"Place\",\"MotorcycleDealer\"],\"@id\":\"https:\\\/\\\/www.etrix.ch\\\/fr\\\/#organization\",\"name\":\"ETRIX E-Motos\",\"url\":\"https:\\\/\\\/www.etrix.ch\\\/fr\\\/\",\"logo\":{\"@id\":\"https:\\\/\\\/www.etrix.ch\\\/fr\\\/produit\\\/enviado-panneaux-publicitaires-imprimes-pour-des-motifs-sombres\\\/#local-main-organization-logo\"},\"image\":{\"@id\":\"https:\\\/\\\/www.etrix.ch\\\/fr\\\/produit\\\/enviado-panneaux-publicitaires-imprimes-pour-des-motifs-sombres\\\/#local-main-organization-logo\"},\"sameAs\":[\"https:\\\/\\\/m.facebook.com\\\/etrix.emotos\\\/\",\"https:\\\/\\\/x.com\\\/etrixag\",\"https:\\\/\\\/www.instagram.com\\\/etrix_emotos\\\/p\\\/BtVW6bXHtNv\\\/\",\"https:\\\/\\\/www.linkedin.com\\\/company\\\/etrix-ag\",\"https:\\\/\\\/www.youtube.com\\\/channel\\\/UCSd-hJdu5u8xPUEY60jexOw\"],\"address\":{\"@id\":\"https:\\\/\\\/www.etrix.ch\\\/fr\\\/produit\\\/enviado-panneaux-publicitaires-imprimes-pour-des-motifs-sombres\\\/#local-main-place-address\"},\"geo\":{\"@type\":\"GeoCoordinates\",\"latitude\":\"47.43839497999372\",\"longitude\":\"8.465227605227366\"},\"telephone\":[\"043 931 00 45\"],\"openingHoursSpecification\":[{\"@type\":\"OpeningHoursSpecification\",\"dayOfWeek\":[\"Monday\",\"Sunday\"],\"opens\":\"00:00\",\"closes\":\"00:00\"},{\"@type\":\"OpeningHoursSpecification\",\"dayOfWeek\":[\"Tuesday\",\"Wednesday\",\"Thursday\",\"Friday\"],\"opens\":\"10:00\",\"closes\":\"18:00\"},{\"@type\":\"OpeningHoursSpecification\",\"dayOfWeek\":[\"Saturday\"],\"opens\":\"10:00\",\"closes\":\"15:00\"}]},{\"@type\":\"PostalAddress\",\"@id\":\"https:\\\/\\\/www.etrix.ch\\\/fr\\\/produit\\\/enviado-panneaux-publicitaires-imprimes-pour-des-motifs-sombres\\\/#local-main-place-address\",\"streetAddress\":\"Riedthofstrasse 122\",\"addressLocality\":\"Regensdorf\",\"postalCode\":\"8105\",\"addressRegion\":\"Z\u00fcrich\",\"addressCountry\":\"CH\"},{\"@type\":\"ImageObject\",\"inLanguage\":\"fr-FR\",\"@id\":\"https:\\\/\\\/www.etrix.ch\\\/fr\\\/produit\\\/enviado-panneaux-publicitaires-imprimes-pour-des-motifs-sombres\\\/#local-main-organization-logo\",\"url\":\"https:\\\/\\\/www.etrix.ch\\\/media\\\/2021\\\/05\\\/ETRIX-logo.png\",\"contentUrl\":\"https:\\\/\\\/www.etrix.ch\\\/media\\\/2021\\\/05\\\/ETRIX-logo.png\",\"width\":470,\"height\":85,\"caption\":\"ETRIX E-Motos\"}]}<\/script>\n<meta property=\"product:brand\" content=\"Enviado\" \/>\n<meta property=\"product:price:amount\" content=\"345.00\" \/>\n<meta property=\"product:price:currency\" content=\"CHF\" \/>\n<meta property=\"og:availability\" content=\"instock\" \/>\n<meta property=\"product:availability\" content=\"instock\" \/>\n<meta property=\"product:retailer_item_id\" content=\"RW201716 bedruckt\" \/>\n<meta property=\"product:condition\" content=\"new\" \/>\n<meta name=\"geo.placename\" content=\"Regensdorf\" \/>\n<meta name=\"geo.position\" content=\"47.43839497999372;8.465227605227366\" \/>\n<meta name=\"geo.region\" content=\"Suisse\" \/>\n<!-- \/ Yoast SEO Premium plugin. -->","yoast_head_json":{"title":"enviado Panneaux d\u2019affichage \u2013 imprim\u00e9s pour des motifs sombres - Rouleau de livraison Nom du ETRIX Elektroroller de livraison","description":"Le panneau d\u2019affichage vous offre la possibilit\u00e9 de faire de la publicit\u00e9 pour votre entreprise lors de la livraison. Le paquet se compose de quatre panneaux d\u2019affichage","robots":{"index":"index","follow":"follow","max-snippet":"max-snippet:-1","max-image-preview":"max-image-preview:large","max-video-preview":"max-video-preview:-1"},"canonical":"https:\/\/www.etrix.ch\/fr\/produit\/enviado-panneaux-publicitaires-imprimes-pour-des-motifs-sombres\/","og_locale":"fr_FR","og_type":"article","og_title":"enviado Panneaux d\u2019affichage \u2013 imprim\u00e9s pour des motifs sombres","og_description":"Le panneau d\u2019affichage vous offre la possibilit\u00e9 de faire de la publicit\u00e9 pour votre entreprise lors de la livraison. Le paquet se compose de quatre panneaux d\u2019affichage","og_url":"https:\/\/www.etrix.ch\/fr\/produit\/enviado-panneaux-publicitaires-imprimes-pour-des-motifs-sombres\/","og_site_name":"ETRIX Elektroroller","article_publisher":"https:\/\/m.facebook.com\/etrix.emotos\/","article_modified_time":"2025-01-10T18:58:08+00:00","og_image":[{"width":960,"height":960,"url":"https:\/\/www.etrix.ch\/media\/2024\/08\/enviado-Thermobox-Werbetafel_bedruckt_dunkel.jpg","type":"image\/jpeg"}],"twitter_card":"summary_large_image","twitter_site":"@etrixag","twitter_misc":{"Prix":"&#67;&#72;&#70;&nbsp;345.00 inkl. MwSt.","Disponibilit\u00e9":"En stock"},"schema":{"@context":"https:\/\/schema.org","@graph":[{"@type":"WebPage","@id":"https:\/\/www.etrix.ch\/fr\/produit\/enviado-panneaux-publicitaires-imprimes-pour-des-motifs-sombres\/","url":"https:\/\/www.etrix.ch\/fr\/produit\/enviado-panneaux-publicitaires-imprimes-pour-des-motifs-sombres\/","name":"enviado Panneaux d\u2019affichage \u2013 imprim\u00e9s pour des motifs sombres - Rouleau de livraison Nom du ETRIX Elektroroller de livraison","isPartOf":{"@id":"https:\/\/www.etrix.ch\/fr\/#website"},"primaryImageOfPage":{"@id":"https:\/\/www.etrix.ch\/fr\/produit\/enviado-panneaux-publicitaires-imprimes-pour-des-motifs-sombres\/#primaryimage"},"image":{"@id":"https:\/\/www.etrix.ch\/fr\/produit\/enviado-panneaux-publicitaires-imprimes-pour-des-motifs-sombres\/#primaryimage"},"thumbnailUrl":"https:\/\/www.etrix.ch\/media\/2024\/08\/enviado-Thermobox-Werbetafel_bedruckt_dunkel.jpg","datePublished":"2024-08-13T11:35:27+00:00","dateModified":"2025-01-10T18:58:08+00:00","description":"Le panneau d\u2019affichage vous offre la possibilit\u00e9 de faire de la publicit\u00e9 pour votre entreprise lors de la livraison. Le paquet se compose de quatre panneaux d\u2019affichage","breadcrumb":{"@id":"https:\/\/www.etrix.ch\/fr\/produit\/enviado-panneaux-publicitaires-imprimes-pour-des-motifs-sombres\/#breadcrumb"},"inLanguage":"fr-FR","potentialAction":[{"@type":"ReadAction","target":["https:\/\/www.etrix.ch\/fr\/produit\/enviado-panneaux-publicitaires-imprimes-pour-des-motifs-sombres\/"]}]},{"@type":"ImageObject","inLanguage":"fr-FR","@id":"https:\/\/www.etrix.ch\/fr\/produit\/enviado-panneaux-publicitaires-imprimes-pour-des-motifs-sombres\/#primaryimage","url":"https:\/\/www.etrix.ch\/media\/2024\/08\/enviado-Thermobox-Werbetafel_bedruckt_dunkel.jpg","contentUrl":"https:\/\/www.etrix.ch\/media\/2024\/08\/enviado-Thermobox-Werbetafel_bedruckt_dunkel.jpg","width":960,"height":960,"caption":"Panneau publicitaire Enviado Thermobox imprim\u00e9 fonc\u00e9"},{"@type":"BreadcrumbList","@id":"https:\/\/www.etrix.ch\/fr\/produit\/enviado-panneaux-publicitaires-imprimes-pour-des-motifs-sombres\/#breadcrumb","itemListElement":[{"@type":"ListItem","position":1,"name":"Accueil","item":"https:\/\/www.etrix.ch\/fr\/"},{"@type":"ListItem","position":2,"name":"Boutique","item":"https:\/\/www.etrix.ch\/fr\/boutique\/"},{"@type":"ListItem","position":3,"name":"enviado Panneaux d\u2019affichage \u2013 imprim\u00e9s pour des motifs sombres"}]},{"@type":"WebSite","@id":"https:\/\/www.etrix.ch\/fr\/#website","url":"https:\/\/www.etrix.ch\/fr\/","name":"ETRIX Elektroroller","description":"E-Motos","publisher":{"@id":"https:\/\/www.etrix.ch\/fr\/#organization"},"potentialAction":[{"@type":"SearchAction","target":{"@type":"EntryPoint","urlTemplate":"https:\/\/www.etrix.ch\/fr\/?s={search_term_string}"},"query-input":{"@type":"PropertyValueSpecification","valueRequired":true,"valueName":"search_term_string"}}],"inLanguage":"fr-FR"},{"@type":["Organization","Place","MotorcycleDealer"],"@id":"https:\/\/www.etrix.ch\/fr\/#organization","name":"ETRIX E-Motos","url":"https:\/\/www.etrix.ch\/fr\/","logo":{"@id":"https:\/\/www.etrix.ch\/fr\/produit\/enviado-panneaux-publicitaires-imprimes-pour-des-motifs-sombres\/#local-main-organization-logo"},"image":{"@id":"https:\/\/www.etrix.ch\/fr\/produit\/enviado-panneaux-publicitaires-imprimes-pour-des-motifs-sombres\/#local-main-organization-logo"},"sameAs":["https:\/\/m.facebook.com\/etrix.emotos\/","https:\/\/x.com\/etrixag","https:\/\/www.instagram.com\/etrix_emotos\/p\/BtVW6bXHtNv\/","https:\/\/www.linkedin.com\/company\/etrix-ag","https:\/\/www.youtube.com\/channel\/UCSd-hJdu5u8xPUEY60jexOw"],"address":{"@id":"https:\/\/www.etrix.ch\/fr\/produit\/enviado-panneaux-publicitaires-imprimes-pour-des-motifs-sombres\/#local-main-place-address"},"geo":{"@type":"GeoCoordinates","latitude":"47.43839497999372","longitude":"8.465227605227366"},"telephone":["043 931 00 45"],"openingHoursSpecification":[{"@type":"OpeningHoursSpecification","dayOfWeek":["Monday","Sunday"],"opens":"00:00","closes":"00:00"},{"@type":"OpeningHoursSpecification","dayOfWeek":["Tuesday","Wednesday","Thursday","Friday"],"opens":"10:00","closes":"18:00"},{"@type":"OpeningHoursSpecification","dayOfWeek":["Saturday"],"opens":"10:00","closes":"15:00"}]},{"@type":"PostalAddress","@id":"https:\/\/www.etrix.ch\/fr\/produit\/enviado-panneaux-publicitaires-imprimes-pour-des-motifs-sombres\/#local-main-place-address","streetAddress":"Riedthofstrasse 122","addressLocality":"Regensdorf","postalCode":"8105","addressRegion":"Z\u00fcrich","addressCountry":"CH"},{"@type":"ImageObject","inLanguage":"fr-FR","@id":"https:\/\/www.etrix.ch\/fr\/produit\/enviado-panneaux-publicitaires-imprimes-pour-des-motifs-sombres\/#local-main-organization-logo","url":"https:\/\/www.etrix.ch\/media\/2021\/05\/ETRIX-logo.png","contentUrl":"https:\/\/www.etrix.ch\/media\/2021\/05\/ETRIX-logo.png","width":470,"height":85,"caption":"ETRIX E-Motos"}]},"product_brand":"Enviado","product_price_amount":"345.00","product_price_currency":"CHF","og_availability":"instock","product_availability":"instock","product_retailer_item_id":"RW201716 bedruckt","product_condition":"new","geo.placename":"Regensdorf","geo.position":{"lat":"47.43839497999372","long":"8.465227605227366"},"geo.region":"Suisse"},"_links":{"self":[{"href":"https:\/\/www.etrix.ch\/fr\/wp-json\/wp\/v2\/product\/30189","targetHints":{"allow":["GET"]}}],"collection":[{"href":"https:\/\/www.etrix.ch\/fr\/wp-json\/wp\/v2\/product"}],"about":[{"href":"https:\/\/www.etrix.ch\/fr\/wp-json\/wp\/v2\/types\/product"}],"wp:featuredmedia":[{"embeddable":true,"href":"https:\/\/www.etrix.ch\/fr\/wp-json\/wp\/v2\/media\/30193"}],"wp:attachment":[{"href":"https:\/\/www.etrix.ch\/fr\/wp-json\/wp\/v2\/media?parent=30189"}],"wp:term":[{"taxonomy":"product_brand","embeddable":true,"href":"https:\/\/www.etrix.ch\/fr\/wp-json\/wp\/v2\/product_brand?post=30189"},{"taxonomy":"product_cat","embeddable":true,"href":"https:\/\/www.etrix.ch\/fr\/wp-json\/wp\/v2\/product_cat?post=30189"},{"taxonomy":"product_tag","embeddable":true,"href":"https:\/\/www.etrix.ch\/fr\/wp-json\/wp\/v2\/product_tag?post=30189"}],"curies":[{"name":"wp","href":"https:\/\/api.w.org\/{rel}","templated":true}]}}