{"id":29668,"date":"2024-07-12T07:24:23","date_gmt":"2024-07-12T05:24:23","guid":{"rendered":"https:\/\/www.etrix.ch\/produkt\/support-pour-smartphone-combo-2-0-support-de-guidon-avec-amortisseur\/"},"modified":"2025-09-17T18:11:56","modified_gmt":"2025-09-17T16:11:56","slug":"support-pour-smartphone-combo-2-0-support-de-guidon-avec-amortisseur","status":"publish","type":"product","link":"https:\/\/www.etrix.ch\/fr\/produit\/support-pour-smartphone-combo-2-0-support-de-guidon-avec-amortisseur\/","title":{"rendered":"Support pour smartphone Combo 2.0 - Support de guidon avec amortisseur"},"content":{"rendered":"<h2 class=\"py-2\">Titan combo 2.0, connecteur de guidon tr\u00e8s r\u00e9sistant<\/h2>\n<p>5 adaptateurs en caoutchouc EPDM inclus : 35 \/ 31,8 \/ 28 \/ 25,4 \/ 22 mm. Amortisseur de vibrations int\u00e9gr\u00e9 pour r\u00e9duire les vibrations transmises par le v\u00e9lo et \u00e9viter d\u2019endommager l\u2019appareil photo de votre smartphone. Le bras peut \u00eatre tourn\u00e9 pour placer le t\u00e9l\u00e9phone de mani\u00e8re optimale et optimiser l\u2019angle de vision. Adaptateur de cam\u00e9ra d\u2019action inclus. Syst\u00e8me DuoLock 2.0 avec d\u00e9gagement rapide.<\/p>\n","protected":false},"excerpt":{"rendered":"<p>Titan combo 2.0, connecteur de &#8230; <a title=\"Support pour smartphone Combo 2.0 - Support de guidon avec amortisseur\" class=\"read-more\" href=\"https:\/\/www.etrix.ch\/fr\/produit\/support-pour-smartphone-combo-2-0-support-de-guidon-avec-amortisseur\/\" aria-label=\"En savoir plus sur Support pour smartphone Combo 2.0 - Support de guidon avec amortisseur\">&gt;  En savoir plus<\/a><\/p>\n","protected":false},"featured_media":29563,"template":"","meta":{"_acf_changed":false},"product_brand":[],"product_cat":[582],"product_tag":[2944],"class_list":{"0":"post-29668","1":"product","2":"type-product","3":"status-publish","4":"has-post-thumbnail","6":"product_cat-accessoires","7":"product_tag-accessoires-de-telephone","8":"pa_marke-opti-line-fr","9":"sales-flash-overlay","10":"woocommerce-text-align-left","11":"woocommerce-image-align-center","12":"do-quantity-buttons","13":"wc-has-gallery","15":"first","16":"instock","17":"taxable","18":"shipping-taxable","19":"purchasable","20":"product-type-simple"},"acf":[],"yoast_head":"<!-- This site is optimized with the Yoast SEO Premium plugin v26.9 (Yoast SEO v27.6) - https:\/\/yoast.com\/product\/yoast-seo-premium-wordpress\/ -->\n<title>Support pour smartphone Combo 2.0 - Support de guidon avec amortisseur - ETRIX Elektroroller<\/title>\n<meta name=\"robots\" content=\"index, follow, max-snippet:-1, max-image-preview:large, max-video-preview:-1\" \/>\n<link rel=\"canonical\" href=\"https:\/\/www.etrix.ch\/fr\/produit\/support-pour-smartphone-combo-2-0-support-de-guidon-avec-amortisseur\/\" \/>\n<meta property=\"og:locale\" content=\"fr_FR\" \/>\n<meta property=\"og:type\" content=\"article\" \/>\n<meta property=\"og:title\" content=\"Support pour smartphone Combo 2.0 - Support de guidon avec amortisseur\" \/>\n<meta property=\"og:description\" content=\"Titan combo 2.0, connecteur de ... &gt; En savoir plus\" \/>\n<meta property=\"og:url\" content=\"https:\/\/www.etrix.ch\/fr\/produit\/support-pour-smartphone-combo-2-0-support-de-guidon-avec-amortisseur\/\" \/>\n<meta property=\"og:site_name\" content=\"ETRIX Elektroroller\" \/>\n<meta property=\"article:publisher\" content=\"https:\/\/m.facebook.com\/etrix.emotos\/\" \/>\n<meta property=\"article:modified_time\" content=\"2025-09-17T16:11:56+00:00\" \/>\n<meta property=\"og:image\" content=\"https:\/\/www.etrix.ch\/media\/2024\/07\/combo-2-0-smartphone-halterung-lenkerhalterung-Daempfer-etrix-91773-S-01.jpeg\" \/>\n\t<meta property=\"og:image:width\" content=\"1000\" \/>\n\t<meta property=\"og:image:height\" content=\"1000\" \/>\n\t<meta property=\"og:image:type\" content=\"image\/jpeg\" \/>\n<meta name=\"twitter:card\" content=\"summary_large_image\" \/>\n<meta name=\"twitter:site\" content=\"@etrixag\" \/>\n<meta name=\"twitter:label1\" content=\"Prix\" \/>\n\t<meta name=\"twitter:data1\" content=\"&#067;&#072;&#070;&nbsp;45.00 inkl. MwSt.\" \/>\n\t<meta name=\"twitter:label2\" content=\"Disponibilit\u00e9\" \/>\n\t<meta name=\"twitter:data2\" content=\"En stock\" \/>\n<script type=\"application\/ld+json\" class=\"yoast-schema-graph\">{\"@context\":\"https:\\\/\\\/schema.org\",\"@graph\":[{\"@type\":\"WebPage\",\"@id\":\"https:\\\/\\\/www.etrix.ch\\\/fr\\\/produit\\\/support-pour-smartphone-combo-2-0-support-de-guidon-avec-amortisseur\\\/\",\"url\":\"https:\\\/\\\/www.etrix.ch\\\/fr\\\/produit\\\/support-pour-smartphone-combo-2-0-support-de-guidon-avec-amortisseur\\\/\",\"name\":\"Support pour smartphone Combo 2.0 - Support de guidon avec amortisseur - ETRIX Elektroroller\",\"isPartOf\":{\"@id\":\"https:\\\/\\\/www.etrix.ch\\\/fr\\\/#website\"},\"primaryImageOfPage\":{\"@id\":\"https:\\\/\\\/www.etrix.ch\\\/fr\\\/produit\\\/support-pour-smartphone-combo-2-0-support-de-guidon-avec-amortisseur\\\/#primaryimage\"},\"image\":{\"@id\":\"https:\\\/\\\/www.etrix.ch\\\/fr\\\/produit\\\/support-pour-smartphone-combo-2-0-support-de-guidon-avec-amortisseur\\\/#primaryimage\"},\"thumbnailUrl\":\"https:\\\/\\\/www.etrix.ch\\\/media\\\/2024\\\/07\\\/combo-2-0-smartphone-halterung-lenkerhalterung-Daempfer-etrix-91773-S-01.jpeg\",\"datePublished\":\"2024-07-12T05:24:23+00:00\",\"dateModified\":\"2025-09-17T16:11:56+00:00\",\"breadcrumb\":{\"@id\":\"https:\\\/\\\/www.etrix.ch\\\/fr\\\/produit\\\/support-pour-smartphone-combo-2-0-support-de-guidon-avec-amortisseur\\\/#breadcrumb\"},\"inLanguage\":\"fr-FR\",\"potentialAction\":[{\"@type\":\"ReadAction\",\"target\":[\"https:\\\/\\\/www.etrix.ch\\\/fr\\\/produit\\\/support-pour-smartphone-combo-2-0-support-de-guidon-avec-amortisseur\\\/\"]}]},{\"@type\":\"ImageObject\",\"inLanguage\":\"fr-FR\",\"@id\":\"https:\\\/\\\/www.etrix.ch\\\/fr\\\/produit\\\/support-pour-smartphone-combo-2-0-support-de-guidon-avec-amortisseur\\\/#primaryimage\",\"url\":\"https:\\\/\\\/www.etrix.ch\\\/media\\\/2024\\\/07\\\/combo-2-0-smartphone-halterung-lenkerhalterung-Daempfer-etrix-91773-S-01.jpeg\",\"contentUrl\":\"https:\\\/\\\/www.etrix.ch\\\/media\\\/2024\\\/07\\\/combo-2-0-smartphone-halterung-lenkerhalterung-Daempfer-etrix-91773-S-01.jpeg\",\"width\":1000,\"height\":1000,\"caption\":\"Combo 2 0 Support de Smartphone Support de Guidon Amortisseur Etrix 91773 S 01\"},{\"@type\":\"BreadcrumbList\",\"@id\":\"https:\\\/\\\/www.etrix.ch\\\/fr\\\/produit\\\/support-pour-smartphone-combo-2-0-support-de-guidon-avec-amortisseur\\\/#breadcrumb\",\"itemListElement\":[{\"@type\":\"ListItem\",\"position\":1,\"name\":\"Accueil\",\"item\":\"https:\\\/\\\/www.etrix.ch\\\/fr\\\/\"},{\"@type\":\"ListItem\",\"position\":2,\"name\":\"Boutique\",\"item\":\"https:\\\/\\\/www.etrix.ch\\\/fr\\\/boutique\\\/\"},{\"@type\":\"ListItem\",\"position\":3,\"name\":\"Support pour smartphone Combo 2.0 &#8211; Support de guidon avec amortisseur\"}]},{\"@type\":\"WebSite\",\"@id\":\"https:\\\/\\\/www.etrix.ch\\\/fr\\\/#website\",\"url\":\"https:\\\/\\\/www.etrix.ch\\\/fr\\\/\",\"name\":\"ETRIX Elektroroller\",\"description\":\"E-Motos\",\"publisher\":{\"@id\":\"https:\\\/\\\/www.etrix.ch\\\/fr\\\/#organization\"},\"potentialAction\":[{\"@type\":\"SearchAction\",\"target\":{\"@type\":\"EntryPoint\",\"urlTemplate\":\"https:\\\/\\\/www.etrix.ch\\\/fr\\\/?s={search_term_string}\"},\"query-input\":{\"@type\":\"PropertyValueSpecification\",\"valueRequired\":true,\"valueName\":\"search_term_string\"}}],\"inLanguage\":\"fr-FR\"},{\"@type\":[\"Organization\",\"Place\",\"MotorcycleDealer\"],\"@id\":\"https:\\\/\\\/www.etrix.ch\\\/fr\\\/#organization\",\"name\":\"ETRIX E-Motos\",\"url\":\"https:\\\/\\\/www.etrix.ch\\\/fr\\\/\",\"logo\":{\"@id\":\"https:\\\/\\\/www.etrix.ch\\\/fr\\\/produit\\\/support-pour-smartphone-combo-2-0-support-de-guidon-avec-amortisseur\\\/#local-main-organization-logo\"},\"image\":{\"@id\":\"https:\\\/\\\/www.etrix.ch\\\/fr\\\/produit\\\/support-pour-smartphone-combo-2-0-support-de-guidon-avec-amortisseur\\\/#local-main-organization-logo\"},\"sameAs\":[\"https:\\\/\\\/m.facebook.com\\\/etrix.emotos\\\/\",\"https:\\\/\\\/x.com\\\/etrixag\",\"https:\\\/\\\/www.instagram.com\\\/etrix_emotos\\\/p\\\/BtVW6bXHtNv\\\/\",\"https:\\\/\\\/www.linkedin.com\\\/company\\\/etrix-ag\",\"https:\\\/\\\/www.youtube.com\\\/channel\\\/UCSd-hJdu5u8xPUEY60jexOw\"],\"address\":{\"@id\":\"https:\\\/\\\/www.etrix.ch\\\/fr\\\/produit\\\/support-pour-smartphone-combo-2-0-support-de-guidon-avec-amortisseur\\\/#local-main-place-address\"},\"geo\":{\"@type\":\"GeoCoordinates\",\"latitude\":\"47.43839497999372\",\"longitude\":\"8.465227605227366\"},\"telephone\":[\"043 931 00 45\"],\"openingHoursSpecification\":[{\"@type\":\"OpeningHoursSpecification\",\"dayOfWeek\":[\"Monday\",\"Sunday\"],\"opens\":\"00:00\",\"closes\":\"00:00\"},{\"@type\":\"OpeningHoursSpecification\",\"dayOfWeek\":[\"Tuesday\",\"Wednesday\",\"Thursday\",\"Friday\"],\"opens\":\"10:00\",\"closes\":\"18:00\"},{\"@type\":\"OpeningHoursSpecification\",\"dayOfWeek\":[\"Saturday\"],\"opens\":\"10:00\",\"closes\":\"15:00\"}]},{\"@type\":\"PostalAddress\",\"@id\":\"https:\\\/\\\/www.etrix.ch\\\/fr\\\/produit\\\/support-pour-smartphone-combo-2-0-support-de-guidon-avec-amortisseur\\\/#local-main-place-address\",\"streetAddress\":\"Riedthofstrasse 122\",\"addressLocality\":\"Regensdorf\",\"postalCode\":\"8105\",\"addressRegion\":\"Z\u00fcrich\",\"addressCountry\":\"CH\"},{\"@type\":\"ImageObject\",\"inLanguage\":\"fr-FR\",\"@id\":\"https:\\\/\\\/www.etrix.ch\\\/fr\\\/produit\\\/support-pour-smartphone-combo-2-0-support-de-guidon-avec-amortisseur\\\/#local-main-organization-logo\",\"url\":\"https:\\\/\\\/www.etrix.ch\\\/media\\\/2021\\\/05\\\/ETRIX-logo.png\",\"contentUrl\":\"https:\\\/\\\/www.etrix.ch\\\/media\\\/2021\\\/05\\\/ETRIX-logo.png\",\"width\":470,\"height\":85,\"caption\":\"ETRIX E-Motos\"}]}<\/script>\n<meta property=\"product:brand\" content=\"Opti-Line\" \/>\n<meta property=\"product:price:amount\" content=\"45.00\" \/>\n<meta property=\"product:price:currency\" content=\"CHF\" \/>\n<meta property=\"og:availability\" content=\"instock\" \/>\n<meta property=\"product:availability\" content=\"instock\" \/>\n<meta property=\"product:retailer_item_id\" content=\"RW201641\" \/>\n<meta property=\"product:condition\" content=\"new\" \/>\n<meta name=\"geo.placename\" content=\"Regensdorf\" \/>\n<meta name=\"geo.position\" content=\"47.43839497999372;8.465227605227366\" \/>\n<meta name=\"geo.region\" content=\"Suisse\" \/>\n<!-- \/ Yoast SEO Premium plugin. -->","yoast_head_json":{"title":"Support pour smartphone Combo 2.0 - Support de guidon avec amortisseur - ETRIX Elektroroller","robots":{"index":"index","follow":"follow","max-snippet":"max-snippet:-1","max-image-preview":"max-image-preview:large","max-video-preview":"max-video-preview:-1"},"canonical":"https:\/\/www.etrix.ch\/fr\/produit\/support-pour-smartphone-combo-2-0-support-de-guidon-avec-amortisseur\/","og_locale":"fr_FR","og_type":"article","og_title":"Support pour smartphone Combo 2.0 - Support de guidon avec amortisseur","og_description":"Titan combo 2.0, connecteur de ... &gt; En savoir plus","og_url":"https:\/\/www.etrix.ch\/fr\/produit\/support-pour-smartphone-combo-2-0-support-de-guidon-avec-amortisseur\/","og_site_name":"ETRIX Elektroroller","article_publisher":"https:\/\/m.facebook.com\/etrix.emotos\/","article_modified_time":"2025-09-17T16:11:56+00:00","og_image":[{"width":1000,"height":1000,"url":"https:\/\/www.etrix.ch\/media\/2024\/07\/combo-2-0-smartphone-halterung-lenkerhalterung-Daempfer-etrix-91773-S-01.jpeg","type":"image\/jpeg"}],"twitter_card":"summary_large_image","twitter_site":"@etrixag","twitter_misc":{"Prix":"&#67;&#72;&#70;&nbsp;45.00 inkl. MwSt.","Disponibilit\u00e9":"En stock"},"schema":{"@context":"https:\/\/schema.org","@graph":[{"@type":"WebPage","@id":"https:\/\/www.etrix.ch\/fr\/produit\/support-pour-smartphone-combo-2-0-support-de-guidon-avec-amortisseur\/","url":"https:\/\/www.etrix.ch\/fr\/produit\/support-pour-smartphone-combo-2-0-support-de-guidon-avec-amortisseur\/","name":"Support pour smartphone Combo 2.0 - Support de guidon avec amortisseur - ETRIX Elektroroller","isPartOf":{"@id":"https:\/\/www.etrix.ch\/fr\/#website"},"primaryImageOfPage":{"@id":"https:\/\/www.etrix.ch\/fr\/produit\/support-pour-smartphone-combo-2-0-support-de-guidon-avec-amortisseur\/#primaryimage"},"image":{"@id":"https:\/\/www.etrix.ch\/fr\/produit\/support-pour-smartphone-combo-2-0-support-de-guidon-avec-amortisseur\/#primaryimage"},"thumbnailUrl":"https:\/\/www.etrix.ch\/media\/2024\/07\/combo-2-0-smartphone-halterung-lenkerhalterung-Daempfer-etrix-91773-S-01.jpeg","datePublished":"2024-07-12T05:24:23+00:00","dateModified":"2025-09-17T16:11:56+00:00","breadcrumb":{"@id":"https:\/\/www.etrix.ch\/fr\/produit\/support-pour-smartphone-combo-2-0-support-de-guidon-avec-amortisseur\/#breadcrumb"},"inLanguage":"fr-FR","potentialAction":[{"@type":"ReadAction","target":["https:\/\/www.etrix.ch\/fr\/produit\/support-pour-smartphone-combo-2-0-support-de-guidon-avec-amortisseur\/"]}]},{"@type":"ImageObject","inLanguage":"fr-FR","@id":"https:\/\/www.etrix.ch\/fr\/produit\/support-pour-smartphone-combo-2-0-support-de-guidon-avec-amortisseur\/#primaryimage","url":"https:\/\/www.etrix.ch\/media\/2024\/07\/combo-2-0-smartphone-halterung-lenkerhalterung-Daempfer-etrix-91773-S-01.jpeg","contentUrl":"https:\/\/www.etrix.ch\/media\/2024\/07\/combo-2-0-smartphone-halterung-lenkerhalterung-Daempfer-etrix-91773-S-01.jpeg","width":1000,"height":1000,"caption":"Combo 2 0 Support de Smartphone Support de Guidon Amortisseur Etrix 91773 S 01"},{"@type":"BreadcrumbList","@id":"https:\/\/www.etrix.ch\/fr\/produit\/support-pour-smartphone-combo-2-0-support-de-guidon-avec-amortisseur\/#breadcrumb","itemListElement":[{"@type":"ListItem","position":1,"name":"Accueil","item":"https:\/\/www.etrix.ch\/fr\/"},{"@type":"ListItem","position":2,"name":"Boutique","item":"https:\/\/www.etrix.ch\/fr\/boutique\/"},{"@type":"ListItem","position":3,"name":"Support pour smartphone Combo 2.0 &#8211; Support de guidon avec amortisseur"}]},{"@type":"WebSite","@id":"https:\/\/www.etrix.ch\/fr\/#website","url":"https:\/\/www.etrix.ch\/fr\/","name":"ETRIX Elektroroller","description":"E-Motos","publisher":{"@id":"https:\/\/www.etrix.ch\/fr\/#organization"},"potentialAction":[{"@type":"SearchAction","target":{"@type":"EntryPoint","urlTemplate":"https:\/\/www.etrix.ch\/fr\/?s={search_term_string}"},"query-input":{"@type":"PropertyValueSpecification","valueRequired":true,"valueName":"search_term_string"}}],"inLanguage":"fr-FR"},{"@type":["Organization","Place","MotorcycleDealer"],"@id":"https:\/\/www.etrix.ch\/fr\/#organization","name":"ETRIX E-Motos","url":"https:\/\/www.etrix.ch\/fr\/","logo":{"@id":"https:\/\/www.etrix.ch\/fr\/produit\/support-pour-smartphone-combo-2-0-support-de-guidon-avec-amortisseur\/#local-main-organization-logo"},"image":{"@id":"https:\/\/www.etrix.ch\/fr\/produit\/support-pour-smartphone-combo-2-0-support-de-guidon-avec-amortisseur\/#local-main-organization-logo"},"sameAs":["https:\/\/m.facebook.com\/etrix.emotos\/","https:\/\/x.com\/etrixag","https:\/\/www.instagram.com\/etrix_emotos\/p\/BtVW6bXHtNv\/","https:\/\/www.linkedin.com\/company\/etrix-ag","https:\/\/www.youtube.com\/channel\/UCSd-hJdu5u8xPUEY60jexOw"],"address":{"@id":"https:\/\/www.etrix.ch\/fr\/produit\/support-pour-smartphone-combo-2-0-support-de-guidon-avec-amortisseur\/#local-main-place-address"},"geo":{"@type":"GeoCoordinates","latitude":"47.43839497999372","longitude":"8.465227605227366"},"telephone":["043 931 00 45"],"openingHoursSpecification":[{"@type":"OpeningHoursSpecification","dayOfWeek":["Monday","Sunday"],"opens":"00:00","closes":"00:00"},{"@type":"OpeningHoursSpecification","dayOfWeek":["Tuesday","Wednesday","Thursday","Friday"],"opens":"10:00","closes":"18:00"},{"@type":"OpeningHoursSpecification","dayOfWeek":["Saturday"],"opens":"10:00","closes":"15:00"}]},{"@type":"PostalAddress","@id":"https:\/\/www.etrix.ch\/fr\/produit\/support-pour-smartphone-combo-2-0-support-de-guidon-avec-amortisseur\/#local-main-place-address","streetAddress":"Riedthofstrasse 122","addressLocality":"Regensdorf","postalCode":"8105","addressRegion":"Z\u00fcrich","addressCountry":"CH"},{"@type":"ImageObject","inLanguage":"fr-FR","@id":"https:\/\/www.etrix.ch\/fr\/produit\/support-pour-smartphone-combo-2-0-support-de-guidon-avec-amortisseur\/#local-main-organization-logo","url":"https:\/\/www.etrix.ch\/media\/2021\/05\/ETRIX-logo.png","contentUrl":"https:\/\/www.etrix.ch\/media\/2021\/05\/ETRIX-logo.png","width":470,"height":85,"caption":"ETRIX E-Motos"}]},"product_brand":"Opti-Line","product_price_amount":"45.00","product_price_currency":"CHF","og_availability":"instock","product_availability":"instock","product_retailer_item_id":"RW201641","product_condition":"new","geo.placename":"Regensdorf","geo.position":{"lat":"47.43839497999372","long":"8.465227605227366"},"geo.region":"Suisse"},"_links":{"self":[{"href":"https:\/\/www.etrix.ch\/fr\/wp-json\/wp\/v2\/product\/29668","targetHints":{"allow":["GET"]}}],"collection":[{"href":"https:\/\/www.etrix.ch\/fr\/wp-json\/wp\/v2\/product"}],"about":[{"href":"https:\/\/www.etrix.ch\/fr\/wp-json\/wp\/v2\/types\/product"}],"wp:featuredmedia":[{"embeddable":true,"href":"https:\/\/www.etrix.ch\/fr\/wp-json\/wp\/v2\/media\/29563"}],"wp:attachment":[{"href":"https:\/\/www.etrix.ch\/fr\/wp-json\/wp\/v2\/media?parent=29668"}],"wp:term":[{"taxonomy":"product_brand","embeddable":true,"href":"https:\/\/www.etrix.ch\/fr\/wp-json\/wp\/v2\/product_brand?post=29668"},{"taxonomy":"product_cat","embeddable":true,"href":"https:\/\/www.etrix.ch\/fr\/wp-json\/wp\/v2\/product_cat?post=29668"},{"taxonomy":"product_tag","embeddable":true,"href":"https:\/\/www.etrix.ch\/fr\/wp-json\/wp\/v2\/product_tag?post=29668"}],"curies":[{"name":"wp","href":"https:\/\/api.w.org\/{rel}","templated":true}]}}