{"id":28587,"date":"2024-05-27T00:45:19","date_gmt":"2024-05-26T22:45:19","guid":{"rendered":"https:\/\/www.etrix.ch\/produkt\/kit-de-porte-bagages-superieur-et-lateral-zero\/"},"modified":"2025-12-08T00:41:38","modified_gmt":"2025-12-07T23:41:38","slug":"kit-de-porte-bagages-superieur-et-lateral-zero","status":"publish","type":"product","link":"https:\/\/www.etrix.ch\/fr\/produit\/kit-de-porte-bagages-superieur-et-lateral-zero\/","title":{"rendered":"Kit de porte-bagages sup\u00e9rieur et lat\u00e9ral - Zero"},"content":{"rendered":"<p>Les valises lat\u00e9rales SH23 et SH39 sont faciles \u00e0 enclencher et \u00e0 retirer, elles r\u00e9pondent donc \u00e0 tous vos besoins. Ces valises sont verrouillables mais accessibles sans cl\u00e9 et peuvent facilement contenir un casque int\u00e9gral. Les valises lat\u00e9rales SHAD SH23 ont une capacit\u00e9 combin\u00e9e de 46 litres avec une capacit\u00e9 de charge maximale de 4,5 kg par valise, tandis que le top case SH39 a une capacit\u00e9 de 39 litres et une capacit\u00e9 de charge maximale de 4 kg. Disponible en porte-bagages en acier noir thermolaqu\u00e9 ou en combinaison avec des valises sup\u00e9rieures et lat\u00e9rales.<\/p>\n","protected":false},"excerpt":{"rendered":"<p>Les valises lat\u00e9rales SH23 et &#8230; <a title=\"Kit de porte-bagages sup\u00e9rieur et lat\u00e9ral - Zero\" class=\"read-more\" href=\"https:\/\/www.etrix.ch\/fr\/produit\/kit-de-porte-bagages-superieur-et-lateral-zero\/\" aria-label=\"En savoir plus sur Kit de porte-bagages sup\u00e9rieur et lat\u00e9ral - Zero\">&gt;  En savoir plus<\/a><\/p>\n","protected":false},"featured_media":27850,"template":"","meta":{"_acf_changed":false},"product_brand":[],"product_cat":[582,2162,2161,2271],"product_tag":[1416],"class_list":{"0":"post-28587","1":"product","2":"type-product","3":"status-publish","4":"has-post-thumbnail","6":"product_cat-accessoires","7":"product_cat-accessoires-pour-motos-electriques","8":"product_cat-moto-electrique","9":"product_cat-stockage","10":"product_tag-box-fr","11":"product_shipping_class-expedition-zero","12":"pa_marke-zero-fr","13":"sales-flash-overlay","14":"woocommerce-text-align-left","15":"woocommerce-image-align-center","16":"do-quantity-buttons","17":"wc-has-gallery","19":"first","20":"instock","21":"taxable","22":"shipping-taxable","23":"purchasable","24":"product-type-variable"},"acf":[],"yoast_head":"<!-- This site is optimized with the Yoast SEO Premium plugin v26.9 (Yoast SEO v27.5) - https:\/\/yoast.com\/product\/yoast-seo-premium-wordpress\/ -->\n<title>Kit de porte-bagages sup\u00e9rieur et lat\u00e9ral - Zero - ETRIX Elektroroller<\/title>\n<meta name=\"robots\" content=\"index, follow, max-snippet:-1, max-image-preview:large, max-video-preview:-1\" \/>\n<link rel=\"canonical\" href=\"https:\/\/www.etrix.ch\/fr\/produit\/kit-de-porte-bagages-superieur-et-lateral-zero\/\" \/>\n<meta property=\"og:locale\" content=\"fr_FR\" \/>\n<meta property=\"og:type\" content=\"article\" \/>\n<meta property=\"og:title\" content=\"Kit de porte-bagages sup\u00e9rieur et lat\u00e9ral - Zero\" \/>\n<meta property=\"og:description\" content=\"Les valises lat\u00e9rales SH23 et ... &gt; En savoir plus\" \/>\n<meta property=\"og:url\" content=\"https:\/\/www.etrix.ch\/fr\/produit\/kit-de-porte-bagages-superieur-et-lateral-zero\/\" \/>\n<meta property=\"og:site_name\" content=\"ETRIX Elektroroller\" \/>\n<meta property=\"article:publisher\" content=\"https:\/\/m.facebook.com\/etrix.emotos\/\" \/>\n<meta property=\"article:modified_time\" content=\"2025-12-07T23:41:38+00:00\" \/>\n<meta property=\"og:image\" content=\"https:\/\/www.etrix.ch\/media\/2024\/05\/file_0bf2e44d-a919-4a63-a08e-7b22c2891efb_1024x1024.png\" \/>\n\t<meta property=\"og:image:width\" content=\"1024\" \/>\n\t<meta property=\"og:image:height\" content=\"819\" \/>\n\t<meta property=\"og:image:type\" content=\"image\/png\" \/>\n<meta name=\"twitter:card\" content=\"summary_large_image\" \/>\n<meta name=\"twitter:site\" content=\"@etrixag\" \/>\n<meta name=\"twitter:label1\" content=\"Disponibilit\u00e9\" \/>\n\t<meta name=\"twitter:data1\" content=\"En stock\" \/>\n<script type=\"application\/ld+json\" class=\"yoast-schema-graph\">{\"@context\":\"https:\\\/\\\/schema.org\",\"@graph\":[{\"@type\":\"WebPage\",\"@id\":\"https:\\\/\\\/www.etrix.ch\\\/fr\\\/produit\\\/kit-de-porte-bagages-superieur-et-lateral-zero\\\/\",\"url\":\"https:\\\/\\\/www.etrix.ch\\\/fr\\\/produit\\\/kit-de-porte-bagages-superieur-et-lateral-zero\\\/\",\"name\":\"Kit de porte-bagages sup\u00e9rieur et lat\u00e9ral - Zero - ETRIX Elektroroller\",\"isPartOf\":{\"@id\":\"https:\\\/\\\/www.etrix.ch\\\/fr\\\/#website\"},\"primaryImageOfPage\":{\"@id\":\"https:\\\/\\\/www.etrix.ch\\\/fr\\\/produit\\\/kit-de-porte-bagages-superieur-et-lateral-zero\\\/#primaryimage\"},\"image\":{\"@id\":\"https:\\\/\\\/www.etrix.ch\\\/fr\\\/produit\\\/kit-de-porte-bagages-superieur-et-lateral-zero\\\/#primaryimage\"},\"thumbnailUrl\":\"https:\\\/\\\/www.etrix.ch\\\/media\\\/2024\\\/05\\\/file_0bf2e44d-a919-4a63-a08e-7b22c2891efb_1024x1024.png\",\"datePublished\":\"2024-05-26T22:45:19+00:00\",\"dateModified\":\"2025-12-07T23:41:38+00:00\",\"breadcrumb\":{\"@id\":\"https:\\\/\\\/www.etrix.ch\\\/fr\\\/produit\\\/kit-de-porte-bagages-superieur-et-lateral-zero\\\/#breadcrumb\"},\"inLanguage\":\"fr-FR\",\"potentialAction\":[{\"@type\":\"ReadAction\",\"target\":[\"https:\\\/\\\/www.etrix.ch\\\/fr\\\/produit\\\/kit-de-porte-bagages-superieur-et-lateral-zero\\\/\"]}]},{\"@type\":\"ImageObject\",\"inLanguage\":\"fr-FR\",\"@id\":\"https:\\\/\\\/www.etrix.ch\\\/fr\\\/produit\\\/kit-de-porte-bagages-superieur-et-lateral-zero\\\/#primaryimage\",\"url\":\"https:\\\/\\\/www.etrix.ch\\\/media\\\/2024\\\/05\\\/file_0bf2e44d-a919-4a63-a08e-7b22c2891efb_1024x1024.png\",\"contentUrl\":\"https:\\\/\\\/www.etrix.ch\\\/media\\\/2024\\\/05\\\/file_0bf2e44d-a919-4a63-a08e-7b22c2891efb_1024x1024.png\",\"width\":1024,\"height\":819},{\"@type\":\"BreadcrumbList\",\"@id\":\"https:\\\/\\\/www.etrix.ch\\\/fr\\\/produit\\\/kit-de-porte-bagages-superieur-et-lateral-zero\\\/#breadcrumb\",\"itemListElement\":[{\"@type\":\"ListItem\",\"position\":1,\"name\":\"Accueil\",\"item\":\"https:\\\/\\\/www.etrix.ch\\\/fr\\\/\"},{\"@type\":\"ListItem\",\"position\":2,\"name\":\"Boutique\",\"item\":\"https:\\\/\\\/www.etrix.ch\\\/fr\\\/boutique\\\/\"},{\"@type\":\"ListItem\",\"position\":3,\"name\":\"Kit de porte-bagages sup\u00e9rieur et lat\u00e9ral - Zero\"}]},{\"@type\":\"WebSite\",\"@id\":\"https:\\\/\\\/www.etrix.ch\\\/fr\\\/#website\",\"url\":\"https:\\\/\\\/www.etrix.ch\\\/fr\\\/\",\"name\":\"ETRIX Elektroroller\",\"description\":\"E-Motos\",\"publisher\":{\"@id\":\"https:\\\/\\\/www.etrix.ch\\\/fr\\\/#organization\"},\"potentialAction\":[{\"@type\":\"SearchAction\",\"target\":{\"@type\":\"EntryPoint\",\"urlTemplate\":\"https:\\\/\\\/www.etrix.ch\\\/fr\\\/?s={search_term_string}\"},\"query-input\":{\"@type\":\"PropertyValueSpecification\",\"valueRequired\":true,\"valueName\":\"search_term_string\"}}],\"inLanguage\":\"fr-FR\"},{\"@type\":[\"Organization\",\"Place\",\"MotorcycleDealer\"],\"@id\":\"https:\\\/\\\/www.etrix.ch\\\/fr\\\/#organization\",\"name\":\"ETRIX E-Motos\",\"url\":\"https:\\\/\\\/www.etrix.ch\\\/fr\\\/\",\"logo\":{\"@id\":\"https:\\\/\\\/www.etrix.ch\\\/fr\\\/produit\\\/kit-de-porte-bagages-superieur-et-lateral-zero\\\/#local-main-organization-logo\"},\"image\":{\"@id\":\"https:\\\/\\\/www.etrix.ch\\\/fr\\\/produit\\\/kit-de-porte-bagages-superieur-et-lateral-zero\\\/#local-main-organization-logo\"},\"sameAs\":[\"https:\\\/\\\/m.facebook.com\\\/etrix.emotos\\\/\",\"https:\\\/\\\/x.com\\\/etrixag\",\"https:\\\/\\\/www.instagram.com\\\/etrix_emotos\\\/p\\\/BtVW6bXHtNv\\\/\",\"https:\\\/\\\/www.linkedin.com\\\/company\\\/etrix-ag\",\"https:\\\/\\\/www.youtube.com\\\/channel\\\/UCSd-hJdu5u8xPUEY60jexOw\"],\"address\":{\"@id\":\"https:\\\/\\\/www.etrix.ch\\\/fr\\\/produit\\\/kit-de-porte-bagages-superieur-et-lateral-zero\\\/#local-main-place-address\"},\"geo\":{\"@type\":\"GeoCoordinates\",\"latitude\":\"47.43839497999372\",\"longitude\":\"8.465227605227366\"},\"telephone\":[\"043 931 00 45\"],\"openingHoursSpecification\":[{\"@type\":\"OpeningHoursSpecification\",\"dayOfWeek\":[\"Monday\",\"Sunday\"],\"opens\":\"00:00\",\"closes\":\"00:00\"},{\"@type\":\"OpeningHoursSpecification\",\"dayOfWeek\":[\"Tuesday\",\"Wednesday\",\"Thursday\",\"Friday\"],\"opens\":\"10:00\",\"closes\":\"18:00\"},{\"@type\":\"OpeningHoursSpecification\",\"dayOfWeek\":[\"Saturday\"],\"opens\":\"10:00\",\"closes\":\"15:00\"}]},{\"@type\":\"PostalAddress\",\"@id\":\"https:\\\/\\\/www.etrix.ch\\\/fr\\\/produit\\\/kit-de-porte-bagages-superieur-et-lateral-zero\\\/#local-main-place-address\",\"streetAddress\":\"Riedthofstrasse 122\",\"addressLocality\":\"Regensdorf\",\"postalCode\":\"8105\",\"addressRegion\":\"Z\u00fcrich\",\"addressCountry\":\"CH\"},{\"@type\":\"ImageObject\",\"inLanguage\":\"fr-FR\",\"@id\":\"https:\\\/\\\/www.etrix.ch\\\/fr\\\/produit\\\/kit-de-porte-bagages-superieur-et-lateral-zero\\\/#local-main-organization-logo\",\"url\":\"https:\\\/\\\/www.etrix.ch\\\/media\\\/2021\\\/05\\\/ETRIX-logo.png\",\"contentUrl\":\"https:\\\/\\\/www.etrix.ch\\\/media\\\/2021\\\/05\\\/ETRIX-logo.png\",\"width\":470,\"height\":85,\"caption\":\"ETRIX E-Motos\"}]}<\/script>\n<meta property=\"product:brand\" content=\"Z\u00e9ro\" \/>\n<meta property=\"og:availability\" content=\"instock\" \/>\n<meta property=\"product:availability\" content=\"instock\" \/>\n<meta property=\"product:retailer_item_id\" content=\"10-08239\" \/>\n<meta property=\"product:condition\" content=\"new\" \/>\n<meta name=\"geo.placename\" content=\"Regensdorf\" \/>\n<meta name=\"geo.position\" content=\"47.43839497999372;8.465227605227366\" \/>\n<meta name=\"geo.region\" content=\"Suisse\" \/>\n<!-- \/ Yoast SEO Premium plugin. -->","yoast_head_json":{"title":"Kit de porte-bagages sup\u00e9rieur et lat\u00e9ral - Zero - ETRIX Elektroroller","robots":{"index":"index","follow":"follow","max-snippet":"max-snippet:-1","max-image-preview":"max-image-preview:large","max-video-preview":"max-video-preview:-1"},"canonical":"https:\/\/www.etrix.ch\/fr\/produit\/kit-de-porte-bagages-superieur-et-lateral-zero\/","og_locale":"fr_FR","og_type":"article","og_title":"Kit de porte-bagages sup\u00e9rieur et lat\u00e9ral - Zero","og_description":"Les valises lat\u00e9rales SH23 et ... &gt; En savoir plus","og_url":"https:\/\/www.etrix.ch\/fr\/produit\/kit-de-porte-bagages-superieur-et-lateral-zero\/","og_site_name":"ETRIX Elektroroller","article_publisher":"https:\/\/m.facebook.com\/etrix.emotos\/","article_modified_time":"2025-12-07T23:41:38+00:00","og_image":[{"width":1024,"height":819,"url":"https:\/\/www.etrix.ch\/media\/2024\/05\/file_0bf2e44d-a919-4a63-a08e-7b22c2891efb_1024x1024.png","type":"image\/png"}],"twitter_card":"summary_large_image","twitter_site":"@etrixag","twitter_misc":{"Disponibilit\u00e9":"En stock"},"schema":{"@context":"https:\/\/schema.org","@graph":[{"@type":"WebPage","@id":"https:\/\/www.etrix.ch\/fr\/produit\/kit-de-porte-bagages-superieur-et-lateral-zero\/","url":"https:\/\/www.etrix.ch\/fr\/produit\/kit-de-porte-bagages-superieur-et-lateral-zero\/","name":"Kit de porte-bagages sup\u00e9rieur et lat\u00e9ral - Zero - ETRIX Elektroroller","isPartOf":{"@id":"https:\/\/www.etrix.ch\/fr\/#website"},"primaryImageOfPage":{"@id":"https:\/\/www.etrix.ch\/fr\/produit\/kit-de-porte-bagages-superieur-et-lateral-zero\/#primaryimage"},"image":{"@id":"https:\/\/www.etrix.ch\/fr\/produit\/kit-de-porte-bagages-superieur-et-lateral-zero\/#primaryimage"},"thumbnailUrl":"https:\/\/www.etrix.ch\/media\/2024\/05\/file_0bf2e44d-a919-4a63-a08e-7b22c2891efb_1024x1024.png","datePublished":"2024-05-26T22:45:19+00:00","dateModified":"2025-12-07T23:41:38+00:00","breadcrumb":{"@id":"https:\/\/www.etrix.ch\/fr\/produit\/kit-de-porte-bagages-superieur-et-lateral-zero\/#breadcrumb"},"inLanguage":"fr-FR","potentialAction":[{"@type":"ReadAction","target":["https:\/\/www.etrix.ch\/fr\/produit\/kit-de-porte-bagages-superieur-et-lateral-zero\/"]}]},{"@type":"ImageObject","inLanguage":"fr-FR","@id":"https:\/\/www.etrix.ch\/fr\/produit\/kit-de-porte-bagages-superieur-et-lateral-zero\/#primaryimage","url":"https:\/\/www.etrix.ch\/media\/2024\/05\/file_0bf2e44d-a919-4a63-a08e-7b22c2891efb_1024x1024.png","contentUrl":"https:\/\/www.etrix.ch\/media\/2024\/05\/file_0bf2e44d-a919-4a63-a08e-7b22c2891efb_1024x1024.png","width":1024,"height":819},{"@type":"BreadcrumbList","@id":"https:\/\/www.etrix.ch\/fr\/produit\/kit-de-porte-bagages-superieur-et-lateral-zero\/#breadcrumb","itemListElement":[{"@type":"ListItem","position":1,"name":"Accueil","item":"https:\/\/www.etrix.ch\/fr\/"},{"@type":"ListItem","position":2,"name":"Boutique","item":"https:\/\/www.etrix.ch\/fr\/boutique\/"},{"@type":"ListItem","position":3,"name":"Kit de porte-bagages sup\u00e9rieur et lat\u00e9ral - Zero"}]},{"@type":"WebSite","@id":"https:\/\/www.etrix.ch\/fr\/#website","url":"https:\/\/www.etrix.ch\/fr\/","name":"ETRIX Elektroroller","description":"E-Motos","publisher":{"@id":"https:\/\/www.etrix.ch\/fr\/#organization"},"potentialAction":[{"@type":"SearchAction","target":{"@type":"EntryPoint","urlTemplate":"https:\/\/www.etrix.ch\/fr\/?s={search_term_string}"},"query-input":{"@type":"PropertyValueSpecification","valueRequired":true,"valueName":"search_term_string"}}],"inLanguage":"fr-FR"},{"@type":["Organization","Place","MotorcycleDealer"],"@id":"https:\/\/www.etrix.ch\/fr\/#organization","name":"ETRIX E-Motos","url":"https:\/\/www.etrix.ch\/fr\/","logo":{"@id":"https:\/\/www.etrix.ch\/fr\/produit\/kit-de-porte-bagages-superieur-et-lateral-zero\/#local-main-organization-logo"},"image":{"@id":"https:\/\/www.etrix.ch\/fr\/produit\/kit-de-porte-bagages-superieur-et-lateral-zero\/#local-main-organization-logo"},"sameAs":["https:\/\/m.facebook.com\/etrix.emotos\/","https:\/\/x.com\/etrixag","https:\/\/www.instagram.com\/etrix_emotos\/p\/BtVW6bXHtNv\/","https:\/\/www.linkedin.com\/company\/etrix-ag","https:\/\/www.youtube.com\/channel\/UCSd-hJdu5u8xPUEY60jexOw"],"address":{"@id":"https:\/\/www.etrix.ch\/fr\/produit\/kit-de-porte-bagages-superieur-et-lateral-zero\/#local-main-place-address"},"geo":{"@type":"GeoCoordinates","latitude":"47.43839497999372","longitude":"8.465227605227366"},"telephone":["043 931 00 45"],"openingHoursSpecification":[{"@type":"OpeningHoursSpecification","dayOfWeek":["Monday","Sunday"],"opens":"00:00","closes":"00:00"},{"@type":"OpeningHoursSpecification","dayOfWeek":["Tuesday","Wednesday","Thursday","Friday"],"opens":"10:00","closes":"18:00"},{"@type":"OpeningHoursSpecification","dayOfWeek":["Saturday"],"opens":"10:00","closes":"15:00"}]},{"@type":"PostalAddress","@id":"https:\/\/www.etrix.ch\/fr\/produit\/kit-de-porte-bagages-superieur-et-lateral-zero\/#local-main-place-address","streetAddress":"Riedthofstrasse 122","addressLocality":"Regensdorf","postalCode":"8105","addressRegion":"Z\u00fcrich","addressCountry":"CH"},{"@type":"ImageObject","inLanguage":"fr-FR","@id":"https:\/\/www.etrix.ch\/fr\/produit\/kit-de-porte-bagages-superieur-et-lateral-zero\/#local-main-organization-logo","url":"https:\/\/www.etrix.ch\/media\/2021\/05\/ETRIX-logo.png","contentUrl":"https:\/\/www.etrix.ch\/media\/2021\/05\/ETRIX-logo.png","width":470,"height":85,"caption":"ETRIX E-Motos"}]},"product_brand":"Z\u00e9ro","og_availability":"instock","product_availability":"instock","product_retailer_item_id":"10-08239","product_condition":"new","geo.placename":"Regensdorf","geo.position":{"lat":"47.43839497999372","long":"8.465227605227366"},"geo.region":"Suisse"},"_links":{"self":[{"href":"https:\/\/www.etrix.ch\/fr\/wp-json\/wp\/v2\/product\/28587","targetHints":{"allow":["GET"]}}],"collection":[{"href":"https:\/\/www.etrix.ch\/fr\/wp-json\/wp\/v2\/product"}],"about":[{"href":"https:\/\/www.etrix.ch\/fr\/wp-json\/wp\/v2\/types\/product"}],"wp:featuredmedia":[{"embeddable":true,"href":"https:\/\/www.etrix.ch\/fr\/wp-json\/wp\/v2\/media\/27850"}],"wp:attachment":[{"href":"https:\/\/www.etrix.ch\/fr\/wp-json\/wp\/v2\/media?parent=28587"}],"wp:term":[{"taxonomy":"product_brand","embeddable":true,"href":"https:\/\/www.etrix.ch\/fr\/wp-json\/wp\/v2\/product_brand?post=28587"},{"taxonomy":"product_cat","embeddable":true,"href":"https:\/\/www.etrix.ch\/fr\/wp-json\/wp\/v2\/product_cat?post=28587"},{"taxonomy":"product_tag","embeddable":true,"href":"https:\/\/www.etrix.ch\/fr\/wp-json\/wp\/v2\/product_tag?post=28587"}],"curies":[{"name":"wp","href":"https:\/\/api.w.org\/{rel}","templated":true}]}}