{"id":24933,"date":"2024-04-16T10:07:54","date_gmt":"2024-04-16T08:07:54","guid":{"rendered":"https:\/\/www.etrix.ch\/?post_type=product&#038;p=24933"},"modified":"2025-05-27T16:32:01","modified_gmt":"2025-05-27T14:32:01","slug":"batterie-supplementaire-ecooter-e2-city-sport-kopie","status":"publish","type":"product","link":"https:\/\/www.etrix.ch\/fr\/produit\/batterie-supplementaire-ecooter-e2-city-sport-kopie\/","title":{"rendered":"Batterie suppl\u00e9mentaire - Ecooter E2 et E3 Plug 22"},"content":{"rendered":"<h2 id=\"my-silence-app\">Batterie auxiliaire au lithium Syst\u00e8me<\/h2>\n<p>La batterie au lithium de 2,2 kWh avec <strong>cellules LG<\/strong> permet d\u2019atteindre une autonomie suppl\u00e9mentaire de 50 \u00e0 70 km, selon le mod\u00e8le et sa puissance.<\/p>\n<p style=\"font-weight: 400;\">Le syst\u00e8me \u00e0 double batterie (principale et auxiliaire) a alors une capacit\u00e9 de 5,1kWh et une autonomie de 110-140km, l\u00e0 encore en fonction du mod\u00e8le et de sa puissance.<\/p>\n<p style=\"font-weight: 400;\">Ce syst\u00e8me de batterie portable peut \u00eatre recharg\u00e9 n\u2019importe o\u00f9 sur n\u2019importe quelle prise de courant classique avec le chargeur correspondant.<\/p>\n<div class=\"is-layout-flex wp-container-26 wp-block-columns\">\n<div class=\"is-layout-flow wp-block-column\">\n<figure class=\"wp-block-image size-full\"><img decoding=\"async\" class=\"alignnone size-medium wp-image-26874\" src=\"https:\/\/www.etrix.ch\/media\/2024\/04\/LG_Chem-Logo.wine_-300x64.png\" alt=\"Lg Chem Logo.wine\" width=\"300\" height=\"64\" srcset=\"https:\/\/www.etrix.ch\/media\/2024\/04\/LG_Chem-Logo.wine_-300x64.png 300w, https:\/\/www.etrix.ch\/media\/2024\/04\/LG_Chem-Logo.wine_.png 500w\" sizes=\"(max-width: 300px) 100vw, 300px\"><\/figure>\n<\/div>\n<\/div>\n<div class=\"is-layout-flex wp-container-19 wp-block-columns\">\n<div class=\"is-layout-flow wp-block-column\"><\/div>\n<\/div>\n<p>\u00a0<\/p>\n","protected":false},"excerpt":{"rendered":"<p>Batterie : Lithium Ion<br \/>\n2200Wh - 64V - 34Ah<\/p>\n","protected":false},"featured_media":34888,"template":"","meta":{"_acf_changed":false},"product_brand":[],"product_cat":[582,556,555,489],"product_tag":[],"class_list":{"0":"post-24933","1":"product","2":"type-product","3":"status-publish","4":"has-post-thumbnail","6":"product_cat-accessoires","7":"product_cat-accessoires-ecooter","8":"product_cat-ecooter-fr","9":"product_cat-e-scooter","10":"pa_marke-ecooter-fr","11":"sales-flash-overlay","12":"woocommerce-text-align-left","13":"woocommerce-image-align-center","14":"do-quantity-buttons","15":"wc-has-gallery","17":"first","18":"instock","19":"taxable","20":"shipping-taxable","21":"purchasable","22":"product-type-simple"},"acf":[],"yoast_head":"<!-- This site is optimized with the Yoast SEO Premium plugin v26.9 (Yoast SEO v27.4) - https:\/\/yoast.com\/product\/yoast-seo-premium-wordpress\/ -->\n<title>Batterie suppl\u00e9mentaire - Ecooter E2 et E3 Plug 22 - ETRIX Elektroroller pour la port\u00e9e<\/title>\n<meta name=\"description\" content=\"Avec la batterie suppl\u00e9mentaire, vous pouvez gagner plus d\u2019autonomie. Il est l\u00e9g\u00e8rement plus l\u00e9ger et plus petit, peut \u00eatre charg\u00e9 avec un chargeur \u00e0 n\u2019importe quelle prise\" \/>\n<meta name=\"robots\" content=\"index, follow, max-snippet:-1, max-image-preview:large, max-video-preview:-1\" \/>\n<link rel=\"canonical\" href=\"https:\/\/www.etrix.ch\/fr\/produit\/batterie-supplementaire-ecooter-e2-city-sport-kopie\/\" \/>\n<meta property=\"og:locale\" content=\"fr_FR\" \/>\n<meta property=\"og:type\" content=\"article\" \/>\n<meta property=\"og:title\" content=\"Batterie suppl\u00e9mentaire - Ecooter E2 et E3 Plug 22\" \/>\n<meta property=\"og:description\" content=\"Avec la batterie suppl\u00e9mentaire, vous pouvez gagner plus d\u2019autonomie. Il est l\u00e9g\u00e8rement plus l\u00e9ger et plus petit, peut \u00eatre charg\u00e9 avec un chargeur \u00e0 n\u2019importe quelle prise\" \/>\n<meta property=\"og:url\" content=\"https:\/\/www.etrix.ch\/fr\/produit\/batterie-supplementaire-ecooter-e2-city-sport-kopie\/\" \/>\n<meta property=\"og:site_name\" content=\"ETRIX Elektroroller\" \/>\n<meta property=\"article:publisher\" content=\"https:\/\/m.facebook.com\/etrix.emotos\/\" \/>\n<meta property=\"article:modified_time\" content=\"2025-05-27T14:32:01+00:00\" \/>\n<meta property=\"og:image\" content=\"https:\/\/www.etrix.ch\/media\/2024\/04\/ecooter_battery_klein-1-scaled.jpg\" \/>\n\t<meta property=\"og:image:width\" content=\"2560\" \/>\n\t<meta property=\"og:image:height\" content=\"2560\" \/>\n\t<meta property=\"og:image:type\" content=\"image\/jpeg\" \/>\n<meta name=\"twitter:card\" content=\"summary_large_image\" \/>\n<meta name=\"twitter:site\" content=\"@etrixag\" \/>\n<meta name=\"twitter:label1\" content=\"Prix\" \/>\n\t<meta name=\"twitter:data1\" content=\"&#067;&#072;&#070;&nbsp;1&#039;380.00 inkl. MwSt.\" \/>\n\t<meta name=\"twitter:label2\" content=\"Disponibilit\u00e9\" \/>\n\t<meta name=\"twitter:data2\" content=\"En stock\" \/>\n<script type=\"application\/ld+json\" class=\"yoast-schema-graph\">{\"@context\":\"https:\\\/\\\/schema.org\",\"@graph\":[{\"@type\":\"WebPage\",\"@id\":\"https:\\\/\\\/www.etrix.ch\\\/fr\\\/produit\\\/batterie-supplementaire-ecooter-e2-city-sport-kopie\\\/\",\"url\":\"https:\\\/\\\/www.etrix.ch\\\/fr\\\/produit\\\/batterie-supplementaire-ecooter-e2-city-sport-kopie\\\/\",\"name\":\"Batterie suppl\u00e9mentaire - Ecooter E2 et E3 Plug 22 - ETRIX Elektroroller pour la port\u00e9e\",\"isPartOf\":{\"@id\":\"https:\\\/\\\/www.etrix.ch\\\/fr\\\/#website\"},\"primaryImageOfPage\":{\"@id\":\"https:\\\/\\\/www.etrix.ch\\\/fr\\\/produit\\\/batterie-supplementaire-ecooter-e2-city-sport-kopie\\\/#primaryimage\"},\"image\":{\"@id\":\"https:\\\/\\\/www.etrix.ch\\\/fr\\\/produit\\\/batterie-supplementaire-ecooter-e2-city-sport-kopie\\\/#primaryimage\"},\"thumbnailUrl\":\"https:\\\/\\\/www.etrix.ch\\\/media\\\/2024\\\/04\\\/ecooter_battery_klein-1-scaled.jpg\",\"datePublished\":\"2024-04-16T08:07:54+00:00\",\"dateModified\":\"2025-05-27T14:32:01+00:00\",\"description\":\"Avec la batterie suppl\u00e9mentaire, vous pouvez gagner plus d\u2019autonomie. Il est l\u00e9g\u00e8rement plus l\u00e9ger et plus petit, peut \u00eatre charg\u00e9 avec un chargeur \u00e0 n\u2019importe quelle prise\",\"breadcrumb\":{\"@id\":\"https:\\\/\\\/www.etrix.ch\\\/fr\\\/produit\\\/batterie-supplementaire-ecooter-e2-city-sport-kopie\\\/#breadcrumb\"},\"inLanguage\":\"fr-FR\",\"potentialAction\":[{\"@type\":\"ReadAction\",\"target\":[\"https:\\\/\\\/www.etrix.ch\\\/fr\\\/produit\\\/batterie-supplementaire-ecooter-e2-city-sport-kopie\\\/\"]}]},{\"@type\":\"ImageObject\",\"inLanguage\":\"fr-FR\",\"@id\":\"https:\\\/\\\/www.etrix.ch\\\/fr\\\/produit\\\/batterie-supplementaire-ecooter-e2-city-sport-kopie\\\/#primaryimage\",\"url\":\"https:\\\/\\\/www.etrix.ch\\\/media\\\/2024\\\/04\\\/ecooter_battery_klein-1-scaled.jpg\",\"contentUrl\":\"https:\\\/\\\/www.etrix.ch\\\/media\\\/2024\\\/04\\\/ecooter_battery_klein-1-scaled.jpg\",\"width\":2560,\"height\":2560,\"caption\":\"Batterie Ecooter Small\"},{\"@type\":\"BreadcrumbList\",\"@id\":\"https:\\\/\\\/www.etrix.ch\\\/fr\\\/produit\\\/batterie-supplementaire-ecooter-e2-city-sport-kopie\\\/#breadcrumb\",\"itemListElement\":[{\"@type\":\"ListItem\",\"position\":1,\"name\":\"Accueil\",\"item\":\"https:\\\/\\\/www.etrix.ch\\\/fr\\\/page-daccueil\\\/\"},{\"@type\":\"ListItem\",\"position\":2,\"name\":\"Boutique\",\"item\":\"https:\\\/\\\/www.etrix.ch\\\/fr\\\/boutique\\\/\"},{\"@type\":\"ListItem\",\"position\":3,\"name\":\"Batterie suppl\u00e9mentaire - Ecooter E2 et E3 Plug 22\"}]},{\"@type\":\"WebSite\",\"@id\":\"https:\\\/\\\/www.etrix.ch\\\/fr\\\/#website\",\"url\":\"https:\\\/\\\/www.etrix.ch\\\/fr\\\/\",\"name\":\"ETRIX Elektroroller\",\"description\":\"E-Motos\",\"publisher\":{\"@id\":\"https:\\\/\\\/www.etrix.ch\\\/fr\\\/#organization\"},\"potentialAction\":[{\"@type\":\"SearchAction\",\"target\":{\"@type\":\"EntryPoint\",\"urlTemplate\":\"https:\\\/\\\/www.etrix.ch\\\/fr\\\/?s={search_term_string}\"},\"query-input\":{\"@type\":\"PropertyValueSpecification\",\"valueRequired\":true,\"valueName\":\"search_term_string\"}}],\"inLanguage\":\"fr-FR\"},{\"@type\":[\"Organization\",\"Place\",\"MotorcycleDealer\"],\"@id\":\"https:\\\/\\\/www.etrix.ch\\\/fr\\\/#organization\",\"name\":\"ETRIX E-Motos\",\"url\":\"https:\\\/\\\/www.etrix.ch\\\/fr\\\/\",\"logo\":{\"@id\":\"https:\\\/\\\/www.etrix.ch\\\/fr\\\/produit\\\/batterie-supplementaire-ecooter-e2-city-sport-kopie\\\/#local-main-organization-logo\"},\"image\":{\"@id\":\"https:\\\/\\\/www.etrix.ch\\\/fr\\\/produit\\\/batterie-supplementaire-ecooter-e2-city-sport-kopie\\\/#local-main-organization-logo\"},\"sameAs\":[\"https:\\\/\\\/m.facebook.com\\\/etrix.emotos\\\/\",\"https:\\\/\\\/x.com\\\/etrixag\",\"https:\\\/\\\/www.instagram.com\\\/etrix_emotos\\\/p\\\/BtVW6bXHtNv\\\/\",\"https:\\\/\\\/www.linkedin.com\\\/company\\\/etrix-ag\",\"https:\\\/\\\/www.youtube.com\\\/channel\\\/UCSd-hJdu5u8xPUEY60jexOw\"],\"address\":{\"@id\":\"https:\\\/\\\/www.etrix.ch\\\/fr\\\/produit\\\/batterie-supplementaire-ecooter-e2-city-sport-kopie\\\/#local-main-place-address\"},\"geo\":{\"@type\":\"GeoCoordinates\",\"latitude\":\"47.43839497999372\",\"longitude\":\"8.465227605227366\"},\"telephone\":[\"043 931 00 45\"],\"openingHoursSpecification\":[{\"@type\":\"OpeningHoursSpecification\",\"dayOfWeek\":[\"Monday\",\"Sunday\"],\"opens\":\"00:00\",\"closes\":\"00:00\"},{\"@type\":\"OpeningHoursSpecification\",\"dayOfWeek\":[\"Tuesday\",\"Wednesday\",\"Thursday\",\"Friday\"],\"opens\":\"10:00\",\"closes\":\"18:00\"},{\"@type\":\"OpeningHoursSpecification\",\"dayOfWeek\":[\"Saturday\"],\"opens\":\"10:00\",\"closes\":\"15:00\"}]},{\"@type\":\"PostalAddress\",\"@id\":\"https:\\\/\\\/www.etrix.ch\\\/fr\\\/produit\\\/batterie-supplementaire-ecooter-e2-city-sport-kopie\\\/#local-main-place-address\",\"streetAddress\":\"Riedthofstrasse 122\",\"addressLocality\":\"Regensdorf\",\"postalCode\":\"8105\",\"addressRegion\":\"Z\u00fcrich\",\"addressCountry\":\"CH\"},{\"@type\":\"ImageObject\",\"inLanguage\":\"fr-FR\",\"@id\":\"https:\\\/\\\/www.etrix.ch\\\/fr\\\/produit\\\/batterie-supplementaire-ecooter-e2-city-sport-kopie\\\/#local-main-organization-logo\",\"url\":\"https:\\\/\\\/www.etrix.ch\\\/media\\\/2021\\\/05\\\/ETRIX-logo.png\",\"contentUrl\":\"https:\\\/\\\/www.etrix.ch\\\/media\\\/2021\\\/05\\\/ETRIX-logo.png\",\"width\":470,\"height\":85,\"caption\":\"ETRIX E-Motos\"}]}<\/script>\n<meta property=\"product:brand\" content=\"Ecooter\" \/>\n<meta property=\"product:price:amount\" content=\"1380.00\" \/>\n<meta property=\"product:price:currency\" content=\"CHF\" \/>\n<meta property=\"og:availability\" content=\"instock\" \/>\n<meta property=\"product:availability\" content=\"instock\" \/>\n<meta property=\"product:retailer_item_id\" content=\"RW200736\" \/>\n<meta property=\"product:condition\" content=\"new\" \/>\n<meta name=\"geo.placename\" content=\"Regensdorf\" \/>\n<meta name=\"geo.position\" content=\"47.43839497999372;8.465227605227366\" \/>\n<meta name=\"geo.region\" content=\"Suisse\" \/>\n<!-- \/ Yoast SEO Premium plugin. -->","yoast_head_json":{"title":"Batterie suppl\u00e9mentaire - Ecooter E2 et E3 Plug 22 - ETRIX Elektroroller pour la port\u00e9e","description":"Avec la batterie suppl\u00e9mentaire, vous pouvez gagner plus d\u2019autonomie. Il est l\u00e9g\u00e8rement plus l\u00e9ger et plus petit, peut \u00eatre charg\u00e9 avec un chargeur \u00e0 n\u2019importe quelle prise","robots":{"index":"index","follow":"follow","max-snippet":"max-snippet:-1","max-image-preview":"max-image-preview:large","max-video-preview":"max-video-preview:-1"},"canonical":"https:\/\/www.etrix.ch\/fr\/produit\/batterie-supplementaire-ecooter-e2-city-sport-kopie\/","og_locale":"fr_FR","og_type":"article","og_title":"Batterie suppl\u00e9mentaire - Ecooter E2 et E3 Plug 22","og_description":"Avec la batterie suppl\u00e9mentaire, vous pouvez gagner plus d\u2019autonomie. Il est l\u00e9g\u00e8rement plus l\u00e9ger et plus petit, peut \u00eatre charg\u00e9 avec un chargeur \u00e0 n\u2019importe quelle prise","og_url":"https:\/\/www.etrix.ch\/fr\/produit\/batterie-supplementaire-ecooter-e2-city-sport-kopie\/","og_site_name":"ETRIX Elektroroller","article_publisher":"https:\/\/m.facebook.com\/etrix.emotos\/","article_modified_time":"2025-05-27T14:32:01+00:00","og_image":[{"width":2560,"height":2560,"url":"https:\/\/www.etrix.ch\/media\/2024\/04\/ecooter_battery_klein-1-scaled.jpg","type":"image\/jpeg"}],"twitter_card":"summary_large_image","twitter_site":"@etrixag","twitter_misc":{"Prix":"&#67;&#72;&#70;&nbsp;1'380.00 inkl. MwSt.","Disponibilit\u00e9":"En stock"},"schema":{"@context":"https:\/\/schema.org","@graph":[{"@type":"WebPage","@id":"https:\/\/www.etrix.ch\/fr\/produit\/batterie-supplementaire-ecooter-e2-city-sport-kopie\/","url":"https:\/\/www.etrix.ch\/fr\/produit\/batterie-supplementaire-ecooter-e2-city-sport-kopie\/","name":"Batterie suppl\u00e9mentaire - Ecooter E2 et E3 Plug 22 - ETRIX Elektroroller pour la port\u00e9e","isPartOf":{"@id":"https:\/\/www.etrix.ch\/fr\/#website"},"primaryImageOfPage":{"@id":"https:\/\/www.etrix.ch\/fr\/produit\/batterie-supplementaire-ecooter-e2-city-sport-kopie\/#primaryimage"},"image":{"@id":"https:\/\/www.etrix.ch\/fr\/produit\/batterie-supplementaire-ecooter-e2-city-sport-kopie\/#primaryimage"},"thumbnailUrl":"https:\/\/www.etrix.ch\/media\/2024\/04\/ecooter_battery_klein-1-scaled.jpg","datePublished":"2024-04-16T08:07:54+00:00","dateModified":"2025-05-27T14:32:01+00:00","description":"Avec la batterie suppl\u00e9mentaire, vous pouvez gagner plus d\u2019autonomie. Il est l\u00e9g\u00e8rement plus l\u00e9ger et plus petit, peut \u00eatre charg\u00e9 avec un chargeur \u00e0 n\u2019importe quelle prise","breadcrumb":{"@id":"https:\/\/www.etrix.ch\/fr\/produit\/batterie-supplementaire-ecooter-e2-city-sport-kopie\/#breadcrumb"},"inLanguage":"fr-FR","potentialAction":[{"@type":"ReadAction","target":["https:\/\/www.etrix.ch\/fr\/produit\/batterie-supplementaire-ecooter-e2-city-sport-kopie\/"]}]},{"@type":"ImageObject","inLanguage":"fr-FR","@id":"https:\/\/www.etrix.ch\/fr\/produit\/batterie-supplementaire-ecooter-e2-city-sport-kopie\/#primaryimage","url":"https:\/\/www.etrix.ch\/media\/2024\/04\/ecooter_battery_klein-1-scaled.jpg","contentUrl":"https:\/\/www.etrix.ch\/media\/2024\/04\/ecooter_battery_klein-1-scaled.jpg","width":2560,"height":2560,"caption":"Batterie Ecooter Small"},{"@type":"BreadcrumbList","@id":"https:\/\/www.etrix.ch\/fr\/produit\/batterie-supplementaire-ecooter-e2-city-sport-kopie\/#breadcrumb","itemListElement":[{"@type":"ListItem","position":1,"name":"Accueil","item":"https:\/\/www.etrix.ch\/fr\/page-daccueil\/"},{"@type":"ListItem","position":2,"name":"Boutique","item":"https:\/\/www.etrix.ch\/fr\/boutique\/"},{"@type":"ListItem","position":3,"name":"Batterie suppl\u00e9mentaire - Ecooter E2 et E3 Plug 22"}]},{"@type":"WebSite","@id":"https:\/\/www.etrix.ch\/fr\/#website","url":"https:\/\/www.etrix.ch\/fr\/","name":"ETRIX Elektroroller","description":"E-Motos","publisher":{"@id":"https:\/\/www.etrix.ch\/fr\/#organization"},"potentialAction":[{"@type":"SearchAction","target":{"@type":"EntryPoint","urlTemplate":"https:\/\/www.etrix.ch\/fr\/?s={search_term_string}"},"query-input":{"@type":"PropertyValueSpecification","valueRequired":true,"valueName":"search_term_string"}}],"inLanguage":"fr-FR"},{"@type":["Organization","Place","MotorcycleDealer"],"@id":"https:\/\/www.etrix.ch\/fr\/#organization","name":"ETRIX E-Motos","url":"https:\/\/www.etrix.ch\/fr\/","logo":{"@id":"https:\/\/www.etrix.ch\/fr\/produit\/batterie-supplementaire-ecooter-e2-city-sport-kopie\/#local-main-organization-logo"},"image":{"@id":"https:\/\/www.etrix.ch\/fr\/produit\/batterie-supplementaire-ecooter-e2-city-sport-kopie\/#local-main-organization-logo"},"sameAs":["https:\/\/m.facebook.com\/etrix.emotos\/","https:\/\/x.com\/etrixag","https:\/\/www.instagram.com\/etrix_emotos\/p\/BtVW6bXHtNv\/","https:\/\/www.linkedin.com\/company\/etrix-ag","https:\/\/www.youtube.com\/channel\/UCSd-hJdu5u8xPUEY60jexOw"],"address":{"@id":"https:\/\/www.etrix.ch\/fr\/produit\/batterie-supplementaire-ecooter-e2-city-sport-kopie\/#local-main-place-address"},"geo":{"@type":"GeoCoordinates","latitude":"47.43839497999372","longitude":"8.465227605227366"},"telephone":["043 931 00 45"],"openingHoursSpecification":[{"@type":"OpeningHoursSpecification","dayOfWeek":["Monday","Sunday"],"opens":"00:00","closes":"00:00"},{"@type":"OpeningHoursSpecification","dayOfWeek":["Tuesday","Wednesday","Thursday","Friday"],"opens":"10:00","closes":"18:00"},{"@type":"OpeningHoursSpecification","dayOfWeek":["Saturday"],"opens":"10:00","closes":"15:00"}]},{"@type":"PostalAddress","@id":"https:\/\/www.etrix.ch\/fr\/produit\/batterie-supplementaire-ecooter-e2-city-sport-kopie\/#local-main-place-address","streetAddress":"Riedthofstrasse 122","addressLocality":"Regensdorf","postalCode":"8105","addressRegion":"Z\u00fcrich","addressCountry":"CH"},{"@type":"ImageObject","inLanguage":"fr-FR","@id":"https:\/\/www.etrix.ch\/fr\/produit\/batterie-supplementaire-ecooter-e2-city-sport-kopie\/#local-main-organization-logo","url":"https:\/\/www.etrix.ch\/media\/2021\/05\/ETRIX-logo.png","contentUrl":"https:\/\/www.etrix.ch\/media\/2021\/05\/ETRIX-logo.png","width":470,"height":85,"caption":"ETRIX E-Motos"}]},"product_brand":"Ecooter","product_price_amount":"1380.00","product_price_currency":"CHF","og_availability":"instock","product_availability":"instock","product_retailer_item_id":"RW200736","product_condition":"new","geo.placename":"Regensdorf","geo.position":{"lat":"47.43839497999372","long":"8.465227605227366"},"geo.region":"Suisse"},"_links":{"self":[{"href":"https:\/\/www.etrix.ch\/fr\/wp-json\/wp\/v2\/product\/24933","targetHints":{"allow":["GET"]}}],"collection":[{"href":"https:\/\/www.etrix.ch\/fr\/wp-json\/wp\/v2\/product"}],"about":[{"href":"https:\/\/www.etrix.ch\/fr\/wp-json\/wp\/v2\/types\/product"}],"wp:featuredmedia":[{"embeddable":true,"href":"https:\/\/www.etrix.ch\/fr\/wp-json\/wp\/v2\/media\/34888"}],"wp:attachment":[{"href":"https:\/\/www.etrix.ch\/fr\/wp-json\/wp\/v2\/media?parent=24933"}],"wp:term":[{"taxonomy":"product_brand","embeddable":true,"href":"https:\/\/www.etrix.ch\/fr\/wp-json\/wp\/v2\/product_brand?post=24933"},{"taxonomy":"product_cat","embeddable":true,"href":"https:\/\/www.etrix.ch\/fr\/wp-json\/wp\/v2\/product_cat?post=24933"},{"taxonomy":"product_tag","embeddable":true,"href":"https:\/\/www.etrix.ch\/fr\/wp-json\/wp\/v2\/product_tag?post=24933"}],"curies":[{"name":"wp","href":"https:\/\/api.w.org\/{rel}","templated":true}]}}