{"id":18554,"date":"2023-01-25T11:55:54","date_gmt":"2023-01-25T10:55:54","guid":{"rendered":"https:\/\/www.etrix.ch\/produkt\/support-pour-smartphone-s01-s01-support-adhesif-reglable\/"},"modified":"2025-12-17T10:55:21","modified_gmt":"2025-12-17T09:55:21","slug":"support-smartphone-s01-adhesif-reglable","status":"publish","type":"product","link":"https:\/\/www.etrix.ch\/fr\/produit\/support-smartphone-s01-adhesif-reglable\/","title":{"rendered":"Support pour smartphone S01\/S01+ - support adh\u00e9sif r\u00e9glable"},"content":{"rendered":"<p>Le support adh\u00e9sif Stick de la ligne Titan garantit une forte adh\u00e9rence sur les surfaces de la moto gr\u00e2ce \u00e0 sa base adh\u00e9sive 3M. Il est compatible avec toute la gamme de sacs et d&rsquo;accessoires Optiline dot\u00e9s du syst\u00e8me de fixation rapide brevet\u00e9 Duolock. Le support de b\u00e2ton est \u00e9galement parfaitement adapt\u00e9 \u00e0 l&rsquo;adaptateur GoPro 90455. <\/p>\n<ul>\n<li>Amortissement des chocs et des vibrations<\/li>\n<li>360\u00b0 enti\u00e8rement r\u00e9glable, \u00e0 la fois verticalement et horizontalement<\/li>\n<li>Corps principal en m\u00e9tal moul\u00e9 sous pression<\/li>\n<li>Adh\u00e9sif r\u00e9sistant et mall\u00e9able<\/li>\n<li>convient pour Silence S01\/S01+<\/li>\n<\/ul>\n","protected":false},"excerpt":{"rendered":"<p><strong>Support autocollant pour t\u00e9l\u00e9phone portable et GoPro sur moto<\/strong><\/p>\n<p class=\"h5 mb-3\">Socle adh\u00e9sif, id\u00e9al comme support pour t\u00e9l\u00e9phone portable &amp; moto GoPro en m\u00e9tal.<\/p>\n","protected":false},"featured_media":18481,"template":"","meta":{"_acf_changed":false},"product_brand":[],"product_cat":[582,585,489],"product_tag":[2944],"class_list":{"0":"post-18554","1":"product","2":"type-product","3":"status-publish","4":"has-post-thumbnail","6":"product_cat-accessoires","7":"product_cat-accessoires-silence","8":"product_cat-e-scooter","9":"product_tag-accessoires-de-telephone","10":"pa_marke-optiline-fr","11":"sales-flash-overlay","12":"woocommerce-text-align-left","13":"woocommerce-image-align-center","14":"do-quantity-buttons","15":"wc-has-gallery","17":"first","18":"instock","19":"taxable","20":"shipping-taxable","21":"purchasable","22":"product-type-simple"},"acf":[],"yoast_head":"<!-- This site is optimized with the Yoast SEO Premium plugin v26.9 (Yoast SEO v27.6) - https:\/\/yoast.com\/product\/yoast-seo-premium-wordpress\/ -->\n<title>Support pour smartphone S01\/S01+ - support adh\u00e9sif r\u00e9glable - ETRIX Elektroroller<\/title>\n<meta name=\"description\" content=\"\u2713 Adh\u00e9sif r\u00e9sistant et mall\u00e9able \u2713 Amortit les chocs et les vibrations \u2713 Enti\u00e8rement r\u00e9glable \u00e0 360\u00b0 \u2713 Adapt\u00e9 au Silence S01\/S01+ \u2713 Noir\" \/>\n<meta name=\"robots\" content=\"index, follow, max-snippet:-1, max-image-preview:large, max-video-preview:-1\" \/>\n<link rel=\"canonical\" href=\"https:\/\/www.etrix.ch\/fr\/produit\/support-smartphone-s01-adhesif-reglable\/\" \/>\n<meta property=\"og:locale\" content=\"fr_FR\" \/>\n<meta property=\"og:type\" content=\"article\" \/>\n<meta property=\"og:title\" content=\"Support pour smartphone S01\/S01+ - support adh\u00e9sif r\u00e9glable\" \/>\n<meta property=\"og:description\" content=\"\u2713 Adh\u00e9sif r\u00e9sistant et mall\u00e9able \u2713 Amortit les chocs et les vibrations \u2713 Enti\u00e8rement r\u00e9glable \u00e0 360\u00b0 \u2713 Adapt\u00e9 au Silence S01\/S01+ \u2713 Noir\" \/>\n<meta property=\"og:url\" content=\"https:\/\/www.etrix.ch\/fr\/produit\/support-smartphone-s01-adhesif-reglable\/\" \/>\n<meta property=\"og:site_name\" content=\"ETRIX Elektroroller\" \/>\n<meta property=\"article:publisher\" content=\"https:\/\/m.facebook.com\/etrix.emotos\/\" \/>\n<meta property=\"article:modified_time\" content=\"2025-12-17T09:55:21+00:00\" \/>\n<meta property=\"og:image\" content=\"https:\/\/www.etrix.ch\/media\/2023\/01\/Optiline-Stick-Art.-91589.jpg\" \/>\n\t<meta property=\"og:image:width\" content=\"1000\" \/>\n\t<meta property=\"og:image:height\" content=\"1000\" \/>\n\t<meta property=\"og:image:type\" content=\"image\/jpeg\" \/>\n<meta name=\"twitter:card\" content=\"summary_large_image\" \/>\n<meta name=\"twitter:site\" content=\"@etrixag\" \/>\n<meta name=\"twitter:label1\" content=\"Prix\" \/>\n\t<meta name=\"twitter:data1\" content=\"&#067;&#072;&#070;&nbsp;22.00 inkl. MwSt.\" \/>\n\t<meta name=\"twitter:label2\" content=\"Disponibilit\u00e9\" \/>\n\t<meta name=\"twitter:data2\" content=\"En stock\" \/>\n<script type=\"application\/ld+json\" class=\"yoast-schema-graph\">{\"@context\":\"https:\\\/\\\/schema.org\",\"@graph\":[{\"@type\":\"WebPage\",\"@id\":\"https:\\\/\\\/www.etrix.ch\\\/fr\\\/produit\\\/support-smartphone-s01-adhesif-reglable\\\/\",\"url\":\"https:\\\/\\\/www.etrix.ch\\\/fr\\\/produit\\\/support-smartphone-s01-adhesif-reglable\\\/\",\"name\":\"Support pour smartphone S01\\\/S01+ - support adh\u00e9sif r\u00e9glable - ETRIX Elektroroller\",\"isPartOf\":{\"@id\":\"https:\\\/\\\/www.etrix.ch\\\/fr\\\/#website\"},\"primaryImageOfPage\":{\"@id\":\"https:\\\/\\\/www.etrix.ch\\\/fr\\\/produit\\\/support-smartphone-s01-adhesif-reglable\\\/#primaryimage\"},\"image\":{\"@id\":\"https:\\\/\\\/www.etrix.ch\\\/fr\\\/produit\\\/support-smartphone-s01-adhesif-reglable\\\/#primaryimage\"},\"thumbnailUrl\":\"https:\\\/\\\/www.etrix.ch\\\/media\\\/2023\\\/01\\\/Optiline-Stick-Art.-91589.jpg\",\"datePublished\":\"2023-01-25T10:55:54+00:00\",\"dateModified\":\"2025-12-17T09:55:21+00:00\",\"description\":\"\u2713 Adh\u00e9sif r\u00e9sistant et mall\u00e9able \u2713 Amortit les chocs et les vibrations \u2713 Enti\u00e8rement r\u00e9glable \u00e0 360\u00b0 \u2713 Adapt\u00e9 au Silence S01\\\/S01+ \u2713 Noir\",\"breadcrumb\":{\"@id\":\"https:\\\/\\\/www.etrix.ch\\\/fr\\\/produit\\\/support-smartphone-s01-adhesif-reglable\\\/#breadcrumb\"},\"inLanguage\":\"fr-FR\",\"potentialAction\":[{\"@type\":\"ReadAction\",\"target\":[\"https:\\\/\\\/www.etrix.ch\\\/fr\\\/produit\\\/support-smartphone-s01-adhesif-reglable\\\/\"]}]},{\"@type\":\"ImageObject\",\"inLanguage\":\"fr-FR\",\"@id\":\"https:\\\/\\\/www.etrix.ch\\\/fr\\\/produit\\\/support-smartphone-s01-adhesif-reglable\\\/#primaryimage\",\"url\":\"https:\\\/\\\/www.etrix.ch\\\/media\\\/2023\\\/01\\\/Optiline-Stick-Art.-91589.jpg\",\"contentUrl\":\"https:\\\/\\\/www.etrix.ch\\\/media\\\/2023\\\/01\\\/Optiline-Stick-Art.-91589.jpg\",\"width\":1000,\"height\":1000,\"caption\":\"Optiline Stick Art. 91589\"},{\"@type\":\"BreadcrumbList\",\"@id\":\"https:\\\/\\\/www.etrix.ch\\\/fr\\\/produit\\\/support-smartphone-s01-adhesif-reglable\\\/#breadcrumb\",\"itemListElement\":[{\"@type\":\"ListItem\",\"position\":1,\"name\":\"Accueil\",\"item\":\"https:\\\/\\\/www.etrix.ch\\\/fr\\\/\"},{\"@type\":\"ListItem\",\"position\":2,\"name\":\"Boutique\",\"item\":\"https:\\\/\\\/www.etrix.ch\\\/fr\\\/boutique\\\/\"},{\"@type\":\"ListItem\",\"position\":3,\"name\":\"Support pour smartphone S01\\\/S01+ - support adh\u00e9sif r\u00e9glable\"}]},{\"@type\":\"WebSite\",\"@id\":\"https:\\\/\\\/www.etrix.ch\\\/fr\\\/#website\",\"url\":\"https:\\\/\\\/www.etrix.ch\\\/fr\\\/\",\"name\":\"ETRIX Elektroroller\",\"description\":\"E-Motos\",\"publisher\":{\"@id\":\"https:\\\/\\\/www.etrix.ch\\\/fr\\\/#organization\"},\"potentialAction\":[{\"@type\":\"SearchAction\",\"target\":{\"@type\":\"EntryPoint\",\"urlTemplate\":\"https:\\\/\\\/www.etrix.ch\\\/fr\\\/?s={search_term_string}\"},\"query-input\":{\"@type\":\"PropertyValueSpecification\",\"valueRequired\":true,\"valueName\":\"search_term_string\"}}],\"inLanguage\":\"fr-FR\"},{\"@type\":[\"Organization\",\"Place\",\"MotorcycleDealer\"],\"@id\":\"https:\\\/\\\/www.etrix.ch\\\/fr\\\/#organization\",\"name\":\"ETRIX E-Motos\",\"url\":\"https:\\\/\\\/www.etrix.ch\\\/fr\\\/\",\"logo\":{\"@id\":\"https:\\\/\\\/www.etrix.ch\\\/fr\\\/produit\\\/support-smartphone-s01-adhesif-reglable\\\/#local-main-organization-logo\"},\"image\":{\"@id\":\"https:\\\/\\\/www.etrix.ch\\\/fr\\\/produit\\\/support-smartphone-s01-adhesif-reglable\\\/#local-main-organization-logo\"},\"sameAs\":[\"https:\\\/\\\/m.facebook.com\\\/etrix.emotos\\\/\",\"https:\\\/\\\/x.com\\\/etrixag\",\"https:\\\/\\\/www.instagram.com\\\/etrix_emotos\\\/p\\\/BtVW6bXHtNv\\\/\",\"https:\\\/\\\/www.linkedin.com\\\/company\\\/etrix-ag\",\"https:\\\/\\\/www.youtube.com\\\/channel\\\/UCSd-hJdu5u8xPUEY60jexOw\"],\"address\":{\"@id\":\"https:\\\/\\\/www.etrix.ch\\\/fr\\\/produit\\\/support-smartphone-s01-adhesif-reglable\\\/#local-main-place-address\"},\"geo\":{\"@type\":\"GeoCoordinates\",\"latitude\":\"47.43839497999372\",\"longitude\":\"8.465227605227366\"},\"telephone\":[\"043 931 00 45\"],\"openingHoursSpecification\":[{\"@type\":\"OpeningHoursSpecification\",\"dayOfWeek\":[\"Monday\",\"Sunday\"],\"opens\":\"00:00\",\"closes\":\"00:00\"},{\"@type\":\"OpeningHoursSpecification\",\"dayOfWeek\":[\"Tuesday\",\"Wednesday\",\"Thursday\",\"Friday\"],\"opens\":\"10:00\",\"closes\":\"18:00\"},{\"@type\":\"OpeningHoursSpecification\",\"dayOfWeek\":[\"Saturday\"],\"opens\":\"10:00\",\"closes\":\"15:00\"}]},{\"@type\":\"PostalAddress\",\"@id\":\"https:\\\/\\\/www.etrix.ch\\\/fr\\\/produit\\\/support-smartphone-s01-adhesif-reglable\\\/#local-main-place-address\",\"streetAddress\":\"Riedthofstrasse 122\",\"addressLocality\":\"Regensdorf\",\"postalCode\":\"8105\",\"addressRegion\":\"Z\u00fcrich\",\"addressCountry\":\"CH\"},{\"@type\":\"ImageObject\",\"inLanguage\":\"fr-FR\",\"@id\":\"https:\\\/\\\/www.etrix.ch\\\/fr\\\/produit\\\/support-smartphone-s01-adhesif-reglable\\\/#local-main-organization-logo\",\"url\":\"https:\\\/\\\/www.etrix.ch\\\/media\\\/2021\\\/05\\\/ETRIX-logo.png\",\"contentUrl\":\"https:\\\/\\\/www.etrix.ch\\\/media\\\/2021\\\/05\\\/ETRIX-logo.png\",\"width\":470,\"height\":85,\"caption\":\"ETRIX E-Motos\"}]}<\/script>\n<meta property=\"product:brand\" content=\"Optiline\" \/>\n<meta property=\"product:price:amount\" content=\"22.00\" \/>\n<meta property=\"product:price:currency\" content=\"CHF\" \/>\n<meta property=\"og:availability\" content=\"instock\" \/>\n<meta property=\"product:availability\" content=\"instock\" \/>\n<meta property=\"product:retailer_item_id\" content=\"RW200745\" \/>\n<meta property=\"product:condition\" content=\"new\" \/>\n<meta name=\"geo.placename\" content=\"Regensdorf\" \/>\n<meta name=\"geo.position\" content=\"47.43839497999372;8.465227605227366\" \/>\n<meta name=\"geo.region\" content=\"Suisse\" \/>\n<!-- \/ Yoast SEO Premium plugin. -->","yoast_head_json":{"title":"Support pour smartphone S01\/S01+ - support adh\u00e9sif r\u00e9glable - ETRIX Elektroroller","description":"\u2713 Adh\u00e9sif r\u00e9sistant et mall\u00e9able \u2713 Amortit les chocs et les vibrations \u2713 Enti\u00e8rement r\u00e9glable \u00e0 360\u00b0 \u2713 Adapt\u00e9 au Silence S01\/S01+ \u2713 Noir","robots":{"index":"index","follow":"follow","max-snippet":"max-snippet:-1","max-image-preview":"max-image-preview:large","max-video-preview":"max-video-preview:-1"},"canonical":"https:\/\/www.etrix.ch\/fr\/produit\/support-smartphone-s01-adhesif-reglable\/","og_locale":"fr_FR","og_type":"article","og_title":"Support pour smartphone S01\/S01+ - support adh\u00e9sif r\u00e9glable","og_description":"\u2713 Adh\u00e9sif r\u00e9sistant et mall\u00e9able \u2713 Amortit les chocs et les vibrations \u2713 Enti\u00e8rement r\u00e9glable \u00e0 360\u00b0 \u2713 Adapt\u00e9 au Silence S01\/S01+ \u2713 Noir","og_url":"https:\/\/www.etrix.ch\/fr\/produit\/support-smartphone-s01-adhesif-reglable\/","og_site_name":"ETRIX Elektroroller","article_publisher":"https:\/\/m.facebook.com\/etrix.emotos\/","article_modified_time":"2025-12-17T09:55:21+00:00","og_image":[{"width":1000,"height":1000,"url":"https:\/\/www.etrix.ch\/media\/2023\/01\/Optiline-Stick-Art.-91589.jpg","type":"image\/jpeg"}],"twitter_card":"summary_large_image","twitter_site":"@etrixag","twitter_misc":{"Prix":"&#67;&#72;&#70;&nbsp;22.00 inkl. MwSt.","Disponibilit\u00e9":"En stock"},"schema":{"@context":"https:\/\/schema.org","@graph":[{"@type":"WebPage","@id":"https:\/\/www.etrix.ch\/fr\/produit\/support-smartphone-s01-adhesif-reglable\/","url":"https:\/\/www.etrix.ch\/fr\/produit\/support-smartphone-s01-adhesif-reglable\/","name":"Support pour smartphone S01\/S01+ - support adh\u00e9sif r\u00e9glable - ETRIX Elektroroller","isPartOf":{"@id":"https:\/\/www.etrix.ch\/fr\/#website"},"primaryImageOfPage":{"@id":"https:\/\/www.etrix.ch\/fr\/produit\/support-smartphone-s01-adhesif-reglable\/#primaryimage"},"image":{"@id":"https:\/\/www.etrix.ch\/fr\/produit\/support-smartphone-s01-adhesif-reglable\/#primaryimage"},"thumbnailUrl":"https:\/\/www.etrix.ch\/media\/2023\/01\/Optiline-Stick-Art.-91589.jpg","datePublished":"2023-01-25T10:55:54+00:00","dateModified":"2025-12-17T09:55:21+00:00","description":"\u2713 Adh\u00e9sif r\u00e9sistant et mall\u00e9able \u2713 Amortit les chocs et les vibrations \u2713 Enti\u00e8rement r\u00e9glable \u00e0 360\u00b0 \u2713 Adapt\u00e9 au Silence S01\/S01+ \u2713 Noir","breadcrumb":{"@id":"https:\/\/www.etrix.ch\/fr\/produit\/support-smartphone-s01-adhesif-reglable\/#breadcrumb"},"inLanguage":"fr-FR","potentialAction":[{"@type":"ReadAction","target":["https:\/\/www.etrix.ch\/fr\/produit\/support-smartphone-s01-adhesif-reglable\/"]}]},{"@type":"ImageObject","inLanguage":"fr-FR","@id":"https:\/\/www.etrix.ch\/fr\/produit\/support-smartphone-s01-adhesif-reglable\/#primaryimage","url":"https:\/\/www.etrix.ch\/media\/2023\/01\/Optiline-Stick-Art.-91589.jpg","contentUrl":"https:\/\/www.etrix.ch\/media\/2023\/01\/Optiline-Stick-Art.-91589.jpg","width":1000,"height":1000,"caption":"Optiline Stick Art. 91589"},{"@type":"BreadcrumbList","@id":"https:\/\/www.etrix.ch\/fr\/produit\/support-smartphone-s01-adhesif-reglable\/#breadcrumb","itemListElement":[{"@type":"ListItem","position":1,"name":"Accueil","item":"https:\/\/www.etrix.ch\/fr\/"},{"@type":"ListItem","position":2,"name":"Boutique","item":"https:\/\/www.etrix.ch\/fr\/boutique\/"},{"@type":"ListItem","position":3,"name":"Support pour smartphone S01\/S01+ - support adh\u00e9sif r\u00e9glable"}]},{"@type":"WebSite","@id":"https:\/\/www.etrix.ch\/fr\/#website","url":"https:\/\/www.etrix.ch\/fr\/","name":"ETRIX Elektroroller","description":"E-Motos","publisher":{"@id":"https:\/\/www.etrix.ch\/fr\/#organization"},"potentialAction":[{"@type":"SearchAction","target":{"@type":"EntryPoint","urlTemplate":"https:\/\/www.etrix.ch\/fr\/?s={search_term_string}"},"query-input":{"@type":"PropertyValueSpecification","valueRequired":true,"valueName":"search_term_string"}}],"inLanguage":"fr-FR"},{"@type":["Organization","Place","MotorcycleDealer"],"@id":"https:\/\/www.etrix.ch\/fr\/#organization","name":"ETRIX E-Motos","url":"https:\/\/www.etrix.ch\/fr\/","logo":{"@id":"https:\/\/www.etrix.ch\/fr\/produit\/support-smartphone-s01-adhesif-reglable\/#local-main-organization-logo"},"image":{"@id":"https:\/\/www.etrix.ch\/fr\/produit\/support-smartphone-s01-adhesif-reglable\/#local-main-organization-logo"},"sameAs":["https:\/\/m.facebook.com\/etrix.emotos\/","https:\/\/x.com\/etrixag","https:\/\/www.instagram.com\/etrix_emotos\/p\/BtVW6bXHtNv\/","https:\/\/www.linkedin.com\/company\/etrix-ag","https:\/\/www.youtube.com\/channel\/UCSd-hJdu5u8xPUEY60jexOw"],"address":{"@id":"https:\/\/www.etrix.ch\/fr\/produit\/support-smartphone-s01-adhesif-reglable\/#local-main-place-address"},"geo":{"@type":"GeoCoordinates","latitude":"47.43839497999372","longitude":"8.465227605227366"},"telephone":["043 931 00 45"],"openingHoursSpecification":[{"@type":"OpeningHoursSpecification","dayOfWeek":["Monday","Sunday"],"opens":"00:00","closes":"00:00"},{"@type":"OpeningHoursSpecification","dayOfWeek":["Tuesday","Wednesday","Thursday","Friday"],"opens":"10:00","closes":"18:00"},{"@type":"OpeningHoursSpecification","dayOfWeek":["Saturday"],"opens":"10:00","closes":"15:00"}]},{"@type":"PostalAddress","@id":"https:\/\/www.etrix.ch\/fr\/produit\/support-smartphone-s01-adhesif-reglable\/#local-main-place-address","streetAddress":"Riedthofstrasse 122","addressLocality":"Regensdorf","postalCode":"8105","addressRegion":"Z\u00fcrich","addressCountry":"CH"},{"@type":"ImageObject","inLanguage":"fr-FR","@id":"https:\/\/www.etrix.ch\/fr\/produit\/support-smartphone-s01-adhesif-reglable\/#local-main-organization-logo","url":"https:\/\/www.etrix.ch\/media\/2021\/05\/ETRIX-logo.png","contentUrl":"https:\/\/www.etrix.ch\/media\/2021\/05\/ETRIX-logo.png","width":470,"height":85,"caption":"ETRIX E-Motos"}]},"product_brand":"Optiline","product_price_amount":"22.00","product_price_currency":"CHF","og_availability":"instock","product_availability":"instock","product_retailer_item_id":"RW200745","product_condition":"new","geo.placename":"Regensdorf","geo.position":{"lat":"47.43839497999372","long":"8.465227605227366"},"geo.region":"Suisse"},"_links":{"self":[{"href":"https:\/\/www.etrix.ch\/fr\/wp-json\/wp\/v2\/product\/18554","targetHints":{"allow":["GET"]}}],"collection":[{"href":"https:\/\/www.etrix.ch\/fr\/wp-json\/wp\/v2\/product"}],"about":[{"href":"https:\/\/www.etrix.ch\/fr\/wp-json\/wp\/v2\/types\/product"}],"wp:featuredmedia":[{"embeddable":true,"href":"https:\/\/www.etrix.ch\/fr\/wp-json\/wp\/v2\/media\/18481"}],"wp:attachment":[{"href":"https:\/\/www.etrix.ch\/fr\/wp-json\/wp\/v2\/media?parent=18554"}],"wp:term":[{"taxonomy":"product_brand","embeddable":true,"href":"https:\/\/www.etrix.ch\/fr\/wp-json\/wp\/v2\/product_brand?post=18554"},{"taxonomy":"product_cat","embeddable":true,"href":"https:\/\/www.etrix.ch\/fr\/wp-json\/wp\/v2\/product_cat?post=18554"},{"taxonomy":"product_tag","embeddable":true,"href":"https:\/\/www.etrix.ch\/fr\/wp-json\/wp\/v2\/product_tag?post=18554"}],"curies":[{"name":"wp","href":"https:\/\/api.w.org\/{rel}","templated":true}]}}