{"id":18432,"date":"2022-12-21T09:52:31","date_gmt":"2022-12-21T08:52:31","guid":{"rendered":"https:\/\/www.etrix.ch\/produkt\/ixs-gant-classic-torino-evo-st-3-0-noir\/"},"modified":"2025-11-28T16:20:56","modified_gmt":"2025-11-28T15:20:56","slug":"ixs-gant-hiver-classic-torino-evo-st-3-0-noir","status":"publish","type":"product","link":"https:\/\/www.etrix.ch\/fr\/produit\/ixs-gant-hiver-classic-torino-evo-st-3-0-noir\/","title":{"rendered":"iXS gants d&rsquo;hiver Classic Torino-Evo-ST 3.0 - noir"},"content":{"rendered":"<p><strong>Gants d&rsquo;hiver urbains en m\u00e9lange de cuir de ch\u00e8vre et de textile<\/strong><\/p>\n<p><strong>Les caract\u00e9ristiques suivantes distinguent ces gants :<\/strong><\/p>\n<ul>\n<li>membrane solto-TEX\u00ae et doublure Tri-Fleece<\/li>\n<li>Protecteur de cheville souple Impacton\u00ae (mousse visco\u00e9lastique) dissimul\u00e9<\/li>\n<li>Paume en cuir de ch\u00e8vre r\u00e9sistant \u00e0 l&rsquo;abrasion<\/li>\n<li>Doublure en amara sur la paume et la main<\/li>\n<li>Pointe de l&rsquo;index avec fonction \u00e9cran tactile<\/li>\n<li>L\u00e8vre en caoutchouc sur l&rsquo;index gauche pour essuyer la visi\u00e8re du casque<\/li>\n<li>Poignet extensible avec r\u00e9glage par velcro<\/li>\n<li>Barri\u00e8re contre l&rsquo;eau \u00e0 l&rsquo;extr\u00e9mit\u00e9 de la manchette<\/li>\n<li>S\u00e9curit\u00e9 : conforme \u00e0 la norme d&rsquo;essai EN13594:2015<\/li>\n<\/ul>\n<p>Ext\u00e9rieur textile : 100% polyester<br \/>\nPaume : cuir de ch\u00e8vre<br \/>\nDoublure : 100% polyester<br \/>\nDoublure manchettes : 100% polyester<\/p>\n<p>Protecteur de la cheville : 100% polyur\u00e9thane<br \/>\nmembrane solto-TEX\u00ae : 100% polyur\u00e9thane<\/p>\n<p>Contient des parties non textiles d&rsquo;origine animale<\/p>\n","protected":false},"excerpt":{"rendered":"<p>Gants d&rsquo;hiver urbains en m\u00e9lange &#8230; <a title=\"iXS gants d&rsquo;hiver Classic Torino-Evo-ST 3.0 - noir\" class=\"read-more\" href=\"https:\/\/www.etrix.ch\/fr\/produit\/ixs-gant-hiver-classic-torino-evo-st-3-0-noir\/\" aria-label=\"En savoir plus sur iXS gants d&rsquo;hiver Classic Torino-Evo-ST 3.0 - noir\">&gt;  En savoir plus<\/a><\/p>\n","protected":false},"featured_media":18371,"template":"","meta":{"_acf_changed":false},"product_brand":[],"product_cat":[582,625,647],"product_tag":[1385],"class_list":{"0":"post-18432","1":"product","2":"type-product","3":"status-publish","4":"has-post-thumbnail","6":"product_cat-accessoires","7":"product_cat-casques-vetements","8":"product_cat-protection-contre-les-intemperies","9":"product_tag-handschuhe-fr","10":"pa_marke-ixs-fr","11":"sales-flash-overlay","12":"woocommerce-text-align-left","13":"woocommerce-image-align-center","14":"do-quantity-buttons","15":"wc-has-gallery","17":"first","18":"instock","19":"sale","20":"taxable","21":"shipping-taxable","22":"purchasable","23":"product-type-variable"},"acf":[],"yoast_head":"<!-- This site is optimized with the Yoast SEO Premium plugin v26.9 (Yoast SEO v27.4) - https:\/\/yoast.com\/product\/yoast-seo-premium-wordpress\/ -->\n<title>iXS gants d&#039;hiver Classic Torino-Evo-ST 3.0 - noir - ETRIX Elektroroller<\/title>\n<meta name=\"description\" content=\"iXS gant d&#039;hiver Classic Torino-Evo-ST 3.0 noir \u2713 Gant urbain \u2713 M\u00e9lange de cuir de ch\u00e8vre et de textile \u2713 Membrane solto-TEX\u00ae avec doublure Tri-Fleece\" \/>\n<meta name=\"robots\" content=\"index, follow, max-snippet:-1, max-image-preview:large, max-video-preview:-1\" \/>\n<link rel=\"canonical\" href=\"https:\/\/www.etrix.ch\/fr\/produit\/ixs-gant-hiver-classic-torino-evo-st-3-0-noir\/\" \/>\n<meta property=\"og:locale\" content=\"fr_FR\" \/>\n<meta property=\"og:type\" content=\"article\" \/>\n<meta property=\"og:title\" content=\"iXS gants d&#039;hiver Classic Torino-Evo-ST 3.0 - noir\" \/>\n<meta property=\"og:description\" content=\"iXS gant d&#039;hiver Classic Torino-Evo-ST 3.0 noir \u2713 Gant urbain \u2713 M\u00e9lange de cuir de ch\u00e8vre et de textile \u2713 Membrane solto-TEX\u00ae avec doublure Tri-Fleece\" \/>\n<meta property=\"og:url\" content=\"https:\/\/www.etrix.ch\/fr\/produit\/ixs-gant-hiver-classic-torino-evo-st-3-0-noir\/\" \/>\n<meta property=\"og:site_name\" content=\"ETRIX Elektroroller\" \/>\n<meta property=\"article:publisher\" content=\"https:\/\/m.facebook.com\/etrix.emotos\/\" \/>\n<meta property=\"article:modified_time\" content=\"2025-11-28T15:20:56+00:00\" \/>\n<meta property=\"og:image\" content=\"https:\/\/www.etrix.ch\/media\/2022\/12\/Handschuh_ClassicTorino_Evo_ST-3.0-1.jpg\" \/>\n\t<meta property=\"og:image:width\" content=\"900\" \/>\n\t<meta property=\"og:image:height\" content=\"900\" \/>\n\t<meta property=\"og:image:type\" content=\"image\/jpeg\" \/>\n<meta name=\"twitter:card\" content=\"summary_large_image\" \/>\n<meta name=\"twitter:site\" content=\"@etrixag\" \/>\n<meta name=\"twitter:label1\" content=\"Disponibilit\u00e9\" \/>\n\t<meta name=\"twitter:data1\" content=\"En stock\" \/>\n<script type=\"application\/ld+json\" class=\"yoast-schema-graph\">{\"@context\":\"https:\\\/\\\/schema.org\",\"@graph\":[{\"@type\":\"WebPage\",\"@id\":\"https:\\\/\\\/www.etrix.ch\\\/fr\\\/produit\\\/ixs-gant-hiver-classic-torino-evo-st-3-0-noir\\\/\",\"url\":\"https:\\\/\\\/www.etrix.ch\\\/fr\\\/produit\\\/ixs-gant-hiver-classic-torino-evo-st-3-0-noir\\\/\",\"name\":\"iXS gants d'hiver Classic Torino-Evo-ST 3.0 - noir - ETRIX Elektroroller\",\"isPartOf\":{\"@id\":\"https:\\\/\\\/www.etrix.ch\\\/fr\\\/#website\"},\"primaryImageOfPage\":{\"@id\":\"https:\\\/\\\/www.etrix.ch\\\/fr\\\/produit\\\/ixs-gant-hiver-classic-torino-evo-st-3-0-noir\\\/#primaryimage\"},\"image\":{\"@id\":\"https:\\\/\\\/www.etrix.ch\\\/fr\\\/produit\\\/ixs-gant-hiver-classic-torino-evo-st-3-0-noir\\\/#primaryimage\"},\"thumbnailUrl\":\"https:\\\/\\\/www.etrix.ch\\\/media\\\/2022\\\/12\\\/Handschuh_ClassicTorino_Evo_ST-3.0-1.jpg\",\"datePublished\":\"2022-12-21T08:52:31+00:00\",\"dateModified\":\"2025-11-28T15:20:56+00:00\",\"description\":\"iXS gant d'hiver Classic Torino-Evo-ST 3.0 noir \u2713 Gant urbain \u2713 M\u00e9lange de cuir de ch\u00e8vre et de textile \u2713 Membrane solto-TEX\u00ae avec doublure Tri-Fleece\",\"breadcrumb\":{\"@id\":\"https:\\\/\\\/www.etrix.ch\\\/fr\\\/produit\\\/ixs-gant-hiver-classic-torino-evo-st-3-0-noir\\\/#breadcrumb\"},\"inLanguage\":\"fr-FR\",\"potentialAction\":[{\"@type\":\"ReadAction\",\"target\":[\"https:\\\/\\\/www.etrix.ch\\\/fr\\\/produit\\\/ixs-gant-hiver-classic-torino-evo-st-3-0-noir\\\/\"]}]},{\"@type\":\"ImageObject\",\"inLanguage\":\"fr-FR\",\"@id\":\"https:\\\/\\\/www.etrix.ch\\\/fr\\\/produit\\\/ixs-gant-hiver-classic-torino-evo-st-3-0-noir\\\/#primaryimage\",\"url\":\"https:\\\/\\\/www.etrix.ch\\\/media\\\/2022\\\/12\\\/Handschuh_ClassicTorino_Evo_ST-3.0-1.jpg\",\"contentUrl\":\"https:\\\/\\\/www.etrix.ch\\\/media\\\/2022\\\/12\\\/Handschuh_ClassicTorino_Evo_ST-3.0-1.jpg\",\"width\":900,\"height\":900,\"caption\":\"Gant Classictorino Evo St 3.0\"},{\"@type\":\"BreadcrumbList\",\"@id\":\"https:\\\/\\\/www.etrix.ch\\\/fr\\\/produit\\\/ixs-gant-hiver-classic-torino-evo-st-3-0-noir\\\/#breadcrumb\",\"itemListElement\":[{\"@type\":\"ListItem\",\"position\":1,\"name\":\"Accueil\",\"item\":\"https:\\\/\\\/www.etrix.ch\\\/fr\\\/page-daccueil\\\/\"},{\"@type\":\"ListItem\",\"position\":2,\"name\":\"Boutique\",\"item\":\"https:\\\/\\\/www.etrix.ch\\\/fr\\\/boutique\\\/\"},{\"@type\":\"ListItem\",\"position\":3,\"name\":\"iXS gants d'hiver Classic Torino-Evo-ST 3.0 - noir\"}]},{\"@type\":\"WebSite\",\"@id\":\"https:\\\/\\\/www.etrix.ch\\\/fr\\\/#website\",\"url\":\"https:\\\/\\\/www.etrix.ch\\\/fr\\\/\",\"name\":\"ETRIX Elektroroller\",\"description\":\"E-Motos\",\"publisher\":{\"@id\":\"https:\\\/\\\/www.etrix.ch\\\/fr\\\/#organization\"},\"potentialAction\":[{\"@type\":\"SearchAction\",\"target\":{\"@type\":\"EntryPoint\",\"urlTemplate\":\"https:\\\/\\\/www.etrix.ch\\\/fr\\\/?s={search_term_string}\"},\"query-input\":{\"@type\":\"PropertyValueSpecification\",\"valueRequired\":true,\"valueName\":\"search_term_string\"}}],\"inLanguage\":\"fr-FR\"},{\"@type\":[\"Organization\",\"Place\",\"MotorcycleDealer\"],\"@id\":\"https:\\\/\\\/www.etrix.ch\\\/fr\\\/#organization\",\"name\":\"ETRIX E-Motos\",\"url\":\"https:\\\/\\\/www.etrix.ch\\\/fr\\\/\",\"logo\":{\"@id\":\"https:\\\/\\\/www.etrix.ch\\\/fr\\\/produit\\\/ixs-gant-hiver-classic-torino-evo-st-3-0-noir\\\/#local-main-organization-logo\"},\"image\":{\"@id\":\"https:\\\/\\\/www.etrix.ch\\\/fr\\\/produit\\\/ixs-gant-hiver-classic-torino-evo-st-3-0-noir\\\/#local-main-organization-logo\"},\"sameAs\":[\"https:\\\/\\\/m.facebook.com\\\/etrix.emotos\\\/\",\"https:\\\/\\\/x.com\\\/etrixag\",\"https:\\\/\\\/www.instagram.com\\\/etrix_emotos\\\/p\\\/BtVW6bXHtNv\\\/\",\"https:\\\/\\\/www.linkedin.com\\\/company\\\/etrix-ag\",\"https:\\\/\\\/www.youtube.com\\\/channel\\\/UCSd-hJdu5u8xPUEY60jexOw\"],\"address\":{\"@id\":\"https:\\\/\\\/www.etrix.ch\\\/fr\\\/produit\\\/ixs-gant-hiver-classic-torino-evo-st-3-0-noir\\\/#local-main-place-address\"},\"geo\":{\"@type\":\"GeoCoordinates\",\"latitude\":\"47.43839497999372\",\"longitude\":\"8.465227605227366\"},\"telephone\":[\"043 931 00 45\"],\"openingHoursSpecification\":[{\"@type\":\"OpeningHoursSpecification\",\"dayOfWeek\":[\"Monday\",\"Sunday\"],\"opens\":\"00:00\",\"closes\":\"00:00\"},{\"@type\":\"OpeningHoursSpecification\",\"dayOfWeek\":[\"Tuesday\",\"Wednesday\",\"Thursday\",\"Friday\"],\"opens\":\"10:00\",\"closes\":\"18:00\"},{\"@type\":\"OpeningHoursSpecification\",\"dayOfWeek\":[\"Saturday\"],\"opens\":\"10:00\",\"closes\":\"15:00\"}]},{\"@type\":\"PostalAddress\",\"@id\":\"https:\\\/\\\/www.etrix.ch\\\/fr\\\/produit\\\/ixs-gant-hiver-classic-torino-evo-st-3-0-noir\\\/#local-main-place-address\",\"streetAddress\":\"Riedthofstrasse 122\",\"addressLocality\":\"Regensdorf\",\"postalCode\":\"8105\",\"addressRegion\":\"Z\u00fcrich\",\"addressCountry\":\"CH\"},{\"@type\":\"ImageObject\",\"inLanguage\":\"fr-FR\",\"@id\":\"https:\\\/\\\/www.etrix.ch\\\/fr\\\/produit\\\/ixs-gant-hiver-classic-torino-evo-st-3-0-noir\\\/#local-main-organization-logo\",\"url\":\"https:\\\/\\\/www.etrix.ch\\\/media\\\/2021\\\/05\\\/ETRIX-logo.png\",\"contentUrl\":\"https:\\\/\\\/www.etrix.ch\\\/media\\\/2021\\\/05\\\/ETRIX-logo.png\",\"width\":470,\"height\":85,\"caption\":\"ETRIX E-Motos\"}]}<\/script>\n<meta property=\"product:brand\" content=\"IXS\" \/>\n<meta property=\"og:availability\" content=\"instock\" \/>\n<meta property=\"product:availability\" content=\"instock\" \/>\n<meta property=\"product:retailer_item_id\" content=\"AC600339-0\" \/>\n<meta property=\"product:condition\" content=\"new\" \/>\n<meta name=\"geo.placename\" content=\"Regensdorf\" \/>\n<meta name=\"geo.position\" content=\"47.43839497999372;8.465227605227366\" \/>\n<meta name=\"geo.region\" content=\"Suisse\" \/>\n<!-- \/ Yoast SEO Premium plugin. -->","yoast_head_json":{"title":"iXS gants d'hiver Classic Torino-Evo-ST 3.0 - noir - ETRIX Elektroroller","description":"iXS gant d'hiver Classic Torino-Evo-ST 3.0 noir \u2713 Gant urbain \u2713 M\u00e9lange de cuir de ch\u00e8vre et de textile \u2713 Membrane solto-TEX\u00ae avec doublure Tri-Fleece","robots":{"index":"index","follow":"follow","max-snippet":"max-snippet:-1","max-image-preview":"max-image-preview:large","max-video-preview":"max-video-preview:-1"},"canonical":"https:\/\/www.etrix.ch\/fr\/produit\/ixs-gant-hiver-classic-torino-evo-st-3-0-noir\/","og_locale":"fr_FR","og_type":"article","og_title":"iXS gants d'hiver Classic Torino-Evo-ST 3.0 - noir","og_description":"iXS gant d'hiver Classic Torino-Evo-ST 3.0 noir \u2713 Gant urbain \u2713 M\u00e9lange de cuir de ch\u00e8vre et de textile \u2713 Membrane solto-TEX\u00ae avec doublure Tri-Fleece","og_url":"https:\/\/www.etrix.ch\/fr\/produit\/ixs-gant-hiver-classic-torino-evo-st-3-0-noir\/","og_site_name":"ETRIX Elektroroller","article_publisher":"https:\/\/m.facebook.com\/etrix.emotos\/","article_modified_time":"2025-11-28T15:20:56+00:00","og_image":[{"width":900,"height":900,"url":"https:\/\/www.etrix.ch\/media\/2022\/12\/Handschuh_ClassicTorino_Evo_ST-3.0-1.jpg","type":"image\/jpeg"}],"twitter_card":"summary_large_image","twitter_site":"@etrixag","twitter_misc":{"Disponibilit\u00e9":"En stock"},"schema":{"@context":"https:\/\/schema.org","@graph":[{"@type":"WebPage","@id":"https:\/\/www.etrix.ch\/fr\/produit\/ixs-gant-hiver-classic-torino-evo-st-3-0-noir\/","url":"https:\/\/www.etrix.ch\/fr\/produit\/ixs-gant-hiver-classic-torino-evo-st-3-0-noir\/","name":"iXS gants d'hiver Classic Torino-Evo-ST 3.0 - noir - ETRIX Elektroroller","isPartOf":{"@id":"https:\/\/www.etrix.ch\/fr\/#website"},"primaryImageOfPage":{"@id":"https:\/\/www.etrix.ch\/fr\/produit\/ixs-gant-hiver-classic-torino-evo-st-3-0-noir\/#primaryimage"},"image":{"@id":"https:\/\/www.etrix.ch\/fr\/produit\/ixs-gant-hiver-classic-torino-evo-st-3-0-noir\/#primaryimage"},"thumbnailUrl":"https:\/\/www.etrix.ch\/media\/2022\/12\/Handschuh_ClassicTorino_Evo_ST-3.0-1.jpg","datePublished":"2022-12-21T08:52:31+00:00","dateModified":"2025-11-28T15:20:56+00:00","description":"iXS gant d'hiver Classic Torino-Evo-ST 3.0 noir \u2713 Gant urbain \u2713 M\u00e9lange de cuir de ch\u00e8vre et de textile \u2713 Membrane solto-TEX\u00ae avec doublure Tri-Fleece","breadcrumb":{"@id":"https:\/\/www.etrix.ch\/fr\/produit\/ixs-gant-hiver-classic-torino-evo-st-3-0-noir\/#breadcrumb"},"inLanguage":"fr-FR","potentialAction":[{"@type":"ReadAction","target":["https:\/\/www.etrix.ch\/fr\/produit\/ixs-gant-hiver-classic-torino-evo-st-3-0-noir\/"]}]},{"@type":"ImageObject","inLanguage":"fr-FR","@id":"https:\/\/www.etrix.ch\/fr\/produit\/ixs-gant-hiver-classic-torino-evo-st-3-0-noir\/#primaryimage","url":"https:\/\/www.etrix.ch\/media\/2022\/12\/Handschuh_ClassicTorino_Evo_ST-3.0-1.jpg","contentUrl":"https:\/\/www.etrix.ch\/media\/2022\/12\/Handschuh_ClassicTorino_Evo_ST-3.0-1.jpg","width":900,"height":900,"caption":"Gant Classictorino Evo St 3.0"},{"@type":"BreadcrumbList","@id":"https:\/\/www.etrix.ch\/fr\/produit\/ixs-gant-hiver-classic-torino-evo-st-3-0-noir\/#breadcrumb","itemListElement":[{"@type":"ListItem","position":1,"name":"Accueil","item":"https:\/\/www.etrix.ch\/fr\/page-daccueil\/"},{"@type":"ListItem","position":2,"name":"Boutique","item":"https:\/\/www.etrix.ch\/fr\/boutique\/"},{"@type":"ListItem","position":3,"name":"iXS gants d'hiver Classic Torino-Evo-ST 3.0 - noir"}]},{"@type":"WebSite","@id":"https:\/\/www.etrix.ch\/fr\/#website","url":"https:\/\/www.etrix.ch\/fr\/","name":"ETRIX Elektroroller","description":"E-Motos","publisher":{"@id":"https:\/\/www.etrix.ch\/fr\/#organization"},"potentialAction":[{"@type":"SearchAction","target":{"@type":"EntryPoint","urlTemplate":"https:\/\/www.etrix.ch\/fr\/?s={search_term_string}"},"query-input":{"@type":"PropertyValueSpecification","valueRequired":true,"valueName":"search_term_string"}}],"inLanguage":"fr-FR"},{"@type":["Organization","Place","MotorcycleDealer"],"@id":"https:\/\/www.etrix.ch\/fr\/#organization","name":"ETRIX E-Motos","url":"https:\/\/www.etrix.ch\/fr\/","logo":{"@id":"https:\/\/www.etrix.ch\/fr\/produit\/ixs-gant-hiver-classic-torino-evo-st-3-0-noir\/#local-main-organization-logo"},"image":{"@id":"https:\/\/www.etrix.ch\/fr\/produit\/ixs-gant-hiver-classic-torino-evo-st-3-0-noir\/#local-main-organization-logo"},"sameAs":["https:\/\/m.facebook.com\/etrix.emotos\/","https:\/\/x.com\/etrixag","https:\/\/www.instagram.com\/etrix_emotos\/p\/BtVW6bXHtNv\/","https:\/\/www.linkedin.com\/company\/etrix-ag","https:\/\/www.youtube.com\/channel\/UCSd-hJdu5u8xPUEY60jexOw"],"address":{"@id":"https:\/\/www.etrix.ch\/fr\/produit\/ixs-gant-hiver-classic-torino-evo-st-3-0-noir\/#local-main-place-address"},"geo":{"@type":"GeoCoordinates","latitude":"47.43839497999372","longitude":"8.465227605227366"},"telephone":["043 931 00 45"],"openingHoursSpecification":[{"@type":"OpeningHoursSpecification","dayOfWeek":["Monday","Sunday"],"opens":"00:00","closes":"00:00"},{"@type":"OpeningHoursSpecification","dayOfWeek":["Tuesday","Wednesday","Thursday","Friday"],"opens":"10:00","closes":"18:00"},{"@type":"OpeningHoursSpecification","dayOfWeek":["Saturday"],"opens":"10:00","closes":"15:00"}]},{"@type":"PostalAddress","@id":"https:\/\/www.etrix.ch\/fr\/produit\/ixs-gant-hiver-classic-torino-evo-st-3-0-noir\/#local-main-place-address","streetAddress":"Riedthofstrasse 122","addressLocality":"Regensdorf","postalCode":"8105","addressRegion":"Z\u00fcrich","addressCountry":"CH"},{"@type":"ImageObject","inLanguage":"fr-FR","@id":"https:\/\/www.etrix.ch\/fr\/produit\/ixs-gant-hiver-classic-torino-evo-st-3-0-noir\/#local-main-organization-logo","url":"https:\/\/www.etrix.ch\/media\/2021\/05\/ETRIX-logo.png","contentUrl":"https:\/\/www.etrix.ch\/media\/2021\/05\/ETRIX-logo.png","width":470,"height":85,"caption":"ETRIX E-Motos"}]},"product_brand":"IXS","og_availability":"instock","product_availability":"instock","product_retailer_item_id":"AC600339-0","product_condition":"new","geo.placename":"Regensdorf","geo.position":{"lat":"47.43839497999372","long":"8.465227605227366"},"geo.region":"Suisse"},"_links":{"self":[{"href":"https:\/\/www.etrix.ch\/fr\/wp-json\/wp\/v2\/product\/18432","targetHints":{"allow":["GET"]}}],"collection":[{"href":"https:\/\/www.etrix.ch\/fr\/wp-json\/wp\/v2\/product"}],"about":[{"href":"https:\/\/www.etrix.ch\/fr\/wp-json\/wp\/v2\/types\/product"}],"wp:featuredmedia":[{"embeddable":true,"href":"https:\/\/www.etrix.ch\/fr\/wp-json\/wp\/v2\/media\/18371"}],"wp:attachment":[{"href":"https:\/\/www.etrix.ch\/fr\/wp-json\/wp\/v2\/media?parent=18432"}],"wp:term":[{"taxonomy":"product_brand","embeddable":true,"href":"https:\/\/www.etrix.ch\/fr\/wp-json\/wp\/v2\/product_brand?post=18432"},{"taxonomy":"product_cat","embeddable":true,"href":"https:\/\/www.etrix.ch\/fr\/wp-json\/wp\/v2\/product_cat?post=18432"},{"taxonomy":"product_tag","embeddable":true,"href":"https:\/\/www.etrix.ch\/fr\/wp-json\/wp\/v2\/product_tag?post=18432"}],"curies":[{"name":"wp","href":"https:\/\/api.w.org\/{rel}","templated":true}]}}