{"id":16954,"date":"2022-09-15T12:21:03","date_gmt":"2022-09-15T10:21:03","guid":{"rendered":"https:\/\/www.etrix.ch\/?post_type=product&#038;p=16954"},"modified":"2025-09-17T18:23:46","modified_gmt":"2025-09-17T16:23:46","slug":"porte-connecteur-type-2-sur-t-23","status":"publish","type":"product","link":"https:\/\/www.etrix.ch\/fr\/produit\/porte-connecteur-type-2-sur-t-23\/","title":{"rendered":"Prise d&rsquo;adaptateur type 2 sur T23"},"content":{"rendered":"<p>Avec cet adaptateur, tu peux \u00e9galement brancher les v\u00e9hicules ETRIX sur une station de recharge avec c\u00e2ble de recharge de type 2 et les recharger.<\/p>\n<p>Le support de fiche de type 2 fait \u00e9galement office de prise de courant T 23. La prise T 23 convient aux fiches domestiques suisses de<strong>Typs 12 und 23 <\/strong>(T 12\/T 23). Ins\u00e9rez la fiche de type 2 dans le support et utilisez la T 23 pour charger votre v\u00e9hicule \u00e9lectrique Etrix.<\/p>\n<p><strong>Application :<\/strong><\/p>\n<ul>\n<li>Placez l&rsquo;interrupteur \u00e0 cl\u00e9 en position \u00ab\u00a0ARR\u00caT\u00a0\u00bb - Le support fonctionne comme un porte-prise normal<\/li>\n<li>Placez l&rsquo;interrupteur \u00e0 cl\u00e9 en position \u00ab\u00a0MARCHE\u00a0\u00bb - Le support fonctionne comme un adaptateur T 23<\/li>\n<\/ul>\n<p><strong>Caract\u00e9ristiques :<\/strong><\/p>\n<ul>\n<li>Prise T23 avec indice de protection IP55 - <strong>obligatoire en Suisse depuis 2022 !<\/strong><\/li>\n<li>protection contre les surintensit\u00e9s gr\u00e2ce \u00e0 un fusible en verre 16A int\u00e9gr\u00e9 et rempla\u00e7able<\/li>\n<li>Activation au moyen d&rsquo;un interrupteur \u00e0 cl\u00e9<\/li>\n<li>Montage mural stable sans ouvrir l&rsquo;appareil<\/li>\n<li>Peu co\u00fbteux, ne n\u00e9cessite aucune installation \u00e9lectrique<\/li>\n<\/ul>\n<p>Cet adaptateur convient aux stations <strong>de recharge avec c\u00e2ble de recharge fixe de type 2<\/strong> et est compatible avec toutes les stations de recharge disponibles sur le march\u00e9. Gr\u00e2ce au fusible int\u00e9gr\u00e9, l&rsquo;adaptateur peut \u00e9galement \u00eatre utilis\u00e9 sans probl\u00e8me sur les stations de recharge 32A (22kW). Pour <strong>Stations de recharge avec prise de type 2<\/strong> vous pouvez utiliser notre <a href=\"https:\/\/www.etrix.ch\/fr\/produit\/cable-adaptateur-pour-stations-de-recharge-de-type-2\/\">C\u00e2ble adaptateur type 2 vers T 23<\/a> utilisent.<\/p>\n","protected":false},"excerpt":{"rendered":"<p>Le support de prise de type 2 est \u00e9galement une prise de courant T 23.<\/p>\n","protected":false},"featured_media":16957,"template":"","meta":{"_acf_changed":false},"product_brand":[],"product_cat":[582,644,555,489,490],"product_tag":[2946],"class_list":{"0":"post-16954","1":"product","2":"type-product","3":"status-publish","4":"has-post-thumbnail","6":"product_cat-accessoires","7":"product_cat-accessoires-de-livraison","8":"product_cat-ecooter-fr","9":"product_cat-e-scooter","10":"product_cat-silence-fr","11":"product_tag-accessoires-de-cable-de-recharge","12":"sales-flash-overlay","13":"woocommerce-text-align-left","14":"woocommerce-image-align-center","15":"do-quantity-buttons","16":"wc-has-gallery","18":"first","19":"onbackorder","20":"taxable","21":"shipping-taxable","22":"purchasable","23":"product-type-simple"},"acf":[],"yoast_head":"<!-- This site is optimized with the Yoast SEO Premium plugin v26.9 (Yoast SEO v27.4) - https:\/\/yoast.com\/product\/yoast-seo-premium-wordpress\/ -->\n<title>Prise d&#039;adaptateur type 2 sur T23 - ETRIX Elektroroller<\/title>\n<meta name=\"description\" content=\"Le support de fiche de type 2 est \u00e9galement une prise T 23 \u2713 Installation facile \u2713 Interrupteur \u00e0 cl\u00e9 \u2713 Aucune installation \u00e9lectrique n\u00e9cessaire\" \/>\n<meta name=\"robots\" content=\"index, follow, max-snippet:-1, max-image-preview:large, max-video-preview:-1\" \/>\n<link rel=\"canonical\" href=\"https:\/\/www.etrix.ch\/fr\/produit\/porte-connecteur-type-2-sur-t-23\/\" \/>\n<meta property=\"og:locale\" content=\"fr_FR\" \/>\n<meta property=\"og:type\" content=\"article\" \/>\n<meta property=\"og:title\" content=\"Prise d&#039;adaptateur type 2 sur T23\" \/>\n<meta property=\"og:description\" content=\"Le support de fiche de type 2 est \u00e9galement une prise T 23 \u2713 Installation facile \u2713 Interrupteur \u00e0 cl\u00e9 \u2713 Aucune installation \u00e9lectrique n\u00e9cessaire\" \/>\n<meta property=\"og:url\" content=\"https:\/\/www.etrix.ch\/fr\/produit\/porte-connecteur-type-2-sur-t-23\/\" \/>\n<meta property=\"og:site_name\" content=\"ETRIX Elektroroller\" \/>\n<meta property=\"article:publisher\" content=\"https:\/\/m.facebook.com\/etrix.emotos\/\" \/>\n<meta property=\"article:modified_time\" content=\"2025-09-17T16:23:46+00:00\" \/>\n<meta property=\"og:image\" content=\"https:\/\/www.etrix.ch\/media\/2022\/09\/Int_Typ2_Steckerhalter_01.jpg\" \/>\n\t<meta property=\"og:image:width\" content=\"1000\" \/>\n\t<meta property=\"og:image:height\" content=\"1000\" \/>\n\t<meta property=\"og:image:type\" content=\"image\/jpeg\" \/>\n<meta name=\"twitter:card\" content=\"summary_large_image\" \/>\n<meta name=\"twitter:site\" content=\"@etrixag\" \/>\n<meta name=\"twitter:label1\" content=\"Prix\" \/>\n\t<meta name=\"twitter:data1\" content=\"&#067;&#072;&#070;&nbsp;345.00 inkl. MwSt.\" \/>\n\t<meta name=\"twitter:label2\" content=\"Disponibilit\u00e9\" \/>\n\t<meta name=\"twitter:data2\" content=\"En r\u00e9assort\" \/>\n<script type=\"application\/ld+json\" class=\"yoast-schema-graph\">{\"@context\":\"https:\\\/\\\/schema.org\",\"@graph\":[{\"@type\":\"WebPage\",\"@id\":\"https:\\\/\\\/www.etrix.ch\\\/fr\\\/produit\\\/porte-connecteur-type-2-sur-t-23\\\/\",\"url\":\"https:\\\/\\\/www.etrix.ch\\\/fr\\\/produit\\\/porte-connecteur-type-2-sur-t-23\\\/\",\"name\":\"Prise d'adaptateur type 2 sur T23 - ETRIX Elektroroller\",\"isPartOf\":{\"@id\":\"https:\\\/\\\/www.etrix.ch\\\/fr\\\/#website\"},\"primaryImageOfPage\":{\"@id\":\"https:\\\/\\\/www.etrix.ch\\\/fr\\\/produit\\\/porte-connecteur-type-2-sur-t-23\\\/#primaryimage\"},\"image\":{\"@id\":\"https:\\\/\\\/www.etrix.ch\\\/fr\\\/produit\\\/porte-connecteur-type-2-sur-t-23\\\/#primaryimage\"},\"thumbnailUrl\":\"https:\\\/\\\/www.etrix.ch\\\/media\\\/2022\\\/09\\\/Int_Typ2_Steckerhalter_01.jpg\",\"datePublished\":\"2022-09-15T10:21:03+00:00\",\"dateModified\":\"2025-09-17T16:23:46+00:00\",\"description\":\"Le support de fiche de type 2 est \u00e9galement une prise T 23 \u2713 Installation facile \u2713 Interrupteur \u00e0 cl\u00e9 \u2713 Aucune installation \u00e9lectrique n\u00e9cessaire\",\"breadcrumb\":{\"@id\":\"https:\\\/\\\/www.etrix.ch\\\/fr\\\/produit\\\/porte-connecteur-type-2-sur-t-23\\\/#breadcrumb\"},\"inLanguage\":\"fr-FR\",\"potentialAction\":[{\"@type\":\"ReadAction\",\"target\":[\"https:\\\/\\\/www.etrix.ch\\\/fr\\\/produit\\\/porte-connecteur-type-2-sur-t-23\\\/\"]}]},{\"@type\":\"ImageObject\",\"inLanguage\":\"fr-FR\",\"@id\":\"https:\\\/\\\/www.etrix.ch\\\/fr\\\/produit\\\/porte-connecteur-type-2-sur-t-23\\\/#primaryimage\",\"url\":\"https:\\\/\\\/www.etrix.ch\\\/media\\\/2022\\\/09\\\/Int_Typ2_Steckerhalter_01.jpg\",\"contentUrl\":\"https:\\\/\\\/www.etrix.ch\\\/media\\\/2022\\\/09\\\/Int_Typ2_Steckerhalter_01.jpg\",\"width\":1000,\"height\":1000,\"caption\":\"Support de connecteur Int Type2 01\"},{\"@type\":\"BreadcrumbList\",\"@id\":\"https:\\\/\\\/www.etrix.ch\\\/fr\\\/produit\\\/porte-connecteur-type-2-sur-t-23\\\/#breadcrumb\",\"itemListElement\":[{\"@type\":\"ListItem\",\"position\":1,\"name\":\"Accueil\",\"item\":\"https:\\\/\\\/www.etrix.ch\\\/fr\\\/\"},{\"@type\":\"ListItem\",\"position\":2,\"name\":\"Boutique\",\"item\":\"https:\\\/\\\/www.etrix.ch\\\/fr\\\/boutique\\\/\"},{\"@type\":\"ListItem\",\"position\":3,\"name\":\"Prise d'adaptateur type 2 sur T23\"}]},{\"@type\":\"WebSite\",\"@id\":\"https:\\\/\\\/www.etrix.ch\\\/fr\\\/#website\",\"url\":\"https:\\\/\\\/www.etrix.ch\\\/fr\\\/\",\"name\":\"ETRIX Elektroroller\",\"description\":\"E-Motos\",\"publisher\":{\"@id\":\"https:\\\/\\\/www.etrix.ch\\\/fr\\\/#organization\"},\"potentialAction\":[{\"@type\":\"SearchAction\",\"target\":{\"@type\":\"EntryPoint\",\"urlTemplate\":\"https:\\\/\\\/www.etrix.ch\\\/fr\\\/?s={search_term_string}\"},\"query-input\":{\"@type\":\"PropertyValueSpecification\",\"valueRequired\":true,\"valueName\":\"search_term_string\"}}],\"inLanguage\":\"fr-FR\"},{\"@type\":[\"Organization\",\"Place\",\"MotorcycleDealer\"],\"@id\":\"https:\\\/\\\/www.etrix.ch\\\/fr\\\/#organization\",\"name\":\"ETRIX E-Motos\",\"url\":\"https:\\\/\\\/www.etrix.ch\\\/fr\\\/\",\"logo\":{\"@id\":\"https:\\\/\\\/www.etrix.ch\\\/fr\\\/produit\\\/porte-connecteur-type-2-sur-t-23\\\/#local-main-organization-logo\"},\"image\":{\"@id\":\"https:\\\/\\\/www.etrix.ch\\\/fr\\\/produit\\\/porte-connecteur-type-2-sur-t-23\\\/#local-main-organization-logo\"},\"sameAs\":[\"https:\\\/\\\/m.facebook.com\\\/etrix.emotos\\\/\",\"https:\\\/\\\/x.com\\\/etrixag\",\"https:\\\/\\\/www.instagram.com\\\/etrix_emotos\\\/p\\\/BtVW6bXHtNv\\\/\",\"https:\\\/\\\/www.linkedin.com\\\/company\\\/etrix-ag\",\"https:\\\/\\\/www.youtube.com\\\/channel\\\/UCSd-hJdu5u8xPUEY60jexOw\"],\"address\":{\"@id\":\"https:\\\/\\\/www.etrix.ch\\\/fr\\\/produit\\\/porte-connecteur-type-2-sur-t-23\\\/#local-main-place-address\"},\"geo\":{\"@type\":\"GeoCoordinates\",\"latitude\":\"47.43839497999372\",\"longitude\":\"8.465227605227366\"},\"telephone\":[\"043 931 00 45\"],\"openingHoursSpecification\":[{\"@type\":\"OpeningHoursSpecification\",\"dayOfWeek\":[\"Monday\",\"Sunday\"],\"opens\":\"00:00\",\"closes\":\"00:00\"},{\"@type\":\"OpeningHoursSpecification\",\"dayOfWeek\":[\"Tuesday\",\"Wednesday\",\"Thursday\",\"Friday\"],\"opens\":\"10:00\",\"closes\":\"18:00\"},{\"@type\":\"OpeningHoursSpecification\",\"dayOfWeek\":[\"Saturday\"],\"opens\":\"10:00\",\"closes\":\"15:00\"}]},{\"@type\":\"PostalAddress\",\"@id\":\"https:\\\/\\\/www.etrix.ch\\\/fr\\\/produit\\\/porte-connecteur-type-2-sur-t-23\\\/#local-main-place-address\",\"streetAddress\":\"Riedthofstrasse 122\",\"addressLocality\":\"Regensdorf\",\"postalCode\":\"8105\",\"addressRegion\":\"Z\u00fcrich\",\"addressCountry\":\"CH\"},{\"@type\":\"ImageObject\",\"inLanguage\":\"fr-FR\",\"@id\":\"https:\\\/\\\/www.etrix.ch\\\/fr\\\/produit\\\/porte-connecteur-type-2-sur-t-23\\\/#local-main-organization-logo\",\"url\":\"https:\\\/\\\/www.etrix.ch\\\/media\\\/2021\\\/05\\\/ETRIX-logo.png\",\"contentUrl\":\"https:\\\/\\\/www.etrix.ch\\\/media\\\/2021\\\/05\\\/ETRIX-logo.png\",\"width\":470,\"height\":85,\"caption\":\"ETRIX E-Motos\"}]}<\/script>\n<meta property=\"product:price:amount\" content=\"345.00\" \/>\n<meta property=\"product:price:currency\" content=\"CHF\" \/>\n<meta property=\"og:availability\" content=\"backorder\" \/>\n<meta property=\"product:availability\" content=\"available for order\" \/>\n<meta property=\"product:retailer_item_id\" content=\"RW200718\" \/>\n<meta property=\"product:condition\" content=\"new\" \/>\n<meta name=\"geo.placename\" content=\"Regensdorf\" \/>\n<meta name=\"geo.position\" content=\"47.43839497999372;8.465227605227366\" \/>\n<meta name=\"geo.region\" content=\"Suisse\" \/>\n<!-- \/ Yoast SEO Premium plugin. -->","yoast_head_json":{"title":"Prise d'adaptateur type 2 sur T23 - ETRIX Elektroroller","description":"Le support de fiche de type 2 est \u00e9galement une prise T 23 \u2713 Installation facile \u2713 Interrupteur \u00e0 cl\u00e9 \u2713 Aucune installation \u00e9lectrique n\u00e9cessaire","robots":{"index":"index","follow":"follow","max-snippet":"max-snippet:-1","max-image-preview":"max-image-preview:large","max-video-preview":"max-video-preview:-1"},"canonical":"https:\/\/www.etrix.ch\/fr\/produit\/porte-connecteur-type-2-sur-t-23\/","og_locale":"fr_FR","og_type":"article","og_title":"Prise d'adaptateur type 2 sur T23","og_description":"Le support de fiche de type 2 est \u00e9galement une prise T 23 \u2713 Installation facile \u2713 Interrupteur \u00e0 cl\u00e9 \u2713 Aucune installation \u00e9lectrique n\u00e9cessaire","og_url":"https:\/\/www.etrix.ch\/fr\/produit\/porte-connecteur-type-2-sur-t-23\/","og_site_name":"ETRIX Elektroroller","article_publisher":"https:\/\/m.facebook.com\/etrix.emotos\/","article_modified_time":"2025-09-17T16:23:46+00:00","og_image":[{"width":1000,"height":1000,"url":"https:\/\/www.etrix.ch\/media\/2022\/09\/Int_Typ2_Steckerhalter_01.jpg","type":"image\/jpeg"}],"twitter_card":"summary_large_image","twitter_site":"@etrixag","twitter_misc":{"Prix":"&#67;&#72;&#70;&nbsp;345.00 inkl. MwSt.","Disponibilit\u00e9":"En r\u00e9assort"},"schema":{"@context":"https:\/\/schema.org","@graph":[{"@type":"WebPage","@id":"https:\/\/www.etrix.ch\/fr\/produit\/porte-connecteur-type-2-sur-t-23\/","url":"https:\/\/www.etrix.ch\/fr\/produit\/porte-connecteur-type-2-sur-t-23\/","name":"Prise d'adaptateur type 2 sur T23 - ETRIX Elektroroller","isPartOf":{"@id":"https:\/\/www.etrix.ch\/fr\/#website"},"primaryImageOfPage":{"@id":"https:\/\/www.etrix.ch\/fr\/produit\/porte-connecteur-type-2-sur-t-23\/#primaryimage"},"image":{"@id":"https:\/\/www.etrix.ch\/fr\/produit\/porte-connecteur-type-2-sur-t-23\/#primaryimage"},"thumbnailUrl":"https:\/\/www.etrix.ch\/media\/2022\/09\/Int_Typ2_Steckerhalter_01.jpg","datePublished":"2022-09-15T10:21:03+00:00","dateModified":"2025-09-17T16:23:46+00:00","description":"Le support de fiche de type 2 est \u00e9galement une prise T 23 \u2713 Installation facile \u2713 Interrupteur \u00e0 cl\u00e9 \u2713 Aucune installation \u00e9lectrique n\u00e9cessaire","breadcrumb":{"@id":"https:\/\/www.etrix.ch\/fr\/produit\/porte-connecteur-type-2-sur-t-23\/#breadcrumb"},"inLanguage":"fr-FR","potentialAction":[{"@type":"ReadAction","target":["https:\/\/www.etrix.ch\/fr\/produit\/porte-connecteur-type-2-sur-t-23\/"]}]},{"@type":"ImageObject","inLanguage":"fr-FR","@id":"https:\/\/www.etrix.ch\/fr\/produit\/porte-connecteur-type-2-sur-t-23\/#primaryimage","url":"https:\/\/www.etrix.ch\/media\/2022\/09\/Int_Typ2_Steckerhalter_01.jpg","contentUrl":"https:\/\/www.etrix.ch\/media\/2022\/09\/Int_Typ2_Steckerhalter_01.jpg","width":1000,"height":1000,"caption":"Support de connecteur Int Type2 01"},{"@type":"BreadcrumbList","@id":"https:\/\/www.etrix.ch\/fr\/produit\/porte-connecteur-type-2-sur-t-23\/#breadcrumb","itemListElement":[{"@type":"ListItem","position":1,"name":"Accueil","item":"https:\/\/www.etrix.ch\/fr\/"},{"@type":"ListItem","position":2,"name":"Boutique","item":"https:\/\/www.etrix.ch\/fr\/boutique\/"},{"@type":"ListItem","position":3,"name":"Prise d'adaptateur type 2 sur T23"}]},{"@type":"WebSite","@id":"https:\/\/www.etrix.ch\/fr\/#website","url":"https:\/\/www.etrix.ch\/fr\/","name":"ETRIX Elektroroller","description":"E-Motos","publisher":{"@id":"https:\/\/www.etrix.ch\/fr\/#organization"},"potentialAction":[{"@type":"SearchAction","target":{"@type":"EntryPoint","urlTemplate":"https:\/\/www.etrix.ch\/fr\/?s={search_term_string}"},"query-input":{"@type":"PropertyValueSpecification","valueRequired":true,"valueName":"search_term_string"}}],"inLanguage":"fr-FR"},{"@type":["Organization","Place","MotorcycleDealer"],"@id":"https:\/\/www.etrix.ch\/fr\/#organization","name":"ETRIX E-Motos","url":"https:\/\/www.etrix.ch\/fr\/","logo":{"@id":"https:\/\/www.etrix.ch\/fr\/produit\/porte-connecteur-type-2-sur-t-23\/#local-main-organization-logo"},"image":{"@id":"https:\/\/www.etrix.ch\/fr\/produit\/porte-connecteur-type-2-sur-t-23\/#local-main-organization-logo"},"sameAs":["https:\/\/m.facebook.com\/etrix.emotos\/","https:\/\/x.com\/etrixag","https:\/\/www.instagram.com\/etrix_emotos\/p\/BtVW6bXHtNv\/","https:\/\/www.linkedin.com\/company\/etrix-ag","https:\/\/www.youtube.com\/channel\/UCSd-hJdu5u8xPUEY60jexOw"],"address":{"@id":"https:\/\/www.etrix.ch\/fr\/produit\/porte-connecteur-type-2-sur-t-23\/#local-main-place-address"},"geo":{"@type":"GeoCoordinates","latitude":"47.43839497999372","longitude":"8.465227605227366"},"telephone":["043 931 00 45"],"openingHoursSpecification":[{"@type":"OpeningHoursSpecification","dayOfWeek":["Monday","Sunday"],"opens":"00:00","closes":"00:00"},{"@type":"OpeningHoursSpecification","dayOfWeek":["Tuesday","Wednesday","Thursday","Friday"],"opens":"10:00","closes":"18:00"},{"@type":"OpeningHoursSpecification","dayOfWeek":["Saturday"],"opens":"10:00","closes":"15:00"}]},{"@type":"PostalAddress","@id":"https:\/\/www.etrix.ch\/fr\/produit\/porte-connecteur-type-2-sur-t-23\/#local-main-place-address","streetAddress":"Riedthofstrasse 122","addressLocality":"Regensdorf","postalCode":"8105","addressRegion":"Z\u00fcrich","addressCountry":"CH"},{"@type":"ImageObject","inLanguage":"fr-FR","@id":"https:\/\/www.etrix.ch\/fr\/produit\/porte-connecteur-type-2-sur-t-23\/#local-main-organization-logo","url":"https:\/\/www.etrix.ch\/media\/2021\/05\/ETRIX-logo.png","contentUrl":"https:\/\/www.etrix.ch\/media\/2021\/05\/ETRIX-logo.png","width":470,"height":85,"caption":"ETRIX E-Motos"}]},"product_price_amount":"345.00","product_price_currency":"CHF","og_availability":"backorder","product_availability":"available for order","product_retailer_item_id":"RW200718","product_condition":"new","geo.placename":"Regensdorf","geo.position":{"lat":"47.43839497999372","long":"8.465227605227366"},"geo.region":"Suisse"},"_links":{"self":[{"href":"https:\/\/www.etrix.ch\/fr\/wp-json\/wp\/v2\/product\/16954","targetHints":{"allow":["GET"]}}],"collection":[{"href":"https:\/\/www.etrix.ch\/fr\/wp-json\/wp\/v2\/product"}],"about":[{"href":"https:\/\/www.etrix.ch\/fr\/wp-json\/wp\/v2\/types\/product"}],"wp:featuredmedia":[{"embeddable":true,"href":"https:\/\/www.etrix.ch\/fr\/wp-json\/wp\/v2\/media\/16957"}],"wp:attachment":[{"href":"https:\/\/www.etrix.ch\/fr\/wp-json\/wp\/v2\/media?parent=16954"}],"wp:term":[{"taxonomy":"product_brand","embeddable":true,"href":"https:\/\/www.etrix.ch\/fr\/wp-json\/wp\/v2\/product_brand?post=16954"},{"taxonomy":"product_cat","embeddable":true,"href":"https:\/\/www.etrix.ch\/fr\/wp-json\/wp\/v2\/product_cat?post=16954"},{"taxonomy":"product_tag","embeddable":true,"href":"https:\/\/www.etrix.ch\/fr\/wp-json\/wp\/v2\/product_tag?post=16954"}],"curies":[{"name":"wp","href":"https:\/\/api.w.org\/{rel}","templated":true}]}}