{"id":10339,"date":"2021-11-19T15:18:54","date_gmt":"2021-11-19T14:18:54","guid":{"rendered":"https:\/\/www.etrix.ch\/ixs-tour-lt-gants-mimba-st-noir\/"},"modified":"2025-11-28T16:21:30","modified_gmt":"2025-11-28T15:21:30","slug":"ixs-tour-lt-gant-hiver-mimba-st-noir","status":"publish","type":"product","link":"https:\/\/www.etrix.ch\/fr\/produit\/ixs-tour-lt-gant-hiver-mimba-st-noir\/","title":{"rendered":"iXS Tour LT gant d&rsquo;hiver Mimba-ST - noir"},"content":{"rendered":"&#13;\n<p><strong>Gants de randonn\u00e9e hivernale en textile, amara et chevreau<\/strong><\/p>&#13;\n&#13;\n<p><strong>Les caract\u00e9ristiques suivantes distinguent ces gants :<\/strong><\/p>&#13;\n&#13;\n<ul class=\"wp-block-list\">&#13;\n<li>membrane solto-TEX\u00ae avec doublure Tri-Fleece<\/li>&#13;\n<li>Rembourrage de la cheville en Temperfoam recouvert de Texil<\/li>&#13;\n<li>Paume en Amara<\/li>&#13;\n<li>Paume de la main doubl\u00e9e de cuir<\/li>&#13;\n<li>Rembourrage de poignet avec pression<\/li>&#13;\n<li>Rembourrage des doigts avec impression r\u00e9fl\u00e9chissante<\/li>&#13;\n<li>Stretch sur le dos de la main et le pouce en n\u00e9opr\u00e8ne gaufr\u00e9<\/li>&#13;\n<li>Poignet extensible avec r\u00e9glage par velcro<\/li>&#13;\n<li>Manchettes r\u00e9glables en largeur avec fermeture Velcro<\/li>&#13;\n<li>Barri\u00e8re contre l&rsquo;eau \u00e0 l&rsquo;extr\u00e9mit\u00e9 de la manchette<\/li>&#13;\n<li>S\u00e9curit\u00e9 : conforme \u00e0 la norme d&rsquo;essai EN13594:2015<\/li>&#13;\n<\/ul>&#13;\n&#13;\n<p>Tige cuir : cuir de ch\u00e8vre<br\/>Tige textile : 98% polyamide, 2% \u00e9lasthanne<br\/>Tige stretch : 100% polyester<br\/>Paume : 70% polyester, 30% polyamide<\/p>&#13;\n&#13;\n<p>Rembourrage de la cheville : polyur\u00e9thane<br\/>membrane solto-TEX\u00ae 100% polyur\u00e9thane<br\/>Contient des parties non textiles d&rsquo;origine animale<\/p>&#13;\n","protected":false},"excerpt":{"rendered":"<p>Gants de randonn\u00e9e d&rsquo;hiver en textile<\/p>\n","protected":false},"featured_media":7020,"template":"","meta":{"_acf_changed":false},"product_brand":[],"product_cat":[582,625,647],"product_tag":[1385],"class_list":{"0":"post-10339","1":"product","2":"type-product","3":"status-publish","4":"has-post-thumbnail","6":"product_cat-accessoires","7":"product_cat-casques-vetements","8":"product_cat-protection-contre-les-intemperies","9":"product_tag-handschuhe-fr","10":"pa_marke-ixs-fr","11":"sales-flash-overlay","12":"woocommerce-text-align-left","13":"woocommerce-image-align-center","14":"do-quantity-buttons","16":"first","17":"instock","18":"sale","19":"taxable","20":"shipping-taxable","21":"purchasable","22":"product-type-variable","23":"has-default-attributes"},"acf":[],"yoast_head":"<!-- This site is optimized with the Yoast SEO Premium plugin v26.9 (Yoast SEO v27.5) - https:\/\/yoast.com\/product\/yoast-seo-premium-wordpress\/ -->\n<title>iXS Tour LT gant d&#039;hiver Mimba-ST - noir - ETRIX Elektroroller<\/title>\n<meta name=\"description\" content=\"Gant hiver Tour LT Mimba-ST noir \u2713 Gant de randonn\u00e9e en textile \u2713 Amara et chevreau \u2713 membrane solto-TEX\u00ae avec doublure Tri-Fleece\" \/>\n<meta name=\"robots\" content=\"index, follow, max-snippet:-1, max-image-preview:large, max-video-preview:-1\" \/>\n<link rel=\"canonical\" href=\"https:\/\/www.etrix.ch\/fr\/produit\/ixs-tour-lt-gant-hiver-mimba-st-noir\/\" \/>\n<meta property=\"og:locale\" content=\"fr_FR\" \/>\n<meta property=\"og:type\" content=\"article\" \/>\n<meta property=\"og:title\" content=\"iXS Tour LT gant d&#039;hiver Mimba-ST - noir\" \/>\n<meta property=\"og:description\" content=\"Gant hiver Tour LT Mimba-ST noir \u2713 Gant de randonn\u00e9e en textile \u2713 Amara et chevreau \u2713 membrane solto-TEX\u00ae avec doublure Tri-Fleece\" \/>\n<meta property=\"og:url\" content=\"https:\/\/www.etrix.ch\/fr\/produit\/ixs-tour-lt-gant-hiver-mimba-st-noir\/\" \/>\n<meta property=\"og:site_name\" content=\"ETRIX Elektroroller\" \/>\n<meta property=\"article:publisher\" content=\"https:\/\/m.facebook.com\/etrix.emotos\/\" \/>\n<meta property=\"article:modified_time\" content=\"2025-11-28T15:21:30+00:00\" \/>\n<meta property=\"og:image\" content=\"https:\/\/www.etrix.ch\/media\/2021\/11\/Handschuh_Mimba_X42007-003.jpg\" \/>\n\t<meta property=\"og:image:width\" content=\"1200\" \/>\n\t<meta property=\"og:image:height\" content=\"1200\" \/>\n\t<meta property=\"og:image:type\" content=\"image\/jpeg\" \/>\n<meta name=\"twitter:card\" content=\"summary_large_image\" \/>\n<meta name=\"twitter:site\" content=\"@etrixag\" \/>\n<meta name=\"twitter:label1\" content=\"Disponibilit\u00e9\" \/>\n\t<meta name=\"twitter:data1\" content=\"En stock\" \/>\n<script type=\"application\/ld+json\" class=\"yoast-schema-graph\">{\"@context\":\"https:\\\/\\\/schema.org\",\"@graph\":[{\"@type\":\"WebPage\",\"@id\":\"https:\\\/\\\/www.etrix.ch\\\/fr\\\/produit\\\/ixs-tour-lt-gant-hiver-mimba-st-noir\\\/\",\"url\":\"https:\\\/\\\/www.etrix.ch\\\/fr\\\/produit\\\/ixs-tour-lt-gant-hiver-mimba-st-noir\\\/\",\"name\":\"iXS Tour LT gant d'hiver Mimba-ST - noir - ETRIX Elektroroller\",\"isPartOf\":{\"@id\":\"https:\\\/\\\/www.etrix.ch\\\/fr\\\/#website\"},\"primaryImageOfPage\":{\"@id\":\"https:\\\/\\\/www.etrix.ch\\\/fr\\\/produit\\\/ixs-tour-lt-gant-hiver-mimba-st-noir\\\/#primaryimage\"},\"image\":{\"@id\":\"https:\\\/\\\/www.etrix.ch\\\/fr\\\/produit\\\/ixs-tour-lt-gant-hiver-mimba-st-noir\\\/#primaryimage\"},\"thumbnailUrl\":\"https:\\\/\\\/www.etrix.ch\\\/media\\\/2021\\\/11\\\/Handschuh_Mimba_X42007-003.jpg\",\"datePublished\":\"2021-11-19T14:18:54+00:00\",\"dateModified\":\"2025-11-28T15:21:30+00:00\",\"description\":\"Gant hiver Tour LT Mimba-ST noir \u2713 Gant de randonn\u00e9e en textile \u2713 Amara et chevreau \u2713 membrane solto-TEX\u00ae avec doublure Tri-Fleece\",\"breadcrumb\":{\"@id\":\"https:\\\/\\\/www.etrix.ch\\\/fr\\\/produit\\\/ixs-tour-lt-gant-hiver-mimba-st-noir\\\/#breadcrumb\"},\"inLanguage\":\"fr-FR\",\"potentialAction\":[{\"@type\":\"ReadAction\",\"target\":[\"https:\\\/\\\/www.etrix.ch\\\/fr\\\/produit\\\/ixs-tour-lt-gant-hiver-mimba-st-noir\\\/\"]}]},{\"@type\":\"ImageObject\",\"inLanguage\":\"fr-FR\",\"@id\":\"https:\\\/\\\/www.etrix.ch\\\/fr\\\/produit\\\/ixs-tour-lt-gant-hiver-mimba-st-noir\\\/#primaryimage\",\"url\":\"https:\\\/\\\/www.etrix.ch\\\/media\\\/2021\\\/11\\\/Handschuh_Mimba_X42007-003.jpg\",\"contentUrl\":\"https:\\\/\\\/www.etrix.ch\\\/media\\\/2021\\\/11\\\/Handschuh_Mimba_X42007-003.jpg\",\"width\":1200,\"height\":1200,\"caption\":\"Gant Mimba X42007 003\"},{\"@type\":\"BreadcrumbList\",\"@id\":\"https:\\\/\\\/www.etrix.ch\\\/fr\\\/produit\\\/ixs-tour-lt-gant-hiver-mimba-st-noir\\\/#breadcrumb\",\"itemListElement\":[{\"@type\":\"ListItem\",\"position\":1,\"name\":\"Accueil\",\"item\":\"https:\\\/\\\/www.etrix.ch\\\/fr\\\/\"},{\"@type\":\"ListItem\",\"position\":2,\"name\":\"Boutique\",\"item\":\"https:\\\/\\\/www.etrix.ch\\\/fr\\\/boutique\\\/\"},{\"@type\":\"ListItem\",\"position\":3,\"name\":\"iXS Tour LT gant d&#8217;hiver Mimba-ST &#8211; noir\"}]},{\"@type\":\"WebSite\",\"@id\":\"https:\\\/\\\/www.etrix.ch\\\/fr\\\/#website\",\"url\":\"https:\\\/\\\/www.etrix.ch\\\/fr\\\/\",\"name\":\"ETRIX Elektroroller\",\"description\":\"E-Motos\",\"publisher\":{\"@id\":\"https:\\\/\\\/www.etrix.ch\\\/fr\\\/#organization\"},\"potentialAction\":[{\"@type\":\"SearchAction\",\"target\":{\"@type\":\"EntryPoint\",\"urlTemplate\":\"https:\\\/\\\/www.etrix.ch\\\/fr\\\/?s={search_term_string}\"},\"query-input\":{\"@type\":\"PropertyValueSpecification\",\"valueRequired\":true,\"valueName\":\"search_term_string\"}}],\"inLanguage\":\"fr-FR\"},{\"@type\":[\"Organization\",\"Place\",\"MotorcycleDealer\"],\"@id\":\"https:\\\/\\\/www.etrix.ch\\\/fr\\\/#organization\",\"name\":\"ETRIX E-Motos\",\"url\":\"https:\\\/\\\/www.etrix.ch\\\/fr\\\/\",\"logo\":{\"@id\":\"https:\\\/\\\/www.etrix.ch\\\/fr\\\/produit\\\/ixs-tour-lt-gant-hiver-mimba-st-noir\\\/#local-main-organization-logo\"},\"image\":{\"@id\":\"https:\\\/\\\/www.etrix.ch\\\/fr\\\/produit\\\/ixs-tour-lt-gant-hiver-mimba-st-noir\\\/#local-main-organization-logo\"},\"sameAs\":[\"https:\\\/\\\/m.facebook.com\\\/etrix.emotos\\\/\",\"https:\\\/\\\/x.com\\\/etrixag\",\"https:\\\/\\\/www.instagram.com\\\/etrix_emotos\\\/p\\\/BtVW6bXHtNv\\\/\",\"https:\\\/\\\/www.linkedin.com\\\/company\\\/etrix-ag\",\"https:\\\/\\\/www.youtube.com\\\/channel\\\/UCSd-hJdu5u8xPUEY60jexOw\"],\"address\":{\"@id\":\"https:\\\/\\\/www.etrix.ch\\\/fr\\\/produit\\\/ixs-tour-lt-gant-hiver-mimba-st-noir\\\/#local-main-place-address\"},\"geo\":{\"@type\":\"GeoCoordinates\",\"latitude\":\"47.43839497999372\",\"longitude\":\"8.465227605227366\"},\"telephone\":[\"043 931 00 45\"],\"openingHoursSpecification\":[{\"@type\":\"OpeningHoursSpecification\",\"dayOfWeek\":[\"Monday\",\"Sunday\"],\"opens\":\"00:00\",\"closes\":\"00:00\"},{\"@type\":\"OpeningHoursSpecification\",\"dayOfWeek\":[\"Tuesday\",\"Wednesday\",\"Thursday\",\"Friday\"],\"opens\":\"10:00\",\"closes\":\"18:00\"},{\"@type\":\"OpeningHoursSpecification\",\"dayOfWeek\":[\"Saturday\"],\"opens\":\"10:00\",\"closes\":\"15:00\"}]},{\"@type\":\"PostalAddress\",\"@id\":\"https:\\\/\\\/www.etrix.ch\\\/fr\\\/produit\\\/ixs-tour-lt-gant-hiver-mimba-st-noir\\\/#local-main-place-address\",\"streetAddress\":\"Riedthofstrasse 122\",\"addressLocality\":\"Regensdorf\",\"postalCode\":\"8105\",\"addressRegion\":\"Z\u00fcrich\",\"addressCountry\":\"CH\"},{\"@type\":\"ImageObject\",\"inLanguage\":\"fr-FR\",\"@id\":\"https:\\\/\\\/www.etrix.ch\\\/fr\\\/produit\\\/ixs-tour-lt-gant-hiver-mimba-st-noir\\\/#local-main-organization-logo\",\"url\":\"https:\\\/\\\/www.etrix.ch\\\/media\\\/2021\\\/05\\\/ETRIX-logo.png\",\"contentUrl\":\"https:\\\/\\\/www.etrix.ch\\\/media\\\/2021\\\/05\\\/ETRIX-logo.png\",\"width\":470,\"height\":85,\"caption\":\"ETRIX E-Motos\"}]}<\/script>\n<meta property=\"product:brand\" content=\"IXS\" \/>\n<meta property=\"og:availability\" content=\"instock\" \/>\n<meta property=\"product:availability\" content=\"instock\" \/>\n<meta property=\"product:condition\" content=\"new\" \/>\n<meta name=\"geo.placename\" content=\"Regensdorf\" \/>\n<meta name=\"geo.position\" content=\"47.43839497999372;8.465227605227366\" \/>\n<meta name=\"geo.region\" content=\"Suisse\" \/>\n<!-- \/ Yoast SEO Premium plugin. -->","yoast_head_json":{"title":"iXS Tour LT gant d'hiver Mimba-ST - noir - ETRIX Elektroroller","description":"Gant hiver Tour LT Mimba-ST noir \u2713 Gant de randonn\u00e9e en textile \u2713 Amara et chevreau \u2713 membrane solto-TEX\u00ae avec doublure Tri-Fleece","robots":{"index":"index","follow":"follow","max-snippet":"max-snippet:-1","max-image-preview":"max-image-preview:large","max-video-preview":"max-video-preview:-1"},"canonical":"https:\/\/www.etrix.ch\/fr\/produit\/ixs-tour-lt-gant-hiver-mimba-st-noir\/","og_locale":"fr_FR","og_type":"article","og_title":"iXS Tour LT gant d'hiver Mimba-ST - noir","og_description":"Gant hiver Tour LT Mimba-ST noir \u2713 Gant de randonn\u00e9e en textile \u2713 Amara et chevreau \u2713 membrane solto-TEX\u00ae avec doublure Tri-Fleece","og_url":"https:\/\/www.etrix.ch\/fr\/produit\/ixs-tour-lt-gant-hiver-mimba-st-noir\/","og_site_name":"ETRIX Elektroroller","article_publisher":"https:\/\/m.facebook.com\/etrix.emotos\/","article_modified_time":"2025-11-28T15:21:30+00:00","og_image":[{"width":1200,"height":1200,"url":"https:\/\/www.etrix.ch\/media\/2021\/11\/Handschuh_Mimba_X42007-003.jpg","type":"image\/jpeg"}],"twitter_card":"summary_large_image","twitter_site":"@etrixag","twitter_misc":{"Disponibilit\u00e9":"En stock"},"schema":{"@context":"https:\/\/schema.org","@graph":[{"@type":"WebPage","@id":"https:\/\/www.etrix.ch\/fr\/produit\/ixs-tour-lt-gant-hiver-mimba-st-noir\/","url":"https:\/\/www.etrix.ch\/fr\/produit\/ixs-tour-lt-gant-hiver-mimba-st-noir\/","name":"iXS Tour LT gant d'hiver Mimba-ST - noir - ETRIX Elektroroller","isPartOf":{"@id":"https:\/\/www.etrix.ch\/fr\/#website"},"primaryImageOfPage":{"@id":"https:\/\/www.etrix.ch\/fr\/produit\/ixs-tour-lt-gant-hiver-mimba-st-noir\/#primaryimage"},"image":{"@id":"https:\/\/www.etrix.ch\/fr\/produit\/ixs-tour-lt-gant-hiver-mimba-st-noir\/#primaryimage"},"thumbnailUrl":"https:\/\/www.etrix.ch\/media\/2021\/11\/Handschuh_Mimba_X42007-003.jpg","datePublished":"2021-11-19T14:18:54+00:00","dateModified":"2025-11-28T15:21:30+00:00","description":"Gant hiver Tour LT Mimba-ST noir \u2713 Gant de randonn\u00e9e en textile \u2713 Amara et chevreau \u2713 membrane solto-TEX\u00ae avec doublure Tri-Fleece","breadcrumb":{"@id":"https:\/\/www.etrix.ch\/fr\/produit\/ixs-tour-lt-gant-hiver-mimba-st-noir\/#breadcrumb"},"inLanguage":"fr-FR","potentialAction":[{"@type":"ReadAction","target":["https:\/\/www.etrix.ch\/fr\/produit\/ixs-tour-lt-gant-hiver-mimba-st-noir\/"]}]},{"@type":"ImageObject","inLanguage":"fr-FR","@id":"https:\/\/www.etrix.ch\/fr\/produit\/ixs-tour-lt-gant-hiver-mimba-st-noir\/#primaryimage","url":"https:\/\/www.etrix.ch\/media\/2021\/11\/Handschuh_Mimba_X42007-003.jpg","contentUrl":"https:\/\/www.etrix.ch\/media\/2021\/11\/Handschuh_Mimba_X42007-003.jpg","width":1200,"height":1200,"caption":"Gant Mimba X42007 003"},{"@type":"BreadcrumbList","@id":"https:\/\/www.etrix.ch\/fr\/produit\/ixs-tour-lt-gant-hiver-mimba-st-noir\/#breadcrumb","itemListElement":[{"@type":"ListItem","position":1,"name":"Accueil","item":"https:\/\/www.etrix.ch\/fr\/"},{"@type":"ListItem","position":2,"name":"Boutique","item":"https:\/\/www.etrix.ch\/fr\/boutique\/"},{"@type":"ListItem","position":3,"name":"iXS Tour LT gant d&#8217;hiver Mimba-ST &#8211; noir"}]},{"@type":"WebSite","@id":"https:\/\/www.etrix.ch\/fr\/#website","url":"https:\/\/www.etrix.ch\/fr\/","name":"ETRIX Elektroroller","description":"E-Motos","publisher":{"@id":"https:\/\/www.etrix.ch\/fr\/#organization"},"potentialAction":[{"@type":"SearchAction","target":{"@type":"EntryPoint","urlTemplate":"https:\/\/www.etrix.ch\/fr\/?s={search_term_string}"},"query-input":{"@type":"PropertyValueSpecification","valueRequired":true,"valueName":"search_term_string"}}],"inLanguage":"fr-FR"},{"@type":["Organization","Place","MotorcycleDealer"],"@id":"https:\/\/www.etrix.ch\/fr\/#organization","name":"ETRIX E-Motos","url":"https:\/\/www.etrix.ch\/fr\/","logo":{"@id":"https:\/\/www.etrix.ch\/fr\/produit\/ixs-tour-lt-gant-hiver-mimba-st-noir\/#local-main-organization-logo"},"image":{"@id":"https:\/\/www.etrix.ch\/fr\/produit\/ixs-tour-lt-gant-hiver-mimba-st-noir\/#local-main-organization-logo"},"sameAs":["https:\/\/m.facebook.com\/etrix.emotos\/","https:\/\/x.com\/etrixag","https:\/\/www.instagram.com\/etrix_emotos\/p\/BtVW6bXHtNv\/","https:\/\/www.linkedin.com\/company\/etrix-ag","https:\/\/www.youtube.com\/channel\/UCSd-hJdu5u8xPUEY60jexOw"],"address":{"@id":"https:\/\/www.etrix.ch\/fr\/produit\/ixs-tour-lt-gant-hiver-mimba-st-noir\/#local-main-place-address"},"geo":{"@type":"GeoCoordinates","latitude":"47.43839497999372","longitude":"8.465227605227366"},"telephone":["043 931 00 45"],"openingHoursSpecification":[{"@type":"OpeningHoursSpecification","dayOfWeek":["Monday","Sunday"],"opens":"00:00","closes":"00:00"},{"@type":"OpeningHoursSpecification","dayOfWeek":["Tuesday","Wednesday","Thursday","Friday"],"opens":"10:00","closes":"18:00"},{"@type":"OpeningHoursSpecification","dayOfWeek":["Saturday"],"opens":"10:00","closes":"15:00"}]},{"@type":"PostalAddress","@id":"https:\/\/www.etrix.ch\/fr\/produit\/ixs-tour-lt-gant-hiver-mimba-st-noir\/#local-main-place-address","streetAddress":"Riedthofstrasse 122","addressLocality":"Regensdorf","postalCode":"8105","addressRegion":"Z\u00fcrich","addressCountry":"CH"},{"@type":"ImageObject","inLanguage":"fr-FR","@id":"https:\/\/www.etrix.ch\/fr\/produit\/ixs-tour-lt-gant-hiver-mimba-st-noir\/#local-main-organization-logo","url":"https:\/\/www.etrix.ch\/media\/2021\/05\/ETRIX-logo.png","contentUrl":"https:\/\/www.etrix.ch\/media\/2021\/05\/ETRIX-logo.png","width":470,"height":85,"caption":"ETRIX E-Motos"}]},"product_brand":"IXS","og_availability":"instock","product_availability":"instock","product_condition":"new","geo.placename":"Regensdorf","geo.position":{"lat":"47.43839497999372","long":"8.465227605227366"},"geo.region":"Suisse"},"_links":{"self":[{"href":"https:\/\/www.etrix.ch\/fr\/wp-json\/wp\/v2\/product\/10339","targetHints":{"allow":["GET"]}}],"collection":[{"href":"https:\/\/www.etrix.ch\/fr\/wp-json\/wp\/v2\/product"}],"about":[{"href":"https:\/\/www.etrix.ch\/fr\/wp-json\/wp\/v2\/types\/product"}],"wp:featuredmedia":[{"embeddable":true,"href":"https:\/\/www.etrix.ch\/fr\/wp-json\/wp\/v2\/media\/7020"}],"wp:attachment":[{"href":"https:\/\/www.etrix.ch\/fr\/wp-json\/wp\/v2\/media?parent=10339"}],"wp:term":[{"taxonomy":"product_brand","embeddable":true,"href":"https:\/\/www.etrix.ch\/fr\/wp-json\/wp\/v2\/product_brand?post=10339"},{"taxonomy":"product_cat","embeddable":true,"href":"https:\/\/www.etrix.ch\/fr\/wp-json\/wp\/v2\/product_cat?post=10339"},{"taxonomy":"product_tag","embeddable":true,"href":"https:\/\/www.etrix.ch\/fr\/wp-json\/wp\/v2\/product_tag?post=10339"}],"curies":[{"name":"wp","href":"https:\/\/api.w.org\/{rel}","templated":true}]}}