{"id":10290,"date":"2021-11-19T14:11:36","date_gmt":"2021-11-19T13:11:36","guid":{"rendered":"https:\/\/www.etrix.ch\/blouson-ixs-classic-eton-st-plus-noir\/"},"modified":"2025-11-28T16:10:23","modified_gmt":"2025-11-28T15:10:23","slug":"blouson-ixs-classic-eton-st-plus-noir","status":"publish","type":"product","link":"https:\/\/www.etrix.ch\/fr\/produit\/blouson-ixs-classic-eton-st-plus-noir\/","title":{"rendered":"Blouson iXS Classic Eton-ST-Plus - noir"},"content":{"rendered":"&#13;\n<p><strong>Veste Urban Roller en lamin\u00e9 2 couches<\/strong><\/p>&#13;\n&#13;\n<h2 class=\"wp-block-heading\" id=\"h-folgendes-zeichnet-die-ixs-classic-jacke-eton-st-plus-aus\"><strong>Voici ce qui caract\u00e9rise la veste iXS Classic Eton-ST-Plus :<\/strong><\/h2>&#13;\n&#13;\n<ul class=\"wp-block-list\">&#13;\n<li>Imperm\u00e9able, coupe-vent et respirant gr\u00e2ce au lamin\u00e9 solto-TEX\u00ae-Plus<\/li>&#13;\n<li>Doublure thermique d\u00e9tachable<\/li>&#13;\n<li>Capuche amovible avec cordon de serrage \u00e9lastique<\/li>&#13;\n<li>2 grandes ouvertures de ventilation sous les bras avec fermetures \u00e0 glissi\u00e8re \u00e9tanches<\/li>&#13;\n<li>Poignets en stretch doux pour un confort optimal<\/li>&#13;\n<li>Ajustement de la largeur au niveau des poignets<\/li>&#13;\n<li>R\u00e9glage de la largeur de l&rsquo;ourlet de la veste avec cordon de serrage \u00e9lastique<\/li>&#13;\n<li>Fermeture \u00e0 glissi\u00e8re au niveau des hanches pour une libert\u00e9 de mouvement optimale en position assise<\/li>&#13;\n<li>2 poches ext\u00e9rieures avec fermeture \u00e0 glissi\u00e8re<\/li>&#13;\n<li>2 poches int\u00e9rieures et 1 poche Napol\u00e9on<\/li>&#13;\n<li>Protecteurs de coude r\u00e9glables en hauteur<\/li>&#13;\n<li>Protecteurs d&rsquo;\u00e9paule et de coude impacTec ETP-02, mod\u00e8le test\u00e9 selon EN 1621-1:2012, niveau 1<\/li>&#13;\n<li>Poche pour protection dorsale (peut \u00eatre ajout\u00e9e en option avec impacTec TP-06 (X99514-BCK), mod\u00e8le test\u00e9 selon EN 1621-2:2014, niveau 2)<\/li>&#13;\n<\/ul>&#13;\n&#13;\n<p>Ext\u00e9rieur : 100% polyamide<br\/>Doublure : 100% polyester<br\/>Doublure thermique : 100% polyester<\/p>&#13;\n&#13;\n<p>membrane solto-TEX\u00ae PLUS lamin\u00e9e en polyur\u00e9thane<\/p>&#13;\n","protected":false},"excerpt":{"rendered":"<p>&#13; Veste Urban Roller en &#8230; <a title=\"Blouson iXS Classic Eton-ST-Plus - noir\" class=\"read-more\" href=\"https:\/\/www.etrix.ch\/fr\/produit\/blouson-ixs-classic-eton-st-plus-noir\/\" aria-label=\"En savoir plus sur Blouson iXS Classic Eton-ST-Plus - noir\">&gt;  En savoir plus<\/a><\/p>\n","protected":false},"featured_media":7002,"template":"","meta":{"_acf_changed":false},"product_brand":[],"product_cat":[582,625,647],"product_tag":[1408],"class_list":{"0":"post-10290","1":"product","2":"type-product","3":"status-publish","4":"has-post-thumbnail","6":"product_cat-accessoires","7":"product_cat-casques-vetements","8":"product_cat-protection-contre-les-intemperies","9":"product_tag-vestes","10":"pa_marke-ixs-fr","11":"sales-flash-overlay","12":"woocommerce-text-align-left","13":"woocommerce-image-align-center","14":"do-quantity-buttons","15":"wc-has-gallery","17":"first","18":"instock","19":"taxable","20":"shipping-taxable","21":"purchasable","22":"product-type-variable","23":"has-default-attributes"},"acf":[],"yoast_head":"<!-- This site is optimized with the Yoast SEO Premium plugin v26.9 (Yoast SEO v27.4) - https:\/\/yoast.com\/product\/yoast-seo-premium-wordpress\/ -->\n<title>Blouson iXS Classic Eton-ST-Plus - noir - ETRIX Elektroroller<\/title>\n<meta name=\"description\" content=\"iXS Classic Jacket Eton-ST-Plus \u2713 Imperm\u00e9able \u2713 Imperm\u00e9able \u2713 stratifi\u00e9 solto-TEX-Plus\u00ae coupe-vent et respirant \u2713 Doublure thermique d\u00e9tachable \u2713 noir\" \/>\n<meta name=\"robots\" content=\"index, follow, max-snippet:-1, max-image-preview:large, max-video-preview:-1\" \/>\n<link rel=\"canonical\" href=\"https:\/\/www.etrix.ch\/fr\/produit\/blouson-ixs-classic-eton-st-plus-noir\/\" \/>\n<meta property=\"og:locale\" content=\"fr_FR\" \/>\n<meta property=\"og:type\" content=\"article\" \/>\n<meta property=\"og:title\" content=\"Blouson iXS Classic Eton-ST-Plus - noir\" \/>\n<meta property=\"og:description\" content=\"iXS Classic Jacket Eton-ST-Plus \u2713 Imperm\u00e9able \u2713 Imperm\u00e9able \u2713 stratifi\u00e9 solto-TEX-Plus\u00ae coupe-vent et respirant \u2713 Doublure thermique d\u00e9tachable \u2713 noir\" \/>\n<meta property=\"og:url\" content=\"https:\/\/www.etrix.ch\/fr\/produit\/blouson-ixs-classic-eton-st-plus-noir\/\" \/>\n<meta property=\"og:site_name\" content=\"ETRIX Elektroroller\" \/>\n<meta property=\"article:publisher\" content=\"https:\/\/m.facebook.com\/etrix.emotos\/\" \/>\n<meta property=\"article:modified_time\" content=\"2025-11-28T15:10:23+00:00\" \/>\n<meta property=\"og:image\" content=\"https:\/\/www.etrix.ch\/media\/2021\/11\/Classic-Jacke-Eton-ST-Plus.jpg\" \/>\n\t<meta property=\"og:image:width\" content=\"1300\" \/>\n\t<meta property=\"og:image:height\" content=\"1300\" \/>\n\t<meta property=\"og:image:type\" content=\"image\/jpeg\" \/>\n<meta name=\"twitter:card\" content=\"summary_large_image\" \/>\n<meta name=\"twitter:site\" content=\"@etrixag\" \/>\n<meta name=\"twitter:label1\" content=\"Disponibilit\u00e9\" \/>\n\t<meta name=\"twitter:data1\" content=\"En stock\" \/>\n<script type=\"application\/ld+json\" class=\"yoast-schema-graph\">{\"@context\":\"https:\\\/\\\/schema.org\",\"@graph\":[{\"@type\":\"WebPage\",\"@id\":\"https:\\\/\\\/www.etrix.ch\\\/fr\\\/produit\\\/blouson-ixs-classic-eton-st-plus-noir\\\/\",\"url\":\"https:\\\/\\\/www.etrix.ch\\\/fr\\\/produit\\\/blouson-ixs-classic-eton-st-plus-noir\\\/\",\"name\":\"Blouson iXS Classic Eton-ST-Plus - noir - ETRIX Elektroroller\",\"isPartOf\":{\"@id\":\"https:\\\/\\\/www.etrix.ch\\\/fr\\\/#website\"},\"primaryImageOfPage\":{\"@id\":\"https:\\\/\\\/www.etrix.ch\\\/fr\\\/produit\\\/blouson-ixs-classic-eton-st-plus-noir\\\/#primaryimage\"},\"image\":{\"@id\":\"https:\\\/\\\/www.etrix.ch\\\/fr\\\/produit\\\/blouson-ixs-classic-eton-st-plus-noir\\\/#primaryimage\"},\"thumbnailUrl\":\"https:\\\/\\\/www.etrix.ch\\\/media\\\/2021\\\/11\\\/Classic-Jacke-Eton-ST-Plus.jpg\",\"datePublished\":\"2021-11-19T13:11:36+00:00\",\"dateModified\":\"2025-11-28T15:10:23+00:00\",\"description\":\"iXS Classic Jacket Eton-ST-Plus \u2713 Imperm\u00e9able \u2713 Imperm\u00e9able \u2713 stratifi\u00e9 solto-TEX-Plus\u00ae coupe-vent et respirant \u2713 Doublure thermique d\u00e9tachable \u2713 noir\",\"breadcrumb\":{\"@id\":\"https:\\\/\\\/www.etrix.ch\\\/fr\\\/produit\\\/blouson-ixs-classic-eton-st-plus-noir\\\/#breadcrumb\"},\"inLanguage\":\"fr-FR\",\"potentialAction\":[{\"@type\":\"ReadAction\",\"target\":[\"https:\\\/\\\/www.etrix.ch\\\/fr\\\/produit\\\/blouson-ixs-classic-eton-st-plus-noir\\\/\"]}]},{\"@type\":\"ImageObject\",\"inLanguage\":\"fr-FR\",\"@id\":\"https:\\\/\\\/www.etrix.ch\\\/fr\\\/produit\\\/blouson-ixs-classic-eton-st-plus-noir\\\/#primaryimage\",\"url\":\"https:\\\/\\\/www.etrix.ch\\\/media\\\/2021\\\/11\\\/Classic-Jacke-Eton-ST-Plus.jpg\",\"contentUrl\":\"https:\\\/\\\/www.etrix.ch\\\/media\\\/2021\\\/11\\\/Classic-Jacke-Eton-ST-Plus.jpg\",\"width\":1300,\"height\":1300,\"caption\":\"iXS Classic Jacket Eton ST Plus Avant\"},{\"@type\":\"BreadcrumbList\",\"@id\":\"https:\\\/\\\/www.etrix.ch\\\/fr\\\/produit\\\/blouson-ixs-classic-eton-st-plus-noir\\\/#breadcrumb\",\"itemListElement\":[{\"@type\":\"ListItem\",\"position\":1,\"name\":\"Accueil\",\"item\":\"https:\\\/\\\/www.etrix.ch\\\/fr\\\/page-daccueil\\\/\"},{\"@type\":\"ListItem\",\"position\":2,\"name\":\"Boutique\",\"item\":\"https:\\\/\\\/www.etrix.ch\\\/fr\\\/boutique\\\/\"},{\"@type\":\"ListItem\",\"position\":3,\"name\":\"Blouson iXS Classic Eton-ST-Plus &#8211; noir\"}]},{\"@type\":\"WebSite\",\"@id\":\"https:\\\/\\\/www.etrix.ch\\\/fr\\\/#website\",\"url\":\"https:\\\/\\\/www.etrix.ch\\\/fr\\\/\",\"name\":\"ETRIX Elektroroller\",\"description\":\"E-Motos\",\"publisher\":{\"@id\":\"https:\\\/\\\/www.etrix.ch\\\/fr\\\/#organization\"},\"potentialAction\":[{\"@type\":\"SearchAction\",\"target\":{\"@type\":\"EntryPoint\",\"urlTemplate\":\"https:\\\/\\\/www.etrix.ch\\\/fr\\\/?s={search_term_string}\"},\"query-input\":{\"@type\":\"PropertyValueSpecification\",\"valueRequired\":true,\"valueName\":\"search_term_string\"}}],\"inLanguage\":\"fr-FR\"},{\"@type\":[\"Organization\",\"Place\",\"MotorcycleDealer\"],\"@id\":\"https:\\\/\\\/www.etrix.ch\\\/fr\\\/#organization\",\"name\":\"ETRIX E-Motos\",\"url\":\"https:\\\/\\\/www.etrix.ch\\\/fr\\\/\",\"logo\":{\"@id\":\"https:\\\/\\\/www.etrix.ch\\\/fr\\\/produit\\\/blouson-ixs-classic-eton-st-plus-noir\\\/#local-main-organization-logo\"},\"image\":{\"@id\":\"https:\\\/\\\/www.etrix.ch\\\/fr\\\/produit\\\/blouson-ixs-classic-eton-st-plus-noir\\\/#local-main-organization-logo\"},\"sameAs\":[\"https:\\\/\\\/m.facebook.com\\\/etrix.emotos\\\/\",\"https:\\\/\\\/x.com\\\/etrixag\",\"https:\\\/\\\/www.instagram.com\\\/etrix_emotos\\\/p\\\/BtVW6bXHtNv\\\/\",\"https:\\\/\\\/www.linkedin.com\\\/company\\\/etrix-ag\",\"https:\\\/\\\/www.youtube.com\\\/channel\\\/UCSd-hJdu5u8xPUEY60jexOw\"],\"address\":{\"@id\":\"https:\\\/\\\/www.etrix.ch\\\/fr\\\/produit\\\/blouson-ixs-classic-eton-st-plus-noir\\\/#local-main-place-address\"},\"geo\":{\"@type\":\"GeoCoordinates\",\"latitude\":\"47.43839497999372\",\"longitude\":\"8.465227605227366\"},\"telephone\":[\"043 931 00 45\"],\"openingHoursSpecification\":[{\"@type\":\"OpeningHoursSpecification\",\"dayOfWeek\":[\"Monday\",\"Sunday\"],\"opens\":\"00:00\",\"closes\":\"00:00\"},{\"@type\":\"OpeningHoursSpecification\",\"dayOfWeek\":[\"Tuesday\",\"Wednesday\",\"Thursday\",\"Friday\"],\"opens\":\"10:00\",\"closes\":\"18:00\"},{\"@type\":\"OpeningHoursSpecification\",\"dayOfWeek\":[\"Saturday\"],\"opens\":\"10:00\",\"closes\":\"15:00\"}]},{\"@type\":\"PostalAddress\",\"@id\":\"https:\\\/\\\/www.etrix.ch\\\/fr\\\/produit\\\/blouson-ixs-classic-eton-st-plus-noir\\\/#local-main-place-address\",\"streetAddress\":\"Riedthofstrasse 122\",\"addressLocality\":\"Regensdorf\",\"postalCode\":\"8105\",\"addressRegion\":\"Z\u00fcrich\",\"addressCountry\":\"CH\"},{\"@type\":\"ImageObject\",\"inLanguage\":\"fr-FR\",\"@id\":\"https:\\\/\\\/www.etrix.ch\\\/fr\\\/produit\\\/blouson-ixs-classic-eton-st-plus-noir\\\/#local-main-organization-logo\",\"url\":\"https:\\\/\\\/www.etrix.ch\\\/media\\\/2021\\\/05\\\/ETRIX-logo.png\",\"contentUrl\":\"https:\\\/\\\/www.etrix.ch\\\/media\\\/2021\\\/05\\\/ETRIX-logo.png\",\"width\":470,\"height\":85,\"caption\":\"ETRIX E-Motos\"}]}<\/script>\n<meta property=\"product:brand\" content=\"IXS\" \/>\n<meta property=\"og:availability\" content=\"instock\" \/>\n<meta property=\"product:availability\" content=\"instock\" \/>\n<meta property=\"product:retailer_item_id\" content=\"AC600316-00\" \/>\n<meta property=\"product:condition\" content=\"new\" \/>\n<meta name=\"geo.placename\" content=\"Regensdorf\" \/>\n<meta name=\"geo.position\" content=\"47.43839497999372;8.465227605227366\" \/>\n<meta name=\"geo.region\" content=\"Suisse\" \/>\n<!-- \/ Yoast SEO Premium plugin. -->","yoast_head_json":{"title":"Blouson iXS Classic Eton-ST-Plus - noir - ETRIX Elektroroller","description":"iXS Classic Jacket Eton-ST-Plus \u2713 Imperm\u00e9able \u2713 Imperm\u00e9able \u2713 stratifi\u00e9 solto-TEX-Plus\u00ae coupe-vent et respirant \u2713 Doublure thermique d\u00e9tachable \u2713 noir","robots":{"index":"index","follow":"follow","max-snippet":"max-snippet:-1","max-image-preview":"max-image-preview:large","max-video-preview":"max-video-preview:-1"},"canonical":"https:\/\/www.etrix.ch\/fr\/produit\/blouson-ixs-classic-eton-st-plus-noir\/","og_locale":"fr_FR","og_type":"article","og_title":"Blouson iXS Classic Eton-ST-Plus - noir","og_description":"iXS Classic Jacket Eton-ST-Plus \u2713 Imperm\u00e9able \u2713 Imperm\u00e9able \u2713 stratifi\u00e9 solto-TEX-Plus\u00ae coupe-vent et respirant \u2713 Doublure thermique d\u00e9tachable \u2713 noir","og_url":"https:\/\/www.etrix.ch\/fr\/produit\/blouson-ixs-classic-eton-st-plus-noir\/","og_site_name":"ETRIX Elektroroller","article_publisher":"https:\/\/m.facebook.com\/etrix.emotos\/","article_modified_time":"2025-11-28T15:10:23+00:00","og_image":[{"width":1300,"height":1300,"url":"https:\/\/www.etrix.ch\/media\/2021\/11\/Classic-Jacke-Eton-ST-Plus.jpg","type":"image\/jpeg"}],"twitter_card":"summary_large_image","twitter_site":"@etrixag","twitter_misc":{"Disponibilit\u00e9":"En stock"},"schema":{"@context":"https:\/\/schema.org","@graph":[{"@type":"WebPage","@id":"https:\/\/www.etrix.ch\/fr\/produit\/blouson-ixs-classic-eton-st-plus-noir\/","url":"https:\/\/www.etrix.ch\/fr\/produit\/blouson-ixs-classic-eton-st-plus-noir\/","name":"Blouson iXS Classic Eton-ST-Plus - noir - ETRIX Elektroroller","isPartOf":{"@id":"https:\/\/www.etrix.ch\/fr\/#website"},"primaryImageOfPage":{"@id":"https:\/\/www.etrix.ch\/fr\/produit\/blouson-ixs-classic-eton-st-plus-noir\/#primaryimage"},"image":{"@id":"https:\/\/www.etrix.ch\/fr\/produit\/blouson-ixs-classic-eton-st-plus-noir\/#primaryimage"},"thumbnailUrl":"https:\/\/www.etrix.ch\/media\/2021\/11\/Classic-Jacke-Eton-ST-Plus.jpg","datePublished":"2021-11-19T13:11:36+00:00","dateModified":"2025-11-28T15:10:23+00:00","description":"iXS Classic Jacket Eton-ST-Plus \u2713 Imperm\u00e9able \u2713 Imperm\u00e9able \u2713 stratifi\u00e9 solto-TEX-Plus\u00ae coupe-vent et respirant \u2713 Doublure thermique d\u00e9tachable \u2713 noir","breadcrumb":{"@id":"https:\/\/www.etrix.ch\/fr\/produit\/blouson-ixs-classic-eton-st-plus-noir\/#breadcrumb"},"inLanguage":"fr-FR","potentialAction":[{"@type":"ReadAction","target":["https:\/\/www.etrix.ch\/fr\/produit\/blouson-ixs-classic-eton-st-plus-noir\/"]}]},{"@type":"ImageObject","inLanguage":"fr-FR","@id":"https:\/\/www.etrix.ch\/fr\/produit\/blouson-ixs-classic-eton-st-plus-noir\/#primaryimage","url":"https:\/\/www.etrix.ch\/media\/2021\/11\/Classic-Jacke-Eton-ST-Plus.jpg","contentUrl":"https:\/\/www.etrix.ch\/media\/2021\/11\/Classic-Jacke-Eton-ST-Plus.jpg","width":1300,"height":1300,"caption":"iXS Classic Jacket Eton ST Plus Avant"},{"@type":"BreadcrumbList","@id":"https:\/\/www.etrix.ch\/fr\/produit\/blouson-ixs-classic-eton-st-plus-noir\/#breadcrumb","itemListElement":[{"@type":"ListItem","position":1,"name":"Accueil","item":"https:\/\/www.etrix.ch\/fr\/page-daccueil\/"},{"@type":"ListItem","position":2,"name":"Boutique","item":"https:\/\/www.etrix.ch\/fr\/boutique\/"},{"@type":"ListItem","position":3,"name":"Blouson iXS Classic Eton-ST-Plus &#8211; noir"}]},{"@type":"WebSite","@id":"https:\/\/www.etrix.ch\/fr\/#website","url":"https:\/\/www.etrix.ch\/fr\/","name":"ETRIX Elektroroller","description":"E-Motos","publisher":{"@id":"https:\/\/www.etrix.ch\/fr\/#organization"},"potentialAction":[{"@type":"SearchAction","target":{"@type":"EntryPoint","urlTemplate":"https:\/\/www.etrix.ch\/fr\/?s={search_term_string}"},"query-input":{"@type":"PropertyValueSpecification","valueRequired":true,"valueName":"search_term_string"}}],"inLanguage":"fr-FR"},{"@type":["Organization","Place","MotorcycleDealer"],"@id":"https:\/\/www.etrix.ch\/fr\/#organization","name":"ETRIX E-Motos","url":"https:\/\/www.etrix.ch\/fr\/","logo":{"@id":"https:\/\/www.etrix.ch\/fr\/produit\/blouson-ixs-classic-eton-st-plus-noir\/#local-main-organization-logo"},"image":{"@id":"https:\/\/www.etrix.ch\/fr\/produit\/blouson-ixs-classic-eton-st-plus-noir\/#local-main-organization-logo"},"sameAs":["https:\/\/m.facebook.com\/etrix.emotos\/","https:\/\/x.com\/etrixag","https:\/\/www.instagram.com\/etrix_emotos\/p\/BtVW6bXHtNv\/","https:\/\/www.linkedin.com\/company\/etrix-ag","https:\/\/www.youtube.com\/channel\/UCSd-hJdu5u8xPUEY60jexOw"],"address":{"@id":"https:\/\/www.etrix.ch\/fr\/produit\/blouson-ixs-classic-eton-st-plus-noir\/#local-main-place-address"},"geo":{"@type":"GeoCoordinates","latitude":"47.43839497999372","longitude":"8.465227605227366"},"telephone":["043 931 00 45"],"openingHoursSpecification":[{"@type":"OpeningHoursSpecification","dayOfWeek":["Monday","Sunday"],"opens":"00:00","closes":"00:00"},{"@type":"OpeningHoursSpecification","dayOfWeek":["Tuesday","Wednesday","Thursday","Friday"],"opens":"10:00","closes":"18:00"},{"@type":"OpeningHoursSpecification","dayOfWeek":["Saturday"],"opens":"10:00","closes":"15:00"}]},{"@type":"PostalAddress","@id":"https:\/\/www.etrix.ch\/fr\/produit\/blouson-ixs-classic-eton-st-plus-noir\/#local-main-place-address","streetAddress":"Riedthofstrasse 122","addressLocality":"Regensdorf","postalCode":"8105","addressRegion":"Z\u00fcrich","addressCountry":"CH"},{"@type":"ImageObject","inLanguage":"fr-FR","@id":"https:\/\/www.etrix.ch\/fr\/produit\/blouson-ixs-classic-eton-st-plus-noir\/#local-main-organization-logo","url":"https:\/\/www.etrix.ch\/media\/2021\/05\/ETRIX-logo.png","contentUrl":"https:\/\/www.etrix.ch\/media\/2021\/05\/ETRIX-logo.png","width":470,"height":85,"caption":"ETRIX E-Motos"}]},"product_brand":"IXS","og_availability":"instock","product_availability":"instock","product_retailer_item_id":"AC600316-00","product_condition":"new","geo.placename":"Regensdorf","geo.position":{"lat":"47.43839497999372","long":"8.465227605227366"},"geo.region":"Suisse"},"_links":{"self":[{"href":"https:\/\/www.etrix.ch\/fr\/wp-json\/wp\/v2\/product\/10290","targetHints":{"allow":["GET"]}}],"collection":[{"href":"https:\/\/www.etrix.ch\/fr\/wp-json\/wp\/v2\/product"}],"about":[{"href":"https:\/\/www.etrix.ch\/fr\/wp-json\/wp\/v2\/types\/product"}],"wp:featuredmedia":[{"embeddable":true,"href":"https:\/\/www.etrix.ch\/fr\/wp-json\/wp\/v2\/media\/7002"}],"wp:attachment":[{"href":"https:\/\/www.etrix.ch\/fr\/wp-json\/wp\/v2\/media?parent=10290"}],"wp:term":[{"taxonomy":"product_brand","embeddable":true,"href":"https:\/\/www.etrix.ch\/fr\/wp-json\/wp\/v2\/product_brand?post=10290"},{"taxonomy":"product_cat","embeddable":true,"href":"https:\/\/www.etrix.ch\/fr\/wp-json\/wp\/v2\/product_cat?post=10290"},{"taxonomy":"product_tag","embeddable":true,"href":"https:\/\/www.etrix.ch\/fr\/wp-json\/wp\/v2\/product_tag?post=10290"}],"curies":[{"name":"wp","href":"https:\/\/api.w.org\/{rel}","templated":true}]}}