{"id":10284,"date":"2021-02-03T13:45:37","date_gmt":"2021-02-03T12:45:37","guid":{"rendered":"https:\/\/www.etrix.ch\/tucano-couverture-thermique-scooty-r217-silence-s01\/"},"modified":"2025-06-30T09:43:32","modified_gmt":"2025-06-30T07:43:32","slug":"tucano-couverture-thermique-scooty-r217-silence-s01","status":"publish","type":"product","link":"https:\/\/www.etrix.ch\/fr\/produit\/tucano-couverture-thermique-scooty-r217-silence-s01\/","title":{"rendered":"Tucano Couverture thermique Scooty R217 - Silence S01"},"content":{"rendered":"&#013;\n<p>La couverture chauffante pour le Sielende S01 en nylon enduit imperm\u00e9able avec une doublure isolante en fibres synth\u00e9tiques vous garde au chaud m\u00eame pendant les jours les plus froids et vous assure une conduite agr\u00e9able. La couverture chauffante se monte facilement sur le scooter \u00e9lectrique \u00e0 l&rsquo;aide d&rsquo;une bande velcro.<\/p>&#013;\n&#013;\n<p><strong>Les caract\u00e9ristiques suivantes distinguent ce prot\u00e8ge-jambes :<\/strong><\/p>&#013;\n&#013;\n<ul class=\"wp-block-list\">&#013;\n<li>Housse ext\u00e9rieure \u00e9tanche en nylon extra lourd<\/li>&#013;\n<li>Doublure int\u00e9rieure tr\u00e8s chaude et douillette<\/li>&#013;\n<li>S.G.A.S. (syst\u00e8me anti-d\u00e9rapage brevet\u00e9 pour des vitesses plus \u00e9lev\u00e9es)<\/li>&#013;\n<li>bandes r\u00e9fl\u00e9chissantes int\u00e9gr\u00e9es<\/li>&#013;\n<li>Couverture de la banquette<\/li>&#013;\n<li>Sac \u00e9tanche<\/li>&#013;\n<li>anneau m\u00e9tallique antivol sur les mod\u00e8les sans vissage<\/li>&#013;\n<\/ul>&#013;\n","protected":false},"excerpt":{"rendered":"<p>Protection des jambes contre le vent et les intemp\u00e9ries Thermoscud<\/p>\n","protected":false},"featured_media":6622,"template":"","meta":{"_acf_changed":false},"product_brand":[],"product_cat":[582,585,647,490],"product_tag":[1410],"class_list":{"0":"post-10284","1":"product","2":"type-product","3":"status-publish","4":"has-post-thumbnail","6":"product_cat-accessoires","7":"product_cat-accessoires-silence","8":"product_cat-protection-contre-les-intemperies","9":"product_cat-silence-fr","10":"product_tag-protection-contre-les-intemperies","11":"pa_marke-tucano-fr","12":"sales-flash-overlay","13":"woocommerce-text-align-left","14":"woocommerce-image-align-center","15":"do-quantity-buttons","17":"first","18":"onbackorder","19":"taxable","20":"shipping-taxable","21":"purchasable","22":"product-type-simple"},"acf":[],"yoast_head":"<!-- This site is optimized with the Yoast SEO Premium plugin v26.9 (Yoast SEO v27.4) - https:\/\/yoast.com\/product\/yoast-seo-premium-wordpress\/ -->\n<title>Tucano Couverture thermique Scooty R217 - Silence S01 - ETRIX Elektroroller<\/title>\n<meta name=\"description\" content=\"Tucano Thermal Blanket Scooty \u2713 Nylon enduit imperm\u00e9able avec doublure isolante en fibre synth\u00e9tique \u2713 Montage par sangle et fermeture Velcro.\" \/>\n<meta name=\"robots\" content=\"index, follow, max-snippet:-1, max-image-preview:large, max-video-preview:-1\" \/>\n<link rel=\"canonical\" href=\"https:\/\/www.etrix.ch\/fr\/produit\/tucano-couverture-thermique-scooty-r217-silence-s01\/\" \/>\n<meta property=\"og:locale\" content=\"fr_FR\" \/>\n<meta property=\"og:type\" content=\"article\" \/>\n<meta property=\"og:title\" content=\"Tucano Couverture thermique Scooty R217 - Silence S01\" \/>\n<meta property=\"og:description\" content=\"Tucano Thermal Blanket Scooty \u2713 Nylon enduit imperm\u00e9able avec doublure isolante en fibre synth\u00e9tique \u2713 Montage par sangle et fermeture Velcro.\" \/>\n<meta property=\"og:url\" content=\"https:\/\/www.etrix.ch\/fr\/produit\/tucano-couverture-thermique-scooty-r217-silence-s01\/\" \/>\n<meta property=\"og:site_name\" content=\"ETRIX Elektroroller\" \/>\n<meta property=\"article:publisher\" content=\"https:\/\/m.facebook.com\/etrix.emotos\/\" \/>\n<meta property=\"article:modified_time\" content=\"2025-06-30T07:43:32+00:00\" \/>\n<meta property=\"og:image\" content=\"https:\/\/www.etrix.ch\/media\/2021\/05\/TucanoScootyR017_S01-2.jpg\" \/>\n\t<meta property=\"og:image:width\" content=\"800\" \/>\n\t<meta property=\"og:image:height\" content=\"800\" \/>\n\t<meta property=\"og:image:type\" content=\"image\/jpeg\" \/>\n<meta name=\"twitter:card\" content=\"summary_large_image\" \/>\n<meta name=\"twitter:site\" content=\"@etrixag\" \/>\n<meta name=\"twitter:label1\" content=\"Prix\" \/>\n\t<meta name=\"twitter:data1\" content=\"&#067;&#072;&#070;&nbsp;179.00 inkl. MwSt.\" \/>\n\t<meta name=\"twitter:label2\" content=\"Disponibilit\u00e9\" \/>\n\t<meta name=\"twitter:data2\" content=\"En r\u00e9assort\" \/>\n<script type=\"application\/ld+json\" class=\"yoast-schema-graph\">{\"@context\":\"https:\\\/\\\/schema.org\",\"@graph\":[{\"@type\":\"WebPage\",\"@id\":\"https:\\\/\\\/www.etrix.ch\\\/fr\\\/produit\\\/tucano-couverture-thermique-scooty-r217-silence-s01\\\/\",\"url\":\"https:\\\/\\\/www.etrix.ch\\\/fr\\\/produit\\\/tucano-couverture-thermique-scooty-r217-silence-s01\\\/\",\"name\":\"Tucano Couverture thermique Scooty R217 - Silence S01 - ETRIX Elektroroller\",\"isPartOf\":{\"@id\":\"https:\\\/\\\/www.etrix.ch\\\/fr\\\/#website\"},\"primaryImageOfPage\":{\"@id\":\"https:\\\/\\\/www.etrix.ch\\\/fr\\\/produit\\\/tucano-couverture-thermique-scooty-r217-silence-s01\\\/#primaryimage\"},\"image\":{\"@id\":\"https:\\\/\\\/www.etrix.ch\\\/fr\\\/produit\\\/tucano-couverture-thermique-scooty-r217-silence-s01\\\/#primaryimage\"},\"thumbnailUrl\":\"https:\\\/\\\/www.etrix.ch\\\/media\\\/2021\\\/05\\\/TucanoScootyR017_S01-2.jpg\",\"datePublished\":\"2021-02-03T12:45:37+00:00\",\"dateModified\":\"2025-06-30T07:43:32+00:00\",\"description\":\"Tucano Thermal Blanket Scooty \u2713 Nylon enduit imperm\u00e9able avec doublure isolante en fibre synth\u00e9tique \u2713 Montage par sangle et fermeture Velcro.\",\"breadcrumb\":{\"@id\":\"https:\\\/\\\/www.etrix.ch\\\/fr\\\/produit\\\/tucano-couverture-thermique-scooty-r217-silence-s01\\\/#breadcrumb\"},\"inLanguage\":\"fr-FR\",\"potentialAction\":[{\"@type\":\"ReadAction\",\"target\":[\"https:\\\/\\\/www.etrix.ch\\\/fr\\\/produit\\\/tucano-couverture-thermique-scooty-r217-silence-s01\\\/\"]}]},{\"@type\":\"ImageObject\",\"inLanguage\":\"fr-FR\",\"@id\":\"https:\\\/\\\/www.etrix.ch\\\/fr\\\/produit\\\/tucano-couverture-thermique-scooty-r217-silence-s01\\\/#primaryimage\",\"url\":\"https:\\\/\\\/www.etrix.ch\\\/media\\\/2021\\\/05\\\/TucanoScootyR017_S01-2.jpg\",\"contentUrl\":\"https:\\\/\\\/www.etrix.ch\\\/media\\\/2021\\\/05\\\/TucanoScootyR017_S01-2.jpg\",\"width\":800,\"height\":800},{\"@type\":\"BreadcrumbList\",\"@id\":\"https:\\\/\\\/www.etrix.ch\\\/fr\\\/produit\\\/tucano-couverture-thermique-scooty-r217-silence-s01\\\/#breadcrumb\",\"itemListElement\":[{\"@type\":\"ListItem\",\"position\":1,\"name\":\"Accueil\",\"item\":\"https:\\\/\\\/www.etrix.ch\\\/fr\\\/page-daccueil\\\/\"},{\"@type\":\"ListItem\",\"position\":2,\"name\":\"Boutique\",\"item\":\"https:\\\/\\\/www.etrix.ch\\\/fr\\\/boutique\\\/\"},{\"@type\":\"ListItem\",\"position\":3,\"name\":\"Tucano Couverture thermique Scooty R217 - Silence S01\"}]},{\"@type\":\"WebSite\",\"@id\":\"https:\\\/\\\/www.etrix.ch\\\/fr\\\/#website\",\"url\":\"https:\\\/\\\/www.etrix.ch\\\/fr\\\/\",\"name\":\"ETRIX Elektroroller\",\"description\":\"E-Motos\",\"publisher\":{\"@id\":\"https:\\\/\\\/www.etrix.ch\\\/fr\\\/#organization\"},\"potentialAction\":[{\"@type\":\"SearchAction\",\"target\":{\"@type\":\"EntryPoint\",\"urlTemplate\":\"https:\\\/\\\/www.etrix.ch\\\/fr\\\/?s={search_term_string}\"},\"query-input\":{\"@type\":\"PropertyValueSpecification\",\"valueRequired\":true,\"valueName\":\"search_term_string\"}}],\"inLanguage\":\"fr-FR\"},{\"@type\":[\"Organization\",\"Place\",\"MotorcycleDealer\"],\"@id\":\"https:\\\/\\\/www.etrix.ch\\\/fr\\\/#organization\",\"name\":\"ETRIX E-Motos\",\"url\":\"https:\\\/\\\/www.etrix.ch\\\/fr\\\/\",\"logo\":{\"@id\":\"https:\\\/\\\/www.etrix.ch\\\/fr\\\/produit\\\/tucano-couverture-thermique-scooty-r217-silence-s01\\\/#local-main-organization-logo\"},\"image\":{\"@id\":\"https:\\\/\\\/www.etrix.ch\\\/fr\\\/produit\\\/tucano-couverture-thermique-scooty-r217-silence-s01\\\/#local-main-organization-logo\"},\"sameAs\":[\"https:\\\/\\\/m.facebook.com\\\/etrix.emotos\\\/\",\"https:\\\/\\\/x.com\\\/etrixag\",\"https:\\\/\\\/www.instagram.com\\\/etrix_emotos\\\/p\\\/BtVW6bXHtNv\\\/\",\"https:\\\/\\\/www.linkedin.com\\\/company\\\/etrix-ag\",\"https:\\\/\\\/www.youtube.com\\\/channel\\\/UCSd-hJdu5u8xPUEY60jexOw\"],\"address\":{\"@id\":\"https:\\\/\\\/www.etrix.ch\\\/fr\\\/produit\\\/tucano-couverture-thermique-scooty-r217-silence-s01\\\/#local-main-place-address\"},\"geo\":{\"@type\":\"GeoCoordinates\",\"latitude\":\"47.43839497999372\",\"longitude\":\"8.465227605227366\"},\"telephone\":[\"043 931 00 45\"],\"openingHoursSpecification\":[{\"@type\":\"OpeningHoursSpecification\",\"dayOfWeek\":[\"Monday\",\"Sunday\"],\"opens\":\"00:00\",\"closes\":\"00:00\"},{\"@type\":\"OpeningHoursSpecification\",\"dayOfWeek\":[\"Tuesday\",\"Wednesday\",\"Thursday\",\"Friday\"],\"opens\":\"10:00\",\"closes\":\"18:00\"},{\"@type\":\"OpeningHoursSpecification\",\"dayOfWeek\":[\"Saturday\"],\"opens\":\"10:00\",\"closes\":\"15:00\"}]},{\"@type\":\"PostalAddress\",\"@id\":\"https:\\\/\\\/www.etrix.ch\\\/fr\\\/produit\\\/tucano-couverture-thermique-scooty-r217-silence-s01\\\/#local-main-place-address\",\"streetAddress\":\"Riedthofstrasse 122\",\"addressLocality\":\"Regensdorf\",\"postalCode\":\"8105\",\"addressRegion\":\"Z\u00fcrich\",\"addressCountry\":\"CH\"},{\"@type\":\"ImageObject\",\"inLanguage\":\"fr-FR\",\"@id\":\"https:\\\/\\\/www.etrix.ch\\\/fr\\\/produit\\\/tucano-couverture-thermique-scooty-r217-silence-s01\\\/#local-main-organization-logo\",\"url\":\"https:\\\/\\\/www.etrix.ch\\\/media\\\/2021\\\/05\\\/ETRIX-logo.png\",\"contentUrl\":\"https:\\\/\\\/www.etrix.ch\\\/media\\\/2021\\\/05\\\/ETRIX-logo.png\",\"width\":470,\"height\":85,\"caption\":\"ETRIX E-Motos\"}]}<\/script>\n<meta property=\"product:brand\" content=\"Tucano\" \/>\n<meta property=\"product:price:amount\" content=\"179.00\" \/>\n<meta property=\"product:price:currency\" content=\"CHF\" \/>\n<meta property=\"og:availability\" content=\"backorder\" \/>\n<meta property=\"product:availability\" content=\"available for order\" \/>\n<meta property=\"product:retailer_item_id\" content=\"AC600258\" \/>\n<meta property=\"product:condition\" content=\"new\" \/>\n<meta name=\"geo.placename\" content=\"Regensdorf\" \/>\n<meta name=\"geo.position\" content=\"47.43839497999372;8.465227605227366\" \/>\n<meta name=\"geo.region\" content=\"Suisse\" \/>\n<!-- \/ Yoast SEO Premium plugin. -->","yoast_head_json":{"title":"Tucano Couverture thermique Scooty R217 - Silence S01 - ETRIX Elektroroller","description":"Tucano Thermal Blanket Scooty \u2713 Nylon enduit imperm\u00e9able avec doublure isolante en fibre synth\u00e9tique \u2713 Montage par sangle et fermeture Velcro.","robots":{"index":"index","follow":"follow","max-snippet":"max-snippet:-1","max-image-preview":"max-image-preview:large","max-video-preview":"max-video-preview:-1"},"canonical":"https:\/\/www.etrix.ch\/fr\/produit\/tucano-couverture-thermique-scooty-r217-silence-s01\/","og_locale":"fr_FR","og_type":"article","og_title":"Tucano Couverture thermique Scooty R217 - Silence S01","og_description":"Tucano Thermal Blanket Scooty \u2713 Nylon enduit imperm\u00e9able avec doublure isolante en fibre synth\u00e9tique \u2713 Montage par sangle et fermeture Velcro.","og_url":"https:\/\/www.etrix.ch\/fr\/produit\/tucano-couverture-thermique-scooty-r217-silence-s01\/","og_site_name":"ETRIX Elektroroller","article_publisher":"https:\/\/m.facebook.com\/etrix.emotos\/","article_modified_time":"2025-06-30T07:43:32+00:00","og_image":[{"width":800,"height":800,"url":"https:\/\/www.etrix.ch\/media\/2021\/05\/TucanoScootyR017_S01-2.jpg","type":"image\/jpeg"}],"twitter_card":"summary_large_image","twitter_site":"@etrixag","twitter_misc":{"Prix":"&#67;&#72;&#70;&nbsp;179.00 inkl. MwSt.","Disponibilit\u00e9":"En r\u00e9assort"},"schema":{"@context":"https:\/\/schema.org","@graph":[{"@type":"WebPage","@id":"https:\/\/www.etrix.ch\/fr\/produit\/tucano-couverture-thermique-scooty-r217-silence-s01\/","url":"https:\/\/www.etrix.ch\/fr\/produit\/tucano-couverture-thermique-scooty-r217-silence-s01\/","name":"Tucano Couverture thermique Scooty R217 - Silence S01 - ETRIX Elektroroller","isPartOf":{"@id":"https:\/\/www.etrix.ch\/fr\/#website"},"primaryImageOfPage":{"@id":"https:\/\/www.etrix.ch\/fr\/produit\/tucano-couverture-thermique-scooty-r217-silence-s01\/#primaryimage"},"image":{"@id":"https:\/\/www.etrix.ch\/fr\/produit\/tucano-couverture-thermique-scooty-r217-silence-s01\/#primaryimage"},"thumbnailUrl":"https:\/\/www.etrix.ch\/media\/2021\/05\/TucanoScootyR017_S01-2.jpg","datePublished":"2021-02-03T12:45:37+00:00","dateModified":"2025-06-30T07:43:32+00:00","description":"Tucano Thermal Blanket Scooty \u2713 Nylon enduit imperm\u00e9able avec doublure isolante en fibre synth\u00e9tique \u2713 Montage par sangle et fermeture Velcro.","breadcrumb":{"@id":"https:\/\/www.etrix.ch\/fr\/produit\/tucano-couverture-thermique-scooty-r217-silence-s01\/#breadcrumb"},"inLanguage":"fr-FR","potentialAction":[{"@type":"ReadAction","target":["https:\/\/www.etrix.ch\/fr\/produit\/tucano-couverture-thermique-scooty-r217-silence-s01\/"]}]},{"@type":"ImageObject","inLanguage":"fr-FR","@id":"https:\/\/www.etrix.ch\/fr\/produit\/tucano-couverture-thermique-scooty-r217-silence-s01\/#primaryimage","url":"https:\/\/www.etrix.ch\/media\/2021\/05\/TucanoScootyR017_S01-2.jpg","contentUrl":"https:\/\/www.etrix.ch\/media\/2021\/05\/TucanoScootyR017_S01-2.jpg","width":800,"height":800},{"@type":"BreadcrumbList","@id":"https:\/\/www.etrix.ch\/fr\/produit\/tucano-couverture-thermique-scooty-r217-silence-s01\/#breadcrumb","itemListElement":[{"@type":"ListItem","position":1,"name":"Accueil","item":"https:\/\/www.etrix.ch\/fr\/page-daccueil\/"},{"@type":"ListItem","position":2,"name":"Boutique","item":"https:\/\/www.etrix.ch\/fr\/boutique\/"},{"@type":"ListItem","position":3,"name":"Tucano Couverture thermique Scooty R217 - Silence S01"}]},{"@type":"WebSite","@id":"https:\/\/www.etrix.ch\/fr\/#website","url":"https:\/\/www.etrix.ch\/fr\/","name":"ETRIX Elektroroller","description":"E-Motos","publisher":{"@id":"https:\/\/www.etrix.ch\/fr\/#organization"},"potentialAction":[{"@type":"SearchAction","target":{"@type":"EntryPoint","urlTemplate":"https:\/\/www.etrix.ch\/fr\/?s={search_term_string}"},"query-input":{"@type":"PropertyValueSpecification","valueRequired":true,"valueName":"search_term_string"}}],"inLanguage":"fr-FR"},{"@type":["Organization","Place","MotorcycleDealer"],"@id":"https:\/\/www.etrix.ch\/fr\/#organization","name":"ETRIX E-Motos","url":"https:\/\/www.etrix.ch\/fr\/","logo":{"@id":"https:\/\/www.etrix.ch\/fr\/produit\/tucano-couverture-thermique-scooty-r217-silence-s01\/#local-main-organization-logo"},"image":{"@id":"https:\/\/www.etrix.ch\/fr\/produit\/tucano-couverture-thermique-scooty-r217-silence-s01\/#local-main-organization-logo"},"sameAs":["https:\/\/m.facebook.com\/etrix.emotos\/","https:\/\/x.com\/etrixag","https:\/\/www.instagram.com\/etrix_emotos\/p\/BtVW6bXHtNv\/","https:\/\/www.linkedin.com\/company\/etrix-ag","https:\/\/www.youtube.com\/channel\/UCSd-hJdu5u8xPUEY60jexOw"],"address":{"@id":"https:\/\/www.etrix.ch\/fr\/produit\/tucano-couverture-thermique-scooty-r217-silence-s01\/#local-main-place-address"},"geo":{"@type":"GeoCoordinates","latitude":"47.43839497999372","longitude":"8.465227605227366"},"telephone":["043 931 00 45"],"openingHoursSpecification":[{"@type":"OpeningHoursSpecification","dayOfWeek":["Monday","Sunday"],"opens":"00:00","closes":"00:00"},{"@type":"OpeningHoursSpecification","dayOfWeek":["Tuesday","Wednesday","Thursday","Friday"],"opens":"10:00","closes":"18:00"},{"@type":"OpeningHoursSpecification","dayOfWeek":["Saturday"],"opens":"10:00","closes":"15:00"}]},{"@type":"PostalAddress","@id":"https:\/\/www.etrix.ch\/fr\/produit\/tucano-couverture-thermique-scooty-r217-silence-s01\/#local-main-place-address","streetAddress":"Riedthofstrasse 122","addressLocality":"Regensdorf","postalCode":"8105","addressRegion":"Z\u00fcrich","addressCountry":"CH"},{"@type":"ImageObject","inLanguage":"fr-FR","@id":"https:\/\/www.etrix.ch\/fr\/produit\/tucano-couverture-thermique-scooty-r217-silence-s01\/#local-main-organization-logo","url":"https:\/\/www.etrix.ch\/media\/2021\/05\/ETRIX-logo.png","contentUrl":"https:\/\/www.etrix.ch\/media\/2021\/05\/ETRIX-logo.png","width":470,"height":85,"caption":"ETRIX E-Motos"}]},"product_brand":"Tucano","product_price_amount":"179.00","product_price_currency":"CHF","og_availability":"backorder","product_availability":"available for order","product_retailer_item_id":"AC600258","product_condition":"new","geo.placename":"Regensdorf","geo.position":{"lat":"47.43839497999372","long":"8.465227605227366"},"geo.region":"Suisse"},"_links":{"self":[{"href":"https:\/\/www.etrix.ch\/fr\/wp-json\/wp\/v2\/product\/10284","targetHints":{"allow":["GET"]}}],"collection":[{"href":"https:\/\/www.etrix.ch\/fr\/wp-json\/wp\/v2\/product"}],"about":[{"href":"https:\/\/www.etrix.ch\/fr\/wp-json\/wp\/v2\/types\/product"}],"wp:featuredmedia":[{"embeddable":true,"href":"https:\/\/www.etrix.ch\/fr\/wp-json\/wp\/v2\/media\/6622"}],"wp:attachment":[{"href":"https:\/\/www.etrix.ch\/fr\/wp-json\/wp\/v2\/media?parent=10284"}],"wp:term":[{"taxonomy":"product_brand","embeddable":true,"href":"https:\/\/www.etrix.ch\/fr\/wp-json\/wp\/v2\/product_brand?post=10284"},{"taxonomy":"product_cat","embeddable":true,"href":"https:\/\/www.etrix.ch\/fr\/wp-json\/wp\/v2\/product_cat?post=10284"},{"taxonomy":"product_tag","embeddable":true,"href":"https:\/\/www.etrix.ch\/fr\/wp-json\/wp\/v2\/product_tag?post=10284"}],"curies":[{"name":"wp","href":"https:\/\/api.w.org\/{rel}","templated":true}]}}