{"id":10232,"date":"2020-10-13T06:54:56","date_gmt":"2020-10-13T04:54:56","guid":{"rendered":"https:\/\/www.etrix.ch\/ixs-tour-blouson-evans-st-noir-blanc\/"},"modified":"2024-11-21T10:34:54","modified_gmt":"2024-11-21T09:34:54","slug":"ixs-tour-jacket-evans-st-noir","status":"publish","type":"product","link":"https:\/\/www.etrix.ch\/fr\/produit\/ixs-tour-jacket-evans-st-noir\/","title":{"rendered":"iXS Tour Jacket Evans ST \u2013 noir"},"content":{"rendered":"<p>La veste thermique imperm\u00e9able d&rsquo;IXS vous prot\u00e8ge du froid, car il peut vite faire froid sur le haut du corps. Le pantalon thermique vous prot\u00e8ge \u00e9galement en cas d&rsquo;accident de la route, car la veste est \u00e9quip\u00e9e de protections aux coudes et aux \u00e9paules. Il est \u00e9galement possible d&rsquo;ins\u00e9rer une protection dorsale, car la veste poss\u00e8de une poche pour une protection dorsale.<\/p>\n<ul>\n<li>solto-TEX\u00ae doublure<\/li>\n<li>Doublure en filet polyester avec barri\u00e8re d&rsquo;eau<\/li>\n<li>Doublure thermique d\u00e9tachable<\/li>\n<li>coude et haut du bras r\u00e9glables en largeur<\/li>\n<li>r\u00e9glage de la largeur au bas des manches<\/li>\n<li>r\u00e9glage de la largeur \u00e0 la taille<\/li>\n<li>R\u00e9glage de la largeur de l&rsquo;ourlet de la veste avec cordon de serrage \u00e9lastique<\/li>\n<li>4 poches ext\u00e9rieures (veste femme : 2 poches ext\u00e9rieures)<\/li>\n<li>2 poches int\u00e9rieures en filet fixe et 1 poche Napol\u00e9on<\/li>\n<li>4 ouvertures de ventilation<\/li>\n<li>Impressions de transfert r\u00e9fl\u00e9chissantes<\/li>\n<li>Longue fermeture \u00e9clair de liaison<\/li>\n<li>Protecteurs de coude r\u00e9glables en hauteur<\/li>\n<li>Protecteurs d&rsquo;\u00e9paules et de coudes impacTec (hommes : ETP-02, femmes : ETP-01), mod\u00e8le test\u00e9 selon EN 1621-1:2012, niveau 1<\/li>\n<li>Poche pour protection dorsale (peut \u00eatre ajout\u00e9e en option avec impacTec TP-06 (X99514), mod\u00e8le test\u00e9 selon EN 1621-2:2014, niveau 2)<\/li>\n<\/ul>\n<p>Mat\u00e9riau ext\u00e9rieur : 100% Polyester<br \/>\nDoublure : 100% Polyester<br \/>\nEndos de la membrane : 100% Polyester<br \/>\nDoublure thermique : 100% Polyester<\/p>\n<p>membrane solto-TEX\u00ae 100% enduite de chlorure de polyvinyle<\/p>\n","protected":false},"excerpt":{"rendered":"<p>Veste textile Touring en polyoxford 600D<\/p>\n","protected":false},"featured_media":6546,"template":"","meta":{"_acf_changed":false},"product_brand":[],"product_cat":[582,625,647],"product_tag":[1408],"class_list":{"0":"post-10232","1":"product","2":"type-product","3":"status-publish","4":"has-post-thumbnail","6":"product_cat-accessoires","7":"product_cat-casques-vetements","8":"product_cat-protection-contre-les-intemperies","9":"product_tag-vestes","10":"pa_marke-ixs-fr","11":"sales-flash-overlay","12":"woocommerce-text-align-left","13":"woocommerce-image-align-center","14":"do-quantity-buttons","15":"wc-has-gallery","17":"first","18":"instock","19":"taxable","20":"shipping-taxable","21":"purchasable","22":"product-type-variable"},"acf":[],"yoast_head":"<!-- This site is optimized with the Yoast SEO Premium plugin v26.9 (Yoast SEO v27.4) - https:\/\/yoast.com\/product\/yoast-seo-premium-wordpress\/ -->\n<title>iXS Tour Jacket Evans ST \u2013 noir - ETRIX Elektroroller<\/title>\n<meta name=\"description\" content=\"iXS Tour Jacket Evans \u2713Veste en noir \u2713 Imperm\u00e9able \u2713 Equip\u00e9 sur les coudes et les \u00e9paules de protecteurs \u2713 Protecteur dorsal\" \/>\n<meta name=\"robots\" content=\"index, follow, max-snippet:-1, max-image-preview:large, max-video-preview:-1\" \/>\n<link rel=\"canonical\" href=\"https:\/\/www.etrix.ch\/fr\/produit\/ixs-tour-jacket-evans-st-noir\/\" \/>\n<meta property=\"og:locale\" content=\"fr_FR\" \/>\n<meta property=\"og:type\" content=\"article\" \/>\n<meta property=\"og:title\" content=\"iXS Tour Jacket Evans ST \u2013 noir\" \/>\n<meta property=\"og:description\" content=\"iXS Tour Jacket Evans \u2713Veste en noir \u2713 Imperm\u00e9able \u2713 Equip\u00e9 sur les coudes et les \u00e9paules de protecteurs \u2713 Protecteur dorsal\" \/>\n<meta property=\"og:url\" content=\"https:\/\/www.etrix.ch\/fr\/produit\/ixs-tour-jacket-evans-st-noir\/\" \/>\n<meta property=\"og:site_name\" content=\"ETRIX Elektroroller\" \/>\n<meta property=\"article:publisher\" content=\"https:\/\/m.facebook.com\/etrix.emotos\/\" \/>\n<meta property=\"article:modified_time\" content=\"2024-11-21T09:34:54+00:00\" \/>\n<meta property=\"og:image\" content=\"https:\/\/www.etrix.ch\/media\/2021\/05\/image002-1.jpeg\" \/>\n\t<meta property=\"og:image:width\" content=\"600\" \/>\n\t<meta property=\"og:image:height\" content=\"600\" \/>\n\t<meta property=\"og:image:type\" content=\"image\/jpeg\" \/>\n<meta name=\"twitter:card\" content=\"summary_large_image\" \/>\n<meta name=\"twitter:site\" content=\"@etrixag\" \/>\n<meta name=\"twitter:label1\" content=\"Disponibilit\u00e9\" \/>\n\t<meta name=\"twitter:data1\" content=\"En stock\" \/>\n<script type=\"application\/ld+json\" class=\"yoast-schema-graph\">{\"@context\":\"https:\\\/\\\/schema.org\",\"@graph\":[{\"@type\":\"WebPage\",\"@id\":\"https:\\\/\\\/www.etrix.ch\\\/fr\\\/produit\\\/ixs-tour-jacket-evans-st-noir\\\/\",\"url\":\"https:\\\/\\\/www.etrix.ch\\\/fr\\\/produit\\\/ixs-tour-jacket-evans-st-noir\\\/\",\"name\":\"iXS Tour Jacket Evans ST \u2013 noir - ETRIX Elektroroller\",\"isPartOf\":{\"@id\":\"https:\\\/\\\/www.etrix.ch\\\/fr\\\/#website\"},\"primaryImageOfPage\":{\"@id\":\"https:\\\/\\\/www.etrix.ch\\\/fr\\\/produit\\\/ixs-tour-jacket-evans-st-noir\\\/#primaryimage\"},\"image\":{\"@id\":\"https:\\\/\\\/www.etrix.ch\\\/fr\\\/produit\\\/ixs-tour-jacket-evans-st-noir\\\/#primaryimage\"},\"thumbnailUrl\":\"https:\\\/\\\/www.etrix.ch\\\/media\\\/2021\\\/05\\\/image002-1.jpeg\",\"datePublished\":\"2020-10-13T04:54:56+00:00\",\"dateModified\":\"2024-11-21T09:34:54+00:00\",\"description\":\"iXS Tour Jacket Evans \u2713Veste en noir \u2713 Imperm\u00e9able \u2713 Equip\u00e9 sur les coudes et les \u00e9paules de protecteurs \u2713 Protecteur dorsal\",\"breadcrumb\":{\"@id\":\"https:\\\/\\\/www.etrix.ch\\\/fr\\\/produit\\\/ixs-tour-jacket-evans-st-noir\\\/#breadcrumb\"},\"inLanguage\":\"fr-FR\",\"potentialAction\":[{\"@type\":\"ReadAction\",\"target\":[\"https:\\\/\\\/www.etrix.ch\\\/fr\\\/produit\\\/ixs-tour-jacket-evans-st-noir\\\/\"]}]},{\"@type\":\"ImageObject\",\"inLanguage\":\"fr-FR\",\"@id\":\"https:\\\/\\\/www.etrix.ch\\\/fr\\\/produit\\\/ixs-tour-jacket-evans-st-noir\\\/#primaryimage\",\"url\":\"https:\\\/\\\/www.etrix.ch\\\/media\\\/2021\\\/05\\\/image002-1.jpeg\",\"contentUrl\":\"https:\\\/\\\/www.etrix.ch\\\/media\\\/2021\\\/05\\\/image002-1.jpeg\",\"width\":600,\"height\":600,\"caption\":\"iXS Tour Jacket Evans ST \u2013 noir\"},{\"@type\":\"BreadcrumbList\",\"@id\":\"https:\\\/\\\/www.etrix.ch\\\/fr\\\/produit\\\/ixs-tour-jacket-evans-st-noir\\\/#breadcrumb\",\"itemListElement\":[{\"@type\":\"ListItem\",\"position\":1,\"name\":\"Accueil\",\"item\":\"https:\\\/\\\/www.etrix.ch\\\/fr\\\/page-daccueil\\\/\"},{\"@type\":\"ListItem\",\"position\":2,\"name\":\"Boutique\",\"item\":\"https:\\\/\\\/www.etrix.ch\\\/fr\\\/boutique\\\/\"},{\"@type\":\"ListItem\",\"position\":3,\"name\":\"iXS Tour Jacket Evans ST \u2013 noir\"}]},{\"@type\":\"WebSite\",\"@id\":\"https:\\\/\\\/www.etrix.ch\\\/fr\\\/#website\",\"url\":\"https:\\\/\\\/www.etrix.ch\\\/fr\\\/\",\"name\":\"ETRIX Elektroroller\",\"description\":\"E-Motos\",\"publisher\":{\"@id\":\"https:\\\/\\\/www.etrix.ch\\\/fr\\\/#organization\"},\"potentialAction\":[{\"@type\":\"SearchAction\",\"target\":{\"@type\":\"EntryPoint\",\"urlTemplate\":\"https:\\\/\\\/www.etrix.ch\\\/fr\\\/?s={search_term_string}\"},\"query-input\":{\"@type\":\"PropertyValueSpecification\",\"valueRequired\":true,\"valueName\":\"search_term_string\"}}],\"inLanguage\":\"fr-FR\"},{\"@type\":[\"Organization\",\"Place\",\"MotorcycleDealer\"],\"@id\":\"https:\\\/\\\/www.etrix.ch\\\/fr\\\/#organization\",\"name\":\"ETRIX E-Motos\",\"url\":\"https:\\\/\\\/www.etrix.ch\\\/fr\\\/\",\"logo\":{\"@id\":\"https:\\\/\\\/www.etrix.ch\\\/fr\\\/produit\\\/ixs-tour-jacket-evans-st-noir\\\/#local-main-organization-logo\"},\"image\":{\"@id\":\"https:\\\/\\\/www.etrix.ch\\\/fr\\\/produit\\\/ixs-tour-jacket-evans-st-noir\\\/#local-main-organization-logo\"},\"sameAs\":[\"https:\\\/\\\/m.facebook.com\\\/etrix.emotos\\\/\",\"https:\\\/\\\/x.com\\\/etrixag\",\"https:\\\/\\\/www.instagram.com\\\/etrix_emotos\\\/p\\\/BtVW6bXHtNv\\\/\",\"https:\\\/\\\/www.linkedin.com\\\/company\\\/etrix-ag\",\"https:\\\/\\\/www.youtube.com\\\/channel\\\/UCSd-hJdu5u8xPUEY60jexOw\"],\"address\":{\"@id\":\"https:\\\/\\\/www.etrix.ch\\\/fr\\\/produit\\\/ixs-tour-jacket-evans-st-noir\\\/#local-main-place-address\"},\"geo\":{\"@type\":\"GeoCoordinates\",\"latitude\":\"47.43839497999372\",\"longitude\":\"8.465227605227366\"},\"telephone\":[\"043 931 00 45\"],\"openingHoursSpecification\":[{\"@type\":\"OpeningHoursSpecification\",\"dayOfWeek\":[\"Monday\",\"Sunday\"],\"opens\":\"00:00\",\"closes\":\"00:00\"},{\"@type\":\"OpeningHoursSpecification\",\"dayOfWeek\":[\"Tuesday\",\"Wednesday\",\"Thursday\",\"Friday\"],\"opens\":\"10:00\",\"closes\":\"18:00\"},{\"@type\":\"OpeningHoursSpecification\",\"dayOfWeek\":[\"Saturday\"],\"opens\":\"10:00\",\"closes\":\"15:00\"}]},{\"@type\":\"PostalAddress\",\"@id\":\"https:\\\/\\\/www.etrix.ch\\\/fr\\\/produit\\\/ixs-tour-jacket-evans-st-noir\\\/#local-main-place-address\",\"streetAddress\":\"Riedthofstrasse 122\",\"addressLocality\":\"Regensdorf\",\"postalCode\":\"8105\",\"addressRegion\":\"Z\u00fcrich\",\"addressCountry\":\"CH\"},{\"@type\":\"ImageObject\",\"inLanguage\":\"fr-FR\",\"@id\":\"https:\\\/\\\/www.etrix.ch\\\/fr\\\/produit\\\/ixs-tour-jacket-evans-st-noir\\\/#local-main-organization-logo\",\"url\":\"https:\\\/\\\/www.etrix.ch\\\/media\\\/2021\\\/05\\\/ETRIX-logo.png\",\"contentUrl\":\"https:\\\/\\\/www.etrix.ch\\\/media\\\/2021\\\/05\\\/ETRIX-logo.png\",\"width\":470,\"height\":85,\"caption\":\"ETRIX E-Motos\"}]}<\/script>\n<meta property=\"product:brand\" content=\"IXS\" \/>\n<meta property=\"og:availability\" content=\"instock\" \/>\n<meta property=\"product:availability\" content=\"instock\" \/>\n<meta property=\"product:retailer_item_id\" content=\"AC600\" \/>\n<meta property=\"product:condition\" content=\"new\" \/>\n<meta name=\"geo.placename\" content=\"Regensdorf\" \/>\n<meta name=\"geo.position\" content=\"47.43839497999372;8.465227605227366\" \/>\n<meta name=\"geo.region\" content=\"Suisse\" \/>\n<!-- \/ Yoast SEO Premium plugin. -->","yoast_head_json":{"title":"iXS Tour Jacket Evans ST \u2013 noir - ETRIX Elektroroller","description":"iXS Tour Jacket Evans \u2713Veste en noir \u2713 Imperm\u00e9able \u2713 Equip\u00e9 sur les coudes et les \u00e9paules de protecteurs \u2713 Protecteur dorsal","robots":{"index":"index","follow":"follow","max-snippet":"max-snippet:-1","max-image-preview":"max-image-preview:large","max-video-preview":"max-video-preview:-1"},"canonical":"https:\/\/www.etrix.ch\/fr\/produit\/ixs-tour-jacket-evans-st-noir\/","og_locale":"fr_FR","og_type":"article","og_title":"iXS Tour Jacket Evans ST \u2013 noir","og_description":"iXS Tour Jacket Evans \u2713Veste en noir \u2713 Imperm\u00e9able \u2713 Equip\u00e9 sur les coudes et les \u00e9paules de protecteurs \u2713 Protecteur dorsal","og_url":"https:\/\/www.etrix.ch\/fr\/produit\/ixs-tour-jacket-evans-st-noir\/","og_site_name":"ETRIX Elektroroller","article_publisher":"https:\/\/m.facebook.com\/etrix.emotos\/","article_modified_time":"2024-11-21T09:34:54+00:00","og_image":[{"width":600,"height":600,"url":"https:\/\/www.etrix.ch\/media\/2021\/05\/image002-1.jpeg","type":"image\/jpeg"}],"twitter_card":"summary_large_image","twitter_site":"@etrixag","twitter_misc":{"Disponibilit\u00e9":"En stock"},"schema":{"@context":"https:\/\/schema.org","@graph":[{"@type":"WebPage","@id":"https:\/\/www.etrix.ch\/fr\/produit\/ixs-tour-jacket-evans-st-noir\/","url":"https:\/\/www.etrix.ch\/fr\/produit\/ixs-tour-jacket-evans-st-noir\/","name":"iXS Tour Jacket Evans ST \u2013 noir - ETRIX Elektroroller","isPartOf":{"@id":"https:\/\/www.etrix.ch\/fr\/#website"},"primaryImageOfPage":{"@id":"https:\/\/www.etrix.ch\/fr\/produit\/ixs-tour-jacket-evans-st-noir\/#primaryimage"},"image":{"@id":"https:\/\/www.etrix.ch\/fr\/produit\/ixs-tour-jacket-evans-st-noir\/#primaryimage"},"thumbnailUrl":"https:\/\/www.etrix.ch\/media\/2021\/05\/image002-1.jpeg","datePublished":"2020-10-13T04:54:56+00:00","dateModified":"2024-11-21T09:34:54+00:00","description":"iXS Tour Jacket Evans \u2713Veste en noir \u2713 Imperm\u00e9able \u2713 Equip\u00e9 sur les coudes et les \u00e9paules de protecteurs \u2713 Protecteur dorsal","breadcrumb":{"@id":"https:\/\/www.etrix.ch\/fr\/produit\/ixs-tour-jacket-evans-st-noir\/#breadcrumb"},"inLanguage":"fr-FR","potentialAction":[{"@type":"ReadAction","target":["https:\/\/www.etrix.ch\/fr\/produit\/ixs-tour-jacket-evans-st-noir\/"]}]},{"@type":"ImageObject","inLanguage":"fr-FR","@id":"https:\/\/www.etrix.ch\/fr\/produit\/ixs-tour-jacket-evans-st-noir\/#primaryimage","url":"https:\/\/www.etrix.ch\/media\/2021\/05\/image002-1.jpeg","contentUrl":"https:\/\/www.etrix.ch\/media\/2021\/05\/image002-1.jpeg","width":600,"height":600,"caption":"iXS Tour Jacket Evans ST \u2013 noir"},{"@type":"BreadcrumbList","@id":"https:\/\/www.etrix.ch\/fr\/produit\/ixs-tour-jacket-evans-st-noir\/#breadcrumb","itemListElement":[{"@type":"ListItem","position":1,"name":"Accueil","item":"https:\/\/www.etrix.ch\/fr\/page-daccueil\/"},{"@type":"ListItem","position":2,"name":"Boutique","item":"https:\/\/www.etrix.ch\/fr\/boutique\/"},{"@type":"ListItem","position":3,"name":"iXS Tour Jacket Evans ST \u2013 noir"}]},{"@type":"WebSite","@id":"https:\/\/www.etrix.ch\/fr\/#website","url":"https:\/\/www.etrix.ch\/fr\/","name":"ETRIX Elektroroller","description":"E-Motos","publisher":{"@id":"https:\/\/www.etrix.ch\/fr\/#organization"},"potentialAction":[{"@type":"SearchAction","target":{"@type":"EntryPoint","urlTemplate":"https:\/\/www.etrix.ch\/fr\/?s={search_term_string}"},"query-input":{"@type":"PropertyValueSpecification","valueRequired":true,"valueName":"search_term_string"}}],"inLanguage":"fr-FR"},{"@type":["Organization","Place","MotorcycleDealer"],"@id":"https:\/\/www.etrix.ch\/fr\/#organization","name":"ETRIX E-Motos","url":"https:\/\/www.etrix.ch\/fr\/","logo":{"@id":"https:\/\/www.etrix.ch\/fr\/produit\/ixs-tour-jacket-evans-st-noir\/#local-main-organization-logo"},"image":{"@id":"https:\/\/www.etrix.ch\/fr\/produit\/ixs-tour-jacket-evans-st-noir\/#local-main-organization-logo"},"sameAs":["https:\/\/m.facebook.com\/etrix.emotos\/","https:\/\/x.com\/etrixag","https:\/\/www.instagram.com\/etrix_emotos\/p\/BtVW6bXHtNv\/","https:\/\/www.linkedin.com\/company\/etrix-ag","https:\/\/www.youtube.com\/channel\/UCSd-hJdu5u8xPUEY60jexOw"],"address":{"@id":"https:\/\/www.etrix.ch\/fr\/produit\/ixs-tour-jacket-evans-st-noir\/#local-main-place-address"},"geo":{"@type":"GeoCoordinates","latitude":"47.43839497999372","longitude":"8.465227605227366"},"telephone":["043 931 00 45"],"openingHoursSpecification":[{"@type":"OpeningHoursSpecification","dayOfWeek":["Monday","Sunday"],"opens":"00:00","closes":"00:00"},{"@type":"OpeningHoursSpecification","dayOfWeek":["Tuesday","Wednesday","Thursday","Friday"],"opens":"10:00","closes":"18:00"},{"@type":"OpeningHoursSpecification","dayOfWeek":["Saturday"],"opens":"10:00","closes":"15:00"}]},{"@type":"PostalAddress","@id":"https:\/\/www.etrix.ch\/fr\/produit\/ixs-tour-jacket-evans-st-noir\/#local-main-place-address","streetAddress":"Riedthofstrasse 122","addressLocality":"Regensdorf","postalCode":"8105","addressRegion":"Z\u00fcrich","addressCountry":"CH"},{"@type":"ImageObject","inLanguage":"fr-FR","@id":"https:\/\/www.etrix.ch\/fr\/produit\/ixs-tour-jacket-evans-st-noir\/#local-main-organization-logo","url":"https:\/\/www.etrix.ch\/media\/2021\/05\/ETRIX-logo.png","contentUrl":"https:\/\/www.etrix.ch\/media\/2021\/05\/ETRIX-logo.png","width":470,"height":85,"caption":"ETRIX E-Motos"}]},"product_brand":"IXS","og_availability":"instock","product_availability":"instock","product_retailer_item_id":"AC600","product_condition":"new","geo.placename":"Regensdorf","geo.position":{"lat":"47.43839497999372","long":"8.465227605227366"},"geo.region":"Suisse"},"_links":{"self":[{"href":"https:\/\/www.etrix.ch\/fr\/wp-json\/wp\/v2\/product\/10232","targetHints":{"allow":["GET"]}}],"collection":[{"href":"https:\/\/www.etrix.ch\/fr\/wp-json\/wp\/v2\/product"}],"about":[{"href":"https:\/\/www.etrix.ch\/fr\/wp-json\/wp\/v2\/types\/product"}],"wp:featuredmedia":[{"embeddable":true,"href":"https:\/\/www.etrix.ch\/fr\/wp-json\/wp\/v2\/media\/6546"}],"wp:attachment":[{"href":"https:\/\/www.etrix.ch\/fr\/wp-json\/wp\/v2\/media?parent=10232"}],"wp:term":[{"taxonomy":"product_brand","embeddable":true,"href":"https:\/\/www.etrix.ch\/fr\/wp-json\/wp\/v2\/product_brand?post=10232"},{"taxonomy":"product_cat","embeddable":true,"href":"https:\/\/www.etrix.ch\/fr\/wp-json\/wp\/v2\/product_cat?post=10232"},{"taxonomy":"product_tag","embeddable":true,"href":"https:\/\/www.etrix.ch\/fr\/wp-json\/wp\/v2\/product_tag?post=10232"}],"curies":[{"name":"wp","href":"https:\/\/api.w.org\/{rel}","templated":true}]}}