{"id":10230,"date":"2024-08-06T22:56:10","date_gmt":"2024-08-06T20:56:10","guid":{"rendered":"https:\/\/www.etrix.ch\/pneu-arriere-silence-s01\/"},"modified":"2024-08-29T10:56:04","modified_gmt":"2024-08-29T08:56:04","slug":"pneu-arriere-silence-s01-michelin","status":"publish","type":"product","link":"https:\/\/www.etrix.ch\/fr\/produit\/pneu-arriere-silence-s01-michelin\/","title":{"rendered":"Pneu arri\u00e8re - Silence S01 (Michelin)"},"content":{"rendered":"<div class=\"page\" title=\"Page 1\">\n<div class=\"layoutArea\">\n<div class=\"column\">  Pneu Michelin City Grip 2 Hiver\/Toutes Saisons 140\/70-14 Derni\u00e8re version de la s\u00e9rie MICHELIN City Grip 2 pour la s\u00e9curit\u00e9 sur les routes s\u00e8ches et mouill\u00e9es en ville et en dehors de la ville !<br \/>\n\u2022 Adh\u00e9rence dans des conditions humides et m\u00eame sous la pluie \u2022 Performances durables \u2022 Adh\u00e9rence \u00e9lev\u00e9e \u2022 Le nouveau compos\u00e9 de caoutchouc \u00e0 base de silice, associ\u00e9 \u00e0 des lamelles en forme de dents de requin, donne \u00e0 ce pneu une excellente adh\u00e9rence sur les routes mouill\u00e9es ou glissantes.  - Sa courte distance de freinage sur le mouill\u00e9 est remarquable ! \u2022 Excellente durabilit\u00e9 \u2022 La s\u00e9rie City Grip est connue pour sa durabilit\u00e9.  <\/p>\n<div class=\"b2c-product-claim__infodetail-feature\">\n<div class=\"b2c-benefits__description b2c-benefits__description--max active\">\n<div class=\"b2c-benefits__content-wrap\">\n<div class=\"apos-area\" data-apos-area=\"\" data-doc-id=\"ck9ws132h097m01l5x7sbloiy\">\n<div class=\"apos-area-widget-wrapper apos-rich-text-widget-wrapper\" data-apos-widget-wrapper=\"apostrophe-rich-text\">\n<div class=\"apos-area-widget apos-area-widget--contextual apos-rich-text-widget\" data-apos-widget=\"apostrophe-rich-text\" data-apos-widget-id=\"w180585530825662107\" data-options=\"{\"defaultStyle\":\"Paragraph\",\"toolbar\":[\"Bold\",\"Italic\",\"Superscript\",\"Link\",\"BulletedList\",\"NumberedList\",\"Undo\",\"Redo\"],\"styles\":[{\"name\":\"Paragraph\",\"element\":\"p\"},{\"name\":\"Note\",\"element\":\"p\",\"attributes\":{\"class\":\"b2c-note b2c-benefits__content\"}}],\"edit\":false}\" data-apos-played=\"1\">\n<div class=\"apos-rich-text\" data-rich-text=\"\">\n<div class=\"b2c-benefits__media \">\n<div class=\"apos-area\" data-apos-area=\"\" data-doc-id=\"ck9ws132h097m01l5x7sbloiy\">\n<div class=\"apos-area-widget-wrapper \" data-apos-widget-wrapper=\"apostrophe-images\">\n<div class=\"apos-area-widget apos-area-widget-in-persona\" data-apos-widget=\"apostrophe-images\" data-apos-widget-id=\"w625497326532457887\" data-options=\"{\"sizesAttr\":{\"lg\":\"60rem\",\"xl\":\"90rem\",\"_default\":\"100vw\"},\"edit\":false}\" data-apos-played=\"1\">\n<div class=\"dgad-images dgad-images--cl7w2pauc0by901brdla4wvdi \"><\/div>\n<\/div>\n<\/div>\n<\/div>\n<\/div>\n<\/div>\n<\/div>\n<\/div>\n<\/div>\n<\/div>\n<\/div>\n<\/div>\n<\/div>\n<\/div>\n<\/div>\n","protected":false},"excerpt":{"rendered":"<p>Pneu Michelin City Grip 2 Hiver\/Toutes Saisons 140\/70-14<\/p>\n","protected":false},"featured_media":16897,"template":"","meta":{"_acf_changed":false},"product_brand":[],"product_cat":[582,585,489,490],"product_tag":[1413],"class_list":{"0":"post-10230","1":"product","2":"type-product","3":"status-publish","4":"has-post-thumbnail","6":"product_cat-accessoires","7":"product_cat-accessoires-silence","8":"product_cat-e-scooter","9":"product_cat-silence-fr","10":"product_tag-pneu","11":"pa_marke-michelin-fr","12":"sales-flash-overlay","13":"woocommerce-text-align-left","14":"woocommerce-image-align-center","15":"do-quantity-buttons","17":"first","18":"instock","19":"taxable","20":"shipping-taxable","21":"purchasable","22":"product-type-simple"},"acf":[],"yoast_head":"<!-- This site is optimized with the Yoast SEO Premium plugin v26.9 (Yoast SEO v27.4) - https:\/\/yoast.com\/product\/yoast-seo-premium-wordpress\/ -->\n<title>Pneu arri\u00e8re - Silence S01 (Michelin) - ETRIX Elektroroller Pneus d&#039;hiver All-Season<\/title>\n<meta name=\"description\" content=\"Le pneu hiver Michelin City Grip 2 - Adh\u00e9rence s\u00fbre dans le froid, l&#039;humidit\u00e9 et la pluie - Excellente dur\u00e9e de vie - Long\u00e9vit\u00e9- All season\" \/>\n<meta name=\"robots\" content=\"index, follow, max-snippet:-1, max-image-preview:large, max-video-preview:-1\" \/>\n<link rel=\"canonical\" href=\"https:\/\/www.etrix.ch\/fr\/produit\/pneu-arriere-silence-s01-michelin\/\" \/>\n<meta property=\"og:locale\" content=\"fr_FR\" \/>\n<meta property=\"og:type\" content=\"article\" \/>\n<meta property=\"og:title\" content=\"Pneu arri\u00e8re - Silence S01 (Michelin)\" \/>\n<meta property=\"og:description\" content=\"Le pneu hiver Michelin City Grip 2 - Adh\u00e9rence s\u00fbre dans le froid, l&#039;humidit\u00e9 et la pluie - Excellente dur\u00e9e de vie - Long\u00e9vit\u00e9- All season\" \/>\n<meta property=\"og:url\" content=\"https:\/\/www.etrix.ch\/fr\/produit\/pneu-arriere-silence-s01-michelin\/\" \/>\n<meta property=\"og:site_name\" content=\"ETRIX Elektroroller\" \/>\n<meta property=\"article:publisher\" content=\"https:\/\/m.facebook.com\/etrix.emotos\/\" \/>\n<meta property=\"article:modified_time\" content=\"2024-08-29T08:56:04+00:00\" \/>\n<meta property=\"og:image\" content=\"https:\/\/www.etrix.ch\/media\/2022\/09\/Michelin_city_grip_2.png\" \/>\n\t<meta property=\"og:image:width\" content=\"800\" \/>\n\t<meta property=\"og:image:height\" content=\"600\" \/>\n\t<meta property=\"og:image:type\" content=\"image\/png\" \/>\n<meta name=\"twitter:card\" content=\"summary_large_image\" \/>\n<meta name=\"twitter:site\" content=\"@etrixag\" \/>\n<meta name=\"twitter:label1\" content=\"Prix\" \/>\n\t<meta name=\"twitter:data1\" content=\"&#067;&#072;&#070;&nbsp;127.00 inkl. MwSt.\" \/>\n\t<meta name=\"twitter:label2\" content=\"Disponibilit\u00e9\" \/>\n\t<meta name=\"twitter:data2\" content=\"En stock\" \/>\n<script type=\"application\/ld+json\" class=\"yoast-schema-graph\">{\"@context\":\"https:\\\/\\\/schema.org\",\"@graph\":[{\"@type\":\"WebPage\",\"@id\":\"https:\\\/\\\/www.etrix.ch\\\/fr\\\/produit\\\/pneu-arriere-silence-s01-michelin\\\/\",\"url\":\"https:\\\/\\\/www.etrix.ch\\\/fr\\\/produit\\\/pneu-arriere-silence-s01-michelin\\\/\",\"name\":\"Pneu arri\u00e8re - Silence S01 (Michelin) - ETRIX Elektroroller Pneus d'hiver All-Season\",\"isPartOf\":{\"@id\":\"https:\\\/\\\/www.etrix.ch\\\/fr\\\/#website\"},\"primaryImageOfPage\":{\"@id\":\"https:\\\/\\\/www.etrix.ch\\\/fr\\\/produit\\\/pneu-arriere-silence-s01-michelin\\\/#primaryimage\"},\"image\":{\"@id\":\"https:\\\/\\\/www.etrix.ch\\\/fr\\\/produit\\\/pneu-arriere-silence-s01-michelin\\\/#primaryimage\"},\"thumbnailUrl\":\"https:\\\/\\\/www.etrix.ch\\\/media\\\/2022\\\/09\\\/Michelin_city_grip_2.png\",\"datePublished\":\"2024-08-06T20:56:10+00:00\",\"dateModified\":\"2024-08-29T08:56:04+00:00\",\"description\":\"Le pneu hiver Michelin City Grip 2 - Adh\u00e9rence s\u00fbre dans le froid, l'humidit\u00e9 et la pluie - Excellente dur\u00e9e de vie - Long\u00e9vit\u00e9- All season\",\"breadcrumb\":{\"@id\":\"https:\\\/\\\/www.etrix.ch\\\/fr\\\/produit\\\/pneu-arriere-silence-s01-michelin\\\/#breadcrumb\"},\"inLanguage\":\"fr-FR\",\"potentialAction\":[{\"@type\":\"ReadAction\",\"target\":[\"https:\\\/\\\/www.etrix.ch\\\/fr\\\/produit\\\/pneu-arriere-silence-s01-michelin\\\/\"]}]},{\"@type\":\"ImageObject\",\"inLanguage\":\"fr-FR\",\"@id\":\"https:\\\/\\\/www.etrix.ch\\\/fr\\\/produit\\\/pneu-arriere-silence-s01-michelin\\\/#primaryimage\",\"url\":\"https:\\\/\\\/www.etrix.ch\\\/media\\\/2022\\\/09\\\/Michelin_city_grip_2.png\",\"contentUrl\":\"https:\\\/\\\/www.etrix.ch\\\/media\\\/2022\\\/09\\\/Michelin_city_grip_2.png\",\"width\":800,\"height\":600,\"caption\":\"Michelin City Grip 2\"},{\"@type\":\"BreadcrumbList\",\"@id\":\"https:\\\/\\\/www.etrix.ch\\\/fr\\\/produit\\\/pneu-arriere-silence-s01-michelin\\\/#breadcrumb\",\"itemListElement\":[{\"@type\":\"ListItem\",\"position\":1,\"name\":\"Accueil\",\"item\":\"https:\\\/\\\/www.etrix.ch\\\/fr\\\/\"},{\"@type\":\"ListItem\",\"position\":2,\"name\":\"Boutique\",\"item\":\"https:\\\/\\\/www.etrix.ch\\\/fr\\\/boutique\\\/\"},{\"@type\":\"ListItem\",\"position\":3,\"name\":\"Pneu arri\u00e8re &#8211; Silence S01 (Michelin)\"}]},{\"@type\":\"WebSite\",\"@id\":\"https:\\\/\\\/www.etrix.ch\\\/fr\\\/#website\",\"url\":\"https:\\\/\\\/www.etrix.ch\\\/fr\\\/\",\"name\":\"ETRIX Elektroroller\",\"description\":\"E-Motos\",\"publisher\":{\"@id\":\"https:\\\/\\\/www.etrix.ch\\\/fr\\\/#organization\"},\"potentialAction\":[{\"@type\":\"SearchAction\",\"target\":{\"@type\":\"EntryPoint\",\"urlTemplate\":\"https:\\\/\\\/www.etrix.ch\\\/fr\\\/?s={search_term_string}\"},\"query-input\":{\"@type\":\"PropertyValueSpecification\",\"valueRequired\":true,\"valueName\":\"search_term_string\"}}],\"inLanguage\":\"fr-FR\"},{\"@type\":[\"Organization\",\"Place\",\"MotorcycleDealer\"],\"@id\":\"https:\\\/\\\/www.etrix.ch\\\/fr\\\/#organization\",\"name\":\"ETRIX E-Motos\",\"url\":\"https:\\\/\\\/www.etrix.ch\\\/fr\\\/\",\"logo\":{\"@id\":\"https:\\\/\\\/www.etrix.ch\\\/fr\\\/produit\\\/pneu-arriere-silence-s01-michelin\\\/#local-main-organization-logo\"},\"image\":{\"@id\":\"https:\\\/\\\/www.etrix.ch\\\/fr\\\/produit\\\/pneu-arriere-silence-s01-michelin\\\/#local-main-organization-logo\"},\"sameAs\":[\"https:\\\/\\\/m.facebook.com\\\/etrix.emotos\\\/\",\"https:\\\/\\\/x.com\\\/etrixag\",\"https:\\\/\\\/www.instagram.com\\\/etrix_emotos\\\/p\\\/BtVW6bXHtNv\\\/\",\"https:\\\/\\\/www.linkedin.com\\\/company\\\/etrix-ag\",\"https:\\\/\\\/www.youtube.com\\\/channel\\\/UCSd-hJdu5u8xPUEY60jexOw\"],\"address\":{\"@id\":\"https:\\\/\\\/www.etrix.ch\\\/fr\\\/produit\\\/pneu-arriere-silence-s01-michelin\\\/#local-main-place-address\"},\"geo\":{\"@type\":\"GeoCoordinates\",\"latitude\":\"47.43839497999372\",\"longitude\":\"8.465227605227366\"},\"telephone\":[\"043 931 00 45\"],\"openingHoursSpecification\":[{\"@type\":\"OpeningHoursSpecification\",\"dayOfWeek\":[\"Monday\",\"Sunday\"],\"opens\":\"00:00\",\"closes\":\"00:00\"},{\"@type\":\"OpeningHoursSpecification\",\"dayOfWeek\":[\"Tuesday\",\"Wednesday\",\"Thursday\",\"Friday\"],\"opens\":\"10:00\",\"closes\":\"18:00\"},{\"@type\":\"OpeningHoursSpecification\",\"dayOfWeek\":[\"Saturday\"],\"opens\":\"10:00\",\"closes\":\"15:00\"}]},{\"@type\":\"PostalAddress\",\"@id\":\"https:\\\/\\\/www.etrix.ch\\\/fr\\\/produit\\\/pneu-arriere-silence-s01-michelin\\\/#local-main-place-address\",\"streetAddress\":\"Riedthofstrasse 122\",\"addressLocality\":\"Regensdorf\",\"postalCode\":\"8105\",\"addressRegion\":\"Z\u00fcrich\",\"addressCountry\":\"CH\"},{\"@type\":\"ImageObject\",\"inLanguage\":\"fr-FR\",\"@id\":\"https:\\\/\\\/www.etrix.ch\\\/fr\\\/produit\\\/pneu-arriere-silence-s01-michelin\\\/#local-main-organization-logo\",\"url\":\"https:\\\/\\\/www.etrix.ch\\\/media\\\/2021\\\/05\\\/ETRIX-logo.png\",\"contentUrl\":\"https:\\\/\\\/www.etrix.ch\\\/media\\\/2021\\\/05\\\/ETRIX-logo.png\",\"width\":470,\"height\":85,\"caption\":\"ETRIX E-Motos\"}]}<\/script>\n<meta property=\"product:brand\" content=\"Michelin\" \/>\n<meta property=\"product:price:amount\" content=\"127.00\" \/>\n<meta property=\"product:price:currency\" content=\"CHF\" \/>\n<meta property=\"og:availability\" content=\"instock\" \/>\n<meta property=\"product:availability\" content=\"instock\" \/>\n<meta property=\"product:retailer_item_id\" content=\"CO500251\" \/>\n<meta property=\"product:condition\" content=\"new\" \/>\n<meta name=\"geo.placename\" content=\"Regensdorf\" \/>\n<meta name=\"geo.position\" content=\"47.43839497999372;8.465227605227366\" \/>\n<meta name=\"geo.region\" content=\"Suisse\" \/>\n<!-- \/ Yoast SEO Premium plugin. -->","yoast_head_json":{"title":"Pneu arri\u00e8re - Silence S01 (Michelin) - ETRIX Elektroroller Pneus d'hiver All-Season","description":"Le pneu hiver Michelin City Grip 2 - Adh\u00e9rence s\u00fbre dans le froid, l'humidit\u00e9 et la pluie - Excellente dur\u00e9e de vie - Long\u00e9vit\u00e9- All season","robots":{"index":"index","follow":"follow","max-snippet":"max-snippet:-1","max-image-preview":"max-image-preview:large","max-video-preview":"max-video-preview:-1"},"canonical":"https:\/\/www.etrix.ch\/fr\/produit\/pneu-arriere-silence-s01-michelin\/","og_locale":"fr_FR","og_type":"article","og_title":"Pneu arri\u00e8re - Silence S01 (Michelin)","og_description":"Le pneu hiver Michelin City Grip 2 - Adh\u00e9rence s\u00fbre dans le froid, l'humidit\u00e9 et la pluie - Excellente dur\u00e9e de vie - Long\u00e9vit\u00e9- All season","og_url":"https:\/\/www.etrix.ch\/fr\/produit\/pneu-arriere-silence-s01-michelin\/","og_site_name":"ETRIX Elektroroller","article_publisher":"https:\/\/m.facebook.com\/etrix.emotos\/","article_modified_time":"2024-08-29T08:56:04+00:00","og_image":[{"width":800,"height":600,"url":"https:\/\/www.etrix.ch\/media\/2022\/09\/Michelin_city_grip_2.png","type":"image\/png"}],"twitter_card":"summary_large_image","twitter_site":"@etrixag","twitter_misc":{"Prix":"&#67;&#72;&#70;&nbsp;127.00 inkl. MwSt.","Disponibilit\u00e9":"En stock"},"schema":{"@context":"https:\/\/schema.org","@graph":[{"@type":"WebPage","@id":"https:\/\/www.etrix.ch\/fr\/produit\/pneu-arriere-silence-s01-michelin\/","url":"https:\/\/www.etrix.ch\/fr\/produit\/pneu-arriere-silence-s01-michelin\/","name":"Pneu arri\u00e8re - Silence S01 (Michelin) - ETRIX Elektroroller Pneus d'hiver All-Season","isPartOf":{"@id":"https:\/\/www.etrix.ch\/fr\/#website"},"primaryImageOfPage":{"@id":"https:\/\/www.etrix.ch\/fr\/produit\/pneu-arriere-silence-s01-michelin\/#primaryimage"},"image":{"@id":"https:\/\/www.etrix.ch\/fr\/produit\/pneu-arriere-silence-s01-michelin\/#primaryimage"},"thumbnailUrl":"https:\/\/www.etrix.ch\/media\/2022\/09\/Michelin_city_grip_2.png","datePublished":"2024-08-06T20:56:10+00:00","dateModified":"2024-08-29T08:56:04+00:00","description":"Le pneu hiver Michelin City Grip 2 - Adh\u00e9rence s\u00fbre dans le froid, l'humidit\u00e9 et la pluie - Excellente dur\u00e9e de vie - Long\u00e9vit\u00e9- All season","breadcrumb":{"@id":"https:\/\/www.etrix.ch\/fr\/produit\/pneu-arriere-silence-s01-michelin\/#breadcrumb"},"inLanguage":"fr-FR","potentialAction":[{"@type":"ReadAction","target":["https:\/\/www.etrix.ch\/fr\/produit\/pneu-arriere-silence-s01-michelin\/"]}]},{"@type":"ImageObject","inLanguage":"fr-FR","@id":"https:\/\/www.etrix.ch\/fr\/produit\/pneu-arriere-silence-s01-michelin\/#primaryimage","url":"https:\/\/www.etrix.ch\/media\/2022\/09\/Michelin_city_grip_2.png","contentUrl":"https:\/\/www.etrix.ch\/media\/2022\/09\/Michelin_city_grip_2.png","width":800,"height":600,"caption":"Michelin City Grip 2"},{"@type":"BreadcrumbList","@id":"https:\/\/www.etrix.ch\/fr\/produit\/pneu-arriere-silence-s01-michelin\/#breadcrumb","itemListElement":[{"@type":"ListItem","position":1,"name":"Accueil","item":"https:\/\/www.etrix.ch\/fr\/"},{"@type":"ListItem","position":2,"name":"Boutique","item":"https:\/\/www.etrix.ch\/fr\/boutique\/"},{"@type":"ListItem","position":3,"name":"Pneu arri\u00e8re &#8211; Silence S01 (Michelin)"}]},{"@type":"WebSite","@id":"https:\/\/www.etrix.ch\/fr\/#website","url":"https:\/\/www.etrix.ch\/fr\/","name":"ETRIX Elektroroller","description":"E-Motos","publisher":{"@id":"https:\/\/www.etrix.ch\/fr\/#organization"},"potentialAction":[{"@type":"SearchAction","target":{"@type":"EntryPoint","urlTemplate":"https:\/\/www.etrix.ch\/fr\/?s={search_term_string}"},"query-input":{"@type":"PropertyValueSpecification","valueRequired":true,"valueName":"search_term_string"}}],"inLanguage":"fr-FR"},{"@type":["Organization","Place","MotorcycleDealer"],"@id":"https:\/\/www.etrix.ch\/fr\/#organization","name":"ETRIX E-Motos","url":"https:\/\/www.etrix.ch\/fr\/","logo":{"@id":"https:\/\/www.etrix.ch\/fr\/produit\/pneu-arriere-silence-s01-michelin\/#local-main-organization-logo"},"image":{"@id":"https:\/\/www.etrix.ch\/fr\/produit\/pneu-arriere-silence-s01-michelin\/#local-main-organization-logo"},"sameAs":["https:\/\/m.facebook.com\/etrix.emotos\/","https:\/\/x.com\/etrixag","https:\/\/www.instagram.com\/etrix_emotos\/p\/BtVW6bXHtNv\/","https:\/\/www.linkedin.com\/company\/etrix-ag","https:\/\/www.youtube.com\/channel\/UCSd-hJdu5u8xPUEY60jexOw"],"address":{"@id":"https:\/\/www.etrix.ch\/fr\/produit\/pneu-arriere-silence-s01-michelin\/#local-main-place-address"},"geo":{"@type":"GeoCoordinates","latitude":"47.43839497999372","longitude":"8.465227605227366"},"telephone":["043 931 00 45"],"openingHoursSpecification":[{"@type":"OpeningHoursSpecification","dayOfWeek":["Monday","Sunday"],"opens":"00:00","closes":"00:00"},{"@type":"OpeningHoursSpecification","dayOfWeek":["Tuesday","Wednesday","Thursday","Friday"],"opens":"10:00","closes":"18:00"},{"@type":"OpeningHoursSpecification","dayOfWeek":["Saturday"],"opens":"10:00","closes":"15:00"}]},{"@type":"PostalAddress","@id":"https:\/\/www.etrix.ch\/fr\/produit\/pneu-arriere-silence-s01-michelin\/#local-main-place-address","streetAddress":"Riedthofstrasse 122","addressLocality":"Regensdorf","postalCode":"8105","addressRegion":"Z\u00fcrich","addressCountry":"CH"},{"@type":"ImageObject","inLanguage":"fr-FR","@id":"https:\/\/www.etrix.ch\/fr\/produit\/pneu-arriere-silence-s01-michelin\/#local-main-organization-logo","url":"https:\/\/www.etrix.ch\/media\/2021\/05\/ETRIX-logo.png","contentUrl":"https:\/\/www.etrix.ch\/media\/2021\/05\/ETRIX-logo.png","width":470,"height":85,"caption":"ETRIX E-Motos"}]},"product_brand":"Michelin","product_price_amount":"127.00","product_price_currency":"CHF","og_availability":"instock","product_availability":"instock","product_retailer_item_id":"CO500251","product_condition":"new","geo.placename":"Regensdorf","geo.position":{"lat":"47.43839497999372","long":"8.465227605227366"},"geo.region":"Suisse"},"_links":{"self":[{"href":"https:\/\/www.etrix.ch\/fr\/wp-json\/wp\/v2\/product\/10230","targetHints":{"allow":["GET"]}}],"collection":[{"href":"https:\/\/www.etrix.ch\/fr\/wp-json\/wp\/v2\/product"}],"about":[{"href":"https:\/\/www.etrix.ch\/fr\/wp-json\/wp\/v2\/types\/product"}],"wp:featuredmedia":[{"embeddable":true,"href":"https:\/\/www.etrix.ch\/fr\/wp-json\/wp\/v2\/media\/16897"}],"wp:attachment":[{"href":"https:\/\/www.etrix.ch\/fr\/wp-json\/wp\/v2\/media?parent=10230"}],"wp:term":[{"taxonomy":"product_brand","embeddable":true,"href":"https:\/\/www.etrix.ch\/fr\/wp-json\/wp\/v2\/product_brand?post=10230"},{"taxonomy":"product_cat","embeddable":true,"href":"https:\/\/www.etrix.ch\/fr\/wp-json\/wp\/v2\/product_cat?post=10230"},{"taxonomy":"product_tag","embeddable":true,"href":"https:\/\/www.etrix.ch\/fr\/wp-json\/wp\/v2\/product_tag?post=10230"}],"curies":[{"name":"wp","href":"https:\/\/api.w.org\/{rel}","templated":true}]}}