{"id":10222,"date":"2024-08-06T22:56:15","date_gmt":"2024-08-06T20:56:15","guid":{"rendered":"https:\/\/www.etrix.ch\/pneu-avant-arriere-silence-s02\/"},"modified":"2024-08-29T10:56:16","modified_gmt":"2024-08-29T08:56:16","slug":"pneu-avant-arriere-silence-s02-pneu-avant-silence-s02b-heidneau","status":"publish","type":"product","link":"https:\/\/www.etrix.ch\/fr\/produit\/pneu-avant-arriere-silence-s02-pneu-avant-silence-s02b-heidneau\/","title":{"rendered":"Pneu avant\/arri\u00e8re \u2013 Silence S02 \/ Pneu avant \u2013 Silence S02B (Heidenau)"},"content":{"rendered":"<div class=\"page\" title=\"Page 1\">\n<div class=\"layoutArea\">\n<div class=\"column\">  Pneu Heidenau K62  <\/p>\n<p class=\"p1\"><span class=\"s1\">Hiver\/toutes saisons  <\/span><\/p>\n<p>  M\/C 53P TL K62 M+S Snowtex  <\/p>\n<p class=\"p1\"><span class=\"s1\">Dimension : 120\/70-13  <\/span><\/p>\n<p class=\"p1\">Le Heidenau K62 Snowtex est un pneu d&rsquo;hiver qui convient aux gros scooters. Ce Snowtex est un pneu unique, moul\u00e9 \u00e0 partir d&rsquo;un m\u00e9lange de gomme tendre, parfait dans des conditions hivernales. Bien qu&rsquo;il puisse \u00e9galement \u00eatre conduit sur une chauss\u00e9e s\u00e8che, la probabilit\u00e9 d&rsquo;une usure accrue de la bande de roulement est tr\u00e8s \u00e9lev\u00e9e pendant de tels trajets. La construction plus robuste prot\u00e8ge le pneu des dommages ext\u00e9rieurs et pr\u00e9serve sa solidit\u00e9. Le profil techniquement d\u00e9velopp\u00e9 avec des blocs ind\u00e9pendants forme un contact r\u00e9gulier avec la surface de la route et garantit un roulement silencieux. Le m\u00e9lange de gomme sp\u00e9cial am\u00e9liore le kilom\u00e9trage en augmentant la traction et l&rsquo;adh\u00e9rence.<\/p>\n<\/div>\n<\/div>\n<\/div>\n","protected":false},"excerpt":{"rendered":"<p>Pneu Heidenau K62 <span class=\"s1\">Hiver\/Toutes Saisons <\/span><span class=\"s1\">120\/70-13 <\/span> <\/p>\n","protected":false},"featured_media":6560,"template":"","meta":{"_acf_changed":false},"product_brand":[],"product_cat":[582,585,489,490],"product_tag":[1413],"class_list":{"0":"post-10222","1":"product","2":"type-product","3":"status-publish","4":"has-post-thumbnail","6":"product_cat-accessoires","7":"product_cat-accessoires-silence","8":"product_cat-e-scooter","9":"product_cat-silence-fr","10":"product_tag-pneu","11":"pa_marke-heidenau-fr","12":"sales-flash-overlay","13":"woocommerce-text-align-left","14":"woocommerce-image-align-center","15":"do-quantity-buttons","17":"first","18":"onbackorder","19":"taxable","20":"shipping-taxable","21":"purchasable","22":"product-type-simple"},"acf":[],"yoast_head":"<!-- This site is optimized with the Yoast SEO Premium plugin v26.9 (Yoast SEO v27.4) - https:\/\/yoast.com\/product\/yoast-seo-premium-wordpress\/ -->\n<title>Pneu avant\/arri\u00e8re \u2013 Silence S02 \/ Pneu avant \u2013 Silence S02B (Heidenau) - ETRIX Elektroroller s\u00e9curit\u00e9 hiver<\/title>\n<meta name=\"description\" content=\"Le pneu d&#039;hiver Heidenau, convient aux gros scooters. Ce pneu est moul\u00e9 \u00e0 partir d&#039;un m\u00e9lange de caoutchouc souple &amp; parfait pour l&#039;hiver\" \/>\n<meta name=\"robots\" content=\"index, follow, max-snippet:-1, max-image-preview:large, max-video-preview:-1\" \/>\n<link rel=\"canonical\" href=\"https:\/\/www.etrix.ch\/fr\/produit\/pneu-avant-arriere-silence-s02-pneu-avant-silence-s02b-heidneau\/\" \/>\n<meta property=\"og:locale\" content=\"fr_FR\" \/>\n<meta property=\"og:type\" content=\"article\" \/>\n<meta property=\"og:title\" content=\"Pneu avant\/arri\u00e8re \u2013 Silence S02 \/ Pneu avant \u2013 Silence S02B (Heidenau)\" \/>\n<meta property=\"og:description\" content=\"Le pneu d&#039;hiver Heidenau, convient aux gros scooters. Ce pneu est moul\u00e9 \u00e0 partir d&#039;un m\u00e9lange de caoutchouc souple &amp; parfait pour l&#039;hiver\" \/>\n<meta property=\"og:url\" content=\"https:\/\/www.etrix.ch\/fr\/produit\/pneu-avant-arriere-silence-s02-pneu-avant-silence-s02b-heidneau\/\" \/>\n<meta property=\"og:site_name\" content=\"ETRIX Elektroroller\" \/>\n<meta property=\"article:publisher\" content=\"https:\/\/m.facebook.com\/etrix.emotos\/\" \/>\n<meta property=\"article:modified_time\" content=\"2024-08-29T08:56:16+00:00\" \/>\n<meta property=\"og:image\" content=\"https:\/\/www.etrix.ch\/media\/2021\/05\/pneu-heidnau.jpg\" \/>\n\t<meta property=\"og:image:width\" content=\"949\" \/>\n\t<meta property=\"og:image:height\" content=\"948\" \/>\n\t<meta property=\"og:image:type\" content=\"image\/jpeg\" \/>\n<meta name=\"twitter:card\" content=\"summary_large_image\" \/>\n<meta name=\"twitter:site\" content=\"@etrixag\" \/>\n<meta name=\"twitter:label1\" content=\"Prix\" \/>\n\t<meta name=\"twitter:data1\" content=\"&#067;&#072;&#070;&nbsp;107.00 inkl. MwSt.\" \/>\n\t<meta name=\"twitter:label2\" content=\"Disponibilit\u00e9\" \/>\n\t<meta name=\"twitter:data2\" content=\"En r\u00e9assort\" \/>\n<script type=\"application\/ld+json\" class=\"yoast-schema-graph\">{\"@context\":\"https:\\\/\\\/schema.org\",\"@graph\":[{\"@type\":\"WebPage\",\"@id\":\"https:\\\/\\\/www.etrix.ch\\\/fr\\\/produit\\\/pneu-avant-arriere-silence-s02-pneu-avant-silence-s02b-heidneau\\\/\",\"url\":\"https:\\\/\\\/www.etrix.ch\\\/fr\\\/produit\\\/pneu-avant-arriere-silence-s02-pneu-avant-silence-s02b-heidneau\\\/\",\"name\":\"Pneu avant\\\/arri\u00e8re \u2013 Silence S02 \\\/ Pneu avant \u2013 Silence S02B (Heidenau) - ETRIX Elektroroller s\u00e9curit\u00e9 hiver\",\"isPartOf\":{\"@id\":\"https:\\\/\\\/www.etrix.ch\\\/fr\\\/#website\"},\"primaryImageOfPage\":{\"@id\":\"https:\\\/\\\/www.etrix.ch\\\/fr\\\/produit\\\/pneu-avant-arriere-silence-s02-pneu-avant-silence-s02b-heidneau\\\/#primaryimage\"},\"image\":{\"@id\":\"https:\\\/\\\/www.etrix.ch\\\/fr\\\/produit\\\/pneu-avant-arriere-silence-s02-pneu-avant-silence-s02b-heidneau\\\/#primaryimage\"},\"thumbnailUrl\":\"https:\\\/\\\/www.etrix.ch\\\/media\\\/2021\\\/05\\\/pneu-heidnau.jpg\",\"datePublished\":\"2024-08-06T20:56:15+00:00\",\"dateModified\":\"2024-08-29T08:56:16+00:00\",\"description\":\"Le pneu d'hiver Heidenau, convient aux gros scooters. Ce pneu est moul\u00e9 \u00e0 partir d'un m\u00e9lange de caoutchouc souple & parfait pour l'hiver\",\"breadcrumb\":{\"@id\":\"https:\\\/\\\/www.etrix.ch\\\/fr\\\/produit\\\/pneu-avant-arriere-silence-s02-pneu-avant-silence-s02b-heidneau\\\/#breadcrumb\"},\"inLanguage\":\"fr-FR\",\"potentialAction\":[{\"@type\":\"ReadAction\",\"target\":[\"https:\\\/\\\/www.etrix.ch\\\/fr\\\/produit\\\/pneu-avant-arriere-silence-s02-pneu-avant-silence-s02b-heidneau\\\/\"]}]},{\"@type\":\"ImageObject\",\"inLanguage\":\"fr-FR\",\"@id\":\"https:\\\/\\\/www.etrix.ch\\\/fr\\\/produit\\\/pneu-avant-arriere-silence-s02-pneu-avant-silence-s02b-heidneau\\\/#primaryimage\",\"url\":\"https:\\\/\\\/www.etrix.ch\\\/media\\\/2021\\\/05\\\/pneu-heidnau.jpg\",\"contentUrl\":\"https:\\\/\\\/www.etrix.ch\\\/media\\\/2021\\\/05\\\/pneu-heidnau.jpg\",\"width\":949,\"height\":948,\"caption\":\"Pneu Heidenau Ecooter Scooter \u00e9lectrique\"},{\"@type\":\"BreadcrumbList\",\"@id\":\"https:\\\/\\\/www.etrix.ch\\\/fr\\\/produit\\\/pneu-avant-arriere-silence-s02-pneu-avant-silence-s02b-heidneau\\\/#breadcrumb\",\"itemListElement\":[{\"@type\":\"ListItem\",\"position\":1,\"name\":\"Accueil\",\"item\":\"https:\\\/\\\/www.etrix.ch\\\/fr\\\/page-daccueil\\\/\"},{\"@type\":\"ListItem\",\"position\":2,\"name\":\"Boutique\",\"item\":\"https:\\\/\\\/www.etrix.ch\\\/fr\\\/boutique\\\/\"},{\"@type\":\"ListItem\",\"position\":3,\"name\":\"Pneu avant\\\/arri\u00e8re \u2013 Silence S02 \\\/ Pneu avant \u2013 Silence S02B (Heidenau)\"}]},{\"@type\":\"WebSite\",\"@id\":\"https:\\\/\\\/www.etrix.ch\\\/fr\\\/#website\",\"url\":\"https:\\\/\\\/www.etrix.ch\\\/fr\\\/\",\"name\":\"ETRIX Elektroroller\",\"description\":\"E-Motos\",\"publisher\":{\"@id\":\"https:\\\/\\\/www.etrix.ch\\\/fr\\\/#organization\"},\"potentialAction\":[{\"@type\":\"SearchAction\",\"target\":{\"@type\":\"EntryPoint\",\"urlTemplate\":\"https:\\\/\\\/www.etrix.ch\\\/fr\\\/?s={search_term_string}\"},\"query-input\":{\"@type\":\"PropertyValueSpecification\",\"valueRequired\":true,\"valueName\":\"search_term_string\"}}],\"inLanguage\":\"fr-FR\"},{\"@type\":[\"Organization\",\"Place\",\"MotorcycleDealer\"],\"@id\":\"https:\\\/\\\/www.etrix.ch\\\/fr\\\/#organization\",\"name\":\"ETRIX E-Motos\",\"url\":\"https:\\\/\\\/www.etrix.ch\\\/fr\\\/\",\"logo\":{\"@id\":\"https:\\\/\\\/www.etrix.ch\\\/fr\\\/produit\\\/pneu-avant-arriere-silence-s02-pneu-avant-silence-s02b-heidneau\\\/#local-main-organization-logo\"},\"image\":{\"@id\":\"https:\\\/\\\/www.etrix.ch\\\/fr\\\/produit\\\/pneu-avant-arriere-silence-s02-pneu-avant-silence-s02b-heidneau\\\/#local-main-organization-logo\"},\"sameAs\":[\"https:\\\/\\\/m.facebook.com\\\/etrix.emotos\\\/\",\"https:\\\/\\\/x.com\\\/etrixag\",\"https:\\\/\\\/www.instagram.com\\\/etrix_emotos\\\/p\\\/BtVW6bXHtNv\\\/\",\"https:\\\/\\\/www.linkedin.com\\\/company\\\/etrix-ag\",\"https:\\\/\\\/www.youtube.com\\\/channel\\\/UCSd-hJdu5u8xPUEY60jexOw\"],\"address\":{\"@id\":\"https:\\\/\\\/www.etrix.ch\\\/fr\\\/produit\\\/pneu-avant-arriere-silence-s02-pneu-avant-silence-s02b-heidneau\\\/#local-main-place-address\"},\"geo\":{\"@type\":\"GeoCoordinates\",\"latitude\":\"47.43839497999372\",\"longitude\":\"8.465227605227366\"},\"telephone\":[\"043 931 00 45\"],\"openingHoursSpecification\":[{\"@type\":\"OpeningHoursSpecification\",\"dayOfWeek\":[\"Monday\",\"Sunday\"],\"opens\":\"00:00\",\"closes\":\"00:00\"},{\"@type\":\"OpeningHoursSpecification\",\"dayOfWeek\":[\"Tuesday\",\"Wednesday\",\"Thursday\",\"Friday\"],\"opens\":\"10:00\",\"closes\":\"18:00\"},{\"@type\":\"OpeningHoursSpecification\",\"dayOfWeek\":[\"Saturday\"],\"opens\":\"10:00\",\"closes\":\"15:00\"}]},{\"@type\":\"PostalAddress\",\"@id\":\"https:\\\/\\\/www.etrix.ch\\\/fr\\\/produit\\\/pneu-avant-arriere-silence-s02-pneu-avant-silence-s02b-heidneau\\\/#local-main-place-address\",\"streetAddress\":\"Riedthofstrasse 122\",\"addressLocality\":\"Regensdorf\",\"postalCode\":\"8105\",\"addressRegion\":\"Z\u00fcrich\",\"addressCountry\":\"CH\"},{\"@type\":\"ImageObject\",\"inLanguage\":\"fr-FR\",\"@id\":\"https:\\\/\\\/www.etrix.ch\\\/fr\\\/produit\\\/pneu-avant-arriere-silence-s02-pneu-avant-silence-s02b-heidneau\\\/#local-main-organization-logo\",\"url\":\"https:\\\/\\\/www.etrix.ch\\\/media\\\/2021\\\/05\\\/ETRIX-logo.png\",\"contentUrl\":\"https:\\\/\\\/www.etrix.ch\\\/media\\\/2021\\\/05\\\/ETRIX-logo.png\",\"width\":470,\"height\":85,\"caption\":\"ETRIX E-Motos\"}]}<\/script>\n<meta property=\"product:brand\" content=\"Heidenau\" \/>\n<meta property=\"product:price:amount\" content=\"107.00\" \/>\n<meta property=\"product:price:currency\" content=\"CHF\" \/>\n<meta property=\"og:availability\" content=\"backorder\" \/>\n<meta property=\"product:availability\" content=\"available for order\" \/>\n<meta property=\"product:retailer_item_id\" content=\"CO500246\" \/>\n<meta property=\"product:condition\" content=\"new\" \/>\n<meta name=\"geo.placename\" content=\"Regensdorf\" \/>\n<meta name=\"geo.position\" content=\"47.43839497999372;8.465227605227366\" \/>\n<meta name=\"geo.region\" content=\"Suisse\" \/>\n<!-- \/ Yoast SEO Premium plugin. -->","yoast_head_json":{"title":"Pneu avant\/arri\u00e8re \u2013 Silence S02 \/ Pneu avant \u2013 Silence S02B (Heidenau) - ETRIX Elektroroller s\u00e9curit\u00e9 hiver","description":"Le pneu d'hiver Heidenau, convient aux gros scooters. Ce pneu est moul\u00e9 \u00e0 partir d'un m\u00e9lange de caoutchouc souple & parfait pour l'hiver","robots":{"index":"index","follow":"follow","max-snippet":"max-snippet:-1","max-image-preview":"max-image-preview:large","max-video-preview":"max-video-preview:-1"},"canonical":"https:\/\/www.etrix.ch\/fr\/produit\/pneu-avant-arriere-silence-s02-pneu-avant-silence-s02b-heidneau\/","og_locale":"fr_FR","og_type":"article","og_title":"Pneu avant\/arri\u00e8re \u2013 Silence S02 \/ Pneu avant \u2013 Silence S02B (Heidenau)","og_description":"Le pneu d'hiver Heidenau, convient aux gros scooters. Ce pneu est moul\u00e9 \u00e0 partir d'un m\u00e9lange de caoutchouc souple & parfait pour l'hiver","og_url":"https:\/\/www.etrix.ch\/fr\/produit\/pneu-avant-arriere-silence-s02-pneu-avant-silence-s02b-heidneau\/","og_site_name":"ETRIX Elektroroller","article_publisher":"https:\/\/m.facebook.com\/etrix.emotos\/","article_modified_time":"2024-08-29T08:56:16+00:00","og_image":[{"width":949,"height":948,"url":"https:\/\/www.etrix.ch\/media\/2021\/05\/pneu-heidnau.jpg","type":"image\/jpeg"}],"twitter_card":"summary_large_image","twitter_site":"@etrixag","twitter_misc":{"Prix":"&#67;&#72;&#70;&nbsp;107.00 inkl. MwSt.","Disponibilit\u00e9":"En r\u00e9assort"},"schema":{"@context":"https:\/\/schema.org","@graph":[{"@type":"WebPage","@id":"https:\/\/www.etrix.ch\/fr\/produit\/pneu-avant-arriere-silence-s02-pneu-avant-silence-s02b-heidneau\/","url":"https:\/\/www.etrix.ch\/fr\/produit\/pneu-avant-arriere-silence-s02-pneu-avant-silence-s02b-heidneau\/","name":"Pneu avant\/arri\u00e8re \u2013 Silence S02 \/ Pneu avant \u2013 Silence S02B (Heidenau) - ETRIX Elektroroller s\u00e9curit\u00e9 hiver","isPartOf":{"@id":"https:\/\/www.etrix.ch\/fr\/#website"},"primaryImageOfPage":{"@id":"https:\/\/www.etrix.ch\/fr\/produit\/pneu-avant-arriere-silence-s02-pneu-avant-silence-s02b-heidneau\/#primaryimage"},"image":{"@id":"https:\/\/www.etrix.ch\/fr\/produit\/pneu-avant-arriere-silence-s02-pneu-avant-silence-s02b-heidneau\/#primaryimage"},"thumbnailUrl":"https:\/\/www.etrix.ch\/media\/2021\/05\/pneu-heidnau.jpg","datePublished":"2024-08-06T20:56:15+00:00","dateModified":"2024-08-29T08:56:16+00:00","description":"Le pneu d'hiver Heidenau, convient aux gros scooters. Ce pneu est moul\u00e9 \u00e0 partir d'un m\u00e9lange de caoutchouc souple & parfait pour l'hiver","breadcrumb":{"@id":"https:\/\/www.etrix.ch\/fr\/produit\/pneu-avant-arriere-silence-s02-pneu-avant-silence-s02b-heidneau\/#breadcrumb"},"inLanguage":"fr-FR","potentialAction":[{"@type":"ReadAction","target":["https:\/\/www.etrix.ch\/fr\/produit\/pneu-avant-arriere-silence-s02-pneu-avant-silence-s02b-heidneau\/"]}]},{"@type":"ImageObject","inLanguage":"fr-FR","@id":"https:\/\/www.etrix.ch\/fr\/produit\/pneu-avant-arriere-silence-s02-pneu-avant-silence-s02b-heidneau\/#primaryimage","url":"https:\/\/www.etrix.ch\/media\/2021\/05\/pneu-heidnau.jpg","contentUrl":"https:\/\/www.etrix.ch\/media\/2021\/05\/pneu-heidnau.jpg","width":949,"height":948,"caption":"Pneu Heidenau Ecooter Scooter \u00e9lectrique"},{"@type":"BreadcrumbList","@id":"https:\/\/www.etrix.ch\/fr\/produit\/pneu-avant-arriere-silence-s02-pneu-avant-silence-s02b-heidneau\/#breadcrumb","itemListElement":[{"@type":"ListItem","position":1,"name":"Accueil","item":"https:\/\/www.etrix.ch\/fr\/page-daccueil\/"},{"@type":"ListItem","position":2,"name":"Boutique","item":"https:\/\/www.etrix.ch\/fr\/boutique\/"},{"@type":"ListItem","position":3,"name":"Pneu avant\/arri\u00e8re \u2013 Silence S02 \/ Pneu avant \u2013 Silence S02B (Heidenau)"}]},{"@type":"WebSite","@id":"https:\/\/www.etrix.ch\/fr\/#website","url":"https:\/\/www.etrix.ch\/fr\/","name":"ETRIX Elektroroller","description":"E-Motos","publisher":{"@id":"https:\/\/www.etrix.ch\/fr\/#organization"},"potentialAction":[{"@type":"SearchAction","target":{"@type":"EntryPoint","urlTemplate":"https:\/\/www.etrix.ch\/fr\/?s={search_term_string}"},"query-input":{"@type":"PropertyValueSpecification","valueRequired":true,"valueName":"search_term_string"}}],"inLanguage":"fr-FR"},{"@type":["Organization","Place","MotorcycleDealer"],"@id":"https:\/\/www.etrix.ch\/fr\/#organization","name":"ETRIX E-Motos","url":"https:\/\/www.etrix.ch\/fr\/","logo":{"@id":"https:\/\/www.etrix.ch\/fr\/produit\/pneu-avant-arriere-silence-s02-pneu-avant-silence-s02b-heidneau\/#local-main-organization-logo"},"image":{"@id":"https:\/\/www.etrix.ch\/fr\/produit\/pneu-avant-arriere-silence-s02-pneu-avant-silence-s02b-heidneau\/#local-main-organization-logo"},"sameAs":["https:\/\/m.facebook.com\/etrix.emotos\/","https:\/\/x.com\/etrixag","https:\/\/www.instagram.com\/etrix_emotos\/p\/BtVW6bXHtNv\/","https:\/\/www.linkedin.com\/company\/etrix-ag","https:\/\/www.youtube.com\/channel\/UCSd-hJdu5u8xPUEY60jexOw"],"address":{"@id":"https:\/\/www.etrix.ch\/fr\/produit\/pneu-avant-arriere-silence-s02-pneu-avant-silence-s02b-heidneau\/#local-main-place-address"},"geo":{"@type":"GeoCoordinates","latitude":"47.43839497999372","longitude":"8.465227605227366"},"telephone":["043 931 00 45"],"openingHoursSpecification":[{"@type":"OpeningHoursSpecification","dayOfWeek":["Monday","Sunday"],"opens":"00:00","closes":"00:00"},{"@type":"OpeningHoursSpecification","dayOfWeek":["Tuesday","Wednesday","Thursday","Friday"],"opens":"10:00","closes":"18:00"},{"@type":"OpeningHoursSpecification","dayOfWeek":["Saturday"],"opens":"10:00","closes":"15:00"}]},{"@type":"PostalAddress","@id":"https:\/\/www.etrix.ch\/fr\/produit\/pneu-avant-arriere-silence-s02-pneu-avant-silence-s02b-heidneau\/#local-main-place-address","streetAddress":"Riedthofstrasse 122","addressLocality":"Regensdorf","postalCode":"8105","addressRegion":"Z\u00fcrich","addressCountry":"CH"},{"@type":"ImageObject","inLanguage":"fr-FR","@id":"https:\/\/www.etrix.ch\/fr\/produit\/pneu-avant-arriere-silence-s02-pneu-avant-silence-s02b-heidneau\/#local-main-organization-logo","url":"https:\/\/www.etrix.ch\/media\/2021\/05\/ETRIX-logo.png","contentUrl":"https:\/\/www.etrix.ch\/media\/2021\/05\/ETRIX-logo.png","width":470,"height":85,"caption":"ETRIX E-Motos"}]},"product_brand":"Heidenau","product_price_amount":"107.00","product_price_currency":"CHF","og_availability":"backorder","product_availability":"available for order","product_retailer_item_id":"CO500246","product_condition":"new","geo.placename":"Regensdorf","geo.position":{"lat":"47.43839497999372","long":"8.465227605227366"},"geo.region":"Suisse"},"_links":{"self":[{"href":"https:\/\/www.etrix.ch\/fr\/wp-json\/wp\/v2\/product\/10222","targetHints":{"allow":["GET"]}}],"collection":[{"href":"https:\/\/www.etrix.ch\/fr\/wp-json\/wp\/v2\/product"}],"about":[{"href":"https:\/\/www.etrix.ch\/fr\/wp-json\/wp\/v2\/types\/product"}],"wp:featuredmedia":[{"embeddable":true,"href":"https:\/\/www.etrix.ch\/fr\/wp-json\/wp\/v2\/media\/6560"}],"wp:attachment":[{"href":"https:\/\/www.etrix.ch\/fr\/wp-json\/wp\/v2\/media?parent=10222"}],"wp:term":[{"taxonomy":"product_brand","embeddable":true,"href":"https:\/\/www.etrix.ch\/fr\/wp-json\/wp\/v2\/product_brand?post=10222"},{"taxonomy":"product_cat","embeddable":true,"href":"https:\/\/www.etrix.ch\/fr\/wp-json\/wp\/v2\/product_cat?post=10222"},{"taxonomy":"product_tag","embeddable":true,"href":"https:\/\/www.etrix.ch\/fr\/wp-json\/wp\/v2\/product_tag?post=10222"}],"curies":[{"name":"wp","href":"https:\/\/api.w.org\/{rel}","templated":true}]}}