{"id":10204,"date":"2020-04-21T15:47:02","date_gmt":"2020-04-21T13:47:02","guid":{"rendered":"https:\/\/www.etrix.ch\/masques-hygieniques-3-couches-masques-de-protection-1000-pieces-chf-0-56-piece-hors-tva\/"},"modified":"2023-05-22T12:20:45","modified_gmt":"2023-05-22T10:20:45","slug":"masques-dhygiene-masques-de-protection-a-3-couches","status":"publish","type":"product","link":"https:\/\/www.etrix.ch\/fr\/produit\/masques-dhygiene-masques-de-protection-a-3-couches\/","title":{"rendered":"Masques hygi\u00e9niques, 3 couches, Masques de protection (1000 pi\u00e8ces - CHF 0.56\/pi\u00e8ce hors TVA)"},"content":{"rendered":"<p>C&rsquo;est un masque l\u00e9ger qui peut \u00eatre utilis\u00e9 pour prot\u00e9ger le visage. Elle est tr\u00e8s confortable \u00e0 porter. La zone \u00e0 3 couches peut \u00eatre facilement bomb\u00e9e, ce qui laisse plus de place pour le nez et le menton. Ce masque d&rsquo;hygi\u00e8ne est rectangulaire. Elle se fixe derri\u00e8re les oreilles \u00e0 l&rsquo;aide d&rsquo;\u00e9lastiques. environ 175 x 95 mm<br \/>\nIndications d\u00e9taill\u00e9es :<\/p>\n<ul>\n<li>\u00c0 usage unique (Disposable)<\/li>\n<li>Une protection simple contre la poussi\u00e8re, les gouttelettes et le pollen<\/li>\n<li>Filtration efficace en 3 couches<\/li>\n<li>Agr\u00e9able \u00e0 porter, sans odeur<\/li>\n<li>Selon EN149:2001+A1:2009<\/li>\n<li>Marquage CE<\/li>\n<\/ul>\n","protected":false},"excerpt":{"rendered":"<p>C&rsquo;est un masque l\u00e9ger qui peut \u00eatre utilis\u00e9 pour prot\u00e9ger le visage. Elle est tr\u00e8s confortable \u00e0 porter.<\/p>\n","protected":false},"featured_media":6540,"template":"","meta":{"_acf_changed":false},"product_brand":[],"product_cat":[369],"product_tag":[],"class_list":{"0":"post-10204","1":"product","2":"type-product","3":"status-publish","4":"has-post-thumbnail","6":"product_cat-non-classifiee","7":"sales-flash-overlay","8":"woocommerce-text-align-left","9":"woocommerce-image-align-center","10":"do-quantity-buttons","11":"wc-has-gallery","13":"first","14":"outofstock","15":"taxable","16":"shipping-taxable","17":"purchasable","18":"product-type-simple"},"acf":[],"yoast_head":"<!-- This site is optimized with the Yoast SEO Premium plugin v26.9 (Yoast SEO v27.4) - https:\/\/yoast.com\/product\/yoast-seo-premium-wordpress\/ -->\n<title>Masques hygi\u00e9niques, 3 couches, Masques de protection (1000 pi\u00e8ces - CHF 0.56\/pi\u00e8ce hors TVA) - ETRIX Elektroroller<\/title>\n<meta name=\"description\" content=\"Masques hygi\u00e9niques \u2713 Jetables \u2713 Protection contre la poussi\u00e8re, les gouttelettes et le pollen \u2713 Filtrage \u00e0 3 couches \u2713 Confortable \u00e0 porter \u2713 Inodore\" \/>\n<meta name=\"robots\" content=\"index, follow, max-snippet:-1, max-image-preview:large, max-video-preview:-1\" \/>\n<link rel=\"canonical\" href=\"https:\/\/www.etrix.ch\/fr\/produit\/masques-dhygiene-masques-de-protection-a-3-couches\/\" \/>\n<meta property=\"og:locale\" content=\"fr_FR\" \/>\n<meta property=\"og:type\" content=\"article\" \/>\n<meta property=\"og:title\" content=\"Masques hygi\u00e9niques, 3 couches, Masques de protection (1000 pi\u00e8ces - CHF 0.56\/pi\u00e8ce hors TVA)\" \/>\n<meta property=\"og:description\" content=\"Masques hygi\u00e9niques \u2713 Jetables \u2713 Protection contre la poussi\u00e8re, les gouttelettes et le pollen \u2713 Filtrage \u00e0 3 couches \u2713 Confortable \u00e0 porter \u2713 Inodore\" \/>\n<meta property=\"og:url\" content=\"https:\/\/www.etrix.ch\/fr\/produit\/masques-dhygiene-masques-de-protection-a-3-couches\/\" \/>\n<meta property=\"og:site_name\" content=\"ETRIX Elektroroller\" \/>\n<meta property=\"article:publisher\" content=\"https:\/\/m.facebook.com\/etrix.emotos\/\" \/>\n<meta property=\"article:modified_time\" content=\"2023-05-22T10:20:45+00:00\" \/>\n<meta property=\"og:image\" content=\"https:\/\/www.etrix.ch\/media\/2021\/05\/BildHygienemaske50erPackung_c4501d90-92a8-4405-9877-dc5a2ceadbb5_1400x.jpg\" \/>\n\t<meta property=\"og:image:width\" content=\"726\" \/>\n\t<meta property=\"og:image:height\" content=\"732\" \/>\n\t<meta property=\"og:image:type\" content=\"image\/jpeg\" \/>\n<meta name=\"twitter:card\" content=\"summary_large_image\" \/>\n<meta name=\"twitter:site\" content=\"@etrixag\" \/>\n<meta name=\"twitter:label1\" content=\"Prix\" \/>\n\t<meta name=\"twitter:data1\" content=\"&#067;&#072;&#070;&nbsp;600.00 inkl. MwSt.\" \/>\n\t<meta name=\"twitter:label2\" content=\"Disponibilit\u00e9\" \/>\n\t<meta name=\"twitter:data2\" content=\"Rupture de stock\" \/>\n<script type=\"application\/ld+json\" class=\"yoast-schema-graph\">{\"@context\":\"https:\\\/\\\/schema.org\",\"@graph\":[{\"@type\":\"WebPage\",\"@id\":\"https:\\\/\\\/www.etrix.ch\\\/fr\\\/produit\\\/masques-dhygiene-masques-de-protection-a-3-couches\\\/\",\"url\":\"https:\\\/\\\/www.etrix.ch\\\/fr\\\/produit\\\/masques-dhygiene-masques-de-protection-a-3-couches\\\/\",\"name\":\"Masques hygi\u00e9niques, 3 couches, Masques de protection (1000 pi\u00e8ces - CHF 0.56\\\/pi\u00e8ce hors TVA) - ETRIX Elektroroller\",\"isPartOf\":{\"@id\":\"https:\\\/\\\/www.etrix.ch\\\/fr\\\/#website\"},\"primaryImageOfPage\":{\"@id\":\"https:\\\/\\\/www.etrix.ch\\\/fr\\\/produit\\\/masques-dhygiene-masques-de-protection-a-3-couches\\\/#primaryimage\"},\"image\":{\"@id\":\"https:\\\/\\\/www.etrix.ch\\\/fr\\\/produit\\\/masques-dhygiene-masques-de-protection-a-3-couches\\\/#primaryimage\"},\"thumbnailUrl\":\"https:\\\/\\\/www.etrix.ch\\\/media\\\/2021\\\/05\\\/BildHygienemaske50erPackung_c4501d90-92a8-4405-9877-dc5a2ceadbb5_1400x.jpg\",\"datePublished\":\"2020-04-21T13:47:02+00:00\",\"dateModified\":\"2023-05-22T10:20:45+00:00\",\"description\":\"Masques hygi\u00e9niques \u2713 Jetables \u2713 Protection contre la poussi\u00e8re, les gouttelettes et le pollen \u2713 Filtrage \u00e0 3 couches \u2713 Confortable \u00e0 porter \u2713 Inodore\",\"breadcrumb\":{\"@id\":\"https:\\\/\\\/www.etrix.ch\\\/fr\\\/produit\\\/masques-dhygiene-masques-de-protection-a-3-couches\\\/#breadcrumb\"},\"inLanguage\":\"fr-FR\",\"potentialAction\":[{\"@type\":\"ReadAction\",\"target\":[\"https:\\\/\\\/www.etrix.ch\\\/fr\\\/produit\\\/masques-dhygiene-masques-de-protection-a-3-couches\\\/\"]}]},{\"@type\":\"ImageObject\",\"inLanguage\":\"fr-FR\",\"@id\":\"https:\\\/\\\/www.etrix.ch\\\/fr\\\/produit\\\/masques-dhygiene-masques-de-protection-a-3-couches\\\/#primaryimage\",\"url\":\"https:\\\/\\\/www.etrix.ch\\\/media\\\/2021\\\/05\\\/BildHygienemaske50erPackung_c4501d90-92a8-4405-9877-dc5a2ceadbb5_1400x.jpg\",\"contentUrl\":\"https:\\\/\\\/www.etrix.ch\\\/media\\\/2021\\\/05\\\/BildHygienemaske50erPackung_c4501d90-92a8-4405-9877-dc5a2ceadbb5_1400x.jpg\",\"width\":726,\"height\":732,\"caption\":\"ImageMasque d'hygi\u00e8ne50erPack C4501d90 92a8 4405 9877 Dc5a2ceadbb5 1400x\"},{\"@type\":\"BreadcrumbList\",\"@id\":\"https:\\\/\\\/www.etrix.ch\\\/fr\\\/produit\\\/masques-dhygiene-masques-de-protection-a-3-couches\\\/#breadcrumb\",\"itemListElement\":[{\"@type\":\"ListItem\",\"position\":1,\"name\":\"Accueil\",\"item\":\"https:\\\/\\\/www.etrix.ch\\\/fr\\\/page-daccueil\\\/\"},{\"@type\":\"ListItem\",\"position\":2,\"name\":\"Boutique\",\"item\":\"https:\\\/\\\/www.etrix.ch\\\/fr\\\/boutique\\\/\"},{\"@type\":\"ListItem\",\"position\":3,\"name\":\"Masques hygi\u00e9niques, 3 couches, Masques de protection (1000 pi\u00e8ces &#8211; CHF 0.56\\\/pi\u00e8ce hors TVA)\"}]},{\"@type\":\"WebSite\",\"@id\":\"https:\\\/\\\/www.etrix.ch\\\/fr\\\/#website\",\"url\":\"https:\\\/\\\/www.etrix.ch\\\/fr\\\/\",\"name\":\"ETRIX Elektroroller\",\"description\":\"E-Motos\",\"publisher\":{\"@id\":\"https:\\\/\\\/www.etrix.ch\\\/fr\\\/#organization\"},\"potentialAction\":[{\"@type\":\"SearchAction\",\"target\":{\"@type\":\"EntryPoint\",\"urlTemplate\":\"https:\\\/\\\/www.etrix.ch\\\/fr\\\/?s={search_term_string}\"},\"query-input\":{\"@type\":\"PropertyValueSpecification\",\"valueRequired\":true,\"valueName\":\"search_term_string\"}}],\"inLanguage\":\"fr-FR\"},{\"@type\":[\"Organization\",\"Place\",\"MotorcycleDealer\"],\"@id\":\"https:\\\/\\\/www.etrix.ch\\\/fr\\\/#organization\",\"name\":\"ETRIX E-Motos\",\"url\":\"https:\\\/\\\/www.etrix.ch\\\/fr\\\/\",\"logo\":{\"@id\":\"https:\\\/\\\/www.etrix.ch\\\/fr\\\/produit\\\/masques-dhygiene-masques-de-protection-a-3-couches\\\/#local-main-organization-logo\"},\"image\":{\"@id\":\"https:\\\/\\\/www.etrix.ch\\\/fr\\\/produit\\\/masques-dhygiene-masques-de-protection-a-3-couches\\\/#local-main-organization-logo\"},\"sameAs\":[\"https:\\\/\\\/m.facebook.com\\\/etrix.emotos\\\/\",\"https:\\\/\\\/x.com\\\/etrixag\",\"https:\\\/\\\/www.instagram.com\\\/etrix_emotos\\\/p\\\/BtVW6bXHtNv\\\/\",\"https:\\\/\\\/www.linkedin.com\\\/company\\\/etrix-ag\",\"https:\\\/\\\/www.youtube.com\\\/channel\\\/UCSd-hJdu5u8xPUEY60jexOw\"],\"address\":{\"@id\":\"https:\\\/\\\/www.etrix.ch\\\/fr\\\/produit\\\/masques-dhygiene-masques-de-protection-a-3-couches\\\/#local-main-place-address\"},\"geo\":{\"@type\":\"GeoCoordinates\",\"latitude\":\"47.43839497999372\",\"longitude\":\"8.465227605227366\"},\"telephone\":[\"043 931 00 45\"],\"openingHoursSpecification\":[{\"@type\":\"OpeningHoursSpecification\",\"dayOfWeek\":[\"Monday\",\"Sunday\"],\"opens\":\"00:00\",\"closes\":\"00:00\"},{\"@type\":\"OpeningHoursSpecification\",\"dayOfWeek\":[\"Tuesday\",\"Wednesday\",\"Thursday\",\"Friday\"],\"opens\":\"10:00\",\"closes\":\"18:00\"},{\"@type\":\"OpeningHoursSpecification\",\"dayOfWeek\":[\"Saturday\"],\"opens\":\"10:00\",\"closes\":\"15:00\"}]},{\"@type\":\"PostalAddress\",\"@id\":\"https:\\\/\\\/www.etrix.ch\\\/fr\\\/produit\\\/masques-dhygiene-masques-de-protection-a-3-couches\\\/#local-main-place-address\",\"streetAddress\":\"Riedthofstrasse 122\",\"addressLocality\":\"Regensdorf\",\"postalCode\":\"8105\",\"addressRegion\":\"Z\u00fcrich\",\"addressCountry\":\"CH\"},{\"@type\":\"ImageObject\",\"inLanguage\":\"fr-FR\",\"@id\":\"https:\\\/\\\/www.etrix.ch\\\/fr\\\/produit\\\/masques-dhygiene-masques-de-protection-a-3-couches\\\/#local-main-organization-logo\",\"url\":\"https:\\\/\\\/www.etrix.ch\\\/media\\\/2021\\\/05\\\/ETRIX-logo.png\",\"contentUrl\":\"https:\\\/\\\/www.etrix.ch\\\/media\\\/2021\\\/05\\\/ETRIX-logo.png\",\"width\":470,\"height\":85,\"caption\":\"ETRIX E-Motos\"}]}<\/script>\n<meta property=\"product:price:amount\" content=\"600.00\" \/>\n<meta property=\"product:price:currency\" content=\"CHF\" \/>\n<meta property=\"og:availability\" content=\"out of stock\" \/>\n<meta property=\"product:availability\" content=\"out of stock\" \/>\n<meta property=\"product:retailer_item_id\" content=\"AC600244\" \/>\n<meta property=\"product:condition\" content=\"new\" \/>\n<meta name=\"geo.placename\" content=\"Regensdorf\" \/>\n<meta name=\"geo.position\" content=\"47.43839497999372;8.465227605227366\" \/>\n<meta name=\"geo.region\" content=\"Suisse\" \/>\n<!-- \/ Yoast SEO Premium plugin. -->","yoast_head_json":{"title":"Masques hygi\u00e9niques, 3 couches, Masques de protection (1000 pi\u00e8ces - CHF 0.56\/pi\u00e8ce hors TVA) - ETRIX Elektroroller","description":"Masques hygi\u00e9niques \u2713 Jetables \u2713 Protection contre la poussi\u00e8re, les gouttelettes et le pollen \u2713 Filtrage \u00e0 3 couches \u2713 Confortable \u00e0 porter \u2713 Inodore","robots":{"index":"index","follow":"follow","max-snippet":"max-snippet:-1","max-image-preview":"max-image-preview:large","max-video-preview":"max-video-preview:-1"},"canonical":"https:\/\/www.etrix.ch\/fr\/produit\/masques-dhygiene-masques-de-protection-a-3-couches\/","og_locale":"fr_FR","og_type":"article","og_title":"Masques hygi\u00e9niques, 3 couches, Masques de protection (1000 pi\u00e8ces - CHF 0.56\/pi\u00e8ce hors TVA)","og_description":"Masques hygi\u00e9niques \u2713 Jetables \u2713 Protection contre la poussi\u00e8re, les gouttelettes et le pollen \u2713 Filtrage \u00e0 3 couches \u2713 Confortable \u00e0 porter \u2713 Inodore","og_url":"https:\/\/www.etrix.ch\/fr\/produit\/masques-dhygiene-masques-de-protection-a-3-couches\/","og_site_name":"ETRIX Elektroroller","article_publisher":"https:\/\/m.facebook.com\/etrix.emotos\/","article_modified_time":"2023-05-22T10:20:45+00:00","og_image":[{"width":726,"height":732,"url":"https:\/\/www.etrix.ch\/media\/2021\/05\/BildHygienemaske50erPackung_c4501d90-92a8-4405-9877-dc5a2ceadbb5_1400x.jpg","type":"image\/jpeg"}],"twitter_card":"summary_large_image","twitter_site":"@etrixag","twitter_misc":{"Prix":"&#67;&#72;&#70;&nbsp;600.00 inkl. MwSt.","Disponibilit\u00e9":"Rupture de stock"},"schema":{"@context":"https:\/\/schema.org","@graph":[{"@type":"WebPage","@id":"https:\/\/www.etrix.ch\/fr\/produit\/masques-dhygiene-masques-de-protection-a-3-couches\/","url":"https:\/\/www.etrix.ch\/fr\/produit\/masques-dhygiene-masques-de-protection-a-3-couches\/","name":"Masques hygi\u00e9niques, 3 couches, Masques de protection (1000 pi\u00e8ces - CHF 0.56\/pi\u00e8ce hors TVA) - ETRIX Elektroroller","isPartOf":{"@id":"https:\/\/www.etrix.ch\/fr\/#website"},"primaryImageOfPage":{"@id":"https:\/\/www.etrix.ch\/fr\/produit\/masques-dhygiene-masques-de-protection-a-3-couches\/#primaryimage"},"image":{"@id":"https:\/\/www.etrix.ch\/fr\/produit\/masques-dhygiene-masques-de-protection-a-3-couches\/#primaryimage"},"thumbnailUrl":"https:\/\/www.etrix.ch\/media\/2021\/05\/BildHygienemaske50erPackung_c4501d90-92a8-4405-9877-dc5a2ceadbb5_1400x.jpg","datePublished":"2020-04-21T13:47:02+00:00","dateModified":"2023-05-22T10:20:45+00:00","description":"Masques hygi\u00e9niques \u2713 Jetables \u2713 Protection contre la poussi\u00e8re, les gouttelettes et le pollen \u2713 Filtrage \u00e0 3 couches \u2713 Confortable \u00e0 porter \u2713 Inodore","breadcrumb":{"@id":"https:\/\/www.etrix.ch\/fr\/produit\/masques-dhygiene-masques-de-protection-a-3-couches\/#breadcrumb"},"inLanguage":"fr-FR","potentialAction":[{"@type":"ReadAction","target":["https:\/\/www.etrix.ch\/fr\/produit\/masques-dhygiene-masques-de-protection-a-3-couches\/"]}]},{"@type":"ImageObject","inLanguage":"fr-FR","@id":"https:\/\/www.etrix.ch\/fr\/produit\/masques-dhygiene-masques-de-protection-a-3-couches\/#primaryimage","url":"https:\/\/www.etrix.ch\/media\/2021\/05\/BildHygienemaske50erPackung_c4501d90-92a8-4405-9877-dc5a2ceadbb5_1400x.jpg","contentUrl":"https:\/\/www.etrix.ch\/media\/2021\/05\/BildHygienemaske50erPackung_c4501d90-92a8-4405-9877-dc5a2ceadbb5_1400x.jpg","width":726,"height":732,"caption":"ImageMasque d'hygi\u00e8ne50erPack C4501d90 92a8 4405 9877 Dc5a2ceadbb5 1400x"},{"@type":"BreadcrumbList","@id":"https:\/\/www.etrix.ch\/fr\/produit\/masques-dhygiene-masques-de-protection-a-3-couches\/#breadcrumb","itemListElement":[{"@type":"ListItem","position":1,"name":"Accueil","item":"https:\/\/www.etrix.ch\/fr\/page-daccueil\/"},{"@type":"ListItem","position":2,"name":"Boutique","item":"https:\/\/www.etrix.ch\/fr\/boutique\/"},{"@type":"ListItem","position":3,"name":"Masques hygi\u00e9niques, 3 couches, Masques de protection (1000 pi\u00e8ces &#8211; CHF 0.56\/pi\u00e8ce hors TVA)"}]},{"@type":"WebSite","@id":"https:\/\/www.etrix.ch\/fr\/#website","url":"https:\/\/www.etrix.ch\/fr\/","name":"ETRIX Elektroroller","description":"E-Motos","publisher":{"@id":"https:\/\/www.etrix.ch\/fr\/#organization"},"potentialAction":[{"@type":"SearchAction","target":{"@type":"EntryPoint","urlTemplate":"https:\/\/www.etrix.ch\/fr\/?s={search_term_string}"},"query-input":{"@type":"PropertyValueSpecification","valueRequired":true,"valueName":"search_term_string"}}],"inLanguage":"fr-FR"},{"@type":["Organization","Place","MotorcycleDealer"],"@id":"https:\/\/www.etrix.ch\/fr\/#organization","name":"ETRIX E-Motos","url":"https:\/\/www.etrix.ch\/fr\/","logo":{"@id":"https:\/\/www.etrix.ch\/fr\/produit\/masques-dhygiene-masques-de-protection-a-3-couches\/#local-main-organization-logo"},"image":{"@id":"https:\/\/www.etrix.ch\/fr\/produit\/masques-dhygiene-masques-de-protection-a-3-couches\/#local-main-organization-logo"},"sameAs":["https:\/\/m.facebook.com\/etrix.emotos\/","https:\/\/x.com\/etrixag","https:\/\/www.instagram.com\/etrix_emotos\/p\/BtVW6bXHtNv\/","https:\/\/www.linkedin.com\/company\/etrix-ag","https:\/\/www.youtube.com\/channel\/UCSd-hJdu5u8xPUEY60jexOw"],"address":{"@id":"https:\/\/www.etrix.ch\/fr\/produit\/masques-dhygiene-masques-de-protection-a-3-couches\/#local-main-place-address"},"geo":{"@type":"GeoCoordinates","latitude":"47.43839497999372","longitude":"8.465227605227366"},"telephone":["043 931 00 45"],"openingHoursSpecification":[{"@type":"OpeningHoursSpecification","dayOfWeek":["Monday","Sunday"],"opens":"00:00","closes":"00:00"},{"@type":"OpeningHoursSpecification","dayOfWeek":["Tuesday","Wednesday","Thursday","Friday"],"opens":"10:00","closes":"18:00"},{"@type":"OpeningHoursSpecification","dayOfWeek":["Saturday"],"opens":"10:00","closes":"15:00"}]},{"@type":"PostalAddress","@id":"https:\/\/www.etrix.ch\/fr\/produit\/masques-dhygiene-masques-de-protection-a-3-couches\/#local-main-place-address","streetAddress":"Riedthofstrasse 122","addressLocality":"Regensdorf","postalCode":"8105","addressRegion":"Z\u00fcrich","addressCountry":"CH"},{"@type":"ImageObject","inLanguage":"fr-FR","@id":"https:\/\/www.etrix.ch\/fr\/produit\/masques-dhygiene-masques-de-protection-a-3-couches\/#local-main-organization-logo","url":"https:\/\/www.etrix.ch\/media\/2021\/05\/ETRIX-logo.png","contentUrl":"https:\/\/www.etrix.ch\/media\/2021\/05\/ETRIX-logo.png","width":470,"height":85,"caption":"ETRIX E-Motos"}]},"product_price_amount":"600.00","product_price_currency":"CHF","og_availability":"out of stock","product_availability":"out of stock","product_retailer_item_id":"AC600244","product_condition":"new","geo.placename":"Regensdorf","geo.position":{"lat":"47.43839497999372","long":"8.465227605227366"},"geo.region":"Suisse"},"_links":{"self":[{"href":"https:\/\/www.etrix.ch\/fr\/wp-json\/wp\/v2\/product\/10204","targetHints":{"allow":["GET"]}}],"collection":[{"href":"https:\/\/www.etrix.ch\/fr\/wp-json\/wp\/v2\/product"}],"about":[{"href":"https:\/\/www.etrix.ch\/fr\/wp-json\/wp\/v2\/types\/product"}],"wp:featuredmedia":[{"embeddable":true,"href":"https:\/\/www.etrix.ch\/fr\/wp-json\/wp\/v2\/media\/6540"}],"wp:attachment":[{"href":"https:\/\/www.etrix.ch\/fr\/wp-json\/wp\/v2\/media?parent=10204"}],"wp:term":[{"taxonomy":"product_brand","embeddable":true,"href":"https:\/\/www.etrix.ch\/fr\/wp-json\/wp\/v2\/product_brand?post=10204"},{"taxonomy":"product_cat","embeddable":true,"href":"https:\/\/www.etrix.ch\/fr\/wp-json\/wp\/v2\/product_cat?post=10204"},{"taxonomy":"product_tag","embeddable":true,"href":"https:\/\/www.etrix.ch\/fr\/wp-json\/wp\/v2\/product_tag?post=10204"}],"curies":[{"name":"wp","href":"https:\/\/api.w.org\/{rel}","templated":true}]}}