{"id":10202,"date":"2020-04-02T20:29:08","date_gmt":"2020-04-02T18:29:08","guid":{"rendered":"https:\/\/www.etrix.ch\/enviado-40l-pizzabag-noir\/"},"modified":"2026-02-11T02:53:01","modified_gmt":"2026-02-11T01:53:01","slug":"enviado-40-l-pizzabag-noir","status":"publish","type":"product","link":"https:\/\/www.etrix.ch\/fr\/produit\/enviado-40-l-pizzabag-noir\/","title":{"rendered":"enviado Pizzabag - noir"},"content":{"rendered":"<p data-start=\"138\" data-end=\"187\"><strong>Pizzabag pour les professionnels de la livraison<\/strong><\/p>\n<div class=\"elementToProof\">Ce sac \u00e0 pizza a \u00e9t\u00e9 sp\u00e9cialement con\u00e7u pour les professionnels de la livraison : il garde les plats au chaud de mani\u00e8re fiable, assure un d\u00e9roulement fluide des op\u00e9rations et est suffisamment robuste pour \u00eatre utilis\u00e9 quotidiennement.<\/div>\n<div class=\"elementToProof\">La <strong>fermeture magn\u00e9tique<\/strong> pratique s&rsquo;ouvre et se ferme en un clin d&rsquo;\u0153il et l&rsquo;isolation performante assure une temp\u00e9rature parfaite et \u00e9vacue l&rsquo;exc\u00e8s d&rsquo;humidit\u00e9.<\/div>\n<ul>\n<li>\n<div class=\"elementToProof\"><strong>Dimensions :<\/strong> 44 cm \u00d7 44 cm \u00d7 21 cm<\/div>\n<\/li>\n<li>\n<div class=\"elementToProof\"><strong>Capacit\u00e9 :<\/strong> jusqu&rsquo;\u00e0 5 pizzas<\/div>\n<\/li>\n<li>\n<div class=\"elementToProof\"><strong>Taille max. Taille de la pizza : <\/strong>  \u00d8 44 cm<\/div>\n<\/li>\n<li>\n<div class=\"elementToProof\"><strong>Mat\u00e9riau :<\/strong> textile 900D, \u00e9tag\u00e8re stable<\/div>\n<\/li>\n<li>\n<div class=\"elementToProof\"><strong>Particularit\u00e9 :<\/strong> soupapes de vapeur pour une gestion contr\u00f4l\u00e9e de l&rsquo;humidit\u00e9<\/div>\n<\/li>\n<li>\n<div class=\"elementToProof\"><strong>Approbation :<\/strong> mat\u00e9riaux de qualit\u00e9 alimentaire<\/div>\n<\/li>\n<\/ul>\n","protected":false},"excerpt":{"rendered":"<p>Ce sac de livraison de pizza conserve la chaleur - \u00e9vacue l&rsquo;humidit\u00e9.<\/p>\n","protected":false},"featured_media":38256,"template":"","meta":{"_acf_changed":false},"product_brand":[],"product_cat":[582,644,648,591],"product_tag":[1404],"class_list":{"0":"post-10202","1":"product","2":"type-product","3":"status-publish","4":"has-post-thumbnail","6":"product_cat-accessoires","7":"product_cat-accessoires-de-livraison","8":"product_cat-enviado-accessoires","9":"product_cat-velo-electrique","10":"product_tag-accessoires-de-livraison","11":"pa_marke-enviado-fr","12":"sales-flash-overlay","13":"woocommerce-text-align-left","14":"woocommerce-image-align-center","15":"do-quantity-buttons","16":"wc-has-gallery","18":"first","19":"instock","20":"taxable","21":"shipping-taxable","22":"purchasable","23":"product-type-simple"},"acf":[],"yoast_head":"<!-- This site is optimized with the Yoast SEO Premium plugin v26.9 (Yoast SEO v27.4) - https:\/\/yoast.com\/product\/yoast-seo-premium-wordpress\/ -->\n<title>enviado Pizzabag - noir - ETRIX Elektroroller<\/title>\n<meta name=\"description\" content=\"enviado Pizzabag - noir \u2713 Dimensions : 44 x 44 x 21 cm \u2713 Peut contenir 5 pizzas jusqu&#039;\u00e0 \u00f8 44cm \u2713 Imperm\u00e9able \u00e0 l&#039;eau \u2713 Jets de vapeur int\u00e9gr\u00e9s\" \/>\n<meta name=\"robots\" content=\"index, follow, max-snippet:-1, max-image-preview:large, max-video-preview:-1\" \/>\n<link rel=\"canonical\" href=\"https:\/\/www.etrix.ch\/fr\/produit\/enviado-40-l-pizzabag-noir\/\" \/>\n<meta property=\"og:locale\" content=\"fr_FR\" \/>\n<meta property=\"og:type\" content=\"article\" \/>\n<meta property=\"og:title\" content=\"enviado Pizzabag - noir\" \/>\n<meta property=\"og:description\" content=\"enviado Pizzabag - noir \u2713 Dimensions : 44 x 44 x 21 cm \u2713 Peut contenir 5 pizzas jusqu&#039;\u00e0 \u00f8 44cm \u2713 Imperm\u00e9able \u00e0 l&#039;eau \u2713 Jets de vapeur int\u00e9gr\u00e9s\" \/>\n<meta property=\"og:url\" content=\"https:\/\/www.etrix.ch\/fr\/produit\/enviado-40-l-pizzabag-noir\/\" \/>\n<meta property=\"og:site_name\" content=\"ETRIX Elektroroller\" \/>\n<meta property=\"article:publisher\" content=\"https:\/\/m.facebook.com\/etrix.emotos\/\" \/>\n<meta property=\"article:modified_time\" content=\"2026-02-11T01:53:01+00:00\" \/>\n<meta property=\"og:image\" content=\"https:\/\/www.etrix.ch\/media\/2020\/04\/PizzaBag40LMagnet_01-1.jpg\" \/>\n\t<meta property=\"og:image:width\" content=\"1200\" \/>\n\t<meta property=\"og:image:height\" content=\"1200\" \/>\n\t<meta property=\"og:image:type\" content=\"image\/jpeg\" \/>\n<meta name=\"twitter:card\" content=\"summary_large_image\" \/>\n<meta name=\"twitter:site\" content=\"@etrixag\" \/>\n<meta name=\"twitter:label1\" content=\"Prix\" \/>\n\t<meta name=\"twitter:data1\" content=\"&#067;&#072;&#070;&nbsp;76.00 inkl. MwSt.\" \/>\n\t<meta name=\"twitter:label2\" content=\"Disponibilit\u00e9\" \/>\n\t<meta name=\"twitter:data2\" content=\"En stock\" \/>\n<script type=\"application\/ld+json\" class=\"yoast-schema-graph\">{\"@context\":\"https:\\\/\\\/schema.org\",\"@graph\":[{\"@type\":\"WebPage\",\"@id\":\"https:\\\/\\\/www.etrix.ch\\\/fr\\\/produit\\\/enviado-40-l-pizzabag-noir\\\/\",\"url\":\"https:\\\/\\\/www.etrix.ch\\\/fr\\\/produit\\\/enviado-40-l-pizzabag-noir\\\/\",\"name\":\"enviado Pizzabag - noir - ETRIX Elektroroller\",\"isPartOf\":{\"@id\":\"https:\\\/\\\/www.etrix.ch\\\/fr\\\/#website\"},\"primaryImageOfPage\":{\"@id\":\"https:\\\/\\\/www.etrix.ch\\\/fr\\\/produit\\\/enviado-40-l-pizzabag-noir\\\/#primaryimage\"},\"image\":{\"@id\":\"https:\\\/\\\/www.etrix.ch\\\/fr\\\/produit\\\/enviado-40-l-pizzabag-noir\\\/#primaryimage\"},\"thumbnailUrl\":\"https:\\\/\\\/www.etrix.ch\\\/media\\\/2020\\\/04\\\/PizzaBag40LMagnet_01-1.jpg\",\"datePublished\":\"2020-04-02T18:29:08+00:00\",\"dateModified\":\"2026-02-11T01:53:01+00:00\",\"description\":\"enviado Pizzabag - noir \u2713 Dimensions : 44 x 44 x 21 cm \u2713 Peut contenir 5 pizzas jusqu'\u00e0 \u00f8 44cm \u2713 Imperm\u00e9able \u00e0 l'eau \u2713 Jets de vapeur int\u00e9gr\u00e9s\",\"breadcrumb\":{\"@id\":\"https:\\\/\\\/www.etrix.ch\\\/fr\\\/produit\\\/enviado-40-l-pizzabag-noir\\\/#breadcrumb\"},\"inLanguage\":\"fr-FR\",\"potentialAction\":[{\"@type\":\"ReadAction\",\"target\":[\"https:\\\/\\\/www.etrix.ch\\\/fr\\\/produit\\\/enviado-40-l-pizzabag-noir\\\/\"]}]},{\"@type\":\"ImageObject\",\"inLanguage\":\"fr-FR\",\"@id\":\"https:\\\/\\\/www.etrix.ch\\\/fr\\\/produit\\\/enviado-40-l-pizzabag-noir\\\/#primaryimage\",\"url\":\"https:\\\/\\\/www.etrix.ch\\\/media\\\/2020\\\/04\\\/PizzaBag40LMagnet_01-1.jpg\",\"contentUrl\":\"https:\\\/\\\/www.etrix.ch\\\/media\\\/2020\\\/04\\\/PizzaBag40LMagnet_01-1.jpg\",\"width\":1200,\"height\":1200,\"caption\":\"Aimant Pizzabag\"},{\"@type\":\"BreadcrumbList\",\"@id\":\"https:\\\/\\\/www.etrix.ch\\\/fr\\\/produit\\\/enviado-40-l-pizzabag-noir\\\/#breadcrumb\",\"itemListElement\":[{\"@type\":\"ListItem\",\"position\":1,\"name\":\"Accueil\",\"item\":\"https:\\\/\\\/www.etrix.ch\\\/fr\\\/page-daccueil\\\/\"},{\"@type\":\"ListItem\",\"position\":2,\"name\":\"Boutique\",\"item\":\"https:\\\/\\\/www.etrix.ch\\\/fr\\\/boutique\\\/\"},{\"@type\":\"ListItem\",\"position\":3,\"name\":\"enviado Pizzabag - noir\"}]},{\"@type\":\"WebSite\",\"@id\":\"https:\\\/\\\/www.etrix.ch\\\/fr\\\/#website\",\"url\":\"https:\\\/\\\/www.etrix.ch\\\/fr\\\/\",\"name\":\"ETRIX Elektroroller\",\"description\":\"E-Motos\",\"publisher\":{\"@id\":\"https:\\\/\\\/www.etrix.ch\\\/fr\\\/#organization\"},\"potentialAction\":[{\"@type\":\"SearchAction\",\"target\":{\"@type\":\"EntryPoint\",\"urlTemplate\":\"https:\\\/\\\/www.etrix.ch\\\/fr\\\/?s={search_term_string}\"},\"query-input\":{\"@type\":\"PropertyValueSpecification\",\"valueRequired\":true,\"valueName\":\"search_term_string\"}}],\"inLanguage\":\"fr-FR\"},{\"@type\":[\"Organization\",\"Place\",\"MotorcycleDealer\"],\"@id\":\"https:\\\/\\\/www.etrix.ch\\\/fr\\\/#organization\",\"name\":\"ETRIX E-Motos\",\"url\":\"https:\\\/\\\/www.etrix.ch\\\/fr\\\/\",\"logo\":{\"@id\":\"https:\\\/\\\/www.etrix.ch\\\/fr\\\/produit\\\/enviado-40-l-pizzabag-noir\\\/#local-main-organization-logo\"},\"image\":{\"@id\":\"https:\\\/\\\/www.etrix.ch\\\/fr\\\/produit\\\/enviado-40-l-pizzabag-noir\\\/#local-main-organization-logo\"},\"sameAs\":[\"https:\\\/\\\/m.facebook.com\\\/etrix.emotos\\\/\",\"https:\\\/\\\/x.com\\\/etrixag\",\"https:\\\/\\\/www.instagram.com\\\/etrix_emotos\\\/p\\\/BtVW6bXHtNv\\\/\",\"https:\\\/\\\/www.linkedin.com\\\/company\\\/etrix-ag\",\"https:\\\/\\\/www.youtube.com\\\/channel\\\/UCSd-hJdu5u8xPUEY60jexOw\"],\"address\":{\"@id\":\"https:\\\/\\\/www.etrix.ch\\\/fr\\\/produit\\\/enviado-40-l-pizzabag-noir\\\/#local-main-place-address\"},\"geo\":{\"@type\":\"GeoCoordinates\",\"latitude\":\"47.43839497999372\",\"longitude\":\"8.465227605227366\"},\"telephone\":[\"043 931 00 45\"],\"openingHoursSpecification\":[{\"@type\":\"OpeningHoursSpecification\",\"dayOfWeek\":[\"Monday\",\"Sunday\"],\"opens\":\"00:00\",\"closes\":\"00:00\"},{\"@type\":\"OpeningHoursSpecification\",\"dayOfWeek\":[\"Tuesday\",\"Wednesday\",\"Thursday\",\"Friday\"],\"opens\":\"10:00\",\"closes\":\"18:00\"},{\"@type\":\"OpeningHoursSpecification\",\"dayOfWeek\":[\"Saturday\"],\"opens\":\"10:00\",\"closes\":\"15:00\"}]},{\"@type\":\"PostalAddress\",\"@id\":\"https:\\\/\\\/www.etrix.ch\\\/fr\\\/produit\\\/enviado-40-l-pizzabag-noir\\\/#local-main-place-address\",\"streetAddress\":\"Riedthofstrasse 122\",\"addressLocality\":\"Regensdorf\",\"postalCode\":\"8105\",\"addressRegion\":\"Z\u00fcrich\",\"addressCountry\":\"CH\"},{\"@type\":\"ImageObject\",\"inLanguage\":\"fr-FR\",\"@id\":\"https:\\\/\\\/www.etrix.ch\\\/fr\\\/produit\\\/enviado-40-l-pizzabag-noir\\\/#local-main-organization-logo\",\"url\":\"https:\\\/\\\/www.etrix.ch\\\/media\\\/2021\\\/05\\\/ETRIX-logo.png\",\"contentUrl\":\"https:\\\/\\\/www.etrix.ch\\\/media\\\/2021\\\/05\\\/ETRIX-logo.png\",\"width\":470,\"height\":85,\"caption\":\"ETRIX E-Motos\"}]}<\/script>\n<meta property=\"product:brand\" content=\"Enviado\" \/>\n<meta property=\"product:price:amount\" content=\"76.00\" \/>\n<meta property=\"product:price:currency\" content=\"CHF\" \/>\n<meta property=\"og:availability\" content=\"instock\" \/>\n<meta property=\"product:availability\" content=\"instock\" \/>\n<meta property=\"product:retailer_item_id\" content=\"AC600164\" \/>\n<meta property=\"product:condition\" content=\"new\" \/>\n<meta name=\"geo.placename\" content=\"Regensdorf\" \/>\n<meta name=\"geo.position\" content=\"47.43839497999372;8.465227605227366\" \/>\n<meta name=\"geo.region\" content=\"Suisse\" \/>\n<!-- \/ Yoast SEO Premium plugin. -->","yoast_head_json":{"title":"enviado Pizzabag - noir - ETRIX Elektroroller","description":"enviado Pizzabag - noir \u2713 Dimensions : 44 x 44 x 21 cm \u2713 Peut contenir 5 pizzas jusqu'\u00e0 \u00f8 44cm \u2713 Imperm\u00e9able \u00e0 l'eau \u2713 Jets de vapeur int\u00e9gr\u00e9s","robots":{"index":"index","follow":"follow","max-snippet":"max-snippet:-1","max-image-preview":"max-image-preview:large","max-video-preview":"max-video-preview:-1"},"canonical":"https:\/\/www.etrix.ch\/fr\/produit\/enviado-40-l-pizzabag-noir\/","og_locale":"fr_FR","og_type":"article","og_title":"enviado Pizzabag - noir","og_description":"enviado Pizzabag - noir \u2713 Dimensions : 44 x 44 x 21 cm \u2713 Peut contenir 5 pizzas jusqu'\u00e0 \u00f8 44cm \u2713 Imperm\u00e9able \u00e0 l'eau \u2713 Jets de vapeur int\u00e9gr\u00e9s","og_url":"https:\/\/www.etrix.ch\/fr\/produit\/enviado-40-l-pizzabag-noir\/","og_site_name":"ETRIX Elektroroller","article_publisher":"https:\/\/m.facebook.com\/etrix.emotos\/","article_modified_time":"2026-02-11T01:53:01+00:00","og_image":[{"width":1200,"height":1200,"url":"https:\/\/www.etrix.ch\/media\/2020\/04\/PizzaBag40LMagnet_01-1.jpg","type":"image\/jpeg"}],"twitter_card":"summary_large_image","twitter_site":"@etrixag","twitter_misc":{"Prix":"&#67;&#72;&#70;&nbsp;76.00 inkl. MwSt.","Disponibilit\u00e9":"En stock"},"schema":{"@context":"https:\/\/schema.org","@graph":[{"@type":"WebPage","@id":"https:\/\/www.etrix.ch\/fr\/produit\/enviado-40-l-pizzabag-noir\/","url":"https:\/\/www.etrix.ch\/fr\/produit\/enviado-40-l-pizzabag-noir\/","name":"enviado Pizzabag - noir - ETRIX Elektroroller","isPartOf":{"@id":"https:\/\/www.etrix.ch\/fr\/#website"},"primaryImageOfPage":{"@id":"https:\/\/www.etrix.ch\/fr\/produit\/enviado-40-l-pizzabag-noir\/#primaryimage"},"image":{"@id":"https:\/\/www.etrix.ch\/fr\/produit\/enviado-40-l-pizzabag-noir\/#primaryimage"},"thumbnailUrl":"https:\/\/www.etrix.ch\/media\/2020\/04\/PizzaBag40LMagnet_01-1.jpg","datePublished":"2020-04-02T18:29:08+00:00","dateModified":"2026-02-11T01:53:01+00:00","description":"enviado Pizzabag - noir \u2713 Dimensions : 44 x 44 x 21 cm \u2713 Peut contenir 5 pizzas jusqu'\u00e0 \u00f8 44cm \u2713 Imperm\u00e9able \u00e0 l'eau \u2713 Jets de vapeur int\u00e9gr\u00e9s","breadcrumb":{"@id":"https:\/\/www.etrix.ch\/fr\/produit\/enviado-40-l-pizzabag-noir\/#breadcrumb"},"inLanguage":"fr-FR","potentialAction":[{"@type":"ReadAction","target":["https:\/\/www.etrix.ch\/fr\/produit\/enviado-40-l-pizzabag-noir\/"]}]},{"@type":"ImageObject","inLanguage":"fr-FR","@id":"https:\/\/www.etrix.ch\/fr\/produit\/enviado-40-l-pizzabag-noir\/#primaryimage","url":"https:\/\/www.etrix.ch\/media\/2020\/04\/PizzaBag40LMagnet_01-1.jpg","contentUrl":"https:\/\/www.etrix.ch\/media\/2020\/04\/PizzaBag40LMagnet_01-1.jpg","width":1200,"height":1200,"caption":"Aimant Pizzabag"},{"@type":"BreadcrumbList","@id":"https:\/\/www.etrix.ch\/fr\/produit\/enviado-40-l-pizzabag-noir\/#breadcrumb","itemListElement":[{"@type":"ListItem","position":1,"name":"Accueil","item":"https:\/\/www.etrix.ch\/fr\/page-daccueil\/"},{"@type":"ListItem","position":2,"name":"Boutique","item":"https:\/\/www.etrix.ch\/fr\/boutique\/"},{"@type":"ListItem","position":3,"name":"enviado Pizzabag - noir"}]},{"@type":"WebSite","@id":"https:\/\/www.etrix.ch\/fr\/#website","url":"https:\/\/www.etrix.ch\/fr\/","name":"ETRIX Elektroroller","description":"E-Motos","publisher":{"@id":"https:\/\/www.etrix.ch\/fr\/#organization"},"potentialAction":[{"@type":"SearchAction","target":{"@type":"EntryPoint","urlTemplate":"https:\/\/www.etrix.ch\/fr\/?s={search_term_string}"},"query-input":{"@type":"PropertyValueSpecification","valueRequired":true,"valueName":"search_term_string"}}],"inLanguage":"fr-FR"},{"@type":["Organization","Place","MotorcycleDealer"],"@id":"https:\/\/www.etrix.ch\/fr\/#organization","name":"ETRIX E-Motos","url":"https:\/\/www.etrix.ch\/fr\/","logo":{"@id":"https:\/\/www.etrix.ch\/fr\/produit\/enviado-40-l-pizzabag-noir\/#local-main-organization-logo"},"image":{"@id":"https:\/\/www.etrix.ch\/fr\/produit\/enviado-40-l-pizzabag-noir\/#local-main-organization-logo"},"sameAs":["https:\/\/m.facebook.com\/etrix.emotos\/","https:\/\/x.com\/etrixag","https:\/\/www.instagram.com\/etrix_emotos\/p\/BtVW6bXHtNv\/","https:\/\/www.linkedin.com\/company\/etrix-ag","https:\/\/www.youtube.com\/channel\/UCSd-hJdu5u8xPUEY60jexOw"],"address":{"@id":"https:\/\/www.etrix.ch\/fr\/produit\/enviado-40-l-pizzabag-noir\/#local-main-place-address"},"geo":{"@type":"GeoCoordinates","latitude":"47.43839497999372","longitude":"8.465227605227366"},"telephone":["043 931 00 45"],"openingHoursSpecification":[{"@type":"OpeningHoursSpecification","dayOfWeek":["Monday","Sunday"],"opens":"00:00","closes":"00:00"},{"@type":"OpeningHoursSpecification","dayOfWeek":["Tuesday","Wednesday","Thursday","Friday"],"opens":"10:00","closes":"18:00"},{"@type":"OpeningHoursSpecification","dayOfWeek":["Saturday"],"opens":"10:00","closes":"15:00"}]},{"@type":"PostalAddress","@id":"https:\/\/www.etrix.ch\/fr\/produit\/enviado-40-l-pizzabag-noir\/#local-main-place-address","streetAddress":"Riedthofstrasse 122","addressLocality":"Regensdorf","postalCode":"8105","addressRegion":"Z\u00fcrich","addressCountry":"CH"},{"@type":"ImageObject","inLanguage":"fr-FR","@id":"https:\/\/www.etrix.ch\/fr\/produit\/enviado-40-l-pizzabag-noir\/#local-main-organization-logo","url":"https:\/\/www.etrix.ch\/media\/2021\/05\/ETRIX-logo.png","contentUrl":"https:\/\/www.etrix.ch\/media\/2021\/05\/ETRIX-logo.png","width":470,"height":85,"caption":"ETRIX E-Motos"}]},"product_brand":"Enviado","product_price_amount":"76.00","product_price_currency":"CHF","og_availability":"instock","product_availability":"instock","product_retailer_item_id":"AC600164","product_condition":"new","geo.placename":"Regensdorf","geo.position":{"lat":"47.43839497999372","long":"8.465227605227366"},"geo.region":"Suisse"},"_links":{"self":[{"href":"https:\/\/www.etrix.ch\/fr\/wp-json\/wp\/v2\/product\/10202","targetHints":{"allow":["GET"]}}],"collection":[{"href":"https:\/\/www.etrix.ch\/fr\/wp-json\/wp\/v2\/product"}],"about":[{"href":"https:\/\/www.etrix.ch\/fr\/wp-json\/wp\/v2\/types\/product"}],"wp:featuredmedia":[{"embeddable":true,"href":"https:\/\/www.etrix.ch\/fr\/wp-json\/wp\/v2\/media\/38256"}],"wp:attachment":[{"href":"https:\/\/www.etrix.ch\/fr\/wp-json\/wp\/v2\/media?parent=10202"}],"wp:term":[{"taxonomy":"product_brand","embeddable":true,"href":"https:\/\/www.etrix.ch\/fr\/wp-json\/wp\/v2\/product_brand?post=10202"},{"taxonomy":"product_cat","embeddable":true,"href":"https:\/\/www.etrix.ch\/fr\/wp-json\/wp\/v2\/product_cat?post=10202"},{"taxonomy":"product_tag","embeddable":true,"href":"https:\/\/www.etrix.ch\/fr\/wp-json\/wp\/v2\/product_tag?post=10202"}],"curies":[{"name":"wp","href":"https:\/\/api.w.org\/{rel}","templated":true}]}}