{"id":10165,"date":"2022-03-09T07:46:32","date_gmt":"2022-03-09T06:46:32","guid":{"rendered":"https:\/\/www.etrix.ch\/cable-adaptateur-pour-stations-de-recharge-de-type-2\/"},"modified":"2026-03-01T20:33:07","modified_gmt":"2026-03-01T19:33:07","slug":"cable-adaptateur-pour-stations-de-recharge-de-type-2","status":"publish","type":"product","link":"https:\/\/www.etrix.ch\/fr\/produit\/cable-adaptateur-pour-stations-de-recharge-de-type-2\/","title":{"rendered":"C\u00e2ble adaptateur pour stations de recharge de type 2"},"content":{"rendered":"<p>C\u00e2ble sp\u00e9cial pour recharger les scooters \u00e9lectriques ETRIX sur les stations de recharge avec prise de <strong>type 2<\/strong>.<\/p>\n<p>Ce c\u00e2ble adaptateur de type 2 permet de charger les scooters \u00e9lectriques ETRIX sur une station de recharge \u00e9quip\u00e9e d&rsquo;une prise de type 2.<br \/>\nIl peut s&rsquo;agir d&rsquo;une station de recharge priv\u00e9e pour voiture \u00e9lectrique ou d&rsquo;une station de recharge publique pour voiture \u00e9lectrique.<br \/>\nSi la station de recharge est \u00e9quip\u00e9e d&rsquo;un syst\u00e8me de verrouillage de la prise, la station de recharge peut \u00eatre command\u00e9e \u00e0 l&rsquo;aide du bouton.<\/p>\n<p><strong>D\u00e9marrage<\/strong>: appuyer sur le bouton, brancher la fiche, rel\u00e2cher le bouton : la fiche est verrouill\u00e9e, la charge d\u00e9marre.<br \/>\n<strong>Terminer la<\/strong> recharge : Appuyer sur la touche, le chargement s&rsquo;arr\u00eate, la fiche est d\u00e9verrouill\u00e9e, retirer la fiche, rel\u00e2cher la touche.<\/p>\n<h2 dir=\"ltr\">Convient uniquement pour une Wallbox avec prise de type 2 !<\/h2>\n<p>Cet adaptateur ne peut \u00eatre utilis\u00e9 que sur une station de recharge \/ wallbox avec une prise de type 2. Il est certes possible de brancher l&rsquo;adaptateur dans une prise de c\u00e2ble de type 2, mais les contacts ne sont alors pas connect\u00e9s. Vous trouverez ici une variante pour l&rsquo;utilisation avec un c\u00e2ble de type 2 :  <\/p>\n<p><a title=\"https:\/\/www.etrix.ch\/produkt\/steckerhalter-typ-2-auf-t-23\/\" href=\"https:\/\/www.etrix.ch\/fr\/produit\/porte-connecteur-type-2-sur-t-23\/\" data-outlook-id=\"354633a0-628f-4955-974c-63ce5642756f\">https:\/\/www.etrix.ch\/produkt\/steckerhalter-typ-2-auf-t-23\/<\/a><\/p>\n","protected":false},"excerpt":{"rendered":"<p>C\u00e2ble sp\u00e9cial pour recharger les scooters \u00e9lectriques ETRIX sur les stations de recharge avec prise de type 2.<\/p>\n","protected":false},"featured_media":9912,"template":"","meta":{"_acf_changed":false},"product_brand":[],"product_cat":[582,644,555,489,490],"product_tag":[2946],"class_list":{"0":"post-10165","1":"product","2":"type-product","3":"status-publish","4":"has-post-thumbnail","6":"product_cat-accessoires","7":"product_cat-accessoires-de-livraison","8":"product_cat-ecooter-fr","9":"product_cat-e-scooter","10":"product_cat-silence-fr","11":"product_tag-accessoires-de-cable-de-recharge","12":"sales-flash-overlay","13":"woocommerce-text-align-left","14":"woocommerce-image-align-center","15":"do-quantity-buttons","17":"first","18":"onbackorder","19":"taxable","20":"shipping-taxable","21":"purchasable","22":"product-type-simple"},"acf":[],"yoast_head":"<!-- This site is optimized with the Yoast SEO Premium plugin v26.9 (Yoast SEO v27.5) - https:\/\/yoast.com\/product\/yoast-seo-premium-wordpress\/ -->\n<title>C\u00e2ble adaptateur pour stations de recharge de type 2 - ETRIX Elektroroller<\/title>\n<meta name=\"description\" content=\"C\u00e2ble adaptateur pour stations de charge de type 2 \u2713 C\u00e2ble sp\u00e9cial \u2713 Il peut s\u2019agir d\u2019une station de charge de voiture \u00e9lectrique priv\u00e9e ou publique \u2713 Verrouillage de la prise\" \/>\n<meta name=\"robots\" content=\"index, follow, max-snippet:-1, max-image-preview:large, max-video-preview:-1\" \/>\n<link rel=\"canonical\" href=\"https:\/\/www.etrix.ch\/fr\/produit\/cable-adaptateur-pour-stations-de-recharge-de-type-2\/\" \/>\n<meta property=\"og:locale\" content=\"fr_FR\" \/>\n<meta property=\"og:type\" content=\"article\" \/>\n<meta property=\"og:title\" content=\"C\u00e2ble adaptateur pour stations de recharge de type 2\" \/>\n<meta property=\"og:description\" content=\"C\u00e2ble adaptateur pour stations de charge de type 2 \u2713 C\u00e2ble sp\u00e9cial \u2713 Il peut s\u2019agir d\u2019une station de charge de voiture \u00e9lectrique priv\u00e9e ou publique \u2713 Verrouillage de la prise\" \/>\n<meta property=\"og:url\" content=\"https:\/\/www.etrix.ch\/fr\/produit\/cable-adaptateur-pour-stations-de-recharge-de-type-2\/\" \/>\n<meta property=\"og:site_name\" content=\"ETRIX Elektroroller\" \/>\n<meta property=\"article:publisher\" content=\"https:\/\/m.facebook.com\/etrix.emotos\/\" \/>\n<meta property=\"article:modified_time\" content=\"2026-03-01T19:33:07+00:00\" \/>\n<meta property=\"og:image\" content=\"https:\/\/www.etrix.ch\/media\/2022\/03\/etrix-zubehoer-03-scaled.jpeg\" \/>\n\t<meta property=\"og:image:width\" content=\"2048\" \/>\n\t<meta property=\"og:image:height\" content=\"1536\" \/>\n\t<meta property=\"og:image:type\" content=\"image\/jpeg\" \/>\n<meta name=\"twitter:card\" content=\"summary_large_image\" \/>\n<meta name=\"twitter:site\" content=\"@etrixag\" \/>\n<meta name=\"twitter:label1\" content=\"Prix\" \/>\n\t<meta name=\"twitter:data1\" content=\"&#067;&#072;&#070;&nbsp;189.00 inkl. MwSt.\" \/>\n\t<meta name=\"twitter:label2\" content=\"Disponibilit\u00e9\" \/>\n\t<meta name=\"twitter:data2\" content=\"En r\u00e9assort\" \/>\n<script type=\"application\/ld+json\" class=\"yoast-schema-graph\">{\"@context\":\"https:\\\/\\\/schema.org\",\"@graph\":[{\"@type\":\"WebPage\",\"@id\":\"https:\\\/\\\/www.etrix.ch\\\/fr\\\/produit\\\/cable-adaptateur-pour-stations-de-recharge-de-type-2\\\/\",\"url\":\"https:\\\/\\\/www.etrix.ch\\\/fr\\\/produit\\\/cable-adaptateur-pour-stations-de-recharge-de-type-2\\\/\",\"name\":\"C\u00e2ble adaptateur pour stations de recharge de type 2 - ETRIX Elektroroller\",\"isPartOf\":{\"@id\":\"https:\\\/\\\/www.etrix.ch\\\/fr\\\/#website\"},\"primaryImageOfPage\":{\"@id\":\"https:\\\/\\\/www.etrix.ch\\\/fr\\\/produit\\\/cable-adaptateur-pour-stations-de-recharge-de-type-2\\\/#primaryimage\"},\"image\":{\"@id\":\"https:\\\/\\\/www.etrix.ch\\\/fr\\\/produit\\\/cable-adaptateur-pour-stations-de-recharge-de-type-2\\\/#primaryimage\"},\"thumbnailUrl\":\"https:\\\/\\\/www.etrix.ch\\\/media\\\/2022\\\/03\\\/etrix-zubehoer-03-scaled.jpeg\",\"datePublished\":\"2022-03-09T06:46:32+00:00\",\"dateModified\":\"2026-03-01T19:33:07+00:00\",\"description\":\"C\u00e2ble adaptateur pour stations de charge de type 2 \u2713 C\u00e2ble sp\u00e9cial \u2713 Il peut s\u2019agir d\u2019une station de charge de voiture \u00e9lectrique priv\u00e9e ou publique \u2713 Verrouillage de la prise\",\"breadcrumb\":{\"@id\":\"https:\\\/\\\/www.etrix.ch\\\/fr\\\/produit\\\/cable-adaptateur-pour-stations-de-recharge-de-type-2\\\/#breadcrumb\"},\"inLanguage\":\"fr-FR\",\"potentialAction\":[{\"@type\":\"ReadAction\",\"target\":[\"https:\\\/\\\/www.etrix.ch\\\/fr\\\/produit\\\/cable-adaptateur-pour-stations-de-recharge-de-type-2\\\/\"]}]},{\"@type\":\"ImageObject\",\"inLanguage\":\"fr-FR\",\"@id\":\"https:\\\/\\\/www.etrix.ch\\\/fr\\\/produit\\\/cable-adaptateur-pour-stations-de-recharge-de-type-2\\\/#primaryimage\",\"url\":\"https:\\\/\\\/www.etrix.ch\\\/media\\\/2022\\\/03\\\/etrix-zubehoer-03-scaled.jpeg\",\"contentUrl\":\"https:\\\/\\\/www.etrix.ch\\\/media\\\/2022\\\/03\\\/etrix-zubehoer-03-scaled.jpeg\",\"width\":2048,\"height\":1536,\"caption\":\"C\u00e2ble adaptateur pour stations de recharge de type 2\"},{\"@type\":\"BreadcrumbList\",\"@id\":\"https:\\\/\\\/www.etrix.ch\\\/fr\\\/produit\\\/cable-adaptateur-pour-stations-de-recharge-de-type-2\\\/#breadcrumb\",\"itemListElement\":[{\"@type\":\"ListItem\",\"position\":1,\"name\":\"Accueil\",\"item\":\"https:\\\/\\\/www.etrix.ch\\\/fr\\\/\"},{\"@type\":\"ListItem\",\"position\":2,\"name\":\"Boutique\",\"item\":\"https:\\\/\\\/www.etrix.ch\\\/fr\\\/boutique\\\/\"},{\"@type\":\"ListItem\",\"position\":3,\"name\":\"C\u00e2ble adaptateur pour stations de recharge de type 2\"}]},{\"@type\":\"WebSite\",\"@id\":\"https:\\\/\\\/www.etrix.ch\\\/fr\\\/#website\",\"url\":\"https:\\\/\\\/www.etrix.ch\\\/fr\\\/\",\"name\":\"ETRIX Elektroroller\",\"description\":\"E-Motos\",\"publisher\":{\"@id\":\"https:\\\/\\\/www.etrix.ch\\\/fr\\\/#organization\"},\"potentialAction\":[{\"@type\":\"SearchAction\",\"target\":{\"@type\":\"EntryPoint\",\"urlTemplate\":\"https:\\\/\\\/www.etrix.ch\\\/fr\\\/?s={search_term_string}\"},\"query-input\":{\"@type\":\"PropertyValueSpecification\",\"valueRequired\":true,\"valueName\":\"search_term_string\"}}],\"inLanguage\":\"fr-FR\"},{\"@type\":[\"Organization\",\"Place\",\"MotorcycleDealer\"],\"@id\":\"https:\\\/\\\/www.etrix.ch\\\/fr\\\/#organization\",\"name\":\"ETRIX E-Motos\",\"url\":\"https:\\\/\\\/www.etrix.ch\\\/fr\\\/\",\"logo\":{\"@id\":\"https:\\\/\\\/www.etrix.ch\\\/fr\\\/produit\\\/cable-adaptateur-pour-stations-de-recharge-de-type-2\\\/#local-main-organization-logo\"},\"image\":{\"@id\":\"https:\\\/\\\/www.etrix.ch\\\/fr\\\/produit\\\/cable-adaptateur-pour-stations-de-recharge-de-type-2\\\/#local-main-organization-logo\"},\"sameAs\":[\"https:\\\/\\\/m.facebook.com\\\/etrix.emotos\\\/\",\"https:\\\/\\\/x.com\\\/etrixag\",\"https:\\\/\\\/www.instagram.com\\\/etrix_emotos\\\/p\\\/BtVW6bXHtNv\\\/\",\"https:\\\/\\\/www.linkedin.com\\\/company\\\/etrix-ag\",\"https:\\\/\\\/www.youtube.com\\\/channel\\\/UCSd-hJdu5u8xPUEY60jexOw\"],\"address\":{\"@id\":\"https:\\\/\\\/www.etrix.ch\\\/fr\\\/produit\\\/cable-adaptateur-pour-stations-de-recharge-de-type-2\\\/#local-main-place-address\"},\"geo\":{\"@type\":\"GeoCoordinates\",\"latitude\":\"47.43839497999372\",\"longitude\":\"8.465227605227366\"},\"telephone\":[\"043 931 00 45\"],\"openingHoursSpecification\":[{\"@type\":\"OpeningHoursSpecification\",\"dayOfWeek\":[\"Monday\",\"Sunday\"],\"opens\":\"00:00\",\"closes\":\"00:00\"},{\"@type\":\"OpeningHoursSpecification\",\"dayOfWeek\":[\"Tuesday\",\"Wednesday\",\"Thursday\",\"Friday\"],\"opens\":\"10:00\",\"closes\":\"18:00\"},{\"@type\":\"OpeningHoursSpecification\",\"dayOfWeek\":[\"Saturday\"],\"opens\":\"10:00\",\"closes\":\"15:00\"}]},{\"@type\":\"PostalAddress\",\"@id\":\"https:\\\/\\\/www.etrix.ch\\\/fr\\\/produit\\\/cable-adaptateur-pour-stations-de-recharge-de-type-2\\\/#local-main-place-address\",\"streetAddress\":\"Riedthofstrasse 122\",\"addressLocality\":\"Regensdorf\",\"postalCode\":\"8105\",\"addressRegion\":\"Z\u00fcrich\",\"addressCountry\":\"CH\"},{\"@type\":\"ImageObject\",\"inLanguage\":\"fr-FR\",\"@id\":\"https:\\\/\\\/www.etrix.ch\\\/fr\\\/produit\\\/cable-adaptateur-pour-stations-de-recharge-de-type-2\\\/#local-main-organization-logo\",\"url\":\"https:\\\/\\\/www.etrix.ch\\\/media\\\/2021\\\/05\\\/ETRIX-logo.png\",\"contentUrl\":\"https:\\\/\\\/www.etrix.ch\\\/media\\\/2021\\\/05\\\/ETRIX-logo.png\",\"width\":470,\"height\":85,\"caption\":\"ETRIX E-Motos\"}]}<\/script>\n<meta property=\"product:price:amount\" content=\"189.00\" \/>\n<meta property=\"product:price:currency\" content=\"CHF\" \/>\n<meta property=\"og:availability\" content=\"backorder\" \/>\n<meta property=\"product:availability\" content=\"available for order\" \/>\n<meta property=\"product:retailer_item_id\" content=\"RW200609\" \/>\n<meta property=\"product:condition\" content=\"new\" \/>\n<meta name=\"geo.placename\" content=\"Regensdorf\" \/>\n<meta name=\"geo.position\" content=\"47.43839497999372;8.465227605227366\" \/>\n<meta name=\"geo.region\" content=\"Suisse\" \/>\n<!-- \/ Yoast SEO Premium plugin. -->","yoast_head_json":{"title":"C\u00e2ble adaptateur pour stations de recharge de type 2 - ETRIX Elektroroller","description":"C\u00e2ble adaptateur pour stations de charge de type 2 \u2713 C\u00e2ble sp\u00e9cial \u2713 Il peut s\u2019agir d\u2019une station de charge de voiture \u00e9lectrique priv\u00e9e ou publique \u2713 Verrouillage de la prise","robots":{"index":"index","follow":"follow","max-snippet":"max-snippet:-1","max-image-preview":"max-image-preview:large","max-video-preview":"max-video-preview:-1"},"canonical":"https:\/\/www.etrix.ch\/fr\/produit\/cable-adaptateur-pour-stations-de-recharge-de-type-2\/","og_locale":"fr_FR","og_type":"article","og_title":"C\u00e2ble adaptateur pour stations de recharge de type 2","og_description":"C\u00e2ble adaptateur pour stations de charge de type 2 \u2713 C\u00e2ble sp\u00e9cial \u2713 Il peut s\u2019agir d\u2019une station de charge de voiture \u00e9lectrique priv\u00e9e ou publique \u2713 Verrouillage de la prise","og_url":"https:\/\/www.etrix.ch\/fr\/produit\/cable-adaptateur-pour-stations-de-recharge-de-type-2\/","og_site_name":"ETRIX Elektroroller","article_publisher":"https:\/\/m.facebook.com\/etrix.emotos\/","article_modified_time":"2026-03-01T19:33:07+00:00","og_image":[{"width":2048,"height":1536,"url":"https:\/\/www.etrix.ch\/media\/2022\/03\/etrix-zubehoer-03-scaled.jpeg","type":"image\/jpeg"}],"twitter_card":"summary_large_image","twitter_site":"@etrixag","twitter_misc":{"Prix":"&#67;&#72;&#70;&nbsp;189.00 inkl. MwSt.","Disponibilit\u00e9":"En r\u00e9assort"},"schema":{"@context":"https:\/\/schema.org","@graph":[{"@type":"WebPage","@id":"https:\/\/www.etrix.ch\/fr\/produit\/cable-adaptateur-pour-stations-de-recharge-de-type-2\/","url":"https:\/\/www.etrix.ch\/fr\/produit\/cable-adaptateur-pour-stations-de-recharge-de-type-2\/","name":"C\u00e2ble adaptateur pour stations de recharge de type 2 - ETRIX Elektroroller","isPartOf":{"@id":"https:\/\/www.etrix.ch\/fr\/#website"},"primaryImageOfPage":{"@id":"https:\/\/www.etrix.ch\/fr\/produit\/cable-adaptateur-pour-stations-de-recharge-de-type-2\/#primaryimage"},"image":{"@id":"https:\/\/www.etrix.ch\/fr\/produit\/cable-adaptateur-pour-stations-de-recharge-de-type-2\/#primaryimage"},"thumbnailUrl":"https:\/\/www.etrix.ch\/media\/2022\/03\/etrix-zubehoer-03-scaled.jpeg","datePublished":"2022-03-09T06:46:32+00:00","dateModified":"2026-03-01T19:33:07+00:00","description":"C\u00e2ble adaptateur pour stations de charge de type 2 \u2713 C\u00e2ble sp\u00e9cial \u2713 Il peut s\u2019agir d\u2019une station de charge de voiture \u00e9lectrique priv\u00e9e ou publique \u2713 Verrouillage de la prise","breadcrumb":{"@id":"https:\/\/www.etrix.ch\/fr\/produit\/cable-adaptateur-pour-stations-de-recharge-de-type-2\/#breadcrumb"},"inLanguage":"fr-FR","potentialAction":[{"@type":"ReadAction","target":["https:\/\/www.etrix.ch\/fr\/produit\/cable-adaptateur-pour-stations-de-recharge-de-type-2\/"]}]},{"@type":"ImageObject","inLanguage":"fr-FR","@id":"https:\/\/www.etrix.ch\/fr\/produit\/cable-adaptateur-pour-stations-de-recharge-de-type-2\/#primaryimage","url":"https:\/\/www.etrix.ch\/media\/2022\/03\/etrix-zubehoer-03-scaled.jpeg","contentUrl":"https:\/\/www.etrix.ch\/media\/2022\/03\/etrix-zubehoer-03-scaled.jpeg","width":2048,"height":1536,"caption":"C\u00e2ble adaptateur pour stations de recharge de type 2"},{"@type":"BreadcrumbList","@id":"https:\/\/www.etrix.ch\/fr\/produit\/cable-adaptateur-pour-stations-de-recharge-de-type-2\/#breadcrumb","itemListElement":[{"@type":"ListItem","position":1,"name":"Accueil","item":"https:\/\/www.etrix.ch\/fr\/"},{"@type":"ListItem","position":2,"name":"Boutique","item":"https:\/\/www.etrix.ch\/fr\/boutique\/"},{"@type":"ListItem","position":3,"name":"C\u00e2ble adaptateur pour stations de recharge de type 2"}]},{"@type":"WebSite","@id":"https:\/\/www.etrix.ch\/fr\/#website","url":"https:\/\/www.etrix.ch\/fr\/","name":"ETRIX Elektroroller","description":"E-Motos","publisher":{"@id":"https:\/\/www.etrix.ch\/fr\/#organization"},"potentialAction":[{"@type":"SearchAction","target":{"@type":"EntryPoint","urlTemplate":"https:\/\/www.etrix.ch\/fr\/?s={search_term_string}"},"query-input":{"@type":"PropertyValueSpecification","valueRequired":true,"valueName":"search_term_string"}}],"inLanguage":"fr-FR"},{"@type":["Organization","Place","MotorcycleDealer"],"@id":"https:\/\/www.etrix.ch\/fr\/#organization","name":"ETRIX E-Motos","url":"https:\/\/www.etrix.ch\/fr\/","logo":{"@id":"https:\/\/www.etrix.ch\/fr\/produit\/cable-adaptateur-pour-stations-de-recharge-de-type-2\/#local-main-organization-logo"},"image":{"@id":"https:\/\/www.etrix.ch\/fr\/produit\/cable-adaptateur-pour-stations-de-recharge-de-type-2\/#local-main-organization-logo"},"sameAs":["https:\/\/m.facebook.com\/etrix.emotos\/","https:\/\/x.com\/etrixag","https:\/\/www.instagram.com\/etrix_emotos\/p\/BtVW6bXHtNv\/","https:\/\/www.linkedin.com\/company\/etrix-ag","https:\/\/www.youtube.com\/channel\/UCSd-hJdu5u8xPUEY60jexOw"],"address":{"@id":"https:\/\/www.etrix.ch\/fr\/produit\/cable-adaptateur-pour-stations-de-recharge-de-type-2\/#local-main-place-address"},"geo":{"@type":"GeoCoordinates","latitude":"47.43839497999372","longitude":"8.465227605227366"},"telephone":["043 931 00 45"],"openingHoursSpecification":[{"@type":"OpeningHoursSpecification","dayOfWeek":["Monday","Sunday"],"opens":"00:00","closes":"00:00"},{"@type":"OpeningHoursSpecification","dayOfWeek":["Tuesday","Wednesday","Thursday","Friday"],"opens":"10:00","closes":"18:00"},{"@type":"OpeningHoursSpecification","dayOfWeek":["Saturday"],"opens":"10:00","closes":"15:00"}]},{"@type":"PostalAddress","@id":"https:\/\/www.etrix.ch\/fr\/produit\/cable-adaptateur-pour-stations-de-recharge-de-type-2\/#local-main-place-address","streetAddress":"Riedthofstrasse 122","addressLocality":"Regensdorf","postalCode":"8105","addressRegion":"Z\u00fcrich","addressCountry":"CH"},{"@type":"ImageObject","inLanguage":"fr-FR","@id":"https:\/\/www.etrix.ch\/fr\/produit\/cable-adaptateur-pour-stations-de-recharge-de-type-2\/#local-main-organization-logo","url":"https:\/\/www.etrix.ch\/media\/2021\/05\/ETRIX-logo.png","contentUrl":"https:\/\/www.etrix.ch\/media\/2021\/05\/ETRIX-logo.png","width":470,"height":85,"caption":"ETRIX E-Motos"}]},"product_price_amount":"189.00","product_price_currency":"CHF","og_availability":"backorder","product_availability":"available for order","product_retailer_item_id":"RW200609","product_condition":"new","geo.placename":"Regensdorf","geo.position":{"lat":"47.43839497999372","long":"8.465227605227366"},"geo.region":"Suisse"},"_links":{"self":[{"href":"https:\/\/www.etrix.ch\/fr\/wp-json\/wp\/v2\/product\/10165","targetHints":{"allow":["GET"]}}],"collection":[{"href":"https:\/\/www.etrix.ch\/fr\/wp-json\/wp\/v2\/product"}],"about":[{"href":"https:\/\/www.etrix.ch\/fr\/wp-json\/wp\/v2\/types\/product"}],"wp:featuredmedia":[{"embeddable":true,"href":"https:\/\/www.etrix.ch\/fr\/wp-json\/wp\/v2\/media\/9912"}],"wp:attachment":[{"href":"https:\/\/www.etrix.ch\/fr\/wp-json\/wp\/v2\/media?parent=10165"}],"wp:term":[{"taxonomy":"product_brand","embeddable":true,"href":"https:\/\/www.etrix.ch\/fr\/wp-json\/wp\/v2\/product_brand?post=10165"},{"taxonomy":"product_cat","embeddable":true,"href":"https:\/\/www.etrix.ch\/fr\/wp-json\/wp\/v2\/product_cat?post=10165"},{"taxonomy":"product_tag","embeddable":true,"href":"https:\/\/www.etrix.ch\/fr\/wp-json\/wp\/v2\/product_tag?post=10165"}],"curies":[{"name":"wp","href":"https:\/\/api.w.org\/{rel}","templated":true}]}}