{"id":10160,"date":"2022-03-04T13:18:03","date_gmt":"2022-03-04T12:18:03","guid":{"rendered":"https:\/\/www.etrix.ch\/sac-chaud-pro-backloader\/"},"modified":"2026-01-28T10:45:35","modified_gmt":"2026-01-28T09:45:35","slug":"pizza-bag-pro","status":"publish","type":"product","link":"https:\/\/www.etrix.ch\/fr\/produit\/pizza-bag-pro\/","title":{"rendered":"Pizza Bag Pro"},"content":{"rendered":"&#13;\n<p>Deux \u00e9l\u00e9ments chauffants fixes chauffent ton Pizza Bag de mani\u00e8re fiable via la prise 12V de ton v\u00e9hicule de livraison. Ainsi, tes plats restent chauds et frais m\u00eame apr\u00e8s de longs trajets ! Le c\u00e2ble de transformateur magn\u00e9tique 12V doit \u00eatre achet\u00e9 s\u00e9par\u00e9ment.<\/p>&#13;\n&#13;\n<p><strong>Les caract\u00e9ristiques suivantes distinguent ce sac :<\/strong><\/p>&#13;\n&#13;\n<ul class=\"wp-block-list\">&#13;\n<li>Nombre d&rsquo;\u00e9l\u00e9ments chauffants int\u00e9gr\u00e9s : 2<\/li>&#13;\n<li>Mat\u00e9riau ext\u00e9rieur : PVC<\/li>&#13;\n<li>Utilisation : Pizza<\/li>&#13;\n<li>Couleur : Noir<\/li>&#13;\n<li>Capacit\u00e9 : pour 8-12 pizzas (en fonction de la hauteur de la bo\u00eete \u00e0 pizza (3-5cm))<\/li>&#13;\n<li>Puissance de chauffage : 50 watts<\/li>&#13;\n<li>Mat\u00e9riau int\u00e9rieur : nylon<\/li>&#13;\n<li>Dimensions int\u00e9rieures : 40 x 40 x 25 cm<\/li>&#13;\n<li>Chauffage int\u00e9gr\u00e9 : Oui<\/li>&#13;\n<li>Comprend : Sac \u00e0 pizza  <\/li>&#13;\n<li>Taille des cartons \u00e0 pizza : 35 cm<\/li>&#13;\n<li>Position des \u00e9l\u00e9ments chauffants : gauche + droite<\/li>&#13;\n<li>Fonction sac \u00e0 dos : Non<\/li>&#13;\n<li>Connecteur : Aimant<\/li>&#13;\n<li>Type de fermeture : Velcro et fermeture \u00e9clair<\/li>&#13;\n<li>r\u00e9sistance \u00e0 l&rsquo;eau : hydrofuge<\/li>&#13;\n<li>Ouverture de la poche : frontale<\/li>&#13;\n<\/ul>&#13;\n&#13;\n<p>\u00a0<\/p>&#13;\n&#13;\n<p><strong>Chauffage actif<\/strong><br\/>Notre prise magn\u00e9tique r\u00e9volutionnaire est unique au monde sur un sac de livraison de pizza. Tes chauffeurs profitent d&rsquo;une utilisation simple comme un jeu d&rsquo;enfant et toi d&rsquo;un d\u00e9roulement plus efficace de ton service de livraison.<\/p>&#13;\n&#13;\n<p><strong>Fermeture magn\u00e9tique<\/strong><br\/>Chargez et d\u00e9chargez votre sac \u00e0 pizza d\u2019une seule main et en un temps record. La fermeture magn\u00e9tique le permet. Rapide, \u00e9l\u00e9gant et sans usure.<\/p>&#13;\n&#13;\n<p><strong>Excellente isolation sans transpiration<\/strong><br\/>Une mousse de qualit\u00e9 sup\u00e9rieure et une conception de produit bien pens\u00e9e assurent une circulation uniforme de l\u2019air \u00e0 l\u2019int\u00e9rieur du sac. L&rsquo;air chaud dans le sac peut parfaitement absorber l&rsquo;humidit\u00e9 qui se forme. Gr\u00e2ce \u00e0 des \u0153illets int\u00e9gr\u00e9s, celle-ci est transport\u00e9e vers l&rsquo;ext\u00e9rieur. Ainsi, tes plats restent chauds sans transpirer.<\/p>&#13;\n","protected":false},"excerpt":{"rendered":"<p class=\"product--title\">Pizza Bag chauff\u00e9 \u00e9lectriquement,<span class=\"s1\">extr\u00eamement r\u00e9sistant, robuste et ind\u00e9chirable. <\/span> <\/p>\n<p class=\"product--title\"><span class=\"s1\">excl. C\u00e2ble de transformateur 12V.<\/span><\/p>\n<p>&nbsp;<\/p>\n","protected":false},"featured_media":34450,"template":"","meta":{"_acf_changed":false},"product_brand":[],"product_cat":[582,644,648,591],"product_tag":[1404],"class_list":{"0":"post-10160","1":"product","2":"type-product","3":"status-publish","4":"has-post-thumbnail","6":"product_cat-accessoires","7":"product_cat-accessoires-de-livraison","8":"product_cat-enviado-accessoires","9":"product_cat-velo-electrique","10":"product_tag-accessoires-de-livraison","11":"pa_marke-etrix-fr","12":"sales-flash-overlay","13":"woocommerce-text-align-left","14":"woocommerce-image-align-center","15":"do-quantity-buttons","16":"wc-has-gallery","18":"first","19":"instock","20":"taxable","21":"shipping-taxable","22":"purchasable","23":"product-type-simple"},"acf":[],"yoast_head":"<!-- This site is optimized with the Yoast SEO Premium plugin v26.9 (Yoast SEO v27.4) - https:\/\/yoast.com\/product\/yoast-seo-premium-wordpress\/ -->\n<title>Pizza Bag Pro - ETRIX Elektroroller<\/title>\n<meta name=\"description\" content=\"Pizza Bag Pro \u2713 Backloader \u2713 Avec \u00e9l\u00e9ments chauffants int\u00e9gr\u00e9s \u2713 Connexion 12V \u2713 Excellente isolation sans transpiration \u2713 Pour 8-12 pizzas\" \/>\n<meta name=\"robots\" content=\"index, follow, max-snippet:-1, max-image-preview:large, max-video-preview:-1\" \/>\n<link rel=\"canonical\" href=\"https:\/\/www.etrix.ch\/fr\/produit\/pizza-bag-pro\/\" \/>\n<meta property=\"og:locale\" content=\"fr_FR\" \/>\n<meta property=\"og:type\" content=\"article\" \/>\n<meta property=\"og:title\" content=\"Pizza Bag Pro\" \/>\n<meta property=\"og:description\" content=\"Pizza Bag Pro \u2713 Backloader \u2713 Avec \u00e9l\u00e9ments chauffants int\u00e9gr\u00e9s \u2713 Connexion 12V \u2713 Excellente isolation sans transpiration \u2713 Pour 8-12 pizzas\" \/>\n<meta property=\"og:url\" content=\"https:\/\/www.etrix.ch\/fr\/produit\/pizza-bag-pro\/\" \/>\n<meta property=\"og:site_name\" content=\"ETRIX Elektroroller\" \/>\n<meta property=\"article:publisher\" content=\"https:\/\/m.facebook.com\/etrix.emotos\/\" \/>\n<meta property=\"article:modified_time\" content=\"2026-01-28T09:45:35+00:00\" \/>\n<meta property=\"og:image\" content=\"https:\/\/www.etrix.ch\/media\/2022\/03\/PizzaBagPro_01.webp\" \/>\n\t<meta property=\"og:image:width\" content=\"1920\" \/>\n\t<meta property=\"og:image:height\" content=\"1920\" \/>\n\t<meta property=\"og:image:type\" content=\"image\/webp\" \/>\n<meta name=\"twitter:card\" content=\"summary_large_image\" \/>\n<meta name=\"twitter:site\" content=\"@etrixag\" \/>\n<meta name=\"twitter:label1\" content=\"Prix\" \/>\n\t<meta name=\"twitter:data1\" content=\"&#067;&#072;&#070;&nbsp;375.00 inkl. MwSt.\" \/>\n\t<meta name=\"twitter:label2\" content=\"Disponibilit\u00e9\" \/>\n\t<meta name=\"twitter:data2\" content=\"En stock\" \/>\n<script type=\"application\/ld+json\" class=\"yoast-schema-graph\">{\"@context\":\"https:\\\/\\\/schema.org\",\"@graph\":[{\"@type\":\"WebPage\",\"@id\":\"https:\\\/\\\/www.etrix.ch\\\/fr\\\/produit\\\/pizza-bag-pro\\\/\",\"url\":\"https:\\\/\\\/www.etrix.ch\\\/fr\\\/produit\\\/pizza-bag-pro\\\/\",\"name\":\"Pizza Bag Pro - ETRIX Elektroroller\",\"isPartOf\":{\"@id\":\"https:\\\/\\\/www.etrix.ch\\\/fr\\\/#website\"},\"primaryImageOfPage\":{\"@id\":\"https:\\\/\\\/www.etrix.ch\\\/fr\\\/produit\\\/pizza-bag-pro\\\/#primaryimage\"},\"image\":{\"@id\":\"https:\\\/\\\/www.etrix.ch\\\/fr\\\/produit\\\/pizza-bag-pro\\\/#primaryimage\"},\"thumbnailUrl\":\"https:\\\/\\\/www.etrix.ch\\\/media\\\/2022\\\/03\\\/PizzaBagPro_01.webp\",\"datePublished\":\"2022-03-04T12:18:03+00:00\",\"dateModified\":\"2026-01-28T09:45:35+00:00\",\"description\":\"Pizza Bag Pro \u2713 Backloader \u2713 Avec \u00e9l\u00e9ments chauffants int\u00e9gr\u00e9s \u2713 Connexion 12V \u2713 Excellente isolation sans transpiration \u2713 Pour 8-12 pizzas\",\"breadcrumb\":{\"@id\":\"https:\\\/\\\/www.etrix.ch\\\/fr\\\/produit\\\/pizza-bag-pro\\\/#breadcrumb\"},\"inLanguage\":\"fr-FR\",\"potentialAction\":[{\"@type\":\"ReadAction\",\"target\":[\"https:\\\/\\\/www.etrix.ch\\\/fr\\\/produit\\\/pizza-bag-pro\\\/\"]}]},{\"@type\":\"ImageObject\",\"inLanguage\":\"fr-FR\",\"@id\":\"https:\\\/\\\/www.etrix.ch\\\/fr\\\/produit\\\/pizza-bag-pro\\\/#primaryimage\",\"url\":\"https:\\\/\\\/www.etrix.ch\\\/media\\\/2022\\\/03\\\/PizzaBagPro_01.webp\",\"contentUrl\":\"https:\\\/\\\/www.etrix.ch\\\/media\\\/2022\\\/03\\\/PizzaBagPro_01.webp\",\"width\":1920,\"height\":1920,\"caption\":\"Pizzabagpro 01\"},{\"@type\":\"BreadcrumbList\",\"@id\":\"https:\\\/\\\/www.etrix.ch\\\/fr\\\/produit\\\/pizza-bag-pro\\\/#breadcrumb\",\"itemListElement\":[{\"@type\":\"ListItem\",\"position\":1,\"name\":\"Accueil\",\"item\":\"https:\\\/\\\/www.etrix.ch\\\/fr\\\/page-daccueil\\\/\"},{\"@type\":\"ListItem\",\"position\":2,\"name\":\"Boutique\",\"item\":\"https:\\\/\\\/www.etrix.ch\\\/fr\\\/boutique\\\/\"},{\"@type\":\"ListItem\",\"position\":3,\"name\":\"Pizza Bag Pro\"}]},{\"@type\":\"WebSite\",\"@id\":\"https:\\\/\\\/www.etrix.ch\\\/fr\\\/#website\",\"url\":\"https:\\\/\\\/www.etrix.ch\\\/fr\\\/\",\"name\":\"ETRIX Elektroroller\",\"description\":\"E-Motos\",\"publisher\":{\"@id\":\"https:\\\/\\\/www.etrix.ch\\\/fr\\\/#organization\"},\"potentialAction\":[{\"@type\":\"SearchAction\",\"target\":{\"@type\":\"EntryPoint\",\"urlTemplate\":\"https:\\\/\\\/www.etrix.ch\\\/fr\\\/?s={search_term_string}\"},\"query-input\":{\"@type\":\"PropertyValueSpecification\",\"valueRequired\":true,\"valueName\":\"search_term_string\"}}],\"inLanguage\":\"fr-FR\"},{\"@type\":[\"Organization\",\"Place\",\"MotorcycleDealer\"],\"@id\":\"https:\\\/\\\/www.etrix.ch\\\/fr\\\/#organization\",\"name\":\"ETRIX E-Motos\",\"url\":\"https:\\\/\\\/www.etrix.ch\\\/fr\\\/\",\"logo\":{\"@id\":\"https:\\\/\\\/www.etrix.ch\\\/fr\\\/produit\\\/pizza-bag-pro\\\/#local-main-organization-logo\"},\"image\":{\"@id\":\"https:\\\/\\\/www.etrix.ch\\\/fr\\\/produit\\\/pizza-bag-pro\\\/#local-main-organization-logo\"},\"sameAs\":[\"https:\\\/\\\/m.facebook.com\\\/etrix.emotos\\\/\",\"https:\\\/\\\/x.com\\\/etrixag\",\"https:\\\/\\\/www.instagram.com\\\/etrix_emotos\\\/p\\\/BtVW6bXHtNv\\\/\",\"https:\\\/\\\/www.linkedin.com\\\/company\\\/etrix-ag\",\"https:\\\/\\\/www.youtube.com\\\/channel\\\/UCSd-hJdu5u8xPUEY60jexOw\"],\"address\":{\"@id\":\"https:\\\/\\\/www.etrix.ch\\\/fr\\\/produit\\\/pizza-bag-pro\\\/#local-main-place-address\"},\"geo\":{\"@type\":\"GeoCoordinates\",\"latitude\":\"47.43839497999372\",\"longitude\":\"8.465227605227366\"},\"telephone\":[\"043 931 00 45\"],\"openingHoursSpecification\":[{\"@type\":\"OpeningHoursSpecification\",\"dayOfWeek\":[\"Monday\",\"Sunday\"],\"opens\":\"00:00\",\"closes\":\"00:00\"},{\"@type\":\"OpeningHoursSpecification\",\"dayOfWeek\":[\"Tuesday\",\"Wednesday\",\"Thursday\",\"Friday\"],\"opens\":\"10:00\",\"closes\":\"18:00\"},{\"@type\":\"OpeningHoursSpecification\",\"dayOfWeek\":[\"Saturday\"],\"opens\":\"10:00\",\"closes\":\"15:00\"}]},{\"@type\":\"PostalAddress\",\"@id\":\"https:\\\/\\\/www.etrix.ch\\\/fr\\\/produit\\\/pizza-bag-pro\\\/#local-main-place-address\",\"streetAddress\":\"Riedthofstrasse 122\",\"addressLocality\":\"Regensdorf\",\"postalCode\":\"8105\",\"addressRegion\":\"Z\u00fcrich\",\"addressCountry\":\"CH\"},{\"@type\":\"ImageObject\",\"inLanguage\":\"fr-FR\",\"@id\":\"https:\\\/\\\/www.etrix.ch\\\/fr\\\/produit\\\/pizza-bag-pro\\\/#local-main-organization-logo\",\"url\":\"https:\\\/\\\/www.etrix.ch\\\/media\\\/2021\\\/05\\\/ETRIX-logo.png\",\"contentUrl\":\"https:\\\/\\\/www.etrix.ch\\\/media\\\/2021\\\/05\\\/ETRIX-logo.png\",\"width\":470,\"height\":85,\"caption\":\"ETRIX E-Motos\"}]}<\/script>\n<meta property=\"product:brand\" content=\"ETRIX\" \/>\n<meta property=\"product:price:amount\" content=\"375.00\" \/>\n<meta property=\"product:price:currency\" content=\"CHF\" \/>\n<meta property=\"og:availability\" content=\"instock\" \/>\n<meta property=\"product:availability\" content=\"instock\" \/>\n<meta property=\"product:retailer_item_id\" content=\"AC600270\" \/>\n<meta property=\"product:condition\" content=\"new\" \/>\n<meta name=\"geo.placename\" content=\"Regensdorf\" \/>\n<meta name=\"geo.position\" content=\"47.43839497999372;8.465227605227366\" \/>\n<meta name=\"geo.region\" content=\"Suisse\" \/>\n<!-- \/ Yoast SEO Premium plugin. -->","yoast_head_json":{"title":"Pizza Bag Pro - ETRIX Elektroroller","description":"Pizza Bag Pro \u2713 Backloader \u2713 Avec \u00e9l\u00e9ments chauffants int\u00e9gr\u00e9s \u2713 Connexion 12V \u2713 Excellente isolation sans transpiration \u2713 Pour 8-12 pizzas","robots":{"index":"index","follow":"follow","max-snippet":"max-snippet:-1","max-image-preview":"max-image-preview:large","max-video-preview":"max-video-preview:-1"},"canonical":"https:\/\/www.etrix.ch\/fr\/produit\/pizza-bag-pro\/","og_locale":"fr_FR","og_type":"article","og_title":"Pizza Bag Pro","og_description":"Pizza Bag Pro \u2713 Backloader \u2713 Avec \u00e9l\u00e9ments chauffants int\u00e9gr\u00e9s \u2713 Connexion 12V \u2713 Excellente isolation sans transpiration \u2713 Pour 8-12 pizzas","og_url":"https:\/\/www.etrix.ch\/fr\/produit\/pizza-bag-pro\/","og_site_name":"ETRIX Elektroroller","article_publisher":"https:\/\/m.facebook.com\/etrix.emotos\/","article_modified_time":"2026-01-28T09:45:35+00:00","og_image":[{"width":1920,"height":1920,"url":"https:\/\/www.etrix.ch\/media\/2022\/03\/PizzaBagPro_01.webp","type":"image\/webp"}],"twitter_card":"summary_large_image","twitter_site":"@etrixag","twitter_misc":{"Prix":"&#67;&#72;&#70;&nbsp;375.00 inkl. MwSt.","Disponibilit\u00e9":"En stock"},"schema":{"@context":"https:\/\/schema.org","@graph":[{"@type":"WebPage","@id":"https:\/\/www.etrix.ch\/fr\/produit\/pizza-bag-pro\/","url":"https:\/\/www.etrix.ch\/fr\/produit\/pizza-bag-pro\/","name":"Pizza Bag Pro - ETRIX Elektroroller","isPartOf":{"@id":"https:\/\/www.etrix.ch\/fr\/#website"},"primaryImageOfPage":{"@id":"https:\/\/www.etrix.ch\/fr\/produit\/pizza-bag-pro\/#primaryimage"},"image":{"@id":"https:\/\/www.etrix.ch\/fr\/produit\/pizza-bag-pro\/#primaryimage"},"thumbnailUrl":"https:\/\/www.etrix.ch\/media\/2022\/03\/PizzaBagPro_01.webp","datePublished":"2022-03-04T12:18:03+00:00","dateModified":"2026-01-28T09:45:35+00:00","description":"Pizza Bag Pro \u2713 Backloader \u2713 Avec \u00e9l\u00e9ments chauffants int\u00e9gr\u00e9s \u2713 Connexion 12V \u2713 Excellente isolation sans transpiration \u2713 Pour 8-12 pizzas","breadcrumb":{"@id":"https:\/\/www.etrix.ch\/fr\/produit\/pizza-bag-pro\/#breadcrumb"},"inLanguage":"fr-FR","potentialAction":[{"@type":"ReadAction","target":["https:\/\/www.etrix.ch\/fr\/produit\/pizza-bag-pro\/"]}]},{"@type":"ImageObject","inLanguage":"fr-FR","@id":"https:\/\/www.etrix.ch\/fr\/produit\/pizza-bag-pro\/#primaryimage","url":"https:\/\/www.etrix.ch\/media\/2022\/03\/PizzaBagPro_01.webp","contentUrl":"https:\/\/www.etrix.ch\/media\/2022\/03\/PizzaBagPro_01.webp","width":1920,"height":1920,"caption":"Pizzabagpro 01"},{"@type":"BreadcrumbList","@id":"https:\/\/www.etrix.ch\/fr\/produit\/pizza-bag-pro\/#breadcrumb","itemListElement":[{"@type":"ListItem","position":1,"name":"Accueil","item":"https:\/\/www.etrix.ch\/fr\/page-daccueil\/"},{"@type":"ListItem","position":2,"name":"Boutique","item":"https:\/\/www.etrix.ch\/fr\/boutique\/"},{"@type":"ListItem","position":3,"name":"Pizza Bag Pro"}]},{"@type":"WebSite","@id":"https:\/\/www.etrix.ch\/fr\/#website","url":"https:\/\/www.etrix.ch\/fr\/","name":"ETRIX Elektroroller","description":"E-Motos","publisher":{"@id":"https:\/\/www.etrix.ch\/fr\/#organization"},"potentialAction":[{"@type":"SearchAction","target":{"@type":"EntryPoint","urlTemplate":"https:\/\/www.etrix.ch\/fr\/?s={search_term_string}"},"query-input":{"@type":"PropertyValueSpecification","valueRequired":true,"valueName":"search_term_string"}}],"inLanguage":"fr-FR"},{"@type":["Organization","Place","MotorcycleDealer"],"@id":"https:\/\/www.etrix.ch\/fr\/#organization","name":"ETRIX E-Motos","url":"https:\/\/www.etrix.ch\/fr\/","logo":{"@id":"https:\/\/www.etrix.ch\/fr\/produit\/pizza-bag-pro\/#local-main-organization-logo"},"image":{"@id":"https:\/\/www.etrix.ch\/fr\/produit\/pizza-bag-pro\/#local-main-organization-logo"},"sameAs":["https:\/\/m.facebook.com\/etrix.emotos\/","https:\/\/x.com\/etrixag","https:\/\/www.instagram.com\/etrix_emotos\/p\/BtVW6bXHtNv\/","https:\/\/www.linkedin.com\/company\/etrix-ag","https:\/\/www.youtube.com\/channel\/UCSd-hJdu5u8xPUEY60jexOw"],"address":{"@id":"https:\/\/www.etrix.ch\/fr\/produit\/pizza-bag-pro\/#local-main-place-address"},"geo":{"@type":"GeoCoordinates","latitude":"47.43839497999372","longitude":"8.465227605227366"},"telephone":["043 931 00 45"],"openingHoursSpecification":[{"@type":"OpeningHoursSpecification","dayOfWeek":["Monday","Sunday"],"opens":"00:00","closes":"00:00"},{"@type":"OpeningHoursSpecification","dayOfWeek":["Tuesday","Wednesday","Thursday","Friday"],"opens":"10:00","closes":"18:00"},{"@type":"OpeningHoursSpecification","dayOfWeek":["Saturday"],"opens":"10:00","closes":"15:00"}]},{"@type":"PostalAddress","@id":"https:\/\/www.etrix.ch\/fr\/produit\/pizza-bag-pro\/#local-main-place-address","streetAddress":"Riedthofstrasse 122","addressLocality":"Regensdorf","postalCode":"8105","addressRegion":"Z\u00fcrich","addressCountry":"CH"},{"@type":"ImageObject","inLanguage":"fr-FR","@id":"https:\/\/www.etrix.ch\/fr\/produit\/pizza-bag-pro\/#local-main-organization-logo","url":"https:\/\/www.etrix.ch\/media\/2021\/05\/ETRIX-logo.png","contentUrl":"https:\/\/www.etrix.ch\/media\/2021\/05\/ETRIX-logo.png","width":470,"height":85,"caption":"ETRIX E-Motos"}]},"product_brand":"ETRIX","product_price_amount":"375.00","product_price_currency":"CHF","og_availability":"instock","product_availability":"instock","product_retailer_item_id":"AC600270","product_condition":"new","geo.placename":"Regensdorf","geo.position":{"lat":"47.43839497999372","long":"8.465227605227366"},"geo.region":"Suisse"},"_links":{"self":[{"href":"https:\/\/www.etrix.ch\/fr\/wp-json\/wp\/v2\/product\/10160","targetHints":{"allow":["GET"]}}],"collection":[{"href":"https:\/\/www.etrix.ch\/fr\/wp-json\/wp\/v2\/product"}],"about":[{"href":"https:\/\/www.etrix.ch\/fr\/wp-json\/wp\/v2\/types\/product"}],"wp:featuredmedia":[{"embeddable":true,"href":"https:\/\/www.etrix.ch\/fr\/wp-json\/wp\/v2\/media\/34450"}],"wp:attachment":[{"href":"https:\/\/www.etrix.ch\/fr\/wp-json\/wp\/v2\/media?parent=10160"}],"wp:term":[{"taxonomy":"product_brand","embeddable":true,"href":"https:\/\/www.etrix.ch\/fr\/wp-json\/wp\/v2\/product_brand?post=10160"},{"taxonomy":"product_cat","embeddable":true,"href":"https:\/\/www.etrix.ch\/fr\/wp-json\/wp\/v2\/product_cat?post=10160"},{"taxonomy":"product_tag","embeddable":true,"href":"https:\/\/www.etrix.ch\/fr\/wp-json\/wp\/v2\/product_tag?post=10160"}],"curies":[{"name":"wp","href":"https:\/\/api.w.org\/{rel}","templated":true}]}}