{"id":10135,"date":"2022-03-08T15:58:53","date_gmt":"2022-03-08T14:58:53","guid":{"rendered":"https:\/\/www.etrix.ch\/warm-bag-pro-cable-magnetique-12v\/"},"modified":"2024-08-29T10:55:16","modified_gmt":"2024-08-29T08:55:16","slug":"warm-bag-pro-12v-cable-magnetique","status":"publish","type":"product","link":"https:\/\/www.etrix.ch\/fr\/produit\/warm-bag-pro-12v-cable-magnetique\/","title":{"rendered":"Warm Bag Pro - C\u00e2ble magn\u00e9tique 12V"},"content":{"rendered":"<p>C\u00e2ble 12V avec prise Magent pour le sac chaud Longueur : 2,5 m\u00e8tres<\/p>\n","protected":false},"excerpt":{"rendered":"<p>C\u00e2ble 12V, longueur : 2,5 m\u00e8tres<\/p>\n","protected":false},"featured_media":8032,"template":"","meta":{"_acf_changed":false},"product_brand":[],"product_cat":[582,644,648,591],"product_tag":[],"class_list":{"0":"post-10135","1":"product","2":"type-product","3":"status-publish","4":"has-post-thumbnail","6":"product_cat-accessoires","7":"product_cat-accessoires-de-livraison","8":"product_cat-enviado-accessoires","9":"product_cat-velo-electrique","10":"sales-flash-overlay","11":"woocommerce-text-align-left","12":"woocommerce-image-align-center","13":"do-quantity-buttons","14":"wc-has-gallery","16":"first","17":"outofstock","18":"taxable","19":"shipping-taxable","20":"purchasable","21":"product-type-simple"},"acf":[],"yoast_head":"<!-- This site is optimized with the Yoast SEO Premium plugin v26.9 (Yoast SEO v27.4) - https:\/\/yoast.com\/product\/yoast-seo-premium-wordpress\/ -->\n<title>Warm Bag Pro - C\u00e2ble magn\u00e9tique 12V - ETRIX Elektroroller<\/title>\n<meta name=\"description\" content=\"C\u00e2ble magn\u00e9tique 12V pour le Warm Bag Pro. Le connecteur parfait pour votre Warm Bag Pro, pour une connexion plus longue.\" \/>\n<meta name=\"robots\" content=\"index, follow, max-snippet:-1, max-image-preview:large, max-video-preview:-1\" \/>\n<link rel=\"canonical\" href=\"https:\/\/www.etrix.ch\/fr\/produit\/warm-bag-pro-12v-cable-magnetique\/\" \/>\n<meta property=\"og:locale\" content=\"fr_FR\" \/>\n<meta property=\"og:type\" content=\"article\" \/>\n<meta property=\"og:title\" content=\"Warm Bag Pro - C\u00e2ble magn\u00e9tique 12V\" \/>\n<meta property=\"og:description\" content=\"C\u00e2ble magn\u00e9tique 12V pour le Warm Bag Pro. Le connecteur parfait pour votre Warm Bag Pro, pour une connexion plus longue.\" \/>\n<meta property=\"og:url\" content=\"https:\/\/www.etrix.ch\/fr\/produit\/warm-bag-pro-12v-cable-magnetique\/\" \/>\n<meta property=\"og:site_name\" content=\"ETRIX Elektroroller\" \/>\n<meta property=\"article:publisher\" content=\"https:\/\/m.facebook.com\/etrix.emotos\/\" \/>\n<meta property=\"article:modified_time\" content=\"2024-08-29T08:55:16+00:00\" \/>\n<meta property=\"og:image\" content=\"https:\/\/www.etrix.ch\/media\/2022\/03\/Stecker_Magnet_WarmBag_01.jpg\" \/>\n\t<meta property=\"og:image:width\" content=\"1000\" \/>\n\t<meta property=\"og:image:height\" content=\"1000\" \/>\n\t<meta property=\"og:image:type\" content=\"image\/jpeg\" \/>\n<meta name=\"twitter:card\" content=\"summary_large_image\" \/>\n<meta name=\"twitter:site\" content=\"@etrixag\" \/>\n<meta name=\"twitter:label1\" content=\"Prix\" \/>\n\t<meta name=\"twitter:data1\" content=\"&#067;&#072;&#070;&nbsp;35.00 inkl. MwSt.\" \/>\n\t<meta name=\"twitter:label2\" content=\"Disponibilit\u00e9\" \/>\n\t<meta name=\"twitter:data2\" content=\"Rupture de stock\" \/>\n<script type=\"application\/ld+json\" class=\"yoast-schema-graph\">{\"@context\":\"https:\\\/\\\/schema.org\",\"@graph\":[{\"@type\":\"WebPage\",\"@id\":\"https:\\\/\\\/www.etrix.ch\\\/fr\\\/produit\\\/warm-bag-pro-12v-cable-magnetique\\\/\",\"url\":\"https:\\\/\\\/www.etrix.ch\\\/fr\\\/produit\\\/warm-bag-pro-12v-cable-magnetique\\\/\",\"name\":\"Warm Bag Pro - C\u00e2ble magn\u00e9tique 12V - ETRIX Elektroroller\",\"isPartOf\":{\"@id\":\"https:\\\/\\\/www.etrix.ch\\\/fr\\\/#website\"},\"primaryImageOfPage\":{\"@id\":\"https:\\\/\\\/www.etrix.ch\\\/fr\\\/produit\\\/warm-bag-pro-12v-cable-magnetique\\\/#primaryimage\"},\"image\":{\"@id\":\"https:\\\/\\\/www.etrix.ch\\\/fr\\\/produit\\\/warm-bag-pro-12v-cable-magnetique\\\/#primaryimage\"},\"thumbnailUrl\":\"https:\\\/\\\/www.etrix.ch\\\/media\\\/2022\\\/03\\\/Stecker_Magnet_WarmBag_01.jpg\",\"datePublished\":\"2022-03-08T14:58:53+00:00\",\"dateModified\":\"2024-08-29T08:55:16+00:00\",\"description\":\"C\u00e2ble magn\u00e9tique 12V pour le Warm Bag Pro. Le connecteur parfait pour votre Warm Bag Pro, pour une connexion plus longue.\",\"breadcrumb\":{\"@id\":\"https:\\\/\\\/www.etrix.ch\\\/fr\\\/produit\\\/warm-bag-pro-12v-cable-magnetique\\\/#breadcrumb\"},\"inLanguage\":\"fr-FR\",\"potentialAction\":[{\"@type\":\"ReadAction\",\"target\":[\"https:\\\/\\\/www.etrix.ch\\\/fr\\\/produit\\\/warm-bag-pro-12v-cable-magnetique\\\/\"]}]},{\"@type\":\"ImageObject\",\"inLanguage\":\"fr-FR\",\"@id\":\"https:\\\/\\\/www.etrix.ch\\\/fr\\\/produit\\\/warm-bag-pro-12v-cable-magnetique\\\/#primaryimage\",\"url\":\"https:\\\/\\\/www.etrix.ch\\\/media\\\/2022\\\/03\\\/Stecker_Magnet_WarmBag_01.jpg\",\"contentUrl\":\"https:\\\/\\\/www.etrix.ch\\\/media\\\/2022\\\/03\\\/Stecker_Magnet_WarmBag_01.jpg\",\"width\":1000,\"height\":1000,\"caption\":\"Warm Bag Pro - 12V C\u00e2ble magn\u00e9tique Livraison Scooter Eroller\"},{\"@type\":\"BreadcrumbList\",\"@id\":\"https:\\\/\\\/www.etrix.ch\\\/fr\\\/produit\\\/warm-bag-pro-12v-cable-magnetique\\\/#breadcrumb\",\"itemListElement\":[{\"@type\":\"ListItem\",\"position\":1,\"name\":\"Accueil\",\"item\":\"https:\\\/\\\/www.etrix.ch\\\/fr\\\/page-daccueil\\\/\"},{\"@type\":\"ListItem\",\"position\":2,\"name\":\"Boutique\",\"item\":\"https:\\\/\\\/www.etrix.ch\\\/fr\\\/boutique\\\/\"},{\"@type\":\"ListItem\",\"position\":3,\"name\":\"Warm Bag Pro &#8211; C\u00e2ble magn\u00e9tique 12V\"}]},{\"@type\":\"WebSite\",\"@id\":\"https:\\\/\\\/www.etrix.ch\\\/fr\\\/#website\",\"url\":\"https:\\\/\\\/www.etrix.ch\\\/fr\\\/\",\"name\":\"ETRIX Elektroroller\",\"description\":\"E-Motos\",\"publisher\":{\"@id\":\"https:\\\/\\\/www.etrix.ch\\\/fr\\\/#organization\"},\"potentialAction\":[{\"@type\":\"SearchAction\",\"target\":{\"@type\":\"EntryPoint\",\"urlTemplate\":\"https:\\\/\\\/www.etrix.ch\\\/fr\\\/?s={search_term_string}\"},\"query-input\":{\"@type\":\"PropertyValueSpecification\",\"valueRequired\":true,\"valueName\":\"search_term_string\"}}],\"inLanguage\":\"fr-FR\"},{\"@type\":[\"Organization\",\"Place\",\"MotorcycleDealer\"],\"@id\":\"https:\\\/\\\/www.etrix.ch\\\/fr\\\/#organization\",\"name\":\"ETRIX E-Motos\",\"url\":\"https:\\\/\\\/www.etrix.ch\\\/fr\\\/\",\"logo\":{\"@id\":\"https:\\\/\\\/www.etrix.ch\\\/fr\\\/produit\\\/warm-bag-pro-12v-cable-magnetique\\\/#local-main-organization-logo\"},\"image\":{\"@id\":\"https:\\\/\\\/www.etrix.ch\\\/fr\\\/produit\\\/warm-bag-pro-12v-cable-magnetique\\\/#local-main-organization-logo\"},\"sameAs\":[\"https:\\\/\\\/m.facebook.com\\\/etrix.emotos\\\/\",\"https:\\\/\\\/x.com\\\/etrixag\",\"https:\\\/\\\/www.instagram.com\\\/etrix_emotos\\\/p\\\/BtVW6bXHtNv\\\/\",\"https:\\\/\\\/www.linkedin.com\\\/company\\\/etrix-ag\",\"https:\\\/\\\/www.youtube.com\\\/channel\\\/UCSd-hJdu5u8xPUEY60jexOw\"],\"address\":{\"@id\":\"https:\\\/\\\/www.etrix.ch\\\/fr\\\/produit\\\/warm-bag-pro-12v-cable-magnetique\\\/#local-main-place-address\"},\"geo\":{\"@type\":\"GeoCoordinates\",\"latitude\":\"47.43839497999372\",\"longitude\":\"8.465227605227366\"},\"telephone\":[\"043 931 00 45\"],\"openingHoursSpecification\":[{\"@type\":\"OpeningHoursSpecification\",\"dayOfWeek\":[\"Monday\",\"Sunday\"],\"opens\":\"00:00\",\"closes\":\"00:00\"},{\"@type\":\"OpeningHoursSpecification\",\"dayOfWeek\":[\"Tuesday\",\"Wednesday\",\"Thursday\",\"Friday\"],\"opens\":\"10:00\",\"closes\":\"18:00\"},{\"@type\":\"OpeningHoursSpecification\",\"dayOfWeek\":[\"Saturday\"],\"opens\":\"10:00\",\"closes\":\"15:00\"}]},{\"@type\":\"PostalAddress\",\"@id\":\"https:\\\/\\\/www.etrix.ch\\\/fr\\\/produit\\\/warm-bag-pro-12v-cable-magnetique\\\/#local-main-place-address\",\"streetAddress\":\"Riedthofstrasse 122\",\"addressLocality\":\"Regensdorf\",\"postalCode\":\"8105\",\"addressRegion\":\"Z\u00fcrich\",\"addressCountry\":\"CH\"},{\"@type\":\"ImageObject\",\"inLanguage\":\"fr-FR\",\"@id\":\"https:\\\/\\\/www.etrix.ch\\\/fr\\\/produit\\\/warm-bag-pro-12v-cable-magnetique\\\/#local-main-organization-logo\",\"url\":\"https:\\\/\\\/www.etrix.ch\\\/media\\\/2021\\\/05\\\/ETRIX-logo.png\",\"contentUrl\":\"https:\\\/\\\/www.etrix.ch\\\/media\\\/2021\\\/05\\\/ETRIX-logo.png\",\"width\":470,\"height\":85,\"caption\":\"ETRIX E-Motos\"}]}<\/script>\n<meta property=\"product:price:amount\" content=\"35.00\" \/>\n<meta property=\"product:price:currency\" content=\"CHF\" \/>\n<meta property=\"og:availability\" content=\"out of stock\" \/>\n<meta property=\"product:availability\" content=\"out of stock\" \/>\n<meta property=\"product:retailer_item_id\" content=\"RW200567\" \/>\n<meta property=\"product:condition\" content=\"new\" \/>\n<meta name=\"geo.placename\" content=\"Regensdorf\" \/>\n<meta name=\"geo.position\" content=\"47.43839497999372;8.465227605227366\" \/>\n<meta name=\"geo.region\" content=\"Suisse\" \/>\n<!-- \/ Yoast SEO Premium plugin. -->","yoast_head_json":{"title":"Warm Bag Pro - C\u00e2ble magn\u00e9tique 12V - ETRIX Elektroroller","description":"C\u00e2ble magn\u00e9tique 12V pour le Warm Bag Pro. Le connecteur parfait pour votre Warm Bag Pro, pour une connexion plus longue.","robots":{"index":"index","follow":"follow","max-snippet":"max-snippet:-1","max-image-preview":"max-image-preview:large","max-video-preview":"max-video-preview:-1"},"canonical":"https:\/\/www.etrix.ch\/fr\/produit\/warm-bag-pro-12v-cable-magnetique\/","og_locale":"fr_FR","og_type":"article","og_title":"Warm Bag Pro - C\u00e2ble magn\u00e9tique 12V","og_description":"C\u00e2ble magn\u00e9tique 12V pour le Warm Bag Pro. Le connecteur parfait pour votre Warm Bag Pro, pour une connexion plus longue.","og_url":"https:\/\/www.etrix.ch\/fr\/produit\/warm-bag-pro-12v-cable-magnetique\/","og_site_name":"ETRIX Elektroroller","article_publisher":"https:\/\/m.facebook.com\/etrix.emotos\/","article_modified_time":"2024-08-29T08:55:16+00:00","og_image":[{"width":1000,"height":1000,"url":"https:\/\/www.etrix.ch\/media\/2022\/03\/Stecker_Magnet_WarmBag_01.jpg","type":"image\/jpeg"}],"twitter_card":"summary_large_image","twitter_site":"@etrixag","twitter_misc":{"Prix":"&#67;&#72;&#70;&nbsp;35.00 inkl. MwSt.","Disponibilit\u00e9":"Rupture de stock"},"schema":{"@context":"https:\/\/schema.org","@graph":[{"@type":"WebPage","@id":"https:\/\/www.etrix.ch\/fr\/produit\/warm-bag-pro-12v-cable-magnetique\/","url":"https:\/\/www.etrix.ch\/fr\/produit\/warm-bag-pro-12v-cable-magnetique\/","name":"Warm Bag Pro - C\u00e2ble magn\u00e9tique 12V - ETRIX Elektroroller","isPartOf":{"@id":"https:\/\/www.etrix.ch\/fr\/#website"},"primaryImageOfPage":{"@id":"https:\/\/www.etrix.ch\/fr\/produit\/warm-bag-pro-12v-cable-magnetique\/#primaryimage"},"image":{"@id":"https:\/\/www.etrix.ch\/fr\/produit\/warm-bag-pro-12v-cable-magnetique\/#primaryimage"},"thumbnailUrl":"https:\/\/www.etrix.ch\/media\/2022\/03\/Stecker_Magnet_WarmBag_01.jpg","datePublished":"2022-03-08T14:58:53+00:00","dateModified":"2024-08-29T08:55:16+00:00","description":"C\u00e2ble magn\u00e9tique 12V pour le Warm Bag Pro. Le connecteur parfait pour votre Warm Bag Pro, pour une connexion plus longue.","breadcrumb":{"@id":"https:\/\/www.etrix.ch\/fr\/produit\/warm-bag-pro-12v-cable-magnetique\/#breadcrumb"},"inLanguage":"fr-FR","potentialAction":[{"@type":"ReadAction","target":["https:\/\/www.etrix.ch\/fr\/produit\/warm-bag-pro-12v-cable-magnetique\/"]}]},{"@type":"ImageObject","inLanguage":"fr-FR","@id":"https:\/\/www.etrix.ch\/fr\/produit\/warm-bag-pro-12v-cable-magnetique\/#primaryimage","url":"https:\/\/www.etrix.ch\/media\/2022\/03\/Stecker_Magnet_WarmBag_01.jpg","contentUrl":"https:\/\/www.etrix.ch\/media\/2022\/03\/Stecker_Magnet_WarmBag_01.jpg","width":1000,"height":1000,"caption":"Warm Bag Pro - 12V C\u00e2ble magn\u00e9tique Livraison Scooter Eroller"},{"@type":"BreadcrumbList","@id":"https:\/\/www.etrix.ch\/fr\/produit\/warm-bag-pro-12v-cable-magnetique\/#breadcrumb","itemListElement":[{"@type":"ListItem","position":1,"name":"Accueil","item":"https:\/\/www.etrix.ch\/fr\/page-daccueil\/"},{"@type":"ListItem","position":2,"name":"Boutique","item":"https:\/\/www.etrix.ch\/fr\/boutique\/"},{"@type":"ListItem","position":3,"name":"Warm Bag Pro &#8211; C\u00e2ble magn\u00e9tique 12V"}]},{"@type":"WebSite","@id":"https:\/\/www.etrix.ch\/fr\/#website","url":"https:\/\/www.etrix.ch\/fr\/","name":"ETRIX Elektroroller","description":"E-Motos","publisher":{"@id":"https:\/\/www.etrix.ch\/fr\/#organization"},"potentialAction":[{"@type":"SearchAction","target":{"@type":"EntryPoint","urlTemplate":"https:\/\/www.etrix.ch\/fr\/?s={search_term_string}"},"query-input":{"@type":"PropertyValueSpecification","valueRequired":true,"valueName":"search_term_string"}}],"inLanguage":"fr-FR"},{"@type":["Organization","Place","MotorcycleDealer"],"@id":"https:\/\/www.etrix.ch\/fr\/#organization","name":"ETRIX E-Motos","url":"https:\/\/www.etrix.ch\/fr\/","logo":{"@id":"https:\/\/www.etrix.ch\/fr\/produit\/warm-bag-pro-12v-cable-magnetique\/#local-main-organization-logo"},"image":{"@id":"https:\/\/www.etrix.ch\/fr\/produit\/warm-bag-pro-12v-cable-magnetique\/#local-main-organization-logo"},"sameAs":["https:\/\/m.facebook.com\/etrix.emotos\/","https:\/\/x.com\/etrixag","https:\/\/www.instagram.com\/etrix_emotos\/p\/BtVW6bXHtNv\/","https:\/\/www.linkedin.com\/company\/etrix-ag","https:\/\/www.youtube.com\/channel\/UCSd-hJdu5u8xPUEY60jexOw"],"address":{"@id":"https:\/\/www.etrix.ch\/fr\/produit\/warm-bag-pro-12v-cable-magnetique\/#local-main-place-address"},"geo":{"@type":"GeoCoordinates","latitude":"47.43839497999372","longitude":"8.465227605227366"},"telephone":["043 931 00 45"],"openingHoursSpecification":[{"@type":"OpeningHoursSpecification","dayOfWeek":["Monday","Sunday"],"opens":"00:00","closes":"00:00"},{"@type":"OpeningHoursSpecification","dayOfWeek":["Tuesday","Wednesday","Thursday","Friday"],"opens":"10:00","closes":"18:00"},{"@type":"OpeningHoursSpecification","dayOfWeek":["Saturday"],"opens":"10:00","closes":"15:00"}]},{"@type":"PostalAddress","@id":"https:\/\/www.etrix.ch\/fr\/produit\/warm-bag-pro-12v-cable-magnetique\/#local-main-place-address","streetAddress":"Riedthofstrasse 122","addressLocality":"Regensdorf","postalCode":"8105","addressRegion":"Z\u00fcrich","addressCountry":"CH"},{"@type":"ImageObject","inLanguage":"fr-FR","@id":"https:\/\/www.etrix.ch\/fr\/produit\/warm-bag-pro-12v-cable-magnetique\/#local-main-organization-logo","url":"https:\/\/www.etrix.ch\/media\/2021\/05\/ETRIX-logo.png","contentUrl":"https:\/\/www.etrix.ch\/media\/2021\/05\/ETRIX-logo.png","width":470,"height":85,"caption":"ETRIX E-Motos"}]},"product_price_amount":"35.00","product_price_currency":"CHF","og_availability":"out of stock","product_availability":"out of stock","product_retailer_item_id":"RW200567","product_condition":"new","geo.placename":"Regensdorf","geo.position":{"lat":"47.43839497999372","long":"8.465227605227366"},"geo.region":"Suisse"},"_links":{"self":[{"href":"https:\/\/www.etrix.ch\/fr\/wp-json\/wp\/v2\/product\/10135","targetHints":{"allow":["GET"]}}],"collection":[{"href":"https:\/\/www.etrix.ch\/fr\/wp-json\/wp\/v2\/product"}],"about":[{"href":"https:\/\/www.etrix.ch\/fr\/wp-json\/wp\/v2\/types\/product"}],"wp:featuredmedia":[{"embeddable":true,"href":"https:\/\/www.etrix.ch\/fr\/wp-json\/wp\/v2\/media\/8032"}],"wp:attachment":[{"href":"https:\/\/www.etrix.ch\/fr\/wp-json\/wp\/v2\/media?parent=10135"}],"wp:term":[{"taxonomy":"product_brand","embeddable":true,"href":"https:\/\/www.etrix.ch\/fr\/wp-json\/wp\/v2\/product_brand?post=10135"},{"taxonomy":"product_cat","embeddable":true,"href":"https:\/\/www.etrix.ch\/fr\/wp-json\/wp\/v2\/product_cat?post=10135"},{"taxonomy":"product_tag","embeddable":true,"href":"https:\/\/www.etrix.ch\/fr\/wp-json\/wp\/v2\/product_tag?post=10135"}],"curies":[{"name":"wp","href":"https:\/\/api.w.org\/{rel}","templated":true}]}}