{"id":10123,"date":"2022-03-04T11:54:21","date_gmt":"2022-03-04T10:54:21","guid":{"rendered":"https:\/\/www.etrix.ch\/glaciere-95l\/"},"modified":"2024-08-29T10:55:05","modified_gmt":"2024-08-29T08:55:05","slug":"kuehlbox-95-litre","status":"publish","type":"product","link":"https:\/\/www.etrix.ch\/fr\/produit\/kuehlbox-95-litre\/","title":{"rendered":"Glaci\u00e8re 95L"},"content":{"rendered":"<p class=\"x_MsoNormal\"><b>Bo\u00eete \u00e0 sushi tr\u00e8s l\u00e9g\u00e8re et incassable, exceptionnellement bien isol\u00e9e.<\/b><\/p>\n<p>  Bo\u00eete \u00e0 sushi de haute qualit\u00e9 en EPP (mat\u00e9riau du secteur automobile). Gr\u00e2ce au mat\u00e9riau utilis\u00e9, la bo\u00eete est tr\u00e8s l\u00e9g\u00e8re et isole tr\u00e8s bien. N\u00e9anmoins, le mat\u00e9riau est beaucoup plus incassable que le polystyr\u00e8ne. Bo\u00eete froide de haute qualit\u00e9 en EPP (mat\u00e9riau utilis\u00e9 dans le secteur automobile). En raison du mat\u00e9riau utilis\u00e9, la bo\u00eete est tr\u00e8s l\u00e9g\u00e8re et isole extraordinairement bien.  <\/p>\n<ul>\n<li>Dispositif de refroidissement de la batterie<\/li>\n<li>Dimensions int\u00e9rieures 49 x 48 x 40 cm<\/li>\n<li>Volume : 95 litres<\/li>\n<li>Panneaux publicitaires interchangeables sans outils<\/li>\n<li>Poids 7 kg<\/li>\n<li>bords int\u00e9rieurs arrondis - r\u00e9pond aux directives d&rsquo;hygi\u00e8ne de la gastronomie<\/li>\n<li>Convient aux scooters de livraison ETRIX et aux v\u00e9los \u00e9lectriques de livraison<\/li>\n<li>Un \u00e9tage de s\u00e9paration inclus<\/li>\n<li>Verrouillable<\/li>\n<li style=\"list-style-type: none\">\n<\/li>\n<\/ul>\n<p class=\"x_MsoNormal\">Remarque: La bo\u00eete est livr\u00e9e sans panneaux d\u2019affichage, plaque de montage et batterie de refroidissement<\/p>\n","protected":false},"excerpt":{"rendered":"<p>Bo\u00eete \u00e0 sushi tr\u00e8s l\u00e9g\u00e8re et incassable, exceptionnellement bien isol\u00e9e.<\/p>\n","protected":false},"featured_media":7976,"template":"","meta":{"_acf_changed":false},"product_brand":[],"product_cat":[582,644,648,591],"product_tag":[1404],"class_list":{"0":"post-10123","1":"product","2":"type-product","3":"status-publish","4":"has-post-thumbnail","6":"product_cat-accessoires","7":"product_cat-accessoires-de-livraison","8":"product_cat-enviado-accessoires","9":"product_cat-velo-electrique","10":"product_tag-accessoires-de-livraison","11":"pa_marke-enviado-fr","12":"sales-flash-overlay","13":"woocommerce-text-align-left","14":"woocommerce-image-align-center","15":"do-quantity-buttons","16":"wc-has-gallery","18":"first","19":"onbackorder","20":"taxable","21":"shipping-taxable","22":"purchasable","23":"product-type-simple"},"acf":[],"yoast_head":"<!-- This site is optimized with the Yoast SEO Premium plugin v26.9 (Yoast SEO v27.4) - https:\/\/yoast.com\/product\/yoast-seo-premium-wordpress\/ -->\n<title>Glaci\u00e8re 95L pour la livraison scooter - bo\u00eete de livraison ETRIX Elektroroller Bo\u00eete de livraison<\/title>\n<meta name=\"description\" content=\"La bo\u00eete est tr\u00e8s l\u00e9g\u00e8re et isole exceptionnellement bien. N\u00e9anmoins, le mat\u00e9riau est beaucoup plus incassable que le polystyr\u00e8ne\" \/>\n<meta name=\"robots\" content=\"index, follow, max-snippet:-1, max-image-preview:large, max-video-preview:-1\" \/>\n<link rel=\"canonical\" href=\"https:\/\/www.etrix.ch\/fr\/produit\/kuehlbox-95-litre\/\" \/>\n<meta property=\"og:locale\" content=\"fr_FR\" \/>\n<meta property=\"og:type\" content=\"article\" \/>\n<meta property=\"og:title\" content=\"Glaci\u00e8re 95L\" \/>\n<meta property=\"og:description\" content=\"La bo\u00eete est tr\u00e8s l\u00e9g\u00e8re et isole exceptionnellement bien. N\u00e9anmoins, le mat\u00e9riau est beaucoup plus incassable que le polystyr\u00e8ne\" \/>\n<meta property=\"og:url\" content=\"https:\/\/www.etrix.ch\/fr\/produit\/kuehlbox-95-litre\/\" \/>\n<meta property=\"og:site_name\" content=\"ETRIX Elektroroller\" \/>\n<meta property=\"article:publisher\" content=\"https:\/\/m.facebook.com\/etrix.emotos\/\" \/>\n<meta property=\"article:modified_time\" content=\"2024-08-29T08:55:05+00:00\" \/>\n<meta property=\"og:image\" content=\"https:\/\/www.etrix.ch\/media\/2022\/03\/Enviado_Cool_Box_03.jpg\" \/>\n\t<meta property=\"og:image:width\" content=\"1000\" \/>\n\t<meta property=\"og:image:height\" content=\"1000\" \/>\n\t<meta property=\"og:image:type\" content=\"image\/jpeg\" \/>\n<meta name=\"twitter:card\" content=\"summary_large_image\" \/>\n<meta name=\"twitter:site\" content=\"@etrixag\" \/>\n<meta name=\"twitter:label1\" content=\"Prix\" \/>\n\t<meta name=\"twitter:data1\" content=\"&#067;&#072;&#070;&nbsp;695.00 inkl. MwSt.\" \/>\n\t<meta name=\"twitter:label2\" content=\"Disponibilit\u00e9\" \/>\n\t<meta name=\"twitter:data2\" content=\"En r\u00e9assort\" \/>\n<script type=\"application\/ld+json\" class=\"yoast-schema-graph\">{\"@context\":\"https:\\\/\\\/schema.org\",\"@graph\":[{\"@type\":\"WebPage\",\"@id\":\"https:\\\/\\\/www.etrix.ch\\\/fr\\\/produit\\\/kuehlbox-95-litre\\\/\",\"url\":\"https:\\\/\\\/www.etrix.ch\\\/fr\\\/produit\\\/kuehlbox-95-litre\\\/\",\"name\":\"Glaci\u00e8re 95L pour la livraison scooter - bo\u00eete de livraison ETRIX Elektroroller Bo\u00eete de livraison\",\"isPartOf\":{\"@id\":\"https:\\\/\\\/www.etrix.ch\\\/fr\\\/#website\"},\"primaryImageOfPage\":{\"@id\":\"https:\\\/\\\/www.etrix.ch\\\/fr\\\/produit\\\/kuehlbox-95-litre\\\/#primaryimage\"},\"image\":{\"@id\":\"https:\\\/\\\/www.etrix.ch\\\/fr\\\/produit\\\/kuehlbox-95-litre\\\/#primaryimage\"},\"thumbnailUrl\":\"https:\\\/\\\/www.etrix.ch\\\/media\\\/2022\\\/03\\\/Enviado_Cool_Box_03.jpg\",\"datePublished\":\"2022-03-04T10:54:21+00:00\",\"dateModified\":\"2024-08-29T08:55:05+00:00\",\"description\":\"La bo\u00eete est tr\u00e8s l\u00e9g\u00e8re et isole exceptionnellement bien. N\u00e9anmoins, le mat\u00e9riau est beaucoup plus incassable que le polystyr\u00e8ne\",\"breadcrumb\":{\"@id\":\"https:\\\/\\\/www.etrix.ch\\\/fr\\\/produit\\\/kuehlbox-95-litre\\\/#breadcrumb\"},\"inLanguage\":\"fr-FR\",\"potentialAction\":[{\"@type\":\"ReadAction\",\"target\":[\"https:\\\/\\\/www.etrix.ch\\\/fr\\\/produit\\\/kuehlbox-95-litre\\\/\"]}]},{\"@type\":\"ImageObject\",\"inLanguage\":\"fr-FR\",\"@id\":\"https:\\\/\\\/www.etrix.ch\\\/fr\\\/produit\\\/kuehlbox-95-litre\\\/#primaryimage\",\"url\":\"https:\\\/\\\/www.etrix.ch\\\/media\\\/2022\\\/03\\\/Enviado_Cool_Box_03.jpg\",\"contentUrl\":\"https:\\\/\\\/www.etrix.ch\\\/media\\\/2022\\\/03\\\/Enviado_Cool_Box_03.jpg\",\"width\":1000,\"height\":1000,\"caption\":\"Cooler 95 litres livraison scooter scooter \u00e9lectrique scooter\"},{\"@type\":\"BreadcrumbList\",\"@id\":\"https:\\\/\\\/www.etrix.ch\\\/fr\\\/produit\\\/kuehlbox-95-litre\\\/#breadcrumb\",\"itemListElement\":[{\"@type\":\"ListItem\",\"position\":1,\"name\":\"Accueil\",\"item\":\"https:\\\/\\\/www.etrix.ch\\\/fr\\\/page-daccueil\\\/\"},{\"@type\":\"ListItem\",\"position\":2,\"name\":\"Boutique\",\"item\":\"https:\\\/\\\/www.etrix.ch\\\/fr\\\/boutique\\\/\"},{\"@type\":\"ListItem\",\"position\":3,\"name\":\"Glaci\u00e8re 95L\"}]},{\"@type\":\"WebSite\",\"@id\":\"https:\\\/\\\/www.etrix.ch\\\/fr\\\/#website\",\"url\":\"https:\\\/\\\/www.etrix.ch\\\/fr\\\/\",\"name\":\"ETRIX Elektroroller\",\"description\":\"E-Motos\",\"publisher\":{\"@id\":\"https:\\\/\\\/www.etrix.ch\\\/fr\\\/#organization\"},\"potentialAction\":[{\"@type\":\"SearchAction\",\"target\":{\"@type\":\"EntryPoint\",\"urlTemplate\":\"https:\\\/\\\/www.etrix.ch\\\/fr\\\/?s={search_term_string}\"},\"query-input\":{\"@type\":\"PropertyValueSpecification\",\"valueRequired\":true,\"valueName\":\"search_term_string\"}}],\"inLanguage\":\"fr-FR\"},{\"@type\":[\"Organization\",\"Place\",\"MotorcycleDealer\"],\"@id\":\"https:\\\/\\\/www.etrix.ch\\\/fr\\\/#organization\",\"name\":\"ETRIX E-Motos\",\"url\":\"https:\\\/\\\/www.etrix.ch\\\/fr\\\/\",\"logo\":{\"@id\":\"https:\\\/\\\/www.etrix.ch\\\/fr\\\/produit\\\/kuehlbox-95-litre\\\/#local-main-organization-logo\"},\"image\":{\"@id\":\"https:\\\/\\\/www.etrix.ch\\\/fr\\\/produit\\\/kuehlbox-95-litre\\\/#local-main-organization-logo\"},\"sameAs\":[\"https:\\\/\\\/m.facebook.com\\\/etrix.emotos\\\/\",\"https:\\\/\\\/x.com\\\/etrixag\",\"https:\\\/\\\/www.instagram.com\\\/etrix_emotos\\\/p\\\/BtVW6bXHtNv\\\/\",\"https:\\\/\\\/www.linkedin.com\\\/company\\\/etrix-ag\",\"https:\\\/\\\/www.youtube.com\\\/channel\\\/UCSd-hJdu5u8xPUEY60jexOw\"],\"address\":{\"@id\":\"https:\\\/\\\/www.etrix.ch\\\/fr\\\/produit\\\/kuehlbox-95-litre\\\/#local-main-place-address\"},\"geo\":{\"@type\":\"GeoCoordinates\",\"latitude\":\"47.43839497999372\",\"longitude\":\"8.465227605227366\"},\"telephone\":[\"043 931 00 45\"],\"openingHoursSpecification\":[{\"@type\":\"OpeningHoursSpecification\",\"dayOfWeek\":[\"Monday\",\"Sunday\"],\"opens\":\"00:00\",\"closes\":\"00:00\"},{\"@type\":\"OpeningHoursSpecification\",\"dayOfWeek\":[\"Tuesday\",\"Wednesday\",\"Thursday\",\"Friday\"],\"opens\":\"10:00\",\"closes\":\"18:00\"},{\"@type\":\"OpeningHoursSpecification\",\"dayOfWeek\":[\"Saturday\"],\"opens\":\"10:00\",\"closes\":\"15:00\"}]},{\"@type\":\"PostalAddress\",\"@id\":\"https:\\\/\\\/www.etrix.ch\\\/fr\\\/produit\\\/kuehlbox-95-litre\\\/#local-main-place-address\",\"streetAddress\":\"Riedthofstrasse 122\",\"addressLocality\":\"Regensdorf\",\"postalCode\":\"8105\",\"addressRegion\":\"Z\u00fcrich\",\"addressCountry\":\"CH\"},{\"@type\":\"ImageObject\",\"inLanguage\":\"fr-FR\",\"@id\":\"https:\\\/\\\/www.etrix.ch\\\/fr\\\/produit\\\/kuehlbox-95-litre\\\/#local-main-organization-logo\",\"url\":\"https:\\\/\\\/www.etrix.ch\\\/media\\\/2021\\\/05\\\/ETRIX-logo.png\",\"contentUrl\":\"https:\\\/\\\/www.etrix.ch\\\/media\\\/2021\\\/05\\\/ETRIX-logo.png\",\"width\":470,\"height\":85,\"caption\":\"ETRIX E-Motos\"}]}<\/script>\n<meta property=\"product:brand\" content=\"Enviado\" \/>\n<meta property=\"product:price:amount\" content=\"695.00\" \/>\n<meta property=\"product:price:currency\" content=\"CHF\" \/>\n<meta property=\"og:availability\" content=\"backorder\" \/>\n<meta property=\"product:availability\" content=\"available for order\" \/>\n<meta property=\"product:retailer_item_id\" content=\"RW200600\" \/>\n<meta property=\"product:condition\" content=\"new\" \/>\n<meta name=\"geo.placename\" content=\"Regensdorf\" \/>\n<meta name=\"geo.position\" content=\"47.43839497999372;8.465227605227366\" \/>\n<meta name=\"geo.region\" content=\"Suisse\" \/>\n<!-- \/ Yoast SEO Premium plugin. -->","yoast_head_json":{"title":"Glaci\u00e8re 95L pour la livraison scooter - bo\u00eete de livraison ETRIX Elektroroller Bo\u00eete de livraison","description":"La bo\u00eete est tr\u00e8s l\u00e9g\u00e8re et isole exceptionnellement bien. N\u00e9anmoins, le mat\u00e9riau est beaucoup plus incassable que le polystyr\u00e8ne","robots":{"index":"index","follow":"follow","max-snippet":"max-snippet:-1","max-image-preview":"max-image-preview:large","max-video-preview":"max-video-preview:-1"},"canonical":"https:\/\/www.etrix.ch\/fr\/produit\/kuehlbox-95-litre\/","og_locale":"fr_FR","og_type":"article","og_title":"Glaci\u00e8re 95L","og_description":"La bo\u00eete est tr\u00e8s l\u00e9g\u00e8re et isole exceptionnellement bien. N\u00e9anmoins, le mat\u00e9riau est beaucoup plus incassable que le polystyr\u00e8ne","og_url":"https:\/\/www.etrix.ch\/fr\/produit\/kuehlbox-95-litre\/","og_site_name":"ETRIX Elektroroller","article_publisher":"https:\/\/m.facebook.com\/etrix.emotos\/","article_modified_time":"2024-08-29T08:55:05+00:00","og_image":[{"width":1000,"height":1000,"url":"https:\/\/www.etrix.ch\/media\/2022\/03\/Enviado_Cool_Box_03.jpg","type":"image\/jpeg"}],"twitter_card":"summary_large_image","twitter_site":"@etrixag","twitter_misc":{"Prix":"&#67;&#72;&#70;&nbsp;695.00 inkl. MwSt.","Disponibilit\u00e9":"En r\u00e9assort"},"schema":{"@context":"https:\/\/schema.org","@graph":[{"@type":"WebPage","@id":"https:\/\/www.etrix.ch\/fr\/produit\/kuehlbox-95-litre\/","url":"https:\/\/www.etrix.ch\/fr\/produit\/kuehlbox-95-litre\/","name":"Glaci\u00e8re 95L pour la livraison scooter - bo\u00eete de livraison ETRIX Elektroroller Bo\u00eete de livraison","isPartOf":{"@id":"https:\/\/www.etrix.ch\/fr\/#website"},"primaryImageOfPage":{"@id":"https:\/\/www.etrix.ch\/fr\/produit\/kuehlbox-95-litre\/#primaryimage"},"image":{"@id":"https:\/\/www.etrix.ch\/fr\/produit\/kuehlbox-95-litre\/#primaryimage"},"thumbnailUrl":"https:\/\/www.etrix.ch\/media\/2022\/03\/Enviado_Cool_Box_03.jpg","datePublished":"2022-03-04T10:54:21+00:00","dateModified":"2024-08-29T08:55:05+00:00","description":"La bo\u00eete est tr\u00e8s l\u00e9g\u00e8re et isole exceptionnellement bien. N\u00e9anmoins, le mat\u00e9riau est beaucoup plus incassable que le polystyr\u00e8ne","breadcrumb":{"@id":"https:\/\/www.etrix.ch\/fr\/produit\/kuehlbox-95-litre\/#breadcrumb"},"inLanguage":"fr-FR","potentialAction":[{"@type":"ReadAction","target":["https:\/\/www.etrix.ch\/fr\/produit\/kuehlbox-95-litre\/"]}]},{"@type":"ImageObject","inLanguage":"fr-FR","@id":"https:\/\/www.etrix.ch\/fr\/produit\/kuehlbox-95-litre\/#primaryimage","url":"https:\/\/www.etrix.ch\/media\/2022\/03\/Enviado_Cool_Box_03.jpg","contentUrl":"https:\/\/www.etrix.ch\/media\/2022\/03\/Enviado_Cool_Box_03.jpg","width":1000,"height":1000,"caption":"Cooler 95 litres livraison scooter scooter \u00e9lectrique scooter"},{"@type":"BreadcrumbList","@id":"https:\/\/www.etrix.ch\/fr\/produit\/kuehlbox-95-litre\/#breadcrumb","itemListElement":[{"@type":"ListItem","position":1,"name":"Accueil","item":"https:\/\/www.etrix.ch\/fr\/page-daccueil\/"},{"@type":"ListItem","position":2,"name":"Boutique","item":"https:\/\/www.etrix.ch\/fr\/boutique\/"},{"@type":"ListItem","position":3,"name":"Glaci\u00e8re 95L"}]},{"@type":"WebSite","@id":"https:\/\/www.etrix.ch\/fr\/#website","url":"https:\/\/www.etrix.ch\/fr\/","name":"ETRIX Elektroroller","description":"E-Motos","publisher":{"@id":"https:\/\/www.etrix.ch\/fr\/#organization"},"potentialAction":[{"@type":"SearchAction","target":{"@type":"EntryPoint","urlTemplate":"https:\/\/www.etrix.ch\/fr\/?s={search_term_string}"},"query-input":{"@type":"PropertyValueSpecification","valueRequired":true,"valueName":"search_term_string"}}],"inLanguage":"fr-FR"},{"@type":["Organization","Place","MotorcycleDealer"],"@id":"https:\/\/www.etrix.ch\/fr\/#organization","name":"ETRIX E-Motos","url":"https:\/\/www.etrix.ch\/fr\/","logo":{"@id":"https:\/\/www.etrix.ch\/fr\/produit\/kuehlbox-95-litre\/#local-main-organization-logo"},"image":{"@id":"https:\/\/www.etrix.ch\/fr\/produit\/kuehlbox-95-litre\/#local-main-organization-logo"},"sameAs":["https:\/\/m.facebook.com\/etrix.emotos\/","https:\/\/x.com\/etrixag","https:\/\/www.instagram.com\/etrix_emotos\/p\/BtVW6bXHtNv\/","https:\/\/www.linkedin.com\/company\/etrix-ag","https:\/\/www.youtube.com\/channel\/UCSd-hJdu5u8xPUEY60jexOw"],"address":{"@id":"https:\/\/www.etrix.ch\/fr\/produit\/kuehlbox-95-litre\/#local-main-place-address"},"geo":{"@type":"GeoCoordinates","latitude":"47.43839497999372","longitude":"8.465227605227366"},"telephone":["043 931 00 45"],"openingHoursSpecification":[{"@type":"OpeningHoursSpecification","dayOfWeek":["Monday","Sunday"],"opens":"00:00","closes":"00:00"},{"@type":"OpeningHoursSpecification","dayOfWeek":["Tuesday","Wednesday","Thursday","Friday"],"opens":"10:00","closes":"18:00"},{"@type":"OpeningHoursSpecification","dayOfWeek":["Saturday"],"opens":"10:00","closes":"15:00"}]},{"@type":"PostalAddress","@id":"https:\/\/www.etrix.ch\/fr\/produit\/kuehlbox-95-litre\/#local-main-place-address","streetAddress":"Riedthofstrasse 122","addressLocality":"Regensdorf","postalCode":"8105","addressRegion":"Z\u00fcrich","addressCountry":"CH"},{"@type":"ImageObject","inLanguage":"fr-FR","@id":"https:\/\/www.etrix.ch\/fr\/produit\/kuehlbox-95-litre\/#local-main-organization-logo","url":"https:\/\/www.etrix.ch\/media\/2021\/05\/ETRIX-logo.png","contentUrl":"https:\/\/www.etrix.ch\/media\/2021\/05\/ETRIX-logo.png","width":470,"height":85,"caption":"ETRIX E-Motos"}]},"product_brand":"Enviado","product_price_amount":"695.00","product_price_currency":"CHF","og_availability":"backorder","product_availability":"available for order","product_retailer_item_id":"RW200600","product_condition":"new","geo.placename":"Regensdorf","geo.position":{"lat":"47.43839497999372","long":"8.465227605227366"},"geo.region":"Suisse"},"_links":{"self":[{"href":"https:\/\/www.etrix.ch\/fr\/wp-json\/wp\/v2\/product\/10123","targetHints":{"allow":["GET"]}}],"collection":[{"href":"https:\/\/www.etrix.ch\/fr\/wp-json\/wp\/v2\/product"}],"about":[{"href":"https:\/\/www.etrix.ch\/fr\/wp-json\/wp\/v2\/types\/product"}],"wp:featuredmedia":[{"embeddable":true,"href":"https:\/\/www.etrix.ch\/fr\/wp-json\/wp\/v2\/media\/7976"}],"wp:attachment":[{"href":"https:\/\/www.etrix.ch\/fr\/wp-json\/wp\/v2\/media?parent=10123"}],"wp:term":[{"taxonomy":"product_brand","embeddable":true,"href":"https:\/\/www.etrix.ch\/fr\/wp-json\/wp\/v2\/product_brand?post=10123"},{"taxonomy":"product_cat","embeddable":true,"href":"https:\/\/www.etrix.ch\/fr\/wp-json\/wp\/v2\/product_cat?post=10123"},{"taxonomy":"product_tag","embeddable":true,"href":"https:\/\/www.etrix.ch\/fr\/wp-json\/wp\/v2\/product_tag?post=10123"}],"curies":[{"name":"wp","href":"https:\/\/api.w.org\/{rel}","templated":true}]}}