{"id":10118,"date":"2020-04-02T20:28:41","date_gmt":"2020-04-02T18:28:41","guid":{"rendered":"https:\/\/www.etrix.ch\/enviado-sac-a-dos-de-transport-expandable-42l-80l-noir-modele-2020\/"},"modified":"2024-08-29T10:54:55","modified_gmt":"2024-08-29T08:54:55","slug":"enviado-sac-a-dos-de-transport-extensible-modele-noir-2020","status":"publish","type":"product","link":"https:\/\/www.etrix.ch\/fr\/produit\/enviado-sac-a-dos-de-transport-extensible-modele-noir-2020\/","title":{"rendered":"enviado Sac \u00e0 dos de transport Expandable 42L\/80L - noir (mod\u00e8le 2020)"},"content":{"rendered":"<p><strong>Sac \u00e0 dos de coursier tr\u00e8s l\u00e9ger et confortable !<\/strong> Sac \u00e0 dos&nbsp; de transport de tr\u00e8s haute qualit\u00e9 \u2013 exactement le m\u00eame mod\u00e8le que celui utilis\u00e9 par les services de livraison mondiaux depuis 2018. Le sac \u00e0 dos est fabriqu\u00e9 en Tarpaulin noir&nbsp;imperm\u00e9able \u00e0 l&rsquo;eau et est \u00e9quip\u00e9 d&rsquo;une isolation en mousse haute densit\u00e9&nbsp;. \u00c0 l&rsquo;int\u00e9rieur, un rev\u00eatement convexe en aluminium assure un rayonnement minimal de la chaleur. Ainsi, la nourriture reste chaude dans le sac \u00e0 dos. Les sacoches lat\u00e9rales, ainsi que la partie arri\u00e8re, sont fabriqu\u00e9es dans un mat\u00e9riau r\u00e9fl\u00e9chissant, de sorte que vous pouvez bien voir les pilotes m\u00eame dans l\u2019obscurit\u00e9.  <\/p>\n<ul>\n<li>Sac \u00e0 dos standard global de nombreux services de livraison depuis 2018<\/li>\n<li>dimensions int\u00e9rieures 43 x 44 x 22 cm ou \u00e9tendues 43 x 44 x 42 cm<\/li>\n<li>Volume : 42 litres - 80 litres<\/li>\n<li>poids 2,5 kg<\/li>\n<li>poches lat\u00e9rales et partie arri\u00e8re en mat\u00e9riau r\u00e9fl\u00e9chissant<\/li>\n<li>Le sac \u00e0 dos de livraison peut facilement \u00eatre recouvert de films publicitaires<\/li>\n<\/ul>\n","protected":false},"excerpt":{"rendered":"<p>Sac \u00e0 dos de transport de tr\u00e8s haute qualit\u00e9 ! Extensible de 22 cm \u00e0 42 cm.<\/p>\n","protected":false},"featured_media":6490,"template":"","meta":{"_acf_changed":false},"product_brand":[],"product_cat":[582,644,648,591],"product_tag":[1404],"class_list":{"0":"post-10118","1":"product","2":"type-product","3":"status-publish","4":"has-post-thumbnail","6":"product_cat-accessoires","7":"product_cat-accessoires-de-livraison","8":"product_cat-enviado-accessoires","9":"product_cat-velo-electrique","10":"product_tag-accessoires-de-livraison","11":"pa_marke-enviado-fr","12":"sales-flash-overlay","13":"woocommerce-text-align-left","14":"woocommerce-image-align-center","15":"do-quantity-buttons","16":"wc-has-gallery","18":"first","19":"instock","20":"taxable","21":"shipping-taxable","22":"purchasable","23":"product-type-simple"},"acf":[],"yoast_head":"<!-- This site is optimized with the Yoast SEO Premium plugin v26.9 (Yoast SEO v27.5) - https:\/\/yoast.com\/product\/yoast-seo-premium-wordpress\/ -->\n<title>enviado Sac \u00e0 dos de transport Expandable 42L\/80L - noir (mod\u00e8le 2020) -<\/title>\n<meta name=\"description\" content=\"Sac \u00e0 dos de transport de tr\u00e8s haute qualit\u00e9. Le sac \u00e0 dos est fabriqu\u00e9 en tarpaulin imperm\u00e9able &amp; est dot\u00e9 d&#039;une isolation en mousse dense.\" \/>\n<meta name=\"robots\" content=\"index, follow, max-snippet:-1, max-image-preview:large, max-video-preview:-1\" \/>\n<link rel=\"canonical\" href=\"https:\/\/www.etrix.ch\/fr\/produit\/enviado-sac-a-dos-de-transport-extensible-modele-noir-2020\/\" \/>\n<meta property=\"og:locale\" content=\"fr_FR\" \/>\n<meta property=\"og:type\" content=\"article\" \/>\n<meta property=\"og:title\" content=\"enviado Sac \u00e0 dos de transport Expandable 42L\/80L - noir (mod\u00e8le 2020)\" \/>\n<meta property=\"og:description\" content=\"Sac \u00e0 dos de transport de tr\u00e8s haute qualit\u00e9. Le sac \u00e0 dos est fabriqu\u00e9 en tarpaulin imperm\u00e9able &amp; est dot\u00e9 d&#039;une isolation en mousse dense.\" \/>\n<meta property=\"og:url\" content=\"https:\/\/www.etrix.ch\/fr\/produit\/enviado-sac-a-dos-de-transport-extensible-modele-noir-2020\/\" \/>\n<meta property=\"og:site_name\" content=\"ETRIX Elektroroller\" \/>\n<meta property=\"article:publisher\" content=\"https:\/\/m.facebook.com\/etrix.emotos\/\" \/>\n<meta property=\"article:modified_time\" content=\"2024-08-29T08:54:55+00:00\" \/>\n<meta property=\"og:image\" content=\"https:\/\/www.etrix.ch\/media\/2021\/05\/IMG-2068.jpg\" \/>\n\t<meta property=\"og:image:width\" content=\"2048\" \/>\n\t<meta property=\"og:image:height\" content=\"2048\" \/>\n\t<meta property=\"og:image:type\" content=\"image\/jpeg\" \/>\n<meta name=\"twitter:card\" content=\"summary_large_image\" \/>\n<meta name=\"twitter:site\" content=\"@etrixag\" \/>\n<meta name=\"twitter:label1\" content=\"Prix\" \/>\n\t<meta name=\"twitter:data1\" content=\"&#067;&#072;&#070;&nbsp;181.00 inkl. MwSt.\" \/>\n\t<meta name=\"twitter:label2\" content=\"Disponibilit\u00e9\" \/>\n\t<meta name=\"twitter:data2\" content=\"En stock\" \/>\n<script type=\"application\/ld+json\" class=\"yoast-schema-graph\">{\"@context\":\"https:\\\/\\\/schema.org\",\"@graph\":[{\"@type\":\"WebPage\",\"@id\":\"https:\\\/\\\/www.etrix.ch\\\/fr\\\/produit\\\/enviado-sac-a-dos-de-transport-extensible-modele-noir-2020\\\/\",\"url\":\"https:\\\/\\\/www.etrix.ch\\\/fr\\\/produit\\\/enviado-sac-a-dos-de-transport-extensible-modele-noir-2020\\\/\",\"name\":\"enviado Sac \u00e0 dos de transport Expandable 42L\\\/80L - noir (mod\u00e8le 2020) -\",\"isPartOf\":{\"@id\":\"https:\\\/\\\/www.etrix.ch\\\/fr\\\/#website\"},\"primaryImageOfPage\":{\"@id\":\"https:\\\/\\\/www.etrix.ch\\\/fr\\\/produit\\\/enviado-sac-a-dos-de-transport-extensible-modele-noir-2020\\\/#primaryimage\"},\"image\":{\"@id\":\"https:\\\/\\\/www.etrix.ch\\\/fr\\\/produit\\\/enviado-sac-a-dos-de-transport-extensible-modele-noir-2020\\\/#primaryimage\"},\"thumbnailUrl\":\"https:\\\/\\\/www.etrix.ch\\\/media\\\/2021\\\/05\\\/IMG-2068.jpg\",\"datePublished\":\"2020-04-02T18:28:41+00:00\",\"dateModified\":\"2024-08-29T08:54:55+00:00\",\"description\":\"Sac \u00e0 dos de transport de tr\u00e8s haute qualit\u00e9. Le sac \u00e0 dos est fabriqu\u00e9 en tarpaulin imperm\u00e9able & est dot\u00e9 d'une isolation en mousse dense.\",\"breadcrumb\":{\"@id\":\"https:\\\/\\\/www.etrix.ch\\\/fr\\\/produit\\\/enviado-sac-a-dos-de-transport-extensible-modele-noir-2020\\\/#breadcrumb\"},\"inLanguage\":\"fr-FR\",\"potentialAction\":[{\"@type\":\"ReadAction\",\"target\":[\"https:\\\/\\\/www.etrix.ch\\\/fr\\\/produit\\\/enviado-sac-a-dos-de-transport-extensible-modele-noir-2020\\\/\"]}]},{\"@type\":\"ImageObject\",\"inLanguage\":\"fr-FR\",\"@id\":\"https:\\\/\\\/www.etrix.ch\\\/fr\\\/produit\\\/enviado-sac-a-dos-de-transport-extensible-modele-noir-2020\\\/#primaryimage\",\"url\":\"https:\\\/\\\/www.etrix.ch\\\/media\\\/2021\\\/05\\\/IMG-2068.jpg\",\"contentUrl\":\"https:\\\/\\\/www.etrix.ch\\\/media\\\/2021\\\/05\\\/IMG-2068.jpg\",\"width\":2048,\"height\":2048,\"caption\":\"enviado Sac \u00e0 dos de transport Sac \u00e0 dos de livraison V\u00e9lo de livraison Scooter \u00e9lectrique\"},{\"@type\":\"BreadcrumbList\",\"@id\":\"https:\\\/\\\/www.etrix.ch\\\/fr\\\/produit\\\/enviado-sac-a-dos-de-transport-extensible-modele-noir-2020\\\/#breadcrumb\",\"itemListElement\":[{\"@type\":\"ListItem\",\"position\":1,\"name\":\"Accueil\",\"item\":\"https:\\\/\\\/www.etrix.ch\\\/fr\\\/\"},{\"@type\":\"ListItem\",\"position\":2,\"name\":\"Boutique\",\"item\":\"https:\\\/\\\/www.etrix.ch\\\/fr\\\/boutique\\\/\"},{\"@type\":\"ListItem\",\"position\":3,\"name\":\"enviado Sac \u00e0 dos de transport Expandable 42L\\\/80L &#8211; noir (mod\u00e8le 2020)\"}]},{\"@type\":\"WebSite\",\"@id\":\"https:\\\/\\\/www.etrix.ch\\\/fr\\\/#website\",\"url\":\"https:\\\/\\\/www.etrix.ch\\\/fr\\\/\",\"name\":\"ETRIX Elektroroller\",\"description\":\"E-Motos\",\"publisher\":{\"@id\":\"https:\\\/\\\/www.etrix.ch\\\/fr\\\/#organization\"},\"potentialAction\":[{\"@type\":\"SearchAction\",\"target\":{\"@type\":\"EntryPoint\",\"urlTemplate\":\"https:\\\/\\\/www.etrix.ch\\\/fr\\\/?s={search_term_string}\"},\"query-input\":{\"@type\":\"PropertyValueSpecification\",\"valueRequired\":true,\"valueName\":\"search_term_string\"}}],\"inLanguage\":\"fr-FR\"},{\"@type\":[\"Organization\",\"Place\",\"MotorcycleDealer\"],\"@id\":\"https:\\\/\\\/www.etrix.ch\\\/fr\\\/#organization\",\"name\":\"ETRIX E-Motos\",\"url\":\"https:\\\/\\\/www.etrix.ch\\\/fr\\\/\",\"logo\":{\"@id\":\"https:\\\/\\\/www.etrix.ch\\\/fr\\\/produit\\\/enviado-sac-a-dos-de-transport-extensible-modele-noir-2020\\\/#local-main-organization-logo\"},\"image\":{\"@id\":\"https:\\\/\\\/www.etrix.ch\\\/fr\\\/produit\\\/enviado-sac-a-dos-de-transport-extensible-modele-noir-2020\\\/#local-main-organization-logo\"},\"sameAs\":[\"https:\\\/\\\/m.facebook.com\\\/etrix.emotos\\\/\",\"https:\\\/\\\/x.com\\\/etrixag\",\"https:\\\/\\\/www.instagram.com\\\/etrix_emotos\\\/p\\\/BtVW6bXHtNv\\\/\",\"https:\\\/\\\/www.linkedin.com\\\/company\\\/etrix-ag\",\"https:\\\/\\\/www.youtube.com\\\/channel\\\/UCSd-hJdu5u8xPUEY60jexOw\"],\"address\":{\"@id\":\"https:\\\/\\\/www.etrix.ch\\\/fr\\\/produit\\\/enviado-sac-a-dos-de-transport-extensible-modele-noir-2020\\\/#local-main-place-address\"},\"geo\":{\"@type\":\"GeoCoordinates\",\"latitude\":\"47.43839497999372\",\"longitude\":\"8.465227605227366\"},\"telephone\":[\"043 931 00 45\"],\"openingHoursSpecification\":[{\"@type\":\"OpeningHoursSpecification\",\"dayOfWeek\":[\"Monday\",\"Sunday\"],\"opens\":\"00:00\",\"closes\":\"00:00\"},{\"@type\":\"OpeningHoursSpecification\",\"dayOfWeek\":[\"Tuesday\",\"Wednesday\",\"Thursday\",\"Friday\"],\"opens\":\"10:00\",\"closes\":\"18:00\"},{\"@type\":\"OpeningHoursSpecification\",\"dayOfWeek\":[\"Saturday\"],\"opens\":\"10:00\",\"closes\":\"15:00\"}]},{\"@type\":\"PostalAddress\",\"@id\":\"https:\\\/\\\/www.etrix.ch\\\/fr\\\/produit\\\/enviado-sac-a-dos-de-transport-extensible-modele-noir-2020\\\/#local-main-place-address\",\"streetAddress\":\"Riedthofstrasse 122\",\"addressLocality\":\"Regensdorf\",\"postalCode\":\"8105\",\"addressRegion\":\"Z\u00fcrich\",\"addressCountry\":\"CH\"},{\"@type\":\"ImageObject\",\"inLanguage\":\"fr-FR\",\"@id\":\"https:\\\/\\\/www.etrix.ch\\\/fr\\\/produit\\\/enviado-sac-a-dos-de-transport-extensible-modele-noir-2020\\\/#local-main-organization-logo\",\"url\":\"https:\\\/\\\/www.etrix.ch\\\/media\\\/2021\\\/05\\\/ETRIX-logo.png\",\"contentUrl\":\"https:\\\/\\\/www.etrix.ch\\\/media\\\/2021\\\/05\\\/ETRIX-logo.png\",\"width\":470,\"height\":85,\"caption\":\"ETRIX E-Motos\"}]}<\/script>\n<meta property=\"product:brand\" content=\"Enviado\" \/>\n<meta property=\"product:price:amount\" content=\"181.00\" \/>\n<meta property=\"product:price:currency\" content=\"CHF\" \/>\n<meta property=\"og:availability\" content=\"instock\" \/>\n<meta property=\"product:availability\" content=\"instock\" \/>\n<meta property=\"product:retailer_item_id\" content=\"AC600247\" \/>\n<meta property=\"product:condition\" content=\"new\" \/>\n<meta name=\"geo.placename\" content=\"Regensdorf\" \/>\n<meta name=\"geo.position\" content=\"47.43839497999372;8.465227605227366\" \/>\n<meta name=\"geo.region\" content=\"Suisse\" \/>\n<!-- \/ Yoast SEO Premium plugin. -->","yoast_head_json":{"title":"enviado Sac \u00e0 dos de transport Expandable 42L\/80L - noir (mod\u00e8le 2020) -","description":"Sac \u00e0 dos de transport de tr\u00e8s haute qualit\u00e9. Le sac \u00e0 dos est fabriqu\u00e9 en tarpaulin imperm\u00e9able & est dot\u00e9 d'une isolation en mousse dense.","robots":{"index":"index","follow":"follow","max-snippet":"max-snippet:-1","max-image-preview":"max-image-preview:large","max-video-preview":"max-video-preview:-1"},"canonical":"https:\/\/www.etrix.ch\/fr\/produit\/enviado-sac-a-dos-de-transport-extensible-modele-noir-2020\/","og_locale":"fr_FR","og_type":"article","og_title":"enviado Sac \u00e0 dos de transport Expandable 42L\/80L - noir (mod\u00e8le 2020)","og_description":"Sac \u00e0 dos de transport de tr\u00e8s haute qualit\u00e9. Le sac \u00e0 dos est fabriqu\u00e9 en tarpaulin imperm\u00e9able & est dot\u00e9 d'une isolation en mousse dense.","og_url":"https:\/\/www.etrix.ch\/fr\/produit\/enviado-sac-a-dos-de-transport-extensible-modele-noir-2020\/","og_site_name":"ETRIX Elektroroller","article_publisher":"https:\/\/m.facebook.com\/etrix.emotos\/","article_modified_time":"2024-08-29T08:54:55+00:00","og_image":[{"width":2048,"height":2048,"url":"https:\/\/www.etrix.ch\/media\/2021\/05\/IMG-2068.jpg","type":"image\/jpeg"}],"twitter_card":"summary_large_image","twitter_site":"@etrixag","twitter_misc":{"Prix":"&#67;&#72;&#70;&nbsp;181.00 inkl. MwSt.","Disponibilit\u00e9":"En stock"},"schema":{"@context":"https:\/\/schema.org","@graph":[{"@type":"WebPage","@id":"https:\/\/www.etrix.ch\/fr\/produit\/enviado-sac-a-dos-de-transport-extensible-modele-noir-2020\/","url":"https:\/\/www.etrix.ch\/fr\/produit\/enviado-sac-a-dos-de-transport-extensible-modele-noir-2020\/","name":"enviado Sac \u00e0 dos de transport Expandable 42L\/80L - noir (mod\u00e8le 2020) -","isPartOf":{"@id":"https:\/\/www.etrix.ch\/fr\/#website"},"primaryImageOfPage":{"@id":"https:\/\/www.etrix.ch\/fr\/produit\/enviado-sac-a-dos-de-transport-extensible-modele-noir-2020\/#primaryimage"},"image":{"@id":"https:\/\/www.etrix.ch\/fr\/produit\/enviado-sac-a-dos-de-transport-extensible-modele-noir-2020\/#primaryimage"},"thumbnailUrl":"https:\/\/www.etrix.ch\/media\/2021\/05\/IMG-2068.jpg","datePublished":"2020-04-02T18:28:41+00:00","dateModified":"2024-08-29T08:54:55+00:00","description":"Sac \u00e0 dos de transport de tr\u00e8s haute qualit\u00e9. Le sac \u00e0 dos est fabriqu\u00e9 en tarpaulin imperm\u00e9able & est dot\u00e9 d'une isolation en mousse dense.","breadcrumb":{"@id":"https:\/\/www.etrix.ch\/fr\/produit\/enviado-sac-a-dos-de-transport-extensible-modele-noir-2020\/#breadcrumb"},"inLanguage":"fr-FR","potentialAction":[{"@type":"ReadAction","target":["https:\/\/www.etrix.ch\/fr\/produit\/enviado-sac-a-dos-de-transport-extensible-modele-noir-2020\/"]}]},{"@type":"ImageObject","inLanguage":"fr-FR","@id":"https:\/\/www.etrix.ch\/fr\/produit\/enviado-sac-a-dos-de-transport-extensible-modele-noir-2020\/#primaryimage","url":"https:\/\/www.etrix.ch\/media\/2021\/05\/IMG-2068.jpg","contentUrl":"https:\/\/www.etrix.ch\/media\/2021\/05\/IMG-2068.jpg","width":2048,"height":2048,"caption":"enviado Sac \u00e0 dos de transport Sac \u00e0 dos de livraison V\u00e9lo de livraison Scooter \u00e9lectrique"},{"@type":"BreadcrumbList","@id":"https:\/\/www.etrix.ch\/fr\/produit\/enviado-sac-a-dos-de-transport-extensible-modele-noir-2020\/#breadcrumb","itemListElement":[{"@type":"ListItem","position":1,"name":"Accueil","item":"https:\/\/www.etrix.ch\/fr\/"},{"@type":"ListItem","position":2,"name":"Boutique","item":"https:\/\/www.etrix.ch\/fr\/boutique\/"},{"@type":"ListItem","position":3,"name":"enviado Sac \u00e0 dos de transport Expandable 42L\/80L &#8211; noir (mod\u00e8le 2020)"}]},{"@type":"WebSite","@id":"https:\/\/www.etrix.ch\/fr\/#website","url":"https:\/\/www.etrix.ch\/fr\/","name":"ETRIX Elektroroller","description":"E-Motos","publisher":{"@id":"https:\/\/www.etrix.ch\/fr\/#organization"},"potentialAction":[{"@type":"SearchAction","target":{"@type":"EntryPoint","urlTemplate":"https:\/\/www.etrix.ch\/fr\/?s={search_term_string}"},"query-input":{"@type":"PropertyValueSpecification","valueRequired":true,"valueName":"search_term_string"}}],"inLanguage":"fr-FR"},{"@type":["Organization","Place","MotorcycleDealer"],"@id":"https:\/\/www.etrix.ch\/fr\/#organization","name":"ETRIX E-Motos","url":"https:\/\/www.etrix.ch\/fr\/","logo":{"@id":"https:\/\/www.etrix.ch\/fr\/produit\/enviado-sac-a-dos-de-transport-extensible-modele-noir-2020\/#local-main-organization-logo"},"image":{"@id":"https:\/\/www.etrix.ch\/fr\/produit\/enviado-sac-a-dos-de-transport-extensible-modele-noir-2020\/#local-main-organization-logo"},"sameAs":["https:\/\/m.facebook.com\/etrix.emotos\/","https:\/\/x.com\/etrixag","https:\/\/www.instagram.com\/etrix_emotos\/p\/BtVW6bXHtNv\/","https:\/\/www.linkedin.com\/company\/etrix-ag","https:\/\/www.youtube.com\/channel\/UCSd-hJdu5u8xPUEY60jexOw"],"address":{"@id":"https:\/\/www.etrix.ch\/fr\/produit\/enviado-sac-a-dos-de-transport-extensible-modele-noir-2020\/#local-main-place-address"},"geo":{"@type":"GeoCoordinates","latitude":"47.43839497999372","longitude":"8.465227605227366"},"telephone":["043 931 00 45"],"openingHoursSpecification":[{"@type":"OpeningHoursSpecification","dayOfWeek":["Monday","Sunday"],"opens":"00:00","closes":"00:00"},{"@type":"OpeningHoursSpecification","dayOfWeek":["Tuesday","Wednesday","Thursday","Friday"],"opens":"10:00","closes":"18:00"},{"@type":"OpeningHoursSpecification","dayOfWeek":["Saturday"],"opens":"10:00","closes":"15:00"}]},{"@type":"PostalAddress","@id":"https:\/\/www.etrix.ch\/fr\/produit\/enviado-sac-a-dos-de-transport-extensible-modele-noir-2020\/#local-main-place-address","streetAddress":"Riedthofstrasse 122","addressLocality":"Regensdorf","postalCode":"8105","addressRegion":"Z\u00fcrich","addressCountry":"CH"},{"@type":"ImageObject","inLanguage":"fr-FR","@id":"https:\/\/www.etrix.ch\/fr\/produit\/enviado-sac-a-dos-de-transport-extensible-modele-noir-2020\/#local-main-organization-logo","url":"https:\/\/www.etrix.ch\/media\/2021\/05\/ETRIX-logo.png","contentUrl":"https:\/\/www.etrix.ch\/media\/2021\/05\/ETRIX-logo.png","width":470,"height":85,"caption":"ETRIX E-Motos"}]},"product_brand":"Enviado","product_price_amount":"181.00","product_price_currency":"CHF","og_availability":"instock","product_availability":"instock","product_retailer_item_id":"AC600247","product_condition":"new","geo.placename":"Regensdorf","geo.position":{"lat":"47.43839497999372","long":"8.465227605227366"},"geo.region":"Suisse"},"_links":{"self":[{"href":"https:\/\/www.etrix.ch\/fr\/wp-json\/wp\/v2\/product\/10118","targetHints":{"allow":["GET"]}}],"collection":[{"href":"https:\/\/www.etrix.ch\/fr\/wp-json\/wp\/v2\/product"}],"about":[{"href":"https:\/\/www.etrix.ch\/fr\/wp-json\/wp\/v2\/types\/product"}],"wp:featuredmedia":[{"embeddable":true,"href":"https:\/\/www.etrix.ch\/fr\/wp-json\/wp\/v2\/media\/6490"}],"wp:attachment":[{"href":"https:\/\/www.etrix.ch\/fr\/wp-json\/wp\/v2\/media?parent=10118"}],"wp:term":[{"taxonomy":"product_brand","embeddable":true,"href":"https:\/\/www.etrix.ch\/fr\/wp-json\/wp\/v2\/product_brand?post=10118"},{"taxonomy":"product_cat","embeddable":true,"href":"https:\/\/www.etrix.ch\/fr\/wp-json\/wp\/v2\/product_cat?post=10118"},{"taxonomy":"product_tag","embeddable":true,"href":"https:\/\/www.etrix.ch\/fr\/wp-json\/wp\/v2\/product_tag?post=10118"}],"curies":[{"name":"wp","href":"https:\/\/api.w.org\/{rel}","templated":true}]}}