{"id":10110,"date":"2020-03-23T00:51:29","date_gmt":"2020-03-22T23:51:29","guid":{"rendered":"https:\/\/www.etrix.ch\/tucano-couverture-thermique-scooty-r151-silence-s02\/"},"modified":"2024-10-28T17:08:50","modified_gmt":"2024-10-28T16:08:50","slug":"couverture-tucano-thermode-scooty-r151-silence-s02","status":"publish","type":"product","link":"https:\/\/www.etrix.ch\/fr\/produit\/couverture-tucano-thermode-scooty-r151-silence-s02\/","title":{"rendered":"Tucano Couverture thermique Scooty R151 - Silence S02"},"content":{"rendered":"<p>La couverture chauffante pour le Silence S02, en nylon enduit imperm\u00e9able avec une doublure isolante en fibres synth\u00e9tiques, te gardera au chaud pendant les jours les plus froids et te permettra de rouler confortablement. La couverture thermique peut \u00eatre facilement fix\u00e9e \u00e0 l\u2019e-scooter avec du Velcro.  <\/p>\n<ul>\n<li>Les caract\u00e9ristiques suivantes distinguent ce prot\u00e8ge-jambe :\n<ul>\n<li>Housse ext\u00e9rieure \u00e9tanche en nylon extra lourd<\/li>\n<li>Doublure int\u00e9rieure tr\u00e8s chaude et douillette<\/li>\n<li>S.G.A.S. (syst\u00e8me anti-d\u00e9rapage brevet\u00e9 pour des vitesses plus \u00e9lev\u00e9es)<\/li>\n<li>bandes r\u00e9fl\u00e9chissantes int\u00e9gr\u00e9es<\/li>\n<li>Couverture de la banquette<\/li>\n<li>Sac \u00e9tanche<\/li>\n<li>anneau m\u00e9tallique antivol sur les mod\u00e8les sans vissage<\/li>\n<\/ul>\n<\/li>\n<\/ul>\n","protected":false},"excerpt":{"rendered":"<p>Poche ext\u00e9rieure Bandes r\u00e9fl\u00e9chissantes Syst\u00e8me anti-flottement<\/p>\n","protected":false},"featured_media":8070,"template":"","meta":{"_acf_changed":false},"product_brand":[],"product_cat":[582,585,647,490],"product_tag":[1410],"class_list":{"0":"post-10110","1":"product","2":"type-product","3":"status-publish","4":"has-post-thumbnail","6":"product_cat-accessoires","7":"product_cat-accessoires-silence","8":"product_cat-protection-contre-les-intemperies","9":"product_cat-silence-fr","10":"product_tag-protection-contre-les-intemperies","11":"pa_marke-tucano-fr","12":"sales-flash-overlay","13":"woocommerce-text-align-left","14":"woocommerce-image-align-center","15":"do-quantity-buttons","16":"wc-has-gallery","18":"first","19":"instock","20":"taxable","21":"shipping-taxable","22":"purchasable","23":"product-type-simple"},"acf":[],"yoast_head":"<!-- This site is optimized with the Yoast SEO Premium plugin v26.9 (Yoast SEO v27.5) - https:\/\/yoast.com\/product\/yoast-seo-premium-wordpress\/ -->\n<title>Tucano Couverture thermique Scooty R151 - Silence S02 - ETRIX Elektroroller<\/title>\n<meta name=\"description\" content=\"Tucano Couverture thermique Scooty R151 \u2713 Convient au Silence S02 \u2713 Imperm\u00e9able \u2713 Doublure chaude \u2713 Bandes r\u00e9fl\u00e9chissantes \u2713 Couverture de selle\" \/>\n<meta name=\"robots\" content=\"index, follow, max-snippet:-1, max-image-preview:large, max-video-preview:-1\" \/>\n<link rel=\"canonical\" href=\"https:\/\/www.etrix.ch\/fr\/produit\/couverture-tucano-thermode-scooty-r151-silence-s02\/\" \/>\n<meta property=\"og:locale\" content=\"fr_FR\" \/>\n<meta property=\"og:type\" content=\"article\" \/>\n<meta property=\"og:title\" content=\"Tucano Couverture thermique Scooty R151 - Silence S02\" \/>\n<meta property=\"og:description\" content=\"Tucano Couverture thermique Scooty R151 \u2713 Convient au Silence S02 \u2713 Imperm\u00e9able \u2713 Doublure chaude \u2713 Bandes r\u00e9fl\u00e9chissantes \u2713 Couverture de selle\" \/>\n<meta property=\"og:url\" content=\"https:\/\/www.etrix.ch\/fr\/produit\/couverture-tucano-thermode-scooty-r151-silence-s02\/\" \/>\n<meta property=\"og:site_name\" content=\"ETRIX Elektroroller\" \/>\n<meta property=\"article:publisher\" content=\"https:\/\/m.facebook.com\/etrix.emotos\/\" \/>\n<meta property=\"article:modified_time\" content=\"2024-10-28T16:08:50+00:00\" \/>\n<meta property=\"og:image\" content=\"https:\/\/www.etrix.ch\/media\/2020\/03\/Tucano_S02_02.jpg\" \/>\n\t<meta property=\"og:image:width\" content=\"1000\" \/>\n\t<meta property=\"og:image:height\" content=\"1000\" \/>\n\t<meta property=\"og:image:type\" content=\"image\/jpeg\" \/>\n<meta name=\"twitter:card\" content=\"summary_large_image\" \/>\n<meta name=\"twitter:site\" content=\"@etrixag\" \/>\n<meta name=\"twitter:label1\" content=\"Prix\" \/>\n\t<meta name=\"twitter:data1\" content=\"&#067;&#072;&#070;&nbsp;169.00 inkl. MwSt.\" \/>\n\t<meta name=\"twitter:label2\" content=\"Disponibilit\u00e9\" \/>\n\t<meta name=\"twitter:data2\" content=\"En stock\" \/>\n<script type=\"application\/ld+json\" class=\"yoast-schema-graph\">{\"@context\":\"https:\\\/\\\/schema.org\",\"@graph\":[{\"@type\":\"WebPage\",\"@id\":\"https:\\\/\\\/www.etrix.ch\\\/fr\\\/produit\\\/couverture-tucano-thermode-scooty-r151-silence-s02\\\/\",\"url\":\"https:\\\/\\\/www.etrix.ch\\\/fr\\\/produit\\\/couverture-tucano-thermode-scooty-r151-silence-s02\\\/\",\"name\":\"Tucano Couverture thermique Scooty R151 - Silence S02 - ETRIX Elektroroller\",\"isPartOf\":{\"@id\":\"https:\\\/\\\/www.etrix.ch\\\/fr\\\/#website\"},\"primaryImageOfPage\":{\"@id\":\"https:\\\/\\\/www.etrix.ch\\\/fr\\\/produit\\\/couverture-tucano-thermode-scooty-r151-silence-s02\\\/#primaryimage\"},\"image\":{\"@id\":\"https:\\\/\\\/www.etrix.ch\\\/fr\\\/produit\\\/couverture-tucano-thermode-scooty-r151-silence-s02\\\/#primaryimage\"},\"thumbnailUrl\":\"https:\\\/\\\/www.etrix.ch\\\/media\\\/2020\\\/03\\\/Tucano_S02_02.jpg\",\"datePublished\":\"2020-03-22T23:51:29+00:00\",\"dateModified\":\"2024-10-28T16:08:50+00:00\",\"description\":\"Tucano Couverture thermique Scooty R151 \u2713 Convient au Silence S02 \u2713 Imperm\u00e9able \u2713 Doublure chaude \u2713 Bandes r\u00e9fl\u00e9chissantes \u2713 Couverture de selle\",\"breadcrumb\":{\"@id\":\"https:\\\/\\\/www.etrix.ch\\\/fr\\\/produit\\\/couverture-tucano-thermode-scooty-r151-silence-s02\\\/#breadcrumb\"},\"inLanguage\":\"fr-FR\",\"potentialAction\":[{\"@type\":\"ReadAction\",\"target\":[\"https:\\\/\\\/www.etrix.ch\\\/fr\\\/produit\\\/couverture-tucano-thermode-scooty-r151-silence-s02\\\/\"]}]},{\"@type\":\"ImageObject\",\"inLanguage\":\"fr-FR\",\"@id\":\"https:\\\/\\\/www.etrix.ch\\\/fr\\\/produit\\\/couverture-tucano-thermode-scooty-r151-silence-s02\\\/#primaryimage\",\"url\":\"https:\\\/\\\/www.etrix.ch\\\/media\\\/2020\\\/03\\\/Tucano_S02_02.jpg\",\"contentUrl\":\"https:\\\/\\\/www.etrix.ch\\\/media\\\/2020\\\/03\\\/Tucano_S02_02.jpg\",\"width\":1000,\"height\":1000,\"caption\":\"Tucano Couverture thermique Scooty R151 - Silence S02 2\"},{\"@type\":\"BreadcrumbList\",\"@id\":\"https:\\\/\\\/www.etrix.ch\\\/fr\\\/produit\\\/couverture-tucano-thermode-scooty-r151-silence-s02\\\/#breadcrumb\",\"itemListElement\":[{\"@type\":\"ListItem\",\"position\":1,\"name\":\"Accueil\",\"item\":\"https:\\\/\\\/www.etrix.ch\\\/fr\\\/\"},{\"@type\":\"ListItem\",\"position\":2,\"name\":\"Boutique\",\"item\":\"https:\\\/\\\/www.etrix.ch\\\/fr\\\/boutique\\\/\"},{\"@type\":\"ListItem\",\"position\":3,\"name\":\"Tucano Couverture thermique Scooty R151 &#8211; Silence S02\"}]},{\"@type\":\"WebSite\",\"@id\":\"https:\\\/\\\/www.etrix.ch\\\/fr\\\/#website\",\"url\":\"https:\\\/\\\/www.etrix.ch\\\/fr\\\/\",\"name\":\"ETRIX Elektroroller\",\"description\":\"E-Motos\",\"publisher\":{\"@id\":\"https:\\\/\\\/www.etrix.ch\\\/fr\\\/#organization\"},\"potentialAction\":[{\"@type\":\"SearchAction\",\"target\":{\"@type\":\"EntryPoint\",\"urlTemplate\":\"https:\\\/\\\/www.etrix.ch\\\/fr\\\/?s={search_term_string}\"},\"query-input\":{\"@type\":\"PropertyValueSpecification\",\"valueRequired\":true,\"valueName\":\"search_term_string\"}}],\"inLanguage\":\"fr-FR\"},{\"@type\":[\"Organization\",\"Place\",\"MotorcycleDealer\"],\"@id\":\"https:\\\/\\\/www.etrix.ch\\\/fr\\\/#organization\",\"name\":\"ETRIX E-Motos\",\"url\":\"https:\\\/\\\/www.etrix.ch\\\/fr\\\/\",\"logo\":{\"@id\":\"https:\\\/\\\/www.etrix.ch\\\/fr\\\/produit\\\/couverture-tucano-thermode-scooty-r151-silence-s02\\\/#local-main-organization-logo\"},\"image\":{\"@id\":\"https:\\\/\\\/www.etrix.ch\\\/fr\\\/produit\\\/couverture-tucano-thermode-scooty-r151-silence-s02\\\/#local-main-organization-logo\"},\"sameAs\":[\"https:\\\/\\\/m.facebook.com\\\/etrix.emotos\\\/\",\"https:\\\/\\\/x.com\\\/etrixag\",\"https:\\\/\\\/www.instagram.com\\\/etrix_emotos\\\/p\\\/BtVW6bXHtNv\\\/\",\"https:\\\/\\\/www.linkedin.com\\\/company\\\/etrix-ag\",\"https:\\\/\\\/www.youtube.com\\\/channel\\\/UCSd-hJdu5u8xPUEY60jexOw\"],\"address\":{\"@id\":\"https:\\\/\\\/www.etrix.ch\\\/fr\\\/produit\\\/couverture-tucano-thermode-scooty-r151-silence-s02\\\/#local-main-place-address\"},\"geo\":{\"@type\":\"GeoCoordinates\",\"latitude\":\"47.43839497999372\",\"longitude\":\"8.465227605227366\"},\"telephone\":[\"043 931 00 45\"],\"openingHoursSpecification\":[{\"@type\":\"OpeningHoursSpecification\",\"dayOfWeek\":[\"Monday\",\"Sunday\"],\"opens\":\"00:00\",\"closes\":\"00:00\"},{\"@type\":\"OpeningHoursSpecification\",\"dayOfWeek\":[\"Tuesday\",\"Wednesday\",\"Thursday\",\"Friday\"],\"opens\":\"10:00\",\"closes\":\"18:00\"},{\"@type\":\"OpeningHoursSpecification\",\"dayOfWeek\":[\"Saturday\"],\"opens\":\"10:00\",\"closes\":\"15:00\"}]},{\"@type\":\"PostalAddress\",\"@id\":\"https:\\\/\\\/www.etrix.ch\\\/fr\\\/produit\\\/couverture-tucano-thermode-scooty-r151-silence-s02\\\/#local-main-place-address\",\"streetAddress\":\"Riedthofstrasse 122\",\"addressLocality\":\"Regensdorf\",\"postalCode\":\"8105\",\"addressRegion\":\"Z\u00fcrich\",\"addressCountry\":\"CH\"},{\"@type\":\"ImageObject\",\"inLanguage\":\"fr-FR\",\"@id\":\"https:\\\/\\\/www.etrix.ch\\\/fr\\\/produit\\\/couverture-tucano-thermode-scooty-r151-silence-s02\\\/#local-main-organization-logo\",\"url\":\"https:\\\/\\\/www.etrix.ch\\\/media\\\/2021\\\/05\\\/ETRIX-logo.png\",\"contentUrl\":\"https:\\\/\\\/www.etrix.ch\\\/media\\\/2021\\\/05\\\/ETRIX-logo.png\",\"width\":470,\"height\":85,\"caption\":\"ETRIX E-Motos\"}]}<\/script>\n<meta property=\"product:brand\" content=\"Tucano\" \/>\n<meta property=\"product:price:amount\" content=\"169.00\" \/>\n<meta property=\"product:price:currency\" content=\"CHF\" \/>\n<meta property=\"og:availability\" content=\"instock\" \/>\n<meta property=\"product:availability\" content=\"instock\" \/>\n<meta property=\"product:retailer_item_id\" content=\"AC600142\" \/>\n<meta property=\"product:condition\" content=\"new\" \/>\n<meta name=\"geo.placename\" content=\"Regensdorf\" \/>\n<meta name=\"geo.position\" content=\"47.43839497999372;8.465227605227366\" \/>\n<meta name=\"geo.region\" content=\"Suisse\" \/>\n<!-- \/ Yoast SEO Premium plugin. -->","yoast_head_json":{"title":"Tucano Couverture thermique Scooty R151 - Silence S02 - ETRIX Elektroroller","description":"Tucano Couverture thermique Scooty R151 \u2713 Convient au Silence S02 \u2713 Imperm\u00e9able \u2713 Doublure chaude \u2713 Bandes r\u00e9fl\u00e9chissantes \u2713 Couverture de selle","robots":{"index":"index","follow":"follow","max-snippet":"max-snippet:-1","max-image-preview":"max-image-preview:large","max-video-preview":"max-video-preview:-1"},"canonical":"https:\/\/www.etrix.ch\/fr\/produit\/couverture-tucano-thermode-scooty-r151-silence-s02\/","og_locale":"fr_FR","og_type":"article","og_title":"Tucano Couverture thermique Scooty R151 - Silence S02","og_description":"Tucano Couverture thermique Scooty R151 \u2713 Convient au Silence S02 \u2713 Imperm\u00e9able \u2713 Doublure chaude \u2713 Bandes r\u00e9fl\u00e9chissantes \u2713 Couverture de selle","og_url":"https:\/\/www.etrix.ch\/fr\/produit\/couverture-tucano-thermode-scooty-r151-silence-s02\/","og_site_name":"ETRIX Elektroroller","article_publisher":"https:\/\/m.facebook.com\/etrix.emotos\/","article_modified_time":"2024-10-28T16:08:50+00:00","og_image":[{"width":1000,"height":1000,"url":"https:\/\/www.etrix.ch\/media\/2020\/03\/Tucano_S02_02.jpg","type":"image\/jpeg"}],"twitter_card":"summary_large_image","twitter_site":"@etrixag","twitter_misc":{"Prix":"&#67;&#72;&#70;&nbsp;169.00 inkl. MwSt.","Disponibilit\u00e9":"En stock"},"schema":{"@context":"https:\/\/schema.org","@graph":[{"@type":"WebPage","@id":"https:\/\/www.etrix.ch\/fr\/produit\/couverture-tucano-thermode-scooty-r151-silence-s02\/","url":"https:\/\/www.etrix.ch\/fr\/produit\/couverture-tucano-thermode-scooty-r151-silence-s02\/","name":"Tucano Couverture thermique Scooty R151 - Silence S02 - ETRIX Elektroroller","isPartOf":{"@id":"https:\/\/www.etrix.ch\/fr\/#website"},"primaryImageOfPage":{"@id":"https:\/\/www.etrix.ch\/fr\/produit\/couverture-tucano-thermode-scooty-r151-silence-s02\/#primaryimage"},"image":{"@id":"https:\/\/www.etrix.ch\/fr\/produit\/couverture-tucano-thermode-scooty-r151-silence-s02\/#primaryimage"},"thumbnailUrl":"https:\/\/www.etrix.ch\/media\/2020\/03\/Tucano_S02_02.jpg","datePublished":"2020-03-22T23:51:29+00:00","dateModified":"2024-10-28T16:08:50+00:00","description":"Tucano Couverture thermique Scooty R151 \u2713 Convient au Silence S02 \u2713 Imperm\u00e9able \u2713 Doublure chaude \u2713 Bandes r\u00e9fl\u00e9chissantes \u2713 Couverture de selle","breadcrumb":{"@id":"https:\/\/www.etrix.ch\/fr\/produit\/couverture-tucano-thermode-scooty-r151-silence-s02\/#breadcrumb"},"inLanguage":"fr-FR","potentialAction":[{"@type":"ReadAction","target":["https:\/\/www.etrix.ch\/fr\/produit\/couverture-tucano-thermode-scooty-r151-silence-s02\/"]}]},{"@type":"ImageObject","inLanguage":"fr-FR","@id":"https:\/\/www.etrix.ch\/fr\/produit\/couverture-tucano-thermode-scooty-r151-silence-s02\/#primaryimage","url":"https:\/\/www.etrix.ch\/media\/2020\/03\/Tucano_S02_02.jpg","contentUrl":"https:\/\/www.etrix.ch\/media\/2020\/03\/Tucano_S02_02.jpg","width":1000,"height":1000,"caption":"Tucano Couverture thermique Scooty R151 - Silence S02 2"},{"@type":"BreadcrumbList","@id":"https:\/\/www.etrix.ch\/fr\/produit\/couverture-tucano-thermode-scooty-r151-silence-s02\/#breadcrumb","itemListElement":[{"@type":"ListItem","position":1,"name":"Accueil","item":"https:\/\/www.etrix.ch\/fr\/"},{"@type":"ListItem","position":2,"name":"Boutique","item":"https:\/\/www.etrix.ch\/fr\/boutique\/"},{"@type":"ListItem","position":3,"name":"Tucano Couverture thermique Scooty R151 &#8211; Silence S02"}]},{"@type":"WebSite","@id":"https:\/\/www.etrix.ch\/fr\/#website","url":"https:\/\/www.etrix.ch\/fr\/","name":"ETRIX Elektroroller","description":"E-Motos","publisher":{"@id":"https:\/\/www.etrix.ch\/fr\/#organization"},"potentialAction":[{"@type":"SearchAction","target":{"@type":"EntryPoint","urlTemplate":"https:\/\/www.etrix.ch\/fr\/?s={search_term_string}"},"query-input":{"@type":"PropertyValueSpecification","valueRequired":true,"valueName":"search_term_string"}}],"inLanguage":"fr-FR"},{"@type":["Organization","Place","MotorcycleDealer"],"@id":"https:\/\/www.etrix.ch\/fr\/#organization","name":"ETRIX E-Motos","url":"https:\/\/www.etrix.ch\/fr\/","logo":{"@id":"https:\/\/www.etrix.ch\/fr\/produit\/couverture-tucano-thermode-scooty-r151-silence-s02\/#local-main-organization-logo"},"image":{"@id":"https:\/\/www.etrix.ch\/fr\/produit\/couverture-tucano-thermode-scooty-r151-silence-s02\/#local-main-organization-logo"},"sameAs":["https:\/\/m.facebook.com\/etrix.emotos\/","https:\/\/x.com\/etrixag","https:\/\/www.instagram.com\/etrix_emotos\/p\/BtVW6bXHtNv\/","https:\/\/www.linkedin.com\/company\/etrix-ag","https:\/\/www.youtube.com\/channel\/UCSd-hJdu5u8xPUEY60jexOw"],"address":{"@id":"https:\/\/www.etrix.ch\/fr\/produit\/couverture-tucano-thermode-scooty-r151-silence-s02\/#local-main-place-address"},"geo":{"@type":"GeoCoordinates","latitude":"47.43839497999372","longitude":"8.465227605227366"},"telephone":["043 931 00 45"],"openingHoursSpecification":[{"@type":"OpeningHoursSpecification","dayOfWeek":["Monday","Sunday"],"opens":"00:00","closes":"00:00"},{"@type":"OpeningHoursSpecification","dayOfWeek":["Tuesday","Wednesday","Thursday","Friday"],"opens":"10:00","closes":"18:00"},{"@type":"OpeningHoursSpecification","dayOfWeek":["Saturday"],"opens":"10:00","closes":"15:00"}]},{"@type":"PostalAddress","@id":"https:\/\/www.etrix.ch\/fr\/produit\/couverture-tucano-thermode-scooty-r151-silence-s02\/#local-main-place-address","streetAddress":"Riedthofstrasse 122","addressLocality":"Regensdorf","postalCode":"8105","addressRegion":"Z\u00fcrich","addressCountry":"CH"},{"@type":"ImageObject","inLanguage":"fr-FR","@id":"https:\/\/www.etrix.ch\/fr\/produit\/couverture-tucano-thermode-scooty-r151-silence-s02\/#local-main-organization-logo","url":"https:\/\/www.etrix.ch\/media\/2021\/05\/ETRIX-logo.png","contentUrl":"https:\/\/www.etrix.ch\/media\/2021\/05\/ETRIX-logo.png","width":470,"height":85,"caption":"ETRIX E-Motos"}]},"product_brand":"Tucano","product_price_amount":"169.00","product_price_currency":"CHF","og_availability":"instock","product_availability":"instock","product_retailer_item_id":"AC600142","product_condition":"new","geo.placename":"Regensdorf","geo.position":{"lat":"47.43839497999372","long":"8.465227605227366"},"geo.region":"Suisse"},"_links":{"self":[{"href":"https:\/\/www.etrix.ch\/fr\/wp-json\/wp\/v2\/product\/10110","targetHints":{"allow":["GET"]}}],"collection":[{"href":"https:\/\/www.etrix.ch\/fr\/wp-json\/wp\/v2\/product"}],"about":[{"href":"https:\/\/www.etrix.ch\/fr\/wp-json\/wp\/v2\/types\/product"}],"wp:featuredmedia":[{"embeddable":true,"href":"https:\/\/www.etrix.ch\/fr\/wp-json\/wp\/v2\/media\/8070"}],"wp:attachment":[{"href":"https:\/\/www.etrix.ch\/fr\/wp-json\/wp\/v2\/media?parent=10110"}],"wp:term":[{"taxonomy":"product_brand","embeddable":true,"href":"https:\/\/www.etrix.ch\/fr\/wp-json\/wp\/v2\/product_brand?post=10110"},{"taxonomy":"product_cat","embeddable":true,"href":"https:\/\/www.etrix.ch\/fr\/wp-json\/wp\/v2\/product_cat?post=10110"},{"taxonomy":"product_tag","embeddable":true,"href":"https:\/\/www.etrix.ch\/fr\/wp-json\/wp\/v2\/product_tag?post=10110"}],"curies":[{"name":"wp","href":"https:\/\/api.w.org\/{rel}","templated":true}]}}