{"id":10109,"date":"2020-03-23T00:47:36","date_gmt":"2020-03-22T23:47:36","guid":{"rendered":"https:\/\/www.etrix.ch\/boite-chauffante-56l-silence-s02\/"},"modified":"2025-04-07T13:10:32","modified_gmt":"2025-04-07T11:10:32","slug":"heiz-box-56l-silence-s02","status":"publish","type":"product","link":"https:\/\/www.etrix.ch\/fr\/produit\/heiz-box-56l-silence-s02\/","title":{"rendered":"Bo\u00eete chauffante 56L - Silence S02"},"content":{"rendered":"<p>Une exp\u00e9rience de livraison 100% \u00e9cologique !<\/p>\n<p>Vitesse et mobilit\u00e9 sont les points forts de ce four !<\/p>\n<p>Recommand\u00e9 pour les livraisons dans les villes o\u00f9 la circulation est dense.<\/p>\n<p>La technologie du four comprend des \u00e9l\u00e9ments chauffants en silicium haute temp\u00e9rature \u00e0 commande num\u00e9rique, une technologie \u00e0 double chambre et des syst\u00e8mes de flux d&rsquo;air. Le four garantit que chaque type d&rsquo;aliment reste chaud et avec le bon degr\u00e9 d&rsquo;humidit\u00e9 et de croustillant, quel que soit le type de cuisine que l&rsquo;entreprise livre.<\/p>\n<p>Le four de livraison est enti\u00e8rement \u00e9lectrique et peut \u00eatre install\u00e9 sur le Silence S02. Il est aliment\u00e9 par la batterie lithium-ion de 60V.<\/p>\n<ul>\n<li>Volume : 56 litres<\/li>\n<li>alimentation : par pile<\/li>\n<li>Pr\u00e9chauffage : par le chargeur de batterie<\/li>\n<li>Poids : 11 kg<\/li>\n<li>Temp\u00e9ratures de fonctionnement : chauffable jusqu&rsquo;\u00e0 120\u00b0C (r\u00e9glable)<\/li>\n<li>Dimensions ext\u00e9rieures : 523 x 479 x 465 mm<\/li>\n<li>Capacit\u00e9 : 8-9 pizzas 30 \u00d7 30 cm ou 6-7 pizzas 40 \u00d7 40 cm<\/li>\n<li>Mat\u00e9riaux utilis\u00e9s : acier inoxydable + EPP<\/li>\n<li>Contr\u00f4le num\u00e9rique : Oui<\/li>\n<\/ul>\n","protected":false},"excerpt":{"rendered":"<p>Une exp\u00e9rience de livraison 100% \u00e9cologique !<\/p>\n","protected":false},"featured_media":6410,"template":"","meta":{"_acf_changed":false},"product_brand":[],"product_cat":[582,644,648,591],"product_tag":[1404],"class_list":{"0":"post-10109","1":"product","2":"type-product","3":"status-publish","4":"has-post-thumbnail","6":"product_cat-accessoires","7":"product_cat-accessoires-de-livraison","8":"product_cat-enviado-accessoires","9":"product_cat-velo-electrique","10":"product_tag-accessoires-de-livraison","11":"pa_marke-silence-fr","12":"sales-flash-overlay","13":"woocommerce-text-align-left","14":"woocommerce-image-align-center","15":"do-quantity-buttons","16":"wc-has-gallery","18":"first","19":"instock","20":"taxable","21":"shipping-taxable","22":"purchasable","23":"product-type-simple"},"acf":[],"yoast_head":"<!-- This site is optimized with the Yoast SEO Premium plugin v26.9 (Yoast SEO v27.4) - https:\/\/yoast.com\/product\/yoast-seo-premium-wordpress\/ -->\n<title>Bo\u00eete chauffante 56L - Silence S02 - ETRIX Elektroroller Four pour Roller Pizza<\/title>\n<meta name=\"description\" content=\"Le four s&#039;assure que chaque type d&#039;aliment reste chaud, conserve le bon degr\u00e9 d&#039;humidit\u00e9 &amp; de croustillant\" \/>\n<meta name=\"robots\" content=\"index, follow, max-snippet:-1, max-image-preview:large, max-video-preview:-1\" \/>\n<link rel=\"canonical\" href=\"https:\/\/www.etrix.ch\/fr\/produit\/heiz-box-56l-silence-s02\/\" \/>\n<meta property=\"og:locale\" content=\"fr_FR\" \/>\n<meta property=\"og:type\" content=\"article\" \/>\n<meta property=\"og:title\" content=\"Bo\u00eete chauffante 56L - Silence S02\" \/>\n<meta property=\"og:description\" content=\"Le four s&#039;assure que chaque type d&#039;aliment reste chaud, conserve le bon degr\u00e9 d&#039;humidit\u00e9 &amp; de croustillant\" \/>\n<meta property=\"og:url\" content=\"https:\/\/www.etrix.ch\/fr\/produit\/heiz-box-56l-silence-s02\/\" \/>\n<meta property=\"og:site_name\" content=\"ETRIX Elektroroller\" \/>\n<meta property=\"article:publisher\" content=\"https:\/\/m.facebook.com\/etrix.emotos\/\" \/>\n<meta property=\"article:modified_time\" content=\"2025-04-07T11:10:32+00:00\" \/>\n<meta property=\"og:image\" content=\"https:\/\/www.etrix.ch\/media\/2021\/05\/Oven_front_01.jpg\" \/>\n\t<meta property=\"og:image:width\" content=\"1080\" \/>\n\t<meta property=\"og:image:height\" content=\"1080\" \/>\n\t<meta property=\"og:image:type\" content=\"image\/jpeg\" \/>\n<meta name=\"twitter:card\" content=\"summary_large_image\" \/>\n<meta name=\"twitter:site\" content=\"@etrixag\" \/>\n<meta name=\"twitter:label1\" content=\"Prix\" \/>\n\t<meta name=\"twitter:data1\" content=\"&#067;&#072;&#070;&nbsp;2&#039;357.00 inkl. MwSt.\" \/>\n\t<meta name=\"twitter:label2\" content=\"Disponibilit\u00e9\" \/>\n\t<meta name=\"twitter:data2\" content=\"En stock\" \/>\n<script type=\"application\/ld+json\" class=\"yoast-schema-graph\">{\"@context\":\"https:\\\/\\\/schema.org\",\"@graph\":[{\"@type\":\"WebPage\",\"@id\":\"https:\\\/\\\/www.etrix.ch\\\/fr\\\/produit\\\/heiz-box-56l-silence-s02\\\/\",\"url\":\"https:\\\/\\\/www.etrix.ch\\\/fr\\\/produit\\\/heiz-box-56l-silence-s02\\\/\",\"name\":\"Bo\u00eete chauffante 56L - Silence S02 - ETRIX Elektroroller Four pour Roller Pizza\",\"isPartOf\":{\"@id\":\"https:\\\/\\\/www.etrix.ch\\\/fr\\\/#website\"},\"primaryImageOfPage\":{\"@id\":\"https:\\\/\\\/www.etrix.ch\\\/fr\\\/produit\\\/heiz-box-56l-silence-s02\\\/#primaryimage\"},\"image\":{\"@id\":\"https:\\\/\\\/www.etrix.ch\\\/fr\\\/produit\\\/heiz-box-56l-silence-s02\\\/#primaryimage\"},\"thumbnailUrl\":\"https:\\\/\\\/www.etrix.ch\\\/media\\\/2021\\\/05\\\/Oven_front_01.jpg\",\"datePublished\":\"2020-03-22T23:47:36+00:00\",\"dateModified\":\"2025-04-07T11:10:32+00:00\",\"description\":\"Le four s'assure que chaque type d'aliment reste chaud, conserve le bon degr\u00e9 d'humidit\u00e9 & de croustillant\",\"breadcrumb\":{\"@id\":\"https:\\\/\\\/www.etrix.ch\\\/fr\\\/produit\\\/heiz-box-56l-silence-s02\\\/#breadcrumb\"},\"inLanguage\":\"fr-FR\",\"potentialAction\":[{\"@type\":\"ReadAction\",\"target\":[\"https:\\\/\\\/www.etrix.ch\\\/fr\\\/produit\\\/heiz-box-56l-silence-s02\\\/\"]}]},{\"@type\":\"ImageObject\",\"inLanguage\":\"fr-FR\",\"@id\":\"https:\\\/\\\/www.etrix.ch\\\/fr\\\/produit\\\/heiz-box-56l-silence-s02\\\/#primaryimage\",\"url\":\"https:\\\/\\\/www.etrix.ch\\\/media\\\/2021\\\/05\\\/Oven_front_01.jpg\",\"contentUrl\":\"https:\\\/\\\/www.etrix.ch\\\/media\\\/2021\\\/05\\\/Oven_front_01.jpg\",\"width\":1080,\"height\":1080,\"caption\":\"Bo\u00eete chauffante 56L - Silence S02 Four \u00e9lectrique \u00e0 roulettes\"},{\"@type\":\"BreadcrumbList\",\"@id\":\"https:\\\/\\\/www.etrix.ch\\\/fr\\\/produit\\\/heiz-box-56l-silence-s02\\\/#breadcrumb\",\"itemListElement\":[{\"@type\":\"ListItem\",\"position\":1,\"name\":\"Accueil\",\"item\":\"https:\\\/\\\/www.etrix.ch\\\/fr\\\/page-daccueil\\\/\"},{\"@type\":\"ListItem\",\"position\":2,\"name\":\"Boutique\",\"item\":\"https:\\\/\\\/www.etrix.ch\\\/fr\\\/boutique\\\/\"},{\"@type\":\"ListItem\",\"position\":3,\"name\":\"Bo\u00eete chauffante 56L - Silence S02\"}]},{\"@type\":\"WebSite\",\"@id\":\"https:\\\/\\\/www.etrix.ch\\\/fr\\\/#website\",\"url\":\"https:\\\/\\\/www.etrix.ch\\\/fr\\\/\",\"name\":\"ETRIX Elektroroller\",\"description\":\"E-Motos\",\"publisher\":{\"@id\":\"https:\\\/\\\/www.etrix.ch\\\/fr\\\/#organization\"},\"potentialAction\":[{\"@type\":\"SearchAction\",\"target\":{\"@type\":\"EntryPoint\",\"urlTemplate\":\"https:\\\/\\\/www.etrix.ch\\\/fr\\\/?s={search_term_string}\"},\"query-input\":{\"@type\":\"PropertyValueSpecification\",\"valueRequired\":true,\"valueName\":\"search_term_string\"}}],\"inLanguage\":\"fr-FR\"},{\"@type\":[\"Organization\",\"Place\",\"MotorcycleDealer\"],\"@id\":\"https:\\\/\\\/www.etrix.ch\\\/fr\\\/#organization\",\"name\":\"ETRIX E-Motos\",\"url\":\"https:\\\/\\\/www.etrix.ch\\\/fr\\\/\",\"logo\":{\"@id\":\"https:\\\/\\\/www.etrix.ch\\\/fr\\\/produit\\\/heiz-box-56l-silence-s02\\\/#local-main-organization-logo\"},\"image\":{\"@id\":\"https:\\\/\\\/www.etrix.ch\\\/fr\\\/produit\\\/heiz-box-56l-silence-s02\\\/#local-main-organization-logo\"},\"sameAs\":[\"https:\\\/\\\/m.facebook.com\\\/etrix.emotos\\\/\",\"https:\\\/\\\/x.com\\\/etrixag\",\"https:\\\/\\\/www.instagram.com\\\/etrix_emotos\\\/p\\\/BtVW6bXHtNv\\\/\",\"https:\\\/\\\/www.linkedin.com\\\/company\\\/etrix-ag\",\"https:\\\/\\\/www.youtube.com\\\/channel\\\/UCSd-hJdu5u8xPUEY60jexOw\"],\"address\":{\"@id\":\"https:\\\/\\\/www.etrix.ch\\\/fr\\\/produit\\\/heiz-box-56l-silence-s02\\\/#local-main-place-address\"},\"geo\":{\"@type\":\"GeoCoordinates\",\"latitude\":\"47.43839497999372\",\"longitude\":\"8.465227605227366\"},\"telephone\":[\"043 931 00 45\"],\"openingHoursSpecification\":[{\"@type\":\"OpeningHoursSpecification\",\"dayOfWeek\":[\"Monday\",\"Sunday\"],\"opens\":\"00:00\",\"closes\":\"00:00\"},{\"@type\":\"OpeningHoursSpecification\",\"dayOfWeek\":[\"Tuesday\",\"Wednesday\",\"Thursday\",\"Friday\"],\"opens\":\"10:00\",\"closes\":\"18:00\"},{\"@type\":\"OpeningHoursSpecification\",\"dayOfWeek\":[\"Saturday\"],\"opens\":\"10:00\",\"closes\":\"15:00\"}]},{\"@type\":\"PostalAddress\",\"@id\":\"https:\\\/\\\/www.etrix.ch\\\/fr\\\/produit\\\/heiz-box-56l-silence-s02\\\/#local-main-place-address\",\"streetAddress\":\"Riedthofstrasse 122\",\"addressLocality\":\"Regensdorf\",\"postalCode\":\"8105\",\"addressRegion\":\"Z\u00fcrich\",\"addressCountry\":\"CH\"},{\"@type\":\"ImageObject\",\"inLanguage\":\"fr-FR\",\"@id\":\"https:\\\/\\\/www.etrix.ch\\\/fr\\\/produit\\\/heiz-box-56l-silence-s02\\\/#local-main-organization-logo\",\"url\":\"https:\\\/\\\/www.etrix.ch\\\/media\\\/2021\\\/05\\\/ETRIX-logo.png\",\"contentUrl\":\"https:\\\/\\\/www.etrix.ch\\\/media\\\/2021\\\/05\\\/ETRIX-logo.png\",\"width\":470,\"height\":85,\"caption\":\"ETRIX E-Motos\"}]}<\/script>\n<meta property=\"product:brand\" content=\"Silence\" \/>\n<meta property=\"product:price:amount\" content=\"2357.00\" \/>\n<meta property=\"product:price:currency\" content=\"CHF\" \/>\n<meta property=\"og:availability\" content=\"instock\" \/>\n<meta property=\"product:availability\" content=\"instock\" \/>\n<meta property=\"product:retailer_item_id\" content=\"AC600019\" \/>\n<meta property=\"product:condition\" content=\"new\" \/>\n<meta name=\"geo.placename\" content=\"Regensdorf\" \/>\n<meta name=\"geo.position\" content=\"47.43839497999372;8.465227605227366\" \/>\n<meta name=\"geo.region\" content=\"Suisse\" \/>\n<!-- \/ Yoast SEO Premium plugin. -->","yoast_head_json":{"title":"Bo\u00eete chauffante 56L - Silence S02 - ETRIX Elektroroller Four pour Roller Pizza","description":"Le four s'assure que chaque type d'aliment reste chaud, conserve le bon degr\u00e9 d'humidit\u00e9 & de croustillant","robots":{"index":"index","follow":"follow","max-snippet":"max-snippet:-1","max-image-preview":"max-image-preview:large","max-video-preview":"max-video-preview:-1"},"canonical":"https:\/\/www.etrix.ch\/fr\/produit\/heiz-box-56l-silence-s02\/","og_locale":"fr_FR","og_type":"article","og_title":"Bo\u00eete chauffante 56L - Silence S02","og_description":"Le four s'assure que chaque type d'aliment reste chaud, conserve le bon degr\u00e9 d'humidit\u00e9 & de croustillant","og_url":"https:\/\/www.etrix.ch\/fr\/produit\/heiz-box-56l-silence-s02\/","og_site_name":"ETRIX Elektroroller","article_publisher":"https:\/\/m.facebook.com\/etrix.emotos\/","article_modified_time":"2025-04-07T11:10:32+00:00","og_image":[{"width":1080,"height":1080,"url":"https:\/\/www.etrix.ch\/media\/2021\/05\/Oven_front_01.jpg","type":"image\/jpeg"}],"twitter_card":"summary_large_image","twitter_site":"@etrixag","twitter_misc":{"Prix":"&#67;&#72;&#70;&nbsp;2'357.00 inkl. MwSt.","Disponibilit\u00e9":"En stock"},"schema":{"@context":"https:\/\/schema.org","@graph":[{"@type":"WebPage","@id":"https:\/\/www.etrix.ch\/fr\/produit\/heiz-box-56l-silence-s02\/","url":"https:\/\/www.etrix.ch\/fr\/produit\/heiz-box-56l-silence-s02\/","name":"Bo\u00eete chauffante 56L - Silence S02 - ETRIX Elektroroller Four pour Roller Pizza","isPartOf":{"@id":"https:\/\/www.etrix.ch\/fr\/#website"},"primaryImageOfPage":{"@id":"https:\/\/www.etrix.ch\/fr\/produit\/heiz-box-56l-silence-s02\/#primaryimage"},"image":{"@id":"https:\/\/www.etrix.ch\/fr\/produit\/heiz-box-56l-silence-s02\/#primaryimage"},"thumbnailUrl":"https:\/\/www.etrix.ch\/media\/2021\/05\/Oven_front_01.jpg","datePublished":"2020-03-22T23:47:36+00:00","dateModified":"2025-04-07T11:10:32+00:00","description":"Le four s'assure que chaque type d'aliment reste chaud, conserve le bon degr\u00e9 d'humidit\u00e9 & de croustillant","breadcrumb":{"@id":"https:\/\/www.etrix.ch\/fr\/produit\/heiz-box-56l-silence-s02\/#breadcrumb"},"inLanguage":"fr-FR","potentialAction":[{"@type":"ReadAction","target":["https:\/\/www.etrix.ch\/fr\/produit\/heiz-box-56l-silence-s02\/"]}]},{"@type":"ImageObject","inLanguage":"fr-FR","@id":"https:\/\/www.etrix.ch\/fr\/produit\/heiz-box-56l-silence-s02\/#primaryimage","url":"https:\/\/www.etrix.ch\/media\/2021\/05\/Oven_front_01.jpg","contentUrl":"https:\/\/www.etrix.ch\/media\/2021\/05\/Oven_front_01.jpg","width":1080,"height":1080,"caption":"Bo\u00eete chauffante 56L - Silence S02 Four \u00e9lectrique \u00e0 roulettes"},{"@type":"BreadcrumbList","@id":"https:\/\/www.etrix.ch\/fr\/produit\/heiz-box-56l-silence-s02\/#breadcrumb","itemListElement":[{"@type":"ListItem","position":1,"name":"Accueil","item":"https:\/\/www.etrix.ch\/fr\/page-daccueil\/"},{"@type":"ListItem","position":2,"name":"Boutique","item":"https:\/\/www.etrix.ch\/fr\/boutique\/"},{"@type":"ListItem","position":3,"name":"Bo\u00eete chauffante 56L - Silence S02"}]},{"@type":"WebSite","@id":"https:\/\/www.etrix.ch\/fr\/#website","url":"https:\/\/www.etrix.ch\/fr\/","name":"ETRIX Elektroroller","description":"E-Motos","publisher":{"@id":"https:\/\/www.etrix.ch\/fr\/#organization"},"potentialAction":[{"@type":"SearchAction","target":{"@type":"EntryPoint","urlTemplate":"https:\/\/www.etrix.ch\/fr\/?s={search_term_string}"},"query-input":{"@type":"PropertyValueSpecification","valueRequired":true,"valueName":"search_term_string"}}],"inLanguage":"fr-FR"},{"@type":["Organization","Place","MotorcycleDealer"],"@id":"https:\/\/www.etrix.ch\/fr\/#organization","name":"ETRIX E-Motos","url":"https:\/\/www.etrix.ch\/fr\/","logo":{"@id":"https:\/\/www.etrix.ch\/fr\/produit\/heiz-box-56l-silence-s02\/#local-main-organization-logo"},"image":{"@id":"https:\/\/www.etrix.ch\/fr\/produit\/heiz-box-56l-silence-s02\/#local-main-organization-logo"},"sameAs":["https:\/\/m.facebook.com\/etrix.emotos\/","https:\/\/x.com\/etrixag","https:\/\/www.instagram.com\/etrix_emotos\/p\/BtVW6bXHtNv\/","https:\/\/www.linkedin.com\/company\/etrix-ag","https:\/\/www.youtube.com\/channel\/UCSd-hJdu5u8xPUEY60jexOw"],"address":{"@id":"https:\/\/www.etrix.ch\/fr\/produit\/heiz-box-56l-silence-s02\/#local-main-place-address"},"geo":{"@type":"GeoCoordinates","latitude":"47.43839497999372","longitude":"8.465227605227366"},"telephone":["043 931 00 45"],"openingHoursSpecification":[{"@type":"OpeningHoursSpecification","dayOfWeek":["Monday","Sunday"],"opens":"00:00","closes":"00:00"},{"@type":"OpeningHoursSpecification","dayOfWeek":["Tuesday","Wednesday","Thursday","Friday"],"opens":"10:00","closes":"18:00"},{"@type":"OpeningHoursSpecification","dayOfWeek":["Saturday"],"opens":"10:00","closes":"15:00"}]},{"@type":"PostalAddress","@id":"https:\/\/www.etrix.ch\/fr\/produit\/heiz-box-56l-silence-s02\/#local-main-place-address","streetAddress":"Riedthofstrasse 122","addressLocality":"Regensdorf","postalCode":"8105","addressRegion":"Z\u00fcrich","addressCountry":"CH"},{"@type":"ImageObject","inLanguage":"fr-FR","@id":"https:\/\/www.etrix.ch\/fr\/produit\/heiz-box-56l-silence-s02\/#local-main-organization-logo","url":"https:\/\/www.etrix.ch\/media\/2021\/05\/ETRIX-logo.png","contentUrl":"https:\/\/www.etrix.ch\/media\/2021\/05\/ETRIX-logo.png","width":470,"height":85,"caption":"ETRIX E-Motos"}]},"product_brand":"Silence","product_price_amount":"2357.00","product_price_currency":"CHF","og_availability":"instock","product_availability":"instock","product_retailer_item_id":"AC600019","product_condition":"new","geo.placename":"Regensdorf","geo.position":{"lat":"47.43839497999372","long":"8.465227605227366"},"geo.region":"Suisse"},"_links":{"self":[{"href":"https:\/\/www.etrix.ch\/fr\/wp-json\/wp\/v2\/product\/10109","targetHints":{"allow":["GET"]}}],"collection":[{"href":"https:\/\/www.etrix.ch\/fr\/wp-json\/wp\/v2\/product"}],"about":[{"href":"https:\/\/www.etrix.ch\/fr\/wp-json\/wp\/v2\/types\/product"}],"wp:featuredmedia":[{"embeddable":true,"href":"https:\/\/www.etrix.ch\/fr\/wp-json\/wp\/v2\/media\/6410"}],"wp:attachment":[{"href":"https:\/\/www.etrix.ch\/fr\/wp-json\/wp\/v2\/media?parent=10109"}],"wp:term":[{"taxonomy":"product_brand","embeddable":true,"href":"https:\/\/www.etrix.ch\/fr\/wp-json\/wp\/v2\/product_brand?post=10109"},{"taxonomy":"product_cat","embeddable":true,"href":"https:\/\/www.etrix.ch\/fr\/wp-json\/wp\/v2\/product_cat?post=10109"},{"taxonomy":"product_tag","embeddable":true,"href":"https:\/\/www.etrix.ch\/fr\/wp-json\/wp\/v2\/product_tag?post=10109"}],"curies":[{"name":"wp","href":"https:\/\/api.w.org\/{rel}","templated":true}]}}