{"id":10104,"date":"2020-03-23T00:50:30","date_gmt":"2020-03-22T23:50:30","guid":{"rendered":"https:\/\/www.etrix.ch\/gants-thermiques-tucano\/"},"modified":"2026-01-15T11:22:39","modified_gmt":"2026-01-15T10:22:39","slug":"gants-thermiques-tucano","status":"publish","type":"product","link":"https:\/\/www.etrix.ch\/fr\/produit\/gants-thermiques-tucano\/","title":{"rendered":"Gants thermiques Tucano"},"content":{"rendered":"<p>Sans bar ni poids<\/p>\n<p>Les prot\u00e8ge-mains thermiques Easy R363X, d\u00e9velopp\u00e9s par Tucano, ont \u00e9t\u00e9 sp\u00e9cialement d\u00e9velopp\u00e9s pour les scooters.<br \/>\nGr\u00e2ce au long garde-main en plastique int\u00e9gr\u00e9 et \u00e0 la teneur \u00e9lev\u00e9e en n\u00e9opr\u00e8ne, le R363X offre une protection optimale.<\/p>\n<ul>\n<li>Plus de volume int\u00e9rieur pour la main et le pouce gr\u00e2ce \u00e0 la construction 3D<\/li>\n<li>Aucune restriction sur l&rsquo;utilisation des leviers<\/li>\n<li>Mat\u00e9riau \u00e9lastique \u00e0 l&rsquo;extr\u00e9mit\u00e9 de la poign\u00e9e des gaz au lieu de l&rsquo;\u0153illet m\u00e9tallique pour am\u00e9liorer la protection contre le vent et l&rsquo;eau.<\/li>\n<li>Fourrure thermique synth\u00e9tique et chaude au niveau du dos de la main<\/li>\n<li>Peut \u00eatre l\u00e9g\u00e8rement comprim\u00e9 pour permettre le montage du pare-brise<\/li>\n<\/ul>\n","protected":false},"excerpt":{"rendered":"<p>Sans bar ni poids<\/p>\n","protected":false},"featured_media":8074,"template":"","meta":{"_acf_changed":false},"product_brand":[],"product_cat":[582,625,647],"product_tag":[1385],"class_list":{"0":"post-10104","1":"product","2":"type-product","3":"status-publish","4":"has-post-thumbnail","6":"product_cat-accessoires","7":"product_cat-casques-vetements","8":"product_cat-protection-contre-les-intemperies","9":"product_tag-handschuhe-fr","10":"pa_marke-tucano-fr","11":"sales-flash-overlay","12":"woocommerce-text-align-left","13":"woocommerce-image-align-center","14":"do-quantity-buttons","15":"wc-has-gallery","17":"first","18":"instock","19":"taxable","20":"shipping-taxable","21":"purchasable","22":"product-type-simple"},"acf":[],"yoast_head":"<!-- This site is optimized with the Yoast SEO Premium plugin v26.9 (Yoast SEO v27.4) - https:\/\/yoast.com\/product\/yoast-seo-premium-wordpress\/ -->\n<title>Gants thermiques Tucano - ETRIX Elektroroller<\/title>\n<meta name=\"description\" content=\"Gants thermiques Tucano \u2713 Ils ont \u00e9t\u00e9 sp\u00e9cialement d\u00e9velopp\u00e9s pour les scooters \u2713 Gr\u00e2ce \u00e0 la protection int\u00e9gr\u00e9e des mains en plastique et \u00e0 la teneur \u00e9lev\u00e9e en n\u00e9opr\u00e8ne\" \/>\n<meta name=\"robots\" content=\"index, follow, max-snippet:-1, max-image-preview:large, max-video-preview:-1\" \/>\n<link rel=\"canonical\" href=\"https:\/\/www.etrix.ch\/fr\/produit\/gants-thermiques-tucano\/\" \/>\n<meta property=\"og:locale\" content=\"fr_FR\" \/>\n<meta property=\"og:type\" content=\"article\" \/>\n<meta property=\"og:title\" content=\"Gants thermiques Tucano\" \/>\n<meta property=\"og:description\" content=\"Gants thermiques Tucano \u2713 Ils ont \u00e9t\u00e9 sp\u00e9cialement d\u00e9velopp\u00e9s pour les scooters \u2713 Gr\u00e2ce \u00e0 la protection int\u00e9gr\u00e9e des mains en plastique et \u00e0 la teneur \u00e9lev\u00e9e en n\u00e9opr\u00e8ne\" \/>\n<meta property=\"og:url\" content=\"https:\/\/www.etrix.ch\/fr\/produit\/gants-thermiques-tucano\/\" \/>\n<meta property=\"og:site_name\" content=\"ETRIX Elektroroller\" \/>\n<meta property=\"article:publisher\" content=\"https:\/\/m.facebook.com\/etrix.emotos\/\" \/>\n<meta property=\"article:modified_time\" content=\"2026-01-15T10:22:39+00:00\" \/>\n<meta property=\"og:image\" content=\"https:\/\/www.etrix.ch\/media\/2020\/03\/Tucano_handschuh_01.jpg\" \/>\n\t<meta property=\"og:image:width\" content=\"1000\" \/>\n\t<meta property=\"og:image:height\" content=\"1000\" \/>\n\t<meta property=\"og:image:type\" content=\"image\/jpeg\" \/>\n<meta name=\"twitter:card\" content=\"summary_large_image\" \/>\n<meta name=\"twitter:site\" content=\"@etrixag\" \/>\n<meta name=\"twitter:label1\" content=\"Prix\" \/>\n\t<meta name=\"twitter:data1\" content=\"&#067;&#072;&#070;&nbsp;69.00 inkl. MwSt.\" \/>\n\t<meta name=\"twitter:label2\" content=\"Disponibilit\u00e9\" \/>\n\t<meta name=\"twitter:data2\" content=\"En stock\" \/>\n<script type=\"application\/ld+json\" class=\"yoast-schema-graph\">{\"@context\":\"https:\\\/\\\/schema.org\",\"@graph\":[{\"@type\":\"WebPage\",\"@id\":\"https:\\\/\\\/www.etrix.ch\\\/fr\\\/produit\\\/gants-thermiques-tucano\\\/\",\"url\":\"https:\\\/\\\/www.etrix.ch\\\/fr\\\/produit\\\/gants-thermiques-tucano\\\/\",\"name\":\"Gants thermiques Tucano - ETRIX Elektroroller\",\"isPartOf\":{\"@id\":\"https:\\\/\\\/www.etrix.ch\\\/fr\\\/#website\"},\"primaryImageOfPage\":{\"@id\":\"https:\\\/\\\/www.etrix.ch\\\/fr\\\/produit\\\/gants-thermiques-tucano\\\/#primaryimage\"},\"image\":{\"@id\":\"https:\\\/\\\/www.etrix.ch\\\/fr\\\/produit\\\/gants-thermiques-tucano\\\/#primaryimage\"},\"thumbnailUrl\":\"https:\\\/\\\/www.etrix.ch\\\/media\\\/2020\\\/03\\\/Tucano_handschuh_01.jpg\",\"datePublished\":\"2020-03-22T23:50:30+00:00\",\"dateModified\":\"2026-01-15T10:22:39+00:00\",\"description\":\"Gants thermiques Tucano \u2713 Ils ont \u00e9t\u00e9 sp\u00e9cialement d\u00e9velopp\u00e9s pour les scooters \u2713 Gr\u00e2ce \u00e0 la protection int\u00e9gr\u00e9e des mains en plastique et \u00e0 la teneur \u00e9lev\u00e9e en n\u00e9opr\u00e8ne\",\"breadcrumb\":{\"@id\":\"https:\\\/\\\/www.etrix.ch\\\/fr\\\/produit\\\/gants-thermiques-tucano\\\/#breadcrumb\"},\"inLanguage\":\"fr-FR\",\"potentialAction\":[{\"@type\":\"ReadAction\",\"target\":[\"https:\\\/\\\/www.etrix.ch\\\/fr\\\/produit\\\/gants-thermiques-tucano\\\/\"]}]},{\"@type\":\"ImageObject\",\"inLanguage\":\"fr-FR\",\"@id\":\"https:\\\/\\\/www.etrix.ch\\\/fr\\\/produit\\\/gants-thermiques-tucano\\\/#primaryimage\",\"url\":\"https:\\\/\\\/www.etrix.ch\\\/media\\\/2020\\\/03\\\/Tucano_handschuh_01.jpg\",\"contentUrl\":\"https:\\\/\\\/www.etrix.ch\\\/media\\\/2020\\\/03\\\/Tucano_handschuh_01.jpg\",\"width\":1000,\"height\":1000,\"caption\":\"Gant Tucano 01\"},{\"@type\":\"BreadcrumbList\",\"@id\":\"https:\\\/\\\/www.etrix.ch\\\/fr\\\/produit\\\/gants-thermiques-tucano\\\/#breadcrumb\",\"itemListElement\":[{\"@type\":\"ListItem\",\"position\":1,\"name\":\"Accueil\",\"item\":\"https:\\\/\\\/www.etrix.ch\\\/fr\\\/\"},{\"@type\":\"ListItem\",\"position\":2,\"name\":\"Boutique\",\"item\":\"https:\\\/\\\/www.etrix.ch\\\/fr\\\/boutique\\\/\"},{\"@type\":\"ListItem\",\"position\":3,\"name\":\"Gants thermiques Tucano\"}]},{\"@type\":\"WebSite\",\"@id\":\"https:\\\/\\\/www.etrix.ch\\\/fr\\\/#website\",\"url\":\"https:\\\/\\\/www.etrix.ch\\\/fr\\\/\",\"name\":\"ETRIX Elektroroller\",\"description\":\"E-Motos\",\"publisher\":{\"@id\":\"https:\\\/\\\/www.etrix.ch\\\/fr\\\/#organization\"},\"potentialAction\":[{\"@type\":\"SearchAction\",\"target\":{\"@type\":\"EntryPoint\",\"urlTemplate\":\"https:\\\/\\\/www.etrix.ch\\\/fr\\\/?s={search_term_string}\"},\"query-input\":{\"@type\":\"PropertyValueSpecification\",\"valueRequired\":true,\"valueName\":\"search_term_string\"}}],\"inLanguage\":\"fr-FR\"},{\"@type\":[\"Organization\",\"Place\",\"MotorcycleDealer\"],\"@id\":\"https:\\\/\\\/www.etrix.ch\\\/fr\\\/#organization\",\"name\":\"ETRIX E-Motos\",\"url\":\"https:\\\/\\\/www.etrix.ch\\\/fr\\\/\",\"logo\":{\"@id\":\"https:\\\/\\\/www.etrix.ch\\\/fr\\\/produit\\\/gants-thermiques-tucano\\\/#local-main-organization-logo\"},\"image\":{\"@id\":\"https:\\\/\\\/www.etrix.ch\\\/fr\\\/produit\\\/gants-thermiques-tucano\\\/#local-main-organization-logo\"},\"sameAs\":[\"https:\\\/\\\/m.facebook.com\\\/etrix.emotos\\\/\",\"https:\\\/\\\/x.com\\\/etrixag\",\"https:\\\/\\\/www.instagram.com\\\/etrix_emotos\\\/p\\\/BtVW6bXHtNv\\\/\",\"https:\\\/\\\/www.linkedin.com\\\/company\\\/etrix-ag\",\"https:\\\/\\\/www.youtube.com\\\/channel\\\/UCSd-hJdu5u8xPUEY60jexOw\"],\"address\":{\"@id\":\"https:\\\/\\\/www.etrix.ch\\\/fr\\\/produit\\\/gants-thermiques-tucano\\\/#local-main-place-address\"},\"geo\":{\"@type\":\"GeoCoordinates\",\"latitude\":\"47.43839497999372\",\"longitude\":\"8.465227605227366\"},\"telephone\":[\"043 931 00 45\"],\"openingHoursSpecification\":[{\"@type\":\"OpeningHoursSpecification\",\"dayOfWeek\":[\"Monday\",\"Sunday\"],\"opens\":\"00:00\",\"closes\":\"00:00\"},{\"@type\":\"OpeningHoursSpecification\",\"dayOfWeek\":[\"Tuesday\",\"Wednesday\",\"Thursday\",\"Friday\"],\"opens\":\"10:00\",\"closes\":\"18:00\"},{\"@type\":\"OpeningHoursSpecification\",\"dayOfWeek\":[\"Saturday\"],\"opens\":\"10:00\",\"closes\":\"15:00\"}]},{\"@type\":\"PostalAddress\",\"@id\":\"https:\\\/\\\/www.etrix.ch\\\/fr\\\/produit\\\/gants-thermiques-tucano\\\/#local-main-place-address\",\"streetAddress\":\"Riedthofstrasse 122\",\"addressLocality\":\"Regensdorf\",\"postalCode\":\"8105\",\"addressRegion\":\"Z\u00fcrich\",\"addressCountry\":\"CH\"},{\"@type\":\"ImageObject\",\"inLanguage\":\"fr-FR\",\"@id\":\"https:\\\/\\\/www.etrix.ch\\\/fr\\\/produit\\\/gants-thermiques-tucano\\\/#local-main-organization-logo\",\"url\":\"https:\\\/\\\/www.etrix.ch\\\/media\\\/2021\\\/05\\\/ETRIX-logo.png\",\"contentUrl\":\"https:\\\/\\\/www.etrix.ch\\\/media\\\/2021\\\/05\\\/ETRIX-logo.png\",\"width\":470,\"height\":85,\"caption\":\"ETRIX E-Motos\"}]}<\/script>\n<meta property=\"product:brand\" content=\"Tucano\" \/>\n<meta property=\"product:price:amount\" content=\"69.00\" \/>\n<meta property=\"product:price:currency\" content=\"CHF\" \/>\n<meta property=\"og:availability\" content=\"instock\" \/>\n<meta property=\"product:availability\" content=\"instock\" \/>\n<meta property=\"product:retailer_item_id\" content=\"AC600218\" \/>\n<meta property=\"product:condition\" content=\"new\" \/>\n<meta name=\"geo.placename\" content=\"Regensdorf\" \/>\n<meta name=\"geo.position\" content=\"47.43839497999372;8.465227605227366\" \/>\n<meta name=\"geo.region\" content=\"Suisse\" \/>\n<!-- \/ Yoast SEO Premium plugin. -->","yoast_head_json":{"title":"Gants thermiques Tucano - ETRIX Elektroroller","description":"Gants thermiques Tucano \u2713 Ils ont \u00e9t\u00e9 sp\u00e9cialement d\u00e9velopp\u00e9s pour les scooters \u2713 Gr\u00e2ce \u00e0 la protection int\u00e9gr\u00e9e des mains en plastique et \u00e0 la teneur \u00e9lev\u00e9e en n\u00e9opr\u00e8ne","robots":{"index":"index","follow":"follow","max-snippet":"max-snippet:-1","max-image-preview":"max-image-preview:large","max-video-preview":"max-video-preview:-1"},"canonical":"https:\/\/www.etrix.ch\/fr\/produit\/gants-thermiques-tucano\/","og_locale":"fr_FR","og_type":"article","og_title":"Gants thermiques Tucano","og_description":"Gants thermiques Tucano \u2713 Ils ont \u00e9t\u00e9 sp\u00e9cialement d\u00e9velopp\u00e9s pour les scooters \u2713 Gr\u00e2ce \u00e0 la protection int\u00e9gr\u00e9e des mains en plastique et \u00e0 la teneur \u00e9lev\u00e9e en n\u00e9opr\u00e8ne","og_url":"https:\/\/www.etrix.ch\/fr\/produit\/gants-thermiques-tucano\/","og_site_name":"ETRIX Elektroroller","article_publisher":"https:\/\/m.facebook.com\/etrix.emotos\/","article_modified_time":"2026-01-15T10:22:39+00:00","og_image":[{"width":1000,"height":1000,"url":"https:\/\/www.etrix.ch\/media\/2020\/03\/Tucano_handschuh_01.jpg","type":"image\/jpeg"}],"twitter_card":"summary_large_image","twitter_site":"@etrixag","twitter_misc":{"Prix":"&#67;&#72;&#70;&nbsp;69.00 inkl. MwSt.","Disponibilit\u00e9":"En stock"},"schema":{"@context":"https:\/\/schema.org","@graph":[{"@type":"WebPage","@id":"https:\/\/www.etrix.ch\/fr\/produit\/gants-thermiques-tucano\/","url":"https:\/\/www.etrix.ch\/fr\/produit\/gants-thermiques-tucano\/","name":"Gants thermiques Tucano - ETRIX Elektroroller","isPartOf":{"@id":"https:\/\/www.etrix.ch\/fr\/#website"},"primaryImageOfPage":{"@id":"https:\/\/www.etrix.ch\/fr\/produit\/gants-thermiques-tucano\/#primaryimage"},"image":{"@id":"https:\/\/www.etrix.ch\/fr\/produit\/gants-thermiques-tucano\/#primaryimage"},"thumbnailUrl":"https:\/\/www.etrix.ch\/media\/2020\/03\/Tucano_handschuh_01.jpg","datePublished":"2020-03-22T23:50:30+00:00","dateModified":"2026-01-15T10:22:39+00:00","description":"Gants thermiques Tucano \u2713 Ils ont \u00e9t\u00e9 sp\u00e9cialement d\u00e9velopp\u00e9s pour les scooters \u2713 Gr\u00e2ce \u00e0 la protection int\u00e9gr\u00e9e des mains en plastique et \u00e0 la teneur \u00e9lev\u00e9e en n\u00e9opr\u00e8ne","breadcrumb":{"@id":"https:\/\/www.etrix.ch\/fr\/produit\/gants-thermiques-tucano\/#breadcrumb"},"inLanguage":"fr-FR","potentialAction":[{"@type":"ReadAction","target":["https:\/\/www.etrix.ch\/fr\/produit\/gants-thermiques-tucano\/"]}]},{"@type":"ImageObject","inLanguage":"fr-FR","@id":"https:\/\/www.etrix.ch\/fr\/produit\/gants-thermiques-tucano\/#primaryimage","url":"https:\/\/www.etrix.ch\/media\/2020\/03\/Tucano_handschuh_01.jpg","contentUrl":"https:\/\/www.etrix.ch\/media\/2020\/03\/Tucano_handschuh_01.jpg","width":1000,"height":1000,"caption":"Gant Tucano 01"},{"@type":"BreadcrumbList","@id":"https:\/\/www.etrix.ch\/fr\/produit\/gants-thermiques-tucano\/#breadcrumb","itemListElement":[{"@type":"ListItem","position":1,"name":"Accueil","item":"https:\/\/www.etrix.ch\/fr\/"},{"@type":"ListItem","position":2,"name":"Boutique","item":"https:\/\/www.etrix.ch\/fr\/boutique\/"},{"@type":"ListItem","position":3,"name":"Gants thermiques Tucano"}]},{"@type":"WebSite","@id":"https:\/\/www.etrix.ch\/fr\/#website","url":"https:\/\/www.etrix.ch\/fr\/","name":"ETRIX Elektroroller","description":"E-Motos","publisher":{"@id":"https:\/\/www.etrix.ch\/fr\/#organization"},"potentialAction":[{"@type":"SearchAction","target":{"@type":"EntryPoint","urlTemplate":"https:\/\/www.etrix.ch\/fr\/?s={search_term_string}"},"query-input":{"@type":"PropertyValueSpecification","valueRequired":true,"valueName":"search_term_string"}}],"inLanguage":"fr-FR"},{"@type":["Organization","Place","MotorcycleDealer"],"@id":"https:\/\/www.etrix.ch\/fr\/#organization","name":"ETRIX E-Motos","url":"https:\/\/www.etrix.ch\/fr\/","logo":{"@id":"https:\/\/www.etrix.ch\/fr\/produit\/gants-thermiques-tucano\/#local-main-organization-logo"},"image":{"@id":"https:\/\/www.etrix.ch\/fr\/produit\/gants-thermiques-tucano\/#local-main-organization-logo"},"sameAs":["https:\/\/m.facebook.com\/etrix.emotos\/","https:\/\/x.com\/etrixag","https:\/\/www.instagram.com\/etrix_emotos\/p\/BtVW6bXHtNv\/","https:\/\/www.linkedin.com\/company\/etrix-ag","https:\/\/www.youtube.com\/channel\/UCSd-hJdu5u8xPUEY60jexOw"],"address":{"@id":"https:\/\/www.etrix.ch\/fr\/produit\/gants-thermiques-tucano\/#local-main-place-address"},"geo":{"@type":"GeoCoordinates","latitude":"47.43839497999372","longitude":"8.465227605227366"},"telephone":["043 931 00 45"],"openingHoursSpecification":[{"@type":"OpeningHoursSpecification","dayOfWeek":["Monday","Sunday"],"opens":"00:00","closes":"00:00"},{"@type":"OpeningHoursSpecification","dayOfWeek":["Tuesday","Wednesday","Thursday","Friday"],"opens":"10:00","closes":"18:00"},{"@type":"OpeningHoursSpecification","dayOfWeek":["Saturday"],"opens":"10:00","closes":"15:00"}]},{"@type":"PostalAddress","@id":"https:\/\/www.etrix.ch\/fr\/produit\/gants-thermiques-tucano\/#local-main-place-address","streetAddress":"Riedthofstrasse 122","addressLocality":"Regensdorf","postalCode":"8105","addressRegion":"Z\u00fcrich","addressCountry":"CH"},{"@type":"ImageObject","inLanguage":"fr-FR","@id":"https:\/\/www.etrix.ch\/fr\/produit\/gants-thermiques-tucano\/#local-main-organization-logo","url":"https:\/\/www.etrix.ch\/media\/2021\/05\/ETRIX-logo.png","contentUrl":"https:\/\/www.etrix.ch\/media\/2021\/05\/ETRIX-logo.png","width":470,"height":85,"caption":"ETRIX E-Motos"}]},"product_brand":"Tucano","product_price_amount":"69.00","product_price_currency":"CHF","og_availability":"instock","product_availability":"instock","product_retailer_item_id":"AC600218","product_condition":"new","geo.placename":"Regensdorf","geo.position":{"lat":"47.43839497999372","long":"8.465227605227366"},"geo.region":"Suisse"},"_links":{"self":[{"href":"https:\/\/www.etrix.ch\/fr\/wp-json\/wp\/v2\/product\/10104","targetHints":{"allow":["GET"]}}],"collection":[{"href":"https:\/\/www.etrix.ch\/fr\/wp-json\/wp\/v2\/product"}],"about":[{"href":"https:\/\/www.etrix.ch\/fr\/wp-json\/wp\/v2\/types\/product"}],"wp:featuredmedia":[{"embeddable":true,"href":"https:\/\/www.etrix.ch\/fr\/wp-json\/wp\/v2\/media\/8074"}],"wp:attachment":[{"href":"https:\/\/www.etrix.ch\/fr\/wp-json\/wp\/v2\/media?parent=10104"}],"wp:term":[{"taxonomy":"product_brand","embeddable":true,"href":"https:\/\/www.etrix.ch\/fr\/wp-json\/wp\/v2\/product_brand?post=10104"},{"taxonomy":"product_cat","embeddable":true,"href":"https:\/\/www.etrix.ch\/fr\/wp-json\/wp\/v2\/product_cat?post=10104"},{"taxonomy":"product_tag","embeddable":true,"href":"https:\/\/www.etrix.ch\/fr\/wp-json\/wp\/v2\/product_tag?post=10104"}],"curies":[{"name":"wp","href":"https:\/\/api.w.org\/{rel}","templated":true}]}}