{"id":10046,"date":"2020-03-19T09:43:04","date_gmt":"2020-03-19T08:43:04","guid":{"rendered":"https:\/\/www.etrix.ch\/batterie-ecooter-e1r-e2-city-sport\/"},"modified":"2025-12-08T00:43:24","modified_gmt":"2025-12-07T23:43:24","slug":"batterie-ecooter-e1r-e2-city-sport-max-e5","status":"publish","type":"product","link":"https:\/\/www.etrix.ch\/fr\/produit\/batterie-ecooter-e1r-e2-city-sport-max-e5\/","title":{"rendered":"Batterie - Ecooter E1R \/ E2 City\/Sport\/Max &amp; E5"},"content":{"rendered":"<h2 id=\"my-silence-app\">Syst\u00e8me de batterie au lithium<\/h2>\n<p>Avec la batterie au lithium de 2,7 kWh avec cellules <strong>SAMSUNG<\/strong>, une autonomie de 60 km peut \u00eatre atteinte. Avec la batterie suppl\u00e9mentaire disponible en option, d\u2019une capacit\u00e9 de 1.8kWh, jusqu\u2019\u00e0 100km !<br>\nLe syst\u00e8me \u00e0 double batterie a alors une capacit\u00e9 de 4,5kWh.<\/p>\n<p>Ce syst\u00e8me de batterie portable peut \u00eatre recharg\u00e9 n\u2019importe o\u00f9 sur n\u2019importe quelle prise de courant classique avec le chargeur correspondant.<\/p>\n<div class=\"is-layout-flex wp-container-26 wp-block-columns\">\n<div class=\"is-layout-flow wp-block-column\">\n<figure class=\"wp-block-image size-full\"><img decoding=\"async\" class=\"wp-image-4826 entered lazyloaded\" src=\"https:\/\/www.etrix.ch\/media\/2022\/03\/samsung_500.jpg\" alt=\"Pile au lithium Samsung  \" width=\"500\" height=\"181\" data-lazy-src=\"https:\/\/www.etrix.ch\/media\/2022\/03\/samsung_500.jpg\" data-ll-status=\"loaded\"><\/figure>\n<\/div>\n<div class=\"is-layout-flow wp-block-column\"><\/div>\n<\/div>\n<p>Cette batterie peut \u00eatre recharg\u00e9e sur n\u2019importe quelle prise de courant \u00e0 l\u2019aide d\u2019un chargeur. Les batteries lithium-ion sont faciles \u00e0 utiliser avec un poids de seulement 15 kg. <\/p>\n<p>\u00a0<\/p>\n","protected":false},"excerpt":{"rendered":"<p>Batterie : Lithium Ion<br \/>\n2700Wh - 64V - 42Ah<\/p>\n","protected":false},"featured_media":6378,"template":"","meta":{"_acf_changed":false},"product_brand":[],"product_cat":[582,556,555,489],"product_tag":[],"class_list":{"0":"post-10046","1":"product","2":"type-product","3":"status-publish","4":"has-post-thumbnail","6":"product_cat-accessoires","7":"product_cat-accessoires-ecooter","8":"product_cat-ecooter-fr","9":"product_cat-e-scooter","10":"pa_marke-ecooter-fr","11":"sales-flash-overlay","12":"woocommerce-text-align-left","13":"woocommerce-image-align-center","14":"do-quantity-buttons","16":"first","17":"instock","18":"taxable","19":"shipping-taxable","20":"purchasable","21":"product-type-simple"},"acf":[],"yoast_head":"<!-- This site is optimized with the Yoast SEO Premium plugin v26.9 (Yoast SEO v27.5) - https:\/\/yoast.com\/product\/yoast-seo-premium-wordpress\/ -->\n<title>Batterie - Ecooter E1R \/ E2 City\/Sport\/Max &amp; E5 - ETRIX Elektroroller Ions de lithium<\/title>\n<meta name=\"description\" content=\"Cette batterie peut \u00eatre recharg\u00e9e sur n&#039;importe quelle prise de courant \u00e0 l&#039;aide d&#039;un chargeur. Les batteries au lithium-ion sont faciles \u00e0 utiliser avec seulement 15 kg\" \/>\n<meta name=\"robots\" content=\"index, follow, max-snippet:-1, max-image-preview:large, max-video-preview:-1\" \/>\n<link rel=\"canonical\" href=\"https:\/\/www.etrix.ch\/fr\/produit\/batterie-ecooter-e1r-e2-city-sport-max-e5\/\" \/>\n<meta property=\"og:locale\" content=\"fr_FR\" \/>\n<meta property=\"og:type\" content=\"article\" \/>\n<meta property=\"og:title\" content=\"Batterie - Ecooter E1R \/ E2 City\/Sport\/Max &amp; E5\" \/>\n<meta property=\"og:description\" content=\"Cette batterie peut \u00eatre recharg\u00e9e sur n&#039;importe quelle prise de courant \u00e0 l&#039;aide d&#039;un chargeur. Les batteries au lithium-ion sont faciles \u00e0 utiliser avec seulement 15 kg\" \/>\n<meta property=\"og:url\" content=\"https:\/\/www.etrix.ch\/fr\/produit\/batterie-ecooter-e1r-e2-city-sport-max-e5\/\" \/>\n<meta property=\"og:site_name\" content=\"ETRIX Elektroroller\" \/>\n<meta property=\"article:publisher\" content=\"https:\/\/m.facebook.com\/etrix.emotos\/\" \/>\n<meta property=\"article:modified_time\" content=\"2025-12-07T23:43:24+00:00\" \/>\n<meta property=\"og:image\" content=\"https:\/\/www.etrix.ch\/media\/2021\/05\/Ecooter_Batterie_E1R_E2citysport.jpg\" \/>\n\t<meta property=\"og:image:width\" content=\"1000\" \/>\n\t<meta property=\"og:image:height\" content=\"1000\" \/>\n\t<meta property=\"og:image:type\" content=\"image\/jpeg\" \/>\n<meta name=\"twitter:card\" content=\"summary_large_image\" \/>\n<meta name=\"twitter:site\" content=\"@etrixag\" \/>\n<meta name=\"twitter:label1\" content=\"Prix\" \/>\n\t<meta name=\"twitter:data1\" content=\"&#067;&#072;&#070;&nbsp;1&#039;850.00 inkl. MwSt.\" \/>\n\t<meta name=\"twitter:label2\" content=\"Disponibilit\u00e9\" \/>\n\t<meta name=\"twitter:data2\" content=\"En stock\" \/>\n<script type=\"application\/ld+json\" class=\"yoast-schema-graph\">{\"@context\":\"https:\\\/\\\/schema.org\",\"@graph\":[{\"@type\":\"WebPage\",\"@id\":\"https:\\\/\\\/www.etrix.ch\\\/fr\\\/produit\\\/batterie-ecooter-e1r-e2-city-sport-max-e5\\\/\",\"url\":\"https:\\\/\\\/www.etrix.ch\\\/fr\\\/produit\\\/batterie-ecooter-e1r-e2-city-sport-max-e5\\\/\",\"name\":\"Batterie - Ecooter E1R \\\/ E2 City\\\/Sport\\\/Max &amp; E5 - ETRIX Elektroroller Ions de lithium\",\"isPartOf\":{\"@id\":\"https:\\\/\\\/www.etrix.ch\\\/fr\\\/#website\"},\"primaryImageOfPage\":{\"@id\":\"https:\\\/\\\/www.etrix.ch\\\/fr\\\/produit\\\/batterie-ecooter-e1r-e2-city-sport-max-e5\\\/#primaryimage\"},\"image\":{\"@id\":\"https:\\\/\\\/www.etrix.ch\\\/fr\\\/produit\\\/batterie-ecooter-e1r-e2-city-sport-max-e5\\\/#primaryimage\"},\"thumbnailUrl\":\"https:\\\/\\\/www.etrix.ch\\\/media\\\/2021\\\/05\\\/Ecooter_Batterie_E1R_E2citysport.jpg\",\"datePublished\":\"2020-03-19T08:43:04+00:00\",\"dateModified\":\"2025-12-07T23:43:24+00:00\",\"description\":\"Cette batterie peut \u00eatre recharg\u00e9e sur n'importe quelle prise de courant \u00e0 l'aide d'un chargeur. Les batteries au lithium-ion sont faciles \u00e0 utiliser avec seulement 15 kg\",\"breadcrumb\":{\"@id\":\"https:\\\/\\\/www.etrix.ch\\\/fr\\\/produit\\\/batterie-ecooter-e1r-e2-city-sport-max-e5\\\/#breadcrumb\"},\"inLanguage\":\"fr-FR\",\"potentialAction\":[{\"@type\":\"ReadAction\",\"target\":[\"https:\\\/\\\/www.etrix.ch\\\/fr\\\/produit\\\/batterie-ecooter-e1r-e2-city-sport-max-e5\\\/\"]}]},{\"@type\":\"ImageObject\",\"inLanguage\":\"fr-FR\",\"@id\":\"https:\\\/\\\/www.etrix.ch\\\/fr\\\/produit\\\/batterie-ecooter-e1r-e2-city-sport-max-e5\\\/#primaryimage\",\"url\":\"https:\\\/\\\/www.etrix.ch\\\/media\\\/2021\\\/05\\\/Ecooter_Batterie_E1R_E2citysport.jpg\",\"contentUrl\":\"https:\\\/\\\/www.etrix.ch\\\/media\\\/2021\\\/05\\\/Ecooter_Batterie_E1R_E2citysport.jpg\",\"width\":1000,\"height\":1000},{\"@type\":\"BreadcrumbList\",\"@id\":\"https:\\\/\\\/www.etrix.ch\\\/fr\\\/produit\\\/batterie-ecooter-e1r-e2-city-sport-max-e5\\\/#breadcrumb\",\"itemListElement\":[{\"@type\":\"ListItem\",\"position\":1,\"name\":\"Accueil\",\"item\":\"https:\\\/\\\/www.etrix.ch\\\/fr\\\/\"},{\"@type\":\"ListItem\",\"position\":2,\"name\":\"Boutique\",\"item\":\"https:\\\/\\\/www.etrix.ch\\\/fr\\\/boutique\\\/\"},{\"@type\":\"ListItem\",\"position\":3,\"name\":\"Batterie - Ecooter E1R \\\/ E2 City\\\/Sport\\\/Max &amp; E5\"}]},{\"@type\":\"WebSite\",\"@id\":\"https:\\\/\\\/www.etrix.ch\\\/fr\\\/#website\",\"url\":\"https:\\\/\\\/www.etrix.ch\\\/fr\\\/\",\"name\":\"ETRIX Elektroroller\",\"description\":\"E-Motos\",\"publisher\":{\"@id\":\"https:\\\/\\\/www.etrix.ch\\\/fr\\\/#organization\"},\"potentialAction\":[{\"@type\":\"SearchAction\",\"target\":{\"@type\":\"EntryPoint\",\"urlTemplate\":\"https:\\\/\\\/www.etrix.ch\\\/fr\\\/?s={search_term_string}\"},\"query-input\":{\"@type\":\"PropertyValueSpecification\",\"valueRequired\":true,\"valueName\":\"search_term_string\"}}],\"inLanguage\":\"fr-FR\"},{\"@type\":[\"Organization\",\"Place\",\"MotorcycleDealer\"],\"@id\":\"https:\\\/\\\/www.etrix.ch\\\/fr\\\/#organization\",\"name\":\"ETRIX E-Motos\",\"url\":\"https:\\\/\\\/www.etrix.ch\\\/fr\\\/\",\"logo\":{\"@id\":\"https:\\\/\\\/www.etrix.ch\\\/fr\\\/produit\\\/batterie-ecooter-e1r-e2-city-sport-max-e5\\\/#local-main-organization-logo\"},\"image\":{\"@id\":\"https:\\\/\\\/www.etrix.ch\\\/fr\\\/produit\\\/batterie-ecooter-e1r-e2-city-sport-max-e5\\\/#local-main-organization-logo\"},\"sameAs\":[\"https:\\\/\\\/m.facebook.com\\\/etrix.emotos\\\/\",\"https:\\\/\\\/x.com\\\/etrixag\",\"https:\\\/\\\/www.instagram.com\\\/etrix_emotos\\\/p\\\/BtVW6bXHtNv\\\/\",\"https:\\\/\\\/www.linkedin.com\\\/company\\\/etrix-ag\",\"https:\\\/\\\/www.youtube.com\\\/channel\\\/UCSd-hJdu5u8xPUEY60jexOw\"],\"address\":{\"@id\":\"https:\\\/\\\/www.etrix.ch\\\/fr\\\/produit\\\/batterie-ecooter-e1r-e2-city-sport-max-e5\\\/#local-main-place-address\"},\"geo\":{\"@type\":\"GeoCoordinates\",\"latitude\":\"47.43839497999372\",\"longitude\":\"8.465227605227366\"},\"telephone\":[\"043 931 00 45\"],\"openingHoursSpecification\":[{\"@type\":\"OpeningHoursSpecification\",\"dayOfWeek\":[\"Monday\",\"Sunday\"],\"opens\":\"00:00\",\"closes\":\"00:00\"},{\"@type\":\"OpeningHoursSpecification\",\"dayOfWeek\":[\"Tuesday\",\"Wednesday\",\"Thursday\",\"Friday\"],\"opens\":\"10:00\",\"closes\":\"18:00\"},{\"@type\":\"OpeningHoursSpecification\",\"dayOfWeek\":[\"Saturday\"],\"opens\":\"10:00\",\"closes\":\"15:00\"}]},{\"@type\":\"PostalAddress\",\"@id\":\"https:\\\/\\\/www.etrix.ch\\\/fr\\\/produit\\\/batterie-ecooter-e1r-e2-city-sport-max-e5\\\/#local-main-place-address\",\"streetAddress\":\"Riedthofstrasse 122\",\"addressLocality\":\"Regensdorf\",\"postalCode\":\"8105\",\"addressRegion\":\"Z\u00fcrich\",\"addressCountry\":\"CH\"},{\"@type\":\"ImageObject\",\"inLanguage\":\"fr-FR\",\"@id\":\"https:\\\/\\\/www.etrix.ch\\\/fr\\\/produit\\\/batterie-ecooter-e1r-e2-city-sport-max-e5\\\/#local-main-organization-logo\",\"url\":\"https:\\\/\\\/www.etrix.ch\\\/media\\\/2021\\\/05\\\/ETRIX-logo.png\",\"contentUrl\":\"https:\\\/\\\/www.etrix.ch\\\/media\\\/2021\\\/05\\\/ETRIX-logo.png\",\"width\":470,\"height\":85,\"caption\":\"ETRIX E-Motos\"}]}<\/script>\n<meta property=\"product:brand\" content=\"Ecooter\" \/>\n<meta property=\"product:price:amount\" content=\"1850.00\" \/>\n<meta property=\"product:price:currency\" content=\"CHF\" \/>\n<meta property=\"og:availability\" content=\"instock\" \/>\n<meta property=\"product:availability\" content=\"instock\" \/>\n<meta property=\"product:retailer_item_id\" content=\"EL300309\" \/>\n<meta property=\"product:condition\" content=\"new\" \/>\n<meta name=\"geo.placename\" content=\"Regensdorf\" \/>\n<meta name=\"geo.position\" content=\"47.43839497999372;8.465227605227366\" \/>\n<meta name=\"geo.region\" content=\"Suisse\" \/>\n<!-- \/ Yoast SEO Premium plugin. -->","yoast_head_json":{"title":"Batterie - Ecooter E1R \/ E2 City\/Sport\/Max &amp; E5 - ETRIX Elektroroller Ions de lithium","description":"Cette batterie peut \u00eatre recharg\u00e9e sur n'importe quelle prise de courant \u00e0 l'aide d'un chargeur. Les batteries au lithium-ion sont faciles \u00e0 utiliser avec seulement 15 kg","robots":{"index":"index","follow":"follow","max-snippet":"max-snippet:-1","max-image-preview":"max-image-preview:large","max-video-preview":"max-video-preview:-1"},"canonical":"https:\/\/www.etrix.ch\/fr\/produit\/batterie-ecooter-e1r-e2-city-sport-max-e5\/","og_locale":"fr_FR","og_type":"article","og_title":"Batterie - Ecooter E1R \/ E2 City\/Sport\/Max &amp; E5","og_description":"Cette batterie peut \u00eatre recharg\u00e9e sur n'importe quelle prise de courant \u00e0 l'aide d'un chargeur. Les batteries au lithium-ion sont faciles \u00e0 utiliser avec seulement 15 kg","og_url":"https:\/\/www.etrix.ch\/fr\/produit\/batterie-ecooter-e1r-e2-city-sport-max-e5\/","og_site_name":"ETRIX Elektroroller","article_publisher":"https:\/\/m.facebook.com\/etrix.emotos\/","article_modified_time":"2025-12-07T23:43:24+00:00","og_image":[{"width":1000,"height":1000,"url":"https:\/\/www.etrix.ch\/media\/2021\/05\/Ecooter_Batterie_E1R_E2citysport.jpg","type":"image\/jpeg"}],"twitter_card":"summary_large_image","twitter_site":"@etrixag","twitter_misc":{"Prix":"&#67;&#72;&#70;&nbsp;1'850.00 inkl. MwSt.","Disponibilit\u00e9":"En stock"},"schema":{"@context":"https:\/\/schema.org","@graph":[{"@type":"WebPage","@id":"https:\/\/www.etrix.ch\/fr\/produit\/batterie-ecooter-e1r-e2-city-sport-max-e5\/","url":"https:\/\/www.etrix.ch\/fr\/produit\/batterie-ecooter-e1r-e2-city-sport-max-e5\/","name":"Batterie - Ecooter E1R \/ E2 City\/Sport\/Max &amp; E5 - ETRIX Elektroroller Ions de lithium","isPartOf":{"@id":"https:\/\/www.etrix.ch\/fr\/#website"},"primaryImageOfPage":{"@id":"https:\/\/www.etrix.ch\/fr\/produit\/batterie-ecooter-e1r-e2-city-sport-max-e5\/#primaryimage"},"image":{"@id":"https:\/\/www.etrix.ch\/fr\/produit\/batterie-ecooter-e1r-e2-city-sport-max-e5\/#primaryimage"},"thumbnailUrl":"https:\/\/www.etrix.ch\/media\/2021\/05\/Ecooter_Batterie_E1R_E2citysport.jpg","datePublished":"2020-03-19T08:43:04+00:00","dateModified":"2025-12-07T23:43:24+00:00","description":"Cette batterie peut \u00eatre recharg\u00e9e sur n'importe quelle prise de courant \u00e0 l'aide d'un chargeur. Les batteries au lithium-ion sont faciles \u00e0 utiliser avec seulement 15 kg","breadcrumb":{"@id":"https:\/\/www.etrix.ch\/fr\/produit\/batterie-ecooter-e1r-e2-city-sport-max-e5\/#breadcrumb"},"inLanguage":"fr-FR","potentialAction":[{"@type":"ReadAction","target":["https:\/\/www.etrix.ch\/fr\/produit\/batterie-ecooter-e1r-e2-city-sport-max-e5\/"]}]},{"@type":"ImageObject","inLanguage":"fr-FR","@id":"https:\/\/www.etrix.ch\/fr\/produit\/batterie-ecooter-e1r-e2-city-sport-max-e5\/#primaryimage","url":"https:\/\/www.etrix.ch\/media\/2021\/05\/Ecooter_Batterie_E1R_E2citysport.jpg","contentUrl":"https:\/\/www.etrix.ch\/media\/2021\/05\/Ecooter_Batterie_E1R_E2citysport.jpg","width":1000,"height":1000},{"@type":"BreadcrumbList","@id":"https:\/\/www.etrix.ch\/fr\/produit\/batterie-ecooter-e1r-e2-city-sport-max-e5\/#breadcrumb","itemListElement":[{"@type":"ListItem","position":1,"name":"Accueil","item":"https:\/\/www.etrix.ch\/fr\/"},{"@type":"ListItem","position":2,"name":"Boutique","item":"https:\/\/www.etrix.ch\/fr\/boutique\/"},{"@type":"ListItem","position":3,"name":"Batterie - Ecooter E1R \/ E2 City\/Sport\/Max &amp; E5"}]},{"@type":"WebSite","@id":"https:\/\/www.etrix.ch\/fr\/#website","url":"https:\/\/www.etrix.ch\/fr\/","name":"ETRIX Elektroroller","description":"E-Motos","publisher":{"@id":"https:\/\/www.etrix.ch\/fr\/#organization"},"potentialAction":[{"@type":"SearchAction","target":{"@type":"EntryPoint","urlTemplate":"https:\/\/www.etrix.ch\/fr\/?s={search_term_string}"},"query-input":{"@type":"PropertyValueSpecification","valueRequired":true,"valueName":"search_term_string"}}],"inLanguage":"fr-FR"},{"@type":["Organization","Place","MotorcycleDealer"],"@id":"https:\/\/www.etrix.ch\/fr\/#organization","name":"ETRIX E-Motos","url":"https:\/\/www.etrix.ch\/fr\/","logo":{"@id":"https:\/\/www.etrix.ch\/fr\/produit\/batterie-ecooter-e1r-e2-city-sport-max-e5\/#local-main-organization-logo"},"image":{"@id":"https:\/\/www.etrix.ch\/fr\/produit\/batterie-ecooter-e1r-e2-city-sport-max-e5\/#local-main-organization-logo"},"sameAs":["https:\/\/m.facebook.com\/etrix.emotos\/","https:\/\/x.com\/etrixag","https:\/\/www.instagram.com\/etrix_emotos\/p\/BtVW6bXHtNv\/","https:\/\/www.linkedin.com\/company\/etrix-ag","https:\/\/www.youtube.com\/channel\/UCSd-hJdu5u8xPUEY60jexOw"],"address":{"@id":"https:\/\/www.etrix.ch\/fr\/produit\/batterie-ecooter-e1r-e2-city-sport-max-e5\/#local-main-place-address"},"geo":{"@type":"GeoCoordinates","latitude":"47.43839497999372","longitude":"8.465227605227366"},"telephone":["043 931 00 45"],"openingHoursSpecification":[{"@type":"OpeningHoursSpecification","dayOfWeek":["Monday","Sunday"],"opens":"00:00","closes":"00:00"},{"@type":"OpeningHoursSpecification","dayOfWeek":["Tuesday","Wednesday","Thursday","Friday"],"opens":"10:00","closes":"18:00"},{"@type":"OpeningHoursSpecification","dayOfWeek":["Saturday"],"opens":"10:00","closes":"15:00"}]},{"@type":"PostalAddress","@id":"https:\/\/www.etrix.ch\/fr\/produit\/batterie-ecooter-e1r-e2-city-sport-max-e5\/#local-main-place-address","streetAddress":"Riedthofstrasse 122","addressLocality":"Regensdorf","postalCode":"8105","addressRegion":"Z\u00fcrich","addressCountry":"CH"},{"@type":"ImageObject","inLanguage":"fr-FR","@id":"https:\/\/www.etrix.ch\/fr\/produit\/batterie-ecooter-e1r-e2-city-sport-max-e5\/#local-main-organization-logo","url":"https:\/\/www.etrix.ch\/media\/2021\/05\/ETRIX-logo.png","contentUrl":"https:\/\/www.etrix.ch\/media\/2021\/05\/ETRIX-logo.png","width":470,"height":85,"caption":"ETRIX E-Motos"}]},"product_brand":"Ecooter","product_price_amount":"1850.00","product_price_currency":"CHF","og_availability":"instock","product_availability":"instock","product_retailer_item_id":"EL300309","product_condition":"new","geo.placename":"Regensdorf","geo.position":{"lat":"47.43839497999372","long":"8.465227605227366"},"geo.region":"Suisse"},"_links":{"self":[{"href":"https:\/\/www.etrix.ch\/fr\/wp-json\/wp\/v2\/product\/10046","targetHints":{"allow":["GET"]}}],"collection":[{"href":"https:\/\/www.etrix.ch\/fr\/wp-json\/wp\/v2\/product"}],"about":[{"href":"https:\/\/www.etrix.ch\/fr\/wp-json\/wp\/v2\/types\/product"}],"wp:featuredmedia":[{"embeddable":true,"href":"https:\/\/www.etrix.ch\/fr\/wp-json\/wp\/v2\/media\/6378"}],"wp:attachment":[{"href":"https:\/\/www.etrix.ch\/fr\/wp-json\/wp\/v2\/media?parent=10046"}],"wp:term":[{"taxonomy":"product_brand","embeddable":true,"href":"https:\/\/www.etrix.ch\/fr\/wp-json\/wp\/v2\/product_brand?post=10046"},{"taxonomy":"product_cat","embeddable":true,"href":"https:\/\/www.etrix.ch\/fr\/wp-json\/wp\/v2\/product_cat?post=10046"},{"taxonomy":"product_tag","embeddable":true,"href":"https:\/\/www.etrix.ch\/fr\/wp-json\/wp\/v2\/product_tag?post=10046"}],"curies":[{"name":"wp","href":"https:\/\/api.w.org\/{rel}","templated":true}]}}