{"id":21198,"date":"2023-07-19T16:05:26","date_gmt":"2023-07-19T14:05:26","guid":{"rendered":"https:\/\/www.etrix.ch\/services\/conditions-de-garantie\/"},"modified":"2023-09-08T11:55:32","modified_gmt":"2023-09-08T09:55:32","slug":"conditions-de-garantie","status":"publish","type":"page","link":"https:\/\/www.etrix.ch\/fr\/services\/conditions-de-garantie\/","title":{"rendered":"Conditions de garantie"},"content":{"rendered":"\n<div class=\"wp-block-columns alignfull is-style-spalte-top-bild is-layout-flex wp-container-core-columns-is-layout-9d6595d7 wp-block-columns-is-layout-flex\">\n<div class=\"wp-block-column is-style-top-bild-mask has-global-color-8-color has-text-color is-layout-flow wp-block-column-is-layout-flow\">\n<figure class=\"wp-block-image alignfull size-full\"><img decoding=\"async\" width=\"900\" height=\"900\" src=\"https:\/\/www.etrix.ch\/media\/2021\/12\/city-sport.jpg\" alt=\"\" class=\"wp-image-2641\" srcset=\"https:\/\/www.etrix.ch\/media\/2021\/12\/city-sport.jpg 900w, https:\/\/www.etrix.ch\/media\/2021\/12\/city-sport-600x600.jpg 600w, https:\/\/www.etrix.ch\/media\/2021\/12\/city-sport-100x100.jpg 100w, https:\/\/www.etrix.ch\/media\/2021\/12\/city-sport-300x300.jpg 300w, https:\/\/www.etrix.ch\/media\/2021\/12\/city-sport-150x150.jpg 150w, https:\/\/www.etrix.ch\/media\/2021\/12\/city-sport-768x768.jpg 768w, https:\/\/www.etrix.ch\/media\/2021\/12\/city-sport-460x460.jpg 460w\" sizes=\"(max-width: 900px) 100vw, 900px\"><\/figure>\n\n\n\n<div class=\"wp-block-group is-style-top-image-text\"><div class=\"wp-block-group__inner-container is-layout-flow wp-block-group-is-layout-flow\">\n<p class=\"is-style-default\">Garantie<br><\/p>\n<\/div><\/div>\n<\/div>\n<\/div>\n\n<div class=\"wp-block-columns alignfull is-style-spalten-bild-rechts is-layout-flex wp-container-core-columns-is-layout-9d6595d7 wp-block-columns-is-layout-flex\" id=\"inhalt\">\n<div class=\"wp-block-column is-style-bild-mask-3 is-layout-flow wp-block-column-is-layout-flow\">\n<figure class=\"wp-block-image size-full\"><img decoding=\"async\" width=\"595\" height=\"582\" src=\"https:\/\/www.etrix.ch\/media\/2022\/04\/etrix-elektroroller-uncategorized-1558.jpg\" alt=\"\" class=\"wp-image-11747\" srcset=\"https:\/\/www.etrix.ch\/media\/2022\/04\/etrix-elektroroller-uncategorized-1558.jpg 595w, https:\/\/www.etrix.ch\/media\/2022\/04\/etrix-elektroroller-uncategorized-1558-300x293.jpg 300w\" sizes=\"(max-width: 595px) 100vw, 595px\"><\/figure>\n<\/div>\n\n\n\n<div class=\"wp-block-column is-layout-flow wp-block-column-is-layout-flow\">\n<h1 class=\"wp-block-heading\" id=\"h-garantie-2-jahre-oder-mehr\">Garantie 2 ans - ou plus !<\/h1>\n\n\n\n<p>Tous nos scooters \u00e9lectriques b\u00e9n\u00e9ficient d\u2019une garantie standard de deux ans. Et ce, sur l\u2019ensemble du v\u00e9hicule, batterie comprise.<\/p>\n\n\n\n<p>Mais cela ne nous suffit pas : pour tous les scooters \u00e9lectriques Ecooter et Silence nouvellement achet\u00e9s, nous proposons des extensions de garantie en option.<\/p>\n\n\n\n<p>Moyennant un suppl\u00e9ment, la dur\u00e9e de la garantie est prolong\u00e9e jusqu\u2019\u00e0 quatre ans (avec une franchise de 150.- par cas de garantie en 3e et la 4e ann\u00e9e).<\/p>\n\n\n\n<div class=\"wp-block-buttons is-layout-flex wp-block-buttons-is-layout-flex\">\n<div class=\"wp-block-button is-style-button-default\"><a class=\"wp-block-button__link wp-element-button\" href=\"mailto:service@etrix.ch\">Je veux en savoir plus<\/a><\/div>\n<\/div>\n\n\n\n<p><\/p>\n<\/div>\n<\/div>\n\n<div class=\"wp-block-columns alignfull is-style-spalten-bild-rechts is-layout-flex wp-container-core-columns-is-layout-9d6595d7 wp-block-columns-is-layout-flex\" id=\"inhalt\">\n<div class=\"wp-block-column is-style-bild-mask-1 is-layout-flow wp-block-column-is-layout-flow\">\n<figure class=\"wp-block-image size-large is-style-default\"><img decoding=\"async\" width=\"1024\" height=\"768\" src=\"https:\/\/www.etrix.ch\/media\/2022\/02\/Etrix_Werkstatt-1024x768.jpeg\" alt=\"\" class=\"wp-image-4081\" srcset=\"https:\/\/www.etrix.ch\/media\/2022\/02\/Etrix_Werkstatt-1024x768.jpeg 1024w, https:\/\/www.etrix.ch\/media\/2022\/02\/Etrix_Werkstatt-900x675.jpeg 900w, https:\/\/www.etrix.ch\/media\/2022\/02\/Etrix_Werkstatt-300x225.jpeg 300w, https:\/\/www.etrix.ch\/media\/2022\/02\/Etrix_Werkstatt-768x576.jpeg 768w, https:\/\/www.etrix.ch\/media\/2022\/02\/Etrix_Werkstatt.jpeg 1500w\" sizes=\"(max-width: 1024px) 100vw, 1024px\"><\/figure>\n<\/div>\n\n\n\n<div class=\"wp-block-column is-layout-flow wp-block-column-is-layout-flow\"><h2 class=\"wp-block-post-title\">Conditions de garantie<\/h2>\n\n\n<p>La garantie couvre tous les frais de r\u00e9paration dus \u00e0 un d\u00e9faut de fabrication ou de montage des pi\u00e8ces, ainsi que le remplacement des pi\u00e8ces endommag\u00e9es par des pi\u00e8ces d\u2019origine et la main-d\u2019\u0153uvre n\u00e9cessaire au d\u00e9montage et au montage. La p\u00e9riode d\u2019extension de garantie du v\u00e9hicule est de 12 ou 24 mois. Le service de garantie est assur\u00e9 par les revendeurs officiels suisses d\u2019ETRIX.<\/p>\n\n\n\n<h2 class=\"wp-block-heading\" id=\"mobile-service-team\">EXCLUS DE LA GARANTIE<\/h2>\n\n\n\n<ul class=\"wp-block-list\">\n<li>Les v\u00e9hicules qui n\u2019ont pas enti\u00e8rement respect\u00e9 le plan d\u2019entretien sp\u00e9cifi\u00e9 dans le Manuel du propri\u00e9taire au cours des 24 premiers mois et des 12 \/ 24 mois suivants, r\u00e9alis\u00e9s par un entrepreneur ETRIX.<\/li>\n\n\n\n<li>Les v\u00e9hicules dont les donn\u00e9es ont \u00e9t\u00e9 modifi\u00e9es ou les v\u00e9hicules qui ont \u00e9t\u00e9 mis en fourri\u00e8re ou qui ont \u00e9t\u00e9 enti\u00e8rement ou partiellement d\u00e9truits pour quelque raison que ce soit, y compris un accident, un vol, un incendie.<\/li>\n\n\n\n<li>Les v\u00e9hicules qui ont \u00e9t\u00e9 modifi\u00e9s de quelque mani\u00e8re que ce soit et les v\u00e9hicules qui ont \u00e9t\u00e9\/seront utilis\u00e9s dans des comp\u00e9titions et\/ou des comp\u00e9titions.<\/li>\n\n\n\n<li>Dommages caus\u00e9s par l\u2019utilisation de pi\u00e8ces et d\u2019accessoires non d\u2019origine.<\/li>\n\n\n\n<li>Dommages caus\u00e9s par des modifications non approuv\u00e9es par ETRIX (\u00e9lectronique, moteur, ch\u00e2ssis, bloc-batterie).<\/li>\n\n\n\n<li>Dommages caus\u00e9s par les intemp\u00e9ries (d\u00e9coloration naturelle des surfaces, des pi\u00e8ces de peinture, des surfaces chrom\u00e9es, des adh\u00e9sifs en vrac et autres usures).<\/li>\n\n\n\n<li>Dommages caus\u00e9s par un stockage ou un transport inad\u00e9quat.<\/li>\n\n\n\n<li>Dommages caus\u00e9s par un accident ou un \u00e9v\u00e9nement ext\u00e9rieur.<\/li>\n\n\n\n<li>Consommables et composants soumis \u00e0 l\u2019usure, c\u2019est-\u00e0-dire plaquettes et disques de frein, joints, pneus, lampes, selles, tuyaux et autres pi\u00e8ces en caoutchouc, courroies et cha\u00eenes d\u2019entra\u00eenement, etc. (Il convient de noter que cette liste n\u2019est pas exhaustive, mais ne sert qu\u2019\u00e0 titre d\u2019exemple).<\/li>\n\n\n\n<li>Dommages caus\u00e9s par des d\u00e9fauts, des courts-circuits, une surchauffe, des collisions, des vols ou des modifications.<\/li>\n\n\n\n<li>Frais suppl\u00e9mentaires: frais de communication, de transport, de restauration et autres frais dus \u00e0 la panne du v\u00e9hicule, indemnisation pour perte de temps, perte de fonds de commerce ou frais de location de v\u00e9hicule pour le remplacement du v\u00e9hicule pendant la p\u00e9riode de r\u00e9paration.<\/li>\n<\/ul>\n\n\n\n<div style=\"height:60px\" aria-hidden=\"true\" class=\"wp-block-spacer\"><\/div>\n\n\n\n<h3 class=\"wp-block-heading\" id=\"h-recht-auf-uberprufung\">DROIT \u00c0 LA R\u00c9VISION<\/h3>\n\n\n\n<p>En cas de r\u00e9clamation au titre de la garantie compl\u00e9mentaire, ETRIX se r\u00e9serve le droit d\u2019inspecter le v\u00e9hicule et de signaler les dommages \u00e0 un expert.<\/p>\n\n\n\n<div class=\"wp-block-buttons is-layout-flex wp-block-buttons-is-layout-flex\">\n<div class=\"wp-block-button\"><a class=\"wp-block-button__link wp-element-button\" href=\"https:\/\/www.etrix.ch\/media\/2023\/07\/Allgemeine-Bedingungen-Garantieverlaengerung-1_2.pdf\">T\u00e9l\u00e9charger en allemand<\/a><\/div>\n\n\n\n<div class=\"wp-block-button\"><a class=\"wp-block-button__link wp-element-button\" href=\"https:\/\/www.etrix.ch\/media\/2023\/07\/Conditions-generales-de-lextension-de-garantie_f.pdf\">T\u00e9l\u00e9charger en English<\/a><\/div>\n<\/div>\n<\/div>\n<\/div>\n","protected":false},"excerpt":{"rendered":"<p>Garantie Garantie 2 ans - &#8230; <a title=\"Conditions de garantie\" class=\"read-more\" href=\"https:\/\/www.etrix.ch\/fr\/services\/conditions-de-garantie\/\" aria-label=\"En savoir plus sur Conditions de garantie\">&gt;  En savoir plus<\/a><\/p>\n","protected":false},"author":1,"featured_media":7040,"parent":10309,"menu_order":172,"comment_status":"closed","ping_status":"closed","template":"","meta":{"_acf_changed":false,"footnotes":""},"class_list":["post-21198","page","type-page","status-publish","has-post-thumbnail"],"acf":[],"yoast_head":"<!-- This site is optimized with the Yoast SEO Premium plugin v26.9 (Yoast SEO v27.4) - https:\/\/yoast.com\/product\/yoast-seo-premium-wordpress\/ -->\n<title>Conditions de garantie - ETRIX Elektroroller<\/title>\n<meta name=\"description\" content=\"Tous nos scooters \u00e9lectriques b\u00e9n\u00e9ficient d&#039;une garantie standard de deux ans. Et ce, sur l&#039;ensemble du v\u00e9hicule, batterie comprise.\" \/>\n<meta name=\"robots\" content=\"index, follow, max-snippet:-1, max-image-preview:large, max-video-preview:-1\" \/>\n<link rel=\"canonical\" href=\"https:\/\/www.etrix.ch\/fr\/services\/conditions-de-garantie\/\" \/>\n<meta property=\"og:locale\" content=\"fr_FR\" \/>\n<meta property=\"og:type\" content=\"article\" \/>\n<meta property=\"og:title\" content=\"Conditions de garantie\" \/>\n<meta property=\"og:description\" content=\"Tous nos scooters \u00e9lectriques b\u00e9n\u00e9ficient d&#039;une garantie standard de deux ans. Et ce, sur l&#039;ensemble du v\u00e9hicule, batterie comprise.\" \/>\n<meta property=\"og:url\" content=\"https:\/\/www.etrix.ch\/fr\/services\/conditions-de-garantie\/\" \/>\n<meta property=\"og:site_name\" content=\"ETRIX Elektroroller\" \/>\n<meta property=\"article:publisher\" content=\"https:\/\/m.facebook.com\/etrix.emotos\/\" \/>\n<meta property=\"article:modified_time\" content=\"2023-09-08T09:55:32+00:00\" \/>\n<meta property=\"og:image\" content=\"https:\/\/www.etrix.ch\/media\/2021\/12\/city-eco.jpg\" \/>\n\t<meta property=\"og:image:width\" content=\"900\" \/>\n\t<meta property=\"og:image:height\" content=\"900\" \/>\n\t<meta property=\"og:image:type\" content=\"image\/jpeg\" \/>\n<meta name=\"twitter:card\" content=\"summary_large_image\" \/>\n<meta name=\"twitter:site\" content=\"@etrixag\" \/>\n<meta name=\"twitter:label1\" content=\"Dur\u00e9e de lecture estim\u00e9e\" \/>\n\t<meta name=\"twitter:data1\" content=\"3 minutes\" \/>\n<script type=\"application\/ld+json\" class=\"yoast-schema-graph\">{\"@context\":\"https:\\\/\\\/schema.org\",\"@graph\":[{\"@type\":\"WebPage\",\"@id\":\"https:\\\/\\\/www.etrix.ch\\\/fr\\\/services\\\/conditions-de-garantie\\\/\",\"url\":\"https:\\\/\\\/www.etrix.ch\\\/fr\\\/services\\\/conditions-de-garantie\\\/\",\"name\":\"Conditions de garantie - ETRIX Elektroroller\",\"isPartOf\":{\"@id\":\"https:\\\/\\\/www.etrix.ch\\\/fr\\\/#website\"},\"primaryImageOfPage\":{\"@id\":\"https:\\\/\\\/www.etrix.ch\\\/fr\\\/services\\\/conditions-de-garantie\\\/#primaryimage\"},\"image\":{\"@id\":\"https:\\\/\\\/www.etrix.ch\\\/fr\\\/services\\\/conditions-de-garantie\\\/#primaryimage\"},\"thumbnailUrl\":\"https:\\\/\\\/www.etrix.ch\\\/media\\\/2021\\\/12\\\/city-eco.jpg\",\"datePublished\":\"2023-07-19T14:05:26+00:00\",\"dateModified\":\"2023-09-08T09:55:32+00:00\",\"description\":\"Tous nos scooters \u00e9lectriques b\u00e9n\u00e9ficient d'une garantie standard de deux ans. Et ce, sur l'ensemble du v\u00e9hicule, batterie comprise.\",\"breadcrumb\":{\"@id\":\"https:\\\/\\\/www.etrix.ch\\\/fr\\\/services\\\/conditions-de-garantie\\\/#breadcrumb\"},\"inLanguage\":\"fr-FR\",\"potentialAction\":[{\"@type\":\"ReadAction\",\"target\":[\"https:\\\/\\\/www.etrix.ch\\\/fr\\\/services\\\/conditions-de-garantie\\\/\"]}]},{\"@type\":\"ImageObject\",\"inLanguage\":\"fr-FR\",\"@id\":\"https:\\\/\\\/www.etrix.ch\\\/fr\\\/services\\\/conditions-de-garantie\\\/#primaryimage\",\"url\":\"https:\\\/\\\/www.etrix.ch\\\/media\\\/2021\\\/12\\\/city-eco.jpg\",\"contentUrl\":\"https:\\\/\\\/www.etrix.ch\\\/media\\\/2021\\\/12\\\/city-eco.jpg\",\"width\":900,\"height\":900},{\"@type\":\"BreadcrumbList\",\"@id\":\"https:\\\/\\\/www.etrix.ch\\\/fr\\\/services\\\/conditions-de-garantie\\\/#breadcrumb\",\"itemListElement\":[{\"@type\":\"ListItem\",\"position\":1,\"name\":\"Accueil\",\"item\":\"https:\\\/\\\/www.etrix.ch\\\/fr\\\/page-daccueil\\\/\"},{\"@type\":\"ListItem\",\"position\":2,\"name\":\"Services\",\"item\":\"https:\\\/\\\/www.etrix.ch\\\/fr\\\/services\\\/\"},{\"@type\":\"ListItem\",\"position\":3,\"name\":\"Conditions de garantie\"}]},{\"@type\":\"WebSite\",\"@id\":\"https:\\\/\\\/www.etrix.ch\\\/fr\\\/#website\",\"url\":\"https:\\\/\\\/www.etrix.ch\\\/fr\\\/\",\"name\":\"ETRIX Elektroroller\",\"description\":\"E-Motos\",\"publisher\":{\"@id\":\"https:\\\/\\\/www.etrix.ch\\\/fr\\\/#organization\"},\"potentialAction\":[{\"@type\":\"SearchAction\",\"target\":{\"@type\":\"EntryPoint\",\"urlTemplate\":\"https:\\\/\\\/www.etrix.ch\\\/fr\\\/?s={search_term_string}\"},\"query-input\":{\"@type\":\"PropertyValueSpecification\",\"valueRequired\":true,\"valueName\":\"search_term_string\"}}],\"inLanguage\":\"fr-FR\"},{\"@type\":[\"Organization\",\"Place\",\"MotorcycleDealer\"],\"@id\":\"https:\\\/\\\/www.etrix.ch\\\/fr\\\/#organization\",\"name\":\"ETRIX E-Motos\",\"url\":\"https:\\\/\\\/www.etrix.ch\\\/fr\\\/\",\"logo\":{\"@id\":\"https:\\\/\\\/www.etrix.ch\\\/fr\\\/services\\\/conditions-de-garantie\\\/#local-main-organization-logo\"},\"image\":{\"@id\":\"https:\\\/\\\/www.etrix.ch\\\/fr\\\/services\\\/conditions-de-garantie\\\/#local-main-organization-logo\"},\"sameAs\":[\"https:\\\/\\\/m.facebook.com\\\/etrix.emotos\\\/\",\"https:\\\/\\\/x.com\\\/etrixag\",\"https:\\\/\\\/www.instagram.com\\\/etrix_emotos\\\/p\\\/BtVW6bXHtNv\\\/\",\"https:\\\/\\\/www.linkedin.com\\\/company\\\/etrix-ag\",\"https:\\\/\\\/www.youtube.com\\\/channel\\\/UCSd-hJdu5u8xPUEY60jexOw\"],\"address\":{\"@id\":\"https:\\\/\\\/www.etrix.ch\\\/fr\\\/services\\\/conditions-de-garantie\\\/#local-main-place-address\"},\"geo\":{\"@type\":\"GeoCoordinates\",\"latitude\":\"47.43839497999372\",\"longitude\":\"8.465227605227366\"},\"telephone\":[\"043 931 00 45\"],\"openingHoursSpecification\":[{\"@type\":\"OpeningHoursSpecification\",\"dayOfWeek\":[\"Monday\",\"Sunday\"],\"opens\":\"00:00\",\"closes\":\"00:00\"},{\"@type\":\"OpeningHoursSpecification\",\"dayOfWeek\":[\"Tuesday\",\"Wednesday\",\"Thursday\",\"Friday\"],\"opens\":\"10:00\",\"closes\":\"18:00\"},{\"@type\":\"OpeningHoursSpecification\",\"dayOfWeek\":[\"Saturday\"],\"opens\":\"10:00\",\"closes\":\"15:00\"}]},{\"@type\":\"PostalAddress\",\"@id\":\"https:\\\/\\\/www.etrix.ch\\\/fr\\\/services\\\/conditions-de-garantie\\\/#local-main-place-address\",\"streetAddress\":\"Riedthofstrasse 122\",\"addressLocality\":\"Regensdorf\",\"postalCode\":\"8105\",\"addressRegion\":\"Z\u00fcrich\",\"addressCountry\":\"CH\"},{\"@type\":\"ImageObject\",\"inLanguage\":\"fr-FR\",\"@id\":\"https:\\\/\\\/www.etrix.ch\\\/fr\\\/services\\\/conditions-de-garantie\\\/#local-main-organization-logo\",\"url\":\"https:\\\/\\\/www.etrix.ch\\\/media\\\/2021\\\/05\\\/ETRIX-logo.png\",\"contentUrl\":\"https:\\\/\\\/www.etrix.ch\\\/media\\\/2021\\\/05\\\/ETRIX-logo.png\",\"width\":470,\"height\":85,\"caption\":\"ETRIX E-Motos\"}]}<\/script>\n<meta name=\"geo.placename\" content=\"Regensdorf\" \/>\n<meta name=\"geo.position\" content=\"47.43839497999372;8.465227605227366\" \/>\n<meta name=\"geo.region\" content=\"Suisse\" \/>\n<!-- \/ Yoast SEO Premium plugin. -->","yoast_head_json":{"title":"Conditions de garantie - ETRIX Elektroroller","description":"Tous nos scooters \u00e9lectriques b\u00e9n\u00e9ficient d'une garantie standard de deux ans. Et ce, sur l'ensemble du v\u00e9hicule, batterie comprise.","robots":{"index":"index","follow":"follow","max-snippet":"max-snippet:-1","max-image-preview":"max-image-preview:large","max-video-preview":"max-video-preview:-1"},"canonical":"https:\/\/www.etrix.ch\/fr\/services\/conditions-de-garantie\/","og_locale":"fr_FR","og_type":"article","og_title":"Conditions de garantie","og_description":"Tous nos scooters \u00e9lectriques b\u00e9n\u00e9ficient d'une garantie standard de deux ans. Et ce, sur l'ensemble du v\u00e9hicule, batterie comprise.","og_url":"https:\/\/www.etrix.ch\/fr\/services\/conditions-de-garantie\/","og_site_name":"ETRIX Elektroroller","article_publisher":"https:\/\/m.facebook.com\/etrix.emotos\/","article_modified_time":"2023-09-08T09:55:32+00:00","og_image":[{"width":900,"height":900,"url":"https:\/\/www.etrix.ch\/media\/2021\/12\/city-eco.jpg","type":"image\/jpeg"}],"twitter_card":"summary_large_image","twitter_site":"@etrixag","twitter_misc":{"Dur\u00e9e de lecture estim\u00e9e":"3 minutes"},"schema":{"@context":"https:\/\/schema.org","@graph":[{"@type":"WebPage","@id":"https:\/\/www.etrix.ch\/fr\/services\/conditions-de-garantie\/","url":"https:\/\/www.etrix.ch\/fr\/services\/conditions-de-garantie\/","name":"Conditions de garantie - ETRIX Elektroroller","isPartOf":{"@id":"https:\/\/www.etrix.ch\/fr\/#website"},"primaryImageOfPage":{"@id":"https:\/\/www.etrix.ch\/fr\/services\/conditions-de-garantie\/#primaryimage"},"image":{"@id":"https:\/\/www.etrix.ch\/fr\/services\/conditions-de-garantie\/#primaryimage"},"thumbnailUrl":"https:\/\/www.etrix.ch\/media\/2021\/12\/city-eco.jpg","datePublished":"2023-07-19T14:05:26+00:00","dateModified":"2023-09-08T09:55:32+00:00","description":"Tous nos scooters \u00e9lectriques b\u00e9n\u00e9ficient d'une garantie standard de deux ans. Et ce, sur l'ensemble du v\u00e9hicule, batterie comprise.","breadcrumb":{"@id":"https:\/\/www.etrix.ch\/fr\/services\/conditions-de-garantie\/#breadcrumb"},"inLanguage":"fr-FR","potentialAction":[{"@type":"ReadAction","target":["https:\/\/www.etrix.ch\/fr\/services\/conditions-de-garantie\/"]}]},{"@type":"ImageObject","inLanguage":"fr-FR","@id":"https:\/\/www.etrix.ch\/fr\/services\/conditions-de-garantie\/#primaryimage","url":"https:\/\/www.etrix.ch\/media\/2021\/12\/city-eco.jpg","contentUrl":"https:\/\/www.etrix.ch\/media\/2021\/12\/city-eco.jpg","width":900,"height":900},{"@type":"BreadcrumbList","@id":"https:\/\/www.etrix.ch\/fr\/services\/conditions-de-garantie\/#breadcrumb","itemListElement":[{"@type":"ListItem","position":1,"name":"Accueil","item":"https:\/\/www.etrix.ch\/fr\/page-daccueil\/"},{"@type":"ListItem","position":2,"name":"Services","item":"https:\/\/www.etrix.ch\/fr\/services\/"},{"@type":"ListItem","position":3,"name":"Conditions de garantie"}]},{"@type":"WebSite","@id":"https:\/\/www.etrix.ch\/fr\/#website","url":"https:\/\/www.etrix.ch\/fr\/","name":"ETRIX Elektroroller","description":"E-Motos","publisher":{"@id":"https:\/\/www.etrix.ch\/fr\/#organization"},"potentialAction":[{"@type":"SearchAction","target":{"@type":"EntryPoint","urlTemplate":"https:\/\/www.etrix.ch\/fr\/?s={search_term_string}"},"query-input":{"@type":"PropertyValueSpecification","valueRequired":true,"valueName":"search_term_string"}}],"inLanguage":"fr-FR"},{"@type":["Organization","Place","MotorcycleDealer"],"@id":"https:\/\/www.etrix.ch\/fr\/#organization","name":"ETRIX E-Motos","url":"https:\/\/www.etrix.ch\/fr\/","logo":{"@id":"https:\/\/www.etrix.ch\/fr\/services\/conditions-de-garantie\/#local-main-organization-logo"},"image":{"@id":"https:\/\/www.etrix.ch\/fr\/services\/conditions-de-garantie\/#local-main-organization-logo"},"sameAs":["https:\/\/m.facebook.com\/etrix.emotos\/","https:\/\/x.com\/etrixag","https:\/\/www.instagram.com\/etrix_emotos\/p\/BtVW6bXHtNv\/","https:\/\/www.linkedin.com\/company\/etrix-ag","https:\/\/www.youtube.com\/channel\/UCSd-hJdu5u8xPUEY60jexOw"],"address":{"@id":"https:\/\/www.etrix.ch\/fr\/services\/conditions-de-garantie\/#local-main-place-address"},"geo":{"@type":"GeoCoordinates","latitude":"47.43839497999372","longitude":"8.465227605227366"},"telephone":["043 931 00 45"],"openingHoursSpecification":[{"@type":"OpeningHoursSpecification","dayOfWeek":["Monday","Sunday"],"opens":"00:00","closes":"00:00"},{"@type":"OpeningHoursSpecification","dayOfWeek":["Tuesday","Wednesday","Thursday","Friday"],"opens":"10:00","closes":"18:00"},{"@type":"OpeningHoursSpecification","dayOfWeek":["Saturday"],"opens":"10:00","closes":"15:00"}]},{"@type":"PostalAddress","@id":"https:\/\/www.etrix.ch\/fr\/services\/conditions-de-garantie\/#local-main-place-address","streetAddress":"Riedthofstrasse 122","addressLocality":"Regensdorf","postalCode":"8105","addressRegion":"Z\u00fcrich","addressCountry":"CH"},{"@type":"ImageObject","inLanguage":"fr-FR","@id":"https:\/\/www.etrix.ch\/fr\/services\/conditions-de-garantie\/#local-main-organization-logo","url":"https:\/\/www.etrix.ch\/media\/2021\/05\/ETRIX-logo.png","contentUrl":"https:\/\/www.etrix.ch\/media\/2021\/05\/ETRIX-logo.png","width":470,"height":85,"caption":"ETRIX E-Motos"}]},"geo.placename":"Regensdorf","geo.position":{"lat":"47.43839497999372","long":"8.465227605227366"},"geo.region":"Suisse"},"_links":{"self":[{"href":"https:\/\/www.etrix.ch\/fr\/wp-json\/wp\/v2\/pages\/21198","targetHints":{"allow":["GET"]}}],"collection":[{"href":"https:\/\/www.etrix.ch\/fr\/wp-json\/wp\/v2\/pages"}],"about":[{"href":"https:\/\/www.etrix.ch\/fr\/wp-json\/wp\/v2\/types\/page"}],"author":[{"embeddable":true,"href":"https:\/\/www.etrix.ch\/fr\/wp-json\/wp\/v2\/users\/1"}],"replies":[{"embeddable":true,"href":"https:\/\/www.etrix.ch\/fr\/wp-json\/wp\/v2\/comments?post=21198"}],"version-history":[{"count":0,"href":"https:\/\/www.etrix.ch\/fr\/wp-json\/wp\/v2\/pages\/21198\/revisions"}],"up":[{"embeddable":true,"href":"https:\/\/www.etrix.ch\/fr\/wp-json\/wp\/v2\/pages\/10309"}],"wp:featuredmedia":[{"embeddable":true,"href":"https:\/\/www.etrix.ch\/fr\/wp-json\/wp\/v2\/media\/7040"}],"wp:attachment":[{"href":"https:\/\/www.etrix.ch\/fr\/wp-json\/wp\/v2\/media?parent=21198"}],"curies":[{"name":"wp","href":"https:\/\/api.w.org\/{rel}","templated":true}]}}