{"id":21091,"date":"2023-07-07T14:45:14","date_gmt":"2023-07-07T12:45:14","guid":{"rendered":"https:\/\/www.etrix.ch\/services\/financement\/"},"modified":"2023-09-07T22:33:49","modified_gmt":"2023-09-07T20:33:49","slug":"financement","status":"publish","type":"page","link":"https:\/\/www.etrix.ch\/fr\/services\/financement\/","title":{"rendered":"Financement"},"content":{"rendered":"\n<div class=\"wp-block-columns alignfull is-style-spalte-top-bild is-layout-flex wp-container-core-columns-is-layout-9d6595d7 wp-block-columns-is-layout-flex\">\n<div class=\"wp-block-column is-style-top-bild-mask has-global-color-8-color has-text-color is-layout-flow wp-block-column-is-layout-flow\">\n<figure class=\"wp-block-image alignfull size-large is-style-bild-center\"><img decoding=\"async\" width=\"1024\" height=\"681\" src=\"https:\/\/www.etrix.ch\/media\/2022\/04\/etrix-uncategorized-1538-1024x681.jpg\" alt=\"etrix non class\u00e9 1538\" class=\"wp-image-11170\" srcset=\"https:\/\/www.etrix.ch\/media\/2022\/04\/etrix-uncategorized-1538-1024x681.jpg 1024w, https:\/\/www.etrix.ch\/media\/2022\/04\/etrix-uncategorized-1538-scaled-900x599.jpg 900w, https:\/\/www.etrix.ch\/media\/2022\/04\/etrix-uncategorized-1538-300x200.jpg 300w, https:\/\/www.etrix.ch\/media\/2022\/04\/etrix-uncategorized-1538-768x511.jpg 768w, https:\/\/www.etrix.ch\/media\/2022\/04\/etrix-uncategorized-1538-1536x1022.jpg 1536w, https:\/\/www.etrix.ch\/media\/2022\/04\/etrix-uncategorized-1538-scaled.jpg 2048w, https:\/\/www.etrix.ch\/media\/2022\/04\/etrix-uncategorized-1538-1320x878.jpg 1320w\" sizes=\"(max-width: 1024px) 100vw, 1024px\"><figcaption class=\"wp-element-caption\">neige hiver rue<\/figcaption><\/figure>\n\n\n\n<div class=\"wp-block-group is-style-top-image-text\"><div class=\"wp-block-group__inner-container is-layout-flow wp-block-group-is-layout-flow\">\n<p class=\"is-style-default\">Financement<br><a href=\"#inhalt\">D\u00e9couvrir maintenant<\/a><\/p>\n<\/div><\/div>\n<\/div>\n<\/div>\n\n<div class=\"wp-block-columns alignfull is-style-spalten-bild-rechts is-layout-flex wp-container-core-columns-is-layout-9d6595d7 wp-block-columns-is-layout-flex\" id=\"inhalt\">\n<div class=\"wp-block-column is-style-bild-mask-1 is-layout-flow wp-block-column-is-layout-flow\">\n<figure class=\"wp-block-image size-large is-style-bild-center\"><img decoding=\"async\" width=\"1024\" height=\"523\" src=\"https:\/\/www.etrix.ch\/media\/2022\/11\/silence-s02-rabatt-eleketroroller-min-1024x523.jpg\" alt=\"Silence S02 d\u2019escompte Eleketroroller min\" class=\"wp-image-17689\" srcset=\"https:\/\/www.etrix.ch\/media\/2022\/11\/silence-s02-rabatt-eleketroroller-min-1024x523.jpg 1024w, https:\/\/www.etrix.ch\/media\/2022\/11\/silence-s02-rabatt-eleketroroller-min-900x460.jpg 900w, https:\/\/www.etrix.ch\/media\/2022\/11\/silence-s02-rabatt-eleketroroller-min-300x153.jpg 300w, https:\/\/www.etrix.ch\/media\/2022\/11\/silence-s02-rabatt-eleketroroller-min-768x392.jpg 768w, https:\/\/www.etrix.ch\/media\/2022\/11\/silence-s02-rabatt-eleketroroller-min-1536x784.jpg 1536w, https:\/\/www.etrix.ch\/media\/2022\/11\/silence-s02-rabatt-eleketroroller-min-1320x674.jpg 1320w, https:\/\/www.etrix.ch\/media\/2022\/11\/silence-s02-rabatt-eleketroroller-min.jpg 1800w\" sizes=\"(max-width: 1024px) 100vw, 1024px\"><\/figure>\n<\/div>\n\n\n\n<div class=\"wp-block-column is-layout-flow wp-block-column-is-layout-flow\"><h2 class=\"wp-block-post-title\">Financement<\/h2>\n\n\n<p>En collaboration avec Crowd4cash, tu peux financer ton scooter \u00e9lectrique avec un paiement \u00e9chelonn\u00e9. Crowd4cash propose des pr\u00eats crowdlending \u00e0 des conditions attractives. Un paiement \u00e9chelonn\u00e9 est possible \u00e0 partir de 1\u2019000 CHF.<\/p>\n\n\n\n<p>Pour les v\u00e9hicules \u00e0 partir de CHF 8\u2019000, nous proposons des options de leasing en collaboration avec Cembra.<\/p>\n\n\n\n<div class=\"wp-block-buttons is-layout-flex wp-block-buttons-is-layout-flex\">\n<div class=\"wp-block-button is-style-button-default\"><a class=\"wp-block-button__link wp-element-button\" href=\"mailto:sales@etrix.ch\">Des questions?<\/a><\/div>\n<\/div>\n<\/div>\n<\/div>\n\n<div class=\"wp-block-columns alignfull is-style-spalten-bild-links is-layout-flex wp-container-core-columns-is-layout-9d6595d7 wp-block-columns-is-layout-flex\">\n<div class=\"wp-block-column is-style-bild-mask-2 is-layout-flow wp-block-column-is-layout-flow\">\n<figure class=\"wp-block-image size-large is-style-bild-25\"><img decoding=\"async\" width=\"768\" height=\"1024\" src=\"https:\/\/www.etrix.ch\/media\/2022\/01\/portrait_scooter_snoweffect-768x1024.jpg\" alt=\"\" class=\"wp-image-3394\" srcset=\"https:\/\/www.etrix.ch\/media\/2022\/01\/portrait_scooter_snoweffect-768x1024.jpg 768w, https:\/\/www.etrix.ch\/media\/2022\/01\/portrait_scooter_snoweffect-scaled-900x1200.jpg 900w, https:\/\/www.etrix.ch\/media\/2022\/01\/portrait_scooter_snoweffect-225x300.jpg 225w, https:\/\/www.etrix.ch\/media\/2022\/01\/portrait_scooter_snoweffect-1152x1536.jpg 1152w, https:\/\/www.etrix.ch\/media\/2022\/01\/portrait_scooter_snoweffect-scaled.jpg 1536w\" sizes=\"(max-width: 768px) 100vw, 768px\"><\/figure>\n<\/div>\n\n\n\n<div class=\"wp-block-column is-layout-flow wp-block-column-is-layout-flow\">\n<p class=\"is-style-text-ber-titel\">FACILE \u00c0 FAIRE SOI-M\u00caME<\/p>\n\n\n\n<h2 class=\"wp-block-heading\" id=\"my-silence-app\">Comment demander un paiement \u00e9chelonn\u00e9 ?<\/h2>\n\n\n\n<p>1. remplis la demande en ligne sur <a href=\"https:\/\/crowd4cash.ch\/registration?ref=14654-WJ\">Crowd4Cash<\/a> (partie \u00ab\u00a0emprunteur\u00a0\u00bb).<br>. Les documents suivants sont n\u00e9cessaires \u00e0 cet effet :<br>- Copie\/scan de ta carte d\u2019identit\u00e9 ou de ton passeport<br>- Les trois derniers bulletins de salaire<br><br>2. d\u00e8s que le cr\u00e9dit est approuv\u00e9 et financ\u00e9, tu re\u00e7ois la facture<br>des mensualit\u00e9s et le contrat par e-mail pour signature.<\/p>\n\n\n\n<p>3. l\u2019argent nous est vers\u00e9 directement par Crowd4Cash.<\/p>\n\n\n\n<p>Les conditions pour obtenir un cr\u00e9dit sont les suivantes :<br>Citoyen suisse, permis C ou permis B (au moins trois ans en Suisse)<br>Contrat de travail \u00e0 dur\u00e9e ind\u00e9termin\u00e9e<br>Age 20-65<br>Revenu mensuel d\u2019au moins 4200 CHF<br>Pas de poursuites au cours des trois derni\u00e8res ann\u00e9es.<\/p>\n\n\n<div data-model-id=\"5006\" class=\"at-modal-btn at-btn-\">Kontaktiere uns<\/div><\/div>\n<\/div>\n\n<div class=\"wp-block-columns alignfull is-style-spalten-bild-rechts is-layout-flex wp-container-core-columns-is-layout-9d6595d7 wp-block-columns-is-layout-flex\">\n<div class=\"wp-block-column is-style-bild-mask-3 is-layout-flow wp-block-column-is-layout-flow\">\n<figure class=\"wp-block-image size-large\"><img decoding=\"async\" width=\"240\" height=\"170\" src=\"https:\/\/www.etrix.ch\/media\/2022\/02\/orca_ava-servicevertrag.svg\" alt=\"Contrats de service\" class=\"wp-image-4338\"><\/figure>\n<\/div>\n\n\n\n<div class=\"wp-block-column is-layout-flow wp-block-column-is-layout-flow\">\n<p class=\"is-style-text-ber-titel\">POUR LES GRANDS<\/p>\n\n\n\n<h2 class=\"wp-block-heading\" id=\"my-silence-app\">Leasing<\/h2>\n\n\n\n<p>Pour les v\u00e9hicules \u00e0 partir de 8000 francs, comme par exemple le Silence S04, il est possible de conclure un leasing.<\/p>\n\n\n\n<p>Contacte-nous, nous te soumettrons volontiers une offre de notre partenaire de leasing Cembra.<\/p>\n\n\n<div data-model-id=\"5006\" class=\"at-modal-btn at-btn-\">kontaktiere uns<\/div><\/div>\n<\/div>\n","protected":false},"excerpt":{"rendered":"<p>FinancementD\u00e9couvrir maintenant En collaboration avec &#8230; <a title=\"Financement\" class=\"read-more\" href=\"https:\/\/www.etrix.ch\/fr\/services\/financement\/\" aria-label=\"En savoir plus sur Financement\">&gt;  En savoir plus<\/a><\/p>\n","protected":false},"author":1,"featured_media":7612,"parent":10309,"menu_order":168,"comment_status":"closed","ping_status":"closed","template":"","meta":{"_acf_changed":false,"footnotes":""},"class_list":["post-21091","page","type-page","status-publish","has-post-thumbnail"],"acf":[],"yoast_head":"<!-- This site is optimized with the Yoast SEO Premium plugin v26.9 (Yoast SEO v27.4) - https:\/\/yoast.com\/product\/yoast-seo-premium-wordpress\/ -->\n<title>Financement - ETRIX Elektroroller<\/title>\n<meta name=\"description\" content=\"Service et maintenance Nous formons des techniciens de service sur nos scooters \u00e9lectriques avant de les envoyer \u00e0 des clients dans toute la Suisse.\" \/>\n<meta name=\"robots\" content=\"index, follow, max-snippet:-1, max-image-preview:large, max-video-preview:-1\" \/>\n<link rel=\"canonical\" href=\"https:\/\/www.etrix.ch\/fr\/services\/financement\/\" \/>\n<meta property=\"og:locale\" content=\"fr_FR\" \/>\n<meta property=\"og:type\" content=\"article\" \/>\n<meta property=\"og:title\" content=\"Financement\" \/>\n<meta property=\"og:description\" content=\"Service et maintenance Nous formons des techniciens de service sur nos scooters \u00e9lectriques avant de les envoyer \u00e0 des clients dans toute la Suisse.\" \/>\n<meta property=\"og:url\" content=\"https:\/\/www.etrix.ch\/fr\/services\/financement\/\" \/>\n<meta property=\"og:site_name\" content=\"ETRIX Elektroroller\" \/>\n<meta property=\"article:publisher\" content=\"https:\/\/m.facebook.com\/etrix.emotos\/\" \/>\n<meta property=\"article:modified_time\" content=\"2023-09-07T20:33:49+00:00\" \/>\n<meta property=\"og:image\" content=\"https:\/\/www.etrix.ch\/media\/2022\/02\/Etrix_Werkstatt.jpeg\" \/>\n\t<meta property=\"og:image:width\" content=\"1500\" \/>\n\t<meta property=\"og:image:height\" content=\"1125\" \/>\n\t<meta property=\"og:image:type\" content=\"image\/jpeg\" \/>\n<meta name=\"twitter:card\" content=\"summary_large_image\" \/>\n<meta name=\"twitter:site\" content=\"@etrixag\" \/>\n<meta name=\"twitter:label1\" content=\"Dur\u00e9e de lecture estim\u00e9e\" \/>\n\t<meta name=\"twitter:data1\" content=\"1 minute\" \/>\n<script type=\"application\/ld+json\" class=\"yoast-schema-graph\">{\"@context\":\"https:\\\/\\\/schema.org\",\"@graph\":[{\"@type\":\"WebPage\",\"@id\":\"https:\\\/\\\/www.etrix.ch\\\/fr\\\/services\\\/financement\\\/\",\"url\":\"https:\\\/\\\/www.etrix.ch\\\/fr\\\/services\\\/financement\\\/\",\"name\":\"Financement - ETRIX Elektroroller\",\"isPartOf\":{\"@id\":\"https:\\\/\\\/www.etrix.ch\\\/fr\\\/#website\"},\"primaryImageOfPage\":{\"@id\":\"https:\\\/\\\/www.etrix.ch\\\/fr\\\/services\\\/financement\\\/#primaryimage\"},\"image\":{\"@id\":\"https:\\\/\\\/www.etrix.ch\\\/fr\\\/services\\\/financement\\\/#primaryimage\"},\"thumbnailUrl\":\"https:\\\/\\\/www.etrix.ch\\\/media\\\/2022\\\/02\\\/Etrix_Werkstatt.jpeg\",\"datePublished\":\"2023-07-07T12:45:14+00:00\",\"dateModified\":\"2023-09-07T20:33:49+00:00\",\"description\":\"Service et maintenance Nous formons des techniciens de service sur nos scooters \u00e9lectriques avant de les envoyer \u00e0 des clients dans toute la Suisse.\",\"breadcrumb\":{\"@id\":\"https:\\\/\\\/www.etrix.ch\\\/fr\\\/services\\\/financement\\\/#breadcrumb\"},\"inLanguage\":\"fr-FR\",\"potentialAction\":[{\"@type\":\"ReadAction\",\"target\":[\"https:\\\/\\\/www.etrix.ch\\\/fr\\\/services\\\/financement\\\/\"]}]},{\"@type\":\"ImageObject\",\"inLanguage\":\"fr-FR\",\"@id\":\"https:\\\/\\\/www.etrix.ch\\\/fr\\\/services\\\/financement\\\/#primaryimage\",\"url\":\"https:\\\/\\\/www.etrix.ch\\\/media\\\/2022\\\/02\\\/Etrix_Werkstatt.jpeg\",\"contentUrl\":\"https:\\\/\\\/www.etrix.ch\\\/media\\\/2022\\\/02\\\/Etrix_Werkstatt.jpeg\",\"width\":1500,\"height\":1125},{\"@type\":\"BreadcrumbList\",\"@id\":\"https:\\\/\\\/www.etrix.ch\\\/fr\\\/services\\\/financement\\\/#breadcrumb\",\"itemListElement\":[{\"@type\":\"ListItem\",\"position\":1,\"name\":\"Accueil\",\"item\":\"https:\\\/\\\/www.etrix.ch\\\/fr\\\/page-daccueil\\\/\"},{\"@type\":\"ListItem\",\"position\":2,\"name\":\"Services\",\"item\":\"https:\\\/\\\/www.etrix.ch\\\/fr\\\/services\\\/\"},{\"@type\":\"ListItem\",\"position\":3,\"name\":\"Financement\"}]},{\"@type\":\"WebSite\",\"@id\":\"https:\\\/\\\/www.etrix.ch\\\/fr\\\/#website\",\"url\":\"https:\\\/\\\/www.etrix.ch\\\/fr\\\/\",\"name\":\"ETRIX Elektroroller\",\"description\":\"E-Motos\",\"publisher\":{\"@id\":\"https:\\\/\\\/www.etrix.ch\\\/fr\\\/#organization\"},\"potentialAction\":[{\"@type\":\"SearchAction\",\"target\":{\"@type\":\"EntryPoint\",\"urlTemplate\":\"https:\\\/\\\/www.etrix.ch\\\/fr\\\/?s={search_term_string}\"},\"query-input\":{\"@type\":\"PropertyValueSpecification\",\"valueRequired\":true,\"valueName\":\"search_term_string\"}}],\"inLanguage\":\"fr-FR\"},{\"@type\":[\"Organization\",\"Place\",\"MotorcycleDealer\"],\"@id\":\"https:\\\/\\\/www.etrix.ch\\\/fr\\\/#organization\",\"name\":\"ETRIX E-Motos\",\"url\":\"https:\\\/\\\/www.etrix.ch\\\/fr\\\/\",\"logo\":{\"@id\":\"https:\\\/\\\/www.etrix.ch\\\/fr\\\/services\\\/financement\\\/#local-main-organization-logo\"},\"image\":{\"@id\":\"https:\\\/\\\/www.etrix.ch\\\/fr\\\/services\\\/financement\\\/#local-main-organization-logo\"},\"sameAs\":[\"https:\\\/\\\/m.facebook.com\\\/etrix.emotos\\\/\",\"https:\\\/\\\/x.com\\\/etrixag\",\"https:\\\/\\\/www.instagram.com\\\/etrix_emotos\\\/p\\\/BtVW6bXHtNv\\\/\",\"https:\\\/\\\/www.linkedin.com\\\/company\\\/etrix-ag\",\"https:\\\/\\\/www.youtube.com\\\/channel\\\/UCSd-hJdu5u8xPUEY60jexOw\"],\"address\":{\"@id\":\"https:\\\/\\\/www.etrix.ch\\\/fr\\\/services\\\/financement\\\/#local-main-place-address\"},\"geo\":{\"@type\":\"GeoCoordinates\",\"latitude\":\"47.43839497999372\",\"longitude\":\"8.465227605227366\"},\"telephone\":[\"043 931 00 45\"],\"openingHoursSpecification\":[{\"@type\":\"OpeningHoursSpecification\",\"dayOfWeek\":[\"Monday\",\"Sunday\"],\"opens\":\"00:00\",\"closes\":\"00:00\"},{\"@type\":\"OpeningHoursSpecification\",\"dayOfWeek\":[\"Tuesday\",\"Wednesday\",\"Thursday\",\"Friday\"],\"opens\":\"10:00\",\"closes\":\"18:00\"},{\"@type\":\"OpeningHoursSpecification\",\"dayOfWeek\":[\"Saturday\"],\"opens\":\"10:00\",\"closes\":\"15:00\"}]},{\"@type\":\"PostalAddress\",\"@id\":\"https:\\\/\\\/www.etrix.ch\\\/fr\\\/services\\\/financement\\\/#local-main-place-address\",\"streetAddress\":\"Riedthofstrasse 122\",\"addressLocality\":\"Regensdorf\",\"postalCode\":\"8105\",\"addressRegion\":\"Z\u00fcrich\",\"addressCountry\":\"CH\"},{\"@type\":\"ImageObject\",\"inLanguage\":\"fr-FR\",\"@id\":\"https:\\\/\\\/www.etrix.ch\\\/fr\\\/services\\\/financement\\\/#local-main-organization-logo\",\"url\":\"https:\\\/\\\/www.etrix.ch\\\/media\\\/2021\\\/05\\\/ETRIX-logo.png\",\"contentUrl\":\"https:\\\/\\\/www.etrix.ch\\\/media\\\/2021\\\/05\\\/ETRIX-logo.png\",\"width\":470,\"height\":85,\"caption\":\"ETRIX E-Motos\"}]}<\/script>\n<meta name=\"geo.placename\" content=\"Regensdorf\" \/>\n<meta name=\"geo.position\" content=\"47.43839497999372;8.465227605227366\" \/>\n<meta name=\"geo.region\" content=\"Suisse\" \/>\n<!-- \/ Yoast SEO Premium plugin. -->","yoast_head_json":{"title":"Financement - ETRIX Elektroroller","description":"Service et maintenance Nous formons des techniciens de service sur nos scooters \u00e9lectriques avant de les envoyer \u00e0 des clients dans toute la Suisse.","robots":{"index":"index","follow":"follow","max-snippet":"max-snippet:-1","max-image-preview":"max-image-preview:large","max-video-preview":"max-video-preview:-1"},"canonical":"https:\/\/www.etrix.ch\/fr\/services\/financement\/","og_locale":"fr_FR","og_type":"article","og_title":"Financement","og_description":"Service et maintenance Nous formons des techniciens de service sur nos scooters \u00e9lectriques avant de les envoyer \u00e0 des clients dans toute la Suisse.","og_url":"https:\/\/www.etrix.ch\/fr\/services\/financement\/","og_site_name":"ETRIX Elektroroller","article_publisher":"https:\/\/m.facebook.com\/etrix.emotos\/","article_modified_time":"2023-09-07T20:33:49+00:00","og_image":[{"width":1500,"height":1125,"url":"https:\/\/www.etrix.ch\/media\/2022\/02\/Etrix_Werkstatt.jpeg","type":"image\/jpeg"}],"twitter_card":"summary_large_image","twitter_site":"@etrixag","twitter_misc":{"Dur\u00e9e de lecture estim\u00e9e":"1 minute"},"schema":{"@context":"https:\/\/schema.org","@graph":[{"@type":"WebPage","@id":"https:\/\/www.etrix.ch\/fr\/services\/financement\/","url":"https:\/\/www.etrix.ch\/fr\/services\/financement\/","name":"Financement - ETRIX Elektroroller","isPartOf":{"@id":"https:\/\/www.etrix.ch\/fr\/#website"},"primaryImageOfPage":{"@id":"https:\/\/www.etrix.ch\/fr\/services\/financement\/#primaryimage"},"image":{"@id":"https:\/\/www.etrix.ch\/fr\/services\/financement\/#primaryimage"},"thumbnailUrl":"https:\/\/www.etrix.ch\/media\/2022\/02\/Etrix_Werkstatt.jpeg","datePublished":"2023-07-07T12:45:14+00:00","dateModified":"2023-09-07T20:33:49+00:00","description":"Service et maintenance Nous formons des techniciens de service sur nos scooters \u00e9lectriques avant de les envoyer \u00e0 des clients dans toute la Suisse.","breadcrumb":{"@id":"https:\/\/www.etrix.ch\/fr\/services\/financement\/#breadcrumb"},"inLanguage":"fr-FR","potentialAction":[{"@type":"ReadAction","target":["https:\/\/www.etrix.ch\/fr\/services\/financement\/"]}]},{"@type":"ImageObject","inLanguage":"fr-FR","@id":"https:\/\/www.etrix.ch\/fr\/services\/financement\/#primaryimage","url":"https:\/\/www.etrix.ch\/media\/2022\/02\/Etrix_Werkstatt.jpeg","contentUrl":"https:\/\/www.etrix.ch\/media\/2022\/02\/Etrix_Werkstatt.jpeg","width":1500,"height":1125},{"@type":"BreadcrumbList","@id":"https:\/\/www.etrix.ch\/fr\/services\/financement\/#breadcrumb","itemListElement":[{"@type":"ListItem","position":1,"name":"Accueil","item":"https:\/\/www.etrix.ch\/fr\/page-daccueil\/"},{"@type":"ListItem","position":2,"name":"Services","item":"https:\/\/www.etrix.ch\/fr\/services\/"},{"@type":"ListItem","position":3,"name":"Financement"}]},{"@type":"WebSite","@id":"https:\/\/www.etrix.ch\/fr\/#website","url":"https:\/\/www.etrix.ch\/fr\/","name":"ETRIX Elektroroller","description":"E-Motos","publisher":{"@id":"https:\/\/www.etrix.ch\/fr\/#organization"},"potentialAction":[{"@type":"SearchAction","target":{"@type":"EntryPoint","urlTemplate":"https:\/\/www.etrix.ch\/fr\/?s={search_term_string}"},"query-input":{"@type":"PropertyValueSpecification","valueRequired":true,"valueName":"search_term_string"}}],"inLanguage":"fr-FR"},{"@type":["Organization","Place","MotorcycleDealer"],"@id":"https:\/\/www.etrix.ch\/fr\/#organization","name":"ETRIX E-Motos","url":"https:\/\/www.etrix.ch\/fr\/","logo":{"@id":"https:\/\/www.etrix.ch\/fr\/services\/financement\/#local-main-organization-logo"},"image":{"@id":"https:\/\/www.etrix.ch\/fr\/services\/financement\/#local-main-organization-logo"},"sameAs":["https:\/\/m.facebook.com\/etrix.emotos\/","https:\/\/x.com\/etrixag","https:\/\/www.instagram.com\/etrix_emotos\/p\/BtVW6bXHtNv\/","https:\/\/www.linkedin.com\/company\/etrix-ag","https:\/\/www.youtube.com\/channel\/UCSd-hJdu5u8xPUEY60jexOw"],"address":{"@id":"https:\/\/www.etrix.ch\/fr\/services\/financement\/#local-main-place-address"},"geo":{"@type":"GeoCoordinates","latitude":"47.43839497999372","longitude":"8.465227605227366"},"telephone":["043 931 00 45"],"openingHoursSpecification":[{"@type":"OpeningHoursSpecification","dayOfWeek":["Monday","Sunday"],"opens":"00:00","closes":"00:00"},{"@type":"OpeningHoursSpecification","dayOfWeek":["Tuesday","Wednesday","Thursday","Friday"],"opens":"10:00","closes":"18:00"},{"@type":"OpeningHoursSpecification","dayOfWeek":["Saturday"],"opens":"10:00","closes":"15:00"}]},{"@type":"PostalAddress","@id":"https:\/\/www.etrix.ch\/fr\/services\/financement\/#local-main-place-address","streetAddress":"Riedthofstrasse 122","addressLocality":"Regensdorf","postalCode":"8105","addressRegion":"Z\u00fcrich","addressCountry":"CH"},{"@type":"ImageObject","inLanguage":"fr-FR","@id":"https:\/\/www.etrix.ch\/fr\/services\/financement\/#local-main-organization-logo","url":"https:\/\/www.etrix.ch\/media\/2021\/05\/ETRIX-logo.png","contentUrl":"https:\/\/www.etrix.ch\/media\/2021\/05\/ETRIX-logo.png","width":470,"height":85,"caption":"ETRIX E-Motos"}]},"geo.placename":"Regensdorf","geo.position":{"lat":"47.43839497999372","long":"8.465227605227366"},"geo.region":"Suisse"},"_links":{"self":[{"href":"https:\/\/www.etrix.ch\/fr\/wp-json\/wp\/v2\/pages\/21091","targetHints":{"allow":["GET"]}}],"collection":[{"href":"https:\/\/www.etrix.ch\/fr\/wp-json\/wp\/v2\/pages"}],"about":[{"href":"https:\/\/www.etrix.ch\/fr\/wp-json\/wp\/v2\/types\/page"}],"author":[{"embeddable":true,"href":"https:\/\/www.etrix.ch\/fr\/wp-json\/wp\/v2\/users\/1"}],"replies":[{"embeddable":true,"href":"https:\/\/www.etrix.ch\/fr\/wp-json\/wp\/v2\/comments?post=21091"}],"version-history":[{"count":0,"href":"https:\/\/www.etrix.ch\/fr\/wp-json\/wp\/v2\/pages\/21091\/revisions"}],"up":[{"embeddable":true,"href":"https:\/\/www.etrix.ch\/fr\/wp-json\/wp\/v2\/pages\/10309"}],"wp:featuredmedia":[{"embeddable":true,"href":"https:\/\/www.etrix.ch\/fr\/wp-json\/wp\/v2\/media\/7612"}],"wp:attachment":[{"href":"https:\/\/www.etrix.ch\/fr\/wp-json\/wp\/v2\/media?parent=21091"}],"curies":[{"name":"wp","href":"https:\/\/api.w.org\/{rel}","templated":true}]}}