{"id":19130,"date":"2023-02-16T12:08:10","date_gmt":"2023-02-16T11:08:10","guid":{"rendered":"https:\/\/www.etrix.ch\/scooter-electrique\/caofen-f80-offroad\/"},"modified":"2025-02-14T15:28:51","modified_gmt":"2025-02-14T14:28:51","slug":"caofen-f80-offroad","status":"publish","type":"page","link":"https:\/\/www.etrix.ch\/fr\/e-cross\/caofen-f80-offroad\/","title":{"rendered":"Caofen F80 Offroad"},"content":{"rendered":"\n<div class=\"wp-block-columns alignfull is-style-spalte-top-bild is-layout-flex wp-container-core-columns-is-layout-9d6595d7 wp-block-columns-is-layout-flex\">\n<div class=\"wp-block-column is-style-top-bild-mask has-global-color-8-color has-text-color is-layout-flow wp-block-column-is-layout-flow\">\n<figure class=\"wp-block-image alignfull size-full\"><img decoding=\"async\" width=\"2000\" height=\"1333\" src=\"https:\/\/www.etrix.ch\/media\/2023\/02\/caofen-f80-offroad-etrix-elektro-crossbike.jpg\" alt=\"Caofen F80 Offroad Etrix Electro Cross\" class=\"wp-image-18729\" srcset=\"https:\/\/www.etrix.ch\/media\/2023\/02\/caofen-f80-offroad-etrix-elektro-crossbike.jpg 2000w, https:\/\/www.etrix.ch\/media\/2023\/02\/caofen-f80-offroad-etrix-elektro-crossbike-900x600.jpg 900w, https:\/\/www.etrix.ch\/media\/2023\/02\/caofen-f80-offroad-etrix-elektro-crossbike-300x200.jpg 300w, https:\/\/www.etrix.ch\/media\/2023\/02\/caofen-f80-offroad-etrix-elektro-crossbike-1024x682.jpg 1024w, https:\/\/www.etrix.ch\/media\/2023\/02\/caofen-f80-offroad-etrix-elektro-crossbike-768x512.jpg 768w, https:\/\/www.etrix.ch\/media\/2023\/02\/caofen-f80-offroad-etrix-elektro-crossbike-1536x1024.jpg 1536w, https:\/\/www.etrix.ch\/media\/2023\/02\/caofen-f80-offroad-etrix-elektro-crossbike-1320x880.jpg 1320w\" sizes=\"(max-width: 2000px) 100vw, 2000px\"><\/figure>\n\n\n\n<div class=\"wp-block-group is-style-top-image-text\"><div class=\"wp-block-group__inner-container is-layout-flow wp-block-group-is-layout-flow\">\n<p class=\"is-style-default\">* NOUVEAU \u00c0 VENIR\u2026<br>Caofen F80 Offroad<br>V\u00e9lo de cross \u00e9lectrique<\/p>\n<\/div><\/div>\n<\/div>\n<\/div>\n\n<div class=\"wp-block-columns alignfull are-vertically-aligned-center is-style-einstiegstext is-layout-flex wp-container-core-columns-is-layout-9d6595d7 wp-block-columns-is-layout-flex\" id=\"inhalt\">\n<div class=\"wp-block-column is-vertically-aligned-center is-layout-flow wp-block-column-is-layout-flow\">\n<p class=\"is-style-text-ber-titel\" style=\"text-transform:uppercase\">Coming soon\u2026<\/p>\n\n\n<h1 class=\"wp-block-post-title\">Caofen F80 Offroad<\/h1>\n\n\n<p>Inscris-toi \u00e0 notre newsletter et reste au courant des derni\u00e8res nouveaut\u00e9s. Tu trouveras l\u2019inscription en bas dans le pied de page.<\/p>\n<\/div>\n\n\n\n<div class=\"wp-block-column is-vertically-aligned-center is-layout-flow wp-block-column-is-layout-flow\" style=\"flex-basis:30px\"><\/div>\n\n\n\n<div class=\"wp-block-column is-vertically-aligned-center is-style-default is-layout-flow wp-block-column-is-layout-flow\">\n<figure class=\"wp-block-video\"><video height=\"906\" style=\"aspect-ratio: 1920 \/ 906;\" width=\"1920\" controls=\"\" poster=\"https:\/\/www.etrix.ch\/media\/2023\/02\/caofen-f80-offroad-etrix-elektro-crossbike-laden.jpg\" src=\"https:\/\/www.etrix.ch\/media\/2023\/02\/caofen-f80-etrix-elektro-crossbike-video.mp4\"><\/video><\/figure>\n<\/div>\n\n\n\n<div class=\"wp-block-column is-vertically-aligned-center is-layout-flow wp-block-column-is-layout-flow\" style=\"flex-basis:30px\"><\/div>\n<\/div>\n","protected":false},"excerpt":{"rendered":"<p>* NOUVEAU \u00c0 VENIR&#8230;Caofen F80 &#8230; <a title=\"Caofen F80 Offroad\" class=\"read-more\" href=\"https:\/\/www.etrix.ch\/fr\/e-cross\/caofen-f80-offroad\/\" aria-label=\"En savoir plus sur Caofen F80 Offroad\">&gt;  En savoir plus<\/a><\/p>\n","protected":false},"author":1,"featured_media":18731,"parent":32660,"menu_order":113,"comment_status":"closed","ping_status":"closed","template":"","meta":{"_acf_changed":false,"footnotes":""},"class_list":["post-19130","page","type-page","status-publish","has-post-thumbnail"],"acf":[],"yoast_head":"<!-- This site is optimized with the Yoast SEO Premium plugin v26.9 (Yoast SEO v27.4) - https:\/\/yoast.com\/product\/yoast-seo-premium-wordpress\/ -->\n<title>Caofen F80 Offroad E-Cross | Max. Speed 85 km\/h<\/title>\n<meta name=\"description\" content=\"Caofen F80 Offroad, la moto e-cross de la nouvelle g\u00e9n\u00e9ration qui est vraiment amusante. Venez l\u2019essayer.\" \/>\n<meta name=\"robots\" content=\"index, follow, max-snippet:-1, max-image-preview:large, max-video-preview:-1\" \/>\n<link rel=\"canonical\" href=\"https:\/\/www.etrix.ch\/fr\/e-cross\/caofen-f80-offroad\/\" \/>\n<meta property=\"og:locale\" content=\"fr_FR\" \/>\n<meta property=\"og:type\" content=\"article\" \/>\n<meta property=\"og:title\" content=\"Caofen F80 Offroad\" \/>\n<meta property=\"og:description\" content=\"Caofen F80 Offroad, la moto e-cross de la nouvelle g\u00e9n\u00e9ration qui est vraiment amusante. Venez l\u2019essayer.\" \/>\n<meta property=\"og:url\" content=\"https:\/\/www.etrix.ch\/fr\/e-cross\/caofen-f80-offroad\/\" \/>\n<meta property=\"og:site_name\" content=\"ETRIX Elektroroller\" \/>\n<meta property=\"article:publisher\" content=\"https:\/\/m.facebook.com\/etrix.emotos\/\" \/>\n<meta property=\"article:modified_time\" content=\"2025-02-14T14:28:51+00:00\" \/>\n<meta property=\"og:image\" content=\"https:\/\/www.etrix.ch\/media\/2023\/02\/caofen-f80-offroad-etrix-elektro-crossbike.jpg\" \/>\n\t<meta property=\"og:image:width\" content=\"2000\" \/>\n\t<meta property=\"og:image:height\" content=\"1333\" \/>\n\t<meta property=\"og:image:type\" content=\"image\/jpeg\" \/>\n<meta name=\"twitter:card\" content=\"summary_large_image\" \/>\n<meta name=\"twitter:site\" content=\"@etrixag\" \/>\n<script type=\"application\/ld+json\" class=\"yoast-schema-graph\">{\"@context\":\"https:\\\/\\\/schema.org\",\"@graph\":[{\"@type\":\"WebPage\",\"@id\":\"https:\\\/\\\/www.etrix.ch\\\/fr\\\/e-cross\\\/caofen-f80-offroad\\\/\",\"url\":\"https:\\\/\\\/www.etrix.ch\\\/fr\\\/e-cross\\\/caofen-f80-offroad\\\/\",\"name\":\"Caofen F80 Offroad E-Cross | Max. Speed 85 km\\\/h\",\"isPartOf\":{\"@id\":\"https:\\\/\\\/www.etrix.ch\\\/fr\\\/#website\"},\"primaryImageOfPage\":{\"@id\":\"https:\\\/\\\/www.etrix.ch\\\/fr\\\/e-cross\\\/caofen-f80-offroad\\\/#primaryimage\"},\"image\":{\"@id\":\"https:\\\/\\\/www.etrix.ch\\\/fr\\\/e-cross\\\/caofen-f80-offroad\\\/#primaryimage\"},\"thumbnailUrl\":\"https:\\\/\\\/www.etrix.ch\\\/media\\\/2023\\\/02\\\/caofen-f80-offroad-etrix-elektro-crossbike.jpg\",\"datePublished\":\"2023-02-16T11:08:10+00:00\",\"dateModified\":\"2025-02-14T14:28:51+00:00\",\"description\":\"Caofen F80 Offroad, la moto e-cross de la nouvelle g\u00e9n\u00e9ration qui est vraiment amusante. Venez l\u2019essayer.\",\"breadcrumb\":{\"@id\":\"https:\\\/\\\/www.etrix.ch\\\/fr\\\/e-cross\\\/caofen-f80-offroad\\\/#breadcrumb\"},\"inLanguage\":\"fr-FR\",\"potentialAction\":[{\"@type\":\"ReadAction\",\"target\":[\"https:\\\/\\\/www.etrix.ch\\\/fr\\\/e-cross\\\/caofen-f80-offroad\\\/\"]}]},{\"@type\":\"ImageObject\",\"inLanguage\":\"fr-FR\",\"@id\":\"https:\\\/\\\/www.etrix.ch\\\/fr\\\/e-cross\\\/caofen-f80-offroad\\\/#primaryimage\",\"url\":\"https:\\\/\\\/www.etrix.ch\\\/media\\\/2023\\\/02\\\/caofen-f80-offroad-etrix-elektro-crossbike.jpg\",\"contentUrl\":\"https:\\\/\\\/www.etrix.ch\\\/media\\\/2023\\\/02\\\/caofen-f80-offroad-etrix-elektro-crossbike.jpg\",\"width\":2000,\"height\":1333},{\"@type\":\"BreadcrumbList\",\"@id\":\"https:\\\/\\\/www.etrix.ch\\\/fr\\\/e-cross\\\/caofen-f80-offroad\\\/#breadcrumb\",\"itemListElement\":[{\"@type\":\"ListItem\",\"position\":1,\"name\":\"Accueil\",\"item\":\"https:\\\/\\\/www.etrix.ch\\\/fr\\\/page-daccueil\\\/\"},{\"@type\":\"ListItem\",\"position\":2,\"name\":\"E-Cross\",\"item\":\"https:\\\/\\\/www.etrix.ch\\\/fr\\\/e-cross\\\/\"},{\"@type\":\"ListItem\",\"position\":3,\"name\":\"Caofen F80 Offroad\"}]},{\"@type\":\"WebSite\",\"@id\":\"https:\\\/\\\/www.etrix.ch\\\/fr\\\/#website\",\"url\":\"https:\\\/\\\/www.etrix.ch\\\/fr\\\/\",\"name\":\"ETRIX Elektroroller\",\"description\":\"E-Motos\",\"publisher\":{\"@id\":\"https:\\\/\\\/www.etrix.ch\\\/fr\\\/#organization\"},\"potentialAction\":[{\"@type\":\"SearchAction\",\"target\":{\"@type\":\"EntryPoint\",\"urlTemplate\":\"https:\\\/\\\/www.etrix.ch\\\/fr\\\/?s={search_term_string}\"},\"query-input\":{\"@type\":\"PropertyValueSpecification\",\"valueRequired\":true,\"valueName\":\"search_term_string\"}}],\"inLanguage\":\"fr-FR\"},{\"@type\":[\"Organization\",\"Place\",\"MotorcycleDealer\"],\"@id\":\"https:\\\/\\\/www.etrix.ch\\\/fr\\\/#organization\",\"name\":\"ETRIX E-Motos\",\"url\":\"https:\\\/\\\/www.etrix.ch\\\/fr\\\/\",\"logo\":{\"@id\":\"https:\\\/\\\/www.etrix.ch\\\/fr\\\/e-cross\\\/caofen-f80-offroad\\\/#local-main-organization-logo\"},\"image\":{\"@id\":\"https:\\\/\\\/www.etrix.ch\\\/fr\\\/e-cross\\\/caofen-f80-offroad\\\/#local-main-organization-logo\"},\"sameAs\":[\"https:\\\/\\\/m.facebook.com\\\/etrix.emotos\\\/\",\"https:\\\/\\\/x.com\\\/etrixag\",\"https:\\\/\\\/www.instagram.com\\\/etrix_emotos\\\/p\\\/BtVW6bXHtNv\\\/\",\"https:\\\/\\\/www.linkedin.com\\\/company\\\/etrix-ag\",\"https:\\\/\\\/www.youtube.com\\\/channel\\\/UCSd-hJdu5u8xPUEY60jexOw\"],\"address\":{\"@id\":\"https:\\\/\\\/www.etrix.ch\\\/fr\\\/e-cross\\\/caofen-f80-offroad\\\/#local-main-place-address\"},\"geo\":{\"@type\":\"GeoCoordinates\",\"latitude\":\"47.43839497999372\",\"longitude\":\"8.465227605227366\"},\"telephone\":[\"043 931 00 45\"],\"openingHoursSpecification\":[{\"@type\":\"OpeningHoursSpecification\",\"dayOfWeek\":[\"Monday\",\"Sunday\"],\"opens\":\"00:00\",\"closes\":\"00:00\"},{\"@type\":\"OpeningHoursSpecification\",\"dayOfWeek\":[\"Tuesday\",\"Wednesday\",\"Thursday\",\"Friday\"],\"opens\":\"10:00\",\"closes\":\"18:00\"},{\"@type\":\"OpeningHoursSpecification\",\"dayOfWeek\":[\"Saturday\"],\"opens\":\"10:00\",\"closes\":\"15:00\"}]},{\"@type\":\"PostalAddress\",\"@id\":\"https:\\\/\\\/www.etrix.ch\\\/fr\\\/e-cross\\\/caofen-f80-offroad\\\/#local-main-place-address\",\"streetAddress\":\"Riedthofstrasse 122\",\"addressLocality\":\"Regensdorf\",\"postalCode\":\"8105\",\"addressRegion\":\"Z\u00fcrich\",\"addressCountry\":\"CH\"},{\"@type\":\"ImageObject\",\"inLanguage\":\"fr-FR\",\"@id\":\"https:\\\/\\\/www.etrix.ch\\\/fr\\\/e-cross\\\/caofen-f80-offroad\\\/#local-main-organization-logo\",\"url\":\"https:\\\/\\\/www.etrix.ch\\\/media\\\/2021\\\/05\\\/ETRIX-logo.png\",\"contentUrl\":\"https:\\\/\\\/www.etrix.ch\\\/media\\\/2021\\\/05\\\/ETRIX-logo.png\",\"width\":470,\"height\":85,\"caption\":\"ETRIX E-Motos\"}]}<\/script>\n<meta name=\"geo.placename\" content=\"Regensdorf\" \/>\n<meta name=\"geo.position\" content=\"47.43839497999372;8.465227605227366\" \/>\n<meta name=\"geo.region\" content=\"Suisse\" \/>\n<!-- \/ Yoast SEO Premium plugin. -->","yoast_head_json":{"title":"Caofen F80 Offroad E-Cross | Max. Speed 85 km\/h","description":"Caofen F80 Offroad, la moto e-cross de la nouvelle g\u00e9n\u00e9ration qui est vraiment amusante. Venez l\u2019essayer.","robots":{"index":"index","follow":"follow","max-snippet":"max-snippet:-1","max-image-preview":"max-image-preview:large","max-video-preview":"max-video-preview:-1"},"canonical":"https:\/\/www.etrix.ch\/fr\/e-cross\/caofen-f80-offroad\/","og_locale":"fr_FR","og_type":"article","og_title":"Caofen F80 Offroad","og_description":"Caofen F80 Offroad, la moto e-cross de la nouvelle g\u00e9n\u00e9ration qui est vraiment amusante. Venez l\u2019essayer.","og_url":"https:\/\/www.etrix.ch\/fr\/e-cross\/caofen-f80-offroad\/","og_site_name":"ETRIX Elektroroller","article_publisher":"https:\/\/m.facebook.com\/etrix.emotos\/","article_modified_time":"2025-02-14T14:28:51+00:00","og_image":[{"width":2000,"height":1333,"url":"https:\/\/www.etrix.ch\/media\/2023\/02\/caofen-f80-offroad-etrix-elektro-crossbike.jpg","type":"image\/jpeg"}],"twitter_card":"summary_large_image","twitter_site":"@etrixag","schema":{"@context":"https:\/\/schema.org","@graph":[{"@type":"WebPage","@id":"https:\/\/www.etrix.ch\/fr\/e-cross\/caofen-f80-offroad\/","url":"https:\/\/www.etrix.ch\/fr\/e-cross\/caofen-f80-offroad\/","name":"Caofen F80 Offroad E-Cross | Max. Speed 85 km\/h","isPartOf":{"@id":"https:\/\/www.etrix.ch\/fr\/#website"},"primaryImageOfPage":{"@id":"https:\/\/www.etrix.ch\/fr\/e-cross\/caofen-f80-offroad\/#primaryimage"},"image":{"@id":"https:\/\/www.etrix.ch\/fr\/e-cross\/caofen-f80-offroad\/#primaryimage"},"thumbnailUrl":"https:\/\/www.etrix.ch\/media\/2023\/02\/caofen-f80-offroad-etrix-elektro-crossbike.jpg","datePublished":"2023-02-16T11:08:10+00:00","dateModified":"2025-02-14T14:28:51+00:00","description":"Caofen F80 Offroad, la moto e-cross de la nouvelle g\u00e9n\u00e9ration qui est vraiment amusante. Venez l\u2019essayer.","breadcrumb":{"@id":"https:\/\/www.etrix.ch\/fr\/e-cross\/caofen-f80-offroad\/#breadcrumb"},"inLanguage":"fr-FR","potentialAction":[{"@type":"ReadAction","target":["https:\/\/www.etrix.ch\/fr\/e-cross\/caofen-f80-offroad\/"]}]},{"@type":"ImageObject","inLanguage":"fr-FR","@id":"https:\/\/www.etrix.ch\/fr\/e-cross\/caofen-f80-offroad\/#primaryimage","url":"https:\/\/www.etrix.ch\/media\/2023\/02\/caofen-f80-offroad-etrix-elektro-crossbike.jpg","contentUrl":"https:\/\/www.etrix.ch\/media\/2023\/02\/caofen-f80-offroad-etrix-elektro-crossbike.jpg","width":2000,"height":1333},{"@type":"BreadcrumbList","@id":"https:\/\/www.etrix.ch\/fr\/e-cross\/caofen-f80-offroad\/#breadcrumb","itemListElement":[{"@type":"ListItem","position":1,"name":"Accueil","item":"https:\/\/www.etrix.ch\/fr\/page-daccueil\/"},{"@type":"ListItem","position":2,"name":"E-Cross","item":"https:\/\/www.etrix.ch\/fr\/e-cross\/"},{"@type":"ListItem","position":3,"name":"Caofen F80 Offroad"}]},{"@type":"WebSite","@id":"https:\/\/www.etrix.ch\/fr\/#website","url":"https:\/\/www.etrix.ch\/fr\/","name":"ETRIX Elektroroller","description":"E-Motos","publisher":{"@id":"https:\/\/www.etrix.ch\/fr\/#organization"},"potentialAction":[{"@type":"SearchAction","target":{"@type":"EntryPoint","urlTemplate":"https:\/\/www.etrix.ch\/fr\/?s={search_term_string}"},"query-input":{"@type":"PropertyValueSpecification","valueRequired":true,"valueName":"search_term_string"}}],"inLanguage":"fr-FR"},{"@type":["Organization","Place","MotorcycleDealer"],"@id":"https:\/\/www.etrix.ch\/fr\/#organization","name":"ETRIX E-Motos","url":"https:\/\/www.etrix.ch\/fr\/","logo":{"@id":"https:\/\/www.etrix.ch\/fr\/e-cross\/caofen-f80-offroad\/#local-main-organization-logo"},"image":{"@id":"https:\/\/www.etrix.ch\/fr\/e-cross\/caofen-f80-offroad\/#local-main-organization-logo"},"sameAs":["https:\/\/m.facebook.com\/etrix.emotos\/","https:\/\/x.com\/etrixag","https:\/\/www.instagram.com\/etrix_emotos\/p\/BtVW6bXHtNv\/","https:\/\/www.linkedin.com\/company\/etrix-ag","https:\/\/www.youtube.com\/channel\/UCSd-hJdu5u8xPUEY60jexOw"],"address":{"@id":"https:\/\/www.etrix.ch\/fr\/e-cross\/caofen-f80-offroad\/#local-main-place-address"},"geo":{"@type":"GeoCoordinates","latitude":"47.43839497999372","longitude":"8.465227605227366"},"telephone":["043 931 00 45"],"openingHoursSpecification":[{"@type":"OpeningHoursSpecification","dayOfWeek":["Monday","Sunday"],"opens":"00:00","closes":"00:00"},{"@type":"OpeningHoursSpecification","dayOfWeek":["Tuesday","Wednesday","Thursday","Friday"],"opens":"10:00","closes":"18:00"},{"@type":"OpeningHoursSpecification","dayOfWeek":["Saturday"],"opens":"10:00","closes":"15:00"}]},{"@type":"PostalAddress","@id":"https:\/\/www.etrix.ch\/fr\/e-cross\/caofen-f80-offroad\/#local-main-place-address","streetAddress":"Riedthofstrasse 122","addressLocality":"Regensdorf","postalCode":"8105","addressRegion":"Z\u00fcrich","addressCountry":"CH"},{"@type":"ImageObject","inLanguage":"fr-FR","@id":"https:\/\/www.etrix.ch\/fr\/e-cross\/caofen-f80-offroad\/#local-main-organization-logo","url":"https:\/\/www.etrix.ch\/media\/2021\/05\/ETRIX-logo.png","contentUrl":"https:\/\/www.etrix.ch\/media\/2021\/05\/ETRIX-logo.png","width":470,"height":85,"caption":"ETRIX E-Motos"}]},"geo.placename":"Regensdorf","geo.position":{"lat":"47.43839497999372","long":"8.465227605227366"},"geo.region":"Suisse"},"_links":{"self":[{"href":"https:\/\/www.etrix.ch\/fr\/wp-json\/wp\/v2\/pages\/19130","targetHints":{"allow":["GET"]}}],"collection":[{"href":"https:\/\/www.etrix.ch\/fr\/wp-json\/wp\/v2\/pages"}],"about":[{"href":"https:\/\/www.etrix.ch\/fr\/wp-json\/wp\/v2\/types\/page"}],"author":[{"embeddable":true,"href":"https:\/\/www.etrix.ch\/fr\/wp-json\/wp\/v2\/users\/1"}],"replies":[{"embeddable":true,"href":"https:\/\/www.etrix.ch\/fr\/wp-json\/wp\/v2\/comments?post=19130"}],"version-history":[{"count":0,"href":"https:\/\/www.etrix.ch\/fr\/wp-json\/wp\/v2\/pages\/19130\/revisions"}],"up":[{"embeddable":true,"href":"https:\/\/www.etrix.ch\/fr\/wp-json\/wp\/v2\/pages\/32660"}],"wp:featuredmedia":[{"embeddable":true,"href":"https:\/\/www.etrix.ch\/fr\/wp-json\/wp\/v2\/media\/18731"}],"wp:attachment":[{"href":"https:\/\/www.etrix.ch\/fr\/wp-json\/wp\/v2\/media?parent=19130"}],"curies":[{"name":"wp","href":"https:\/\/api.w.org\/{rel}","templated":true}]}}