{"id":11958,"date":"2022-03-21T10:18:05","date_gmt":"2022-03-21T09:18:05","guid":{"rendered":"https:\/\/www.etrix.ch\/?page_id=11958"},"modified":"2025-03-13T14:59:38","modified_gmt":"2025-03-13T13:59:38","slug":"informations-de-paiement-et-prix","status":"publish","type":"page","link":"https:\/\/www.etrix.ch\/fr\/informations-de-paiement-et-prix\/","title":{"rendered":"Informations sur le paiement"},"content":{"rendered":"\n<h1 class=\"wp-block-heading\" id=\"h-zahlungsinformationen-und-preise\">Informations de paiement et prix<\/h1>\n\n<p><strong>Vous disposez des options de paiement suivantes :<\/strong><\/p>\n\n<ul class=\"wp-block-list\">\n<li><strong>Paiement anticip\u00e9 par bulletin de versement<\/strong><\/li>\n\n\n\n<li><strong>Paiement anticip\u00e9 par e-banking<\/strong> (sans bulletin de versement)<\/li>\n\n\n\n<li><strong>PayPal<\/strong><\/li>\n\n\n\n<li><strong>TWINT<\/strong><\/li>\n\n\n\n<li><strong>Visa<\/strong><\/li>\n\n\n\n<li><strong>MasterCard<\/strong><\/li>\n<\/ul>\n\n<p><strong>Prix et conditions de paiement<\/strong><br\/>Pour les prix, ETRIX SA se r\u00e9f\u00e8re \u00e0 la derni\u00e8re liste de prix en vigueur. D&rsquo;\u00e9ventuelles modifications de prix intervenues entre-temps demeurent r\u00e9serv\u00e9es<br\/>Jusqu&rsquo;au paiement int\u00e9gral du prix d&rsquo;achat convenu, y compris les \u00e9ventuels int\u00e9r\u00eats moratoires et frais, l&rsquo;objet du contrat avec tous ses composants et accessoires reste la propri\u00e9t\u00e9 d&rsquo;ETRIX SA. L&rsquo;acheteur autorise express\u00e9ment ETRIX SA \u00e0 faire inscrire la r\u00e9serve de propri\u00e9t\u00e9 au registre comp\u00e9tent en mati\u00e8re de propri\u00e9t\u00e9, conform\u00e9ment \u00e0 l&rsquo;art. 715 du Code civil. Pendant la dur\u00e9e de la r\u00e9serve de propri\u00e9t\u00e9, le client ne peut ni vendre, ni mettre en gage ou pr\u00eater l&rsquo;objet du contrat. En cas de saisie, de r\u00e9tention, de mise sous s\u00e9questre ou d&rsquo;appropriation, etc. de l&rsquo;objet du contrat, le commettant doit signaler la r\u00e9serve de propri\u00e9t\u00e9 d&rsquo;ETRIX SA et informer imm\u00e9diatement ETRIX SA de telles restrictions de disposition. Pendant la dur\u00e9e d&rsquo;une r\u00e9serve de propri\u00e9t\u00e9, le partenaire contractuel s&rsquo;engage \u00e0 informer ETRIX SA de tout changement de si\u00e8ge ou de domicile au moins 14 jours \u00e0 l&rsquo;avance.<br\/>8.2. L&rsquo;indemnit\u00e9 convenue par contrat (prix d&rsquo;achat, salaire d&rsquo;ouvrage, honoraires de commande, etc.) est bas\u00e9e sur les conditions en vigueur au moment de la conclusion du contrat. Au cas o\u00f9, avant la livraison de l&rsquo;objet du contrat, une modification interviendrait dans les conditions de tiers<br\/>(augmentation des prix de catalogue, des prix des mati\u00e8res premi\u00e8res et autres), qui s&rsquo;appliquent \u00e9galement \u00e0 l&rsquo;objet du contrat, ETRIX SA se r\u00e9serve le droit d&rsquo;adapter l&rsquo;indemnit\u00e9 convenue. ETRIX SA se r\u00e9serve en outre le droit de proc\u00e9der \u00e0 des adaptations de prix en raison de modifications de nature constructive ou autre<br\/>, qui sont dues \u00e0 de nouvelles prescriptions l\u00e9gales ou \u00e0 des obligations administratives.        <\/p>\n\n<p>Sauf convention contraire expresse, l&rsquo;indemnit\u00e9 convenue s&rsquo;entend nette (sans emballage,<br\/>frais d&rsquo;exp\u00e9dition, taxe d&rsquo;\u00e9limination anticip\u00e9e et autres) et sans escompte ou autre remise. Tous les frais annexes sont dus en sus. Le prix doit \u00eatre r\u00e9gl\u00e9 par l&rsquo;acheteur, \u00e0 l&rsquo;exclusion de toute contre-pr\u00e9tention et de toute exception de r\u00e9tention ou de compensation, conform\u00e9ment \u00e0 la date de paiement contractuelle ou communiqu\u00e9e avec la facture. Les acomptes et les paiements anticip\u00e9s ne produisent pas d&rsquo;int\u00e9r\u00eats.<br\/>8.3. Le retard de paiement de l&rsquo;Acheteur intervient \u00e0 l&rsquo;expiration du d\u00e9lai de paiement convenu ou indiqu\u00e9 sur la facture, sans qu&rsquo;un rappel soit n\u00e9cessaire. En cas de retard de paiement, le cocontractant doit payer des int\u00e9r\u00eats de retard \u00e0 hauteur de 10 % de la valeur de la facture ainsi que des frais de dossier de 50 francs. En cas de retard de paiement ou de retard de l&rsquo;acheteur dans l&rsquo;ex\u00e9cution de ses obligations contractuelles ou d&rsquo;autres obligations contractuelles, ETRIX SA dispose des moyens juridiques pr\u00e9vus par les articles 97 et suivants du Code civil. CO. Le client doit se laisser imputer tout retard comme une faute. Si l&rsquo;acheteur est d\u00e9j\u00e0 en retard dans l&rsquo;ex\u00e9cution de ses obligations contractuelles avant la remise de l&rsquo;objet du contrat, il est tenu, en cas de r\u00e9siliation du contrat par ETRIX SA, de payer une indemnit\u00e9 de 20 % de l&rsquo;indemnit\u00e9 convenue, sans qu&rsquo;ETRIX SA doive apporter la preuve d&rsquo;un dommage<br\/>(peine conventionnelle). ETRIX SA est en droit d&rsquo;exiger du partenaire contractuel une indemnit\u00e9 plus \u00e9lev\u00e9e, \u00e0 condition qu&rsquo;elle puisse prouver un dommage plus important. Dans tous les cas, ETRIX SA se r\u00e9serve le droit d&rsquo;exiger, outre le paiement des indemnit\u00e9s, l&rsquo;ex\u00e9cution du contrat<br\/>. En cas de r\u00e9siliation du contrat par ETRIX SA apr\u00e8s la remise de l&rsquo;objet du contrat, tout droit d&rsquo;utilisation et de jouissance du client s&rsquo;\u00e9teint imm\u00e9diatement. Dans ce cas, il est tenu de tenir l&rsquo;objet du contrat imm\u00e9diatement \u00e0 disposition.<br\/>Tous les frais et d\u00e9penses en rapport avec la restitution, y compris les \u00e9ventuels frais de r\u00e9paration pour dommages et autres, sont \u00e0 la charge du client. L&rsquo;acheteur n&rsquo;a aucun droit de r\u00e9tention.            <\/p>\n\n<p>Informations de paiement, vous avez d&rsquo;autres questions \u00e0 ce sujet ? <a href=\"https:\/\/www.etrix.ch\/fr\/contact\/\">N&rsquo;h\u00e9sitez pas \u00e0 nous contacter<\/a>.  <\/p>\n","protected":false},"excerpt":{"rendered":"<p>Informations de paiement et prix &#8230; <a title=\"Informations sur le paiement\" class=\"read-more\" href=\"https:\/\/www.etrix.ch\/fr\/informations-de-paiement-et-prix\/\" aria-label=\"En savoir plus sur Informations sur le paiement\">&gt;  En savoir plus<\/a><\/p>\n","protected":false},"author":1,"featured_media":0,"parent":0,"menu_order":278,"comment_status":"closed","ping_status":"closed","template":"","meta":{"_acf_changed":false,"footnotes":""},"class_list":["post-11958","page","type-page","status-publish"],"acf":[],"yoast_head":"<!-- This site is optimized with the Yoast SEO Premium plugin v26.9 (Yoast SEO v27.5) - https:\/\/yoast.com\/product\/yoast-seo-premium-wordpress\/ -->\n<title>Informations sur le paiement - ETRIX Elektroroller \ud83d\udcb3 Payer sur facture<\/title>\n<meta name=\"description\" content=\"En collaboration avec notre partenaire, le leader des services de paiement, nous pouvons vous proposer un paiement sur facture ou en plusieurs fois.\" \/>\n<meta name=\"robots\" content=\"index, follow, max-snippet:-1, max-image-preview:large, max-video-preview:-1\" \/>\n<link rel=\"canonical\" href=\"https:\/\/www.etrix.ch\/fr\/informations-de-paiement-et-prix\/\" \/>\n<meta property=\"og:locale\" content=\"fr_FR\" \/>\n<meta property=\"og:type\" content=\"article\" \/>\n<meta property=\"og:title\" content=\"Informations sur le paiement\" \/>\n<meta property=\"og:description\" content=\"En collaboration avec notre partenaire, le leader des services de paiement, nous pouvons vous proposer un paiement sur facture ou en plusieurs fois.\" \/>\n<meta property=\"og:url\" content=\"https:\/\/www.etrix.ch\/fr\/informations-de-paiement-et-prix\/\" \/>\n<meta property=\"og:site_name\" content=\"ETRIX Elektroroller\" \/>\n<meta property=\"article:publisher\" content=\"https:\/\/m.facebook.com\/etrix.emotos\/\" \/>\n<meta property=\"article:modified_time\" content=\"2025-03-13T13:59:38+00:00\" \/>\n<meta property=\"og:image\" content=\"https:\/\/www.etrix.ch\/media\/2021\/06\/PJAN0627-scaled.jpg\" \/>\n\t<meta property=\"og:image:width\" content=\"2048\" \/>\n\t<meta property=\"og:image:height\" content=\"1536\" \/>\n\t<meta property=\"og:image:type\" content=\"image\/jpeg\" \/>\n<meta name=\"twitter:card\" content=\"summary_large_image\" \/>\n<meta name=\"twitter:site\" content=\"@etrixag\" \/>\n<meta name=\"twitter:label1\" content=\"Dur\u00e9e de lecture estim\u00e9e\" \/>\n\t<meta name=\"twitter:data1\" content=\"5 minutes\" \/>\n<script type=\"application\/ld+json\" class=\"yoast-schema-graph\">{\"@context\":\"https:\\\/\\\/schema.org\",\"@graph\":[{\"@type\":\"WebPage\",\"@id\":\"https:\\\/\\\/www.etrix.ch\\\/fr\\\/informations-de-paiement-et-prix\\\/\",\"url\":\"https:\\\/\\\/www.etrix.ch\\\/fr\\\/informations-de-paiement-et-prix\\\/\",\"name\":\"Informations sur le paiement - ETRIX Elektroroller \ud83d\udcb3 Payer sur facture\",\"isPartOf\":{\"@id\":\"https:\\\/\\\/www.etrix.ch\\\/fr\\\/#website\"},\"datePublished\":\"2022-03-21T09:18:05+00:00\",\"dateModified\":\"2025-03-13T13:59:38+00:00\",\"description\":\"En collaboration avec notre partenaire, le leader des services de paiement, nous pouvons vous proposer un paiement sur facture ou en plusieurs fois.\",\"breadcrumb\":{\"@id\":\"https:\\\/\\\/www.etrix.ch\\\/fr\\\/informations-de-paiement-et-prix\\\/#breadcrumb\"},\"inLanguage\":\"fr-FR\",\"potentialAction\":[{\"@type\":\"ReadAction\",\"target\":[\"https:\\\/\\\/www.etrix.ch\\\/fr\\\/informations-de-paiement-et-prix\\\/\"]}]},{\"@type\":\"BreadcrumbList\",\"@id\":\"https:\\\/\\\/www.etrix.ch\\\/fr\\\/informations-de-paiement-et-prix\\\/#breadcrumb\",\"itemListElement\":[{\"@type\":\"ListItem\",\"position\":1,\"name\":\"Accueil\",\"item\":\"https:\\\/\\\/www.etrix.ch\\\/fr\\\/\"},{\"@type\":\"ListItem\",\"position\":2,\"name\":\"Informations sur le paiement\"}]},{\"@type\":\"WebSite\",\"@id\":\"https:\\\/\\\/www.etrix.ch\\\/fr\\\/#website\",\"url\":\"https:\\\/\\\/www.etrix.ch\\\/fr\\\/\",\"name\":\"ETRIX Elektroroller\",\"description\":\"E-Motos\",\"publisher\":{\"@id\":\"https:\\\/\\\/www.etrix.ch\\\/fr\\\/#organization\"},\"potentialAction\":[{\"@type\":\"SearchAction\",\"target\":{\"@type\":\"EntryPoint\",\"urlTemplate\":\"https:\\\/\\\/www.etrix.ch\\\/fr\\\/?s={search_term_string}\"},\"query-input\":{\"@type\":\"PropertyValueSpecification\",\"valueRequired\":true,\"valueName\":\"search_term_string\"}}],\"inLanguage\":\"fr-FR\"},{\"@type\":[\"Organization\",\"Place\",\"MotorcycleDealer\"],\"@id\":\"https:\\\/\\\/www.etrix.ch\\\/fr\\\/#organization\",\"name\":\"ETRIX E-Motos\",\"url\":\"https:\\\/\\\/www.etrix.ch\\\/fr\\\/\",\"logo\":{\"@id\":\"https:\\\/\\\/www.etrix.ch\\\/fr\\\/informations-de-paiement-et-prix\\\/#local-main-organization-logo\"},\"image\":{\"@id\":\"https:\\\/\\\/www.etrix.ch\\\/fr\\\/informations-de-paiement-et-prix\\\/#local-main-organization-logo\"},\"sameAs\":[\"https:\\\/\\\/m.facebook.com\\\/etrix.emotos\\\/\",\"https:\\\/\\\/x.com\\\/etrixag\",\"https:\\\/\\\/www.instagram.com\\\/etrix_emotos\\\/p\\\/BtVW6bXHtNv\\\/\",\"https:\\\/\\\/www.linkedin.com\\\/company\\\/etrix-ag\",\"https:\\\/\\\/www.youtube.com\\\/channel\\\/UCSd-hJdu5u8xPUEY60jexOw\"],\"address\":{\"@id\":\"https:\\\/\\\/www.etrix.ch\\\/fr\\\/informations-de-paiement-et-prix\\\/#local-main-place-address\"},\"geo\":{\"@type\":\"GeoCoordinates\",\"latitude\":\"47.43839497999372\",\"longitude\":\"8.465227605227366\"},\"telephone\":[\"043 931 00 45\"],\"openingHoursSpecification\":[{\"@type\":\"OpeningHoursSpecification\",\"dayOfWeek\":[\"Monday\",\"Sunday\"],\"opens\":\"00:00\",\"closes\":\"00:00\"},{\"@type\":\"OpeningHoursSpecification\",\"dayOfWeek\":[\"Tuesday\",\"Wednesday\",\"Thursday\",\"Friday\"],\"opens\":\"10:00\",\"closes\":\"18:00\"},{\"@type\":\"OpeningHoursSpecification\",\"dayOfWeek\":[\"Saturday\"],\"opens\":\"10:00\",\"closes\":\"15:00\"}]},{\"@type\":\"PostalAddress\",\"@id\":\"https:\\\/\\\/www.etrix.ch\\\/fr\\\/informations-de-paiement-et-prix\\\/#local-main-place-address\",\"streetAddress\":\"Riedthofstrasse 122\",\"addressLocality\":\"Regensdorf\",\"postalCode\":\"8105\",\"addressRegion\":\"Z\u00fcrich\",\"addressCountry\":\"CH\"},{\"@type\":\"ImageObject\",\"inLanguage\":\"fr-FR\",\"@id\":\"https:\\\/\\\/www.etrix.ch\\\/fr\\\/informations-de-paiement-et-prix\\\/#local-main-organization-logo\",\"url\":\"https:\\\/\\\/www.etrix.ch\\\/media\\\/2021\\\/05\\\/ETRIX-logo.png\",\"contentUrl\":\"https:\\\/\\\/www.etrix.ch\\\/media\\\/2021\\\/05\\\/ETRIX-logo.png\",\"width\":470,\"height\":85,\"caption\":\"ETRIX E-Motos\"}]}<\/script>\n<meta name=\"geo.placename\" content=\"Regensdorf\" \/>\n<meta name=\"geo.position\" content=\"47.43839497999372;8.465227605227366\" \/>\n<meta name=\"geo.region\" content=\"Suisse\" \/>\n<!-- \/ Yoast SEO Premium plugin. -->","yoast_head_json":{"title":"Informations sur le paiement - ETRIX Elektroroller \ud83d\udcb3 Payer sur facture","description":"En collaboration avec notre partenaire, le leader des services de paiement, nous pouvons vous proposer un paiement sur facture ou en plusieurs fois.","robots":{"index":"index","follow":"follow","max-snippet":"max-snippet:-1","max-image-preview":"max-image-preview:large","max-video-preview":"max-video-preview:-1"},"canonical":"https:\/\/www.etrix.ch\/fr\/informations-de-paiement-et-prix\/","og_locale":"fr_FR","og_type":"article","og_title":"Informations sur le paiement","og_description":"En collaboration avec notre partenaire, le leader des services de paiement, nous pouvons vous proposer un paiement sur facture ou en plusieurs fois.","og_url":"https:\/\/www.etrix.ch\/fr\/informations-de-paiement-et-prix\/","og_site_name":"ETRIX Elektroroller","article_publisher":"https:\/\/m.facebook.com\/etrix.emotos\/","article_modified_time":"2025-03-13T13:59:38+00:00","og_image":[{"width":2048,"height":1536,"url":"https:\/\/www.etrix.ch\/media\/2021\/06\/PJAN0627-scaled.jpg","type":"image\/jpeg"}],"twitter_card":"summary_large_image","twitter_site":"@etrixag","twitter_misc":{"Dur\u00e9e de lecture estim\u00e9e":"5 minutes"},"schema":{"@context":"https:\/\/schema.org","@graph":[{"@type":"WebPage","@id":"https:\/\/www.etrix.ch\/fr\/informations-de-paiement-et-prix\/","url":"https:\/\/www.etrix.ch\/fr\/informations-de-paiement-et-prix\/","name":"Informations sur le paiement - ETRIX Elektroroller \ud83d\udcb3 Payer sur facture","isPartOf":{"@id":"https:\/\/www.etrix.ch\/fr\/#website"},"datePublished":"2022-03-21T09:18:05+00:00","dateModified":"2025-03-13T13:59:38+00:00","description":"En collaboration avec notre partenaire, le leader des services de paiement, nous pouvons vous proposer un paiement sur facture ou en plusieurs fois.","breadcrumb":{"@id":"https:\/\/www.etrix.ch\/fr\/informations-de-paiement-et-prix\/#breadcrumb"},"inLanguage":"fr-FR","potentialAction":[{"@type":"ReadAction","target":["https:\/\/www.etrix.ch\/fr\/informations-de-paiement-et-prix\/"]}]},{"@type":"BreadcrumbList","@id":"https:\/\/www.etrix.ch\/fr\/informations-de-paiement-et-prix\/#breadcrumb","itemListElement":[{"@type":"ListItem","position":1,"name":"Accueil","item":"https:\/\/www.etrix.ch\/fr\/"},{"@type":"ListItem","position":2,"name":"Informations sur le paiement"}]},{"@type":"WebSite","@id":"https:\/\/www.etrix.ch\/fr\/#website","url":"https:\/\/www.etrix.ch\/fr\/","name":"ETRIX Elektroroller","description":"E-Motos","publisher":{"@id":"https:\/\/www.etrix.ch\/fr\/#organization"},"potentialAction":[{"@type":"SearchAction","target":{"@type":"EntryPoint","urlTemplate":"https:\/\/www.etrix.ch\/fr\/?s={search_term_string}"},"query-input":{"@type":"PropertyValueSpecification","valueRequired":true,"valueName":"search_term_string"}}],"inLanguage":"fr-FR"},{"@type":["Organization","Place","MotorcycleDealer"],"@id":"https:\/\/www.etrix.ch\/fr\/#organization","name":"ETRIX E-Motos","url":"https:\/\/www.etrix.ch\/fr\/","logo":{"@id":"https:\/\/www.etrix.ch\/fr\/informations-de-paiement-et-prix\/#local-main-organization-logo"},"image":{"@id":"https:\/\/www.etrix.ch\/fr\/informations-de-paiement-et-prix\/#local-main-organization-logo"},"sameAs":["https:\/\/m.facebook.com\/etrix.emotos\/","https:\/\/x.com\/etrixag","https:\/\/www.instagram.com\/etrix_emotos\/p\/BtVW6bXHtNv\/","https:\/\/www.linkedin.com\/company\/etrix-ag","https:\/\/www.youtube.com\/channel\/UCSd-hJdu5u8xPUEY60jexOw"],"address":{"@id":"https:\/\/www.etrix.ch\/fr\/informations-de-paiement-et-prix\/#local-main-place-address"},"geo":{"@type":"GeoCoordinates","latitude":"47.43839497999372","longitude":"8.465227605227366"},"telephone":["043 931 00 45"],"openingHoursSpecification":[{"@type":"OpeningHoursSpecification","dayOfWeek":["Monday","Sunday"],"opens":"00:00","closes":"00:00"},{"@type":"OpeningHoursSpecification","dayOfWeek":["Tuesday","Wednesday","Thursday","Friday"],"opens":"10:00","closes":"18:00"},{"@type":"OpeningHoursSpecification","dayOfWeek":["Saturday"],"opens":"10:00","closes":"15:00"}]},{"@type":"PostalAddress","@id":"https:\/\/www.etrix.ch\/fr\/informations-de-paiement-et-prix\/#local-main-place-address","streetAddress":"Riedthofstrasse 122","addressLocality":"Regensdorf","postalCode":"8105","addressRegion":"Z\u00fcrich","addressCountry":"CH"},{"@type":"ImageObject","inLanguage":"fr-FR","@id":"https:\/\/www.etrix.ch\/fr\/informations-de-paiement-et-prix\/#local-main-organization-logo","url":"https:\/\/www.etrix.ch\/media\/2021\/05\/ETRIX-logo.png","contentUrl":"https:\/\/www.etrix.ch\/media\/2021\/05\/ETRIX-logo.png","width":470,"height":85,"caption":"ETRIX E-Motos"}]},"geo.placename":"Regensdorf","geo.position":{"lat":"47.43839497999372","long":"8.465227605227366"},"geo.region":"Suisse"},"_links":{"self":[{"href":"https:\/\/www.etrix.ch\/fr\/wp-json\/wp\/v2\/pages\/11958","targetHints":{"allow":["GET"]}}],"collection":[{"href":"https:\/\/www.etrix.ch\/fr\/wp-json\/wp\/v2\/pages"}],"about":[{"href":"https:\/\/www.etrix.ch\/fr\/wp-json\/wp\/v2\/types\/page"}],"author":[{"embeddable":true,"href":"https:\/\/www.etrix.ch\/fr\/wp-json\/wp\/v2\/users\/1"}],"replies":[{"embeddable":true,"href":"https:\/\/www.etrix.ch\/fr\/wp-json\/wp\/v2\/comments?post=11958"}],"version-history":[{"count":0,"href":"https:\/\/www.etrix.ch\/fr\/wp-json\/wp\/v2\/pages\/11958\/revisions"}],"wp:attachment":[{"href":"https:\/\/www.etrix.ch\/fr\/wp-json\/wp\/v2\/media?parent=11958"}],"curies":[{"name":"wp","href":"https:\/\/api.w.org\/{rel}","templated":true}]}}