{"id":11953,"date":"2022-03-21T10:16:46","date_gmt":"2022-03-21T09:16:46","guid":{"rendered":"https:\/\/www.etrix.ch\/depeche\/"},"modified":"2025-03-13T14:59:25","modified_gmt":"2025-03-13T13:59:25","slug":"depeche","status":"publish","type":"page","link":"https:\/\/www.etrix.ch\/fr\/depeche\/","title":{"rendered":"Exp\u00e9dition"},"content":{"rendered":"\n<h1 class=\"wp-block-heading\">Exp\u00e9dition<\/h1>\n\n<p><strong>Nous livrons<\/strong> <strong>uniquement en Suisse et au Liechtenstein !<\/strong><\/p>\n\n<p>Chez ETRIX AG, vous pouvez vous faire envoyer les produits souhait\u00e9s \u00e0 domicile.<br\/>Vous avez les possibilit\u00e9s de paiement suivantes :<br\/><strong>Paiement anticip\u00e9 par bulletin de versement<\/strong><br\/><strong>Paiement anticip\u00e9 par e-banking<\/strong> (sans bulletin de versement)<br\/><strong>PayPal<\/strong><\/p>\n\n<p>Tous les prix incluent la TVA et *l&rsquo;exp\u00e9dition. <\/p>\n\n<h3 class=\"wp-block-heading\" id=\"headline-15-32\">Adresse<\/h3>\n\n<p>ETRIX AG<br\/>Riedthofstrassse 122<br\/>8105 Regensdorf+41<a href=\"tel:0041439310045\"> 43 931 00 45<br\/><\/a><a href=\"mailto:info@etrix.ch\">info@etrix.ch<\/a><\/p>\n\n<p><strong>Informations bancaires :<\/strong><br\/>ETRIX AG<br\/>Num\u00e9ro de compte : 141948701000<br\/>CS Bank<br\/>BIC \/ Swift : CRESCHZZ80A<br\/>IBAN : CH3404835141948701000<br\/>Num\u00e9ro de clearing : 4835<\/p>\n\n<p>Nos conditions g\u00e9n\u00e9rales de vente s&rsquo;appliquent<\/p>\n\n<p>Chez nous, il est possible d&rsquo;obtenir des accessoires, des pi\u00e8ces de rechange, l&rsquo;exp\u00e9dition ou la livraison de scooters \u00e9lectriques \u00e0 domicile.  <\/p>\n","protected":false},"excerpt":{"rendered":"<p>Exp\u00e9dition Nous livrons uniquement en &#8230; <a title=\"Exp\u00e9dition\" class=\"read-more\" href=\"https:\/\/www.etrix.ch\/fr\/depeche\/\" aria-label=\"En savoir plus sur Exp\u00e9dition\">&gt;  En savoir plus<\/a><\/p>\n","protected":false},"author":1,"featured_media":0,"parent":0,"menu_order":283,"comment_status":"closed","ping_status":"closed","template":"","meta":{"_acf_changed":false,"footnotes":""},"class_list":["post-11953","page","type-page","status-publish"],"acf":[],"yoast_head":"<!-- This site is optimized with the Yoast SEO Premium plugin v26.9 (Yoast SEO v27.4) - https:\/\/yoast.com\/product\/yoast-seo-premium-wordpress\/ -->\n<title>Exp\u00e9dition - ETRIX Elektroroller Accessoires Pi\u00e8ces d\u00e9tach\u00e9es \ud83d\udce6 Colis \u00e0 domicile<\/title>\n<meta name=\"description\" content=\"Chez ETRIX, vous pouvez vous faire envoyer les produits souhait\u00e9s \u00e0 domicile en toute simplicit\u00e9. Vous disposez des options de paiement suivantes\" \/>\n<meta name=\"robots\" content=\"index, follow, max-snippet:-1, max-image-preview:large, max-video-preview:-1\" \/>\n<link rel=\"canonical\" href=\"https:\/\/www.etrix.ch\/fr\/depeche\/\" \/>\n<meta property=\"og:locale\" content=\"fr_FR\" \/>\n<meta property=\"og:type\" content=\"article\" \/>\n<meta property=\"og:title\" content=\"Exp\u00e9dition\" \/>\n<meta property=\"og:description\" content=\"Chez ETRIX, vous pouvez vous faire envoyer les produits souhait\u00e9s \u00e0 domicile en toute simplicit\u00e9. Vous disposez des options de paiement suivantes\" \/>\n<meta property=\"og:url\" content=\"https:\/\/www.etrix.ch\/fr\/depeche\/\" \/>\n<meta property=\"og:site_name\" content=\"ETRIX Elektroroller\" \/>\n<meta property=\"article:publisher\" content=\"https:\/\/m.facebook.com\/etrix.emotos\/\" \/>\n<meta property=\"article:modified_time\" content=\"2025-03-13T13:59:25+00:00\" \/>\n<meta property=\"og:image\" content=\"https:\/\/www.etrix.ch\/media\/2021\/06\/PJAN0627-scaled.jpg\" \/>\n\t<meta property=\"og:image:width\" content=\"2048\" \/>\n\t<meta property=\"og:image:height\" content=\"1536\" \/>\n\t<meta property=\"og:image:type\" content=\"image\/jpeg\" \/>\n<meta name=\"twitter:card\" content=\"summary_large_image\" \/>\n<meta name=\"twitter:site\" content=\"@etrixag\" \/>\n<meta name=\"twitter:label1\" content=\"Dur\u00e9e de lecture estim\u00e9e\" \/>\n\t<meta name=\"twitter:data1\" content=\"1 minute\" \/>\n<script type=\"application\/ld+json\" class=\"yoast-schema-graph\">{\"@context\":\"https:\\\/\\\/schema.org\",\"@graph\":[{\"@type\":\"WebPage\",\"@id\":\"https:\\\/\\\/www.etrix.ch\\\/fr\\\/depeche\\\/\",\"url\":\"https:\\\/\\\/www.etrix.ch\\\/fr\\\/depeche\\\/\",\"name\":\"Exp\u00e9dition - ETRIX Elektroroller Accessoires Pi\u00e8ces d\u00e9tach\u00e9es \ud83d\udce6 Colis \u00e0 domicile\",\"isPartOf\":{\"@id\":\"https:\\\/\\\/www.etrix.ch\\\/fr\\\/#website\"},\"datePublished\":\"2022-03-21T09:16:46+00:00\",\"dateModified\":\"2025-03-13T13:59:25+00:00\",\"description\":\"Chez ETRIX, vous pouvez vous faire envoyer les produits souhait\u00e9s \u00e0 domicile en toute simplicit\u00e9. Vous disposez des options de paiement suivantes\",\"breadcrumb\":{\"@id\":\"https:\\\/\\\/www.etrix.ch\\\/fr\\\/depeche\\\/#breadcrumb\"},\"inLanguage\":\"fr-FR\",\"potentialAction\":[{\"@type\":\"ReadAction\",\"target\":[\"https:\\\/\\\/www.etrix.ch\\\/fr\\\/depeche\\\/\"]}]},{\"@type\":\"BreadcrumbList\",\"@id\":\"https:\\\/\\\/www.etrix.ch\\\/fr\\\/depeche\\\/#breadcrumb\",\"itemListElement\":[{\"@type\":\"ListItem\",\"position\":1,\"name\":\"Accueil\",\"item\":\"https:\\\/\\\/www.etrix.ch\\\/fr\\\/page-daccueil\\\/\"},{\"@type\":\"ListItem\",\"position\":2,\"name\":\"Exp\u00e9dition\"}]},{\"@type\":\"WebSite\",\"@id\":\"https:\\\/\\\/www.etrix.ch\\\/fr\\\/#website\",\"url\":\"https:\\\/\\\/www.etrix.ch\\\/fr\\\/\",\"name\":\"ETRIX Elektroroller\",\"description\":\"E-Motos\",\"publisher\":{\"@id\":\"https:\\\/\\\/www.etrix.ch\\\/fr\\\/#organization\"},\"potentialAction\":[{\"@type\":\"SearchAction\",\"target\":{\"@type\":\"EntryPoint\",\"urlTemplate\":\"https:\\\/\\\/www.etrix.ch\\\/fr\\\/?s={search_term_string}\"},\"query-input\":{\"@type\":\"PropertyValueSpecification\",\"valueRequired\":true,\"valueName\":\"search_term_string\"}}],\"inLanguage\":\"fr-FR\"},{\"@type\":[\"Organization\",\"Place\",\"MotorcycleDealer\"],\"@id\":\"https:\\\/\\\/www.etrix.ch\\\/fr\\\/#organization\",\"name\":\"ETRIX E-Motos\",\"url\":\"https:\\\/\\\/www.etrix.ch\\\/fr\\\/\",\"logo\":{\"@id\":\"https:\\\/\\\/www.etrix.ch\\\/fr\\\/depeche\\\/#local-main-organization-logo\"},\"image\":{\"@id\":\"https:\\\/\\\/www.etrix.ch\\\/fr\\\/depeche\\\/#local-main-organization-logo\"},\"sameAs\":[\"https:\\\/\\\/m.facebook.com\\\/etrix.emotos\\\/\",\"https:\\\/\\\/x.com\\\/etrixag\",\"https:\\\/\\\/www.instagram.com\\\/etrix_emotos\\\/p\\\/BtVW6bXHtNv\\\/\",\"https:\\\/\\\/www.linkedin.com\\\/company\\\/etrix-ag\",\"https:\\\/\\\/www.youtube.com\\\/channel\\\/UCSd-hJdu5u8xPUEY60jexOw\"],\"address\":{\"@id\":\"https:\\\/\\\/www.etrix.ch\\\/fr\\\/depeche\\\/#local-main-place-address\"},\"geo\":{\"@type\":\"GeoCoordinates\",\"latitude\":\"47.43839497999372\",\"longitude\":\"8.465227605227366\"},\"telephone\":[\"043 931 00 45\"],\"openingHoursSpecification\":[{\"@type\":\"OpeningHoursSpecification\",\"dayOfWeek\":[\"Monday\",\"Sunday\"],\"opens\":\"00:00\",\"closes\":\"00:00\"},{\"@type\":\"OpeningHoursSpecification\",\"dayOfWeek\":[\"Tuesday\",\"Wednesday\",\"Thursday\",\"Friday\"],\"opens\":\"10:00\",\"closes\":\"18:00\"},{\"@type\":\"OpeningHoursSpecification\",\"dayOfWeek\":[\"Saturday\"],\"opens\":\"10:00\",\"closes\":\"15:00\"}]},{\"@type\":\"PostalAddress\",\"@id\":\"https:\\\/\\\/www.etrix.ch\\\/fr\\\/depeche\\\/#local-main-place-address\",\"streetAddress\":\"Riedthofstrasse 122\",\"addressLocality\":\"Regensdorf\",\"postalCode\":\"8105\",\"addressRegion\":\"Z\u00fcrich\",\"addressCountry\":\"CH\"},{\"@type\":\"ImageObject\",\"inLanguage\":\"fr-FR\",\"@id\":\"https:\\\/\\\/www.etrix.ch\\\/fr\\\/depeche\\\/#local-main-organization-logo\",\"url\":\"https:\\\/\\\/www.etrix.ch\\\/media\\\/2021\\\/05\\\/ETRIX-logo.png\",\"contentUrl\":\"https:\\\/\\\/www.etrix.ch\\\/media\\\/2021\\\/05\\\/ETRIX-logo.png\",\"width\":470,\"height\":85,\"caption\":\"ETRIX E-Motos\"}]}<\/script>\n<meta name=\"geo.placename\" content=\"Regensdorf\" \/>\n<meta name=\"geo.position\" content=\"47.43839497999372;8.465227605227366\" \/>\n<meta name=\"geo.region\" content=\"Suisse\" \/>\n<!-- \/ Yoast SEO Premium plugin. -->","yoast_head_json":{"title":"Exp\u00e9dition - ETRIX Elektroroller Accessoires Pi\u00e8ces d\u00e9tach\u00e9es \ud83d\udce6 Colis \u00e0 domicile","description":"Chez ETRIX, vous pouvez vous faire envoyer les produits souhait\u00e9s \u00e0 domicile en toute simplicit\u00e9. Vous disposez des options de paiement suivantes","robots":{"index":"index","follow":"follow","max-snippet":"max-snippet:-1","max-image-preview":"max-image-preview:large","max-video-preview":"max-video-preview:-1"},"canonical":"https:\/\/www.etrix.ch\/fr\/depeche\/","og_locale":"fr_FR","og_type":"article","og_title":"Exp\u00e9dition","og_description":"Chez ETRIX, vous pouvez vous faire envoyer les produits souhait\u00e9s \u00e0 domicile en toute simplicit\u00e9. Vous disposez des options de paiement suivantes","og_url":"https:\/\/www.etrix.ch\/fr\/depeche\/","og_site_name":"ETRIX Elektroroller","article_publisher":"https:\/\/m.facebook.com\/etrix.emotos\/","article_modified_time":"2025-03-13T13:59:25+00:00","og_image":[{"width":2048,"height":1536,"url":"https:\/\/www.etrix.ch\/media\/2021\/06\/PJAN0627-scaled.jpg","type":"image\/jpeg"}],"twitter_card":"summary_large_image","twitter_site":"@etrixag","twitter_misc":{"Dur\u00e9e de lecture estim\u00e9e":"1 minute"},"schema":{"@context":"https:\/\/schema.org","@graph":[{"@type":"WebPage","@id":"https:\/\/www.etrix.ch\/fr\/depeche\/","url":"https:\/\/www.etrix.ch\/fr\/depeche\/","name":"Exp\u00e9dition - ETRIX Elektroroller Accessoires Pi\u00e8ces d\u00e9tach\u00e9es \ud83d\udce6 Colis \u00e0 domicile","isPartOf":{"@id":"https:\/\/www.etrix.ch\/fr\/#website"},"datePublished":"2022-03-21T09:16:46+00:00","dateModified":"2025-03-13T13:59:25+00:00","description":"Chez ETRIX, vous pouvez vous faire envoyer les produits souhait\u00e9s \u00e0 domicile en toute simplicit\u00e9. Vous disposez des options de paiement suivantes","breadcrumb":{"@id":"https:\/\/www.etrix.ch\/fr\/depeche\/#breadcrumb"},"inLanguage":"fr-FR","potentialAction":[{"@type":"ReadAction","target":["https:\/\/www.etrix.ch\/fr\/depeche\/"]}]},{"@type":"BreadcrumbList","@id":"https:\/\/www.etrix.ch\/fr\/depeche\/#breadcrumb","itemListElement":[{"@type":"ListItem","position":1,"name":"Accueil","item":"https:\/\/www.etrix.ch\/fr\/page-daccueil\/"},{"@type":"ListItem","position":2,"name":"Exp\u00e9dition"}]},{"@type":"WebSite","@id":"https:\/\/www.etrix.ch\/fr\/#website","url":"https:\/\/www.etrix.ch\/fr\/","name":"ETRIX Elektroroller","description":"E-Motos","publisher":{"@id":"https:\/\/www.etrix.ch\/fr\/#organization"},"potentialAction":[{"@type":"SearchAction","target":{"@type":"EntryPoint","urlTemplate":"https:\/\/www.etrix.ch\/fr\/?s={search_term_string}"},"query-input":{"@type":"PropertyValueSpecification","valueRequired":true,"valueName":"search_term_string"}}],"inLanguage":"fr-FR"},{"@type":["Organization","Place","MotorcycleDealer"],"@id":"https:\/\/www.etrix.ch\/fr\/#organization","name":"ETRIX E-Motos","url":"https:\/\/www.etrix.ch\/fr\/","logo":{"@id":"https:\/\/www.etrix.ch\/fr\/depeche\/#local-main-organization-logo"},"image":{"@id":"https:\/\/www.etrix.ch\/fr\/depeche\/#local-main-organization-logo"},"sameAs":["https:\/\/m.facebook.com\/etrix.emotos\/","https:\/\/x.com\/etrixag","https:\/\/www.instagram.com\/etrix_emotos\/p\/BtVW6bXHtNv\/","https:\/\/www.linkedin.com\/company\/etrix-ag","https:\/\/www.youtube.com\/channel\/UCSd-hJdu5u8xPUEY60jexOw"],"address":{"@id":"https:\/\/www.etrix.ch\/fr\/depeche\/#local-main-place-address"},"geo":{"@type":"GeoCoordinates","latitude":"47.43839497999372","longitude":"8.465227605227366"},"telephone":["043 931 00 45"],"openingHoursSpecification":[{"@type":"OpeningHoursSpecification","dayOfWeek":["Monday","Sunday"],"opens":"00:00","closes":"00:00"},{"@type":"OpeningHoursSpecification","dayOfWeek":["Tuesday","Wednesday","Thursday","Friday"],"opens":"10:00","closes":"18:00"},{"@type":"OpeningHoursSpecification","dayOfWeek":["Saturday"],"opens":"10:00","closes":"15:00"}]},{"@type":"PostalAddress","@id":"https:\/\/www.etrix.ch\/fr\/depeche\/#local-main-place-address","streetAddress":"Riedthofstrasse 122","addressLocality":"Regensdorf","postalCode":"8105","addressRegion":"Z\u00fcrich","addressCountry":"CH"},{"@type":"ImageObject","inLanguage":"fr-FR","@id":"https:\/\/www.etrix.ch\/fr\/depeche\/#local-main-organization-logo","url":"https:\/\/www.etrix.ch\/media\/2021\/05\/ETRIX-logo.png","contentUrl":"https:\/\/www.etrix.ch\/media\/2021\/05\/ETRIX-logo.png","width":470,"height":85,"caption":"ETRIX E-Motos"}]},"geo.placename":"Regensdorf","geo.position":{"lat":"47.43839497999372","long":"8.465227605227366"},"geo.region":"Suisse"},"_links":{"self":[{"href":"https:\/\/www.etrix.ch\/fr\/wp-json\/wp\/v2\/pages\/11953","targetHints":{"allow":["GET"]}}],"collection":[{"href":"https:\/\/www.etrix.ch\/fr\/wp-json\/wp\/v2\/pages"}],"about":[{"href":"https:\/\/www.etrix.ch\/fr\/wp-json\/wp\/v2\/types\/page"}],"author":[{"embeddable":true,"href":"https:\/\/www.etrix.ch\/fr\/wp-json\/wp\/v2\/users\/1"}],"replies":[{"embeddable":true,"href":"https:\/\/www.etrix.ch\/fr\/wp-json\/wp\/v2\/comments?post=11953"}],"version-history":[{"count":0,"href":"https:\/\/www.etrix.ch\/fr\/wp-json\/wp\/v2\/pages\/11953\/revisions"}],"wp:attachment":[{"href":"https:\/\/www.etrix.ch\/fr\/wp-json\/wp\/v2\/media?parent=11953"}],"curies":[{"name":"wp","href":"https:\/\/api.w.org\/{rel}","templated":true}]}}