{"id":10023,"date":"2021-05-23T01:38:41","date_gmt":"2021-05-22T23:38:41","guid":{"rendered":"https:\/\/www.etrix.ch\/mentions-legales\/"},"modified":"2023-04-12T22:08:25","modified_gmt":"2023-04-12T20:08:25","slug":"mentions-legales","status":"publish","type":"page","link":"https:\/\/www.etrix.ch\/fr\/mentions-legales\/","title":{"rendered":"Mentions l\u00e9gales"},"content":{"rendered":"\n<h1 class=\"wp-block-heading\" id=\"headline-3-1222\">Mentions l\u00e9gales<\/h1>\n\n<p>Exploitant du site web \/ Adresse<\/p>\n\n<p><strong>ETRIX AG<br\/>Riedthofstrasse<\/strong>122<br\/>8105 Regensdorf<br\/>T\u00e9l\u00e9phone +41 43 931 00 45<br\/>Courrier \u00e9lectronique : info@etrix.ch<\/p>\n\n<p><strong>Clause de non-responsabilit\u00e9<\/strong><br\/>Les informations contenues dans ce site web ont \u00e9t\u00e9 r\u00e9dig\u00e9es avec le plus grand soin. Ils sont mis \u00e0 jour p\u00e9riodiquement. L&rsquo;exploitant du site web ne peut toutefois assumer aucune responsabilit\u00e9 ou garantie quant \u00e0 l&rsquo;actualit\u00e9, l&rsquo;exactitude et l&rsquo;exhaustivit\u00e9 des informations.<br\/>Tous les droits relatifs aux contenus du site web de l&rsquo;exploitant sont r\u00e9serv\u00e9s. Le site web contient des liens vers d&rsquo;autres sites web cr\u00e9\u00e9s et g\u00e9r\u00e9s par des tiers. L&rsquo;exploitant n&rsquo;est pas responsable des informations qu&rsquo;il contient et n&rsquo;assume aucune garantie quant \u00e0 leur exactitude, leur exhaustivit\u00e9 ou leur actualit\u00e9. Les droits d&rsquo;utilisation sont soumis aux restrictions et obligations des exploitants des sites web respectifs. L&rsquo;utilisation des informations contenues dans un tel site ou du service qui y est propos\u00e9 se fait aux risques et p\u00e9rils de l&rsquo;utilisateur.<br\/>Veuillez tenir compte des risques de s\u00e9curit\u00e9 habituels li\u00e9s \u00e0 la transmission de donn\u00e9es et de courriers \u00e9lectroniques via Internet. L&rsquo;exploitant ne peut \u00eatre tenu pour responsable des dommages r\u00e9sultant d&rsquo;une utilisation abusive des donn\u00e9es personnelles. Il est interdit d&rsquo;envoyer de la publicit\u00e9 ou d&rsquo;autres courriers non sollicit\u00e9s aux adresses \u00e9lectroniques publi\u00e9es sur ce site sans autorisation. L&rsquo;exploitant de ce site web se r\u00e9serve express\u00e9ment le droit d&rsquo;engager des poursuites judiciaires en cas d&rsquo;envoi de courriers \u00e9lectroniques non sollicit\u00e9s (SPAM).<br\/>Images<\/p>\n\n<p>Tous les droits sont d\u00e9tenus par les photographes respectifs.<br\/>Copyright<\/p>\n\n<p>La reprise &amp; l&rsquo;utilisation des textes, repr\u00e9sentations et donn\u00e9es n\u00e9cessitent l&rsquo;accord d&rsquo;ETRIX SA.<\/p>\n","protected":false},"excerpt":{"rendered":"<p>Mentions l\u00e9gales Exploitant du site &#8230; <a title=\"Mentions l\u00e9gales\" class=\"read-more\" href=\"https:\/\/www.etrix.ch\/fr\/mentions-legales\/\" aria-label=\"En savoir plus sur Mentions l\u00e9gales\">&gt;  En savoir plus<\/a><\/p>\n","protected":false},"author":1,"featured_media":0,"parent":0,"menu_order":237,"comment_status":"closed","ping_status":"closed","template":"","meta":{"_acf_changed":false,"footnotes":""},"class_list":["post-10023","page","type-page","status-publish"],"acf":[],"yoast_head":"<!-- This site is optimized with the Yoast SEO Premium plugin v26.9 (Yoast SEO v27.4) - https:\/\/yoast.com\/product\/yoast-seo-premium-wordpress\/ -->\n<title>Mentions l\u00e9gales - ETRIX Elektroroller<\/title>\n<meta name=\"description\" content=\"Les informations d&#039;ETRIX et de ses produits sur ce site ont \u00e9t\u00e9 rassembl\u00e9es avec le plus grand soin.\" \/>\n<meta name=\"robots\" content=\"index, follow, max-snippet:-1, max-image-preview:large, max-video-preview:-1\" \/>\n<link rel=\"canonical\" href=\"https:\/\/www.etrix.ch\/fr\/mentions-legales\/\" \/>\n<meta property=\"og:locale\" content=\"fr_FR\" \/>\n<meta property=\"og:type\" content=\"article\" \/>\n<meta property=\"og:title\" content=\"Mentions l\u00e9gales\" \/>\n<meta property=\"og:description\" content=\"Les informations d&#039;ETRIX et de ses produits sur ce site ont \u00e9t\u00e9 rassembl\u00e9es avec le plus grand soin.\" \/>\n<meta property=\"og:url\" content=\"https:\/\/www.etrix.ch\/fr\/mentions-legales\/\" \/>\n<meta property=\"og:site_name\" content=\"ETRIX Elektroroller\" \/>\n<meta property=\"article:publisher\" content=\"https:\/\/m.facebook.com\/etrix.emotos\/\" \/>\n<meta property=\"article:modified_time\" content=\"2023-04-12T20:08:25+00:00\" \/>\n<meta property=\"og:image\" content=\"https:\/\/www.etrix.ch\/media\/2021\/06\/PJAN0627-scaled.jpg\" \/>\n\t<meta property=\"og:image:width\" content=\"2048\" \/>\n\t<meta property=\"og:image:height\" content=\"1536\" \/>\n\t<meta property=\"og:image:type\" content=\"image\/jpeg\" \/>\n<meta name=\"twitter:card\" content=\"summary_large_image\" \/>\n<meta name=\"twitter:site\" content=\"@etrixag\" \/>\n<meta name=\"twitter:label1\" content=\"Dur\u00e9e de lecture estim\u00e9e\" \/>\n\t<meta name=\"twitter:data1\" content=\"1 minute\" \/>\n<script type=\"application\/ld+json\" class=\"yoast-schema-graph\">{\"@context\":\"https:\\\/\\\/schema.org\",\"@graph\":[{\"@type\":\"WebPage\",\"@id\":\"https:\\\/\\\/www.etrix.ch\\\/fr\\\/mentions-legales\\\/\",\"url\":\"https:\\\/\\\/www.etrix.ch\\\/fr\\\/mentions-legales\\\/\",\"name\":\"Mentions l\u00e9gales - ETRIX Elektroroller\",\"isPartOf\":{\"@id\":\"https:\\\/\\\/www.etrix.ch\\\/fr\\\/#website\"},\"datePublished\":\"2021-05-22T23:38:41+00:00\",\"dateModified\":\"2023-04-12T20:08:25+00:00\",\"description\":\"Les informations d'ETRIX et de ses produits sur ce site ont \u00e9t\u00e9 rassembl\u00e9es avec le plus grand soin.\",\"breadcrumb\":{\"@id\":\"https:\\\/\\\/www.etrix.ch\\\/fr\\\/mentions-legales\\\/#breadcrumb\"},\"inLanguage\":\"fr-FR\",\"potentialAction\":[{\"@type\":\"ReadAction\",\"target\":[\"https:\\\/\\\/www.etrix.ch\\\/fr\\\/mentions-legales\\\/\"]}]},{\"@type\":\"BreadcrumbList\",\"@id\":\"https:\\\/\\\/www.etrix.ch\\\/fr\\\/mentions-legales\\\/#breadcrumb\",\"itemListElement\":[{\"@type\":\"ListItem\",\"position\":1,\"name\":\"Accueil\",\"item\":\"https:\\\/\\\/www.etrix.ch\\\/fr\\\/page-daccueil\\\/\"},{\"@type\":\"ListItem\",\"position\":2,\"name\":\"Mentions l\u00e9gales\"}]},{\"@type\":\"WebSite\",\"@id\":\"https:\\\/\\\/www.etrix.ch\\\/fr\\\/#website\",\"url\":\"https:\\\/\\\/www.etrix.ch\\\/fr\\\/\",\"name\":\"ETRIX Elektroroller\",\"description\":\"E-Motos\",\"publisher\":{\"@id\":\"https:\\\/\\\/www.etrix.ch\\\/fr\\\/#organization\"},\"potentialAction\":[{\"@type\":\"SearchAction\",\"target\":{\"@type\":\"EntryPoint\",\"urlTemplate\":\"https:\\\/\\\/www.etrix.ch\\\/fr\\\/?s={search_term_string}\"},\"query-input\":{\"@type\":\"PropertyValueSpecification\",\"valueRequired\":true,\"valueName\":\"search_term_string\"}}],\"inLanguage\":\"fr-FR\"},{\"@type\":[\"Organization\",\"Place\",\"MotorcycleDealer\"],\"@id\":\"https:\\\/\\\/www.etrix.ch\\\/fr\\\/#organization\",\"name\":\"ETRIX E-Motos\",\"url\":\"https:\\\/\\\/www.etrix.ch\\\/fr\\\/\",\"logo\":{\"@id\":\"https:\\\/\\\/www.etrix.ch\\\/fr\\\/mentions-legales\\\/#local-main-organization-logo\"},\"image\":{\"@id\":\"https:\\\/\\\/www.etrix.ch\\\/fr\\\/mentions-legales\\\/#local-main-organization-logo\"},\"sameAs\":[\"https:\\\/\\\/m.facebook.com\\\/etrix.emotos\\\/\",\"https:\\\/\\\/x.com\\\/etrixag\",\"https:\\\/\\\/www.instagram.com\\\/etrix_emotos\\\/p\\\/BtVW6bXHtNv\\\/\",\"https:\\\/\\\/www.linkedin.com\\\/company\\\/etrix-ag\",\"https:\\\/\\\/www.youtube.com\\\/channel\\\/UCSd-hJdu5u8xPUEY60jexOw\"],\"address\":{\"@id\":\"https:\\\/\\\/www.etrix.ch\\\/fr\\\/mentions-legales\\\/#local-main-place-address\"},\"geo\":{\"@type\":\"GeoCoordinates\",\"latitude\":\"47.43839497999372\",\"longitude\":\"8.465227605227366\"},\"telephone\":[\"043 931 00 45\"],\"openingHoursSpecification\":[{\"@type\":\"OpeningHoursSpecification\",\"dayOfWeek\":[\"Monday\",\"Sunday\"],\"opens\":\"00:00\",\"closes\":\"00:00\"},{\"@type\":\"OpeningHoursSpecification\",\"dayOfWeek\":[\"Tuesday\",\"Wednesday\",\"Thursday\",\"Friday\"],\"opens\":\"10:00\",\"closes\":\"18:00\"},{\"@type\":\"OpeningHoursSpecification\",\"dayOfWeek\":[\"Saturday\"],\"opens\":\"10:00\",\"closes\":\"15:00\"}]},{\"@type\":\"PostalAddress\",\"@id\":\"https:\\\/\\\/www.etrix.ch\\\/fr\\\/mentions-legales\\\/#local-main-place-address\",\"streetAddress\":\"Riedthofstrasse 122\",\"addressLocality\":\"Regensdorf\",\"postalCode\":\"8105\",\"addressRegion\":\"Z\u00fcrich\",\"addressCountry\":\"CH\"},{\"@type\":\"ImageObject\",\"inLanguage\":\"fr-FR\",\"@id\":\"https:\\\/\\\/www.etrix.ch\\\/fr\\\/mentions-legales\\\/#local-main-organization-logo\",\"url\":\"https:\\\/\\\/www.etrix.ch\\\/media\\\/2021\\\/05\\\/ETRIX-logo.png\",\"contentUrl\":\"https:\\\/\\\/www.etrix.ch\\\/media\\\/2021\\\/05\\\/ETRIX-logo.png\",\"width\":470,\"height\":85,\"caption\":\"ETRIX E-Motos\"}]}<\/script>\n<meta name=\"geo.placename\" content=\"Regensdorf\" \/>\n<meta name=\"geo.position\" content=\"47.43839497999372;8.465227605227366\" \/>\n<meta name=\"geo.region\" content=\"Suisse\" \/>\n<!-- \/ Yoast SEO Premium plugin. -->","yoast_head_json":{"title":"Mentions l\u00e9gales - ETRIX Elektroroller","description":"Les informations d'ETRIX et de ses produits sur ce site ont \u00e9t\u00e9 rassembl\u00e9es avec le plus grand soin.","robots":{"index":"index","follow":"follow","max-snippet":"max-snippet:-1","max-image-preview":"max-image-preview:large","max-video-preview":"max-video-preview:-1"},"canonical":"https:\/\/www.etrix.ch\/fr\/mentions-legales\/","og_locale":"fr_FR","og_type":"article","og_title":"Mentions l\u00e9gales","og_description":"Les informations d'ETRIX et de ses produits sur ce site ont \u00e9t\u00e9 rassembl\u00e9es avec le plus grand soin.","og_url":"https:\/\/www.etrix.ch\/fr\/mentions-legales\/","og_site_name":"ETRIX Elektroroller","article_publisher":"https:\/\/m.facebook.com\/etrix.emotos\/","article_modified_time":"2023-04-12T20:08:25+00:00","og_image":[{"width":2048,"height":1536,"url":"https:\/\/www.etrix.ch\/media\/2021\/06\/PJAN0627-scaled.jpg","type":"image\/jpeg"}],"twitter_card":"summary_large_image","twitter_site":"@etrixag","twitter_misc":{"Dur\u00e9e de lecture estim\u00e9e":"1 minute"},"schema":{"@context":"https:\/\/schema.org","@graph":[{"@type":"WebPage","@id":"https:\/\/www.etrix.ch\/fr\/mentions-legales\/","url":"https:\/\/www.etrix.ch\/fr\/mentions-legales\/","name":"Mentions l\u00e9gales - ETRIX Elektroroller","isPartOf":{"@id":"https:\/\/www.etrix.ch\/fr\/#website"},"datePublished":"2021-05-22T23:38:41+00:00","dateModified":"2023-04-12T20:08:25+00:00","description":"Les informations d'ETRIX et de ses produits sur ce site ont \u00e9t\u00e9 rassembl\u00e9es avec le plus grand soin.","breadcrumb":{"@id":"https:\/\/www.etrix.ch\/fr\/mentions-legales\/#breadcrumb"},"inLanguage":"fr-FR","potentialAction":[{"@type":"ReadAction","target":["https:\/\/www.etrix.ch\/fr\/mentions-legales\/"]}]},{"@type":"BreadcrumbList","@id":"https:\/\/www.etrix.ch\/fr\/mentions-legales\/#breadcrumb","itemListElement":[{"@type":"ListItem","position":1,"name":"Accueil","item":"https:\/\/www.etrix.ch\/fr\/page-daccueil\/"},{"@type":"ListItem","position":2,"name":"Mentions l\u00e9gales"}]},{"@type":"WebSite","@id":"https:\/\/www.etrix.ch\/fr\/#website","url":"https:\/\/www.etrix.ch\/fr\/","name":"ETRIX Elektroroller","description":"E-Motos","publisher":{"@id":"https:\/\/www.etrix.ch\/fr\/#organization"},"potentialAction":[{"@type":"SearchAction","target":{"@type":"EntryPoint","urlTemplate":"https:\/\/www.etrix.ch\/fr\/?s={search_term_string}"},"query-input":{"@type":"PropertyValueSpecification","valueRequired":true,"valueName":"search_term_string"}}],"inLanguage":"fr-FR"},{"@type":["Organization","Place","MotorcycleDealer"],"@id":"https:\/\/www.etrix.ch\/fr\/#organization","name":"ETRIX E-Motos","url":"https:\/\/www.etrix.ch\/fr\/","logo":{"@id":"https:\/\/www.etrix.ch\/fr\/mentions-legales\/#local-main-organization-logo"},"image":{"@id":"https:\/\/www.etrix.ch\/fr\/mentions-legales\/#local-main-organization-logo"},"sameAs":["https:\/\/m.facebook.com\/etrix.emotos\/","https:\/\/x.com\/etrixag","https:\/\/www.instagram.com\/etrix_emotos\/p\/BtVW6bXHtNv\/","https:\/\/www.linkedin.com\/company\/etrix-ag","https:\/\/www.youtube.com\/channel\/UCSd-hJdu5u8xPUEY60jexOw"],"address":{"@id":"https:\/\/www.etrix.ch\/fr\/mentions-legales\/#local-main-place-address"},"geo":{"@type":"GeoCoordinates","latitude":"47.43839497999372","longitude":"8.465227605227366"},"telephone":["043 931 00 45"],"openingHoursSpecification":[{"@type":"OpeningHoursSpecification","dayOfWeek":["Monday","Sunday"],"opens":"00:00","closes":"00:00"},{"@type":"OpeningHoursSpecification","dayOfWeek":["Tuesday","Wednesday","Thursday","Friday"],"opens":"10:00","closes":"18:00"},{"@type":"OpeningHoursSpecification","dayOfWeek":["Saturday"],"opens":"10:00","closes":"15:00"}]},{"@type":"PostalAddress","@id":"https:\/\/www.etrix.ch\/fr\/mentions-legales\/#local-main-place-address","streetAddress":"Riedthofstrasse 122","addressLocality":"Regensdorf","postalCode":"8105","addressRegion":"Z\u00fcrich","addressCountry":"CH"},{"@type":"ImageObject","inLanguage":"fr-FR","@id":"https:\/\/www.etrix.ch\/fr\/mentions-legales\/#local-main-organization-logo","url":"https:\/\/www.etrix.ch\/media\/2021\/05\/ETRIX-logo.png","contentUrl":"https:\/\/www.etrix.ch\/media\/2021\/05\/ETRIX-logo.png","width":470,"height":85,"caption":"ETRIX E-Motos"}]},"geo.placename":"Regensdorf","geo.position":{"lat":"47.43839497999372","long":"8.465227605227366"},"geo.region":"Suisse"},"_links":{"self":[{"href":"https:\/\/www.etrix.ch\/fr\/wp-json\/wp\/v2\/pages\/10023","targetHints":{"allow":["GET"]}}],"collection":[{"href":"https:\/\/www.etrix.ch\/fr\/wp-json\/wp\/v2\/pages"}],"about":[{"href":"https:\/\/www.etrix.ch\/fr\/wp-json\/wp\/v2\/types\/page"}],"author":[{"embeddable":true,"href":"https:\/\/www.etrix.ch\/fr\/wp-json\/wp\/v2\/users\/1"}],"replies":[{"embeddable":true,"href":"https:\/\/www.etrix.ch\/fr\/wp-json\/wp\/v2\/comments?post=10023"}],"version-history":[{"count":0,"href":"https:\/\/www.etrix.ch\/fr\/wp-json\/wp\/v2\/pages\/10023\/revisions"}],"wp:attachment":[{"href":"https:\/\/www.etrix.ch\/fr\/wp-json\/wp\/v2\/media?parent=10023"}],"curies":[{"name":"wp","href":"https:\/\/api.w.org\/{rel}","templated":true}]}}