{"id":10006,"date":"2021-05-23T01:33:41","date_gmt":"2021-05-22T23:33:41","guid":{"rendered":"https:\/\/www.etrix.ch\/service\/"},"modified":"2024-05-15T19:47:00","modified_gmt":"2024-05-15T17:47:00","slug":"service","status":"publish","type":"page","link":"https:\/\/www.etrix.ch\/fr\/services\/service\/","title":{"rendered":"Service et entretien"},"content":{"rendered":"\n<div class=\"wp-block-columns alignfull is-style-spalte-top-bild is-layout-flex wp-container-core-columns-is-layout-9d6595d7 wp-block-columns-is-layout-flex\">\n<div class=\"wp-block-column is-style-top-bild-mask has-global-color-8-color has-text-color is-layout-flow wp-block-column-is-layout-flow\">\n<figure class=\"wp-block-image alignfull size-large\"><img decoding=\"async\" width=\"1024\" height=\"768\" src=\"https:\/\/www.etrix.ch\/media\/2022\/02\/Etrix_Werkstatt-1024x768.jpeg\" alt=\"Service et entretien\" class=\"wp-image-4081\" srcset=\"https:\/\/www.etrix.ch\/media\/2022\/02\/Etrix_Werkstatt-1024x768.jpeg 1024w, https:\/\/www.etrix.ch\/media\/2022\/02\/Etrix_Werkstatt-900x675.jpeg 900w, https:\/\/www.etrix.ch\/media\/2022\/02\/Etrix_Werkstatt-300x225.jpeg 300w, https:\/\/www.etrix.ch\/media\/2022\/02\/Etrix_Werkstatt-768x576.jpeg 768w, https:\/\/www.etrix.ch\/media\/2022\/02\/Etrix_Werkstatt.jpeg 1500w\" sizes=\"(max-width: 1024px) 100vw, 1024px\"><\/figure>\n\n\n\n<div class=\"wp-block-group is-style-top-image-text\"><div class=\"wp-block-group__inner-container is-layout-flow wp-block-group-is-layout-flow\">\n<p class=\"is-style-default\">SERVICE ET<br>ENTRETIEN  <br><a href=\"#inhalt\">D\u00e9couvrir maintenant<\/a><\/p>\n<\/div><\/div>\n<\/div>\n<\/div>\n\n<div class=\"wp-block-columns alignfull is-style-spalten-bild-rechts is-layout-flex wp-container-core-columns-is-layout-9d6595d7 wp-block-columns-is-layout-flex\" id=\"inhalt\">\n<div class=\"wp-block-column is-style-bild-mask-1 is-layout-flow wp-block-column-is-layout-flow\">\n<figure class=\"wp-block-image size-full\"><img decoding=\"async\" width=\"595\" height=\"582\" src=\"https:\/\/www.etrix.ch\/media\/2022\/04\/etrix-elektroroller-uncategorized-1558.jpg\" alt=\"\" class=\"wp-image-11747\" srcset=\"https:\/\/www.etrix.ch\/media\/2022\/04\/etrix-elektroroller-uncategorized-1558.jpg 595w, https:\/\/www.etrix.ch\/media\/2022\/04\/etrix-elektroroller-uncategorized-1558-300x293.jpg 300w\" sizes=\"(max-width: 595px) 100vw, 595px\"><\/figure>\n<\/div>\n\n\n\n<div class=\"wp-block-column is-layout-flow wp-block-column-is-layout-flow\">\n<h2 class=\"wp-block-heading\" id=\"h-garantie-2-jahre-oder-mehr\">Garantie 2 ans - ou plus !<\/h2>\n\n\n\n<p>Tous nos scooters \u00e9lectriques b\u00e9n\u00e9ficient d\u2019une garantie standard de deux ans. Et ce, sur l\u2019ensemble du v\u00e9hicule, batterie comprise.<\/p>\n\n\n\n<p>Mais ce n\u2019est pas suffisant pour nous : nous proposons des extensions de garantie optionnelles pour tous les scooters \u00e9lectriques Ecooter et Silence nouvellement achet\u00e9s.<br>Moyennant un suppl\u00e9ment, la dur\u00e9e de la garantie est prolong\u00e9e jusqu\u2019\u00e0 quatre ans (avec une franchise de 150.- la 3e et la 4e ann\u00e9e).<\/p>\n\n\n\n<div class=\"wp-block-buttons is-layout-flex wp-block-buttons-is-layout-flex\">\n<div class=\"wp-block-button is-style-button-default\"><a class=\"wp-block-button__link wp-element-button\" href=\"mailto:service@etrix.ch\">Je veux en savoir plus<\/a><\/div>\n<\/div>\n\n\n\n<p><\/p>\n<\/div>\n<\/div>\n\n<div class=\"wp-block-columns alignfull is-style-spalten-bild-rechts is-layout-flex wp-container-core-columns-is-layout-9d6595d7 wp-block-columns-is-layout-flex\" id=\"inhalt\">\n<div class=\"wp-block-column is-style-bild-mask-1 is-layout-flow wp-block-column-is-layout-flow\">\n<figure class=\"wp-block-image size-large\"><img decoding=\"async\" width=\"1024\" height=\"767\" src=\"https:\/\/www.etrix.ch\/media\/2021\/06\/Etrix_repair_25-1024x767.jpg\" alt=\"Service et maintenance ETRIX Regensdorf Team\" class=\"wp-image-932\" srcset=\"https:\/\/www.etrix.ch\/media\/2021\/06\/Etrix_repair_25-1024x767.jpg 1024w, https:\/\/www.etrix.ch\/media\/2021\/06\/Etrix_repair_25-scaled-900x675.jpg 900w, https:\/\/www.etrix.ch\/media\/2021\/06\/Etrix_repair_25-768x575.jpg 768w, https:\/\/www.etrix.ch\/media\/2021\/06\/Etrix_repair_25-scaled.jpg 2048w\" sizes=\"(max-width: 1024px) 100vw, 1024px\"><\/figure>\n<\/div>\n\n\n\n<div class=\"wp-block-column is-layout-flow wp-block-column-is-layout-flow\"><h1 class=\"wp-block-post-title\">Service et entretien<\/h1>\n\n\n<p>Les moteurs \u00e9lectriques n\u00e9cessitent moins d\u2019entretien que les moteurs \u00e0 combustion. Un moteur \u00e9lectrique est compos\u00e9 de beaucoup moins de pi\u00e8ces et pr\u00e9sente moins d\u2019usure. Si toutefois un incident devait se produire, nous proposons un service et des pi\u00e8ces de rechange dans toute la Suisse. Les partenaires de service et nos \u00e9quipes de service mobiles assurent une mobilit\u00e9 sans faille.<\/p>\n\n\n\n<h2 class=\"wp-block-heading\" id=\"mobile-service-team\">\u00c9quipe de service mobile<\/h2>\n\n\n\n<p>Nous formons nos techniciens de service sur nos scooters \u00e9lectriques avant de les envoyer chez les clients dans toute la Suisse. Ainsi, pendant que nos techniciens s\u2019occupent de ta flotte sur place, tu peux te concentrer sur ton activit\u00e9 principale. <\/p>\n\n\n\n<p><strong>R\u00e9serve un technicien :<\/strong><\/p>\n\n\n\n<div class=\"wp-block-buttons is-layout-flex wp-block-buttons-is-layout-flex\">\n<div class=\"wp-block-button is-style-button-default\"><a class=\"wp-block-button__link wp-element-button\" href=\"mailto:service@etrix.ch\">service@etrix.ch<\/a><\/div>\n<\/div>\n\n\n\n<p>Ou appelez-nous :<br><a href=\"tel:0041439310040\">043 931 00 40<\/a><br><br>Les clients priv\u00e9s peuvent \u00e9galement b\u00e9n\u00e9ficier de ce service moyennant un forfait de d\u00e9placement.<\/p>\n<\/div>\n<\/div>\n\n<div class=\"wp-block-columns alignfull is-style-spalten-bild-links is-layout-flex wp-container-core-columns-is-layout-9d6595d7 wp-block-columns-is-layout-flex\">\n<div class=\"wp-block-column is-style-bild-mask-2 is-layout-flow wp-block-column-is-layout-flow\">\n<figure class=\"wp-block-image size-large\"><img decoding=\"async\" width=\"1024\" height=\"768\" src=\"https:\/\/www.etrix.ch\/media\/2022\/02\/bus-S02-scaled-1-1024x768.jpeg\" alt=\"V\u00e9hicules de service\" class=\"wp-image-4084\" srcset=\"https:\/\/www.etrix.ch\/media\/2022\/02\/bus-S02-scaled-1-1024x768.jpeg 1024w, https:\/\/www.etrix.ch\/media\/2022\/02\/bus-S02-scaled-1-scaled-900x675.jpeg 900w, https:\/\/www.etrix.ch\/media\/2022\/02\/bus-S02-scaled-1-300x225.jpeg 300w, https:\/\/www.etrix.ch\/media\/2022\/02\/bus-S02-scaled-1-768x576.jpeg 768w, https:\/\/www.etrix.ch\/media\/2022\/02\/bus-S02-scaled-1-1536x1152.jpeg 1536w, https:\/\/www.etrix.ch\/media\/2022\/02\/bus-S02-scaled-1-scaled.jpeg 2048w\" sizes=\"(max-width: 1024px) 100vw, 1024px\"><\/figure>\n<\/div>\n\n\n\n<div class=\"wp-block-column is-layout-flow wp-block-column-is-layout-flow\">\n<p class=\"is-style-text-ber-titel\">TOUJOURS SUR L\u2019AXE  <\/p>\n\n\n\n<h2 class=\"wp-block-heading\" id=\"my-silence-app\">V\u00e9hicule de service et d\u2019entretien<\/h2>\n\n\n\n<p>Nos v\u00e9hicules de service sont des entrep\u00f4ts roulants de pi\u00e8ces de rechange. Pas un outil que nous n\u2019aurions pas avec nous.  <\/p>\n\n\n\n<p>Les changements de pneus ne posent pas non plus de probl\u00e8me. Toutes nos voitures de service sont \u00e9quip\u00e9es d\u2019une machine de montage de pneus.<\/p>\n\n\n\n<p>Quel que soit l\u2019endroit o\u00f9 se trouve ton scooter \u00e9lectrique, l\u2019atelier roulant apporte la solution.<\/p>\n\n\n<div data-model-id=\"5006\" class=\"at-modal-btn at-btn-\">Kontaktiere uns<\/div><\/div>\n<\/div>\n\n<div class=\"wp-block-columns alignfull is-style-spalten-bild-rechts is-layout-flex wp-container-core-columns-is-layout-9d6595d7 wp-block-columns-is-layout-flex\">\n<div class=\"wp-block-column is-style-bild-mask-3 is-layout-flow wp-block-column-is-layout-flow\">\n<figure class=\"wp-block-image size-large\"><img decoding=\"async\" width=\"240\" height=\"170\" src=\"https:\/\/www.etrix.ch\/media\/2022\/02\/orca_ava-servicevertrag.svg\" alt=\"Contrats de service\" class=\"wp-image-4338\"><\/figure>\n<\/div>\n\n\n\n<div class=\"wp-block-column is-layout-flow wp-block-column-is-layout-flow\">\n<p class=\"is-style-text-ber-titel\">JUST FOR SAFETY<\/p>\n\n\n\n<h2 class=\"wp-block-heading\" id=\"my-silence-app\">Contrats de service service et maintenance<\/h2>\n\n\n\n<p>Les contrats de service prolongent l\u2019esp\u00e9rance de vie de la flotte de 50 % ! Tu augmentes la s\u00e9curit\u00e9 routi\u00e8re et la s\u00e9curit\u00e9 de tes coursiers.  <\/p>\n\n\n\n<p>Avec un contrat de service adapt\u00e9 \u00e0 ton entreprise, nous te garantissons une flotte toujours pleinement op\u00e9rationnelle. Les co\u00fbts restent calculables \u00e0 l\u2019avance.  <\/p>\n\n\n\n<p>Et le meilleur : une pr\u00e9servation maximale de la valeur garantit une valeur de revente maximale.<\/p>\n\n\n<div data-model-id=\"5006\" class=\"at-modal-btn at-btn-\">kontaktiere uns<\/div><\/div>\n<\/div>\n\n<div class=\"wp-block-columns alignfull is-style-spalten-bild-links is-layout-flex wp-container-core-columns-is-layout-9d6595d7 wp-block-columns-is-layout-flex\">\n<div class=\"wp-block-column is-style-bild-mask-2 is-layout-flow wp-block-column-is-layout-flow\">\n<figure class=\"wp-block-image size-full\"><img decoding=\"async\" width=\"1024\" height=\"683\" src=\"https:\/\/www.etrix.ch\/media\/2022\/02\/Etrix_Stills_2014_0133-scaled-scaled-1024x683-1.jpeg\" alt=\"Pi\u00e8ces de rechange d\u2019entretien\" class=\"wp-image-4089\" srcset=\"https:\/\/www.etrix.ch\/media\/2022\/02\/Etrix_Stills_2014_0133-scaled-scaled-1024x683-1.jpeg 1024w, https:\/\/www.etrix.ch\/media\/2022\/02\/Etrix_Stills_2014_0133-scaled-scaled-1024x683-1-900x600.jpeg 900w, https:\/\/www.etrix.ch\/media\/2022\/02\/Etrix_Stills_2014_0133-scaled-scaled-1024x683-1-300x200.jpeg 300w, https:\/\/www.etrix.ch\/media\/2022\/02\/Etrix_Stills_2014_0133-scaled-scaled-1024x683-1-768x512.jpeg 768w\" sizes=\"(max-width: 1024px) 100vw, 1024px\"><figcaption class=\"wp-element-caption\">www.etrix.ch, etrix, electro scooter, www.epic.cx, zak van biljon, jan holgersen<\/figcaption><\/figure>\n<\/div>\n\n\n\n<div class=\"wp-block-column is-layout-flow wp-block-column-is-layout-flow\">\n<p class=\"is-style-text-ber-titel\">TOUJOURS ET PARTOUT<\/p>\n\n\n\n<h2 class=\"wp-block-heading\" id=\"my-silence-app\">Pi\u00e8ces de rechange<\/h2>\n\n\n\n<p>En Suisse, avec une garantie de 24h !<\/p>\n\n\n\n<p>Les pi\u00e8ces de rechange de nos v\u00e9hicules sont stock\u00e9es dans notre entrep\u00f4t principal \u00e0 Regensdorf ou dans des entrep\u00f4ts r\u00e9gionaux \u00e0 Gen\u00e8ve. Nous pouvons ainsi garantir la disponibilit\u00e9 de toutes les pi\u00e8ces dans tout le pays dans les 24 heures.<\/p>\n\n\n<div data-model-id=\"5006\" class=\"at-modal-btn at-btn-\">kontaktiere uns<\/div><\/div>\n<\/div>\n","protected":false},"excerpt":{"rendered":"<p>SERVICE ETENTRETIEN D\u00e9couvrir maintenant Garantie &#8230; <a title=\"Service et entretien\" class=\"read-more\" href=\"https:\/\/www.etrix.ch\/fr\/services\/service\/\" aria-label=\"En savoir plus sur Service et entretien\">&gt;  En savoir plus<\/a><\/p>\n","protected":false},"author":1,"featured_media":7612,"parent":10309,"menu_order":181,"comment_status":"closed","ping_status":"closed","template":"","meta":{"_acf_changed":false,"footnotes":""},"class_list":["post-10006","page","type-page","status-publish","has-post-thumbnail"],"acf":[],"yoast_head":"<!-- This site is optimized with the Yoast SEO Premium plugin v26.9 (Yoast SEO v27.5) - https:\/\/yoast.com\/product\/yoast-seo-premium-wordpress\/ -->\n<title>Service et entretien - ETRIX Elektroroller<\/title>\n<meta name=\"description\" content=\"Service et maintenance Nous formons des techniciens de service sur nos scooters \u00e9lectriques avant de les envoyer \u00e0 des clients dans toute la Suisse.\" \/>\n<meta name=\"robots\" content=\"index, follow, max-snippet:-1, max-image-preview:large, max-video-preview:-1\" \/>\n<link rel=\"canonical\" href=\"https:\/\/www.etrix.ch\/fr\/services\/service\/\" \/>\n<meta property=\"og:locale\" content=\"fr_FR\" \/>\n<meta property=\"og:type\" content=\"article\" \/>\n<meta property=\"og:title\" content=\"Service et entretien\" \/>\n<meta property=\"og:description\" content=\"Service et maintenance Nous formons des techniciens de service sur nos scooters \u00e9lectriques avant de les envoyer \u00e0 des clients dans toute la Suisse.\" \/>\n<meta property=\"og:url\" content=\"https:\/\/www.etrix.ch\/fr\/services\/service\/\" \/>\n<meta property=\"og:site_name\" content=\"ETRIX Elektroroller\" \/>\n<meta property=\"article:publisher\" content=\"https:\/\/m.facebook.com\/etrix.emotos\/\" \/>\n<meta property=\"article:modified_time\" content=\"2024-05-15T17:47:00+00:00\" \/>\n<meta property=\"og:image\" content=\"https:\/\/www.etrix.ch\/media\/2022\/02\/Etrix_Werkstatt.jpeg\" \/>\n\t<meta property=\"og:image:width\" content=\"1500\" \/>\n\t<meta property=\"og:image:height\" content=\"1125\" \/>\n\t<meta property=\"og:image:type\" content=\"image\/jpeg\" \/>\n<meta name=\"twitter:card\" content=\"summary_large_image\" \/>\n<meta name=\"twitter:site\" content=\"@etrixag\" \/>\n<meta name=\"twitter:label1\" content=\"Dur\u00e9e de lecture estim\u00e9e\" \/>\n\t<meta name=\"twitter:data1\" content=\"2 minutes\" \/>\n<script type=\"application\/ld+json\" class=\"yoast-schema-graph\">{\"@context\":\"https:\\\/\\\/schema.org\",\"@graph\":[{\"@type\":\"WebPage\",\"@id\":\"https:\\\/\\\/www.etrix.ch\\\/fr\\\/services\\\/service\\\/\",\"url\":\"https:\\\/\\\/www.etrix.ch\\\/fr\\\/services\\\/service\\\/\",\"name\":\"Service et entretien - ETRIX Elektroroller\",\"isPartOf\":{\"@id\":\"https:\\\/\\\/www.etrix.ch\\\/fr\\\/#website\"},\"primaryImageOfPage\":{\"@id\":\"https:\\\/\\\/www.etrix.ch\\\/fr\\\/services\\\/service\\\/#primaryimage\"},\"image\":{\"@id\":\"https:\\\/\\\/www.etrix.ch\\\/fr\\\/services\\\/service\\\/#primaryimage\"},\"thumbnailUrl\":\"https:\\\/\\\/www.etrix.ch\\\/media\\\/2022\\\/02\\\/Etrix_Werkstatt.jpeg\",\"datePublished\":\"2021-05-22T23:33:41+00:00\",\"dateModified\":\"2024-05-15T17:47:00+00:00\",\"description\":\"Service et maintenance Nous formons des techniciens de service sur nos scooters \u00e9lectriques avant de les envoyer \u00e0 des clients dans toute la Suisse.\",\"breadcrumb\":{\"@id\":\"https:\\\/\\\/www.etrix.ch\\\/fr\\\/services\\\/service\\\/#breadcrumb\"},\"inLanguage\":\"fr-FR\",\"potentialAction\":[{\"@type\":\"ReadAction\",\"target\":[\"https:\\\/\\\/www.etrix.ch\\\/fr\\\/services\\\/service\\\/\"]}]},{\"@type\":\"ImageObject\",\"inLanguage\":\"fr-FR\",\"@id\":\"https:\\\/\\\/www.etrix.ch\\\/fr\\\/services\\\/service\\\/#primaryimage\",\"url\":\"https:\\\/\\\/www.etrix.ch\\\/media\\\/2022\\\/02\\\/Etrix_Werkstatt.jpeg\",\"contentUrl\":\"https:\\\/\\\/www.etrix.ch\\\/media\\\/2022\\\/02\\\/Etrix_Werkstatt.jpeg\",\"width\":1500,\"height\":1125},{\"@type\":\"BreadcrumbList\",\"@id\":\"https:\\\/\\\/www.etrix.ch\\\/fr\\\/services\\\/service\\\/#breadcrumb\",\"itemListElement\":[{\"@type\":\"ListItem\",\"position\":1,\"name\":\"Accueil\",\"item\":\"https:\\\/\\\/www.etrix.ch\\\/fr\\\/\"},{\"@type\":\"ListItem\",\"position\":2,\"name\":\"Services\",\"item\":\"https:\\\/\\\/www.etrix.ch\\\/fr\\\/services\\\/\"},{\"@type\":\"ListItem\",\"position\":3,\"name\":\"Service et entretien\"}]},{\"@type\":\"WebSite\",\"@id\":\"https:\\\/\\\/www.etrix.ch\\\/fr\\\/#website\",\"url\":\"https:\\\/\\\/www.etrix.ch\\\/fr\\\/\",\"name\":\"ETRIX Elektroroller\",\"description\":\"E-Motos\",\"publisher\":{\"@id\":\"https:\\\/\\\/www.etrix.ch\\\/fr\\\/#organization\"},\"potentialAction\":[{\"@type\":\"SearchAction\",\"target\":{\"@type\":\"EntryPoint\",\"urlTemplate\":\"https:\\\/\\\/www.etrix.ch\\\/fr\\\/?s={search_term_string}\"},\"query-input\":{\"@type\":\"PropertyValueSpecification\",\"valueRequired\":true,\"valueName\":\"search_term_string\"}}],\"inLanguage\":\"fr-FR\"},{\"@type\":[\"Organization\",\"Place\",\"MotorcycleDealer\"],\"@id\":\"https:\\\/\\\/www.etrix.ch\\\/fr\\\/#organization\",\"name\":\"ETRIX E-Motos\",\"url\":\"https:\\\/\\\/www.etrix.ch\\\/fr\\\/\",\"logo\":{\"@id\":\"https:\\\/\\\/www.etrix.ch\\\/fr\\\/services\\\/service\\\/#local-main-organization-logo\"},\"image\":{\"@id\":\"https:\\\/\\\/www.etrix.ch\\\/fr\\\/services\\\/service\\\/#local-main-organization-logo\"},\"sameAs\":[\"https:\\\/\\\/m.facebook.com\\\/etrix.emotos\\\/\",\"https:\\\/\\\/x.com\\\/etrixag\",\"https:\\\/\\\/www.instagram.com\\\/etrix_emotos\\\/p\\\/BtVW6bXHtNv\\\/\",\"https:\\\/\\\/www.linkedin.com\\\/company\\\/etrix-ag\",\"https:\\\/\\\/www.youtube.com\\\/channel\\\/UCSd-hJdu5u8xPUEY60jexOw\"],\"address\":{\"@id\":\"https:\\\/\\\/www.etrix.ch\\\/fr\\\/services\\\/service\\\/#local-main-place-address\"},\"geo\":{\"@type\":\"GeoCoordinates\",\"latitude\":\"47.43839497999372\",\"longitude\":\"8.465227605227366\"},\"telephone\":[\"043 931 00 45\"],\"openingHoursSpecification\":[{\"@type\":\"OpeningHoursSpecification\",\"dayOfWeek\":[\"Monday\",\"Sunday\"],\"opens\":\"00:00\",\"closes\":\"00:00\"},{\"@type\":\"OpeningHoursSpecification\",\"dayOfWeek\":[\"Tuesday\",\"Wednesday\",\"Thursday\",\"Friday\"],\"opens\":\"10:00\",\"closes\":\"18:00\"},{\"@type\":\"OpeningHoursSpecification\",\"dayOfWeek\":[\"Saturday\"],\"opens\":\"10:00\",\"closes\":\"15:00\"}]},{\"@type\":\"PostalAddress\",\"@id\":\"https:\\\/\\\/www.etrix.ch\\\/fr\\\/services\\\/service\\\/#local-main-place-address\",\"streetAddress\":\"Riedthofstrasse 122\",\"addressLocality\":\"Regensdorf\",\"postalCode\":\"8105\",\"addressRegion\":\"Z\u00fcrich\",\"addressCountry\":\"CH\"},{\"@type\":\"ImageObject\",\"inLanguage\":\"fr-FR\",\"@id\":\"https:\\\/\\\/www.etrix.ch\\\/fr\\\/services\\\/service\\\/#local-main-organization-logo\",\"url\":\"https:\\\/\\\/www.etrix.ch\\\/media\\\/2021\\\/05\\\/ETRIX-logo.png\",\"contentUrl\":\"https:\\\/\\\/www.etrix.ch\\\/media\\\/2021\\\/05\\\/ETRIX-logo.png\",\"width\":470,\"height\":85,\"caption\":\"ETRIX E-Motos\"}]}<\/script>\n<meta name=\"geo.placename\" content=\"Regensdorf\" \/>\n<meta name=\"geo.position\" content=\"47.43839497999372;8.465227605227366\" \/>\n<meta name=\"geo.region\" content=\"Suisse\" \/>\n<!-- \/ Yoast SEO Premium plugin. -->","yoast_head_json":{"title":"Service et entretien - ETRIX Elektroroller","description":"Service et maintenance Nous formons des techniciens de service sur nos scooters \u00e9lectriques avant de les envoyer \u00e0 des clients dans toute la Suisse.","robots":{"index":"index","follow":"follow","max-snippet":"max-snippet:-1","max-image-preview":"max-image-preview:large","max-video-preview":"max-video-preview:-1"},"canonical":"https:\/\/www.etrix.ch\/fr\/services\/service\/","og_locale":"fr_FR","og_type":"article","og_title":"Service et entretien","og_description":"Service et maintenance Nous formons des techniciens de service sur nos scooters \u00e9lectriques avant de les envoyer \u00e0 des clients dans toute la Suisse.","og_url":"https:\/\/www.etrix.ch\/fr\/services\/service\/","og_site_name":"ETRIX Elektroroller","article_publisher":"https:\/\/m.facebook.com\/etrix.emotos\/","article_modified_time":"2024-05-15T17:47:00+00:00","og_image":[{"width":1500,"height":1125,"url":"https:\/\/www.etrix.ch\/media\/2022\/02\/Etrix_Werkstatt.jpeg","type":"image\/jpeg"}],"twitter_card":"summary_large_image","twitter_site":"@etrixag","twitter_misc":{"Dur\u00e9e de lecture estim\u00e9e":"2 minutes"},"schema":{"@context":"https:\/\/schema.org","@graph":[{"@type":"WebPage","@id":"https:\/\/www.etrix.ch\/fr\/services\/service\/","url":"https:\/\/www.etrix.ch\/fr\/services\/service\/","name":"Service et entretien - ETRIX Elektroroller","isPartOf":{"@id":"https:\/\/www.etrix.ch\/fr\/#website"},"primaryImageOfPage":{"@id":"https:\/\/www.etrix.ch\/fr\/services\/service\/#primaryimage"},"image":{"@id":"https:\/\/www.etrix.ch\/fr\/services\/service\/#primaryimage"},"thumbnailUrl":"https:\/\/www.etrix.ch\/media\/2022\/02\/Etrix_Werkstatt.jpeg","datePublished":"2021-05-22T23:33:41+00:00","dateModified":"2024-05-15T17:47:00+00:00","description":"Service et maintenance Nous formons des techniciens de service sur nos scooters \u00e9lectriques avant de les envoyer \u00e0 des clients dans toute la Suisse.","breadcrumb":{"@id":"https:\/\/www.etrix.ch\/fr\/services\/service\/#breadcrumb"},"inLanguage":"fr-FR","potentialAction":[{"@type":"ReadAction","target":["https:\/\/www.etrix.ch\/fr\/services\/service\/"]}]},{"@type":"ImageObject","inLanguage":"fr-FR","@id":"https:\/\/www.etrix.ch\/fr\/services\/service\/#primaryimage","url":"https:\/\/www.etrix.ch\/media\/2022\/02\/Etrix_Werkstatt.jpeg","contentUrl":"https:\/\/www.etrix.ch\/media\/2022\/02\/Etrix_Werkstatt.jpeg","width":1500,"height":1125},{"@type":"BreadcrumbList","@id":"https:\/\/www.etrix.ch\/fr\/services\/service\/#breadcrumb","itemListElement":[{"@type":"ListItem","position":1,"name":"Accueil","item":"https:\/\/www.etrix.ch\/fr\/"},{"@type":"ListItem","position":2,"name":"Services","item":"https:\/\/www.etrix.ch\/fr\/services\/"},{"@type":"ListItem","position":3,"name":"Service et entretien"}]},{"@type":"WebSite","@id":"https:\/\/www.etrix.ch\/fr\/#website","url":"https:\/\/www.etrix.ch\/fr\/","name":"ETRIX Elektroroller","description":"E-Motos","publisher":{"@id":"https:\/\/www.etrix.ch\/fr\/#organization"},"potentialAction":[{"@type":"SearchAction","target":{"@type":"EntryPoint","urlTemplate":"https:\/\/www.etrix.ch\/fr\/?s={search_term_string}"},"query-input":{"@type":"PropertyValueSpecification","valueRequired":true,"valueName":"search_term_string"}}],"inLanguage":"fr-FR"},{"@type":["Organization","Place","MotorcycleDealer"],"@id":"https:\/\/www.etrix.ch\/fr\/#organization","name":"ETRIX E-Motos","url":"https:\/\/www.etrix.ch\/fr\/","logo":{"@id":"https:\/\/www.etrix.ch\/fr\/services\/service\/#local-main-organization-logo"},"image":{"@id":"https:\/\/www.etrix.ch\/fr\/services\/service\/#local-main-organization-logo"},"sameAs":["https:\/\/m.facebook.com\/etrix.emotos\/","https:\/\/x.com\/etrixag","https:\/\/www.instagram.com\/etrix_emotos\/p\/BtVW6bXHtNv\/","https:\/\/www.linkedin.com\/company\/etrix-ag","https:\/\/www.youtube.com\/channel\/UCSd-hJdu5u8xPUEY60jexOw"],"address":{"@id":"https:\/\/www.etrix.ch\/fr\/services\/service\/#local-main-place-address"},"geo":{"@type":"GeoCoordinates","latitude":"47.43839497999372","longitude":"8.465227605227366"},"telephone":["043 931 00 45"],"openingHoursSpecification":[{"@type":"OpeningHoursSpecification","dayOfWeek":["Monday","Sunday"],"opens":"00:00","closes":"00:00"},{"@type":"OpeningHoursSpecification","dayOfWeek":["Tuesday","Wednesday","Thursday","Friday"],"opens":"10:00","closes":"18:00"},{"@type":"OpeningHoursSpecification","dayOfWeek":["Saturday"],"opens":"10:00","closes":"15:00"}]},{"@type":"PostalAddress","@id":"https:\/\/www.etrix.ch\/fr\/services\/service\/#local-main-place-address","streetAddress":"Riedthofstrasse 122","addressLocality":"Regensdorf","postalCode":"8105","addressRegion":"Z\u00fcrich","addressCountry":"CH"},{"@type":"ImageObject","inLanguage":"fr-FR","@id":"https:\/\/www.etrix.ch\/fr\/services\/service\/#local-main-organization-logo","url":"https:\/\/www.etrix.ch\/media\/2021\/05\/ETRIX-logo.png","contentUrl":"https:\/\/www.etrix.ch\/media\/2021\/05\/ETRIX-logo.png","width":470,"height":85,"caption":"ETRIX E-Motos"}]},"geo.placename":"Regensdorf","geo.position":{"lat":"47.43839497999372","long":"8.465227605227366"},"geo.region":"Suisse"},"_links":{"self":[{"href":"https:\/\/www.etrix.ch\/fr\/wp-json\/wp\/v2\/pages\/10006","targetHints":{"allow":["GET"]}}],"collection":[{"href":"https:\/\/www.etrix.ch\/fr\/wp-json\/wp\/v2\/pages"}],"about":[{"href":"https:\/\/www.etrix.ch\/fr\/wp-json\/wp\/v2\/types\/page"}],"author":[{"embeddable":true,"href":"https:\/\/www.etrix.ch\/fr\/wp-json\/wp\/v2\/users\/1"}],"replies":[{"embeddable":true,"href":"https:\/\/www.etrix.ch\/fr\/wp-json\/wp\/v2\/comments?post=10006"}],"version-history":[{"count":0,"href":"https:\/\/www.etrix.ch\/fr\/wp-json\/wp\/v2\/pages\/10006\/revisions"}],"up":[{"embeddable":true,"href":"https:\/\/www.etrix.ch\/fr\/wp-json\/wp\/v2\/pages\/10309"}],"wp:featuredmedia":[{"embeddable":true,"href":"https:\/\/www.etrix.ch\/fr\/wp-json\/wp\/v2\/media\/7612"}],"wp:attachment":[{"href":"https:\/\/www.etrix.ch\/fr\/wp-json\/wp\/v2\/media?parent=10006"}],"curies":[{"name":"wp","href":"https:\/\/api.w.org\/{rel}","templated":true}]}}