{"id":10196,"date":"2020-04-16T16:59:46","date_gmt":"2020-04-16T14:59:46","guid":{"rendered":"https:\/\/www.etrix.ch\/enviado-advertising-boards-printed\/"},"modified":"2025-01-10T19:59:48","modified_gmt":"2025-01-10T18:59:48","slug":"enviado-advertising-boards-printed-for-bright-motifs","status":"publish","type":"product","link":"https:\/\/www.etrix.ch\/en\/product\/enviado-advertising-boards-printed-for-bright-motifs\/","title":{"rendered":"enviado billboards \u2013 printed for bright motifs"},"content":{"rendered":"<div id=\"details-1763\" class=\"tab-pane active overflow-auto\" role=\"tabpanel\">\n<div class=\"my-4\">\n<p>Mit den Werbetafeln von Enviado haben Sie die M\u00f6glichkeit, w\u00e4hrend der Auslieferung f\u00fcr Ihr Unternehmen zu werben. Das Paket enth\u00e4lt vier starke PVC-Schaumplatten (Seiten, oben, hinten) mit einer St\u00e4rke von 2 mm, die sich besonders f\u00fcr helle Motive eignen. Wir bedrucken die Tafeln ganz nach Ihren W\u00fcnschen.<\/p>\n<\/div>\n<\/div>\n<p><\/p>\n<!-- \/wp:post-content -->","protected":false},"excerpt":{"rendered":"<p>Billboards with your advertising logos consisting of four strong PVC foam sheets<\/p>\n","protected":false},"featured_media":30196,"template":"","meta":{"_acf_changed":false},"product_brand":[],"product_cat":[552,642,567,645],"product_tag":[1409],"class_list":{"0":"post-10196","1":"product","2":"type-product","3":"status-publish","4":"has-post-thumbnail","6":"product_cat-accessories","7":"product_cat-delivery-accessories","8":"product_cat-e-bike-en","9":"product_cat-enviado-accessories","10":"product_tag-delivery-accessories","11":"pa_marke-enviado-en","12":"sales-flash-overlay","13":"woocommerce-text-align-left","14":"woocommerce-image-align-center","15":"do-quantity-buttons","17":"first","18":"instock","19":"taxable","20":"shipping-taxable","21":"purchasable","22":"product-type-simple"},"acf":[],"yoast_head":"<!-- This site is optimized with the Yoast SEO Premium plugin v26.9 (Yoast SEO v27.4) - https:\/\/yoast.com\/product\/yoast-seo-premium-wordpress\/ -->\n<title>enviado billboards \u2013 printed for bright motifs - Delivery roller Delivery ETRIX Elektroroller<\/title>\n<meta name=\"description\" content=\"The billboard offers you the opportunity to advertise your company during delivery. The package consists of four billboards\" \/>\n<meta name=\"robots\" content=\"index, follow, max-snippet:-1, max-image-preview:large, max-video-preview:-1\" \/>\n<link rel=\"canonical\" href=\"https:\/\/www.etrix.ch\/en\/product\/enviado-advertising-boards-printed-for-bright-motifs\/\" \/>\n<meta property=\"og:locale\" content=\"en_US\" \/>\n<meta property=\"og:type\" content=\"article\" \/>\n<meta property=\"og:title\" content=\"enviado billboards \u2013 printed for bright motifs\" \/>\n<meta property=\"og:description\" content=\"The billboard offers you the opportunity to advertise your company during delivery. The package consists of four billboards\" \/>\n<meta property=\"og:url\" content=\"https:\/\/www.etrix.ch\/en\/product\/enviado-advertising-boards-printed-for-bright-motifs\/\" \/>\n<meta property=\"og:site_name\" content=\"ETRIX Elektroroller\" \/>\n<meta property=\"article:publisher\" content=\"https:\/\/m.facebook.com\/etrix.emotos\/\" \/>\n<meta property=\"article:modified_time\" content=\"2025-01-10T18:59:48+00:00\" \/>\n<meta property=\"og:image\" content=\"https:\/\/www.etrix.ch\/media\/2020\/04\/enviado-Thermobox-Werbetafel_bedruckt_hell.jpg\" \/>\n\t<meta property=\"og:image:width\" content=\"960\" \/>\n\t<meta property=\"og:image:height\" content=\"960\" \/>\n\t<meta property=\"og:image:type\" content=\"image\/jpeg\" \/>\n<meta name=\"twitter:card\" content=\"summary_large_image\" \/>\n<meta name=\"twitter:site\" content=\"@etrixag\" \/>\n<meta name=\"twitter:label1\" content=\"Price\" \/>\n\t<meta name=\"twitter:data1\" content=\"&#067;&#072;&#070;&nbsp;245.00 incl. tax\" \/>\n\t<meta name=\"twitter:label2\" content=\"Availability\" \/>\n\t<meta name=\"twitter:data2\" content=\"In stock\" \/>\n<script type=\"application\/ld+json\" class=\"yoast-schema-graph\">{\"@context\":\"https:\\\/\\\/schema.org\",\"@graph\":[{\"@type\":\"WebPage\",\"@id\":\"https:\\\/\\\/www.etrix.ch\\\/en\\\/product\\\/enviado-advertising-boards-printed-for-bright-motifs\\\/\",\"url\":\"https:\\\/\\\/www.etrix.ch\\\/en\\\/product\\\/enviado-advertising-boards-printed-for-bright-motifs\\\/\",\"name\":\"enviado billboards \u2013 printed for bright motifs - Delivery roller Delivery ETRIX Elektroroller\",\"isPartOf\":{\"@id\":\"https:\\\/\\\/www.etrix.ch\\\/en\\\/#website\"},\"primaryImageOfPage\":{\"@id\":\"https:\\\/\\\/www.etrix.ch\\\/en\\\/product\\\/enviado-advertising-boards-printed-for-bright-motifs\\\/#primaryimage\"},\"image\":{\"@id\":\"https:\\\/\\\/www.etrix.ch\\\/en\\\/product\\\/enviado-advertising-boards-printed-for-bright-motifs\\\/#primaryimage\"},\"thumbnailUrl\":\"https:\\\/\\\/www.etrix.ch\\\/media\\\/2020\\\/04\\\/enviado-Thermobox-Werbetafel_bedruckt_hell.jpg\",\"datePublished\":\"2020-04-16T14:59:46+00:00\",\"dateModified\":\"2025-01-10T18:59:48+00:00\",\"description\":\"The billboard offers you the opportunity to advertise your company during delivery. The package consists of four billboards\",\"breadcrumb\":{\"@id\":\"https:\\\/\\\/www.etrix.ch\\\/en\\\/product\\\/enviado-advertising-boards-printed-for-bright-motifs\\\/#breadcrumb\"},\"inLanguage\":\"en-US\",\"potentialAction\":[{\"@type\":\"ReadAction\",\"target\":[\"https:\\\/\\\/www.etrix.ch\\\/en\\\/product\\\/enviado-advertising-boards-printed-for-bright-motifs\\\/\"]}]},{\"@type\":\"ImageObject\",\"inLanguage\":\"en-US\",\"@id\":\"https:\\\/\\\/www.etrix.ch\\\/en\\\/product\\\/enviado-advertising-boards-printed-for-bright-motifs\\\/#primaryimage\",\"url\":\"https:\\\/\\\/www.etrix.ch\\\/media\\\/2020\\\/04\\\/enviado-Thermobox-Werbetafel_bedruckt_hell.jpg\",\"contentUrl\":\"https:\\\/\\\/www.etrix.ch\\\/media\\\/2020\\\/04\\\/enviado-Thermobox-Werbetafel_bedruckt_hell.jpg\",\"width\":960,\"height\":960,\"caption\":\"Enviado Thermobox Advertising Board Printed Light\"},{\"@type\":\"BreadcrumbList\",\"@id\":\"https:\\\/\\\/www.etrix.ch\\\/en\\\/product\\\/enviado-advertising-boards-printed-for-bright-motifs\\\/#breadcrumb\",\"itemListElement\":[{\"@type\":\"ListItem\",\"position\":1,\"name\":\"Home\",\"item\":\"https:\\\/\\\/www.etrix.ch\\\/en\\\/homepage\\\/\"},{\"@type\":\"ListItem\",\"position\":2,\"name\":\"Store\",\"item\":\"https:\\\/\\\/www.etrix.ch\\\/en\\\/store\\\/\"},{\"@type\":\"ListItem\",\"position\":3,\"name\":\"enviado billboards \u2013 printed for bright motifs\"}]},{\"@type\":\"WebSite\",\"@id\":\"https:\\\/\\\/www.etrix.ch\\\/en\\\/#website\",\"url\":\"https:\\\/\\\/www.etrix.ch\\\/en\\\/\",\"name\":\"ETRIX Elektroroller\",\"description\":\"E-Motos\",\"publisher\":{\"@id\":\"https:\\\/\\\/www.etrix.ch\\\/en\\\/#organization\"},\"potentialAction\":[{\"@type\":\"SearchAction\",\"target\":{\"@type\":\"EntryPoint\",\"urlTemplate\":\"https:\\\/\\\/www.etrix.ch\\\/en\\\/?s={search_term_string}\"},\"query-input\":{\"@type\":\"PropertyValueSpecification\",\"valueRequired\":true,\"valueName\":\"search_term_string\"}}],\"inLanguage\":\"en-US\"},{\"@type\":[\"Organization\",\"Place\",\"MotorcycleDealer\"],\"@id\":\"https:\\\/\\\/www.etrix.ch\\\/en\\\/#organization\",\"name\":\"ETRIX E-Motos\",\"url\":\"https:\\\/\\\/www.etrix.ch\\\/en\\\/\",\"logo\":{\"@id\":\"https:\\\/\\\/www.etrix.ch\\\/en\\\/product\\\/enviado-advertising-boards-printed-for-bright-motifs\\\/#local-main-organization-logo\"},\"image\":{\"@id\":\"https:\\\/\\\/www.etrix.ch\\\/en\\\/product\\\/enviado-advertising-boards-printed-for-bright-motifs\\\/#local-main-organization-logo\"},\"sameAs\":[\"https:\\\/\\\/m.facebook.com\\\/etrix.emotos\\\/\",\"https:\\\/\\\/x.com\\\/etrixag\",\"https:\\\/\\\/www.instagram.com\\\/etrix_emotos\\\/p\\\/BtVW6bXHtNv\\\/\",\"https:\\\/\\\/www.linkedin.com\\\/company\\\/etrix-ag\",\"https:\\\/\\\/www.youtube.com\\\/channel\\\/UCSd-hJdu5u8xPUEY60jexOw\"],\"address\":{\"@id\":\"https:\\\/\\\/www.etrix.ch\\\/en\\\/product\\\/enviado-advertising-boards-printed-for-bright-motifs\\\/#local-main-place-address\"},\"geo\":{\"@type\":\"GeoCoordinates\",\"latitude\":\"47.43839497999372\",\"longitude\":\"8.465227605227366\"},\"telephone\":[\"043 931 00 45\"],\"openingHoursSpecification\":[{\"@type\":\"OpeningHoursSpecification\",\"dayOfWeek\":[\"Monday\",\"Sunday\"],\"opens\":\"00:00\",\"closes\":\"00:00\"},{\"@type\":\"OpeningHoursSpecification\",\"dayOfWeek\":[\"Tuesday\",\"Wednesday\",\"Thursday\",\"Friday\"],\"opens\":\"10:00\",\"closes\":\"18:00\"},{\"@type\":\"OpeningHoursSpecification\",\"dayOfWeek\":[\"Saturday\"],\"opens\":\"10:00\",\"closes\":\"15:00\"}]},{\"@type\":\"PostalAddress\",\"@id\":\"https:\\\/\\\/www.etrix.ch\\\/en\\\/product\\\/enviado-advertising-boards-printed-for-bright-motifs\\\/#local-main-place-address\",\"streetAddress\":\"Riedthofstrasse 122\",\"addressLocality\":\"Regensdorf\",\"postalCode\":\"8105\",\"addressRegion\":\"Z\u00fcrich\",\"addressCountry\":\"CH\"},{\"@type\":\"ImageObject\",\"inLanguage\":\"en-US\",\"@id\":\"https:\\\/\\\/www.etrix.ch\\\/en\\\/product\\\/enviado-advertising-boards-printed-for-bright-motifs\\\/#local-main-organization-logo\",\"url\":\"https:\\\/\\\/www.etrix.ch\\\/media\\\/2021\\\/05\\\/ETRIX-logo.png\",\"contentUrl\":\"https:\\\/\\\/www.etrix.ch\\\/media\\\/2021\\\/05\\\/ETRIX-logo.png\",\"width\":470,\"height\":85,\"caption\":\"ETRIX E-Motos\"}]}<\/script>\n<meta property=\"product:brand\" content=\"Enviado\" \/>\n<meta property=\"product:price:amount\" content=\"245.00\" \/>\n<meta property=\"product:price:currency\" content=\"CHF\" \/>\n<meta property=\"og:availability\" content=\"instock\" \/>\n<meta property=\"product:availability\" content=\"instock\" \/>\n<meta property=\"product:retailer_item_id\" content=\"AC600155 bedruckt\" \/>\n<meta property=\"product:condition\" content=\"new\" \/>\n<meta name=\"geo.placename\" content=\"Regensdorf\" \/>\n<meta name=\"geo.position\" content=\"47.43839497999372;8.465227605227366\" \/>\n<meta name=\"geo.region\" content=\"Switzerland\" \/>\n<!-- \/ Yoast SEO Premium plugin. -->","yoast_head_json":{"title":"enviado billboards \u2013 printed for bright motifs - Delivery roller Delivery ETRIX Elektroroller","description":"The billboard offers you the opportunity to advertise your company during delivery. The package consists of four billboards","robots":{"index":"index","follow":"follow","max-snippet":"max-snippet:-1","max-image-preview":"max-image-preview:large","max-video-preview":"max-video-preview:-1"},"canonical":"https:\/\/www.etrix.ch\/en\/product\/enviado-advertising-boards-printed-for-bright-motifs\/","og_locale":"en_US","og_type":"article","og_title":"enviado billboards \u2013 printed for bright motifs","og_description":"The billboard offers you the opportunity to advertise your company during delivery. The package consists of four billboards","og_url":"https:\/\/www.etrix.ch\/en\/product\/enviado-advertising-boards-printed-for-bright-motifs\/","og_site_name":"ETRIX Elektroroller","article_publisher":"https:\/\/m.facebook.com\/etrix.emotos\/","article_modified_time":"2025-01-10T18:59:48+00:00","og_image":[{"width":960,"height":960,"url":"https:\/\/www.etrix.ch\/media\/2020\/04\/enviado-Thermobox-Werbetafel_bedruckt_hell.jpg","type":"image\/jpeg"}],"twitter_card":"summary_large_image","twitter_site":"@etrixag","twitter_misc":{"Price":"&#67;&#72;&#70;&nbsp;245.00 incl. tax","Availability":"In stock"},"schema":{"@context":"https:\/\/schema.org","@graph":[{"@type":"WebPage","@id":"https:\/\/www.etrix.ch\/en\/product\/enviado-advertising-boards-printed-for-bright-motifs\/","url":"https:\/\/www.etrix.ch\/en\/product\/enviado-advertising-boards-printed-for-bright-motifs\/","name":"enviado billboards \u2013 printed for bright motifs - Delivery roller Delivery ETRIX Elektroroller","isPartOf":{"@id":"https:\/\/www.etrix.ch\/en\/#website"},"primaryImageOfPage":{"@id":"https:\/\/www.etrix.ch\/en\/product\/enviado-advertising-boards-printed-for-bright-motifs\/#primaryimage"},"image":{"@id":"https:\/\/www.etrix.ch\/en\/product\/enviado-advertising-boards-printed-for-bright-motifs\/#primaryimage"},"thumbnailUrl":"https:\/\/www.etrix.ch\/media\/2020\/04\/enviado-Thermobox-Werbetafel_bedruckt_hell.jpg","datePublished":"2020-04-16T14:59:46+00:00","dateModified":"2025-01-10T18:59:48+00:00","description":"The billboard offers you the opportunity to advertise your company during delivery. The package consists of four billboards","breadcrumb":{"@id":"https:\/\/www.etrix.ch\/en\/product\/enviado-advertising-boards-printed-for-bright-motifs\/#breadcrumb"},"inLanguage":"en-US","potentialAction":[{"@type":"ReadAction","target":["https:\/\/www.etrix.ch\/en\/product\/enviado-advertising-boards-printed-for-bright-motifs\/"]}]},{"@type":"ImageObject","inLanguage":"en-US","@id":"https:\/\/www.etrix.ch\/en\/product\/enviado-advertising-boards-printed-for-bright-motifs\/#primaryimage","url":"https:\/\/www.etrix.ch\/media\/2020\/04\/enviado-Thermobox-Werbetafel_bedruckt_hell.jpg","contentUrl":"https:\/\/www.etrix.ch\/media\/2020\/04\/enviado-Thermobox-Werbetafel_bedruckt_hell.jpg","width":960,"height":960,"caption":"Enviado Thermobox Advertising Board Printed Light"},{"@type":"BreadcrumbList","@id":"https:\/\/www.etrix.ch\/en\/product\/enviado-advertising-boards-printed-for-bright-motifs\/#breadcrumb","itemListElement":[{"@type":"ListItem","position":1,"name":"Home","item":"https:\/\/www.etrix.ch\/en\/homepage\/"},{"@type":"ListItem","position":2,"name":"Store","item":"https:\/\/www.etrix.ch\/en\/store\/"},{"@type":"ListItem","position":3,"name":"enviado billboards \u2013 printed for bright motifs"}]},{"@type":"WebSite","@id":"https:\/\/www.etrix.ch\/en\/#website","url":"https:\/\/www.etrix.ch\/en\/","name":"ETRIX Elektroroller","description":"E-Motos","publisher":{"@id":"https:\/\/www.etrix.ch\/en\/#organization"},"potentialAction":[{"@type":"SearchAction","target":{"@type":"EntryPoint","urlTemplate":"https:\/\/www.etrix.ch\/en\/?s={search_term_string}"},"query-input":{"@type":"PropertyValueSpecification","valueRequired":true,"valueName":"search_term_string"}}],"inLanguage":"en-US"},{"@type":["Organization","Place","MotorcycleDealer"],"@id":"https:\/\/www.etrix.ch\/en\/#organization","name":"ETRIX E-Motos","url":"https:\/\/www.etrix.ch\/en\/","logo":{"@id":"https:\/\/www.etrix.ch\/en\/product\/enviado-advertising-boards-printed-for-bright-motifs\/#local-main-organization-logo"},"image":{"@id":"https:\/\/www.etrix.ch\/en\/product\/enviado-advertising-boards-printed-for-bright-motifs\/#local-main-organization-logo"},"sameAs":["https:\/\/m.facebook.com\/etrix.emotos\/","https:\/\/x.com\/etrixag","https:\/\/www.instagram.com\/etrix_emotos\/p\/BtVW6bXHtNv\/","https:\/\/www.linkedin.com\/company\/etrix-ag","https:\/\/www.youtube.com\/channel\/UCSd-hJdu5u8xPUEY60jexOw"],"address":{"@id":"https:\/\/www.etrix.ch\/en\/product\/enviado-advertising-boards-printed-for-bright-motifs\/#local-main-place-address"},"geo":{"@type":"GeoCoordinates","latitude":"47.43839497999372","longitude":"8.465227605227366"},"telephone":["043 931 00 45"],"openingHoursSpecification":[{"@type":"OpeningHoursSpecification","dayOfWeek":["Monday","Sunday"],"opens":"00:00","closes":"00:00"},{"@type":"OpeningHoursSpecification","dayOfWeek":["Tuesday","Wednesday","Thursday","Friday"],"opens":"10:00","closes":"18:00"},{"@type":"OpeningHoursSpecification","dayOfWeek":["Saturday"],"opens":"10:00","closes":"15:00"}]},{"@type":"PostalAddress","@id":"https:\/\/www.etrix.ch\/en\/product\/enviado-advertising-boards-printed-for-bright-motifs\/#local-main-place-address","streetAddress":"Riedthofstrasse 122","addressLocality":"Regensdorf","postalCode":"8105","addressRegion":"Z\u00fcrich","addressCountry":"CH"},{"@type":"ImageObject","inLanguage":"en-US","@id":"https:\/\/www.etrix.ch\/en\/product\/enviado-advertising-boards-printed-for-bright-motifs\/#local-main-organization-logo","url":"https:\/\/www.etrix.ch\/media\/2021\/05\/ETRIX-logo.png","contentUrl":"https:\/\/www.etrix.ch\/media\/2021\/05\/ETRIX-logo.png","width":470,"height":85,"caption":"ETRIX E-Motos"}]},"product_brand":"Enviado","product_price_amount":"245.00","product_price_currency":"CHF","og_availability":"instock","product_availability":"instock","product_retailer_item_id":"AC600155 bedruckt","product_condition":"new","geo.placename":"Regensdorf","geo.position":{"lat":"47.43839497999372","long":"8.465227605227366"},"geo.region":"Switzerland"},"_links":{"self":[{"href":"https:\/\/www.etrix.ch\/en\/wp-json\/wp\/v2\/product\/10196","targetHints":{"allow":["GET"]}}],"collection":[{"href":"https:\/\/www.etrix.ch\/en\/wp-json\/wp\/v2\/product"}],"about":[{"href":"https:\/\/www.etrix.ch\/en\/wp-json\/wp\/v2\/types\/product"}],"wp:featuredmedia":[{"embeddable":true,"href":"https:\/\/www.etrix.ch\/en\/wp-json\/wp\/v2\/media\/30196"}],"wp:attachment":[{"href":"https:\/\/www.etrix.ch\/en\/wp-json\/wp\/v2\/media?parent=10196"}],"wp:term":[{"taxonomy":"product_brand","embeddable":true,"href":"https:\/\/www.etrix.ch\/en\/wp-json\/wp\/v2\/product_brand?post=10196"},{"taxonomy":"product_cat","embeddable":true,"href":"https:\/\/www.etrix.ch\/en\/wp-json\/wp\/v2\/product_cat?post=10196"},{"taxonomy":"product_tag","embeddable":true,"href":"https:\/\/www.etrix.ch\/en\/wp-json\/wp\/v2\/product_tag?post=10196"}],"curies":[{"name":"wp","href":"https:\/\/api.w.org\/{rel}","templated":true}]}}